{"id":2,"date":"2019-11-04T07:53:00","date_gmt":"2019-11-04T04:53:00","guid":{"rendered":"https:\/\/sakipsabancimuzesi.org\/shop\/?page_id=2"},"modified":"2019-11-04T16:03:27","modified_gmt":"2019-11-04T13:03:27","slug":"cerez-politikasi","status":"publish","type":"page","link":"https:\/\/sakipsabancimuzesi.org\/shop\/cerez-politikasi\/","title":{"rendered":"\u00c7erez Politikas\u0131"},"content":{"rendered":"\n<p>\u0130\u015fbu \u00c7erez Politikas\u0131, Sabanc\u0131 \u00dcniversitesi\u2019ne ait t\u00fcm web siteleri i\u00e7in ge\u00e7erlidir.<\/p>\n\n\n\n<p><strong>\u00c7erezler nedir?<\/strong><\/p>\n\n\n\n<p>\u00c7erezler, bir web sitesini ziyaret etti\u011finizde, \ntaray\u0131c\u0131n\u0131za g\u00f6nderilen ve bilgisayar, tablet, mobil cihaz vb. \ncihazlar\u0131n\u0131zda depolanan, ufak boyutlarda bilgiler i\u00e7eren metin \ndosyalar\u0131d\u0131r. \u00c7erezler, bu bilgileri tekrar kaynak web sitesine veya \n\u00e7erezleri \u201ctan\u0131yan\u201d bir ba\u015fka web sitesine g\u00f6nderirler.<\/p>\n\n\n\n<p><strong>Neden \u00e7erezleri kullan\u0131yoruz?<\/strong><\/p>\n\n\n\n<p>Web sitelerimizi ziyaretiniz esnas\u0131nda kullan\u0131c\u0131 \ndeneyiminizi en \u00fcst seviyeye \u00e7ekmek, tercihlerinize en uygun \nki\u015fiselle\u015ftirilmi\u015f i\u00e7erikleri size sunmak, kendi performans\u0131m\u0131z\u0131 takip \netmek, web sitemizi ziyaretiniz esnas\u0131nda g\u00fcvenli\u011finizi ve gizlili\u011fi \nsa\u011flamak dahil ancak bunlarla s\u0131n\u0131rl\u0131 olmamak kayd\u0131yla, \u00e7e\u015fitli ama\u00e7lar \ni\u00e7in \u00e7erezleri kullan\u0131yoruz.<\/p>\n\n\n\n<p><strong>Sabanc\u0131 \u00dcniversitesi hangi \u00e7erezleri kullanmaktad\u0131r?<\/strong><\/p>\n\n\n\n<p>Sabanc\u0131 \u00dcniversitesi web sitesinde kullan\u0131lan \nhedefleme \u00e7erezleri, taray\u0131c\u0131 al\u0131\u015fkanl\u0131klar\u0131n\u0131zla ilgili bilgi toplar, \nbir web sitesini ziyaret etti\u011finizi hat\u0131rlar ve bu bilgiyi di\u011fer kurum \nve kurulu\u015flar ile payla\u015f\u0131r. Bu \u015fekilde, size ve ilgi alan\u0131za giren \ni\u00e7eriklerim size ula\u015fmas\u0131n\u0131 sa\u011flar. Her ne kadar bu \u00e7erezler sizin di\u011fer\n web sitelerine yapm\u0131\u015f oldu\u011funuz ziyaretleri takip edebilse de, toplanan\n veriler ile sizin profiliniz aras\u0131nda ba\u011flant\u0131 kurulmad\u0131\u011f\u0131ndan \ngenellikle sizin ger\u00e7ekte kim oldu\u011funuzu tespit edemezler. Bu \u00e7erezler \nolmadan, size ve ilgi alanlar\u0131n\u0131za giren daha az i\u00e7erikle \nkar\u015f\u0131la\u015f\u0131rs\u0131n\u0131z.<\/p>\n\n\n\n<p>Google Analytics, kullan\u0131c\u0131 davran\u0131\u015flar\u0131 veya \nsite performans\u0131n\u0131n takip edilmesi gibi konularda destek alabilmek i\u00e7in,\n Sabanc\u0131 \u00dcniversitesi, \u201cHedefleme \u00e7erezi\u201d olarak halihaz\u0131rda Google \nAdwords kullanmaktad\u0131r. Google Adwords ile ilgili daha fazla bilgi i\u00e7in <a href=\"https:\/\/www.google.com\/policies\/privacy\" target=\"_blank\" rel=\"noreferrer noopener\">https:\/\/www.google.com\/policies\/privacy <\/a>adresini ziyaret edebilirsiniz.<\/p>\n\n\n\n<p><strong>\u00c7erezleri nas\u0131l y\u00f6netebilir ve silebilirim?<\/strong><\/p>\n\n\n\n<p>Genellikle internet taray\u0131c\u0131lar\u0131, \u00e7erezlerin \nkullan\u0131m\u0131na do\u011frudan izin verilmi\u015f \u015fekilde ayarlanm\u0131\u015ft\u0131r. \u0130nternet \ntaray\u0131c\u0131n\u0131z\u0131n ayarlar\u0131 \u00fczerinden \u00e7erezleri s\u0131n\u0131rlayabilir, \nengelleyebilir, silebilir veya cihaz\u0131n\u0131za \u00e7erez g\u00f6nderildi\u011finden uyar\u0131 \nalacak \u015fekilde ayarlayabilirsiniz. Farkl\u0131 internet taray\u0131c\u0131lar\u0131 i\u00e7in, \nfarkl\u0131 y\u00f6ntemler kullan\u0131lmas\u0131 gerekebilir, bu konuda detayl\u0131 bilgiyi \ninternet taray\u0131c\u0131n\u0131z\u0131n \u201cYard\u0131m\u201d b\u00f6l\u00fcm\u00fcnden \u00f6\u011frenebilirsiniz. Sabanc\u0131 \n\u00dcniversitesi\u2019ne ait web sitelerine farkl\u0131 cihazlar \u00fczerinden \neri\u015fiyorsan\u0131z, her bir cihaz i\u00e7in internet taray\u0131c\u0131n\u0131z\u0131n \u201c\u00e7erez \nayarlar\u0131n\u0131n\u201d tercihlerinize uygun olarak d\u00fczenlendi\u011finden emin olman\u0131z \ngerekmektedir. Bir veya daha fazla \u00e7erez kategorisi engellemeniz \nhalinde, mevcut \u00e7erezler ile bilgi toplamaya devam edebiliriz, ancak \nengellenen \u00e7erezlerin kullan\u0131m\u0131na derhal son verilecektir.<\/p>\n\n\n\n<p><strong>Kullan\u0131c\u0131 anla\u015fmas\u0131<\/strong><\/p>\n\n\n\n<p>Web sitemizi kullanmaya devam ederek, cihaz\u0131n\u0131za \n\u00e7erezlerin yerle\u015ftirilmesini kabul etmektesiniz. \u00c7erezlerin cihaz\u0131n\u0131za \nyerle\u015ftirilmesini istemiyorsan\u0131z, l\u00fctfen internet taray\u0131c\u0131n\u0131z\u0131n \nayarlar\u0131n\u0131 tercihlerinize g\u00f6re d\u00fczenleyin. \u00c7erezleri almamay\u0131 tercih \netmeniz halinde, Sabanc\u0131 \u00dcniversitesi web sitemizin t\u00fcm alanlar\u0131na ve \ni\u00e7eri\u011fine eri\u015febilece\u011finizi, web sitemizde sunulan t\u00fcm hizmetlerden \nyararlanabilece\u011finizi garanti etmez. \u00c7erezlerin kald\u0131r\u0131lmas\u0131 veya \nsilinmesi, kullan\u0131c\u0131 deneyiminizi olumsuz y\u00f6nde etkileyebilir. \u00c7erezler \nhakk\u0131nda daha fazla bilgi almak ve bizimle ileti\u015fime ge\u00e7mek i\u00e7in <a href=\"mailto:info@sabanciuniv.edu\">info@sabanciuniv.edu<\/a> adresine e-posta g\u00f6nderebilirsiniz.<\/p>\n","protected":false},"excerpt":{"rendered":"<p>\u0130\u015fbu \u00c7erez Politikas\u0131, Sabanc\u0131 \u00dcniversitesi\u2019ne ait t\u00fcm web siteleri i\u00e7in ge\u00e7erlidir. \u00c7erezler nedir? \u00c7erezler, bir web sitesini ziyaret etti\u011finizde, taray\u0131c\u0131n\u0131za g\u00f6nderilen ve bilgisayar, tablet, mobil cihaz vb. cihazlar\u0131n\u0131zda depolanan, ufak boyutlarda bilgiler i\u00e7eren metin dosyalar\u0131d\u0131r. \u00c7erezler, bu bilgileri tekrar kaynak web sitesine veya \u00e7erezleri \u201ctan\u0131yan\u201d bir ba\u015fka web sitesine g\u00f6nderirler. Neden \u00e7erezleri kullan\u0131yoruz? Web sitelerimizi [&#8230;]\n","protected":false},"author":1,"featured_media":0,"parent":0,"menu_order":0,"comment_status":"closed","ping_status":"closed","template":"","meta":{"_exactmetrics_skip_tracking":false,"_exactmetrics_sitenote_active":false,"_exactmetrics_sitenote_note":"","_exactmetrics_sitenote_category":0,"footnotes":""},"class_list":["post-2","page","type-page","status-publish","hentry"],"yoast_head":"<!-- This site is optimized with the Yoast SEO plugin v27.1.1 - https:\/\/yoast.com\/product\/yoast-seo-wordpress\/ -->\n<title>\u00c7erez Politikas\u0131 - SSM Shop<\/title>\n<meta name=\"robots\" content=\"index, follow, max-snippet:-1, max-image-preview:large, max-video-preview:-1\" \/>\n<link rel=\"canonical\" href=\"https:\/\/sakipsabancimuzesi.org\/shop\/cerez-politikasi\/\" \/>\n<meta property=\"og:locale\" content=\"tr_TR\" \/>\n<meta property=\"og:type\" content=\"article\" \/>\n<meta property=\"og:title\" content=\"\u00c7erez Politikas\u0131 - SSM Shop\" \/>\n<meta property=\"og:description\" content=\"\u0130\u015fbu \u00c7erez Politikas\u0131, Sabanc\u0131 \u00dcniversitesi\u2019ne ait t\u00fcm web siteleri i\u00e7in ge\u00e7erlidir. \u00c7erezler nedir? \u00c7erezler, bir web sitesini ziyaret etti\u011finizde, taray\u0131c\u0131n\u0131za g\u00f6nderilen ve bilgisayar, tablet, mobil cihaz vb. cihazlar\u0131n\u0131zda depolanan, ufak boyutlarda bilgiler i\u00e7eren metin dosyalar\u0131d\u0131r. \u00c7erezler, bu bilgileri tekrar kaynak web sitesine veya \u00e7erezleri \u201ctan\u0131yan\u201d bir ba\u015fka web sitesine g\u00f6nderirler. Neden \u00e7erezleri kullan\u0131yoruz? Web sitelerimizi [...]\" \/>\n<meta property=\"og:url\" content=\"https:\/\/sakipsabancimuzesi.org\/shop\/cerez-politikasi\/\" \/>\n<meta property=\"og:site_name\" content=\"SSM Shop\" \/>\n<meta property=\"article:publisher\" content=\"https:\/\/www.facebook.com\/SakipSabanciMuzesi\/\" \/>\n<meta property=\"article:modified_time\" content=\"2019-11-04T13:03:27+00:00\" \/>\n<meta name=\"twitter:card\" content=\"summary_large_image\" \/>\n<meta name=\"twitter:label1\" content=\"Tahmini okuma s\u00fcresi\" \/>\n\t<meta name=\"twitter:data1\" content=\"3 dakika\" \/>\n<script type=\"application\/ld+json\" class=\"yoast-schema-graph\">{\"@context\":\"https:\/\/schema.org\",\"@graph\":[{\"@type\":\"WebPage\",\"@id\":\"https:\/\/sakipsabancimuzesi.org\/shop\/cerez-politikasi\/\",\"url\":\"https:\/\/sakipsabancimuzesi.org\/shop\/cerez-politikasi\/\",\"name\":\"\u00c7erez Politikas\u0131 - SSM Shop\",\"isPartOf\":{\"@id\":\"https:\/\/sakipsabancimuzesi.org\/shop\/#website\"},\"datePublished\":\"2019-11-04T04:53:00+00:00\",\"dateModified\":\"2019-11-04T13:03:27+00:00\",\"breadcrumb\":{\"@id\":\"https:\/\/sakipsabancimuzesi.org\/shop\/cerez-politikasi\/#breadcrumb\"},\"inLanguage\":\"tr\",\"potentialAction\":[{\"@type\":\"ReadAction\",\"target\":[\"https:\/\/sakipsabancimuzesi.org\/shop\/cerez-politikasi\/\"]}]},{\"@type\":\"BreadcrumbList\",\"@id\":\"https:\/\/sakipsabancimuzesi.org\/shop\/cerez-politikasi\/#breadcrumb\",\"itemListElement\":[{\"@type\":\"ListItem\",\"position\":1,\"name\":\"Ana sayfa\",\"item\":\"https:\/\/sakipsabancimuzesi.org\/shop\/\"},{\"@type\":\"ListItem\",\"position\":2,\"name\":\"\u00c7erez Politikas\u0131\"}]},{\"@type\":\"WebSite\",\"@id\":\"https:\/\/sakipsabancimuzesi.org\/shop\/#website\",\"url\":\"https:\/\/sakipsabancimuzesi.org\/shop\/\",\"name\":\"SSM Shop\",\"description\":\"Sak\u0131p Sabanc\u0131 M\u00fczesi, Ma\u011faza\",\"publisher\":{\"@id\":\"https:\/\/sakipsabancimuzesi.org\/shop\/#organization\"},\"potentialAction\":[{\"@type\":\"SearchAction\",\"target\":{\"@type\":\"EntryPoint\",\"urlTemplate\":\"https:\/\/sakipsabancimuzesi.org\/shop\/?s={search_term_string}\"},\"query-input\":{\"@type\":\"PropertyValueSpecification\",\"valueRequired\":true,\"valueName\":\"search_term_string\"}}],\"inLanguage\":\"tr\"},{\"@type\":\"Organization\",\"@id\":\"https:\/\/sakipsabancimuzesi.org\/shop\/#organization\",\"name\":\"SSM Shop\",\"url\":\"https:\/\/sakipsabancimuzesi.org\/shop\/\",\"logo\":{\"@type\":\"ImageObject\",\"inLanguage\":\"tr\",\"@id\":\"https:\/\/sakipsabancimuzesi.org\/shop\/#\/schema\/logo\/image\/\",\"url\":\"https:\/\/sakipsabancimuzesi.org\/shop\/wp-content\/uploads\/2019\/11\/logo.png\",\"contentUrl\":\"https:\/\/sakipsabancimuzesi.org\/shop\/wp-content\/uploads\/2019\/11\/logo.png\",\"width\":227,\"height\":87,\"caption\":\"SSM Shop\"},\"image\":{\"@id\":\"https:\/\/sakipsabancimuzesi.org\/shop\/#\/schema\/logo\/image\/\"},\"sameAs\":[\"https:\/\/www.facebook.com\/SakipSabanciMuzesi\/\"]}]}<\/script>\n<!-- \/ Yoast SEO plugin. -->","yoast_head_json":{"title":"\u00c7erez Politikas\u0131 - SSM Shop","robots":{"index":"index","follow":"follow","max-snippet":"max-snippet:-1","max-image-preview":"max-image-preview:large","max-video-preview":"max-video-preview:-1"},"canonical":"https:\/\/sakipsabancimuzesi.org\/shop\/cerez-politikasi\/","og_locale":"tr_TR","og_type":"article","og_title":"\u00c7erez Politikas\u0131 - SSM Shop","og_description":"\u0130\u015fbu \u00c7erez Politikas\u0131, Sabanc\u0131 \u00dcniversitesi\u2019ne ait t\u00fcm web siteleri i\u00e7in ge\u00e7erlidir. \u00c7erezler nedir? \u00c7erezler, bir web sitesini ziyaret etti\u011finizde, taray\u0131c\u0131n\u0131za g\u00f6nderilen ve bilgisayar, tablet, mobil cihaz vb. cihazlar\u0131n\u0131zda depolanan, ufak boyutlarda bilgiler i\u00e7eren metin dosyalar\u0131d\u0131r. \u00c7erezler, bu bilgileri tekrar kaynak web sitesine veya \u00e7erezleri \u201ctan\u0131yan\u201d bir ba\u015fka web sitesine g\u00f6nderirler. Neden \u00e7erezleri kullan\u0131yoruz? Web sitelerimizi [...]","og_url":"https:\/\/sakipsabancimuzesi.org\/shop\/cerez-politikasi\/","og_site_name":"SSM Shop","article_publisher":"https:\/\/www.facebook.com\/SakipSabanciMuzesi\/","article_modified_time":"2019-11-04T13:03:27+00:00","twitter_card":"summary_large_image","twitter_misc":{"Tahmini okuma s\u00fcresi":"3 dakika"},"schema":{"@context":"https:\/\/schema.org","@graph":[{"@type":"WebPage","@id":"https:\/\/sakipsabancimuzesi.org\/shop\/cerez-politikasi\/","url":"https:\/\/sakipsabancimuzesi.org\/shop\/cerez-politikasi\/","name":"\u00c7erez Politikas\u0131 - SSM Shop","isPartOf":{"@id":"https:\/\/sakipsabancimuzesi.org\/shop\/#website"},"datePublished":"2019-11-04T04:53:00+00:00","dateModified":"2019-11-04T13:03:27+00:00","breadcrumb":{"@id":"https:\/\/sakipsabancimuzesi.org\/shop\/cerez-politikasi\/#breadcrumb"},"inLanguage":"tr","potentialAction":[{"@type":"ReadAction","target":["https:\/\/sakipsabancimuzesi.org\/shop\/cerez-politikasi\/"]}]},{"@type":"BreadcrumbList","@id":"https:\/\/sakipsabancimuzesi.org\/shop\/cerez-politikasi\/#breadcrumb","itemListElement":[{"@type":"ListItem","position":1,"name":"Ana sayfa","item":"https:\/\/sakipsabancimuzesi.org\/shop\/"},{"@type":"ListItem","position":2,"name":"\u00c7erez Politikas\u0131"}]},{"@type":"WebSite","@id":"https:\/\/sakipsabancimuzesi.org\/shop\/#website","url":"https:\/\/sakipsabancimuzesi.org\/shop\/","name":"SSM Shop","description":"Sak\u0131p Sabanc\u0131 M\u00fczesi, Ma\u011faza","publisher":{"@id":"https:\/\/sakipsabancimuzesi.org\/shop\/#organization"},"potentialAction":[{"@type":"SearchAction","target":{"@type":"EntryPoint","urlTemplate":"https:\/\/sakipsabancimuzesi.org\/shop\/?s={search_term_string}"},"query-input":{"@type":"PropertyValueSpecification","valueRequired":true,"valueName":"search_term_string"}}],"inLanguage":"tr"},{"@type":"Organization","@id":"https:\/\/sakipsabancimuzesi.org\/shop\/#organization","name":"SSM Shop","url":"https:\/\/sakipsabancimuzesi.org\/shop\/","logo":{"@type":"ImageObject","inLanguage":"tr","@id":"https:\/\/sakipsabancimuzesi.org\/shop\/#\/schema\/logo\/image\/","url":"https:\/\/sakipsabancimuzesi.org\/shop\/wp-content\/uploads\/2019\/11\/logo.png","contentUrl":"https:\/\/sakipsabancimuzesi.org\/shop\/wp-content\/uploads\/2019\/11\/logo.png","width":227,"height":87,"caption":"SSM Shop"},"image":{"@id":"https:\/\/sakipsabancimuzesi.org\/shop\/#\/schema\/logo\/image\/"},"sameAs":["https:\/\/www.facebook.com\/SakipSabanciMuzesi\/"]}]}},"jetpack_sharing_enabled":true,"_links":{"self":[{"href":"https:\/\/sakipsabancimuzesi.org\/shop\/wp-json\/wp\/v2\/pages\/2","targetHints":{"allow":["GET"]}}],"collection":[{"href":"https:\/\/sakipsabancimuzesi.org\/shop\/wp-json\/wp\/v2\/pages"}],"about":[{"href":"https:\/\/sakipsabancimuzesi.org\/shop\/wp-json\/wp\/v2\/types\/page"}],"author":[{"embeddable":true,"href":"https:\/\/sakipsabancimuzesi.org\/shop\/wp-json\/wp\/v2\/users\/1"}],"replies":[{"embeddable":true,"href":"https:\/\/sakipsabancimuzesi.org\/shop\/wp-json\/wp\/v2\/comments?post=2"}],"version-history":[{"count":3,"href":"https:\/\/sakipsabancimuzesi.org\/shop\/wp-json\/wp\/v2\/pages\/2\/revisions"}],"predecessor-version":[{"id":52,"href":"https:\/\/sakipsabancimuzesi.org\/shop\/wp-json\/wp\/v2\/pages\/2\/revisions\/52"}],"wp:attachment":[{"href":"https:\/\/sakipsabancimuzesi.org\/shop\/wp-json\/wp\/v2\/media?parent=2"}],"curies":[{"name":"wp","href":"https:\/\/api.w.org\/{rel}","templated":true}]}}