{"id":3,"date":"2019-11-04T07:53:00","date_gmt":"2019-11-04T04:53:00","guid":{"rendered":"https:\/\/sakipsabancimuzesi.org\/shop\/?page_id=3"},"modified":"2019-12-01T12:54:22","modified_gmt":"2019-12-01T09:54:22","slug":"gizlilik-politikasi","status":"publish","type":"page","link":"https:\/\/sakipsabancimuzesi.org\/shop\/gizlilik-politikasi\/","title":{"rendered":"Gizlilik Politikas\u0131 ve KVKK Ayd\u0131nlatma Bildirimi"},"content":{"rendered":"\n<h2 class=\"wp-block-heading\"><strong>Sabanc\u0131 \u00dcniversitesi\u2019nde Ki\u015fisel Verilerin \u0130\u015flenmesine \u0130li\u015fkin Ayd\u0131nlatma Ve A\u00e7\u0131k R\u0131za Metni<\/strong><\/h2>\n\n\n\n<p>Sabanc\u0131 \u00dcniversitesi payda\u015flar\u0131na ait \u00e7e\u015fitli \nki\u015fisel veriler 6698 say\u0131l\u0131 Ki\u015fisel Verilerin Korunmas\u0131 Kanunu\u2019na (KVKK)\n uygun olarak, veri sorumlusu s\u0131fat\u0131yla Y\u00fcksek \u00d6\u011fretim Kanunu \n\u00e7er\u00e7evesinde faaliyet g\u00f6steren Sabanc\u0131 \u00dcniversitesi (S\u00dc) taraf\u0131ndan \ni\u015flenmektedir. Ki\u015fisel verilerin i\u015fleme amac\u0131, \u015fekli ve aktar\u0131m durumu \na\u015fa\u011f\u0131da a\u00e7\u0131klanm\u0131\u015ft\u0131r.<\/p>\n\n\n\n<p><strong>Ki\u015fisel verilerinizin i\u015flenme amac\u0131:<\/strong><\/p>\n\n\n\n<p>Y\u00fcksek \u00f6\u011frenim kurumu olan S\u00dc, temel olarak \ne\u011fitim, \u00f6\u011fretim ve bilimsel ara\u015ft\u0131rma faaliyetleri paralelinde faaliyet \nama\u00e7lar\u0131na uygun olarak ki\u015fisel verileri toplamakta ve i\u015fleme tabi \ntutmaktad\u0131r. Ki\u015fisel verilerin i\u015flenmesinde, anayasada \u00f6ng\u00f6r\u00fclen ki\u015fisel\n hak ve \u00f6zg\u00fcrl\u00fckler, ki\u015fisel mahremiyet, kanunlara uyum, bireysel \nde\u011ferlere\/tercihlere sayg\u0131 ve gerekli hallerde ki\u015fi r\u0131zas\u0131na tabi \n\u015fekilde ki\u015finin faydas\u0131 g\u00f6zetilerek KVKK madde 5 ve 6\u2019da belirtilen \n\u015fartlara uyum sa\u011flan\u0131r.<\/p>\n\n\n\n<p>Bu kapsamda;<\/p>\n\n\n\n<ul class=\"wp-block-list\"><li>E\u011fitim, \u00f6\u011fretim faaliyetlerinin s\u00fcrd\u00fcr\u00fclebilmesi, \u00f6l\u00e7me \nde\u011ferlendirme ve ba\u015far\u0131 takibi yap\u0131labilmesi, Y\u00d6K gere\u011fi tutulmas\u0131 \ngereken kay\u0131tlar\u0131n saklanmas\u0131 amac\u0131yla S\u00dc idari ve akademik birimleri, \ng\u00f6revlendirdikleri idari \u00e7al\u0131\u015fanlar ve \u00f6\u011fretim elemanlar\u0131 ki\u015fisel veri \ntoplar ve i\u015fleme tabi tutar.<\/li><li>S\u00dc, idari, akademik \u00e7al\u0131\u015fanlar\u0131 ve hizmet veren alt y\u00fcklenici firma \n\u00e7al\u0131\u015fanlar\u0131 hakk\u0131nda S\u00dc faaliyet ama\u00e7lar\u0131 paralelinde ki\u015fisel veriler \ntoplan\u0131r ve i\u015flenir.<\/li><li>S\u00dc yerle\u015fkelerinde yer alan yurt, lojman, sosyal tesis vb. gibi \nyerlerde ikamet eden \u00f6\u011frenciler, \u00e7al\u0131\u015fanlar ve k\u0131sa s\u00fcreli ziyaret\u00e7iler \nhakk\u0131nda ya\u015famsal ihtiya\u00e7lar\u0131n kar\u015f\u0131lanabilmesi amac\u0131yla ki\u015fisel veriler\n i\u015flenir.<\/li><li>S\u00dc yerle\u015fkelerinde e\u011fitim alan ve ikamet eden S\u00dc \u00f6\u011frencilerinden, \nkendilerine sa\u011fl\u0131k ile ilgili acil, tedavi edici ve koruyucu hekimlik \nhizmeti sunabilmek amac\u0131yla ki\u015fisel veriler toplan\u0131r ve i\u015flenir.<\/li><li>S\u00dc yerle\u015fkelerinde emniyetli ya\u015fam sa\u011flamak amac\u0131yla ge\u00e7ici bir s\u00fcre ile bulunan ziyaret\u00e7iler hakk\u0131nda ki\u015fisel veri i\u015flenir.<\/li><li>S\u00dc toplumsal etkile\u015fim ve geli\u015fim sa\u011flamak amac\u0131yla d\u00fczenlenen her \nt\u00fcrl\u00fc etkinlik, kurs, geli\u015fim program\u0131, sergi, konferans, \u00e7al\u0131\u015ftay, \ntoplant\u0131 kat\u0131l\u0131mc\u0131lar\u0131 hakk\u0131nda ki\u015fisel veriler i\u015flenir.<\/li><li>Kariyer planlamas\u0131 i\u00e7in mezunlara destek olmak, mezun ba\u015far\u0131s\u0131n\u0131 \nizlemek, mezunlar a\u011f\u0131 olu\u015fturmak amac\u0131yla S\u00dc mezunlar\u0131 hakk\u0131nda, ki\u015fisel\n veriler i\u015flenir.<\/li><li>S\u00dc\u2019nin k\u00fclt\u00fcrel miras\u0131n\u0131n korunmas\u0131 amac\u0131yla kurumun kimli\u011fiyle \netkile\u015fim sonucunda ortaya \u00e7\u0131kan t\u00fcm bilgi kaynaklar\u0131 \u00dcniversite Tarihi \nAr\u015fivi taraf\u0131ndan toplan\u0131r, korunur, d\u00fczenlenir ve \u00fcniversitenin e\u011fitim,\n \u00f6\u011fretim ara\u015ft\u0131rma \u00e7al\u0131\u015fmalar\u0131 ile sosyal, k\u00fclt\u00fcrel ve akademik \nfaaliyetlerine ili\u015fkin ara\u015ft\u0131rmalar\u0131 destekleme do\u011frultusunda i\u015flenir.<\/li><li>S\u00dc\u2019nin faaliyet alanlar\u0131ndaki tan\u0131t\u0131m\u0131n\u0131 yapmak ve uygun aday \n\u00f6\u011frenci, \u00e7al\u0131\u015fan, \u00f6\u011fretim elemanlar\u0131na ula\u015fabilmek amac\u0131yla ilgili \nki\u015filerin r\u0131zas\u0131 al\u0131narak ki\u015fisel veriler i\u015flenir.<\/li><\/ul>\n\n\n\n<p><strong>Ki\u015fisel Verilerinizin Aktar\u0131m\u0131:<\/strong><\/p>\n\n\n\n<p>S\u00dc, e\u011fitim, \u00f6\u011fretim ve bilimsel ara\u015ft\u0131rma \nhedefleri paralelinde KVKK 8. Ve 9. maddelerinde belirtildi\u011fi \u015fekliyle, \na\u015fa\u011f\u0131daki ama\u00e7larla ki\u015fisel verilerinizi payla\u015fabilir;<\/p>\n\n\n\n<ul class=\"wp-block-list\"><li>S\u00dc b\u00fcnyesinde s\u00fcrekli veya ge\u00e7ici olarak hizmet veren alt y\u00fcklenici \nfirmalar ile ve ayr\u0131ca \u00fc\u00e7\u00fcnc\u00fc \u015fah\u0131slarla akdedilen s\u00f6zle\u015fmeler \n\u00e7er\u00e7evesinde i\u015fin gerektirdi\u011fi oranda ve s\u00fcrede ki\u015fisel bilgi payla\u015f\u0131m\u0131 \nyap\u0131labilir. Ki\u015fisel verilerin payla\u015f\u0131m\u0131nda ki\u015filerin haklar\u0131 \ng\u00f6zetilerek ticari ve hukuksal emniyet sa\u011flamak suretiyle s\u00f6zle\u015fmeler \nakdedilir.<\/li><li>S\u00dc hedefleri paralelinde yurt d\u0131\u015f\u0131nda faaliyet g\u00f6steren benzer \nkurumlar ile geli\u015ftirilen e\u011fitim ve ara\u015ft\u0131rma ama\u00e7l\u0131 i\u015f birlikleri, \ne\u011fitim programlar\u0131, personel de\u011fi\u015fimleri, yabanc\u0131 \u00fclke men\u015feli \n\u00e7al\u0131\u015fanlar\u0131n \u00fclkeleri ve \u00fclke temsilcilikleri, ortak etkinlikler vb. \nkapsam\u0131nda \u00fcniversite payda\u015flar\u0131na ait ki\u015fisel veriler, gerekli \ndurumlarda ki\u015filerin r\u0131zas\u0131 al\u0131narak, olmas\u0131 gerekti\u011fi kadar ve ihtiya\u00e7 \ns\u00fcresince payla\u015f\u0131labilir.<\/li><\/ul>\n\n\n\n<p><strong>Ki\u015fisel verilerinizin toplanma y\u00f6ntemi:<\/strong><\/p>\n\n\n\n<p>Ki\u015fisel verileriniz; kurumsal internet \nsitelerimiz kanal\u0131yla, e-posta veya di\u011fer yollarla ya da \u00e7e\u015fitli \nakademik veya idari ama\u00e7l\u0131 ba\u015fvurular s\u0131ras\u0131nda, yaz\u0131l\u0131 veya elektronik \nortamda olmak kayd\u0131yla \u00e7e\u015fitli y\u00f6ntemlerle toplanmaktad\u0131r.<\/p>\n\n\n\n<p><strong>Veri sahibi olarak haklar\u0131n\u0131z:<\/strong><\/p>\n\n\n\n<p>KVKK 11. Madde\u2019de veri sahiplerinin kendilerine \nait bilgiler \u00fczerindeki haklar\u0131 tan\u0131mlanm\u0131\u015ft\u0131r. Bu kapsamda S\u00dc \nb\u00fcnyesinde bilgisi i\u015flem g\u00f6ren ger\u00e7ek ki\u015filer; ki\u015fisel verisi i\u015flenip \ni\u015flenmedi\u011fi, i\u015flenen ki\u015fisel veri i\u00e7eri\u011fini ve i\u015flenme amac\u0131n\u0131, yurt i\u00e7i\n veya d\u0131\u015f\u0131na payla\u015f\u0131m durumu hakk\u0131nda bilgi alma, i\u015fleme nedeni ortadan \nkalkm\u0131\u015f olan veri i\u00e7in silme ve\/veya g\u00fcncelleme talep etme, ki\u015finin \naleyhine neticelendi\u011fi d\u00fc\u015f\u00fcn\u00fclen i\u015flemlerde itiraz etme hakk\u0131na \nsahiptir.<\/p>\n\n\n\n<p><strong>Soru ve talepleriniz i\u00e7in:<\/strong><\/p>\n\n\n\n<p>KVKK kapsam\u0131ndaki soru ve ba\u015fvurular\u0131n\u0131z\u0131, sizi \ntan\u0131mam\u0131za ve ileti\u015fime ge\u00e7ebilmemize yard\u0131mc\u0131 olabilecek \u015fekilde \nkimlik, telefon, adres bilgilerinizi de ekleyerek yaz\u0131l\u0131 ve imzal\u0131 \nolarak a\u015fa\u011f\u0131daki adrese posta ile taahh\u00fctl\u00fc g\u00f6nderebilir, \u015fahsen \nba\u015fvurunuzu teslim edebilir veya ilgili ba\u015fvurunuzu \nsabanciuniversitesi@hs03.kep.tr adresine g\u00fcvenli elektronik imzal\u0131 \nolarak iletebilirsiniz. 30 g\u00fcn i\u00e7erisinde a\u00e7\u0131klama \u00fccretsiz olarak \ntaraf\u0131n\u0131za bildirilecektir. Talebinizin maliyet gerektirmesi durumunda \nKi\u015fisel Verileri Koruma Kurulu taraf\u0131ndan saptanacak tarifeler \u00fczerinden\n \u00fccret talep edilebilir.<\/p>\n\n\n\n<p><strong>\u0130leti\u015fim ve Ba\u015fvuru Adresi:<\/strong><\/p>\n\n\n\n<p>Sabanc\u0131 \u00dcniversitesi Orta Mahalle \u00dcniversite Caddesi No:27 Tuzla \u0130STANBUL<\/p>\n\n\n\n<p><strong>KVKK hakk\u0131nda daha fazla bilgi:<\/strong><\/p>\n\n\n\n<p>http:\/\/www.kvkk.gov.tr\/ adresinden KVKK hakk\u0131nda detayl\u0131 bilgiler alabilirsiniz.<\/p>\n","protected":false},"excerpt":{"rendered":"<p>Sabanc\u0131 \u00dcniversitesi\u2019nde Ki\u015fisel Verilerin \u0130\u015flenmesine \u0130li\u015fkin Ayd\u0131nlatma Ve A\u00e7\u0131k R\u0131za Metni Sabanc\u0131 \u00dcniversitesi payda\u015flar\u0131na ait \u00e7e\u015fitli ki\u015fisel veriler 6698 say\u0131l\u0131 Ki\u015fisel Verilerin Korunmas\u0131 Kanunu\u2019na (KVKK) uygun olarak, veri sorumlusu s\u0131fat\u0131yla Y\u00fcksek \u00d6\u011fretim Kanunu \u00e7er\u00e7evesinde faaliyet g\u00f6steren Sabanc\u0131 \u00dcniversitesi (S\u00dc) taraf\u0131ndan i\u015flenmektedir. Ki\u015fisel verilerin i\u015fleme amac\u0131, \u015fekli ve aktar\u0131m durumu a\u015fa\u011f\u0131da a\u00e7\u0131klanm\u0131\u015ft\u0131r. Ki\u015fisel verilerinizin i\u015flenme amac\u0131: [&#8230;]\n","protected":false},"author":1,"featured_media":0,"parent":0,"menu_order":0,"comment_status":"closed","ping_status":"closed","template":"","meta":{"_exactmetrics_skip_tracking":false,"_exactmetrics_sitenote_active":false,"_exactmetrics_sitenote_note":"","_exactmetrics_sitenote_category":0,"footnotes":""},"class_list":["post-3","page","type-page","status-publish","hentry"],"yoast_head":"<!-- This site is optimized with the Yoast SEO plugin v27.1.1 - https:\/\/yoast.com\/product\/yoast-seo-wordpress\/ -->\n<title>Gizlilik Politikas\u0131 ve KVKK Ayd\u0131nlatma Bildirimi - SSM Shop<\/title>\n<meta name=\"robots\" content=\"index, follow, max-snippet:-1, max-image-preview:large, max-video-preview:-1\" \/>\n<link rel=\"canonical\" href=\"https:\/\/sakipsabancimuzesi.org\/shop\/gizlilik-politikasi\/\" \/>\n<meta property=\"og:locale\" content=\"tr_TR\" \/>\n<meta property=\"og:type\" content=\"article\" \/>\n<meta property=\"og:title\" content=\"Gizlilik Politikas\u0131 ve KVKK Ayd\u0131nlatma Bildirimi - SSM Shop\" \/>\n<meta property=\"og:description\" content=\"Sabanc\u0131 \u00dcniversitesi\u2019nde Ki\u015fisel Verilerin \u0130\u015flenmesine \u0130li\u015fkin Ayd\u0131nlatma Ve A\u00e7\u0131k R\u0131za Metni Sabanc\u0131 \u00dcniversitesi payda\u015flar\u0131na ait \u00e7e\u015fitli ki\u015fisel veriler 6698 say\u0131l\u0131 Ki\u015fisel Verilerin Korunmas\u0131 Kanunu\u2019na (KVKK) uygun olarak, veri sorumlusu s\u0131fat\u0131yla Y\u00fcksek \u00d6\u011fretim Kanunu \u00e7er\u00e7evesinde faaliyet g\u00f6steren Sabanc\u0131 \u00dcniversitesi (S\u00dc) taraf\u0131ndan i\u015flenmektedir. Ki\u015fisel verilerin i\u015fleme amac\u0131, \u015fekli ve aktar\u0131m durumu a\u015fa\u011f\u0131da a\u00e7\u0131klanm\u0131\u015ft\u0131r. Ki\u015fisel verilerinizin i\u015flenme amac\u0131: [...]\" \/>\n<meta property=\"og:url\" content=\"https:\/\/sakipsabancimuzesi.org\/shop\/gizlilik-politikasi\/\" \/>\n<meta property=\"og:site_name\" content=\"SSM Shop\" \/>\n<meta property=\"article:publisher\" content=\"https:\/\/www.facebook.com\/SakipSabanciMuzesi\/\" \/>\n<meta property=\"article:modified_time\" content=\"2019-12-01T09:54:22+00:00\" \/>\n<meta name=\"twitter:card\" content=\"summary_large_image\" \/>\n<meta name=\"twitter:label1\" content=\"Tahmini okuma s\u00fcresi\" \/>\n\t<meta name=\"twitter:data1\" content=\"5 dakika\" \/>\n<script type=\"application\/ld+json\" class=\"yoast-schema-graph\">{\"@context\":\"https:\/\/schema.org\",\"@graph\":[{\"@type\":\"WebPage\",\"@id\":\"https:\/\/sakipsabancimuzesi.org\/shop\/gizlilik-politikasi\/\",\"url\":\"https:\/\/sakipsabancimuzesi.org\/shop\/gizlilik-politikasi\/\",\"name\":\"Gizlilik Politikas\u0131 ve KVKK Ayd\u0131nlatma Bildirimi - SSM Shop\",\"isPartOf\":{\"@id\":\"https:\/\/sakipsabancimuzesi.org\/shop\/#website\"},\"datePublished\":\"2019-11-04T04:53:00+00:00\",\"dateModified\":\"2019-12-01T09:54:22+00:00\",\"breadcrumb\":{\"@id\":\"https:\/\/sakipsabancimuzesi.org\/shop\/gizlilik-politikasi\/#breadcrumb\"},\"inLanguage\":\"tr\",\"potentialAction\":[{\"@type\":\"ReadAction\",\"target\":[\"https:\/\/sakipsabancimuzesi.org\/shop\/gizlilik-politikasi\/\"]}]},{\"@type\":\"BreadcrumbList\",\"@id\":\"https:\/\/sakipsabancimuzesi.org\/shop\/gizlilik-politikasi\/#breadcrumb\",\"itemListElement\":[{\"@type\":\"ListItem\",\"position\":1,\"name\":\"Ana sayfa\",\"item\":\"https:\/\/sakipsabancimuzesi.org\/shop\/\"},{\"@type\":\"ListItem\",\"position\":2,\"name\":\"Gizlilik Politikas\u0131 ve KVKK Ayd\u0131nlatma Bildirimi\"}]},{\"@type\":\"WebSite\",\"@id\":\"https:\/\/sakipsabancimuzesi.org\/shop\/#website\",\"url\":\"https:\/\/sakipsabancimuzesi.org\/shop\/\",\"name\":\"SSM Shop\",\"description\":\"Sak\u0131p Sabanc\u0131 M\u00fczesi, Ma\u011faza\",\"publisher\":{\"@id\":\"https:\/\/sakipsabancimuzesi.org\/shop\/#organization\"},\"potentialAction\":[{\"@type\":\"SearchAction\",\"target\":{\"@type\":\"EntryPoint\",\"urlTemplate\":\"https:\/\/sakipsabancimuzesi.org\/shop\/?s={search_term_string}\"},\"query-input\":{\"@type\":\"PropertyValueSpecification\",\"valueRequired\":true,\"valueName\":\"search_term_string\"}}],\"inLanguage\":\"tr\"},{\"@type\":\"Organization\",\"@id\":\"https:\/\/sakipsabancimuzesi.org\/shop\/#organization\",\"name\":\"SSM Shop\",\"url\":\"https:\/\/sakipsabancimuzesi.org\/shop\/\",\"logo\":{\"@type\":\"ImageObject\",\"inLanguage\":\"tr\",\"@id\":\"https:\/\/sakipsabancimuzesi.org\/shop\/#\/schema\/logo\/image\/\",\"url\":\"https:\/\/sakipsabancimuzesi.org\/shop\/wp-content\/uploads\/2019\/11\/logo.png\",\"contentUrl\":\"https:\/\/sakipsabancimuzesi.org\/shop\/wp-content\/uploads\/2019\/11\/logo.png\",\"width\":227,\"height\":87,\"caption\":\"SSM Shop\"},\"image\":{\"@id\":\"https:\/\/sakipsabancimuzesi.org\/shop\/#\/schema\/logo\/image\/\"},\"sameAs\":[\"https:\/\/www.facebook.com\/SakipSabanciMuzesi\/\"]}]}<\/script>\n<!-- \/ Yoast SEO plugin. -->","yoast_head_json":{"title":"Gizlilik Politikas\u0131 ve KVKK Ayd\u0131nlatma Bildirimi - SSM Shop","robots":{"index":"index","follow":"follow","max-snippet":"max-snippet:-1","max-image-preview":"max-image-preview:large","max-video-preview":"max-video-preview:-1"},"canonical":"https:\/\/sakipsabancimuzesi.org\/shop\/gizlilik-politikasi\/","og_locale":"tr_TR","og_type":"article","og_title":"Gizlilik Politikas\u0131 ve KVKK Ayd\u0131nlatma Bildirimi - SSM Shop","og_description":"Sabanc\u0131 \u00dcniversitesi\u2019nde Ki\u015fisel Verilerin \u0130\u015flenmesine \u0130li\u015fkin Ayd\u0131nlatma Ve A\u00e7\u0131k R\u0131za Metni Sabanc\u0131 \u00dcniversitesi payda\u015flar\u0131na ait \u00e7e\u015fitli ki\u015fisel veriler 6698 say\u0131l\u0131 Ki\u015fisel Verilerin Korunmas\u0131 Kanunu\u2019na (KVKK) uygun olarak, veri sorumlusu s\u0131fat\u0131yla Y\u00fcksek \u00d6\u011fretim Kanunu \u00e7er\u00e7evesinde faaliyet g\u00f6steren Sabanc\u0131 \u00dcniversitesi (S\u00dc) taraf\u0131ndan i\u015flenmektedir. Ki\u015fisel verilerin i\u015fleme amac\u0131, \u015fekli ve aktar\u0131m durumu a\u015fa\u011f\u0131da a\u00e7\u0131klanm\u0131\u015ft\u0131r. Ki\u015fisel verilerinizin i\u015flenme amac\u0131: [...]","og_url":"https:\/\/sakipsabancimuzesi.org\/shop\/gizlilik-politikasi\/","og_site_name":"SSM Shop","article_publisher":"https:\/\/www.facebook.com\/SakipSabanciMuzesi\/","article_modified_time":"2019-12-01T09:54:22+00:00","twitter_card":"summary_large_image","twitter_misc":{"Tahmini okuma s\u00fcresi":"5 dakika"},"schema":{"@context":"https:\/\/schema.org","@graph":[{"@type":"WebPage","@id":"https:\/\/sakipsabancimuzesi.org\/shop\/gizlilik-politikasi\/","url":"https:\/\/sakipsabancimuzesi.org\/shop\/gizlilik-politikasi\/","name":"Gizlilik Politikas\u0131 ve KVKK Ayd\u0131nlatma Bildirimi - SSM Shop","isPartOf":{"@id":"https:\/\/sakipsabancimuzesi.org\/shop\/#website"},"datePublished":"2019-11-04T04:53:00+00:00","dateModified":"2019-12-01T09:54:22+00:00","breadcrumb":{"@id":"https:\/\/sakipsabancimuzesi.org\/shop\/gizlilik-politikasi\/#breadcrumb"},"inLanguage":"tr","potentialAction":[{"@type":"ReadAction","target":["https:\/\/sakipsabancimuzesi.org\/shop\/gizlilik-politikasi\/"]}]},{"@type":"BreadcrumbList","@id":"https:\/\/sakipsabancimuzesi.org\/shop\/gizlilik-politikasi\/#breadcrumb","itemListElement":[{"@type":"ListItem","position":1,"name":"Ana sayfa","item":"https:\/\/sakipsabancimuzesi.org\/shop\/"},{"@type":"ListItem","position":2,"name":"Gizlilik Politikas\u0131 ve KVKK Ayd\u0131nlatma Bildirimi"}]},{"@type":"WebSite","@id":"https:\/\/sakipsabancimuzesi.org\/shop\/#website","url":"https:\/\/sakipsabancimuzesi.org\/shop\/","name":"SSM Shop","description":"Sak\u0131p Sabanc\u0131 M\u00fczesi, Ma\u011faza","publisher":{"@id":"https:\/\/sakipsabancimuzesi.org\/shop\/#organization"},"potentialAction":[{"@type":"SearchAction","target":{"@type":"EntryPoint","urlTemplate":"https:\/\/sakipsabancimuzesi.org\/shop\/?s={search_term_string}"},"query-input":{"@type":"PropertyValueSpecification","valueRequired":true,"valueName":"search_term_string"}}],"inLanguage":"tr"},{"@type":"Organization","@id":"https:\/\/sakipsabancimuzesi.org\/shop\/#organization","name":"SSM Shop","url":"https:\/\/sakipsabancimuzesi.org\/shop\/","logo":{"@type":"ImageObject","inLanguage":"tr","@id":"https:\/\/sakipsabancimuzesi.org\/shop\/#\/schema\/logo\/image\/","url":"https:\/\/sakipsabancimuzesi.org\/shop\/wp-content\/uploads\/2019\/11\/logo.png","contentUrl":"https:\/\/sakipsabancimuzesi.org\/shop\/wp-content\/uploads\/2019\/11\/logo.png","width":227,"height":87,"caption":"SSM Shop"},"image":{"@id":"https:\/\/sakipsabancimuzesi.org\/shop\/#\/schema\/logo\/image\/"},"sameAs":["https:\/\/www.facebook.com\/SakipSabanciMuzesi\/"]}]}},"jetpack_sharing_enabled":true,"_links":{"self":[{"href":"https:\/\/sakipsabancimuzesi.org\/shop\/wp-json\/wp\/v2\/pages\/3","targetHints":{"allow":["GET"]}}],"collection":[{"href":"https:\/\/sakipsabancimuzesi.org\/shop\/wp-json\/wp\/v2\/pages"}],"about":[{"href":"https:\/\/sakipsabancimuzesi.org\/shop\/wp-json\/wp\/v2\/types\/page"}],"author":[{"embeddable":true,"href":"https:\/\/sakipsabancimuzesi.org\/shop\/wp-json\/wp\/v2\/users\/1"}],"replies":[{"embeddable":true,"href":"https:\/\/sakipsabancimuzesi.org\/shop\/wp-json\/wp\/v2\/comments?post=3"}],"version-history":[{"count":4,"href":"https:\/\/sakipsabancimuzesi.org\/shop\/wp-json\/wp\/v2\/pages\/3\/revisions"}],"predecessor-version":[{"id":1702,"href":"https:\/\/sakipsabancimuzesi.org\/shop\/wp-json\/wp\/v2\/pages\/3\/revisions\/1702"}],"wp:attachment":[{"href":"https:\/\/sakipsabancimuzesi.org\/shop\/wp-json\/wp\/v2\/media?parent=3"}],"curies":[{"name":"wp","href":"https:\/\/api.w.org\/{rel}","templated":true}]}}