{"id":13631,"date":"2020-04-27T11:24:51","date_gmt":"2020-04-27T08:24:51","guid":{"rendered":"https:\/\/sakipsabancimuzesi.org\/shop\/?post_type=product&#038;p=13631"},"modified":"2020-05-17T21:56:05","modified_gmt":"2020-05-17T18:56:05","slug":"prof-dr-tarkan-okcuoglu-ile-osmanli-resim-sanati","status":"publish","type":"product","link":"https:\/\/sakipsabancimuzesi.org\/shop\/urun\/kategorilenmemis\/prof-dr-tarkan-okcuoglu-ile-osmanli-resim-sanati\/","title":{"rendered":"Prof. Dr. Tarkan Ok\u00e7uo\u011flu ile Osmanl\u0131 Resim Sanat\u0131"},"content":{"rendered":"<p>SSM Dostu Kart sahiplerinin % 10 indirimden faydalanmas\u0131 i\u00e7in sepet a\u015famas\u0131nda kupon k\u0131sm\u0131na \u00fcyelik numaralar\u0131n\u0131<br \/>\ngirmeleri gerekmektedir.<\/p>\n<p>Kay\u0131t \u00fccreti, iki g\u00fcn\u00fc kapsamaktad\u0131r. G\u00fcnl\u00fck kay\u0131t se\u00e7ene\u011fi yoktur.<\/p>\n<p>E\u011fitime kat\u0131l\u0131m linki, SSM Ma\u011faza sayfas\u0131nda kay\u0131t a\u015famas\u0131nda kulland\u0131\u011f\u0131n\u0131z mail adresine ula\u015ft\u0131r\u0131lacakt\u0131r. E\u011fitimlerimiz Zoom \u00fczerinden yap\u0131lmaktad\u0131r.<\/p>\n<p>Kat\u0131l\u0131mc\u0131lara program sonunda kat\u0131l\u0131m sertifikas\u0131 verilmektedir.<\/p>\n<p>SSM, \u00e7evrimi\u00e7i etkinlikleri i\u00e7in kat\u0131l\u0131mc\u0131ya yaz\u0131l\u0131m\/uygulama temin etmez. E\u011fitimin ger\u00e7ekle\u015fece\u011fi uygulamalar\u0131n do\u011fru kullan\u0131m\u0131 konusunda sorumluluk kat\u0131l\u0131mc\u0131ya aittir.<\/p>\n<p>\u0130nternet ba\u011flant\u0131s\u0131ndan do\u011fabilecek aksakl\u0131klar ve ma\u011fduriyetlerden SSM sorumlu de\u011fildir.<\/p>\n<p>Kat\u0131l\u0131mc\u0131lar\u0131n, \u00e7evrimi\u00e7i e\u011fitimleri veya bu e\u011fitimler s\u0131ras\u0131nda kullan\u0131lan her t\u00fcrden g\u00f6rsel, i\u015fitsel, yaz\u0131l\u0131 materyali kaydetme, kopyalama, \u00e7o\u011faltma ve \u00fc\u00e7\u00fcnc\u00fc ki\u015filerle payla\u015fma hakk\u0131 bulunmaz. Aksi davran\u0131\u015flar\u0131nda yasal sorumluluk kat\u0131l\u0131mc\u0131ya aittir.<\/p>\n<p>SSM taraf\u0131ndan programda de\u011fi\u015fiklik yap\u0131lmad\u0131\u011f\u0131 s\u00fcrece bilet iadesi yap\u0131lmaz.<\/p>\n","protected":false},"excerpt":{"rendered":"<p>8 &#8211; 9 May\u0131s Cuma ve Cumartesi<\/p>\n<p>11:00 &#8211; 13:00<\/p>\n","protected":false},"featured_media":13632,"template":"","meta":{"_exactmetrics_skip_tracking":false,"_exactmetrics_sitenote_active":false,"_exactmetrics_sitenote_note":"","_exactmetrics_sitenote_category":0},"product_brand":[],"product_cat":[],"product_tag":[],"woo-feed-brand":[],"class_list":{"0":"post-13631","1":"product","2":"type-product","3":"status-publish","4":"has-post-thumbnail","7":"first","8":"outofstock","9":"virtual","10":"taxable","11":"purchasable","12":"product-type-simple"},"yoast_head":"<!-- This site is optimized with the Yoast SEO plugin v27.1.1 - https:\/\/yoast.com\/product\/yoast-seo-wordpress\/ -->\n<title>Prof. Dr. Tarkan Ok\u00e7uo\u011flu ile Osmanl\u0131 Resim Sanat\u0131 - SSM Shop<\/title>\n<meta name=\"robots\" content=\"index, follow, max-snippet:-1, max-image-preview:large, max-video-preview:-1\" \/>\n<link rel=\"canonical\" href=\"https:\/\/sakipsabancimuzesi.org\/shop\/urun\/egitim-ve-etkinlik\/prof-dr-tarkan-okcuoglu-ile-osmanli-resim-sanati\/\" \/>\n<meta property=\"og:locale\" content=\"tr_TR\" \/>\n<meta property=\"og:type\" content=\"article\" \/>\n<meta property=\"og:title\" content=\"Prof. Dr. Tarkan Ok\u00e7uo\u011flu ile Osmanl\u0131 Resim Sanat\u0131 - SSM Shop\" \/>\n<meta property=\"og:description\" content=\"8 - 9 May\u0131s Cuma ve Cumartesi  11:00 - 13:00\" \/>\n<meta property=\"og:url\" content=\"https:\/\/sakipsabancimuzesi.org\/shop\/urun\/egitim-ve-etkinlik\/prof-dr-tarkan-okcuoglu-ile-osmanli-resim-sanati\/\" \/>\n<meta property=\"og:site_name\" content=\"SSM Shop\" \/>\n<meta property=\"article:publisher\" content=\"https:\/\/www.facebook.com\/SakipSabanciMuzesi\/\" \/>\n<meta property=\"article:modified_time\" content=\"2020-05-17T18:56:05+00:00\" \/>\n<meta property=\"og:image\" content=\"https:\/\/sakipsabancimuzesi.org\/shop\/wp-content\/uploads\/2020\/04\/2020.04.23_SSM_MAILING.jpg\" \/>\n\t<meta property=\"og:image:width\" content=\"1081\" \/>\n\t<meta property=\"og:image:height\" content=\"1081\" \/>\n\t<meta property=\"og:image:type\" content=\"image\/jpeg\" \/>\n<meta name=\"twitter:card\" content=\"summary_large_image\" \/>\n<meta name=\"twitter:label1\" content=\"Tahmini okuma s\u00fcresi\" \/>\n\t<meta name=\"twitter:data1\" content=\"1 dakika\" \/>\n<script type=\"application\/ld+json\" class=\"yoast-schema-graph\">{\"@context\":\"https:\/\/schema.org\",\"@graph\":[{\"@type\":\"WebPage\",\"@id\":\"https:\/\/sakipsabancimuzesi.org\/shop\/urun\/egitim-ve-etkinlik\/prof-dr-tarkan-okcuoglu-ile-osmanli-resim-sanati\/\",\"url\":\"https:\/\/sakipsabancimuzesi.org\/shop\/urun\/egitim-ve-etkinlik\/prof-dr-tarkan-okcuoglu-ile-osmanli-resim-sanati\/\",\"name\":\"Prof. Dr. Tarkan Ok\u00e7uo\u011flu ile Osmanl\u0131 Resim Sanat\u0131 - SSM Shop\",\"isPartOf\":{\"@id\":\"https:\/\/sakipsabancimuzesi.org\/shop\/#website\"},\"primaryImageOfPage\":{\"@id\":\"https:\/\/sakipsabancimuzesi.org\/shop\/urun\/egitim-ve-etkinlik\/prof-dr-tarkan-okcuoglu-ile-osmanli-resim-sanati\/#primaryimage\"},\"image\":{\"@id\":\"https:\/\/sakipsabancimuzesi.org\/shop\/urun\/egitim-ve-etkinlik\/prof-dr-tarkan-okcuoglu-ile-osmanli-resim-sanati\/#primaryimage\"},\"thumbnailUrl\":\"https:\/\/sakipsabancimuzesi.org\/shop\/wp-content\/uploads\/2020\/04\/2020.04.23_SSM_MAILING.jpg\",\"datePublished\":\"2020-04-27T08:24:51+00:00\",\"dateModified\":\"2020-05-17T18:56:05+00:00\",\"breadcrumb\":{\"@id\":\"https:\/\/sakipsabancimuzesi.org\/shop\/urun\/egitim-ve-etkinlik\/prof-dr-tarkan-okcuoglu-ile-osmanli-resim-sanati\/#breadcrumb\"},\"inLanguage\":\"tr\",\"potentialAction\":[{\"@type\":\"ReadAction\",\"target\":[\"https:\/\/sakipsabancimuzesi.org\/shop\/urun\/egitim-ve-etkinlik\/prof-dr-tarkan-okcuoglu-ile-osmanli-resim-sanati\/\"]}]},{\"@type\":\"ImageObject\",\"inLanguage\":\"tr\",\"@id\":\"https:\/\/sakipsabancimuzesi.org\/shop\/urun\/egitim-ve-etkinlik\/prof-dr-tarkan-okcuoglu-ile-osmanli-resim-sanati\/#primaryimage\",\"url\":\"https:\/\/sakipsabancimuzesi.org\/shop\/wp-content\/uploads\/2020\/04\/2020.04.23_SSM_MAILING.jpg\",\"contentUrl\":\"https:\/\/sakipsabancimuzesi.org\/shop\/wp-content\/uploads\/2020\/04\/2020.04.23_SSM_MAILING.jpg\",\"width\":1081,\"height\":1081},{\"@type\":\"BreadcrumbList\",\"@id\":\"https:\/\/sakipsabancimuzesi.org\/shop\/urun\/egitim-ve-etkinlik\/prof-dr-tarkan-okcuoglu-ile-osmanli-resim-sanati\/#breadcrumb\",\"itemListElement\":[{\"@type\":\"ListItem\",\"position\":1,\"name\":\"Ana sayfa\",\"item\":\"https:\/\/sakipsabancimuzesi.org\/shop\/\"},{\"@type\":\"ListItem\",\"position\":2,\"name\":\"Shop\",\"item\":\"https:\/\/sakipsabancimuzesi.org\/shop\/shop\/\"},{\"@type\":\"ListItem\",\"position\":3,\"name\":\"Prof. Dr. Tarkan Ok\u00e7uo\u011flu ile Osmanl\u0131 Resim Sanat\u0131\"}]},{\"@type\":\"WebSite\",\"@id\":\"https:\/\/sakipsabancimuzesi.org\/shop\/#website\",\"url\":\"https:\/\/sakipsabancimuzesi.org\/shop\/\",\"name\":\"SSM Shop\",\"description\":\"Sak\u0131p Sabanc\u0131 M\u00fczesi, Ma\u011faza\",\"publisher\":{\"@id\":\"https:\/\/sakipsabancimuzesi.org\/shop\/#organization\"},\"potentialAction\":[{\"@type\":\"SearchAction\",\"target\":{\"@type\":\"EntryPoint\",\"urlTemplate\":\"https:\/\/sakipsabancimuzesi.org\/shop\/?s={search_term_string}\"},\"query-input\":{\"@type\":\"PropertyValueSpecification\",\"valueRequired\":true,\"valueName\":\"search_term_string\"}}],\"inLanguage\":\"tr\"},{\"@type\":\"Organization\",\"@id\":\"https:\/\/sakipsabancimuzesi.org\/shop\/#organization\",\"name\":\"SSM Shop\",\"url\":\"https:\/\/sakipsabancimuzesi.org\/shop\/\",\"logo\":{\"@type\":\"ImageObject\",\"inLanguage\":\"tr\",\"@id\":\"https:\/\/sakipsabancimuzesi.org\/shop\/#\/schema\/logo\/image\/\",\"url\":\"https:\/\/sakipsabancimuzesi.org\/shop\/wp-content\/uploads\/2019\/11\/logo.png\",\"contentUrl\":\"https:\/\/sakipsabancimuzesi.org\/shop\/wp-content\/uploads\/2019\/11\/logo.png\",\"width\":227,\"height\":87,\"caption\":\"SSM Shop\"},\"image\":{\"@id\":\"https:\/\/sakipsabancimuzesi.org\/shop\/#\/schema\/logo\/image\/\"},\"sameAs\":[\"https:\/\/www.facebook.com\/SakipSabanciMuzesi\/\"]}]}<\/script>\n<!-- \/ Yoast SEO plugin. -->","yoast_head_json":{"title":"Prof. Dr. Tarkan Ok\u00e7uo\u011flu ile Osmanl\u0131 Resim Sanat\u0131 - SSM Shop","robots":{"index":"index","follow":"follow","max-snippet":"max-snippet:-1","max-image-preview":"max-image-preview:large","max-video-preview":"max-video-preview:-1"},"canonical":"https:\/\/sakipsabancimuzesi.org\/shop\/urun\/egitim-ve-etkinlik\/prof-dr-tarkan-okcuoglu-ile-osmanli-resim-sanati\/","og_locale":"tr_TR","og_type":"article","og_title":"Prof. Dr. Tarkan Ok\u00e7uo\u011flu ile Osmanl\u0131 Resim Sanat\u0131 - SSM Shop","og_description":"8 - 9 May\u0131s Cuma ve Cumartesi  11:00 - 13:00","og_url":"https:\/\/sakipsabancimuzesi.org\/shop\/urun\/egitim-ve-etkinlik\/prof-dr-tarkan-okcuoglu-ile-osmanli-resim-sanati\/","og_site_name":"SSM Shop","article_publisher":"https:\/\/www.facebook.com\/SakipSabanciMuzesi\/","article_modified_time":"2020-05-17T18:56:05+00:00","og_image":[{"width":1081,"height":1081,"url":"https:\/\/sakipsabancimuzesi.org\/shop\/wp-content\/uploads\/2020\/04\/2020.04.23_SSM_MAILING.jpg","type":"image\/jpeg"}],"twitter_card":"summary_large_image","twitter_misc":{"Tahmini okuma s\u00fcresi":"1 dakika"},"schema":{"@context":"https:\/\/schema.org","@graph":[{"@type":"WebPage","@id":"https:\/\/sakipsabancimuzesi.org\/shop\/urun\/egitim-ve-etkinlik\/prof-dr-tarkan-okcuoglu-ile-osmanli-resim-sanati\/","url":"https:\/\/sakipsabancimuzesi.org\/shop\/urun\/egitim-ve-etkinlik\/prof-dr-tarkan-okcuoglu-ile-osmanli-resim-sanati\/","name":"Prof. Dr. Tarkan Ok\u00e7uo\u011flu ile Osmanl\u0131 Resim Sanat\u0131 - SSM Shop","isPartOf":{"@id":"https:\/\/sakipsabancimuzesi.org\/shop\/#website"},"primaryImageOfPage":{"@id":"https:\/\/sakipsabancimuzesi.org\/shop\/urun\/egitim-ve-etkinlik\/prof-dr-tarkan-okcuoglu-ile-osmanli-resim-sanati\/#primaryimage"},"image":{"@id":"https:\/\/sakipsabancimuzesi.org\/shop\/urun\/egitim-ve-etkinlik\/prof-dr-tarkan-okcuoglu-ile-osmanli-resim-sanati\/#primaryimage"},"thumbnailUrl":"https:\/\/sakipsabancimuzesi.org\/shop\/wp-content\/uploads\/2020\/04\/2020.04.23_SSM_MAILING.jpg","datePublished":"2020-04-27T08:24:51+00:00","dateModified":"2020-05-17T18:56:05+00:00","breadcrumb":{"@id":"https:\/\/sakipsabancimuzesi.org\/shop\/urun\/egitim-ve-etkinlik\/prof-dr-tarkan-okcuoglu-ile-osmanli-resim-sanati\/#breadcrumb"},"inLanguage":"tr","potentialAction":[{"@type":"ReadAction","target":["https:\/\/sakipsabancimuzesi.org\/shop\/urun\/egitim-ve-etkinlik\/prof-dr-tarkan-okcuoglu-ile-osmanli-resim-sanati\/"]}]},{"@type":"ImageObject","inLanguage":"tr","@id":"https:\/\/sakipsabancimuzesi.org\/shop\/urun\/egitim-ve-etkinlik\/prof-dr-tarkan-okcuoglu-ile-osmanli-resim-sanati\/#primaryimage","url":"https:\/\/sakipsabancimuzesi.org\/shop\/wp-content\/uploads\/2020\/04\/2020.04.23_SSM_MAILING.jpg","contentUrl":"https:\/\/sakipsabancimuzesi.org\/shop\/wp-content\/uploads\/2020\/04\/2020.04.23_SSM_MAILING.jpg","width":1081,"height":1081},{"@type":"BreadcrumbList","@id":"https:\/\/sakipsabancimuzesi.org\/shop\/urun\/egitim-ve-etkinlik\/prof-dr-tarkan-okcuoglu-ile-osmanli-resim-sanati\/#breadcrumb","itemListElement":[{"@type":"ListItem","position":1,"name":"Ana sayfa","item":"https:\/\/sakipsabancimuzesi.org\/shop\/"},{"@type":"ListItem","position":2,"name":"Shop","item":"https:\/\/sakipsabancimuzesi.org\/shop\/shop\/"},{"@type":"ListItem","position":3,"name":"Prof. Dr. Tarkan Ok\u00e7uo\u011flu ile Osmanl\u0131 Resim Sanat\u0131"}]},{"@type":"WebSite","@id":"https:\/\/sakipsabancimuzesi.org\/shop\/#website","url":"https:\/\/sakipsabancimuzesi.org\/shop\/","name":"SSM Shop","description":"Sak\u0131p Sabanc\u0131 M\u00fczesi, Ma\u011faza","publisher":{"@id":"https:\/\/sakipsabancimuzesi.org\/shop\/#organization"},"potentialAction":[{"@type":"SearchAction","target":{"@type":"EntryPoint","urlTemplate":"https:\/\/sakipsabancimuzesi.org\/shop\/?s={search_term_string}"},"query-input":{"@type":"PropertyValueSpecification","valueRequired":true,"valueName":"search_term_string"}}],"inLanguage":"tr"},{"@type":"Organization","@id":"https:\/\/sakipsabancimuzesi.org\/shop\/#organization","name":"SSM Shop","url":"https:\/\/sakipsabancimuzesi.org\/shop\/","logo":{"@type":"ImageObject","inLanguage":"tr","@id":"https:\/\/sakipsabancimuzesi.org\/shop\/#\/schema\/logo\/image\/","url":"https:\/\/sakipsabancimuzesi.org\/shop\/wp-content\/uploads\/2019\/11\/logo.png","contentUrl":"https:\/\/sakipsabancimuzesi.org\/shop\/wp-content\/uploads\/2019\/11\/logo.png","width":227,"height":87,"caption":"SSM Shop"},"image":{"@id":"https:\/\/sakipsabancimuzesi.org\/shop\/#\/schema\/logo\/image\/"},"sameAs":["https:\/\/www.facebook.com\/SakipSabanciMuzesi\/"]}]}},"jetpack_sharing_enabled":true,"_links":{"self":[{"href":"https:\/\/sakipsabancimuzesi.org\/shop\/wp-json\/wp\/v2\/product\/13631","targetHints":{"allow":["GET"]}}],"collection":[{"href":"https:\/\/sakipsabancimuzesi.org\/shop\/wp-json\/wp\/v2\/product"}],"about":[{"href":"https:\/\/sakipsabancimuzesi.org\/shop\/wp-json\/wp\/v2\/types\/product"}],"wp:featuredmedia":[{"embeddable":true,"href":"https:\/\/sakipsabancimuzesi.org\/shop\/wp-json\/wp\/v2\/media\/13632"}],"wp:attachment":[{"href":"https:\/\/sakipsabancimuzesi.org\/shop\/wp-json\/wp\/v2\/media?parent=13631"}],"wp:term":[{"taxonomy":"product_brand","embeddable":true,"href":"https:\/\/sakipsabancimuzesi.org\/shop\/wp-json\/wp\/v2\/product_brand?post=13631"},{"taxonomy":"product_cat","embeddable":true,"href":"https:\/\/sakipsabancimuzesi.org\/shop\/wp-json\/wp\/v2\/product_cat?post=13631"},{"taxonomy":"product_tag","embeddable":true,"href":"https:\/\/sakipsabancimuzesi.org\/shop\/wp-json\/wp\/v2\/product_tag?post=13631"},{"taxonomy":"woo-feed-brand","embeddable":true,"href":"https:\/\/sakipsabancimuzesi.org\/shop\/wp-json\/wp\/v2\/woo-feed-brand?post=13631"}],"curies":[{"name":"wp","href":"https:\/\/api.w.org\/{rel}","templated":true}]}}