{"id":149907,"date":"2021-01-25T17:21:56","date_gmt":"2021-01-25T14:21:56","guid":{"rendered":"https:\/\/sakipsabancimuzesi.org\/shop\/?post_type=product&#038;p=149907"},"modified":"2021-02-25T21:39:46","modified_gmt":"2021-02-25T18:39:46","slug":"cevrimici-cocuk-atolyeleri-2021-heykel-atolyesi-6-9-yas","status":"publish","type":"product","link":"https:\/\/sakipsabancimuzesi.org\/shop\/urun\/kategorilenmemis\/cevrimici-cocuk-atolyeleri-2021-heykel-atolyesi-6-9-yas\/","title":{"rendered":"\u00c7evrimi\u00e7i \u00c7ocuk At\u00f6lyeleri 2021 &#8211; Heykel At\u00f6lyesi (6-9 ya\u015f)"},"content":{"rendered":"<p>\u201cHeykel sanat\u0131 nedir?\u201d sorusundan yola \u00e7\u0131kan at\u00f6lyede, \u0130lhan Koman\u2019\u0131n Akdeniz heykeli incelenecek. Kat\u0131l\u0131mc\u0131lar daha sonra bir kutu kapa\u011f\u0131 i\u00e7inde seramik hamuruyla yapt\u0131klar\u0131 \u00e7al\u0131\u015fmada, Koman\u2019\u0131n fig\u00fcrlerinden birini kendilerine g\u00f6re yorumlayacak. At\u00f6lyenin son a\u015famas\u0131nda ise akrilik boyalarla \u00e7al\u0131\u015fman\u0131n fonu renklendirilecek.<\/p>\n<p>Malzemeler: Ayakkab\u0131 kutusu kapa\u011f\u0131, seramik hamuru\/kil, su kab\u0131, akrilik boya, f\u0131r\u00e7a<\/p>\n<p>\u00d6nemli Bilgiler:<\/p>\n<p>&#8211; Kat\u0131l\u0131mc\u0131lar, at\u00f6lyede kullanacaklar\u0131 malzemeleri kendileri temin etmelidir.<\/p>\n<p>&#8211; Sat\u0131n alma i\u015flemi s\u0131ras\u0131nda ek bilgi b\u00f6l\u00fcm\u00fcne kat\u0131l\u0131mc\u0131n\u0131n ad\u0131 ve ya\u015f\u0131 yaz\u0131lmal\u0131d\u0131r.<\/p>\n<p>&#8211; At\u00f6lye, Zoom servisi \u00fczerinden ger\u00e7ekle\u015ftirilir. At\u00f6lyeye kat\u0131l\u0131m linki, sat\u0131n alma i\u015flemi sonras\u0131 g\u00f6nderilecek e-postada payla\u015f\u0131laca\u011f\u0131 i\u00e7in e-posta adresinizi belirtmeniz gerekmektedir.<\/p>\n<p>&#8211; \u0130nternet ba\u011flant\u0131s\u0131ndan do\u011fabilecek aksakl\u0131k ve ma\u011fduriyetlerden SSM sorumlu de\u011fildir.<\/p>\n<p>&#8211; Kat\u0131l\u0131mc\u0131lar\u0131n ki\u015fisel sebeplerle e\u011fitime kat\u0131lamamas\u0131 durumunda \u00fccret iadesi veya de\u011fi\u015fiklik yap\u0131lmaz.<\/p>\n<p>&#8211; At\u00f6lyelere bilet alan her kat\u0131l\u0131mc\u0131, bilgisayar\u0131ndaki mikrofon ve kameran\u0131n a\u00e7\u0131k olaca\u011f\u0131n\u0131 kabul eder.<\/p>\n","protected":false},"excerpt":{"rendered":"<p>13 Mart Cumartesi, 12.00 &#8211; 13.00<\/p>\n","protected":false},"featured_media":161896,"template":"","meta":{"_exactmetrics_skip_tracking":false,"_exactmetrics_sitenote_active":false,"_exactmetrics_sitenote_note":"","_exactmetrics_sitenote_category":0},"product_brand":[],"product_cat":[],"product_tag":[255,375,253],"woo-feed-brand":[],"class_list":{"0":"post-149907","1":"product","2":"type-product","3":"status-publish","4":"has-post-thumbnail","6":"product_tag-atolye","7":"product_tag-cevrimici","8":"product_tag-cocuk","10":"first","11":"outofstock","12":"virtual","13":"taxable","14":"purchasable","15":"product-type-simple"},"yoast_head":"<!-- This site is optimized with the Yoast SEO plugin v27.1.1 - https:\/\/yoast.com\/product\/yoast-seo-wordpress\/ -->\n<title>\u00c7evrimi\u00e7i \u00c7ocuk At\u00f6lyeleri 2021 - Heykel At\u00f6lyesi (6-9 ya\u015f) - SSM Shop<\/title>\n<meta name=\"robots\" content=\"index, follow, max-snippet:-1, max-image-preview:large, max-video-preview:-1\" \/>\n<link rel=\"canonical\" href=\"https:\/\/sakipsabancimuzesi.org\/shop\/urun\/egitim-ve-etkinlik\/cevrimici-cocuk-atolyeleri-2021-heykel-atolyesi-6-9-yas\/\" \/>\n<meta property=\"og:locale\" content=\"tr_TR\" \/>\n<meta property=\"og:type\" content=\"article\" \/>\n<meta property=\"og:title\" content=\"\u00c7evrimi\u00e7i \u00c7ocuk At\u00f6lyeleri 2021 - Heykel At\u00f6lyesi (6-9 ya\u015f) - SSM Shop\" \/>\n<meta property=\"og:description\" content=\"13 Mart Cumartesi, 12.00 - 13.00\" \/>\n<meta property=\"og:url\" content=\"https:\/\/sakipsabancimuzesi.org\/shop\/urun\/egitim-ve-etkinlik\/cevrimici-cocuk-atolyeleri-2021-heykel-atolyesi-6-9-yas\/\" \/>\n<meta property=\"og:site_name\" content=\"SSM Shop\" \/>\n<meta property=\"article:publisher\" content=\"https:\/\/www.facebook.com\/SakipSabanciMuzesi\/\" \/>\n<meta property=\"article:modified_time\" content=\"2021-02-25T18:39:46+00:00\" \/>\n<meta property=\"og:image\" content=\"https:\/\/sakipsabancimuzesi.org\/shop\/wp-content\/uploads\/2021\/01\/ssm_Atolye-05.png\" \/>\n\t<meta property=\"og:image:width\" content=\"1081\" \/>\n\t<meta property=\"og:image:height\" content=\"1081\" \/>\n\t<meta property=\"og:image:type\" content=\"image\/png\" \/>\n<meta name=\"twitter:card\" content=\"summary_large_image\" \/>\n<meta name=\"twitter:label1\" content=\"Tahmini okuma s\u00fcresi\" \/>\n\t<meta name=\"twitter:data1\" content=\"1 dakika\" \/>\n<script type=\"application\/ld+json\" class=\"yoast-schema-graph\">{\"@context\":\"https:\/\/schema.org\",\"@graph\":[{\"@type\":\"WebPage\",\"@id\":\"https:\/\/sakipsabancimuzesi.org\/shop\/urun\/egitim-ve-etkinlik\/cevrimici-cocuk-atolyeleri-2021-heykel-atolyesi-6-9-yas\/\",\"url\":\"https:\/\/sakipsabancimuzesi.org\/shop\/urun\/egitim-ve-etkinlik\/cevrimici-cocuk-atolyeleri-2021-heykel-atolyesi-6-9-yas\/\",\"name\":\"\u00c7evrimi\u00e7i \u00c7ocuk At\u00f6lyeleri 2021 - Heykel At\u00f6lyesi (6-9 ya\u015f) - SSM Shop\",\"isPartOf\":{\"@id\":\"https:\/\/sakipsabancimuzesi.org\/shop\/#website\"},\"primaryImageOfPage\":{\"@id\":\"https:\/\/sakipsabancimuzesi.org\/shop\/urun\/egitim-ve-etkinlik\/cevrimici-cocuk-atolyeleri-2021-heykel-atolyesi-6-9-yas\/#primaryimage\"},\"image\":{\"@id\":\"https:\/\/sakipsabancimuzesi.org\/shop\/urun\/egitim-ve-etkinlik\/cevrimici-cocuk-atolyeleri-2021-heykel-atolyesi-6-9-yas\/#primaryimage\"},\"thumbnailUrl\":\"https:\/\/sakipsabancimuzesi.org\/shop\/wp-content\/uploads\/2021\/01\/ssm_Atolye-05.png\",\"datePublished\":\"2021-01-25T14:21:56+00:00\",\"dateModified\":\"2021-02-25T18:39:46+00:00\",\"breadcrumb\":{\"@id\":\"https:\/\/sakipsabancimuzesi.org\/shop\/urun\/egitim-ve-etkinlik\/cevrimici-cocuk-atolyeleri-2021-heykel-atolyesi-6-9-yas\/#breadcrumb\"},\"inLanguage\":\"tr\",\"potentialAction\":[{\"@type\":\"ReadAction\",\"target\":[\"https:\/\/sakipsabancimuzesi.org\/shop\/urun\/egitim-ve-etkinlik\/cevrimici-cocuk-atolyeleri-2021-heykel-atolyesi-6-9-yas\/\"]}]},{\"@type\":\"ImageObject\",\"inLanguage\":\"tr\",\"@id\":\"https:\/\/sakipsabancimuzesi.org\/shop\/urun\/egitim-ve-etkinlik\/cevrimici-cocuk-atolyeleri-2021-heykel-atolyesi-6-9-yas\/#primaryimage\",\"url\":\"https:\/\/sakipsabancimuzesi.org\/shop\/wp-content\/uploads\/2021\/01\/ssm_Atolye-05.png\",\"contentUrl\":\"https:\/\/sakipsabancimuzesi.org\/shop\/wp-content\/uploads\/2021\/01\/ssm_Atolye-05.png\",\"width\":1081,\"height\":1081},{\"@type\":\"BreadcrumbList\",\"@id\":\"https:\/\/sakipsabancimuzesi.org\/shop\/urun\/egitim-ve-etkinlik\/cevrimici-cocuk-atolyeleri-2021-heykel-atolyesi-6-9-yas\/#breadcrumb\",\"itemListElement\":[{\"@type\":\"ListItem\",\"position\":1,\"name\":\"Ana sayfa\",\"item\":\"https:\/\/sakipsabancimuzesi.org\/shop\/\"},{\"@type\":\"ListItem\",\"position\":2,\"name\":\"Shop\",\"item\":\"https:\/\/sakipsabancimuzesi.org\/shop\/shop\/\"},{\"@type\":\"ListItem\",\"position\":3,\"name\":\"\u00c7evrimi\u00e7i \u00c7ocuk At\u00f6lyeleri 2021 &#8211; Heykel At\u00f6lyesi (6-9 ya\u015f)\"}]},{\"@type\":\"WebSite\",\"@id\":\"https:\/\/sakipsabancimuzesi.org\/shop\/#website\",\"url\":\"https:\/\/sakipsabancimuzesi.org\/shop\/\",\"name\":\"SSM Shop\",\"description\":\"Sak\u0131p Sabanc\u0131 M\u00fczesi, Ma\u011faza\",\"publisher\":{\"@id\":\"https:\/\/sakipsabancimuzesi.org\/shop\/#organization\"},\"potentialAction\":[{\"@type\":\"SearchAction\",\"target\":{\"@type\":\"EntryPoint\",\"urlTemplate\":\"https:\/\/sakipsabancimuzesi.org\/shop\/?s={search_term_string}\"},\"query-input\":{\"@type\":\"PropertyValueSpecification\",\"valueRequired\":true,\"valueName\":\"search_term_string\"}}],\"inLanguage\":\"tr\"},{\"@type\":\"Organization\",\"@id\":\"https:\/\/sakipsabancimuzesi.org\/shop\/#organization\",\"name\":\"SSM Shop\",\"url\":\"https:\/\/sakipsabancimuzesi.org\/shop\/\",\"logo\":{\"@type\":\"ImageObject\",\"inLanguage\":\"tr\",\"@id\":\"https:\/\/sakipsabancimuzesi.org\/shop\/#\/schema\/logo\/image\/\",\"url\":\"https:\/\/sakipsabancimuzesi.org\/shop\/wp-content\/uploads\/2019\/11\/logo.png\",\"contentUrl\":\"https:\/\/sakipsabancimuzesi.org\/shop\/wp-content\/uploads\/2019\/11\/logo.png\",\"width\":227,\"height\":87,\"caption\":\"SSM Shop\"},\"image\":{\"@id\":\"https:\/\/sakipsabancimuzesi.org\/shop\/#\/schema\/logo\/image\/\"},\"sameAs\":[\"https:\/\/www.facebook.com\/SakipSabanciMuzesi\/\"]}]}<\/script>\n<!-- \/ Yoast SEO plugin. -->","yoast_head_json":{"title":"\u00c7evrimi\u00e7i \u00c7ocuk At\u00f6lyeleri 2021 - Heykel At\u00f6lyesi (6-9 ya\u015f) - SSM Shop","robots":{"index":"index","follow":"follow","max-snippet":"max-snippet:-1","max-image-preview":"max-image-preview:large","max-video-preview":"max-video-preview:-1"},"canonical":"https:\/\/sakipsabancimuzesi.org\/shop\/urun\/egitim-ve-etkinlik\/cevrimici-cocuk-atolyeleri-2021-heykel-atolyesi-6-9-yas\/","og_locale":"tr_TR","og_type":"article","og_title":"\u00c7evrimi\u00e7i \u00c7ocuk At\u00f6lyeleri 2021 - Heykel At\u00f6lyesi (6-9 ya\u015f) - SSM Shop","og_description":"13 Mart Cumartesi, 12.00 - 13.00","og_url":"https:\/\/sakipsabancimuzesi.org\/shop\/urun\/egitim-ve-etkinlik\/cevrimici-cocuk-atolyeleri-2021-heykel-atolyesi-6-9-yas\/","og_site_name":"SSM Shop","article_publisher":"https:\/\/www.facebook.com\/SakipSabanciMuzesi\/","article_modified_time":"2021-02-25T18:39:46+00:00","og_image":[{"width":1081,"height":1081,"url":"https:\/\/sakipsabancimuzesi.org\/shop\/wp-content\/uploads\/2021\/01\/ssm_Atolye-05.png","type":"image\/png"}],"twitter_card":"summary_large_image","twitter_misc":{"Tahmini okuma s\u00fcresi":"1 dakika"},"schema":{"@context":"https:\/\/schema.org","@graph":[{"@type":"WebPage","@id":"https:\/\/sakipsabancimuzesi.org\/shop\/urun\/egitim-ve-etkinlik\/cevrimici-cocuk-atolyeleri-2021-heykel-atolyesi-6-9-yas\/","url":"https:\/\/sakipsabancimuzesi.org\/shop\/urun\/egitim-ve-etkinlik\/cevrimici-cocuk-atolyeleri-2021-heykel-atolyesi-6-9-yas\/","name":"\u00c7evrimi\u00e7i \u00c7ocuk At\u00f6lyeleri 2021 - Heykel At\u00f6lyesi (6-9 ya\u015f) - SSM Shop","isPartOf":{"@id":"https:\/\/sakipsabancimuzesi.org\/shop\/#website"},"primaryImageOfPage":{"@id":"https:\/\/sakipsabancimuzesi.org\/shop\/urun\/egitim-ve-etkinlik\/cevrimici-cocuk-atolyeleri-2021-heykel-atolyesi-6-9-yas\/#primaryimage"},"image":{"@id":"https:\/\/sakipsabancimuzesi.org\/shop\/urun\/egitim-ve-etkinlik\/cevrimici-cocuk-atolyeleri-2021-heykel-atolyesi-6-9-yas\/#primaryimage"},"thumbnailUrl":"https:\/\/sakipsabancimuzesi.org\/shop\/wp-content\/uploads\/2021\/01\/ssm_Atolye-05.png","datePublished":"2021-01-25T14:21:56+00:00","dateModified":"2021-02-25T18:39:46+00:00","breadcrumb":{"@id":"https:\/\/sakipsabancimuzesi.org\/shop\/urun\/egitim-ve-etkinlik\/cevrimici-cocuk-atolyeleri-2021-heykel-atolyesi-6-9-yas\/#breadcrumb"},"inLanguage":"tr","potentialAction":[{"@type":"ReadAction","target":["https:\/\/sakipsabancimuzesi.org\/shop\/urun\/egitim-ve-etkinlik\/cevrimici-cocuk-atolyeleri-2021-heykel-atolyesi-6-9-yas\/"]}]},{"@type":"ImageObject","inLanguage":"tr","@id":"https:\/\/sakipsabancimuzesi.org\/shop\/urun\/egitim-ve-etkinlik\/cevrimici-cocuk-atolyeleri-2021-heykel-atolyesi-6-9-yas\/#primaryimage","url":"https:\/\/sakipsabancimuzesi.org\/shop\/wp-content\/uploads\/2021\/01\/ssm_Atolye-05.png","contentUrl":"https:\/\/sakipsabancimuzesi.org\/shop\/wp-content\/uploads\/2021\/01\/ssm_Atolye-05.png","width":1081,"height":1081},{"@type":"BreadcrumbList","@id":"https:\/\/sakipsabancimuzesi.org\/shop\/urun\/egitim-ve-etkinlik\/cevrimici-cocuk-atolyeleri-2021-heykel-atolyesi-6-9-yas\/#breadcrumb","itemListElement":[{"@type":"ListItem","position":1,"name":"Ana sayfa","item":"https:\/\/sakipsabancimuzesi.org\/shop\/"},{"@type":"ListItem","position":2,"name":"Shop","item":"https:\/\/sakipsabancimuzesi.org\/shop\/shop\/"},{"@type":"ListItem","position":3,"name":"\u00c7evrimi\u00e7i \u00c7ocuk At\u00f6lyeleri 2021 &#8211; Heykel At\u00f6lyesi (6-9 ya\u015f)"}]},{"@type":"WebSite","@id":"https:\/\/sakipsabancimuzesi.org\/shop\/#website","url":"https:\/\/sakipsabancimuzesi.org\/shop\/","name":"SSM Shop","description":"Sak\u0131p Sabanc\u0131 M\u00fczesi, Ma\u011faza","publisher":{"@id":"https:\/\/sakipsabancimuzesi.org\/shop\/#organization"},"potentialAction":[{"@type":"SearchAction","target":{"@type":"EntryPoint","urlTemplate":"https:\/\/sakipsabancimuzesi.org\/shop\/?s={search_term_string}"},"query-input":{"@type":"PropertyValueSpecification","valueRequired":true,"valueName":"search_term_string"}}],"inLanguage":"tr"},{"@type":"Organization","@id":"https:\/\/sakipsabancimuzesi.org\/shop\/#organization","name":"SSM Shop","url":"https:\/\/sakipsabancimuzesi.org\/shop\/","logo":{"@type":"ImageObject","inLanguage":"tr","@id":"https:\/\/sakipsabancimuzesi.org\/shop\/#\/schema\/logo\/image\/","url":"https:\/\/sakipsabancimuzesi.org\/shop\/wp-content\/uploads\/2019\/11\/logo.png","contentUrl":"https:\/\/sakipsabancimuzesi.org\/shop\/wp-content\/uploads\/2019\/11\/logo.png","width":227,"height":87,"caption":"SSM Shop"},"image":{"@id":"https:\/\/sakipsabancimuzesi.org\/shop\/#\/schema\/logo\/image\/"},"sameAs":["https:\/\/www.facebook.com\/SakipSabanciMuzesi\/"]}]}},"jetpack_sharing_enabled":true,"_links":{"self":[{"href":"https:\/\/sakipsabancimuzesi.org\/shop\/wp-json\/wp\/v2\/product\/149907","targetHints":{"allow":["GET"]}}],"collection":[{"href":"https:\/\/sakipsabancimuzesi.org\/shop\/wp-json\/wp\/v2\/product"}],"about":[{"href":"https:\/\/sakipsabancimuzesi.org\/shop\/wp-json\/wp\/v2\/types\/product"}],"wp:featuredmedia":[{"embeddable":true,"href":"https:\/\/sakipsabancimuzesi.org\/shop\/wp-json\/wp\/v2\/media\/161896"}],"wp:attachment":[{"href":"https:\/\/sakipsabancimuzesi.org\/shop\/wp-json\/wp\/v2\/media?parent=149907"}],"wp:term":[{"taxonomy":"product_brand","embeddable":true,"href":"https:\/\/sakipsabancimuzesi.org\/shop\/wp-json\/wp\/v2\/product_brand?post=149907"},{"taxonomy":"product_cat","embeddable":true,"href":"https:\/\/sakipsabancimuzesi.org\/shop\/wp-json\/wp\/v2\/product_cat?post=149907"},{"taxonomy":"product_tag","embeddable":true,"href":"https:\/\/sakipsabancimuzesi.org\/shop\/wp-json\/wp\/v2\/product_tag?post=149907"},{"taxonomy":"woo-feed-brand","embeddable":true,"href":"https:\/\/sakipsabancimuzesi.org\/shop\/wp-json\/wp\/v2\/woo-feed-brand?post=149907"}],"curies":[{"name":"wp","href":"https:\/\/api.w.org\/{rel}","templated":true}]}}