{"id":16702,"date":"2020-06-18T12:23:42","date_gmt":"2020-06-18T09:23:42","guid":{"rendered":"https:\/\/sakipsabancimuzesi.org\/shop\/?post_type=product&#038;p=16702"},"modified":"2020-07-08T20:02:58","modified_gmt":"2020-07-08T17:02:58","slug":"fotograf-ile-hikaye-anlatimi-14-17-yas","status":"publish","type":"product","link":"https:\/\/sakipsabancimuzesi.org\/shop\/urun\/kategorilenmemis\/fotograf-ile-hikaye-anlatimi-14-17-yas\/","title":{"rendered":"2020 Yaz Okulu: Foto\u011fraf ile Hikaye Anlat\u0131m\u0131 (14-17 ya\u015f)"},"content":{"rendered":"<p>Foto\u011fraf\u00e7\u0131l\u0131\u011f\u0131 tan\u0131tmay\u0131 ama\u00e7layan programda, gen\u00e7 kat\u0131l\u0131mc\u0131lar, temel bilgilerin yan\u0131 s\u0131ra foto\u011fraf serileri yoluyla hik\u00e2ye kurgulama \u00e7al\u0131\u015fmalar\u0131 da ger\u00e7ekle\u015ftirecek.\u00a0\u0130ki d\u00f6nem de ayn\u0131 derslerden olu\u015fmaktad\u0131r, tercih etti\u011finiz d\u00f6neme kay\u0131t yapt\u0131rabilirsiniz. Kay\u0131t \u00fccreti bir d\u00f6nemi kapsamaktad\u0131r. G\u00fcnl\u00fck kay\u0131t se\u00e7ene\u011fi bulunmamaktad\u0131r.\u00a0Kat\u0131l\u0131m linki, program\u0131n ilk g\u00fcn\u00fcnde, SSM Ma\u011faza sayfas\u0131nda kay\u0131t i\u00e7in kulland\u0131\u011f\u0131n\u0131z e-posta adresine g\u00f6nderilecektir. Dersler Zoom servisi \u00fczerinden ger\u00e7ekle\u015ftirilecektir.<\/p>\n","protected":false},"excerpt":{"rendered":"<p>Foto\u011fraf\u00e7\u0131l\u0131\u011f\u0131 tan\u0131tmay\u0131 ama\u00e7layan programda, gen\u00e7 kat\u0131l\u0131mc\u0131lar, temel bilgilerin yan\u0131 s\u0131ra foto\u011fraf serileri yoluyla hik\u00e2ye kurgulama \u00e7al\u0131\u015fmalar\u0131 da ger\u00e7ekle\u015ftirecek.\u00a0\u0130ki d\u00f6nem de ayn\u0131 derslerden olu\u015fmaktad\u0131r, tercih etti\u011finiz d\u00f6neme kay\u0131t yapt\u0131rabilirsiniz. Kay\u0131t \u00fccreti bir d\u00f6nemi kapsamaktad\u0131r. G\u00fcnl\u00fck kay\u0131t se\u00e7ene\u011fi bulunmamaktad\u0131r.\u00a0Kat\u0131l\u0131m linki, program\u0131n ilk g\u00fcn\u00fcnde, SSM Ma\u011faza sayfas\u0131nda kay\u0131t i\u00e7in kulland\u0131\u011f\u0131n\u0131z e-posta adresine g\u00f6nderilecektir. Dersler Zoom servisi \u00fczerinden ger\u00e7ekle\u015ftirilecektir.<\/p>\n","protected":false},"featured_media":16758,"template":"","meta":{"_exactmetrics_skip_tracking":false,"_exactmetrics_sitenote_active":false,"_exactmetrics_sitenote_note":"","_exactmetrics_sitenote_category":0},"product_brand":[],"product_cat":[],"product_tag":[],"woo-feed-brand":[],"class_list":{"0":"post-16702","1":"product","2":"type-product","3":"status-publish","4":"has-post-thumbnail","7":"first","8":"outofstock","9":"taxable","10":"shipping-taxable","11":"purchasable","12":"product-type-variable"},"yoast_head":"<!-- This site is optimized with the Yoast SEO plugin v27.1.1 - https:\/\/yoast.com\/product\/yoast-seo-wordpress\/ -->\n<title>2020 Yaz Okulu: Foto\u011fraf ile Hikaye Anlat\u0131m\u0131 (14-17 ya\u015f) - SSM Shop<\/title>\n<meta name=\"robots\" content=\"index, follow, max-snippet:-1, max-image-preview:large, max-video-preview:-1\" \/>\n<link rel=\"canonical\" href=\"https:\/\/sakipsabancimuzesi.org\/shop\/urun\/egitim-ve-etkinlik\/fotograf-ile-hikaye-anlatimi-14-17-yas\/\" \/>\n<meta property=\"og:locale\" content=\"tr_TR\" \/>\n<meta property=\"og:type\" content=\"article\" \/>\n<meta property=\"og:title\" content=\"2020 Yaz Okulu: Foto\u011fraf ile Hikaye Anlat\u0131m\u0131 (14-17 ya\u015f) - SSM Shop\" \/>\n<meta property=\"og:description\" content=\"Foto\u011fraf\u00e7\u0131l\u0131\u011f\u0131 tan\u0131tmay\u0131 ama\u00e7layan programda, gen\u00e7 kat\u0131l\u0131mc\u0131lar, temel bilgilerin yan\u0131 s\u0131ra foto\u011fraf serileri yoluyla hik\u00e2ye kurgulama \u00e7al\u0131\u015fmalar\u0131 da ger\u00e7ekle\u015ftirecek.\u00a0\u0130ki d\u00f6nem de ayn\u0131 derslerden olu\u015fmaktad\u0131r, tercih etti\u011finiz d\u00f6neme kay\u0131t yapt\u0131rabilirsiniz. Kay\u0131t \u00fccreti bir d\u00f6nemi kapsamaktad\u0131r. G\u00fcnl\u00fck kay\u0131t se\u00e7ene\u011fi bulunmamaktad\u0131r.\u00a0Kat\u0131l\u0131m linki, program\u0131n ilk g\u00fcn\u00fcnde, SSM Ma\u011faza sayfas\u0131nda kay\u0131t i\u00e7in kulland\u0131\u011f\u0131n\u0131z e-posta adresine g\u00f6nderilecektir. Dersler Zoom servisi \u00fczerinden ger\u00e7ekle\u015ftirilecektir.\" \/>\n<meta property=\"og:url\" content=\"https:\/\/sakipsabancimuzesi.org\/shop\/urun\/egitim-ve-etkinlik\/fotograf-ile-hikaye-anlatimi-14-17-yas\/\" \/>\n<meta property=\"og:site_name\" content=\"SSM Shop\" \/>\n<meta property=\"article:publisher\" content=\"https:\/\/www.facebook.com\/SakipSabanciMuzesi\/\" \/>\n<meta property=\"article:modified_time\" content=\"2020-07-08T17:02:58+00:00\" \/>\n<meta property=\"og:image\" content=\"https:\/\/sakipsabancimuzesi.org\/shop\/wp-content\/uploads\/2020\/06\/yaz_okulu_sm.jpg\" \/>\n\t<meta property=\"og:image:width\" content=\"1080\" \/>\n\t<meta property=\"og:image:height\" content=\"1080\" \/>\n\t<meta property=\"og:image:type\" content=\"image\/jpeg\" \/>\n<meta name=\"twitter:card\" content=\"summary_large_image\" \/>\n<meta name=\"twitter:label1\" content=\"Tahmini okuma s\u00fcresi\" \/>\n\t<meta name=\"twitter:data1\" content=\"1 dakika\" \/>\n<script type=\"application\/ld+json\" class=\"yoast-schema-graph\">{\"@context\":\"https:\/\/schema.org\",\"@graph\":[{\"@type\":\"WebPage\",\"@id\":\"https:\/\/sakipsabancimuzesi.org\/shop\/urun\/egitim-ve-etkinlik\/fotograf-ile-hikaye-anlatimi-14-17-yas\/\",\"url\":\"https:\/\/sakipsabancimuzesi.org\/shop\/urun\/egitim-ve-etkinlik\/fotograf-ile-hikaye-anlatimi-14-17-yas\/\",\"name\":\"2020 Yaz Okulu: Foto\u011fraf ile Hikaye Anlat\u0131m\u0131 (14-17 ya\u015f) - SSM Shop\",\"isPartOf\":{\"@id\":\"https:\/\/sakipsabancimuzesi.org\/shop\/#website\"},\"primaryImageOfPage\":{\"@id\":\"https:\/\/sakipsabancimuzesi.org\/shop\/urun\/egitim-ve-etkinlik\/fotograf-ile-hikaye-anlatimi-14-17-yas\/#primaryimage\"},\"image\":{\"@id\":\"https:\/\/sakipsabancimuzesi.org\/shop\/urun\/egitim-ve-etkinlik\/fotograf-ile-hikaye-anlatimi-14-17-yas\/#primaryimage\"},\"thumbnailUrl\":\"https:\/\/sakipsabancimuzesi.org\/shop\/wp-content\/uploads\/2020\/06\/yaz_okulu_sm.jpg\",\"datePublished\":\"2020-06-18T09:23:42+00:00\",\"dateModified\":\"2020-07-08T17:02:58+00:00\",\"breadcrumb\":{\"@id\":\"https:\/\/sakipsabancimuzesi.org\/shop\/urun\/egitim-ve-etkinlik\/fotograf-ile-hikaye-anlatimi-14-17-yas\/#breadcrumb\"},\"inLanguage\":\"tr\",\"potentialAction\":[{\"@type\":\"ReadAction\",\"target\":[\"https:\/\/sakipsabancimuzesi.org\/shop\/urun\/egitim-ve-etkinlik\/fotograf-ile-hikaye-anlatimi-14-17-yas\/\"]}]},{\"@type\":\"ImageObject\",\"inLanguage\":\"tr\",\"@id\":\"https:\/\/sakipsabancimuzesi.org\/shop\/urun\/egitim-ve-etkinlik\/fotograf-ile-hikaye-anlatimi-14-17-yas\/#primaryimage\",\"url\":\"https:\/\/sakipsabancimuzesi.org\/shop\/wp-content\/uploads\/2020\/06\/yaz_okulu_sm.jpg\",\"contentUrl\":\"https:\/\/sakipsabancimuzesi.org\/shop\/wp-content\/uploads\/2020\/06\/yaz_okulu_sm.jpg\",\"width\":1080,\"height\":1080},{\"@type\":\"BreadcrumbList\",\"@id\":\"https:\/\/sakipsabancimuzesi.org\/shop\/urun\/egitim-ve-etkinlik\/fotograf-ile-hikaye-anlatimi-14-17-yas\/#breadcrumb\",\"itemListElement\":[{\"@type\":\"ListItem\",\"position\":1,\"name\":\"Ana sayfa\",\"item\":\"https:\/\/sakipsabancimuzesi.org\/shop\/\"},{\"@type\":\"ListItem\",\"position\":2,\"name\":\"Shop\",\"item\":\"https:\/\/sakipsabancimuzesi.org\/shop\/shop\/\"},{\"@type\":\"ListItem\",\"position\":3,\"name\":\"2020 Yaz Okulu: Foto\u011fraf ile Hikaye Anlat\u0131m\u0131 (14-17 ya\u015f)\"}]},{\"@type\":\"WebSite\",\"@id\":\"https:\/\/sakipsabancimuzesi.org\/shop\/#website\",\"url\":\"https:\/\/sakipsabancimuzesi.org\/shop\/\",\"name\":\"SSM Shop\",\"description\":\"Sak\u0131p Sabanc\u0131 M\u00fczesi, Ma\u011faza\",\"publisher\":{\"@id\":\"https:\/\/sakipsabancimuzesi.org\/shop\/#organization\"},\"potentialAction\":[{\"@type\":\"SearchAction\",\"target\":{\"@type\":\"EntryPoint\",\"urlTemplate\":\"https:\/\/sakipsabancimuzesi.org\/shop\/?s={search_term_string}\"},\"query-input\":{\"@type\":\"PropertyValueSpecification\",\"valueRequired\":true,\"valueName\":\"search_term_string\"}}],\"inLanguage\":\"tr\"},{\"@type\":\"Organization\",\"@id\":\"https:\/\/sakipsabancimuzesi.org\/shop\/#organization\",\"name\":\"SSM Shop\",\"url\":\"https:\/\/sakipsabancimuzesi.org\/shop\/\",\"logo\":{\"@type\":\"ImageObject\",\"inLanguage\":\"tr\",\"@id\":\"https:\/\/sakipsabancimuzesi.org\/shop\/#\/schema\/logo\/image\/\",\"url\":\"https:\/\/sakipsabancimuzesi.org\/shop\/wp-content\/uploads\/2019\/11\/logo.png\",\"contentUrl\":\"https:\/\/sakipsabancimuzesi.org\/shop\/wp-content\/uploads\/2019\/11\/logo.png\",\"width\":227,\"height\":87,\"caption\":\"SSM Shop\"},\"image\":{\"@id\":\"https:\/\/sakipsabancimuzesi.org\/shop\/#\/schema\/logo\/image\/\"},\"sameAs\":[\"https:\/\/www.facebook.com\/SakipSabanciMuzesi\/\"]}]}<\/script>\n<!-- \/ Yoast SEO plugin. -->","yoast_head_json":{"title":"2020 Yaz Okulu: Foto\u011fraf ile Hikaye Anlat\u0131m\u0131 (14-17 ya\u015f) - SSM Shop","robots":{"index":"index","follow":"follow","max-snippet":"max-snippet:-1","max-image-preview":"max-image-preview:large","max-video-preview":"max-video-preview:-1"},"canonical":"https:\/\/sakipsabancimuzesi.org\/shop\/urun\/egitim-ve-etkinlik\/fotograf-ile-hikaye-anlatimi-14-17-yas\/","og_locale":"tr_TR","og_type":"article","og_title":"2020 Yaz Okulu: Foto\u011fraf ile Hikaye Anlat\u0131m\u0131 (14-17 ya\u015f) - SSM Shop","og_description":"Foto\u011fraf\u00e7\u0131l\u0131\u011f\u0131 tan\u0131tmay\u0131 ama\u00e7layan programda, gen\u00e7 kat\u0131l\u0131mc\u0131lar, temel bilgilerin yan\u0131 s\u0131ra foto\u011fraf serileri yoluyla hik\u00e2ye kurgulama \u00e7al\u0131\u015fmalar\u0131 da ger\u00e7ekle\u015ftirecek.\u00a0\u0130ki d\u00f6nem de ayn\u0131 derslerden olu\u015fmaktad\u0131r, tercih etti\u011finiz d\u00f6neme kay\u0131t yapt\u0131rabilirsiniz. Kay\u0131t \u00fccreti bir d\u00f6nemi kapsamaktad\u0131r. G\u00fcnl\u00fck kay\u0131t se\u00e7ene\u011fi bulunmamaktad\u0131r.\u00a0Kat\u0131l\u0131m linki, program\u0131n ilk g\u00fcn\u00fcnde, SSM Ma\u011faza sayfas\u0131nda kay\u0131t i\u00e7in kulland\u0131\u011f\u0131n\u0131z e-posta adresine g\u00f6nderilecektir. Dersler Zoom servisi \u00fczerinden ger\u00e7ekle\u015ftirilecektir.","og_url":"https:\/\/sakipsabancimuzesi.org\/shop\/urun\/egitim-ve-etkinlik\/fotograf-ile-hikaye-anlatimi-14-17-yas\/","og_site_name":"SSM Shop","article_publisher":"https:\/\/www.facebook.com\/SakipSabanciMuzesi\/","article_modified_time":"2020-07-08T17:02:58+00:00","og_image":[{"width":1080,"height":1080,"url":"https:\/\/sakipsabancimuzesi.org\/shop\/wp-content\/uploads\/2020\/06\/yaz_okulu_sm.jpg","type":"image\/jpeg"}],"twitter_card":"summary_large_image","twitter_misc":{"Tahmini okuma s\u00fcresi":"1 dakika"},"schema":{"@context":"https:\/\/schema.org","@graph":[{"@type":"WebPage","@id":"https:\/\/sakipsabancimuzesi.org\/shop\/urun\/egitim-ve-etkinlik\/fotograf-ile-hikaye-anlatimi-14-17-yas\/","url":"https:\/\/sakipsabancimuzesi.org\/shop\/urun\/egitim-ve-etkinlik\/fotograf-ile-hikaye-anlatimi-14-17-yas\/","name":"2020 Yaz Okulu: Foto\u011fraf ile Hikaye Anlat\u0131m\u0131 (14-17 ya\u015f) - SSM Shop","isPartOf":{"@id":"https:\/\/sakipsabancimuzesi.org\/shop\/#website"},"primaryImageOfPage":{"@id":"https:\/\/sakipsabancimuzesi.org\/shop\/urun\/egitim-ve-etkinlik\/fotograf-ile-hikaye-anlatimi-14-17-yas\/#primaryimage"},"image":{"@id":"https:\/\/sakipsabancimuzesi.org\/shop\/urun\/egitim-ve-etkinlik\/fotograf-ile-hikaye-anlatimi-14-17-yas\/#primaryimage"},"thumbnailUrl":"https:\/\/sakipsabancimuzesi.org\/shop\/wp-content\/uploads\/2020\/06\/yaz_okulu_sm.jpg","datePublished":"2020-06-18T09:23:42+00:00","dateModified":"2020-07-08T17:02:58+00:00","breadcrumb":{"@id":"https:\/\/sakipsabancimuzesi.org\/shop\/urun\/egitim-ve-etkinlik\/fotograf-ile-hikaye-anlatimi-14-17-yas\/#breadcrumb"},"inLanguage":"tr","potentialAction":[{"@type":"ReadAction","target":["https:\/\/sakipsabancimuzesi.org\/shop\/urun\/egitim-ve-etkinlik\/fotograf-ile-hikaye-anlatimi-14-17-yas\/"]}]},{"@type":"ImageObject","inLanguage":"tr","@id":"https:\/\/sakipsabancimuzesi.org\/shop\/urun\/egitim-ve-etkinlik\/fotograf-ile-hikaye-anlatimi-14-17-yas\/#primaryimage","url":"https:\/\/sakipsabancimuzesi.org\/shop\/wp-content\/uploads\/2020\/06\/yaz_okulu_sm.jpg","contentUrl":"https:\/\/sakipsabancimuzesi.org\/shop\/wp-content\/uploads\/2020\/06\/yaz_okulu_sm.jpg","width":1080,"height":1080},{"@type":"BreadcrumbList","@id":"https:\/\/sakipsabancimuzesi.org\/shop\/urun\/egitim-ve-etkinlik\/fotograf-ile-hikaye-anlatimi-14-17-yas\/#breadcrumb","itemListElement":[{"@type":"ListItem","position":1,"name":"Ana sayfa","item":"https:\/\/sakipsabancimuzesi.org\/shop\/"},{"@type":"ListItem","position":2,"name":"Shop","item":"https:\/\/sakipsabancimuzesi.org\/shop\/shop\/"},{"@type":"ListItem","position":3,"name":"2020 Yaz Okulu: Foto\u011fraf ile Hikaye Anlat\u0131m\u0131 (14-17 ya\u015f)"}]},{"@type":"WebSite","@id":"https:\/\/sakipsabancimuzesi.org\/shop\/#website","url":"https:\/\/sakipsabancimuzesi.org\/shop\/","name":"SSM Shop","description":"Sak\u0131p Sabanc\u0131 M\u00fczesi, Ma\u011faza","publisher":{"@id":"https:\/\/sakipsabancimuzesi.org\/shop\/#organization"},"potentialAction":[{"@type":"SearchAction","target":{"@type":"EntryPoint","urlTemplate":"https:\/\/sakipsabancimuzesi.org\/shop\/?s={search_term_string}"},"query-input":{"@type":"PropertyValueSpecification","valueRequired":true,"valueName":"search_term_string"}}],"inLanguage":"tr"},{"@type":"Organization","@id":"https:\/\/sakipsabancimuzesi.org\/shop\/#organization","name":"SSM Shop","url":"https:\/\/sakipsabancimuzesi.org\/shop\/","logo":{"@type":"ImageObject","inLanguage":"tr","@id":"https:\/\/sakipsabancimuzesi.org\/shop\/#\/schema\/logo\/image\/","url":"https:\/\/sakipsabancimuzesi.org\/shop\/wp-content\/uploads\/2019\/11\/logo.png","contentUrl":"https:\/\/sakipsabancimuzesi.org\/shop\/wp-content\/uploads\/2019\/11\/logo.png","width":227,"height":87,"caption":"SSM Shop"},"image":{"@id":"https:\/\/sakipsabancimuzesi.org\/shop\/#\/schema\/logo\/image\/"},"sameAs":["https:\/\/www.facebook.com\/SakipSabanciMuzesi\/"]}]}},"jetpack_sharing_enabled":true,"_links":{"self":[{"href":"https:\/\/sakipsabancimuzesi.org\/shop\/wp-json\/wp\/v2\/product\/16702","targetHints":{"allow":["GET"]}}],"collection":[{"href":"https:\/\/sakipsabancimuzesi.org\/shop\/wp-json\/wp\/v2\/product"}],"about":[{"href":"https:\/\/sakipsabancimuzesi.org\/shop\/wp-json\/wp\/v2\/types\/product"}],"wp:featuredmedia":[{"embeddable":true,"href":"https:\/\/sakipsabancimuzesi.org\/shop\/wp-json\/wp\/v2\/media\/16758"}],"wp:attachment":[{"href":"https:\/\/sakipsabancimuzesi.org\/shop\/wp-json\/wp\/v2\/media?parent=16702"}],"wp:term":[{"taxonomy":"product_brand","embeddable":true,"href":"https:\/\/sakipsabancimuzesi.org\/shop\/wp-json\/wp\/v2\/product_brand?post=16702"},{"taxonomy":"product_cat","embeddable":true,"href":"https:\/\/sakipsabancimuzesi.org\/shop\/wp-json\/wp\/v2\/product_cat?post=16702"},{"taxonomy":"product_tag","embeddable":true,"href":"https:\/\/sakipsabancimuzesi.org\/shop\/wp-json\/wp\/v2\/product_tag?post=16702"},{"taxonomy":"woo-feed-brand","embeddable":true,"href":"https:\/\/sakipsabancimuzesi.org\/shop\/wp-json\/wp\/v2\/woo-feed-brand?post=16702"}],"curies":[{"name":"wp","href":"https:\/\/api.w.org\/{rel}","templated":true}]}}