{"id":18960,"date":"2020-07-24T00:24:50","date_gmt":"2020-07-23T21:24:50","guid":{"rendered":"https:\/\/sakipsabancimuzesi.org\/shop\/?post_type=product&#038;p=18960"},"modified":"2020-08-09T13:18:05","modified_gmt":"2020-08-09T10:18:05","slug":"muzede-sahne-2020-tirnak-icinde-hizmetciler","status":"publish","type":"product","link":"https:\/\/sakipsabancimuzesi.org\/shop\/urun\/kategorilenmemis\/muzede-sahne-2020-tirnak-icinde-hizmetciler\/","title":{"rendered":"M\u00fczede Sahne 2020 &#8211; T\u0131rnak \u0130\u00e7inde Hizmet\u00e7iler"},"content":{"rendered":"<p>&#8211; Bas\u0131l\u0131 bilet g\u00f6nderilmeyecektir. Giri\u015fte SSM Ma\u011faza&#8217;dan g\u00f6nderilen e-postay\u0131 g\u00f6stermeniz yeterlidir.<\/p>\n<p>&#8211; \u0130kili koltuk se\u00e7ene\u011fi yan yana oturmak isteyenler i\u00e7indir.<\/p>\n<p>&#8211; Numaras\u0131z oturma d\u00fczeni vard\u0131r.<\/p>\n<p>&#8211; Programda de\u011fi\u015fiklik yap\u0131lmad\u0131\u011f\u0131 s\u00fcrece bilet iadesi yap\u0131lmaz.<\/p>\n<p>T\u0131rnak \u0130\u00e7inde Hizmet\u00e7iler\u2013 Tiyatro Hemhal<\/p>\n<p>Yazan-Y\u00f6neten:Hakan Emre \u00dcnal<\/p>\n<p>Oyuncular:Nezaket Erden, P\u0131nar G\u00fcnt\u00fcrk\u00fcn<\/p>\n<p>Ba\u015flang\u0131\u00e7 Saati: 21:00<br \/>\nS\u00fcre: 95\u2019<br \/>\nYer: F\u0131st\u0131kl\u0131 Teras &#8211; Ana Sahne<\/p>\n<p>Jean Genet\u2019nin <em>Hizmet\u00e7iler<\/em> adl\u0131 oyunundan hareketle yaz\u0131lan T\u0131rnak \u0130\u00e7inde<br \/>\nHizmet\u00e7iler, g\u00fcn\u00fcm\u00fczde ge\u00e7en bir hik\u00e2yeyi anlat\u0131yor. Ayn\u0131 evde \u00e7al\u0131\u015fan iki hizmet\u00e7i,<br \/>\noynad\u0131klar\u0131 uzun s\u00fcreli bir oyunun i\u00e7inde kim olduklar\u0131n\u0131 unutmu\u015f durumdad\u0131r. Ka\u00e7mak<br \/>\nistedikleri kimlikleriyle y\u00fczle\u015fmek zorunda kald\u0131klar\u0131nda ise bu belirsizli\u011fin \u00fcstesinden<br \/>\ngelebilmeleri i\u00e7in oyuna devam etmeleri gerekir.<\/p>\n<div class=\"woocommerce-tabs wc-tabs-wrapper container tabbed-content\">\n<div class=\"tab-panels\">\n<div id=\"tab-description\" class=\"woocommerce-Tabs-panel woocommerce-Tabs-panel--description panel entry-content active\" role=\"tabpanel\" aria-labelledby=\"tab-title-description\">\n<p>Sosyal mesafelenme ve sa\u011fl\u0131k kurallar\u0131 i\u00e7in\u00a0<a href=\"https:\/\/www.sakipsabancimuzesi.org\/tr\/sayfa\/ziyaret\">t\u0131klay\u0131n\u0131z.<\/a><\/p>\n<\/div>\n<\/div>\n<\/div>\n<div class=\"related related-products-wrapper product-section\"><\/div>\n","protected":false},"excerpt":{"rendered":"<p>Ba\u015flang\u0131\u00e7 Saati: 21:00<\/p>\n","protected":false},"featured_media":18971,"template":"","meta":{"_exactmetrics_skip_tracking":false,"_exactmetrics_sitenote_active":false,"_exactmetrics_sitenote_note":"","_exactmetrics_sitenote_category":0},"product_brand":[],"product_cat":[],"product_tag":[],"woo-feed-brand":[],"class_list":{"0":"post-18960","1":"product","2":"type-product","3":"status-publish","4":"has-post-thumbnail","7":"first","8":"outofstock","9":"taxable","10":"shipping-taxable","11":"purchasable","12":"product-type-variable"},"yoast_head":"<!-- This site is optimized with the Yoast SEO plugin v27.1.1 - https:\/\/yoast.com\/product\/yoast-seo-wordpress\/ -->\n<title>M\u00fczede Sahne 2020 - T\u0131rnak \u0130\u00e7inde Hizmet\u00e7iler - SSM Shop<\/title>\n<meta name=\"robots\" content=\"index, follow, max-snippet:-1, max-image-preview:large, max-video-preview:-1\" \/>\n<link rel=\"canonical\" href=\"https:\/\/sakipsabancimuzesi.org\/shop\/urun\/egitim-ve-etkinlik\/muzede-sahne-2020-tirnak-icinde-hizmetciler\/\" \/>\n<meta property=\"og:locale\" content=\"tr_TR\" \/>\n<meta property=\"og:type\" content=\"article\" \/>\n<meta property=\"og:title\" content=\"M\u00fczede Sahne 2020 - T\u0131rnak \u0130\u00e7inde Hizmet\u00e7iler - SSM Shop\" \/>\n<meta property=\"og:description\" content=\"Ba\u015flang\u0131\u00e7 Saati: 21:00\" \/>\n<meta property=\"og:url\" content=\"https:\/\/sakipsabancimuzesi.org\/shop\/urun\/egitim-ve-etkinlik\/muzede-sahne-2020-tirnak-icinde-hizmetciler\/\" \/>\n<meta property=\"og:site_name\" content=\"SSM Shop\" \/>\n<meta property=\"article:publisher\" content=\"https:\/\/www.facebook.com\/SakipSabanciMuzesi\/\" \/>\n<meta property=\"article:modified_time\" content=\"2020-08-09T10:18:05+00:00\" \/>\n<meta property=\"og:image\" content=\"https:\/\/sakipsabancimuzesi.org\/shop\/wp-content\/uploads\/2020\/07\/WEB-BANNER-1280x1280.jpg\" \/>\n\t<meta property=\"og:image:width\" content=\"1280\" \/>\n\t<meta property=\"og:image:height\" content=\"1280\" \/>\n\t<meta property=\"og:image:type\" content=\"image\/jpeg\" \/>\n<meta name=\"twitter:card\" content=\"summary_large_image\" \/>\n<meta name=\"twitter:label1\" content=\"Tahmini okuma s\u00fcresi\" \/>\n\t<meta name=\"twitter:data1\" content=\"1 dakika\" \/>\n<script type=\"application\/ld+json\" class=\"yoast-schema-graph\">{\"@context\":\"https:\/\/schema.org\",\"@graph\":[{\"@type\":\"WebPage\",\"@id\":\"https:\/\/sakipsabancimuzesi.org\/shop\/urun\/egitim-ve-etkinlik\/muzede-sahne-2020-tirnak-icinde-hizmetciler\/\",\"url\":\"https:\/\/sakipsabancimuzesi.org\/shop\/urun\/egitim-ve-etkinlik\/muzede-sahne-2020-tirnak-icinde-hizmetciler\/\",\"name\":\"M\u00fczede Sahne 2020 - T\u0131rnak \u0130\u00e7inde Hizmet\u00e7iler - SSM Shop\",\"isPartOf\":{\"@id\":\"https:\/\/sakipsabancimuzesi.org\/shop\/#website\"},\"primaryImageOfPage\":{\"@id\":\"https:\/\/sakipsabancimuzesi.org\/shop\/urun\/egitim-ve-etkinlik\/muzede-sahne-2020-tirnak-icinde-hizmetciler\/#primaryimage\"},\"image\":{\"@id\":\"https:\/\/sakipsabancimuzesi.org\/shop\/urun\/egitim-ve-etkinlik\/muzede-sahne-2020-tirnak-icinde-hizmetciler\/#primaryimage\"},\"thumbnailUrl\":\"https:\/\/sakipsabancimuzesi.org\/shop\/wp-content\/uploads\/2020\/07\/WEB-BANNER-1280x1280.jpg\",\"datePublished\":\"2020-07-23T21:24:50+00:00\",\"dateModified\":\"2020-08-09T10:18:05+00:00\",\"breadcrumb\":{\"@id\":\"https:\/\/sakipsabancimuzesi.org\/shop\/urun\/egitim-ve-etkinlik\/muzede-sahne-2020-tirnak-icinde-hizmetciler\/#breadcrumb\"},\"inLanguage\":\"tr\",\"potentialAction\":[{\"@type\":\"ReadAction\",\"target\":[\"https:\/\/sakipsabancimuzesi.org\/shop\/urun\/egitim-ve-etkinlik\/muzede-sahne-2020-tirnak-icinde-hizmetciler\/\"]}]},{\"@type\":\"ImageObject\",\"inLanguage\":\"tr\",\"@id\":\"https:\/\/sakipsabancimuzesi.org\/shop\/urun\/egitim-ve-etkinlik\/muzede-sahne-2020-tirnak-icinde-hizmetciler\/#primaryimage\",\"url\":\"https:\/\/sakipsabancimuzesi.org\/shop\/wp-content\/uploads\/2020\/07\/WEB-BANNER-1280x1280.jpg\",\"contentUrl\":\"https:\/\/sakipsabancimuzesi.org\/shop\/wp-content\/uploads\/2020\/07\/WEB-BANNER-1280x1280.jpg\",\"width\":1280,\"height\":1280},{\"@type\":\"BreadcrumbList\",\"@id\":\"https:\/\/sakipsabancimuzesi.org\/shop\/urun\/egitim-ve-etkinlik\/muzede-sahne-2020-tirnak-icinde-hizmetciler\/#breadcrumb\",\"itemListElement\":[{\"@type\":\"ListItem\",\"position\":1,\"name\":\"Ana sayfa\",\"item\":\"https:\/\/sakipsabancimuzesi.org\/shop\/\"},{\"@type\":\"ListItem\",\"position\":2,\"name\":\"Shop\",\"item\":\"https:\/\/sakipsabancimuzesi.org\/shop\/shop\/\"},{\"@type\":\"ListItem\",\"position\":3,\"name\":\"M\u00fczede Sahne 2020 &#8211; T\u0131rnak \u0130\u00e7inde Hizmet\u00e7iler\"}]},{\"@type\":\"WebSite\",\"@id\":\"https:\/\/sakipsabancimuzesi.org\/shop\/#website\",\"url\":\"https:\/\/sakipsabancimuzesi.org\/shop\/\",\"name\":\"SSM Shop\",\"description\":\"Sak\u0131p Sabanc\u0131 M\u00fczesi, Ma\u011faza\",\"publisher\":{\"@id\":\"https:\/\/sakipsabancimuzesi.org\/shop\/#organization\"},\"potentialAction\":[{\"@type\":\"SearchAction\",\"target\":{\"@type\":\"EntryPoint\",\"urlTemplate\":\"https:\/\/sakipsabancimuzesi.org\/shop\/?s={search_term_string}\"},\"query-input\":{\"@type\":\"PropertyValueSpecification\",\"valueRequired\":true,\"valueName\":\"search_term_string\"}}],\"inLanguage\":\"tr\"},{\"@type\":\"Organization\",\"@id\":\"https:\/\/sakipsabancimuzesi.org\/shop\/#organization\",\"name\":\"SSM Shop\",\"url\":\"https:\/\/sakipsabancimuzesi.org\/shop\/\",\"logo\":{\"@type\":\"ImageObject\",\"inLanguage\":\"tr\",\"@id\":\"https:\/\/sakipsabancimuzesi.org\/shop\/#\/schema\/logo\/image\/\",\"url\":\"https:\/\/sakipsabancimuzesi.org\/shop\/wp-content\/uploads\/2019\/11\/logo.png\",\"contentUrl\":\"https:\/\/sakipsabancimuzesi.org\/shop\/wp-content\/uploads\/2019\/11\/logo.png\",\"width\":227,\"height\":87,\"caption\":\"SSM Shop\"},\"image\":{\"@id\":\"https:\/\/sakipsabancimuzesi.org\/shop\/#\/schema\/logo\/image\/\"},\"sameAs\":[\"https:\/\/www.facebook.com\/SakipSabanciMuzesi\/\"]}]}<\/script>\n<!-- \/ Yoast SEO plugin. -->","yoast_head_json":{"title":"M\u00fczede Sahne 2020 - T\u0131rnak \u0130\u00e7inde Hizmet\u00e7iler - SSM Shop","robots":{"index":"index","follow":"follow","max-snippet":"max-snippet:-1","max-image-preview":"max-image-preview:large","max-video-preview":"max-video-preview:-1"},"canonical":"https:\/\/sakipsabancimuzesi.org\/shop\/urun\/egitim-ve-etkinlik\/muzede-sahne-2020-tirnak-icinde-hizmetciler\/","og_locale":"tr_TR","og_type":"article","og_title":"M\u00fczede Sahne 2020 - T\u0131rnak \u0130\u00e7inde Hizmet\u00e7iler - SSM Shop","og_description":"Ba\u015flang\u0131\u00e7 Saati: 21:00","og_url":"https:\/\/sakipsabancimuzesi.org\/shop\/urun\/egitim-ve-etkinlik\/muzede-sahne-2020-tirnak-icinde-hizmetciler\/","og_site_name":"SSM Shop","article_publisher":"https:\/\/www.facebook.com\/SakipSabanciMuzesi\/","article_modified_time":"2020-08-09T10:18:05+00:00","og_image":[{"width":1280,"height":1280,"url":"https:\/\/sakipsabancimuzesi.org\/shop\/wp-content\/uploads\/2020\/07\/WEB-BANNER-1280x1280.jpg","type":"image\/jpeg"}],"twitter_card":"summary_large_image","twitter_misc":{"Tahmini okuma s\u00fcresi":"1 dakika"},"schema":{"@context":"https:\/\/schema.org","@graph":[{"@type":"WebPage","@id":"https:\/\/sakipsabancimuzesi.org\/shop\/urun\/egitim-ve-etkinlik\/muzede-sahne-2020-tirnak-icinde-hizmetciler\/","url":"https:\/\/sakipsabancimuzesi.org\/shop\/urun\/egitim-ve-etkinlik\/muzede-sahne-2020-tirnak-icinde-hizmetciler\/","name":"M\u00fczede Sahne 2020 - T\u0131rnak \u0130\u00e7inde Hizmet\u00e7iler - SSM Shop","isPartOf":{"@id":"https:\/\/sakipsabancimuzesi.org\/shop\/#website"},"primaryImageOfPage":{"@id":"https:\/\/sakipsabancimuzesi.org\/shop\/urun\/egitim-ve-etkinlik\/muzede-sahne-2020-tirnak-icinde-hizmetciler\/#primaryimage"},"image":{"@id":"https:\/\/sakipsabancimuzesi.org\/shop\/urun\/egitim-ve-etkinlik\/muzede-sahne-2020-tirnak-icinde-hizmetciler\/#primaryimage"},"thumbnailUrl":"https:\/\/sakipsabancimuzesi.org\/shop\/wp-content\/uploads\/2020\/07\/WEB-BANNER-1280x1280.jpg","datePublished":"2020-07-23T21:24:50+00:00","dateModified":"2020-08-09T10:18:05+00:00","breadcrumb":{"@id":"https:\/\/sakipsabancimuzesi.org\/shop\/urun\/egitim-ve-etkinlik\/muzede-sahne-2020-tirnak-icinde-hizmetciler\/#breadcrumb"},"inLanguage":"tr","potentialAction":[{"@type":"ReadAction","target":["https:\/\/sakipsabancimuzesi.org\/shop\/urun\/egitim-ve-etkinlik\/muzede-sahne-2020-tirnak-icinde-hizmetciler\/"]}]},{"@type":"ImageObject","inLanguage":"tr","@id":"https:\/\/sakipsabancimuzesi.org\/shop\/urun\/egitim-ve-etkinlik\/muzede-sahne-2020-tirnak-icinde-hizmetciler\/#primaryimage","url":"https:\/\/sakipsabancimuzesi.org\/shop\/wp-content\/uploads\/2020\/07\/WEB-BANNER-1280x1280.jpg","contentUrl":"https:\/\/sakipsabancimuzesi.org\/shop\/wp-content\/uploads\/2020\/07\/WEB-BANNER-1280x1280.jpg","width":1280,"height":1280},{"@type":"BreadcrumbList","@id":"https:\/\/sakipsabancimuzesi.org\/shop\/urun\/egitim-ve-etkinlik\/muzede-sahne-2020-tirnak-icinde-hizmetciler\/#breadcrumb","itemListElement":[{"@type":"ListItem","position":1,"name":"Ana sayfa","item":"https:\/\/sakipsabancimuzesi.org\/shop\/"},{"@type":"ListItem","position":2,"name":"Shop","item":"https:\/\/sakipsabancimuzesi.org\/shop\/shop\/"},{"@type":"ListItem","position":3,"name":"M\u00fczede Sahne 2020 &#8211; T\u0131rnak \u0130\u00e7inde Hizmet\u00e7iler"}]},{"@type":"WebSite","@id":"https:\/\/sakipsabancimuzesi.org\/shop\/#website","url":"https:\/\/sakipsabancimuzesi.org\/shop\/","name":"SSM Shop","description":"Sak\u0131p Sabanc\u0131 M\u00fczesi, Ma\u011faza","publisher":{"@id":"https:\/\/sakipsabancimuzesi.org\/shop\/#organization"},"potentialAction":[{"@type":"SearchAction","target":{"@type":"EntryPoint","urlTemplate":"https:\/\/sakipsabancimuzesi.org\/shop\/?s={search_term_string}"},"query-input":{"@type":"PropertyValueSpecification","valueRequired":true,"valueName":"search_term_string"}}],"inLanguage":"tr"},{"@type":"Organization","@id":"https:\/\/sakipsabancimuzesi.org\/shop\/#organization","name":"SSM Shop","url":"https:\/\/sakipsabancimuzesi.org\/shop\/","logo":{"@type":"ImageObject","inLanguage":"tr","@id":"https:\/\/sakipsabancimuzesi.org\/shop\/#\/schema\/logo\/image\/","url":"https:\/\/sakipsabancimuzesi.org\/shop\/wp-content\/uploads\/2019\/11\/logo.png","contentUrl":"https:\/\/sakipsabancimuzesi.org\/shop\/wp-content\/uploads\/2019\/11\/logo.png","width":227,"height":87,"caption":"SSM Shop"},"image":{"@id":"https:\/\/sakipsabancimuzesi.org\/shop\/#\/schema\/logo\/image\/"},"sameAs":["https:\/\/www.facebook.com\/SakipSabanciMuzesi\/"]}]}},"jetpack_sharing_enabled":true,"_links":{"self":[{"href":"https:\/\/sakipsabancimuzesi.org\/shop\/wp-json\/wp\/v2\/product\/18960","targetHints":{"allow":["GET"]}}],"collection":[{"href":"https:\/\/sakipsabancimuzesi.org\/shop\/wp-json\/wp\/v2\/product"}],"about":[{"href":"https:\/\/sakipsabancimuzesi.org\/shop\/wp-json\/wp\/v2\/types\/product"}],"wp:featuredmedia":[{"embeddable":true,"href":"https:\/\/sakipsabancimuzesi.org\/shop\/wp-json\/wp\/v2\/media\/18971"}],"wp:attachment":[{"href":"https:\/\/sakipsabancimuzesi.org\/shop\/wp-json\/wp\/v2\/media?parent=18960"}],"wp:term":[{"taxonomy":"product_brand","embeddable":true,"href":"https:\/\/sakipsabancimuzesi.org\/shop\/wp-json\/wp\/v2\/product_brand?post=18960"},{"taxonomy":"product_cat","embeddable":true,"href":"https:\/\/sakipsabancimuzesi.org\/shop\/wp-json\/wp\/v2\/product_cat?post=18960"},{"taxonomy":"product_tag","embeddable":true,"href":"https:\/\/sakipsabancimuzesi.org\/shop\/wp-json\/wp\/v2\/product_tag?post=18960"},{"taxonomy":"woo-feed-brand","embeddable":true,"href":"https:\/\/sakipsabancimuzesi.org\/shop\/wp-json\/wp\/v2\/woo-feed-brand?post=18960"}],"curies":[{"name":"wp","href":"https:\/\/api.w.org\/{rel}","templated":true}]}}