{"id":241051,"date":"2021-07-01T11:41:40","date_gmt":"2021-07-01T08:41:40","guid":{"rendered":"https:\/\/sakipsabancimuzesi.org\/shop\/?post_type=product&#038;p=241051"},"modified":"2021-07-02T18:55:47","modified_gmt":"2021-07-02T15:55:47","slug":"2021-ogrenciler-icin-rehberli-muze-turlari-6-10-yas-3-temmuz-cumartesi-cevrimici","status":"publish","type":"product","link":"https:\/\/sakipsabancimuzesi.org\/shop\/urun\/kategorilenmemis\/2021-ogrenciler-icin-rehberli-muze-turlari-6-10-yas-3-temmuz-cumartesi-cevrimici\/","title":{"rendered":"2021 \u00d6\u011frenciler i\u00e7in Rehberli M\u00fcze Turlar\u0131 (6-10 ya\u015f) &#8211; 3 Temmuz Cumartesi, \u00c7evrimi\u00e7i"},"content":{"rendered":"<p>SSM Kitap Sanatlar\u0131 ve Hat Koleksiyonu ile Tanzimat\u2019tan Cumhuriyet\u2019e Ressam Hocalar\u0131n Ressam \u00d6\u011frencileri sergisi, \u00f6\u011frencilerin bireysel kat\u0131l\u0131m\u0131yla ziyaret edilebilir.<\/p>\n<p>\u00d6nemli bilgiler:<\/p>\n<p>-\u00dccretsiz olarak ger\u00e7ekle\u015ftirilecek etkinli\u011fe kay\u0131t yapt\u0131r\u0131lmas\u0131 gerekmektedir.<\/p>\n<p>-Kat\u0131l\u0131m kapasitesi s\u0131n\u0131rl\u0131d\u0131r.<\/p>\n<p>-Tur, Zoom platformu \u00fczerinden ger\u00e7ekle\u015ftirilir. Kat\u0131l\u0131m linki, kay\u0131t a\u015famas\u0131nda bildirilen e-posta adresine g\u00f6nderilir.<\/p>\n<p>-\u0130nternet ba\u011flant\u0131s\u0131ndan do\u011fabilecek aksakl\u0131klardan SSM sorumlu tutulamaz.<\/p>\n<p>-Kay\u0131t yapt\u0131ran her kat\u0131l\u0131mc\u0131, bilgisayar mikrofon ve kameras\u0131n\u0131n a\u00e7\u0131k olaca\u011f\u0131n\u0131 kabul eder.<\/p>\n","protected":false},"excerpt":{"rendered":"<p>3 Temmuz Cumartesi, 12.00 &#8211; 13.00, \u00c7evrimi\u00e7i<\/p>\n<p>6-10 ya\u015f<\/p>\n","protected":false},"featured_media":241049,"template":"","meta":{"_exactmetrics_skip_tracking":false,"_exactmetrics_sitenote_active":false,"_exactmetrics_sitenote_note":"","_exactmetrics_sitenote_category":0},"product_brand":[],"product_cat":[],"product_tag":[375,616,615],"woo-feed-brand":[],"class_list":{"0":"post-241051","1":"product","2":"type-product","3":"status-publish","4":"has-post-thumbnail","6":"product_tag-cevrimici","7":"product_tag-ogrenciler","8":"product_tag-rehberli-tur","10":"first","11":"outofstock","12":"virtual","13":"sold-individually","14":"taxable","15":"purchasable","16":"product-type-simple"},"yoast_head":"<!-- This site is optimized with the Yoast SEO plugin v27.1.1 - https:\/\/yoast.com\/product\/yoast-seo-wordpress\/ -->\n<title>2021 \u00d6\u011frenciler i\u00e7in Rehberli M\u00fcze Turlar\u0131 (6-10 ya\u015f) - 3 Temmuz Cumartesi, \u00c7evrimi\u00e7i - SSM Shop<\/title>\n<meta name=\"robots\" content=\"index, follow, max-snippet:-1, max-image-preview:large, max-video-preview:-1\" \/>\n<link rel=\"canonical\" href=\"https:\/\/sakipsabancimuzesi.org\/shop\/urun\/egitim-ve-etkinlik\/ogrenme-programlari\/cocuk-ogrenme-programlari\/2021-ogrenciler-icin-rehberli-muze-turlari-6-10-yas-3-temmuz-cumartesi-cevrimici\/\" \/>\n<meta property=\"og:locale\" content=\"tr_TR\" \/>\n<meta property=\"og:type\" content=\"article\" \/>\n<meta property=\"og:title\" content=\"2021 \u00d6\u011frenciler i\u00e7in Rehberli M\u00fcze Turlar\u0131 (6-10 ya\u015f) - 3 Temmuz Cumartesi, \u00c7evrimi\u00e7i - SSM Shop\" \/>\n<meta property=\"og:description\" content=\"3 Temmuz Cumartesi, 12.00 - 13.00, \u00c7evrimi\u00e7i  6-10 ya\u015f\" \/>\n<meta property=\"og:url\" content=\"https:\/\/sakipsabancimuzesi.org\/shop\/urun\/egitim-ve-etkinlik\/ogrenme-programlari\/cocuk-ogrenme-programlari\/2021-ogrenciler-icin-rehberli-muze-turlari-6-10-yas-3-temmuz-cumartesi-cevrimici\/\" \/>\n<meta property=\"og:site_name\" content=\"SSM Shop\" \/>\n<meta property=\"article:publisher\" content=\"https:\/\/www.facebook.com\/SakipSabanciMuzesi\/\" \/>\n<meta property=\"article:modified_time\" content=\"2021-07-02T15:55:47+00:00\" \/>\n<meta property=\"og:image\" content=\"https:\/\/sakipsabancimuzesi.org\/shop\/wp-content\/uploads\/2021\/07\/ogrenci_rehberli_tur.jpeg\" \/>\n\t<meta property=\"og:image:width\" content=\"1080\" \/>\n\t<meta property=\"og:image:height\" content=\"1080\" \/>\n\t<meta property=\"og:image:type\" content=\"image\/jpeg\" \/>\n<meta name=\"twitter:card\" content=\"summary_large_image\" \/>\n<meta name=\"twitter:label1\" content=\"Tahmini okuma s\u00fcresi\" \/>\n\t<meta name=\"twitter:data1\" content=\"1 dakika\" \/>\n<script type=\"application\/ld+json\" class=\"yoast-schema-graph\">{\"@context\":\"https:\/\/schema.org\",\"@graph\":[{\"@type\":\"WebPage\",\"@id\":\"https:\/\/sakipsabancimuzesi.org\/shop\/urun\/egitim-ve-etkinlik\/ogrenme-programlari\/cocuk-ogrenme-programlari\/2021-ogrenciler-icin-rehberli-muze-turlari-6-10-yas-3-temmuz-cumartesi-cevrimici\/\",\"url\":\"https:\/\/sakipsabancimuzesi.org\/shop\/urun\/egitim-ve-etkinlik\/ogrenme-programlari\/cocuk-ogrenme-programlari\/2021-ogrenciler-icin-rehberli-muze-turlari-6-10-yas-3-temmuz-cumartesi-cevrimici\/\",\"name\":\"2021 \u00d6\u011frenciler i\u00e7in Rehberli M\u00fcze Turlar\u0131 (6-10 ya\u015f) - 3 Temmuz Cumartesi, \u00c7evrimi\u00e7i - SSM Shop\",\"isPartOf\":{\"@id\":\"https:\/\/sakipsabancimuzesi.org\/shop\/#website\"},\"primaryImageOfPage\":{\"@id\":\"https:\/\/sakipsabancimuzesi.org\/shop\/urun\/egitim-ve-etkinlik\/ogrenme-programlari\/cocuk-ogrenme-programlari\/2021-ogrenciler-icin-rehberli-muze-turlari-6-10-yas-3-temmuz-cumartesi-cevrimici\/#primaryimage\"},\"image\":{\"@id\":\"https:\/\/sakipsabancimuzesi.org\/shop\/urun\/egitim-ve-etkinlik\/ogrenme-programlari\/cocuk-ogrenme-programlari\/2021-ogrenciler-icin-rehberli-muze-turlari-6-10-yas-3-temmuz-cumartesi-cevrimici\/#primaryimage\"},\"thumbnailUrl\":\"https:\/\/sakipsabancimuzesi.org\/shop\/wp-content\/uploads\/2021\/07\/ogrenci_rehberli_tur.jpeg\",\"datePublished\":\"2021-07-01T08:41:40+00:00\",\"dateModified\":\"2021-07-02T15:55:47+00:00\",\"breadcrumb\":{\"@id\":\"https:\/\/sakipsabancimuzesi.org\/shop\/urun\/egitim-ve-etkinlik\/ogrenme-programlari\/cocuk-ogrenme-programlari\/2021-ogrenciler-icin-rehberli-muze-turlari-6-10-yas-3-temmuz-cumartesi-cevrimici\/#breadcrumb\"},\"inLanguage\":\"tr\",\"potentialAction\":[{\"@type\":\"ReadAction\",\"target\":[\"https:\/\/sakipsabancimuzesi.org\/shop\/urun\/egitim-ve-etkinlik\/ogrenme-programlari\/cocuk-ogrenme-programlari\/2021-ogrenciler-icin-rehberli-muze-turlari-6-10-yas-3-temmuz-cumartesi-cevrimici\/\"]}]},{\"@type\":\"ImageObject\",\"inLanguage\":\"tr\",\"@id\":\"https:\/\/sakipsabancimuzesi.org\/shop\/urun\/egitim-ve-etkinlik\/ogrenme-programlari\/cocuk-ogrenme-programlari\/2021-ogrenciler-icin-rehberli-muze-turlari-6-10-yas-3-temmuz-cumartesi-cevrimici\/#primaryimage\",\"url\":\"https:\/\/sakipsabancimuzesi.org\/shop\/wp-content\/uploads\/2021\/07\/ogrenci_rehberli_tur.jpeg\",\"contentUrl\":\"https:\/\/sakipsabancimuzesi.org\/shop\/wp-content\/uploads\/2021\/07\/ogrenci_rehberli_tur.jpeg\",\"width\":1080,\"height\":1080},{\"@type\":\"BreadcrumbList\",\"@id\":\"https:\/\/sakipsabancimuzesi.org\/shop\/urun\/egitim-ve-etkinlik\/ogrenme-programlari\/cocuk-ogrenme-programlari\/2021-ogrenciler-icin-rehberli-muze-turlari-6-10-yas-3-temmuz-cumartesi-cevrimici\/#breadcrumb\",\"itemListElement\":[{\"@type\":\"ListItem\",\"position\":1,\"name\":\"Ana sayfa\",\"item\":\"https:\/\/sakipsabancimuzesi.org\/shop\/\"},{\"@type\":\"ListItem\",\"position\":2,\"name\":\"Shop\",\"item\":\"https:\/\/sakipsabancimuzesi.org\/shop\/shop\/\"},{\"@type\":\"ListItem\",\"position\":3,\"name\":\"2021 \u00d6\u011frenciler i\u00e7in Rehberli M\u00fcze Turlar\u0131 (6-10 ya\u015f) &#8211; 3 Temmuz Cumartesi, \u00c7evrimi\u00e7i\"}]},{\"@type\":\"WebSite\",\"@id\":\"https:\/\/sakipsabancimuzesi.org\/shop\/#website\",\"url\":\"https:\/\/sakipsabancimuzesi.org\/shop\/\",\"name\":\"SSM Shop\",\"description\":\"Sak\u0131p Sabanc\u0131 M\u00fczesi, Ma\u011faza\",\"publisher\":{\"@id\":\"https:\/\/sakipsabancimuzesi.org\/shop\/#organization\"},\"potentialAction\":[{\"@type\":\"SearchAction\",\"target\":{\"@type\":\"EntryPoint\",\"urlTemplate\":\"https:\/\/sakipsabancimuzesi.org\/shop\/?s={search_term_string}\"},\"query-input\":{\"@type\":\"PropertyValueSpecification\",\"valueRequired\":true,\"valueName\":\"search_term_string\"}}],\"inLanguage\":\"tr\"},{\"@type\":\"Organization\",\"@id\":\"https:\/\/sakipsabancimuzesi.org\/shop\/#organization\",\"name\":\"SSM Shop\",\"url\":\"https:\/\/sakipsabancimuzesi.org\/shop\/\",\"logo\":{\"@type\":\"ImageObject\",\"inLanguage\":\"tr\",\"@id\":\"https:\/\/sakipsabancimuzesi.org\/shop\/#\/schema\/logo\/image\/\",\"url\":\"https:\/\/sakipsabancimuzesi.org\/shop\/wp-content\/uploads\/2019\/11\/logo.png\",\"contentUrl\":\"https:\/\/sakipsabancimuzesi.org\/shop\/wp-content\/uploads\/2019\/11\/logo.png\",\"width\":227,\"height\":87,\"caption\":\"SSM Shop\"},\"image\":{\"@id\":\"https:\/\/sakipsabancimuzesi.org\/shop\/#\/schema\/logo\/image\/\"},\"sameAs\":[\"https:\/\/www.facebook.com\/SakipSabanciMuzesi\/\"]}]}<\/script>\n<!-- \/ Yoast SEO plugin. -->","yoast_head_json":{"title":"2021 \u00d6\u011frenciler i\u00e7in Rehberli M\u00fcze Turlar\u0131 (6-10 ya\u015f) - 3 Temmuz Cumartesi, \u00c7evrimi\u00e7i - SSM Shop","robots":{"index":"index","follow":"follow","max-snippet":"max-snippet:-1","max-image-preview":"max-image-preview:large","max-video-preview":"max-video-preview:-1"},"canonical":"https:\/\/sakipsabancimuzesi.org\/shop\/urun\/egitim-ve-etkinlik\/ogrenme-programlari\/cocuk-ogrenme-programlari\/2021-ogrenciler-icin-rehberli-muze-turlari-6-10-yas-3-temmuz-cumartesi-cevrimici\/","og_locale":"tr_TR","og_type":"article","og_title":"2021 \u00d6\u011frenciler i\u00e7in Rehberli M\u00fcze Turlar\u0131 (6-10 ya\u015f) - 3 Temmuz Cumartesi, \u00c7evrimi\u00e7i - SSM Shop","og_description":"3 Temmuz Cumartesi, 12.00 - 13.00, \u00c7evrimi\u00e7i  6-10 ya\u015f","og_url":"https:\/\/sakipsabancimuzesi.org\/shop\/urun\/egitim-ve-etkinlik\/ogrenme-programlari\/cocuk-ogrenme-programlari\/2021-ogrenciler-icin-rehberli-muze-turlari-6-10-yas-3-temmuz-cumartesi-cevrimici\/","og_site_name":"SSM Shop","article_publisher":"https:\/\/www.facebook.com\/SakipSabanciMuzesi\/","article_modified_time":"2021-07-02T15:55:47+00:00","og_image":[{"width":1080,"height":1080,"url":"https:\/\/sakipsabancimuzesi.org\/shop\/wp-content\/uploads\/2021\/07\/ogrenci_rehberli_tur.jpeg","type":"image\/jpeg"}],"twitter_card":"summary_large_image","twitter_misc":{"Tahmini okuma s\u00fcresi":"1 dakika"},"schema":{"@context":"https:\/\/schema.org","@graph":[{"@type":"WebPage","@id":"https:\/\/sakipsabancimuzesi.org\/shop\/urun\/egitim-ve-etkinlik\/ogrenme-programlari\/cocuk-ogrenme-programlari\/2021-ogrenciler-icin-rehberli-muze-turlari-6-10-yas-3-temmuz-cumartesi-cevrimici\/","url":"https:\/\/sakipsabancimuzesi.org\/shop\/urun\/egitim-ve-etkinlik\/ogrenme-programlari\/cocuk-ogrenme-programlari\/2021-ogrenciler-icin-rehberli-muze-turlari-6-10-yas-3-temmuz-cumartesi-cevrimici\/","name":"2021 \u00d6\u011frenciler i\u00e7in Rehberli M\u00fcze Turlar\u0131 (6-10 ya\u015f) - 3 Temmuz Cumartesi, \u00c7evrimi\u00e7i - SSM Shop","isPartOf":{"@id":"https:\/\/sakipsabancimuzesi.org\/shop\/#website"},"primaryImageOfPage":{"@id":"https:\/\/sakipsabancimuzesi.org\/shop\/urun\/egitim-ve-etkinlik\/ogrenme-programlari\/cocuk-ogrenme-programlari\/2021-ogrenciler-icin-rehberli-muze-turlari-6-10-yas-3-temmuz-cumartesi-cevrimici\/#primaryimage"},"image":{"@id":"https:\/\/sakipsabancimuzesi.org\/shop\/urun\/egitim-ve-etkinlik\/ogrenme-programlari\/cocuk-ogrenme-programlari\/2021-ogrenciler-icin-rehberli-muze-turlari-6-10-yas-3-temmuz-cumartesi-cevrimici\/#primaryimage"},"thumbnailUrl":"https:\/\/sakipsabancimuzesi.org\/shop\/wp-content\/uploads\/2021\/07\/ogrenci_rehberli_tur.jpeg","datePublished":"2021-07-01T08:41:40+00:00","dateModified":"2021-07-02T15:55:47+00:00","breadcrumb":{"@id":"https:\/\/sakipsabancimuzesi.org\/shop\/urun\/egitim-ve-etkinlik\/ogrenme-programlari\/cocuk-ogrenme-programlari\/2021-ogrenciler-icin-rehberli-muze-turlari-6-10-yas-3-temmuz-cumartesi-cevrimici\/#breadcrumb"},"inLanguage":"tr","potentialAction":[{"@type":"ReadAction","target":["https:\/\/sakipsabancimuzesi.org\/shop\/urun\/egitim-ve-etkinlik\/ogrenme-programlari\/cocuk-ogrenme-programlari\/2021-ogrenciler-icin-rehberli-muze-turlari-6-10-yas-3-temmuz-cumartesi-cevrimici\/"]}]},{"@type":"ImageObject","inLanguage":"tr","@id":"https:\/\/sakipsabancimuzesi.org\/shop\/urun\/egitim-ve-etkinlik\/ogrenme-programlari\/cocuk-ogrenme-programlari\/2021-ogrenciler-icin-rehberli-muze-turlari-6-10-yas-3-temmuz-cumartesi-cevrimici\/#primaryimage","url":"https:\/\/sakipsabancimuzesi.org\/shop\/wp-content\/uploads\/2021\/07\/ogrenci_rehberli_tur.jpeg","contentUrl":"https:\/\/sakipsabancimuzesi.org\/shop\/wp-content\/uploads\/2021\/07\/ogrenci_rehberli_tur.jpeg","width":1080,"height":1080},{"@type":"BreadcrumbList","@id":"https:\/\/sakipsabancimuzesi.org\/shop\/urun\/egitim-ve-etkinlik\/ogrenme-programlari\/cocuk-ogrenme-programlari\/2021-ogrenciler-icin-rehberli-muze-turlari-6-10-yas-3-temmuz-cumartesi-cevrimici\/#breadcrumb","itemListElement":[{"@type":"ListItem","position":1,"name":"Ana sayfa","item":"https:\/\/sakipsabancimuzesi.org\/shop\/"},{"@type":"ListItem","position":2,"name":"Shop","item":"https:\/\/sakipsabancimuzesi.org\/shop\/shop\/"},{"@type":"ListItem","position":3,"name":"2021 \u00d6\u011frenciler i\u00e7in Rehberli M\u00fcze Turlar\u0131 (6-10 ya\u015f) &#8211; 3 Temmuz Cumartesi, \u00c7evrimi\u00e7i"}]},{"@type":"WebSite","@id":"https:\/\/sakipsabancimuzesi.org\/shop\/#website","url":"https:\/\/sakipsabancimuzesi.org\/shop\/","name":"SSM Shop","description":"Sak\u0131p Sabanc\u0131 M\u00fczesi, Ma\u011faza","publisher":{"@id":"https:\/\/sakipsabancimuzesi.org\/shop\/#organization"},"potentialAction":[{"@type":"SearchAction","target":{"@type":"EntryPoint","urlTemplate":"https:\/\/sakipsabancimuzesi.org\/shop\/?s={search_term_string}"},"query-input":{"@type":"PropertyValueSpecification","valueRequired":true,"valueName":"search_term_string"}}],"inLanguage":"tr"},{"@type":"Organization","@id":"https:\/\/sakipsabancimuzesi.org\/shop\/#organization","name":"SSM Shop","url":"https:\/\/sakipsabancimuzesi.org\/shop\/","logo":{"@type":"ImageObject","inLanguage":"tr","@id":"https:\/\/sakipsabancimuzesi.org\/shop\/#\/schema\/logo\/image\/","url":"https:\/\/sakipsabancimuzesi.org\/shop\/wp-content\/uploads\/2019\/11\/logo.png","contentUrl":"https:\/\/sakipsabancimuzesi.org\/shop\/wp-content\/uploads\/2019\/11\/logo.png","width":227,"height":87,"caption":"SSM Shop"},"image":{"@id":"https:\/\/sakipsabancimuzesi.org\/shop\/#\/schema\/logo\/image\/"},"sameAs":["https:\/\/www.facebook.com\/SakipSabanciMuzesi\/"]}]}},"jetpack_sharing_enabled":true,"_links":{"self":[{"href":"https:\/\/sakipsabancimuzesi.org\/shop\/wp-json\/wp\/v2\/product\/241051","targetHints":{"allow":["GET"]}}],"collection":[{"href":"https:\/\/sakipsabancimuzesi.org\/shop\/wp-json\/wp\/v2\/product"}],"about":[{"href":"https:\/\/sakipsabancimuzesi.org\/shop\/wp-json\/wp\/v2\/types\/product"}],"wp:featuredmedia":[{"embeddable":true,"href":"https:\/\/sakipsabancimuzesi.org\/shop\/wp-json\/wp\/v2\/media\/241049"}],"wp:attachment":[{"href":"https:\/\/sakipsabancimuzesi.org\/shop\/wp-json\/wp\/v2\/media?parent=241051"}],"wp:term":[{"taxonomy":"product_brand","embeddable":true,"href":"https:\/\/sakipsabancimuzesi.org\/shop\/wp-json\/wp\/v2\/product_brand?post=241051"},{"taxonomy":"product_cat","embeddable":true,"href":"https:\/\/sakipsabancimuzesi.org\/shop\/wp-json\/wp\/v2\/product_cat?post=241051"},{"taxonomy":"product_tag","embeddable":true,"href":"https:\/\/sakipsabancimuzesi.org\/shop\/wp-json\/wp\/v2\/product_tag?post=241051"},{"taxonomy":"woo-feed-brand","embeddable":true,"href":"https:\/\/sakipsabancimuzesi.org\/shop\/wp-json\/wp\/v2\/woo-feed-brand?post=241051"}],"curies":[{"name":"wp","href":"https:\/\/api.w.org\/{rel}","templated":true}]}}