{"id":244299,"date":"2021-11-01T11:40:16","date_gmt":"2021-11-01T08:40:16","guid":{"rendered":"https:\/\/sakipsabancimuzesi.org\/shop\/?post_type=product&#038;p=244299"},"modified":"2021-11-11T16:38:28","modified_gmt":"2021-11-11T13:38:28","slug":"cocuk-atolyeleri-2021-benim-istanbulum-5-8-yas","status":"publish","type":"product","link":"https:\/\/sakipsabancimuzesi.org\/shop\/urun\/kategorilenmemis\/cocuk-atolyeleri-2021-benim-istanbulum-5-8-yas\/","title":{"rendered":"\u00c7ocuk At\u00f6lyeleri 2021 &#8211; Benim \u0130stanbul&#8217;um (5-8 Ya\u015f)"},"content":{"rendered":"<p>Beg\u00fcm Yamanlar taraf\u0131ndan on dokuzuncu y\u00fczy\u0131lda \u0130stanbul\u2019a gelmi\u015f gezgin foto\u011fraf\u00e7\u0131 ve ressamlar\u0131n Bo\u011fazi\u00e7i manzaralar\u0131n\u0131n g\u00fcn\u00fcm\u00fcz teknolojisiyle yeniden betimlendi\u011fi \u2018Bo\u011faz\u2019\u0131n Sular\u0131 \u00c7ekildi\u011fi Zaman\u2019 isimli i\u015ften hareketle \u0130stanbul\u2019un etkilendi\u011fimiz ve de\u011fi\u015ftirmek istedi\u011fimiz yerleri hakk\u0131nda konu\u015faca\u011f\u0131z ve kendi \u0130stanbul\u2019umuzu bask\u0131 sanat\u0131ndan faydalanarak farkl\u0131 bir \u015fekilde resmede\u011fiz.<\/p>\n<p>Malzemeler: Resim ka\u011f\u0131d\u0131, legolar, eskimi\u015f kredi kartlar\u0131 ya da sistre, m\u00fcrekkep.<\/p>\n<p>\u0130li\u015fkili Sergi: D\u00fcn Bug\u00fcn \u0130stanbul<\/p>\n<p>Tasarlayan ve uygulayan:<span style=\"font-weight: 400\"> Qbicart<\/span><\/p>\n<p>\u00d6nemli Bilgiler:<\/p>\n<p>&#8211; At\u00f6lye malzemelerini SSM sa\u011flar.<\/p>\n<p>&#8211; Sat\u0131n alma i\u015flemi s\u0131ras\u0131nda ek bilgi b\u00f6l\u00fcm\u00fcne kat\u0131l\u0131mc\u0131n\u0131n ad\u0131 ve ya\u015f\u0131 yaz\u0131lmal\u0131d\u0131r.<\/p>\n<p>&#8211; At\u00f6lye ya\u011f\u0131\u015f olmad\u0131\u011f\u0131 s\u00fcrece a\u00e7\u0131khavada, ya\u011f\u0131\u015fl\u0131 hava \u015fartlar\u0131nda ise \u00e7ocuk at\u00f6lyesinde sosyal mesafe kurallar\u0131na uygun \u015fekilde ger\u00e7ekle\u015ftirilecektir. Hava \u015fartlar\u0131na uygun rahat k\u0131yafetler giyilmesi \u00f6nerilir.<\/p>\n<p>&#8211; Kat\u0131l\u0131mc\u0131lar\u0131n ki\u015fisel sebeplerle e\u011fitime kat\u0131lamamas\u0131 durumunda \u00fccret iadesi veya de\u011fi\u015fiklik yap\u0131lmaz.<\/p>\n<p>&#8211; \u00c7al\u0131\u015fanlar\u0131m\u0131z ve ziyaret\u00e7ilerimizin sa\u011fl\u0131\u011f\u0131 i\u00e7in 7 Eyl\u00fcl 2021 Sal\u0131 g\u00fcn\u00fcnden itibaren M\u00fcze ziyaretleriniz ve MSA Restoran ile the Seed giri\u015flerinde foto\u011frafl\u0131 kimli\u011finizle birlikte, a\u015f\u0131 kart\u0131n\u0131z\u0131, a\u015f\u0131 olunmad\u0131ysa en ge\u00e7 48 saat \u00f6nce yap\u0131lm\u0131\u015f negatif sonucu olan PCR testinizi, ya da Covid-19 ge\u00e7irmi\u015f olan misafirlerimizin (bilimsel olarak ba\u011f\u0131\u015f\u0131k kabul edilen s\u00fcreye g\u00f6re) ilgili belgelerini ibraz etmeleri zorunlu olacakt\u0131r. Belgelerini ibraz etmeyen misafirlerimizin giri\u015f kabulleri yap\u0131lamayacakt\u0131r.<\/p>\n<p>&nbsp;<\/p>\n","protected":false},"excerpt":{"rendered":"<p>13 Kas\u0131m Cumartesi<\/p>\n<p>11.00 &#8211; 12.00, Sera At\u00f6lye<\/p>\n","protected":false},"featured_media":244314,"template":"","meta":{"_exactmetrics_skip_tracking":false,"_exactmetrics_sitenote_active":false,"_exactmetrics_sitenote_note":"","_exactmetrics_sitenote_category":0},"product_brand":[],"product_cat":[],"product_tag":[255,253],"woo-feed-brand":[],"class_list":{"0":"post-244299","1":"product","2":"type-product","3":"status-publish","4":"has-post-thumbnail","6":"product_tag-atolye","7":"product_tag-cocuk","9":"first","10":"outofstock","11":"virtual","12":"taxable","13":"purchasable","14":"product-type-simple"},"yoast_head":"<!-- This site is optimized with the Yoast SEO plugin v27.1.1 - https:\/\/yoast.com\/product\/yoast-seo-wordpress\/ -->\n<title>\u00c7ocuk At\u00f6lyeleri 2021 - Benim \u0130stanbul&#039;um (5-8 Ya\u015f) - SSM Shop<\/title>\n<meta name=\"robots\" content=\"index, follow, max-snippet:-1, max-image-preview:large, max-video-preview:-1\" \/>\n<link rel=\"canonical\" href=\"https:\/\/sakipsabancimuzesi.org\/shop\/urun\/egitim-ve-etkinlik\/ogrenme-programlari\/cocuk-ogrenme-programlari\/cocuk-atolyeleri-2021-benim-istanbulum-5-8-yas\/\" \/>\n<meta property=\"og:locale\" content=\"tr_TR\" \/>\n<meta property=\"og:type\" content=\"article\" \/>\n<meta property=\"og:title\" content=\"\u00c7ocuk At\u00f6lyeleri 2021 - Benim \u0130stanbul&#039;um (5-8 Ya\u015f) - SSM Shop\" \/>\n<meta property=\"og:description\" content=\"13 Kas\u0131m Cumartesi  11.00 - 12.00, Sera At\u00f6lye\" \/>\n<meta property=\"og:url\" content=\"https:\/\/sakipsabancimuzesi.org\/shop\/urun\/egitim-ve-etkinlik\/ogrenme-programlari\/cocuk-ogrenme-programlari\/cocuk-atolyeleri-2021-benim-istanbulum-5-8-yas\/\" \/>\n<meta property=\"og:site_name\" content=\"SSM Shop\" \/>\n<meta property=\"article:publisher\" content=\"https:\/\/www.facebook.com\/SakipSabanciMuzesi\/\" \/>\n<meta property=\"article:modified_time\" content=\"2021-11-11T13:38:28+00:00\" \/>\n<meta property=\"og:image\" content=\"https:\/\/sakipsabancimuzesi.org\/shop\/wp-content\/uploads\/2021\/11\/SSM-OGRENME-03.jpg\" \/>\n\t<meta property=\"og:image:width\" content=\"2251\" \/>\n\t<meta property=\"og:image:height\" content=\"2251\" \/>\n\t<meta property=\"og:image:type\" content=\"image\/jpeg\" \/>\n<meta name=\"twitter:card\" content=\"summary_large_image\" \/>\n<meta name=\"twitter:label1\" content=\"Tahmini okuma s\u00fcresi\" \/>\n\t<meta name=\"twitter:data1\" content=\"1 dakika\" \/>\n<script type=\"application\/ld+json\" class=\"yoast-schema-graph\">{\"@context\":\"https:\/\/schema.org\",\"@graph\":[{\"@type\":\"WebPage\",\"@id\":\"https:\/\/sakipsabancimuzesi.org\/shop\/urun\/egitim-ve-etkinlik\/ogrenme-programlari\/cocuk-ogrenme-programlari\/cocuk-atolyeleri-2021-benim-istanbulum-5-8-yas\/\",\"url\":\"https:\/\/sakipsabancimuzesi.org\/shop\/urun\/egitim-ve-etkinlik\/ogrenme-programlari\/cocuk-ogrenme-programlari\/cocuk-atolyeleri-2021-benim-istanbulum-5-8-yas\/\",\"name\":\"\u00c7ocuk At\u00f6lyeleri 2021 - Benim \u0130stanbul'um (5-8 Ya\u015f) - SSM Shop\",\"isPartOf\":{\"@id\":\"https:\/\/sakipsabancimuzesi.org\/shop\/#website\"},\"primaryImageOfPage\":{\"@id\":\"https:\/\/sakipsabancimuzesi.org\/shop\/urun\/egitim-ve-etkinlik\/ogrenme-programlari\/cocuk-ogrenme-programlari\/cocuk-atolyeleri-2021-benim-istanbulum-5-8-yas\/#primaryimage\"},\"image\":{\"@id\":\"https:\/\/sakipsabancimuzesi.org\/shop\/urun\/egitim-ve-etkinlik\/ogrenme-programlari\/cocuk-ogrenme-programlari\/cocuk-atolyeleri-2021-benim-istanbulum-5-8-yas\/#primaryimage\"},\"thumbnailUrl\":\"https:\/\/sakipsabancimuzesi.org\/shop\/wp-content\/uploads\/2021\/11\/SSM-OGRENME-03.jpg\",\"datePublished\":\"2021-11-01T08:40:16+00:00\",\"dateModified\":\"2021-11-11T13:38:28+00:00\",\"breadcrumb\":{\"@id\":\"https:\/\/sakipsabancimuzesi.org\/shop\/urun\/egitim-ve-etkinlik\/ogrenme-programlari\/cocuk-ogrenme-programlari\/cocuk-atolyeleri-2021-benim-istanbulum-5-8-yas\/#breadcrumb\"},\"inLanguage\":\"tr\",\"potentialAction\":[{\"@type\":\"ReadAction\",\"target\":[\"https:\/\/sakipsabancimuzesi.org\/shop\/urun\/egitim-ve-etkinlik\/ogrenme-programlari\/cocuk-ogrenme-programlari\/cocuk-atolyeleri-2021-benim-istanbulum-5-8-yas\/\"]}]},{\"@type\":\"ImageObject\",\"inLanguage\":\"tr\",\"@id\":\"https:\/\/sakipsabancimuzesi.org\/shop\/urun\/egitim-ve-etkinlik\/ogrenme-programlari\/cocuk-ogrenme-programlari\/cocuk-atolyeleri-2021-benim-istanbulum-5-8-yas\/#primaryimage\",\"url\":\"https:\/\/sakipsabancimuzesi.org\/shop\/wp-content\/uploads\/2021\/11\/SSM-OGRENME-03.jpg\",\"contentUrl\":\"https:\/\/sakipsabancimuzesi.org\/shop\/wp-content\/uploads\/2021\/11\/SSM-OGRENME-03.jpg\",\"width\":2251,\"height\":2251},{\"@type\":\"BreadcrumbList\",\"@id\":\"https:\/\/sakipsabancimuzesi.org\/shop\/urun\/egitim-ve-etkinlik\/ogrenme-programlari\/cocuk-ogrenme-programlari\/cocuk-atolyeleri-2021-benim-istanbulum-5-8-yas\/#breadcrumb\",\"itemListElement\":[{\"@type\":\"ListItem\",\"position\":1,\"name\":\"Ana sayfa\",\"item\":\"https:\/\/sakipsabancimuzesi.org\/shop\/\"},{\"@type\":\"ListItem\",\"position\":2,\"name\":\"Shop\",\"item\":\"https:\/\/sakipsabancimuzesi.org\/shop\/shop\/\"},{\"@type\":\"ListItem\",\"position\":3,\"name\":\"\u00c7ocuk At\u00f6lyeleri 2021 &#8211; Benim \u0130stanbul&#8217;um (5-8 Ya\u015f)\"}]},{\"@type\":\"WebSite\",\"@id\":\"https:\/\/sakipsabancimuzesi.org\/shop\/#website\",\"url\":\"https:\/\/sakipsabancimuzesi.org\/shop\/\",\"name\":\"SSM Shop\",\"description\":\"Sak\u0131p Sabanc\u0131 M\u00fczesi, Ma\u011faza\",\"publisher\":{\"@id\":\"https:\/\/sakipsabancimuzesi.org\/shop\/#organization\"},\"potentialAction\":[{\"@type\":\"SearchAction\",\"target\":{\"@type\":\"EntryPoint\",\"urlTemplate\":\"https:\/\/sakipsabancimuzesi.org\/shop\/?s={search_term_string}\"},\"query-input\":{\"@type\":\"PropertyValueSpecification\",\"valueRequired\":true,\"valueName\":\"search_term_string\"}}],\"inLanguage\":\"tr\"},{\"@type\":\"Organization\",\"@id\":\"https:\/\/sakipsabancimuzesi.org\/shop\/#organization\",\"name\":\"SSM Shop\",\"url\":\"https:\/\/sakipsabancimuzesi.org\/shop\/\",\"logo\":{\"@type\":\"ImageObject\",\"inLanguage\":\"tr\",\"@id\":\"https:\/\/sakipsabancimuzesi.org\/shop\/#\/schema\/logo\/image\/\",\"url\":\"https:\/\/sakipsabancimuzesi.org\/shop\/wp-content\/uploads\/2019\/11\/logo.png\",\"contentUrl\":\"https:\/\/sakipsabancimuzesi.org\/shop\/wp-content\/uploads\/2019\/11\/logo.png\",\"width\":227,\"height\":87,\"caption\":\"SSM Shop\"},\"image\":{\"@id\":\"https:\/\/sakipsabancimuzesi.org\/shop\/#\/schema\/logo\/image\/\"},\"sameAs\":[\"https:\/\/www.facebook.com\/SakipSabanciMuzesi\/\"]}]}<\/script>\n<!-- \/ Yoast SEO plugin. -->","yoast_head_json":{"title":"\u00c7ocuk At\u00f6lyeleri 2021 - Benim \u0130stanbul'um (5-8 Ya\u015f) - SSM Shop","robots":{"index":"index","follow":"follow","max-snippet":"max-snippet:-1","max-image-preview":"max-image-preview:large","max-video-preview":"max-video-preview:-1"},"canonical":"https:\/\/sakipsabancimuzesi.org\/shop\/urun\/egitim-ve-etkinlik\/ogrenme-programlari\/cocuk-ogrenme-programlari\/cocuk-atolyeleri-2021-benim-istanbulum-5-8-yas\/","og_locale":"tr_TR","og_type":"article","og_title":"\u00c7ocuk At\u00f6lyeleri 2021 - Benim \u0130stanbul'um (5-8 Ya\u015f) - SSM Shop","og_description":"13 Kas\u0131m Cumartesi  11.00 - 12.00, Sera At\u00f6lye","og_url":"https:\/\/sakipsabancimuzesi.org\/shop\/urun\/egitim-ve-etkinlik\/ogrenme-programlari\/cocuk-ogrenme-programlari\/cocuk-atolyeleri-2021-benim-istanbulum-5-8-yas\/","og_site_name":"SSM Shop","article_publisher":"https:\/\/www.facebook.com\/SakipSabanciMuzesi\/","article_modified_time":"2021-11-11T13:38:28+00:00","og_image":[{"width":2251,"height":2251,"url":"https:\/\/sakipsabancimuzesi.org\/shop\/wp-content\/uploads\/2021\/11\/SSM-OGRENME-03.jpg","type":"image\/jpeg"}],"twitter_card":"summary_large_image","twitter_misc":{"Tahmini okuma s\u00fcresi":"1 dakika"},"schema":{"@context":"https:\/\/schema.org","@graph":[{"@type":"WebPage","@id":"https:\/\/sakipsabancimuzesi.org\/shop\/urun\/egitim-ve-etkinlik\/ogrenme-programlari\/cocuk-ogrenme-programlari\/cocuk-atolyeleri-2021-benim-istanbulum-5-8-yas\/","url":"https:\/\/sakipsabancimuzesi.org\/shop\/urun\/egitim-ve-etkinlik\/ogrenme-programlari\/cocuk-ogrenme-programlari\/cocuk-atolyeleri-2021-benim-istanbulum-5-8-yas\/","name":"\u00c7ocuk At\u00f6lyeleri 2021 - Benim \u0130stanbul'um (5-8 Ya\u015f) - SSM Shop","isPartOf":{"@id":"https:\/\/sakipsabancimuzesi.org\/shop\/#website"},"primaryImageOfPage":{"@id":"https:\/\/sakipsabancimuzesi.org\/shop\/urun\/egitim-ve-etkinlik\/ogrenme-programlari\/cocuk-ogrenme-programlari\/cocuk-atolyeleri-2021-benim-istanbulum-5-8-yas\/#primaryimage"},"image":{"@id":"https:\/\/sakipsabancimuzesi.org\/shop\/urun\/egitim-ve-etkinlik\/ogrenme-programlari\/cocuk-ogrenme-programlari\/cocuk-atolyeleri-2021-benim-istanbulum-5-8-yas\/#primaryimage"},"thumbnailUrl":"https:\/\/sakipsabancimuzesi.org\/shop\/wp-content\/uploads\/2021\/11\/SSM-OGRENME-03.jpg","datePublished":"2021-11-01T08:40:16+00:00","dateModified":"2021-11-11T13:38:28+00:00","breadcrumb":{"@id":"https:\/\/sakipsabancimuzesi.org\/shop\/urun\/egitim-ve-etkinlik\/ogrenme-programlari\/cocuk-ogrenme-programlari\/cocuk-atolyeleri-2021-benim-istanbulum-5-8-yas\/#breadcrumb"},"inLanguage":"tr","potentialAction":[{"@type":"ReadAction","target":["https:\/\/sakipsabancimuzesi.org\/shop\/urun\/egitim-ve-etkinlik\/ogrenme-programlari\/cocuk-ogrenme-programlari\/cocuk-atolyeleri-2021-benim-istanbulum-5-8-yas\/"]}]},{"@type":"ImageObject","inLanguage":"tr","@id":"https:\/\/sakipsabancimuzesi.org\/shop\/urun\/egitim-ve-etkinlik\/ogrenme-programlari\/cocuk-ogrenme-programlari\/cocuk-atolyeleri-2021-benim-istanbulum-5-8-yas\/#primaryimage","url":"https:\/\/sakipsabancimuzesi.org\/shop\/wp-content\/uploads\/2021\/11\/SSM-OGRENME-03.jpg","contentUrl":"https:\/\/sakipsabancimuzesi.org\/shop\/wp-content\/uploads\/2021\/11\/SSM-OGRENME-03.jpg","width":2251,"height":2251},{"@type":"BreadcrumbList","@id":"https:\/\/sakipsabancimuzesi.org\/shop\/urun\/egitim-ve-etkinlik\/ogrenme-programlari\/cocuk-ogrenme-programlari\/cocuk-atolyeleri-2021-benim-istanbulum-5-8-yas\/#breadcrumb","itemListElement":[{"@type":"ListItem","position":1,"name":"Ana sayfa","item":"https:\/\/sakipsabancimuzesi.org\/shop\/"},{"@type":"ListItem","position":2,"name":"Shop","item":"https:\/\/sakipsabancimuzesi.org\/shop\/shop\/"},{"@type":"ListItem","position":3,"name":"\u00c7ocuk At\u00f6lyeleri 2021 &#8211; Benim \u0130stanbul&#8217;um (5-8 Ya\u015f)"}]},{"@type":"WebSite","@id":"https:\/\/sakipsabancimuzesi.org\/shop\/#website","url":"https:\/\/sakipsabancimuzesi.org\/shop\/","name":"SSM Shop","description":"Sak\u0131p Sabanc\u0131 M\u00fczesi, Ma\u011faza","publisher":{"@id":"https:\/\/sakipsabancimuzesi.org\/shop\/#organization"},"potentialAction":[{"@type":"SearchAction","target":{"@type":"EntryPoint","urlTemplate":"https:\/\/sakipsabancimuzesi.org\/shop\/?s={search_term_string}"},"query-input":{"@type":"PropertyValueSpecification","valueRequired":true,"valueName":"search_term_string"}}],"inLanguage":"tr"},{"@type":"Organization","@id":"https:\/\/sakipsabancimuzesi.org\/shop\/#organization","name":"SSM Shop","url":"https:\/\/sakipsabancimuzesi.org\/shop\/","logo":{"@type":"ImageObject","inLanguage":"tr","@id":"https:\/\/sakipsabancimuzesi.org\/shop\/#\/schema\/logo\/image\/","url":"https:\/\/sakipsabancimuzesi.org\/shop\/wp-content\/uploads\/2019\/11\/logo.png","contentUrl":"https:\/\/sakipsabancimuzesi.org\/shop\/wp-content\/uploads\/2019\/11\/logo.png","width":227,"height":87,"caption":"SSM Shop"},"image":{"@id":"https:\/\/sakipsabancimuzesi.org\/shop\/#\/schema\/logo\/image\/"},"sameAs":["https:\/\/www.facebook.com\/SakipSabanciMuzesi\/"]}]}},"jetpack_sharing_enabled":true,"_links":{"self":[{"href":"https:\/\/sakipsabancimuzesi.org\/shop\/wp-json\/wp\/v2\/product\/244299","targetHints":{"allow":["GET"]}}],"collection":[{"href":"https:\/\/sakipsabancimuzesi.org\/shop\/wp-json\/wp\/v2\/product"}],"about":[{"href":"https:\/\/sakipsabancimuzesi.org\/shop\/wp-json\/wp\/v2\/types\/product"}],"wp:featuredmedia":[{"embeddable":true,"href":"https:\/\/sakipsabancimuzesi.org\/shop\/wp-json\/wp\/v2\/media\/244314"}],"wp:attachment":[{"href":"https:\/\/sakipsabancimuzesi.org\/shop\/wp-json\/wp\/v2\/media?parent=244299"}],"wp:term":[{"taxonomy":"product_brand","embeddable":true,"href":"https:\/\/sakipsabancimuzesi.org\/shop\/wp-json\/wp\/v2\/product_brand?post=244299"},{"taxonomy":"product_cat","embeddable":true,"href":"https:\/\/sakipsabancimuzesi.org\/shop\/wp-json\/wp\/v2\/product_cat?post=244299"},{"taxonomy":"product_tag","embeddable":true,"href":"https:\/\/sakipsabancimuzesi.org\/shop\/wp-json\/wp\/v2\/product_tag?post=244299"},{"taxonomy":"woo-feed-brand","embeddable":true,"href":"https:\/\/sakipsabancimuzesi.org\/shop\/wp-json\/wp\/v2\/woo-feed-brand?post=244299"}],"curies":[{"name":"wp","href":"https:\/\/api.w.org\/{rel}","templated":true}]}}