{"id":244432,"date":"2021-11-11T11:16:51","date_gmt":"2021-11-11T08:16:51","guid":{"rendered":"https:\/\/sakipsabancimuzesi.org\/shop\/?post_type=product&#038;p=244432"},"modified":"2021-11-17T01:33:24","modified_gmt":"2021-11-16T22:33:24","slug":"ara-tatil-2021-rehberli-muze-turu-6-12-yas","status":"publish","type":"product","link":"https:\/\/sakipsabancimuzesi.org\/shop\/urun\/kategorilenmemis\/ara-tatil-2021-rehberli-muze-turu-6-12-yas\/","title":{"rendered":"Ara Tatil 2021 &#8211; Rehberli M\u00fcze Turu (6-12 Ya\u015f)"},"content":{"rendered":"<p>6-12 ya\u015f aras\u0131 \u00e7ocuklar <em>d\u00fcn bug\u00fcn Istanbul<\/em> sergisini galeri i\u00e7i aktiviteler, duyular ve hisler ile rehber e\u015fli\u011finde deneyimliyor.<\/p>\n<p>Tasarlayan ve uygulayan: G\u00fcl\u00e7in Uslu<\/p>\n<p>\u00d6nemli bilgiler:<\/p>\n<p>&#8211; Tur yaln\u0131zca 6-12 ya\u015f aras\u0131 \u00e7ocuklar i\u00e7indir. E\u015flik eden yeti\u015fkin kabul edilmeyecektir.<\/p>\n<p>&#8211; Tur i\u00e7in bulu\u015fma ve biti\u015f noktas\u0131 m\u00fcze konferans salonudur.<\/p>\n<p>&#8211; Kay\u0131t i\u015flemi s\u0131ras\u0131nda ek bilgi b\u00f6l\u00fcm\u00fcne kat\u0131l\u0131mc\u0131n\u0131n ad\u0131 ve ya\u015f\u0131 yaz\u0131lmal\u0131d\u0131r.<\/p>\n<p>&#8211; \u00c7al\u0131\u015fanlar\u0131m\u0131z ve ziyaret\u00e7ilerimizin sa\u011fl\u0131\u011f\u0131 i\u00e7in 7 Eyl\u00fcl 2021 Sal\u0131 g\u00fcn\u00fcnden itibaren M\u00fcze ziyaretleriniz ve MSA Restoran ile the Seed giri\u015flerinde foto\u011frafl\u0131 kimli\u011finizle birlikte, a\u015f\u0131 kart\u0131n\u0131z\u0131, a\u015f\u0131 olunmad\u0131ysa en ge\u00e7 48 saat \u00f6nce yap\u0131lm\u0131\u015f negatif sonucu olan PCR testinizi, ya da Covid-19 ge\u00e7irmi\u015f olan misafirlerimizin (bilimsel olarak ba\u011f\u0131\u015f\u0131k kabul edilen s\u00fcreye g\u00f6re) ilgili belgelerini ibraz etmeleri zorunlu olacakt\u0131r. Belgelerini ibraz etmeyen misafirlerimizin giri\u015f kabulleri yap\u0131lamayacakt\u0131r.<\/p>\n<p>&nbsp;<\/p>\n","protected":false},"excerpt":{"rendered":"<p>17 Kas\u0131m \u00c7ar\u015famba<\/p>\n<p>11.30 \u2013 12.30<\/p>\n","protected":false},"featured_media":244434,"template":"","meta":{"_exactmetrics_skip_tracking":false,"_exactmetrics_sitenote_active":false,"_exactmetrics_sitenote_note":"","_exactmetrics_sitenote_category":0},"product_brand":[],"product_cat":[],"product_tag":[253,703,704],"woo-feed-brand":[],"class_list":{"0":"post-244432","1":"product","2":"type-product","3":"status-publish","4":"has-post-thumbnail","6":"product_tag-cocuk","7":"product_tag-aratatil2021","8":"product_tag-muzeturu","10":"first","11":"outofstock","12":"virtual","13":"sold-individually","14":"taxable","15":"purchasable","16":"product-type-simple"},"yoast_head":"<!-- This site is optimized with the Yoast SEO plugin v27.5 - https:\/\/yoast.com\/product\/yoast-seo-wordpress\/ -->\n<title>Ara Tatil 2021 - Rehberli M\u00fcze Turu (6-12 Ya\u015f) - SSM Shop<\/title>\n<meta name=\"robots\" content=\"index, follow, max-snippet:-1, max-image-preview:large, max-video-preview:-1\" \/>\n<link rel=\"canonical\" href=\"https:\/\/sakipsabancimuzesi.org\/shop\/urun\/egitim-ve-etkinlik\/ogrenme-programlari\/cocuk-ogrenme-programlari\/ara-tatil-2021-rehberli-muze-turu-6-12-yas\/\" \/>\n<meta property=\"og:locale\" content=\"tr_TR\" \/>\n<meta property=\"og:type\" content=\"article\" \/>\n<meta property=\"og:title\" content=\"Ara Tatil 2021 - Rehberli M\u00fcze Turu (6-12 Ya\u015f) - SSM Shop\" \/>\n<meta property=\"og:description\" content=\"17 Kas\u0131m \u00c7ar\u015famba  11.30 \u2013 12.30\" \/>\n<meta property=\"og:url\" content=\"https:\/\/sakipsabancimuzesi.org\/shop\/urun\/egitim-ve-etkinlik\/ogrenme-programlari\/cocuk-ogrenme-programlari\/ara-tatil-2021-rehberli-muze-turu-6-12-yas\/\" \/>\n<meta property=\"og:site_name\" content=\"SSM Shop\" \/>\n<meta property=\"article:publisher\" content=\"https:\/\/www.facebook.com\/SakipSabanciMuzesi\/\" \/>\n<meta property=\"article:modified_time\" content=\"2021-11-16T22:33:24+00:00\" \/>\n<meta property=\"og:image\" content=\"https:\/\/sakipsabancimuzesi.org\/shop\/wp-content\/uploads\/2021\/11\/ATOLYELER-SSM-06.png\" \/>\n\t<meta property=\"og:image:width\" content=\"5334\" \/>\n\t<meta property=\"og:image:height\" content=\"5334\" \/>\n\t<meta property=\"og:image:type\" content=\"image\/png\" \/>\n<meta name=\"twitter:card\" content=\"summary_large_image\" \/>\n<meta name=\"twitter:label1\" content=\"Tahmini okuma s\u00fcresi\" \/>\n\t<meta name=\"twitter:data1\" content=\"1 dakika\" \/>\n<script type=\"application\/ld+json\" class=\"yoast-schema-graph\">{\"@context\":\"https:\\\/\\\/schema.org\",\"@graph\":[{\"@type\":\"WebPage\",\"@id\":\"https:\\\/\\\/sakipsabancimuzesi.org\\\/shop\\\/urun\\\/egitim-ve-etkinlik\\\/ogrenme-programlari\\\/cocuk-ogrenme-programlari\\\/ara-tatil-2021-rehberli-muze-turu-6-12-yas\\\/\",\"url\":\"https:\\\/\\\/sakipsabancimuzesi.org\\\/shop\\\/urun\\\/egitim-ve-etkinlik\\\/ogrenme-programlari\\\/cocuk-ogrenme-programlari\\\/ara-tatil-2021-rehberli-muze-turu-6-12-yas\\\/\",\"name\":\"Ara Tatil 2021 - Rehberli M\u00fcze Turu (6-12 Ya\u015f) - SSM Shop\",\"isPartOf\":{\"@id\":\"https:\\\/\\\/sakipsabancimuzesi.org\\\/shop\\\/#website\"},\"primaryImageOfPage\":{\"@id\":\"https:\\\/\\\/sakipsabancimuzesi.org\\\/shop\\\/urun\\\/egitim-ve-etkinlik\\\/ogrenme-programlari\\\/cocuk-ogrenme-programlari\\\/ara-tatil-2021-rehberli-muze-turu-6-12-yas\\\/#primaryimage\"},\"image\":{\"@id\":\"https:\\\/\\\/sakipsabancimuzesi.org\\\/shop\\\/urun\\\/egitim-ve-etkinlik\\\/ogrenme-programlari\\\/cocuk-ogrenme-programlari\\\/ara-tatil-2021-rehberli-muze-turu-6-12-yas\\\/#primaryimage\"},\"thumbnailUrl\":\"https:\\\/\\\/sakipsabancimuzesi.org\\\/shop\\\/wp-content\\\/uploads\\\/2021\\\/11\\\/ATOLYELER-SSM-06.png\",\"datePublished\":\"2021-11-11T08:16:51+00:00\",\"dateModified\":\"2021-11-16T22:33:24+00:00\",\"breadcrumb\":{\"@id\":\"https:\\\/\\\/sakipsabancimuzesi.org\\\/shop\\\/urun\\\/egitim-ve-etkinlik\\\/ogrenme-programlari\\\/cocuk-ogrenme-programlari\\\/ara-tatil-2021-rehberli-muze-turu-6-12-yas\\\/#breadcrumb\"},\"inLanguage\":\"tr\",\"potentialAction\":[{\"@type\":\"ReadAction\",\"target\":[\"https:\\\/\\\/sakipsabancimuzesi.org\\\/shop\\\/urun\\\/egitim-ve-etkinlik\\\/ogrenme-programlari\\\/cocuk-ogrenme-programlari\\\/ara-tatil-2021-rehberli-muze-turu-6-12-yas\\\/\"]}]},{\"@type\":\"ImageObject\",\"inLanguage\":\"tr\",\"@id\":\"https:\\\/\\\/sakipsabancimuzesi.org\\\/shop\\\/urun\\\/egitim-ve-etkinlik\\\/ogrenme-programlari\\\/cocuk-ogrenme-programlari\\\/ara-tatil-2021-rehberli-muze-turu-6-12-yas\\\/#primaryimage\",\"url\":\"https:\\\/\\\/sakipsabancimuzesi.org\\\/shop\\\/wp-content\\\/uploads\\\/2021\\\/11\\\/ATOLYELER-SSM-06.png\",\"contentUrl\":\"https:\\\/\\\/sakipsabancimuzesi.org\\\/shop\\\/wp-content\\\/uploads\\\/2021\\\/11\\\/ATOLYELER-SSM-06.png\",\"width\":5334,\"height\":5334},{\"@type\":\"BreadcrumbList\",\"@id\":\"https:\\\/\\\/sakipsabancimuzesi.org\\\/shop\\\/urun\\\/egitim-ve-etkinlik\\\/ogrenme-programlari\\\/cocuk-ogrenme-programlari\\\/ara-tatil-2021-rehberli-muze-turu-6-12-yas\\\/#breadcrumb\",\"itemListElement\":[{\"@type\":\"ListItem\",\"position\":1,\"name\":\"Ana sayfa\",\"item\":\"https:\\\/\\\/sakipsabancimuzesi.org\\\/shop\\\/\"},{\"@type\":\"ListItem\",\"position\":2,\"name\":\"Shop\",\"item\":\"https:\\\/\\\/sakipsabancimuzesi.org\\\/shop\\\/shop\\\/\"},{\"@type\":\"ListItem\",\"position\":3,\"name\":\"Ara Tatil 2021 &#8211; Rehberli M\u00fcze Turu (6-12 Ya\u015f)\"}]},{\"@type\":\"WebSite\",\"@id\":\"https:\\\/\\\/sakipsabancimuzesi.org\\\/shop\\\/#website\",\"url\":\"https:\\\/\\\/sakipsabancimuzesi.org\\\/shop\\\/\",\"name\":\"SSM Shop\",\"description\":\"Sak\u0131p Sabanc\u0131 M\u00fczesi, Ma\u011faza\",\"publisher\":{\"@id\":\"https:\\\/\\\/sakipsabancimuzesi.org\\\/shop\\\/#organization\"},\"potentialAction\":[{\"@type\":\"SearchAction\",\"target\":{\"@type\":\"EntryPoint\",\"urlTemplate\":\"https:\\\/\\\/sakipsabancimuzesi.org\\\/shop\\\/?s={search_term_string}\"},\"query-input\":{\"@type\":\"PropertyValueSpecification\",\"valueRequired\":true,\"valueName\":\"search_term_string\"}}],\"inLanguage\":\"tr\"},{\"@type\":\"Organization\",\"@id\":\"https:\\\/\\\/sakipsabancimuzesi.org\\\/shop\\\/#organization\",\"name\":\"SSM Shop\",\"url\":\"https:\\\/\\\/sakipsabancimuzesi.org\\\/shop\\\/\",\"logo\":{\"@type\":\"ImageObject\",\"inLanguage\":\"tr\",\"@id\":\"https:\\\/\\\/sakipsabancimuzesi.org\\\/shop\\\/#\\\/schema\\\/logo\\\/image\\\/\",\"url\":\"https:\\\/\\\/sakipsabancimuzesi.org\\\/shop\\\/wp-content\\\/uploads\\\/2019\\\/11\\\/logo.png\",\"contentUrl\":\"https:\\\/\\\/sakipsabancimuzesi.org\\\/shop\\\/wp-content\\\/uploads\\\/2019\\\/11\\\/logo.png\",\"width\":227,\"height\":87,\"caption\":\"SSM Shop\"},\"image\":{\"@id\":\"https:\\\/\\\/sakipsabancimuzesi.org\\\/shop\\\/#\\\/schema\\\/logo\\\/image\\\/\"},\"sameAs\":[\"https:\\\/\\\/www.facebook.com\\\/SakipSabanciMuzesi\\\/\"]}]}<\/script>\n<!-- \/ Yoast SEO plugin. -->","yoast_head_json":{"title":"Ara Tatil 2021 - Rehberli M\u00fcze Turu (6-12 Ya\u015f) - SSM Shop","robots":{"index":"index","follow":"follow","max-snippet":"max-snippet:-1","max-image-preview":"max-image-preview:large","max-video-preview":"max-video-preview:-1"},"canonical":"https:\/\/sakipsabancimuzesi.org\/shop\/urun\/egitim-ve-etkinlik\/ogrenme-programlari\/cocuk-ogrenme-programlari\/ara-tatil-2021-rehberli-muze-turu-6-12-yas\/","og_locale":"tr_TR","og_type":"article","og_title":"Ara Tatil 2021 - Rehberli M\u00fcze Turu (6-12 Ya\u015f) - SSM Shop","og_description":"17 Kas\u0131m \u00c7ar\u015famba  11.30 \u2013 12.30","og_url":"https:\/\/sakipsabancimuzesi.org\/shop\/urun\/egitim-ve-etkinlik\/ogrenme-programlari\/cocuk-ogrenme-programlari\/ara-tatil-2021-rehberli-muze-turu-6-12-yas\/","og_site_name":"SSM Shop","article_publisher":"https:\/\/www.facebook.com\/SakipSabanciMuzesi\/","article_modified_time":"2021-11-16T22:33:24+00:00","og_image":[{"width":5334,"height":5334,"url":"https:\/\/sakipsabancimuzesi.org\/shop\/wp-content\/uploads\/2021\/11\/ATOLYELER-SSM-06.png","type":"image\/png"}],"twitter_card":"summary_large_image","twitter_misc":{"Tahmini okuma s\u00fcresi":"1 dakika"},"schema":{"@context":"https:\/\/schema.org","@graph":[{"@type":"WebPage","@id":"https:\/\/sakipsabancimuzesi.org\/shop\/urun\/egitim-ve-etkinlik\/ogrenme-programlari\/cocuk-ogrenme-programlari\/ara-tatil-2021-rehberli-muze-turu-6-12-yas\/","url":"https:\/\/sakipsabancimuzesi.org\/shop\/urun\/egitim-ve-etkinlik\/ogrenme-programlari\/cocuk-ogrenme-programlari\/ara-tatil-2021-rehberli-muze-turu-6-12-yas\/","name":"Ara Tatil 2021 - Rehberli M\u00fcze Turu (6-12 Ya\u015f) - SSM Shop","isPartOf":{"@id":"https:\/\/sakipsabancimuzesi.org\/shop\/#website"},"primaryImageOfPage":{"@id":"https:\/\/sakipsabancimuzesi.org\/shop\/urun\/egitim-ve-etkinlik\/ogrenme-programlari\/cocuk-ogrenme-programlari\/ara-tatil-2021-rehberli-muze-turu-6-12-yas\/#primaryimage"},"image":{"@id":"https:\/\/sakipsabancimuzesi.org\/shop\/urun\/egitim-ve-etkinlik\/ogrenme-programlari\/cocuk-ogrenme-programlari\/ara-tatil-2021-rehberli-muze-turu-6-12-yas\/#primaryimage"},"thumbnailUrl":"https:\/\/sakipsabancimuzesi.org\/shop\/wp-content\/uploads\/2021\/11\/ATOLYELER-SSM-06.png","datePublished":"2021-11-11T08:16:51+00:00","dateModified":"2021-11-16T22:33:24+00:00","breadcrumb":{"@id":"https:\/\/sakipsabancimuzesi.org\/shop\/urun\/egitim-ve-etkinlik\/ogrenme-programlari\/cocuk-ogrenme-programlari\/ara-tatil-2021-rehberli-muze-turu-6-12-yas\/#breadcrumb"},"inLanguage":"tr","potentialAction":[{"@type":"ReadAction","target":["https:\/\/sakipsabancimuzesi.org\/shop\/urun\/egitim-ve-etkinlik\/ogrenme-programlari\/cocuk-ogrenme-programlari\/ara-tatil-2021-rehberli-muze-turu-6-12-yas\/"]}]},{"@type":"ImageObject","inLanguage":"tr","@id":"https:\/\/sakipsabancimuzesi.org\/shop\/urun\/egitim-ve-etkinlik\/ogrenme-programlari\/cocuk-ogrenme-programlari\/ara-tatil-2021-rehberli-muze-turu-6-12-yas\/#primaryimage","url":"https:\/\/sakipsabancimuzesi.org\/shop\/wp-content\/uploads\/2021\/11\/ATOLYELER-SSM-06.png","contentUrl":"https:\/\/sakipsabancimuzesi.org\/shop\/wp-content\/uploads\/2021\/11\/ATOLYELER-SSM-06.png","width":5334,"height":5334},{"@type":"BreadcrumbList","@id":"https:\/\/sakipsabancimuzesi.org\/shop\/urun\/egitim-ve-etkinlik\/ogrenme-programlari\/cocuk-ogrenme-programlari\/ara-tatil-2021-rehberli-muze-turu-6-12-yas\/#breadcrumb","itemListElement":[{"@type":"ListItem","position":1,"name":"Ana sayfa","item":"https:\/\/sakipsabancimuzesi.org\/shop\/"},{"@type":"ListItem","position":2,"name":"Shop","item":"https:\/\/sakipsabancimuzesi.org\/shop\/shop\/"},{"@type":"ListItem","position":3,"name":"Ara Tatil 2021 &#8211; Rehberli M\u00fcze Turu (6-12 Ya\u015f)"}]},{"@type":"WebSite","@id":"https:\/\/sakipsabancimuzesi.org\/shop\/#website","url":"https:\/\/sakipsabancimuzesi.org\/shop\/","name":"SSM Shop","description":"Sak\u0131p Sabanc\u0131 M\u00fczesi, Ma\u011faza","publisher":{"@id":"https:\/\/sakipsabancimuzesi.org\/shop\/#organization"},"potentialAction":[{"@type":"SearchAction","target":{"@type":"EntryPoint","urlTemplate":"https:\/\/sakipsabancimuzesi.org\/shop\/?s={search_term_string}"},"query-input":{"@type":"PropertyValueSpecification","valueRequired":true,"valueName":"search_term_string"}}],"inLanguage":"tr"},{"@type":"Organization","@id":"https:\/\/sakipsabancimuzesi.org\/shop\/#organization","name":"SSM Shop","url":"https:\/\/sakipsabancimuzesi.org\/shop\/","logo":{"@type":"ImageObject","inLanguage":"tr","@id":"https:\/\/sakipsabancimuzesi.org\/shop\/#\/schema\/logo\/image\/","url":"https:\/\/sakipsabancimuzesi.org\/shop\/wp-content\/uploads\/2019\/11\/logo.png","contentUrl":"https:\/\/sakipsabancimuzesi.org\/shop\/wp-content\/uploads\/2019\/11\/logo.png","width":227,"height":87,"caption":"SSM Shop"},"image":{"@id":"https:\/\/sakipsabancimuzesi.org\/shop\/#\/schema\/logo\/image\/"},"sameAs":["https:\/\/www.facebook.com\/SakipSabanciMuzesi\/"]}]}},"jetpack_sharing_enabled":true,"_links":{"self":[{"href":"https:\/\/sakipsabancimuzesi.org\/shop\/wp-json\/wp\/v2\/product\/244432","targetHints":{"allow":["GET"]}}],"collection":[{"href":"https:\/\/sakipsabancimuzesi.org\/shop\/wp-json\/wp\/v2\/product"}],"about":[{"href":"https:\/\/sakipsabancimuzesi.org\/shop\/wp-json\/wp\/v2\/types\/product"}],"wp:featuredmedia":[{"embeddable":true,"href":"https:\/\/sakipsabancimuzesi.org\/shop\/wp-json\/wp\/v2\/media\/244434"}],"wp:attachment":[{"href":"https:\/\/sakipsabancimuzesi.org\/shop\/wp-json\/wp\/v2\/media?parent=244432"}],"wp:term":[{"taxonomy":"product_brand","embeddable":true,"href":"https:\/\/sakipsabancimuzesi.org\/shop\/wp-json\/wp\/v2\/product_brand?post=244432"},{"taxonomy":"product_cat","embeddable":true,"href":"https:\/\/sakipsabancimuzesi.org\/shop\/wp-json\/wp\/v2\/product_cat?post=244432"},{"taxonomy":"product_tag","embeddable":true,"href":"https:\/\/sakipsabancimuzesi.org\/shop\/wp-json\/wp\/v2\/product_tag?post=244432"},{"taxonomy":"woo-feed-brand","embeddable":true,"href":"https:\/\/sakipsabancimuzesi.org\/shop\/wp-json\/wp\/v2\/woo-feed-brand?post=244432"}],"curies":[{"name":"wp","href":"https:\/\/api.w.org\/{rel}","templated":true}]}}