{"id":244959,"date":"2021-12-27T16:17:38","date_gmt":"2021-12-27T13:17:38","guid":{"rendered":"https:\/\/sakipsabancimuzesi.org\/shop\/?post_type=product&#038;p=244959"},"modified":"2022-01-04T14:19:46","modified_gmt":"2022-01-04T11:19:46","slug":"pusetli-aileler-muzede-doku-avi-andy-goldsworthy-18-36-ay","status":"publish","type":"product","link":"https:\/\/sakipsabancimuzesi.org\/shop\/urun\/kategorilenmemis\/pusetli-aileler-muzede-doku-avi-andy-goldsworthy-18-36-ay\/","title":{"rendered":"Pusetli Aileler: M\u00fczede Doku Av\u0131 &#8211; Andy Goldsworthy (18-36 Ay)"},"content":{"rendered":"<p>Bu at\u00f6lyede \u00e7ocuklar do\u011fan\u0131n izinde oyun dolu ve sanatsal bir yolculu\u011fa \u00e7\u0131k\u0131yor. Arazi sanat\u0131n\u0131n \u00f6nc\u00fclerinden \u0130ngiliz heykelt\u0131ra\u015f Andy Goldsworthy\u2019nin eserlerinden hareketle haz\u0131rlanan farkl\u0131 duyusal oyunlarla \u00e7ocuklar farkl\u0131 dokular\u0131 ke\u015ffedecekler. At\u00f6lyenin son a\u015famas\u0131nda ise \u00e7ocuklar do\u011fadan ilhamla haz\u0131rlanan f\u0131r\u00e7alarla renklenecekler.<\/p>\n<p>Tasarlayan ve uygulayan:<span style=\"font-weight: 400\"> At\u00f6lye Pikolo<\/span><\/p>\n<p>\u00d6nemli Bilgiler:<\/p>\n<ul>\n<li><span style=\"font-weight: 400\">At\u00f6lye malzemelerini SSM sa\u011flar.\u00a0<\/span><\/li>\n<li style=\"font-weight: 400\"><span style=\"font-weight: 400\">At\u00f6lyeye kat\u0131l\u0131m kapasitesi s\u0131n\u0131rl\u0131d\u0131r. At\u00f6lye bileti 1 \u00e7ocuk ve 1 yeti\u015fkini kapsar. 1 yeti\u015fkinin e\u015flik etmesi zorunludur.<\/span><\/li>\n<li style=\"font-weight: 400\"><span style=\"font-weight: 400\">Kat\u0131l\u0131mc\u0131lar\u0131n ki\u015fisel sebeplerle at\u00f6lyeye kat\u0131lamamas\u0131 durumunda \u00fccret iadesi veya de\u011fi\u015fiklik yap\u0131lmaz.<\/span><\/li>\n<li style=\"font-weight: 400\">\n<div>At\u00f6lye ya\u011f\u0131\u015f olmad\u0131\u011f\u0131 s\u00fcrece a\u00e7\u0131khavada, ya\u011f\u0131\u015fl\u0131 hava \u015fartlar\u0131nda ise \u00e7ocuk at\u00f6lyesinde sosyal mesafe kurallar\u0131na uygun \u015fekilde ger\u00e7ekle\u015ftirilecektir. Hava \u015fartlar\u0131na uygun rahat k\u0131yafetler giymeniz \u00f6nerilir.<\/div>\n<\/li>\n<li style=\"font-weight: 400\">\n<div><span style=\"font-size: 14.4px\">\u00c7al\u0131\u015fanlar\u0131m\u0131z ve ziyaret\u00e7ilerimizin sa\u011fl\u0131\u011f\u0131 i\u00e7in 7 Eyl\u00fcl 2021 Sal\u0131 g\u00fcn\u00fcnden itibaren M\u00fcze ziyaretleriniz ve MSA Restoran ile the Seed giri\u015flerinde foto\u011frafl\u0131 kimli\u011finizle birlikte, a\u015f\u0131 kart\u0131n\u0131z\u0131, a\u015f\u0131 olunmad\u0131ysa en ge\u00e7 48 saat \u00f6nce yap\u0131lm\u0131\u015f negatif sonucu olan PCR testinizi, ya da Covid-19 ge\u00e7irmi\u015f olan misafirlerimizin (bilimsel olarak ba\u011f\u0131\u015f\u0131k kabul edilen s\u00fcreye g\u00f6re) ilgili belgelerini ibraz etmeleri zorunlu olacakt\u0131r. Belgelerini ibraz etmeyen misafirlerimizin giri\u015f kabulleri yap\u0131lamayacakt\u0131r.\u00a0\u00a0<\/span><\/div>\n<\/li>\n<\/ul>\n<p>&nbsp;<\/p>\n","protected":false},"excerpt":{"rendered":"<p>20 Ocak Per\u015fembe<\/p>\n<p>11.00 &#8211; 12.00, Sera At\u00f6lye<\/p>\n","protected":false},"featured_media":245129,"template":"","meta":{"_exactmetrics_skip_tracking":false,"_exactmetrics_sitenote_active":false,"_exactmetrics_sitenote_note":"","_exactmetrics_sitenote_category":0},"product_brand":[],"product_cat":[],"product_tag":[618,255,253,619,373],"woo-feed-brand":[],"class_list":{"0":"post-244959","1":"product","2":"type-product","3":"status-publish","4":"has-post-thumbnail","6":"product_tag-aile","7":"product_tag-atolye","8":"product_tag-cocuk","9":"product_tag-pusetli-aileler","10":"product_tag-yetiskin","12":"first","13":"outofstock","14":"virtual","15":"taxable","16":"purchasable","17":"product-type-simple"},"yoast_head":"<!-- This site is optimized with the Yoast SEO plugin v27.1.1 - https:\/\/yoast.com\/product\/yoast-seo-wordpress\/ -->\n<title>Pusetli Aileler: M\u00fczede Doku Av\u0131 - Andy Goldsworthy (18-36 Ay) - SSM Shop<\/title>\n<meta name=\"robots\" content=\"index, follow, max-snippet:-1, max-image-preview:large, max-video-preview:-1\" \/>\n<link rel=\"canonical\" href=\"https:\/\/sakipsabancimuzesi.org\/shop\/urun\/egitim-ve-etkinlik\/ogrenme-programlari\/cocuk-ogrenme-programlari\/pusetli-aileler-muzede-doku-avi-andy-goldsworthy-18-36-ay\/\" \/>\n<meta property=\"og:locale\" content=\"tr_TR\" \/>\n<meta property=\"og:type\" content=\"article\" \/>\n<meta property=\"og:title\" content=\"Pusetli Aileler: M\u00fczede Doku Av\u0131 - Andy Goldsworthy (18-36 Ay) - SSM Shop\" \/>\n<meta property=\"og:description\" content=\"20 Ocak Per\u015fembe  11.00 - 12.00, Sera At\u00f6lye\" \/>\n<meta property=\"og:url\" content=\"https:\/\/sakipsabancimuzesi.org\/shop\/urun\/egitim-ve-etkinlik\/ogrenme-programlari\/cocuk-ogrenme-programlari\/pusetli-aileler-muzede-doku-avi-andy-goldsworthy-18-36-ay\/\" \/>\n<meta property=\"og:site_name\" content=\"SSM Shop\" \/>\n<meta property=\"article:publisher\" content=\"https:\/\/www.facebook.com\/SakipSabanciMuzesi\/\" \/>\n<meta property=\"article:modified_time\" content=\"2022-01-04T11:19:46+00:00\" \/>\n<meta property=\"og:image\" content=\"https:\/\/sakipsabancimuzesi.org\/shop\/wp-content\/uploads\/2021\/12\/1080x1080px-3.jpg\" \/>\n\t<meta property=\"og:image:width\" content=\"1081\" \/>\n\t<meta property=\"og:image:height\" content=\"1080\" \/>\n\t<meta property=\"og:image:type\" content=\"image\/jpeg\" \/>\n<meta name=\"twitter:card\" content=\"summary_large_image\" \/>\n<meta name=\"twitter:label1\" content=\"Tahmini okuma s\u00fcresi\" \/>\n\t<meta name=\"twitter:data1\" content=\"1 dakika\" \/>\n<script type=\"application\/ld+json\" class=\"yoast-schema-graph\">{\"@context\":\"https:\/\/schema.org\",\"@graph\":[{\"@type\":\"WebPage\",\"@id\":\"https:\/\/sakipsabancimuzesi.org\/shop\/urun\/egitim-ve-etkinlik\/ogrenme-programlari\/cocuk-ogrenme-programlari\/pusetli-aileler-muzede-doku-avi-andy-goldsworthy-18-36-ay\/\",\"url\":\"https:\/\/sakipsabancimuzesi.org\/shop\/urun\/egitim-ve-etkinlik\/ogrenme-programlari\/cocuk-ogrenme-programlari\/pusetli-aileler-muzede-doku-avi-andy-goldsworthy-18-36-ay\/\",\"name\":\"Pusetli Aileler: M\u00fczede Doku Av\u0131 - Andy Goldsworthy (18-36 Ay) - SSM Shop\",\"isPartOf\":{\"@id\":\"https:\/\/sakipsabancimuzesi.org\/shop\/#website\"},\"primaryImageOfPage\":{\"@id\":\"https:\/\/sakipsabancimuzesi.org\/shop\/urun\/egitim-ve-etkinlik\/ogrenme-programlari\/cocuk-ogrenme-programlari\/pusetli-aileler-muzede-doku-avi-andy-goldsworthy-18-36-ay\/#primaryimage\"},\"image\":{\"@id\":\"https:\/\/sakipsabancimuzesi.org\/shop\/urun\/egitim-ve-etkinlik\/ogrenme-programlari\/cocuk-ogrenme-programlari\/pusetli-aileler-muzede-doku-avi-andy-goldsworthy-18-36-ay\/#primaryimage\"},\"thumbnailUrl\":\"https:\/\/sakipsabancimuzesi.org\/shop\/wp-content\/uploads\/2021\/12\/1080x1080px-3.jpg\",\"datePublished\":\"2021-12-27T13:17:38+00:00\",\"dateModified\":\"2022-01-04T11:19:46+00:00\",\"breadcrumb\":{\"@id\":\"https:\/\/sakipsabancimuzesi.org\/shop\/urun\/egitim-ve-etkinlik\/ogrenme-programlari\/cocuk-ogrenme-programlari\/pusetli-aileler-muzede-doku-avi-andy-goldsworthy-18-36-ay\/#breadcrumb\"},\"inLanguage\":\"tr\",\"potentialAction\":[{\"@type\":\"ReadAction\",\"target\":[\"https:\/\/sakipsabancimuzesi.org\/shop\/urun\/egitim-ve-etkinlik\/ogrenme-programlari\/cocuk-ogrenme-programlari\/pusetli-aileler-muzede-doku-avi-andy-goldsworthy-18-36-ay\/\"]}]},{\"@type\":\"ImageObject\",\"inLanguage\":\"tr\",\"@id\":\"https:\/\/sakipsabancimuzesi.org\/shop\/urun\/egitim-ve-etkinlik\/ogrenme-programlari\/cocuk-ogrenme-programlari\/pusetli-aileler-muzede-doku-avi-andy-goldsworthy-18-36-ay\/#primaryimage\",\"url\":\"https:\/\/sakipsabancimuzesi.org\/shop\/wp-content\/uploads\/2021\/12\/1080x1080px-3.jpg\",\"contentUrl\":\"https:\/\/sakipsabancimuzesi.org\/shop\/wp-content\/uploads\/2021\/12\/1080x1080px-3.jpg\",\"width\":1081,\"height\":1080},{\"@type\":\"BreadcrumbList\",\"@id\":\"https:\/\/sakipsabancimuzesi.org\/shop\/urun\/egitim-ve-etkinlik\/ogrenme-programlari\/cocuk-ogrenme-programlari\/pusetli-aileler-muzede-doku-avi-andy-goldsworthy-18-36-ay\/#breadcrumb\",\"itemListElement\":[{\"@type\":\"ListItem\",\"position\":1,\"name\":\"Ana sayfa\",\"item\":\"https:\/\/sakipsabancimuzesi.org\/shop\/\"},{\"@type\":\"ListItem\",\"position\":2,\"name\":\"Shop\",\"item\":\"https:\/\/sakipsabancimuzesi.org\/shop\/shop\/\"},{\"@type\":\"ListItem\",\"position\":3,\"name\":\"Pusetli Aileler: M\u00fczede Doku Av\u0131 &#8211; Andy Goldsworthy (18-36 Ay)\"}]},{\"@type\":\"WebSite\",\"@id\":\"https:\/\/sakipsabancimuzesi.org\/shop\/#website\",\"url\":\"https:\/\/sakipsabancimuzesi.org\/shop\/\",\"name\":\"SSM Shop\",\"description\":\"Sak\u0131p Sabanc\u0131 M\u00fczesi, Ma\u011faza\",\"publisher\":{\"@id\":\"https:\/\/sakipsabancimuzesi.org\/shop\/#organization\"},\"potentialAction\":[{\"@type\":\"SearchAction\",\"target\":{\"@type\":\"EntryPoint\",\"urlTemplate\":\"https:\/\/sakipsabancimuzesi.org\/shop\/?s={search_term_string}\"},\"query-input\":{\"@type\":\"PropertyValueSpecification\",\"valueRequired\":true,\"valueName\":\"search_term_string\"}}],\"inLanguage\":\"tr\"},{\"@type\":\"Organization\",\"@id\":\"https:\/\/sakipsabancimuzesi.org\/shop\/#organization\",\"name\":\"SSM Shop\",\"url\":\"https:\/\/sakipsabancimuzesi.org\/shop\/\",\"logo\":{\"@type\":\"ImageObject\",\"inLanguage\":\"tr\",\"@id\":\"https:\/\/sakipsabancimuzesi.org\/shop\/#\/schema\/logo\/image\/\",\"url\":\"https:\/\/sakipsabancimuzesi.org\/shop\/wp-content\/uploads\/2019\/11\/logo.png\",\"contentUrl\":\"https:\/\/sakipsabancimuzesi.org\/shop\/wp-content\/uploads\/2019\/11\/logo.png\",\"width\":227,\"height\":87,\"caption\":\"SSM Shop\"},\"image\":{\"@id\":\"https:\/\/sakipsabancimuzesi.org\/shop\/#\/schema\/logo\/image\/\"},\"sameAs\":[\"https:\/\/www.facebook.com\/SakipSabanciMuzesi\/\"]}]}<\/script>\n<!-- \/ Yoast SEO plugin. -->","yoast_head_json":{"title":"Pusetli Aileler: M\u00fczede Doku Av\u0131 - Andy Goldsworthy (18-36 Ay) - SSM Shop","robots":{"index":"index","follow":"follow","max-snippet":"max-snippet:-1","max-image-preview":"max-image-preview:large","max-video-preview":"max-video-preview:-1"},"canonical":"https:\/\/sakipsabancimuzesi.org\/shop\/urun\/egitim-ve-etkinlik\/ogrenme-programlari\/cocuk-ogrenme-programlari\/pusetli-aileler-muzede-doku-avi-andy-goldsworthy-18-36-ay\/","og_locale":"tr_TR","og_type":"article","og_title":"Pusetli Aileler: M\u00fczede Doku Av\u0131 - Andy Goldsworthy (18-36 Ay) - SSM Shop","og_description":"20 Ocak Per\u015fembe  11.00 - 12.00, Sera At\u00f6lye","og_url":"https:\/\/sakipsabancimuzesi.org\/shop\/urun\/egitim-ve-etkinlik\/ogrenme-programlari\/cocuk-ogrenme-programlari\/pusetli-aileler-muzede-doku-avi-andy-goldsworthy-18-36-ay\/","og_site_name":"SSM Shop","article_publisher":"https:\/\/www.facebook.com\/SakipSabanciMuzesi\/","article_modified_time":"2022-01-04T11:19:46+00:00","og_image":[{"width":1081,"height":1080,"url":"https:\/\/sakipsabancimuzesi.org\/shop\/wp-content\/uploads\/2021\/12\/1080x1080px-3.jpg","type":"image\/jpeg"}],"twitter_card":"summary_large_image","twitter_misc":{"Tahmini okuma s\u00fcresi":"1 dakika"},"schema":{"@context":"https:\/\/schema.org","@graph":[{"@type":"WebPage","@id":"https:\/\/sakipsabancimuzesi.org\/shop\/urun\/egitim-ve-etkinlik\/ogrenme-programlari\/cocuk-ogrenme-programlari\/pusetli-aileler-muzede-doku-avi-andy-goldsworthy-18-36-ay\/","url":"https:\/\/sakipsabancimuzesi.org\/shop\/urun\/egitim-ve-etkinlik\/ogrenme-programlari\/cocuk-ogrenme-programlari\/pusetli-aileler-muzede-doku-avi-andy-goldsworthy-18-36-ay\/","name":"Pusetli Aileler: M\u00fczede Doku Av\u0131 - Andy Goldsworthy (18-36 Ay) - SSM Shop","isPartOf":{"@id":"https:\/\/sakipsabancimuzesi.org\/shop\/#website"},"primaryImageOfPage":{"@id":"https:\/\/sakipsabancimuzesi.org\/shop\/urun\/egitim-ve-etkinlik\/ogrenme-programlari\/cocuk-ogrenme-programlari\/pusetli-aileler-muzede-doku-avi-andy-goldsworthy-18-36-ay\/#primaryimage"},"image":{"@id":"https:\/\/sakipsabancimuzesi.org\/shop\/urun\/egitim-ve-etkinlik\/ogrenme-programlari\/cocuk-ogrenme-programlari\/pusetli-aileler-muzede-doku-avi-andy-goldsworthy-18-36-ay\/#primaryimage"},"thumbnailUrl":"https:\/\/sakipsabancimuzesi.org\/shop\/wp-content\/uploads\/2021\/12\/1080x1080px-3.jpg","datePublished":"2021-12-27T13:17:38+00:00","dateModified":"2022-01-04T11:19:46+00:00","breadcrumb":{"@id":"https:\/\/sakipsabancimuzesi.org\/shop\/urun\/egitim-ve-etkinlik\/ogrenme-programlari\/cocuk-ogrenme-programlari\/pusetli-aileler-muzede-doku-avi-andy-goldsworthy-18-36-ay\/#breadcrumb"},"inLanguage":"tr","potentialAction":[{"@type":"ReadAction","target":["https:\/\/sakipsabancimuzesi.org\/shop\/urun\/egitim-ve-etkinlik\/ogrenme-programlari\/cocuk-ogrenme-programlari\/pusetli-aileler-muzede-doku-avi-andy-goldsworthy-18-36-ay\/"]}]},{"@type":"ImageObject","inLanguage":"tr","@id":"https:\/\/sakipsabancimuzesi.org\/shop\/urun\/egitim-ve-etkinlik\/ogrenme-programlari\/cocuk-ogrenme-programlari\/pusetli-aileler-muzede-doku-avi-andy-goldsworthy-18-36-ay\/#primaryimage","url":"https:\/\/sakipsabancimuzesi.org\/shop\/wp-content\/uploads\/2021\/12\/1080x1080px-3.jpg","contentUrl":"https:\/\/sakipsabancimuzesi.org\/shop\/wp-content\/uploads\/2021\/12\/1080x1080px-3.jpg","width":1081,"height":1080},{"@type":"BreadcrumbList","@id":"https:\/\/sakipsabancimuzesi.org\/shop\/urun\/egitim-ve-etkinlik\/ogrenme-programlari\/cocuk-ogrenme-programlari\/pusetli-aileler-muzede-doku-avi-andy-goldsworthy-18-36-ay\/#breadcrumb","itemListElement":[{"@type":"ListItem","position":1,"name":"Ana sayfa","item":"https:\/\/sakipsabancimuzesi.org\/shop\/"},{"@type":"ListItem","position":2,"name":"Shop","item":"https:\/\/sakipsabancimuzesi.org\/shop\/shop\/"},{"@type":"ListItem","position":3,"name":"Pusetli Aileler: M\u00fczede Doku Av\u0131 &#8211; Andy Goldsworthy (18-36 Ay)"}]},{"@type":"WebSite","@id":"https:\/\/sakipsabancimuzesi.org\/shop\/#website","url":"https:\/\/sakipsabancimuzesi.org\/shop\/","name":"SSM Shop","description":"Sak\u0131p Sabanc\u0131 M\u00fczesi, Ma\u011faza","publisher":{"@id":"https:\/\/sakipsabancimuzesi.org\/shop\/#organization"},"potentialAction":[{"@type":"SearchAction","target":{"@type":"EntryPoint","urlTemplate":"https:\/\/sakipsabancimuzesi.org\/shop\/?s={search_term_string}"},"query-input":{"@type":"PropertyValueSpecification","valueRequired":true,"valueName":"search_term_string"}}],"inLanguage":"tr"},{"@type":"Organization","@id":"https:\/\/sakipsabancimuzesi.org\/shop\/#organization","name":"SSM Shop","url":"https:\/\/sakipsabancimuzesi.org\/shop\/","logo":{"@type":"ImageObject","inLanguage":"tr","@id":"https:\/\/sakipsabancimuzesi.org\/shop\/#\/schema\/logo\/image\/","url":"https:\/\/sakipsabancimuzesi.org\/shop\/wp-content\/uploads\/2019\/11\/logo.png","contentUrl":"https:\/\/sakipsabancimuzesi.org\/shop\/wp-content\/uploads\/2019\/11\/logo.png","width":227,"height":87,"caption":"SSM Shop"},"image":{"@id":"https:\/\/sakipsabancimuzesi.org\/shop\/#\/schema\/logo\/image\/"},"sameAs":["https:\/\/www.facebook.com\/SakipSabanciMuzesi\/"]}]}},"jetpack_sharing_enabled":true,"_links":{"self":[{"href":"https:\/\/sakipsabancimuzesi.org\/shop\/wp-json\/wp\/v2\/product\/244959","targetHints":{"allow":["GET"]}}],"collection":[{"href":"https:\/\/sakipsabancimuzesi.org\/shop\/wp-json\/wp\/v2\/product"}],"about":[{"href":"https:\/\/sakipsabancimuzesi.org\/shop\/wp-json\/wp\/v2\/types\/product"}],"wp:featuredmedia":[{"embeddable":true,"href":"https:\/\/sakipsabancimuzesi.org\/shop\/wp-json\/wp\/v2\/media\/245129"}],"wp:attachment":[{"href":"https:\/\/sakipsabancimuzesi.org\/shop\/wp-json\/wp\/v2\/media?parent=244959"}],"wp:term":[{"taxonomy":"product_brand","embeddable":true,"href":"https:\/\/sakipsabancimuzesi.org\/shop\/wp-json\/wp\/v2\/product_brand?post=244959"},{"taxonomy":"product_cat","embeddable":true,"href":"https:\/\/sakipsabancimuzesi.org\/shop\/wp-json\/wp\/v2\/product_cat?post=244959"},{"taxonomy":"product_tag","embeddable":true,"href":"https:\/\/sakipsabancimuzesi.org\/shop\/wp-json\/wp\/v2\/product_tag?post=244959"},{"taxonomy":"woo-feed-brand","embeddable":true,"href":"https:\/\/sakipsabancimuzesi.org\/shop\/wp-json\/wp\/v2\/woo-feed-brand?post=244959"}],"curies":[{"name":"wp","href":"https:\/\/api.w.org\/{rel}","templated":true}]}}