{"id":245323,"date":"2022-01-12T00:44:39","date_gmt":"2022-01-11T21:44:39","guid":{"rendered":"https:\/\/sakipsabancimuzesi.org\/shop\/?post_type=product&#038;p=245323"},"modified":"2022-02-03T11:13:10","modified_gmt":"2022-02-03T08:13:10","slug":"kis-okulu-2022-duyularimla-geziyorum-6-8-yas","status":"publish","type":"product","link":"https:\/\/sakipsabancimuzesi.org\/shop\/urun\/kategorilenmemis\/kis-okulu-2022-duyularimla-geziyorum-6-8-yas\/","title":{"rendered":"K\u0131\u015f Okulu 2022 &#8211; Duyular\u0131mla Geziyorum (6-8 Ya\u015f)"},"content":{"rendered":"<p>Bu at\u00f6lyede \u00e7ocuklar, d\u00fcnyay\u0131 yeni yollarla g\u00f6zlemlemeyi, bilgi toplamay\u0131, analiz etmeyi ve d\u00fcnyaya ili\u015fkin \u00f6nceki varsay\u0131mlar\u0131na meydan okumay\u0131 \u00f6\u011freniyorlar. Mek\u00e2nlar\u0131 g\u00f6rme, ses, koku, tat ve dokunma duyular\u0131yla deneyimleme konusunda y\u00f6nlendiriliyor, farkl\u0131 duyular\u0131n \u00f6nemine dair fikir ediniyor ve d\u00fcnyay\u0131 farkl\u0131 duyularla nas\u0131l alg\u0131lad\u0131klar\u0131n\u0131 deneyimliyorlar.<\/p>\n<p>Tasarlayan ve uygulayan:<span style=\"font-weight: 400\"> Arkki T\u00fcrkiye<\/span><\/p>\n<p>\u00d6nemli Bilgiler:<\/p>\n<p>&#8211; At\u00f6lye malzemelerini SSM sa\u011flar.<\/p>\n<p>&#8211; Sat\u0131n alma i\u015flemi s\u0131ras\u0131nda ek bilgi b\u00f6l\u00fcm\u00fcne kat\u0131l\u0131mc\u0131n\u0131n ad\u0131 ve ya\u015f\u0131 yaz\u0131lmal\u0131d\u0131r.<\/p>\n<p>&#8211; At\u00f6lye, \u00e7ocuk at\u00f6lyesinde sosyal mesafe kurallar\u0131na uygun \u015fekilde ger\u00e7ekle\u015ftirilecektir. Rahat k\u0131yafetler giyilmesi \u00f6nerilir.<\/p>\n<p>&#8211; Kat\u0131l\u0131mc\u0131lar\u0131n ki\u015fisel sebeplerle e\u011fitime kat\u0131lamamas\u0131 durumunda \u00fccret iadesi veya de\u011fi\u015fiklik yap\u0131lmaz.<\/p>\n<p>&#8211; \u00c7al\u0131\u015fanlar\u0131m\u0131z ve ziyaret\u00e7ilerimizin sa\u011fl\u0131\u011f\u0131 i\u00e7in 7 Eyl\u00fcl 2021 Sal\u0131 g\u00fcn\u00fcnden itibaren M\u00fcze ziyaretleriniz ve MSA Restoran ile the Seed giri\u015flerinde foto\u011frafl\u0131 kimli\u011finizle birlikte, a\u015f\u0131 kart\u0131n\u0131z\u0131, a\u015f\u0131 olunmad\u0131ysa en ge\u00e7 48 saat \u00f6nce yap\u0131lm\u0131\u015f negatif sonucu olan PCR testinizi, ya da Covid-19 ge\u00e7irmi\u015f olan misafirlerimizin (bilimsel olarak ba\u011f\u0131\u015f\u0131k kabul edilen s\u00fcreye g\u00f6re) ilgili belgelerini ibraz etmeleri zorunlu olacakt\u0131r. Belgelerini ibraz etmeyen misafirlerimizin giri\u015f kabulleri yap\u0131lamayacakt\u0131r.<\/p>\n<p>&nbsp;<\/p>\n","protected":false},"excerpt":{"rendered":"<p>3 \u015eubat Per\u015fembe<\/p>\n<p>11.00 &#8211; 13.00<\/p>\n<p>Ba\u015flang\u0131\u00e7 ve Biti\u015f Noktas\u0131: Sera At\u00f6lye<\/p>\n","protected":false},"featured_media":245324,"template":"","meta":{"_exactmetrics_skip_tracking":false,"_exactmetrics_sitenote_active":false,"_exactmetrics_sitenote_note":"","_exactmetrics_sitenote_category":0},"product_brand":[],"product_cat":[],"product_tag":[255,253,553],"woo-feed-brand":[],"class_list":{"0":"post-245323","1":"product","2":"type-product","3":"status-publish","4":"has-post-thumbnail","6":"product_tag-atolye","7":"product_tag-cocuk","8":"product_tag-kis-okulu","10":"first","11":"outofstock","12":"virtual","13":"taxable","14":"purchasable","15":"product-type-simple"},"yoast_head":"<!-- This site is optimized with the Yoast SEO plugin v27.1.1 - https:\/\/yoast.com\/product\/yoast-seo-wordpress\/ -->\n<title>K\u0131\u015f Okulu 2022 - Duyular\u0131mla Geziyorum (6-8 Ya\u015f) - SSM Shop<\/title>\n<meta name=\"robots\" content=\"index, follow, max-snippet:-1, max-image-preview:large, max-video-preview:-1\" \/>\n<link rel=\"canonical\" href=\"https:\/\/sakipsabancimuzesi.org\/shop\/urun\/egitim-ve-etkinlik\/ogrenme-programlari\/cocuk-ogrenme-programlari\/kis-okulu-2022-duyularimla-geziyorum-6-8-yas\/\" \/>\n<meta property=\"og:locale\" content=\"tr_TR\" \/>\n<meta property=\"og:type\" content=\"article\" \/>\n<meta property=\"og:title\" content=\"K\u0131\u015f Okulu 2022 - Duyular\u0131mla Geziyorum (6-8 Ya\u015f) - SSM Shop\" \/>\n<meta property=\"og:description\" content=\"3 \u015eubat Per\u015fembe  11.00 - 13.00  Ba\u015flang\u0131\u00e7 ve Biti\u015f Noktas\u0131: Sera At\u00f6lye\" \/>\n<meta property=\"og:url\" content=\"https:\/\/sakipsabancimuzesi.org\/shop\/urun\/egitim-ve-etkinlik\/ogrenme-programlari\/cocuk-ogrenme-programlari\/kis-okulu-2022-duyularimla-geziyorum-6-8-yas\/\" \/>\n<meta property=\"og:site_name\" content=\"SSM Shop\" \/>\n<meta property=\"article:publisher\" content=\"https:\/\/www.facebook.com\/SakipSabanciMuzesi\/\" \/>\n<meta property=\"article:modified_time\" content=\"2022-02-03T08:13:10+00:00\" \/>\n<meta property=\"og:image\" content=\"https:\/\/sakipsabancimuzesi.org\/shop\/wp-content\/uploads\/2022\/01\/kis-okulu-14.jpeg\" \/>\n\t<meta property=\"og:image:width\" content=\"1600\" \/>\n\t<meta property=\"og:image:height\" content=\"1600\" \/>\n\t<meta property=\"og:image:type\" content=\"image\/jpeg\" \/>\n<meta name=\"twitter:card\" content=\"summary_large_image\" \/>\n<meta name=\"twitter:label1\" content=\"Tahmini okuma s\u00fcresi\" \/>\n\t<meta name=\"twitter:data1\" content=\"1 dakika\" \/>\n<script type=\"application\/ld+json\" class=\"yoast-schema-graph\">{\"@context\":\"https:\/\/schema.org\",\"@graph\":[{\"@type\":\"WebPage\",\"@id\":\"https:\/\/sakipsabancimuzesi.org\/shop\/urun\/egitim-ve-etkinlik\/ogrenme-programlari\/cocuk-ogrenme-programlari\/kis-okulu-2022-duyularimla-geziyorum-6-8-yas\/\",\"url\":\"https:\/\/sakipsabancimuzesi.org\/shop\/urun\/egitim-ve-etkinlik\/ogrenme-programlari\/cocuk-ogrenme-programlari\/kis-okulu-2022-duyularimla-geziyorum-6-8-yas\/\",\"name\":\"K\u0131\u015f Okulu 2022 - Duyular\u0131mla Geziyorum (6-8 Ya\u015f) - SSM Shop\",\"isPartOf\":{\"@id\":\"https:\/\/sakipsabancimuzesi.org\/shop\/#website\"},\"primaryImageOfPage\":{\"@id\":\"https:\/\/sakipsabancimuzesi.org\/shop\/urun\/egitim-ve-etkinlik\/ogrenme-programlari\/cocuk-ogrenme-programlari\/kis-okulu-2022-duyularimla-geziyorum-6-8-yas\/#primaryimage\"},\"image\":{\"@id\":\"https:\/\/sakipsabancimuzesi.org\/shop\/urun\/egitim-ve-etkinlik\/ogrenme-programlari\/cocuk-ogrenme-programlari\/kis-okulu-2022-duyularimla-geziyorum-6-8-yas\/#primaryimage\"},\"thumbnailUrl\":\"https:\/\/sakipsabancimuzesi.org\/shop\/wp-content\/uploads\/2022\/01\/kis-okulu-14.jpeg\",\"datePublished\":\"2022-01-11T21:44:39+00:00\",\"dateModified\":\"2022-02-03T08:13:10+00:00\",\"breadcrumb\":{\"@id\":\"https:\/\/sakipsabancimuzesi.org\/shop\/urun\/egitim-ve-etkinlik\/ogrenme-programlari\/cocuk-ogrenme-programlari\/kis-okulu-2022-duyularimla-geziyorum-6-8-yas\/#breadcrumb\"},\"inLanguage\":\"tr\",\"potentialAction\":[{\"@type\":\"ReadAction\",\"target\":[\"https:\/\/sakipsabancimuzesi.org\/shop\/urun\/egitim-ve-etkinlik\/ogrenme-programlari\/cocuk-ogrenme-programlari\/kis-okulu-2022-duyularimla-geziyorum-6-8-yas\/\"]}]},{\"@type\":\"ImageObject\",\"inLanguage\":\"tr\",\"@id\":\"https:\/\/sakipsabancimuzesi.org\/shop\/urun\/egitim-ve-etkinlik\/ogrenme-programlari\/cocuk-ogrenme-programlari\/kis-okulu-2022-duyularimla-geziyorum-6-8-yas\/#primaryimage\",\"url\":\"https:\/\/sakipsabancimuzesi.org\/shop\/wp-content\/uploads\/2022\/01\/kis-okulu-14.jpeg\",\"contentUrl\":\"https:\/\/sakipsabancimuzesi.org\/shop\/wp-content\/uploads\/2022\/01\/kis-okulu-14.jpeg\",\"width\":1600,\"height\":1600},{\"@type\":\"BreadcrumbList\",\"@id\":\"https:\/\/sakipsabancimuzesi.org\/shop\/urun\/egitim-ve-etkinlik\/ogrenme-programlari\/cocuk-ogrenme-programlari\/kis-okulu-2022-duyularimla-geziyorum-6-8-yas\/#breadcrumb\",\"itemListElement\":[{\"@type\":\"ListItem\",\"position\":1,\"name\":\"Ana sayfa\",\"item\":\"https:\/\/sakipsabancimuzesi.org\/shop\/\"},{\"@type\":\"ListItem\",\"position\":2,\"name\":\"Shop\",\"item\":\"https:\/\/sakipsabancimuzesi.org\/shop\/shop\/\"},{\"@type\":\"ListItem\",\"position\":3,\"name\":\"K\u0131\u015f Okulu 2022 &#8211; Duyular\u0131mla Geziyorum (6-8 Ya\u015f)\"}]},{\"@type\":\"WebSite\",\"@id\":\"https:\/\/sakipsabancimuzesi.org\/shop\/#website\",\"url\":\"https:\/\/sakipsabancimuzesi.org\/shop\/\",\"name\":\"SSM Shop\",\"description\":\"Sak\u0131p Sabanc\u0131 M\u00fczesi, Ma\u011faza\",\"publisher\":{\"@id\":\"https:\/\/sakipsabancimuzesi.org\/shop\/#organization\"},\"potentialAction\":[{\"@type\":\"SearchAction\",\"target\":{\"@type\":\"EntryPoint\",\"urlTemplate\":\"https:\/\/sakipsabancimuzesi.org\/shop\/?s={search_term_string}\"},\"query-input\":{\"@type\":\"PropertyValueSpecification\",\"valueRequired\":true,\"valueName\":\"search_term_string\"}}],\"inLanguage\":\"tr\"},{\"@type\":\"Organization\",\"@id\":\"https:\/\/sakipsabancimuzesi.org\/shop\/#organization\",\"name\":\"SSM Shop\",\"url\":\"https:\/\/sakipsabancimuzesi.org\/shop\/\",\"logo\":{\"@type\":\"ImageObject\",\"inLanguage\":\"tr\",\"@id\":\"https:\/\/sakipsabancimuzesi.org\/shop\/#\/schema\/logo\/image\/\",\"url\":\"https:\/\/sakipsabancimuzesi.org\/shop\/wp-content\/uploads\/2019\/11\/logo.png\",\"contentUrl\":\"https:\/\/sakipsabancimuzesi.org\/shop\/wp-content\/uploads\/2019\/11\/logo.png\",\"width\":227,\"height\":87,\"caption\":\"SSM Shop\"},\"image\":{\"@id\":\"https:\/\/sakipsabancimuzesi.org\/shop\/#\/schema\/logo\/image\/\"},\"sameAs\":[\"https:\/\/www.facebook.com\/SakipSabanciMuzesi\/\"]}]}<\/script>\n<!-- \/ Yoast SEO plugin. -->","yoast_head_json":{"title":"K\u0131\u015f Okulu 2022 - Duyular\u0131mla Geziyorum (6-8 Ya\u015f) - SSM Shop","robots":{"index":"index","follow":"follow","max-snippet":"max-snippet:-1","max-image-preview":"max-image-preview:large","max-video-preview":"max-video-preview:-1"},"canonical":"https:\/\/sakipsabancimuzesi.org\/shop\/urun\/egitim-ve-etkinlik\/ogrenme-programlari\/cocuk-ogrenme-programlari\/kis-okulu-2022-duyularimla-geziyorum-6-8-yas\/","og_locale":"tr_TR","og_type":"article","og_title":"K\u0131\u015f Okulu 2022 - Duyular\u0131mla Geziyorum (6-8 Ya\u015f) - SSM Shop","og_description":"3 \u015eubat Per\u015fembe  11.00 - 13.00  Ba\u015flang\u0131\u00e7 ve Biti\u015f Noktas\u0131: Sera At\u00f6lye","og_url":"https:\/\/sakipsabancimuzesi.org\/shop\/urun\/egitim-ve-etkinlik\/ogrenme-programlari\/cocuk-ogrenme-programlari\/kis-okulu-2022-duyularimla-geziyorum-6-8-yas\/","og_site_name":"SSM Shop","article_publisher":"https:\/\/www.facebook.com\/SakipSabanciMuzesi\/","article_modified_time":"2022-02-03T08:13:10+00:00","og_image":[{"width":1600,"height":1600,"url":"https:\/\/sakipsabancimuzesi.org\/shop\/wp-content\/uploads\/2022\/01\/kis-okulu-14.jpeg","type":"image\/jpeg"}],"twitter_card":"summary_large_image","twitter_misc":{"Tahmini okuma s\u00fcresi":"1 dakika"},"schema":{"@context":"https:\/\/schema.org","@graph":[{"@type":"WebPage","@id":"https:\/\/sakipsabancimuzesi.org\/shop\/urun\/egitim-ve-etkinlik\/ogrenme-programlari\/cocuk-ogrenme-programlari\/kis-okulu-2022-duyularimla-geziyorum-6-8-yas\/","url":"https:\/\/sakipsabancimuzesi.org\/shop\/urun\/egitim-ve-etkinlik\/ogrenme-programlari\/cocuk-ogrenme-programlari\/kis-okulu-2022-duyularimla-geziyorum-6-8-yas\/","name":"K\u0131\u015f Okulu 2022 - Duyular\u0131mla Geziyorum (6-8 Ya\u015f) - SSM Shop","isPartOf":{"@id":"https:\/\/sakipsabancimuzesi.org\/shop\/#website"},"primaryImageOfPage":{"@id":"https:\/\/sakipsabancimuzesi.org\/shop\/urun\/egitim-ve-etkinlik\/ogrenme-programlari\/cocuk-ogrenme-programlari\/kis-okulu-2022-duyularimla-geziyorum-6-8-yas\/#primaryimage"},"image":{"@id":"https:\/\/sakipsabancimuzesi.org\/shop\/urun\/egitim-ve-etkinlik\/ogrenme-programlari\/cocuk-ogrenme-programlari\/kis-okulu-2022-duyularimla-geziyorum-6-8-yas\/#primaryimage"},"thumbnailUrl":"https:\/\/sakipsabancimuzesi.org\/shop\/wp-content\/uploads\/2022\/01\/kis-okulu-14.jpeg","datePublished":"2022-01-11T21:44:39+00:00","dateModified":"2022-02-03T08:13:10+00:00","breadcrumb":{"@id":"https:\/\/sakipsabancimuzesi.org\/shop\/urun\/egitim-ve-etkinlik\/ogrenme-programlari\/cocuk-ogrenme-programlari\/kis-okulu-2022-duyularimla-geziyorum-6-8-yas\/#breadcrumb"},"inLanguage":"tr","potentialAction":[{"@type":"ReadAction","target":["https:\/\/sakipsabancimuzesi.org\/shop\/urun\/egitim-ve-etkinlik\/ogrenme-programlari\/cocuk-ogrenme-programlari\/kis-okulu-2022-duyularimla-geziyorum-6-8-yas\/"]}]},{"@type":"ImageObject","inLanguage":"tr","@id":"https:\/\/sakipsabancimuzesi.org\/shop\/urun\/egitim-ve-etkinlik\/ogrenme-programlari\/cocuk-ogrenme-programlari\/kis-okulu-2022-duyularimla-geziyorum-6-8-yas\/#primaryimage","url":"https:\/\/sakipsabancimuzesi.org\/shop\/wp-content\/uploads\/2022\/01\/kis-okulu-14.jpeg","contentUrl":"https:\/\/sakipsabancimuzesi.org\/shop\/wp-content\/uploads\/2022\/01\/kis-okulu-14.jpeg","width":1600,"height":1600},{"@type":"BreadcrumbList","@id":"https:\/\/sakipsabancimuzesi.org\/shop\/urun\/egitim-ve-etkinlik\/ogrenme-programlari\/cocuk-ogrenme-programlari\/kis-okulu-2022-duyularimla-geziyorum-6-8-yas\/#breadcrumb","itemListElement":[{"@type":"ListItem","position":1,"name":"Ana sayfa","item":"https:\/\/sakipsabancimuzesi.org\/shop\/"},{"@type":"ListItem","position":2,"name":"Shop","item":"https:\/\/sakipsabancimuzesi.org\/shop\/shop\/"},{"@type":"ListItem","position":3,"name":"K\u0131\u015f Okulu 2022 &#8211; Duyular\u0131mla Geziyorum (6-8 Ya\u015f)"}]},{"@type":"WebSite","@id":"https:\/\/sakipsabancimuzesi.org\/shop\/#website","url":"https:\/\/sakipsabancimuzesi.org\/shop\/","name":"SSM Shop","description":"Sak\u0131p Sabanc\u0131 M\u00fczesi, Ma\u011faza","publisher":{"@id":"https:\/\/sakipsabancimuzesi.org\/shop\/#organization"},"potentialAction":[{"@type":"SearchAction","target":{"@type":"EntryPoint","urlTemplate":"https:\/\/sakipsabancimuzesi.org\/shop\/?s={search_term_string}"},"query-input":{"@type":"PropertyValueSpecification","valueRequired":true,"valueName":"search_term_string"}}],"inLanguage":"tr"},{"@type":"Organization","@id":"https:\/\/sakipsabancimuzesi.org\/shop\/#organization","name":"SSM Shop","url":"https:\/\/sakipsabancimuzesi.org\/shop\/","logo":{"@type":"ImageObject","inLanguage":"tr","@id":"https:\/\/sakipsabancimuzesi.org\/shop\/#\/schema\/logo\/image\/","url":"https:\/\/sakipsabancimuzesi.org\/shop\/wp-content\/uploads\/2019\/11\/logo.png","contentUrl":"https:\/\/sakipsabancimuzesi.org\/shop\/wp-content\/uploads\/2019\/11\/logo.png","width":227,"height":87,"caption":"SSM Shop"},"image":{"@id":"https:\/\/sakipsabancimuzesi.org\/shop\/#\/schema\/logo\/image\/"},"sameAs":["https:\/\/www.facebook.com\/SakipSabanciMuzesi\/"]}]}},"jetpack_sharing_enabled":true,"_links":{"self":[{"href":"https:\/\/sakipsabancimuzesi.org\/shop\/wp-json\/wp\/v2\/product\/245323","targetHints":{"allow":["GET"]}}],"collection":[{"href":"https:\/\/sakipsabancimuzesi.org\/shop\/wp-json\/wp\/v2\/product"}],"about":[{"href":"https:\/\/sakipsabancimuzesi.org\/shop\/wp-json\/wp\/v2\/types\/product"}],"wp:featuredmedia":[{"embeddable":true,"href":"https:\/\/sakipsabancimuzesi.org\/shop\/wp-json\/wp\/v2\/media\/245324"}],"wp:attachment":[{"href":"https:\/\/sakipsabancimuzesi.org\/shop\/wp-json\/wp\/v2\/media?parent=245323"}],"wp:term":[{"taxonomy":"product_brand","embeddable":true,"href":"https:\/\/sakipsabancimuzesi.org\/shop\/wp-json\/wp\/v2\/product_brand?post=245323"},{"taxonomy":"product_cat","embeddable":true,"href":"https:\/\/sakipsabancimuzesi.org\/shop\/wp-json\/wp\/v2\/product_cat?post=245323"},{"taxonomy":"product_tag","embeddable":true,"href":"https:\/\/sakipsabancimuzesi.org\/shop\/wp-json\/wp\/v2\/product_tag?post=245323"},{"taxonomy":"woo-feed-brand","embeddable":true,"href":"https:\/\/sakipsabancimuzesi.org\/shop\/wp-json\/wp\/v2\/woo-feed-brand?post=245323"}],"curies":[{"name":"wp","href":"https:\/\/api.w.org\/{rel}","templated":true}]}}