{"id":246996,"date":"2022-02-08T17:27:14","date_gmt":"2022-02-08T14:27:14","guid":{"rendered":"https:\/\/sakipsabancimuzesi.org\/shop\/?post_type=product&#038;p=246996"},"modified":"2022-05-16T19:10:57","modified_gmt":"2022-05-16T16:10:57","slug":"konferans-osmanli-hanedanindan-iki-sanatsever-sanatci-sultan-abdulaziz-ve-oglu-abdulmecid-efendi","status":"publish","type":"product","link":"https:\/\/sakipsabancimuzesi.org\/shop\/urun\/kategorilenmemis\/konferans-osmanli-hanedanindan-iki-sanatsever-sanatci-sultan-abdulaziz-ve-oglu-abdulmecid-efendi\/","title":{"rendered":"Konferans &#8211; Osmanl\u0131 Hanedan\u0131ndan \u0130ki Sanatsever Sanat\u00e7\u0131: Sultan Abd\u00fclaziz ve O\u011flu Abd\u00fclmecid Efendi"},"content":{"rendered":"<p style=\"font-weight: 400\">Sak\u0131p Sabanc\u0131 M\u00fczesi\u2019nde devam eden \u201c\u015eehzade&#8217;nin S\u0131ra D\u0131\u015f\u0131 D\u00fcnyas\u0131: Abd\u00fclmecid Efendi\u201d sergisi, T\u00fcrkiye sanat tarihinde derin izler b\u0131rakm\u0131\u015f, kendisi de \u00f6nemli bir ressam olan, hat, m\u00fczik ve edebiyat ile de ilgilenen, pek \u00e7ok sanat\u00e7\u0131n\u0131n ve kurumun da hamili\u011fini \u00fcstlenmi\u015f Abd\u00fclmecid Efendi\u2019nin hayat\u0131 ve sanat\u0131na \u0131\u015f\u0131k tutan etkinliklere ev sahipli\u011fi yapmaya devam ediyor. Geleneksel sanatlardan \u00e7a\u011fda\u015f sanatlara \u00e7ok say\u0131da sergi ve yay\u0131n\u0131n ger\u00e7ekle\u015fmesinde rol alan, \u00e7e\u015fitli ki\u015fi ve kurumlar\u0131n koleksiyonlar\u0131n\u0131 katalogla\u015ft\u0131ran sanat tarih\u00e7isi \u00d6mer Faruk \u015eerifo\u011flu sergi kapsam\u0131nda \u201cOsmanl\u0131 Hanedan\u0131ndan \u0130ki Sanatsever Sanat\u00e7\u0131: Sultan Abd\u00fclaziz ve O\u011flu Abd\u00fclmecid Efendi\u201d ba\u015fl\u0131kl\u0131 bir konferans ger\u00e7ekle\u015ftirecek.<\/p>\n<p style=\"font-weight: 400\">Sanat, Osmanl\u0131 saray\u0131nda sadece desteklenen de\u011fil, ayn\u0131 zamanda da \u00fcretilen bir de\u011ferdir. Sultan I. S\u00fcleyman (1494-1566) devrinden itibaren on \u00fc\u00e7-on d\u00f6rt ya\u015f\u0131na gelen \u015fehzadeler i\u00e7in ilim \u00f6\u011freten bir lala ile birlikte, ki\u015fisel e\u011filimlerine g\u00f6re bir de usta\/sanatk\u00e2r tayin edilerek sanat \u00f6\u011frenmeleri gelenek halini al\u0131r. Bir\u00e7ok padi\u015fah \u00e7e\u015fitli sanat dallar\u0131nda ustal\u0131k derecesine eri\u015fir. Bat\u0131 etkilerinin artt\u0131\u011f\u0131 d\u00f6nemlerde sanata y\u00f6nelim resim ve m\u00fczik alanlar\u0131nda \u00f6ne \u00e7\u0131kar.<\/p>\n<p style=\"font-weight: 400\">Konferans, maiyetinde ressamlar \u00e7al\u0131\u015ft\u0131r\u0131rarak koleksiyonu i\u00e7in yurtd\u0131\u015f\u0131ndan eserler sat\u0131n ald\u0131ran, sanatk\u00e2r ki\u015fili\u011fine resim ve hattatl\u0131\u011f\u0131n yan\u0131 s\u0131ra musikiyi de ekleyerek T\u00fcrk ve Bat\u0131 m\u00fczi\u011fi formunda besteler veren Sultan Abd\u00fclaziz ve babas\u0131ndan ald\u0131\u011f\u0131 resim tutkusunu d\u00f6neminin pop\u00fcler akademik tavr\u0131yla hayat\u0131 boyunca devam ettiren Abd\u00fclmecid Efendi\u2019nin sanatla olan ili\u015fkisini ele alacakt\u0131r. Avrupa gazetelerinde geni\u015f yer bulmu\u015f, an\u0131s\u0131na madalyon \u00fcretilmi\u015f bir padi\u015fah olan Sultan Abd\u00fclaziz\u2019in, \u0130stanbul\u2019daki sanat ortam\u0131na Avrupal\u0131 bir etki kazand\u0131rmak ad\u0131na giri\u015fimleri ve o\u011flu Abd\u00fclmecid Efendi\u2019nin modernle\u015fmeyi ilke edinen, \u0130slam gelenekleriyle Bat\u0131 k\u00fclt\u00fcr\u00fcn\u00fcn harmanlanabilece\u011fini \u00f6ng\u00f6ren ve bunu \u015fahsi hayat\u0131nda \u00f6z\u00fcmseyen ayd\u0131n kimli\u011fi, \u00e7ok y\u00f6nl\u00fc sanatk\u00e2rl\u0131\u011f\u0131 ile birlikte incelenecektir.<\/p>\n<p>\u00d6nemli bilgiler:<\/p>\n<p>\u2013 Konferans, Zoom servisi \u00fczerinden ger\u00e7ekle\u015ftirilir. Konferansa kat\u0131l\u0131m linki, kay\u0131t i\u015flemi sonras\u0131 g\u00f6nderilecek e-postada payla\u015f\u0131laca\u011f\u0131 i\u00e7in e-posta adresinizi belirtmeniz gerekmektedir.<\/p>\n<p>\u2013 \u0130nternet ba\u011flant\u0131s\u0131ndan do\u011fabilecek aksakl\u0131k ve ma\u011fduriyetlerden SSM sorumlu de\u011fildir.<\/p>\n<p>\u2013 Kat\u0131l\u0131mc\u0131lar\u0131n, \u00e7evrimi\u00e7i programlar\u0131 veya bu programlar s\u0131ras\u0131nda kullan\u0131lan her t\u00fcrden g\u00f6rsel, i\u015fitsel, yaz\u0131l\u0131 materyali kaydetme, kopyalama, \u00e7o\u011faltma ve \u00fc\u00e7\u00fcnc\u00fc ki\u015filerle payla\u015fma hakk\u0131 yoktur. Aksi davran\u0131\u015flarda yasal sorumluluk kat\u0131l\u0131mc\u0131ya aittir.<\/p>\n<p>&nbsp;<\/p>\n<p>Louis Maubert (1875-1949)<br \/>\nAbd\u00fclmecid Efendi B\u00fcst\u00fc<br \/>\nMermer<br \/>\nMSGS\u00dc \u0130stanbul Resim ve Heykel M\u00fczesi Koleksiyonu. Env. no. 427\/9721.<\/p>\n<p>\u201c<em>\u015eehzade&#8217;nin S\u0131ra D\u0131\u015f\u0131 D\u00fcnyas\u0131: Abd\u00fclmecid Efendi\u201d <\/em>sergisini Sal\u0131, \u00c7ar\u015famba, Per\u015fembe, Cuma ve Pazar g\u00fcnleri 10.00 \u2013 18.00 aras\u0131, Cumartesi g\u00fcnleri 10.00 \u2013 20.00 aras\u0131 ziyaret edebilirsiniz. Ziyaret bilgileri i\u00e7in <a href=\"https:\/\/sakipsabancimuzesi.org\/ziyaret\">t\u0131klay\u0131n\u0131z.<\/a><\/p>\n","protected":false},"excerpt":{"rendered":"<p>Konu\u015fmac\u0131: \u00d6mer Faruk \u015eerifo\u011flu<\/p>\n<p>15 \u015eubat Sal\u0131, 16.00<\/p>\n<p>\u00c7evrimi\u00e7i<\/p>\n","protected":false},"featured_media":247082,"template":"","meta":{"_exactmetrics_skip_tracking":false,"_exactmetrics_sitenote_active":false,"_exactmetrics_sitenote_note":"","_exactmetrics_sitenote_category":0},"product_brand":[],"product_cat":[],"product_tag":[441,375,712],"woo-feed-brand":[],"class_list":{"0":"post-246996","1":"product","2":"type-product","3":"status-publish","4":"has-post-thumbnail","6":"product_tag-sergi","7":"product_tag-cevrimici","8":"product_tag-konferans","10":"first","11":"outofstock","12":"virtual","13":"sold-individually","14":"taxable","15":"purchasable","16":"product-type-simple"},"yoast_head":"<!-- This site is optimized with the Yoast SEO plugin v27.1.1 - https:\/\/yoast.com\/product\/yoast-seo-wordpress\/ -->\n<title>Konferans - Osmanl\u0131 Hanedan\u0131ndan \u0130ki Sanatsever Sanat\u00e7\u0131: Sultan Abd\u00fclaziz ve O\u011flu Abd\u00fclmecid Efendi - SSM Shop<\/title>\n<meta name=\"robots\" content=\"index, follow, max-snippet:-1, max-image-preview:large, max-video-preview:-1\" \/>\n<link rel=\"canonical\" href=\"https:\/\/sakipsabancimuzesi.org\/shop\/urun\/egitim-ve-etkinlik\/ogrenme-programlari\/yetiskin-ogrenme-programlari\/konferans-osmanli-hanedanindan-iki-sanatsever-sanatci-sultan-abdulaziz-ve-oglu-abdulmecid-efendi\/\" \/>\n<meta property=\"og:locale\" content=\"tr_TR\" \/>\n<meta property=\"og:type\" content=\"article\" \/>\n<meta property=\"og:title\" content=\"Konferans - Osmanl\u0131 Hanedan\u0131ndan \u0130ki Sanatsever Sanat\u00e7\u0131: Sultan Abd\u00fclaziz ve O\u011flu Abd\u00fclmecid Efendi - SSM Shop\" \/>\n<meta property=\"og:description\" content=\"Konu\u015fmac\u0131: \u00d6mer Faruk \u015eerifo\u011flu  15 \u015eubat Sal\u0131, 16.00  \u00c7evrimi\u00e7i\" \/>\n<meta property=\"og:url\" content=\"https:\/\/sakipsabancimuzesi.org\/shop\/urun\/egitim-ve-etkinlik\/ogrenme-programlari\/yetiskin-ogrenme-programlari\/konferans-osmanli-hanedanindan-iki-sanatsever-sanatci-sultan-abdulaziz-ve-oglu-abdulmecid-efendi\/\" \/>\n<meta property=\"og:site_name\" content=\"SSM Shop\" \/>\n<meta property=\"article:publisher\" content=\"https:\/\/www.facebook.com\/SakipSabanciMuzesi\/\" \/>\n<meta property=\"article:modified_time\" content=\"2022-05-16T16:10:57+00:00\" \/>\n<meta property=\"og:image\" content=\"https:\/\/sakipsabancimuzesi.org\/shop\/wp-content\/uploads\/2022\/02\/15-subat.jpg\" \/>\n\t<meta property=\"og:image:width\" content=\"1080\" \/>\n\t<meta property=\"og:image:height\" content=\"1080\" \/>\n\t<meta property=\"og:image:type\" content=\"image\/jpeg\" \/>\n<meta name=\"twitter:card\" content=\"summary_large_image\" \/>\n<meta name=\"twitter:label1\" content=\"Tahmini okuma s\u00fcresi\" \/>\n\t<meta name=\"twitter:data1\" content=\"2 dakika\" \/>\n<script type=\"application\/ld+json\" class=\"yoast-schema-graph\">{\"@context\":\"https:\/\/schema.org\",\"@graph\":[{\"@type\":\"WebPage\",\"@id\":\"https:\/\/sakipsabancimuzesi.org\/shop\/urun\/egitim-ve-etkinlik\/ogrenme-programlari\/yetiskin-ogrenme-programlari\/konferans-osmanli-hanedanindan-iki-sanatsever-sanatci-sultan-abdulaziz-ve-oglu-abdulmecid-efendi\/\",\"url\":\"https:\/\/sakipsabancimuzesi.org\/shop\/urun\/egitim-ve-etkinlik\/ogrenme-programlari\/yetiskin-ogrenme-programlari\/konferans-osmanli-hanedanindan-iki-sanatsever-sanatci-sultan-abdulaziz-ve-oglu-abdulmecid-efendi\/\",\"name\":\"Konferans - Osmanl\u0131 Hanedan\u0131ndan \u0130ki Sanatsever Sanat\u00e7\u0131: Sultan Abd\u00fclaziz ve O\u011flu Abd\u00fclmecid Efendi - SSM Shop\",\"isPartOf\":{\"@id\":\"https:\/\/sakipsabancimuzesi.org\/shop\/#website\"},\"primaryImageOfPage\":{\"@id\":\"https:\/\/sakipsabancimuzesi.org\/shop\/urun\/egitim-ve-etkinlik\/ogrenme-programlari\/yetiskin-ogrenme-programlari\/konferans-osmanli-hanedanindan-iki-sanatsever-sanatci-sultan-abdulaziz-ve-oglu-abdulmecid-efendi\/#primaryimage\"},\"image\":{\"@id\":\"https:\/\/sakipsabancimuzesi.org\/shop\/urun\/egitim-ve-etkinlik\/ogrenme-programlari\/yetiskin-ogrenme-programlari\/konferans-osmanli-hanedanindan-iki-sanatsever-sanatci-sultan-abdulaziz-ve-oglu-abdulmecid-efendi\/#primaryimage\"},\"thumbnailUrl\":\"https:\/\/sakipsabancimuzesi.org\/shop\/wp-content\/uploads\/2022\/02\/15-subat.jpg\",\"datePublished\":\"2022-02-08T14:27:14+00:00\",\"dateModified\":\"2022-05-16T16:10:57+00:00\",\"breadcrumb\":{\"@id\":\"https:\/\/sakipsabancimuzesi.org\/shop\/urun\/egitim-ve-etkinlik\/ogrenme-programlari\/yetiskin-ogrenme-programlari\/konferans-osmanli-hanedanindan-iki-sanatsever-sanatci-sultan-abdulaziz-ve-oglu-abdulmecid-efendi\/#breadcrumb\"},\"inLanguage\":\"tr\",\"potentialAction\":[{\"@type\":\"ReadAction\",\"target\":[\"https:\/\/sakipsabancimuzesi.org\/shop\/urun\/egitim-ve-etkinlik\/ogrenme-programlari\/yetiskin-ogrenme-programlari\/konferans-osmanli-hanedanindan-iki-sanatsever-sanatci-sultan-abdulaziz-ve-oglu-abdulmecid-efendi\/\"]}]},{\"@type\":\"ImageObject\",\"inLanguage\":\"tr\",\"@id\":\"https:\/\/sakipsabancimuzesi.org\/shop\/urun\/egitim-ve-etkinlik\/ogrenme-programlari\/yetiskin-ogrenme-programlari\/konferans-osmanli-hanedanindan-iki-sanatsever-sanatci-sultan-abdulaziz-ve-oglu-abdulmecid-efendi\/#primaryimage\",\"url\":\"https:\/\/sakipsabancimuzesi.org\/shop\/wp-content\/uploads\/2022\/02\/15-subat.jpg\",\"contentUrl\":\"https:\/\/sakipsabancimuzesi.org\/shop\/wp-content\/uploads\/2022\/02\/15-subat.jpg\",\"width\":1080,\"height\":1080},{\"@type\":\"BreadcrumbList\",\"@id\":\"https:\/\/sakipsabancimuzesi.org\/shop\/urun\/egitim-ve-etkinlik\/ogrenme-programlari\/yetiskin-ogrenme-programlari\/konferans-osmanli-hanedanindan-iki-sanatsever-sanatci-sultan-abdulaziz-ve-oglu-abdulmecid-efendi\/#breadcrumb\",\"itemListElement\":[{\"@type\":\"ListItem\",\"position\":1,\"name\":\"Ana sayfa\",\"item\":\"https:\/\/sakipsabancimuzesi.org\/shop\/\"},{\"@type\":\"ListItem\",\"position\":2,\"name\":\"Shop\",\"item\":\"https:\/\/sakipsabancimuzesi.org\/shop\/shop\/\"},{\"@type\":\"ListItem\",\"position\":3,\"name\":\"Konferans &#8211; Osmanl\u0131 Hanedan\u0131ndan \u0130ki Sanatsever Sanat\u00e7\u0131: Sultan Abd\u00fclaziz ve O\u011flu Abd\u00fclmecid Efendi\"}]},{\"@type\":\"WebSite\",\"@id\":\"https:\/\/sakipsabancimuzesi.org\/shop\/#website\",\"url\":\"https:\/\/sakipsabancimuzesi.org\/shop\/\",\"name\":\"SSM Shop\",\"description\":\"Sak\u0131p Sabanc\u0131 M\u00fczesi, Ma\u011faza\",\"publisher\":{\"@id\":\"https:\/\/sakipsabancimuzesi.org\/shop\/#organization\"},\"potentialAction\":[{\"@type\":\"SearchAction\",\"target\":{\"@type\":\"EntryPoint\",\"urlTemplate\":\"https:\/\/sakipsabancimuzesi.org\/shop\/?s={search_term_string}\"},\"query-input\":{\"@type\":\"PropertyValueSpecification\",\"valueRequired\":true,\"valueName\":\"search_term_string\"}}],\"inLanguage\":\"tr\"},{\"@type\":\"Organization\",\"@id\":\"https:\/\/sakipsabancimuzesi.org\/shop\/#organization\",\"name\":\"SSM Shop\",\"url\":\"https:\/\/sakipsabancimuzesi.org\/shop\/\",\"logo\":{\"@type\":\"ImageObject\",\"inLanguage\":\"tr\",\"@id\":\"https:\/\/sakipsabancimuzesi.org\/shop\/#\/schema\/logo\/image\/\",\"url\":\"https:\/\/sakipsabancimuzesi.org\/shop\/wp-content\/uploads\/2019\/11\/logo.png\",\"contentUrl\":\"https:\/\/sakipsabancimuzesi.org\/shop\/wp-content\/uploads\/2019\/11\/logo.png\",\"width\":227,\"height\":87,\"caption\":\"SSM Shop\"},\"image\":{\"@id\":\"https:\/\/sakipsabancimuzesi.org\/shop\/#\/schema\/logo\/image\/\"},\"sameAs\":[\"https:\/\/www.facebook.com\/SakipSabanciMuzesi\/\"]}]}<\/script>\n<!-- \/ Yoast SEO plugin. -->","yoast_head_json":{"title":"Konferans - Osmanl\u0131 Hanedan\u0131ndan \u0130ki Sanatsever Sanat\u00e7\u0131: Sultan Abd\u00fclaziz ve O\u011flu Abd\u00fclmecid Efendi - SSM Shop","robots":{"index":"index","follow":"follow","max-snippet":"max-snippet:-1","max-image-preview":"max-image-preview:large","max-video-preview":"max-video-preview:-1"},"canonical":"https:\/\/sakipsabancimuzesi.org\/shop\/urun\/egitim-ve-etkinlik\/ogrenme-programlari\/yetiskin-ogrenme-programlari\/konferans-osmanli-hanedanindan-iki-sanatsever-sanatci-sultan-abdulaziz-ve-oglu-abdulmecid-efendi\/","og_locale":"tr_TR","og_type":"article","og_title":"Konferans - Osmanl\u0131 Hanedan\u0131ndan \u0130ki Sanatsever Sanat\u00e7\u0131: Sultan Abd\u00fclaziz ve O\u011flu Abd\u00fclmecid Efendi - SSM Shop","og_description":"Konu\u015fmac\u0131: \u00d6mer Faruk \u015eerifo\u011flu  15 \u015eubat Sal\u0131, 16.00  \u00c7evrimi\u00e7i","og_url":"https:\/\/sakipsabancimuzesi.org\/shop\/urun\/egitim-ve-etkinlik\/ogrenme-programlari\/yetiskin-ogrenme-programlari\/konferans-osmanli-hanedanindan-iki-sanatsever-sanatci-sultan-abdulaziz-ve-oglu-abdulmecid-efendi\/","og_site_name":"SSM Shop","article_publisher":"https:\/\/www.facebook.com\/SakipSabanciMuzesi\/","article_modified_time":"2022-05-16T16:10:57+00:00","og_image":[{"width":1080,"height":1080,"url":"https:\/\/sakipsabancimuzesi.org\/shop\/wp-content\/uploads\/2022\/02\/15-subat.jpg","type":"image\/jpeg"}],"twitter_card":"summary_large_image","twitter_misc":{"Tahmini okuma s\u00fcresi":"2 dakika"},"schema":{"@context":"https:\/\/schema.org","@graph":[{"@type":"WebPage","@id":"https:\/\/sakipsabancimuzesi.org\/shop\/urun\/egitim-ve-etkinlik\/ogrenme-programlari\/yetiskin-ogrenme-programlari\/konferans-osmanli-hanedanindan-iki-sanatsever-sanatci-sultan-abdulaziz-ve-oglu-abdulmecid-efendi\/","url":"https:\/\/sakipsabancimuzesi.org\/shop\/urun\/egitim-ve-etkinlik\/ogrenme-programlari\/yetiskin-ogrenme-programlari\/konferans-osmanli-hanedanindan-iki-sanatsever-sanatci-sultan-abdulaziz-ve-oglu-abdulmecid-efendi\/","name":"Konferans - Osmanl\u0131 Hanedan\u0131ndan \u0130ki Sanatsever Sanat\u00e7\u0131: Sultan Abd\u00fclaziz ve O\u011flu Abd\u00fclmecid Efendi - SSM Shop","isPartOf":{"@id":"https:\/\/sakipsabancimuzesi.org\/shop\/#website"},"primaryImageOfPage":{"@id":"https:\/\/sakipsabancimuzesi.org\/shop\/urun\/egitim-ve-etkinlik\/ogrenme-programlari\/yetiskin-ogrenme-programlari\/konferans-osmanli-hanedanindan-iki-sanatsever-sanatci-sultan-abdulaziz-ve-oglu-abdulmecid-efendi\/#primaryimage"},"image":{"@id":"https:\/\/sakipsabancimuzesi.org\/shop\/urun\/egitim-ve-etkinlik\/ogrenme-programlari\/yetiskin-ogrenme-programlari\/konferans-osmanli-hanedanindan-iki-sanatsever-sanatci-sultan-abdulaziz-ve-oglu-abdulmecid-efendi\/#primaryimage"},"thumbnailUrl":"https:\/\/sakipsabancimuzesi.org\/shop\/wp-content\/uploads\/2022\/02\/15-subat.jpg","datePublished":"2022-02-08T14:27:14+00:00","dateModified":"2022-05-16T16:10:57+00:00","breadcrumb":{"@id":"https:\/\/sakipsabancimuzesi.org\/shop\/urun\/egitim-ve-etkinlik\/ogrenme-programlari\/yetiskin-ogrenme-programlari\/konferans-osmanli-hanedanindan-iki-sanatsever-sanatci-sultan-abdulaziz-ve-oglu-abdulmecid-efendi\/#breadcrumb"},"inLanguage":"tr","potentialAction":[{"@type":"ReadAction","target":["https:\/\/sakipsabancimuzesi.org\/shop\/urun\/egitim-ve-etkinlik\/ogrenme-programlari\/yetiskin-ogrenme-programlari\/konferans-osmanli-hanedanindan-iki-sanatsever-sanatci-sultan-abdulaziz-ve-oglu-abdulmecid-efendi\/"]}]},{"@type":"ImageObject","inLanguage":"tr","@id":"https:\/\/sakipsabancimuzesi.org\/shop\/urun\/egitim-ve-etkinlik\/ogrenme-programlari\/yetiskin-ogrenme-programlari\/konferans-osmanli-hanedanindan-iki-sanatsever-sanatci-sultan-abdulaziz-ve-oglu-abdulmecid-efendi\/#primaryimage","url":"https:\/\/sakipsabancimuzesi.org\/shop\/wp-content\/uploads\/2022\/02\/15-subat.jpg","contentUrl":"https:\/\/sakipsabancimuzesi.org\/shop\/wp-content\/uploads\/2022\/02\/15-subat.jpg","width":1080,"height":1080},{"@type":"BreadcrumbList","@id":"https:\/\/sakipsabancimuzesi.org\/shop\/urun\/egitim-ve-etkinlik\/ogrenme-programlari\/yetiskin-ogrenme-programlari\/konferans-osmanli-hanedanindan-iki-sanatsever-sanatci-sultan-abdulaziz-ve-oglu-abdulmecid-efendi\/#breadcrumb","itemListElement":[{"@type":"ListItem","position":1,"name":"Ana sayfa","item":"https:\/\/sakipsabancimuzesi.org\/shop\/"},{"@type":"ListItem","position":2,"name":"Shop","item":"https:\/\/sakipsabancimuzesi.org\/shop\/shop\/"},{"@type":"ListItem","position":3,"name":"Konferans &#8211; Osmanl\u0131 Hanedan\u0131ndan \u0130ki Sanatsever Sanat\u00e7\u0131: Sultan Abd\u00fclaziz ve O\u011flu Abd\u00fclmecid Efendi"}]},{"@type":"WebSite","@id":"https:\/\/sakipsabancimuzesi.org\/shop\/#website","url":"https:\/\/sakipsabancimuzesi.org\/shop\/","name":"SSM Shop","description":"Sak\u0131p Sabanc\u0131 M\u00fczesi, Ma\u011faza","publisher":{"@id":"https:\/\/sakipsabancimuzesi.org\/shop\/#organization"},"potentialAction":[{"@type":"SearchAction","target":{"@type":"EntryPoint","urlTemplate":"https:\/\/sakipsabancimuzesi.org\/shop\/?s={search_term_string}"},"query-input":{"@type":"PropertyValueSpecification","valueRequired":true,"valueName":"search_term_string"}}],"inLanguage":"tr"},{"@type":"Organization","@id":"https:\/\/sakipsabancimuzesi.org\/shop\/#organization","name":"SSM Shop","url":"https:\/\/sakipsabancimuzesi.org\/shop\/","logo":{"@type":"ImageObject","inLanguage":"tr","@id":"https:\/\/sakipsabancimuzesi.org\/shop\/#\/schema\/logo\/image\/","url":"https:\/\/sakipsabancimuzesi.org\/shop\/wp-content\/uploads\/2019\/11\/logo.png","contentUrl":"https:\/\/sakipsabancimuzesi.org\/shop\/wp-content\/uploads\/2019\/11\/logo.png","width":227,"height":87,"caption":"SSM Shop"},"image":{"@id":"https:\/\/sakipsabancimuzesi.org\/shop\/#\/schema\/logo\/image\/"},"sameAs":["https:\/\/www.facebook.com\/SakipSabanciMuzesi\/"]}]}},"jetpack_sharing_enabled":true,"_links":{"self":[{"href":"https:\/\/sakipsabancimuzesi.org\/shop\/wp-json\/wp\/v2\/product\/246996","targetHints":{"allow":["GET"]}}],"collection":[{"href":"https:\/\/sakipsabancimuzesi.org\/shop\/wp-json\/wp\/v2\/product"}],"about":[{"href":"https:\/\/sakipsabancimuzesi.org\/shop\/wp-json\/wp\/v2\/types\/product"}],"wp:featuredmedia":[{"embeddable":true,"href":"https:\/\/sakipsabancimuzesi.org\/shop\/wp-json\/wp\/v2\/media\/247082"}],"wp:attachment":[{"href":"https:\/\/sakipsabancimuzesi.org\/shop\/wp-json\/wp\/v2\/media?parent=246996"}],"wp:term":[{"taxonomy":"product_brand","embeddable":true,"href":"https:\/\/sakipsabancimuzesi.org\/shop\/wp-json\/wp\/v2\/product_brand?post=246996"},{"taxonomy":"product_cat","embeddable":true,"href":"https:\/\/sakipsabancimuzesi.org\/shop\/wp-json\/wp\/v2\/product_cat?post=246996"},{"taxonomy":"product_tag","embeddable":true,"href":"https:\/\/sakipsabancimuzesi.org\/shop\/wp-json\/wp\/v2\/product_tag?post=246996"},{"taxonomy":"woo-feed-brand","embeddable":true,"href":"https:\/\/sakipsabancimuzesi.org\/shop\/wp-json\/wp\/v2\/woo-feed-brand?post=246996"}],"curies":[{"name":"wp","href":"https:\/\/api.w.org\/{rel}","templated":true}]}}