{"id":247178,"date":"2022-02-15T17:37:20","date_gmt":"2022-02-15T14:37:20","guid":{"rendered":"https:\/\/sakipsabancimuzesi.org\/shop\/?post_type=product&#038;p=247178"},"modified":"2022-05-16T19:10:42","modified_gmt":"2022-05-16T16:10:42","slug":"konferans-tarih-dersinden-haremde-beethovene-hirsli-ve-burjuva-bir-sehzade","status":"publish","type":"product","link":"https:\/\/sakipsabancimuzesi.org\/shop\/urun\/kategorilenmemis\/konferans-tarih-dersinden-haremde-beethovene-hirsli-ve-burjuva-bir-sehzade\/","title":{"rendered":"Konferans &#8211; Tarih Dersi&#8217;nden Harem\u2019de Beethoven\u2019e: H\u0131rsl\u0131 ve Burjuva Bir \u015eehzade"},"content":{"rendered":"<p>Sak\u0131p Sabanc\u0131 M\u00fczesi\u2019nde devam eden \u201c\u015eehzade&#8217;nin S\u0131ra D\u0131\u015f\u0131 D\u00fcnyas\u0131: Abd\u00fclmecid Efendi\u201d sergisi, T\u00fcrkiye sanat tarihinde derin izler b\u0131rakm\u0131\u015f, kendisi de \u00f6nemli bir ressam olan, hat, m\u00fczik ve edebiyat ile de ilgilenen, pek \u00e7ok sanat\u00e7\u0131n\u0131n ve kurumun da hamili\u011fini \u00fcstlenmi\u015f Abd\u00fclmecid Efendi\u2019nin hayat\u0131 ve sanat\u0131na \u0131\u015f\u0131k tutan etkinliklere ev sahipli\u011fi yapmaya devam ediyor. Ge\u00e7 d\u00f6nem Osmanl\u0131 sosyal ve ekonomik tarihi \u00fczerine \u00e7al\u0131\u015fmalar\u0131 olan Prof. Dr. Edhem Eldem, sergi kapsam\u0131nda \u201cTarih Dersi&#8217;nden Harem\u2019de Beethoven\u2019e: H\u0131rsl\u0131 ve Burjuva Bir \u015eehzade\u201d ba\u015fl\u0131kl\u0131 bir konferans ger\u00e7ekle\u015ftirecek.<\/p>\n<p>I. Mahmud d\u00f6neminde tepeden inme ve \u00e7o\u011fu zaman tutars\u0131z bir \u015fekilde geli\u015fen Osmanl\u0131 modernle\u015fme s\u00fcreci, Tanzimat ferman\u0131yla birlikte belirli bir d\u00fczene oturmu\u015f ve d\u00f6nemin b\u00fcrokratik oligar\u015fisinin g\u00fcd\u00fcm\u00fcnde kurumsalla\u015fma meyli g\u00f6stermi\u015ftir. Bat\u0131l\u0131la\u015fma hareketi siyasi ve idari eliti de etkisi alt\u0131na alm\u0131\u015f; ancak hanedan, \u00f6zellikle de \u015fehzadeler i\u00e7in karma\u015f\u0131k bir durum olarak tecr\u00fcbe edilmi\u015ftir. Abd\u00fclmecid Efendi, hanedan \u00fcyelerinin uzun bir m\u00fcddet d\u0131\u015f\u0131nda tutulduklar\u0131 bu de\u011fi\u015fim s\u00fcrecine nas\u0131l ayak uydurmaya \u00e7al\u0131\u015ft\u0131klar\u0131n\u0131, bu d\u00f6n\u00fc\u015f\u00fcmlerden nas\u0131l istifade etmeye \u00e7abalad\u0131klar\u0131n\u0131 g\u00f6stermesi bak\u0131m\u0131ndan ilgin\u00e7 bir \u00f6rnek te\u015fkil etmektedir. Abd\u00fclmecid Efendi\u2019nin \u00f6zendi\u011fi anla\u015f\u0131lan, siyasetten entelekt\u00fcel u\u011fra\u015flara, modernlikten teke\u015flili\u011fe uzanan olgular ortak bir noktada toplan\u0131rsa belki de en uygun ve kapsay\u0131c\u0131 kavram burjuvala\u015fma olacakt\u0131r.<\/p>\n<p>Konferans, Abd\u00fclmecid Efendi\u2019nin in\u015fa etmeye \u00e7al\u0131\u015ft\u0131\u011f\u0131 ayd\u0131n, demokrat, iddial\u0131, burjuva, medeni, asil, Bat\u0131l\u0131 ve h\u0131rsl\u0131 kimliklerine odaklanacakt\u0131r. Abd\u00fclmecid Efendi\u2019yi Osmanl\u0131 hanedan\u0131n\u0131n son on y\u0131llar\u0131nda ya\u015fam\u0131\u015f di\u011fer \u015fehzadelerden ay\u0131ran \u00f6zellikler, ressaml\u0131\u011f\u0131yla \u00f6ne \u00e7\u0131kmas\u0131n\u0131n nedenleri ve resim yapman\u0131n ba\u015fl\u0131 ba\u015f\u0131na \u201cmodern\u201d bir se\u00e7im oldu\u011fu Osmanl\u0131 \u0130mparatorlu\u011fu\u2019nda, tablolar\u0131n\u0131n konu ve yakla\u015f\u0131m bak\u0131m\u0131ndan modernlik aray\u0131\u015f\u0131 ta\u015f\u0131mas\u0131 ele al\u0131nacakt\u0131r. Genel tavr\u0131n\u0131 tart\u0131\u015fmak i\u00e7in incelenecek tablolar aras\u0131nda en iyi bilinen eserlerinden <em>Tarih Dersi<\/em> vard\u0131r. Ortaya koydu\u011fu vatanperverlik hissiyat\u0131yla \u00f6nem arz eden ve siyaseten g\u00f6r\u00fcn\u00fcr olmak i\u00e7in harcad\u0131\u011f\u0131 \u00e7abay\u0131 da akla getiren bu tablo, yurti\u00e7i ve yurtd\u0131\u015f\u0131 bas\u0131n\u0131ndaki yans\u0131malar\u0131, ilham alm\u0131\u015f olabilece\u011fi Bat\u0131l\u0131 tablolar ve Paris\u2019teki Salon tecr\u00fcbesi ba\u011flam\u0131nda de\u011ferlendirilecektir. \u0130ncelenecek bir di\u011fer eseri de <em>Tarih Dersi<\/em> ile ayn\u0131 konuyu i\u015fleyen, resim defterinin bir sayfas\u0131na pastel ve karakalemle yap\u0131lm\u0131\u015f bir \u00e7izimidir. <em>Ben b\u00fcy\u00fcyeyim de<\/em> ba\u015fl\u0131\u011f\u0131yla kabul edilegelen bu eser, yay\u0131mland\u0131\u011f\u0131 mecra ve ta\u015f\u0131d\u0131\u011f\u0131 at\u0131flar \u00fczerinden, Abd\u00fclmecid Efendi\u2019nin J\u00f6n T\u00fcrk ihtilalinden sonra entelekt\u00fcel \u00e7evrelerin ilgisini \u00e7ekme gayesi ba\u011flam\u0131nda okunacakt\u0131r. Ayr\u0131ca oryantalizmin izlerini ta\u015f\u0131yan tablolar\u0131, ak\u0131m\u0131n Osmanl\u0131 elitiyle olan ili\u015fkisi bak\u0131m\u0131ndan de\u011ferlendirilecektir.<\/p>\n<p>\u00d6nemli bilgiler:<\/p>\n<p>\u2013 Konferans, Zoom servisi \u00fczerinden ger\u00e7ekle\u015ftirilir. Konferansa kat\u0131l\u0131m linki, kay\u0131t i\u015flemi sonras\u0131 g\u00f6nderilecek e-postada payla\u015f\u0131laca\u011f\u0131 i\u00e7in e-posta adresinizi belirtmeniz gerekmektedir.<\/p>\n<p>\u2013 \u0130nternet ba\u011flant\u0131s\u0131ndan do\u011fabilecek aksakl\u0131k ve ma\u011fduriyetlerden SSM sorumlu de\u011fildir.<\/p>\n<p>\u2013 Kat\u0131l\u0131mc\u0131lar\u0131n, \u00e7evrimi\u00e7i programlar\u0131 veya bu programlar s\u0131ras\u0131nda kullan\u0131lan her t\u00fcrden g\u00f6rsel, i\u015fitsel, yaz\u0131l\u0131 materyali kaydetme, kopyalama, \u00e7o\u011faltma ve \u00fc\u00e7\u00fcnc\u00fc ki\u015filerle payla\u015fma hakk\u0131 yoktur. Aksi davran\u0131\u015flarda yasal sorumluluk kat\u0131l\u0131mc\u0131ya aittir.<\/p>\n<p>Eser:<br \/>\nAbd\u00fclmecid Efendi (1868-1944)<br \/>\nHarem&#8217;de Beethoven<br \/>\nTuval \u00fczerine ya\u011fl\u0131boya<br \/>\n155,5&#215;211 cm<br \/>\nMSGS\u00dc \u0130stanbul Resim ve Heykel M\u00fczesi Koleksiyonu<\/p>\n<p>&nbsp;<\/p>\n<p>\u201c<em>\u015eehzade&#8217;nin S\u0131ra D\u0131\u015f\u0131 D\u00fcnyas\u0131: Abd\u00fclmecid Efendi\u201d <\/em>sergisini Sal\u0131, \u00c7ar\u015famba, Per\u015fembe, Cuma ve Pazar g\u00fcnleri 10.00 \u2013 18.00 aras\u0131, Cumartesi g\u00fcnleri 10.00 \u2013 20.00 aras\u0131 ziyaret edebilirsiniz. Ziyaret bilgileri i\u00e7in <a href=\"https:\/\/sakipsabancimuzesi.org\/ziyaret\">t\u0131klay\u0131n\u0131z.<\/a><\/p>\n","protected":false},"excerpt":{"rendered":"<p>Konu\u015fmac\u0131: Edhem Eldem<\/p>\n<p>22 \u015eubat Sal\u0131, 16.00<\/p>\n<p>\u00c7evrimi\u00e7i<\/p>\n","protected":false},"featured_media":247179,"template":"","meta":{"_exactmetrics_skip_tracking":false,"_exactmetrics_sitenote_active":false,"_exactmetrics_sitenote_note":"","_exactmetrics_sitenote_category":0},"product_brand":[],"product_cat":[],"product_tag":[441,375,712],"woo-feed-brand":[],"class_list":{"0":"post-247178","1":"product","2":"type-product","3":"status-publish","4":"has-post-thumbnail","6":"product_tag-sergi","7":"product_tag-cevrimici","8":"product_tag-konferans","10":"first","11":"outofstock","12":"virtual","13":"sold-individually","14":"taxable","15":"purchasable","16":"product-type-simple"},"yoast_head":"<!-- This site is optimized with the Yoast SEO plugin v27.1.1 - https:\/\/yoast.com\/product\/yoast-seo-wordpress\/ -->\n<title>Konferans - Tarih Dersi&#039;nden Harem\u2019de Beethoven\u2019e: H\u0131rsl\u0131 ve Burjuva Bir \u015eehzade - SSM Shop<\/title>\n<meta name=\"robots\" content=\"index, follow, max-snippet:-1, max-image-preview:large, max-video-preview:-1\" \/>\n<link rel=\"canonical\" href=\"https:\/\/sakipsabancimuzesi.org\/shop\/urun\/egitim-ve-etkinlik\/ogrenme-programlari\/yetiskin-ogrenme-programlari\/konferans-tarih-dersinden-haremde-beethovene-hirsli-ve-burjuva-bir-sehzade\/\" \/>\n<meta property=\"og:locale\" content=\"tr_TR\" \/>\n<meta property=\"og:type\" content=\"article\" \/>\n<meta property=\"og:title\" content=\"Konferans - Tarih Dersi&#039;nden Harem\u2019de Beethoven\u2019e: H\u0131rsl\u0131 ve Burjuva Bir \u015eehzade - SSM Shop\" \/>\n<meta property=\"og:description\" content=\"Konu\u015fmac\u0131: Edhem Eldem  22 \u015eubat Sal\u0131, 16.00  \u00c7evrimi\u00e7i\" \/>\n<meta property=\"og:url\" content=\"https:\/\/sakipsabancimuzesi.org\/shop\/urun\/egitim-ve-etkinlik\/ogrenme-programlari\/yetiskin-ogrenme-programlari\/konferans-tarih-dersinden-haremde-beethovene-hirsli-ve-burjuva-bir-sehzade\/\" \/>\n<meta property=\"og:site_name\" content=\"SSM Shop\" \/>\n<meta property=\"article:publisher\" content=\"https:\/\/www.facebook.com\/SakipSabanciMuzesi\/\" \/>\n<meta property=\"article:modified_time\" content=\"2022-05-16T16:10:42+00:00\" \/>\n<meta property=\"og:image\" content=\"https:\/\/sakipsabancimuzesi.org\/shop\/wp-content\/uploads\/2022\/02\/konferans-22-subat.jpg\" \/>\n\t<meta property=\"og:image:width\" content=\"1080\" \/>\n\t<meta property=\"og:image:height\" content=\"1080\" \/>\n\t<meta property=\"og:image:type\" content=\"image\/jpeg\" \/>\n<meta name=\"twitter:card\" content=\"summary_large_image\" \/>\n<meta name=\"twitter:label1\" content=\"Tahmini okuma s\u00fcresi\" \/>\n\t<meta name=\"twitter:data1\" content=\"2 dakika\" \/>\n<script type=\"application\/ld+json\" class=\"yoast-schema-graph\">{\"@context\":\"https:\/\/schema.org\",\"@graph\":[{\"@type\":\"WebPage\",\"@id\":\"https:\/\/sakipsabancimuzesi.org\/shop\/urun\/egitim-ve-etkinlik\/ogrenme-programlari\/yetiskin-ogrenme-programlari\/konferans-tarih-dersinden-haremde-beethovene-hirsli-ve-burjuva-bir-sehzade\/\",\"url\":\"https:\/\/sakipsabancimuzesi.org\/shop\/urun\/egitim-ve-etkinlik\/ogrenme-programlari\/yetiskin-ogrenme-programlari\/konferans-tarih-dersinden-haremde-beethovene-hirsli-ve-burjuva-bir-sehzade\/\",\"name\":\"Konferans - Tarih Dersi'nden Harem\u2019de Beethoven\u2019e: H\u0131rsl\u0131 ve Burjuva Bir \u015eehzade - SSM Shop\",\"isPartOf\":{\"@id\":\"https:\/\/sakipsabancimuzesi.org\/shop\/#website\"},\"primaryImageOfPage\":{\"@id\":\"https:\/\/sakipsabancimuzesi.org\/shop\/urun\/egitim-ve-etkinlik\/ogrenme-programlari\/yetiskin-ogrenme-programlari\/konferans-tarih-dersinden-haremde-beethovene-hirsli-ve-burjuva-bir-sehzade\/#primaryimage\"},\"image\":{\"@id\":\"https:\/\/sakipsabancimuzesi.org\/shop\/urun\/egitim-ve-etkinlik\/ogrenme-programlari\/yetiskin-ogrenme-programlari\/konferans-tarih-dersinden-haremde-beethovene-hirsli-ve-burjuva-bir-sehzade\/#primaryimage\"},\"thumbnailUrl\":\"https:\/\/sakipsabancimuzesi.org\/shop\/wp-content\/uploads\/2022\/02\/konferans-22-subat.jpg\",\"datePublished\":\"2022-02-15T14:37:20+00:00\",\"dateModified\":\"2022-05-16T16:10:42+00:00\",\"breadcrumb\":{\"@id\":\"https:\/\/sakipsabancimuzesi.org\/shop\/urun\/egitim-ve-etkinlik\/ogrenme-programlari\/yetiskin-ogrenme-programlari\/konferans-tarih-dersinden-haremde-beethovene-hirsli-ve-burjuva-bir-sehzade\/#breadcrumb\"},\"inLanguage\":\"tr\",\"potentialAction\":[{\"@type\":\"ReadAction\",\"target\":[\"https:\/\/sakipsabancimuzesi.org\/shop\/urun\/egitim-ve-etkinlik\/ogrenme-programlari\/yetiskin-ogrenme-programlari\/konferans-tarih-dersinden-haremde-beethovene-hirsli-ve-burjuva-bir-sehzade\/\"]}]},{\"@type\":\"ImageObject\",\"inLanguage\":\"tr\",\"@id\":\"https:\/\/sakipsabancimuzesi.org\/shop\/urun\/egitim-ve-etkinlik\/ogrenme-programlari\/yetiskin-ogrenme-programlari\/konferans-tarih-dersinden-haremde-beethovene-hirsli-ve-burjuva-bir-sehzade\/#primaryimage\",\"url\":\"https:\/\/sakipsabancimuzesi.org\/shop\/wp-content\/uploads\/2022\/02\/konferans-22-subat.jpg\",\"contentUrl\":\"https:\/\/sakipsabancimuzesi.org\/shop\/wp-content\/uploads\/2022\/02\/konferans-22-subat.jpg\",\"width\":1080,\"height\":1080},{\"@type\":\"BreadcrumbList\",\"@id\":\"https:\/\/sakipsabancimuzesi.org\/shop\/urun\/egitim-ve-etkinlik\/ogrenme-programlari\/yetiskin-ogrenme-programlari\/konferans-tarih-dersinden-haremde-beethovene-hirsli-ve-burjuva-bir-sehzade\/#breadcrumb\",\"itemListElement\":[{\"@type\":\"ListItem\",\"position\":1,\"name\":\"Ana sayfa\",\"item\":\"https:\/\/sakipsabancimuzesi.org\/shop\/\"},{\"@type\":\"ListItem\",\"position\":2,\"name\":\"Shop\",\"item\":\"https:\/\/sakipsabancimuzesi.org\/shop\/shop\/\"},{\"@type\":\"ListItem\",\"position\":3,\"name\":\"Konferans &#8211; Tarih Dersi&#8217;nden Harem\u2019de Beethoven\u2019e: H\u0131rsl\u0131 ve Burjuva Bir \u015eehzade\"}]},{\"@type\":\"WebSite\",\"@id\":\"https:\/\/sakipsabancimuzesi.org\/shop\/#website\",\"url\":\"https:\/\/sakipsabancimuzesi.org\/shop\/\",\"name\":\"SSM Shop\",\"description\":\"Sak\u0131p Sabanc\u0131 M\u00fczesi, Ma\u011faza\",\"publisher\":{\"@id\":\"https:\/\/sakipsabancimuzesi.org\/shop\/#organization\"},\"potentialAction\":[{\"@type\":\"SearchAction\",\"target\":{\"@type\":\"EntryPoint\",\"urlTemplate\":\"https:\/\/sakipsabancimuzesi.org\/shop\/?s={search_term_string}\"},\"query-input\":{\"@type\":\"PropertyValueSpecification\",\"valueRequired\":true,\"valueName\":\"search_term_string\"}}],\"inLanguage\":\"tr\"},{\"@type\":\"Organization\",\"@id\":\"https:\/\/sakipsabancimuzesi.org\/shop\/#organization\",\"name\":\"SSM Shop\",\"url\":\"https:\/\/sakipsabancimuzesi.org\/shop\/\",\"logo\":{\"@type\":\"ImageObject\",\"inLanguage\":\"tr\",\"@id\":\"https:\/\/sakipsabancimuzesi.org\/shop\/#\/schema\/logo\/image\/\",\"url\":\"https:\/\/sakipsabancimuzesi.org\/shop\/wp-content\/uploads\/2019\/11\/logo.png\",\"contentUrl\":\"https:\/\/sakipsabancimuzesi.org\/shop\/wp-content\/uploads\/2019\/11\/logo.png\",\"width\":227,\"height\":87,\"caption\":\"SSM Shop\"},\"image\":{\"@id\":\"https:\/\/sakipsabancimuzesi.org\/shop\/#\/schema\/logo\/image\/\"},\"sameAs\":[\"https:\/\/www.facebook.com\/SakipSabanciMuzesi\/\"]}]}<\/script>\n<!-- \/ Yoast SEO plugin. -->","yoast_head_json":{"title":"Konferans - Tarih Dersi'nden Harem\u2019de Beethoven\u2019e: H\u0131rsl\u0131 ve Burjuva Bir \u015eehzade - SSM Shop","robots":{"index":"index","follow":"follow","max-snippet":"max-snippet:-1","max-image-preview":"max-image-preview:large","max-video-preview":"max-video-preview:-1"},"canonical":"https:\/\/sakipsabancimuzesi.org\/shop\/urun\/egitim-ve-etkinlik\/ogrenme-programlari\/yetiskin-ogrenme-programlari\/konferans-tarih-dersinden-haremde-beethovene-hirsli-ve-burjuva-bir-sehzade\/","og_locale":"tr_TR","og_type":"article","og_title":"Konferans - Tarih Dersi'nden Harem\u2019de Beethoven\u2019e: H\u0131rsl\u0131 ve Burjuva Bir \u015eehzade - SSM Shop","og_description":"Konu\u015fmac\u0131: Edhem Eldem  22 \u015eubat Sal\u0131, 16.00  \u00c7evrimi\u00e7i","og_url":"https:\/\/sakipsabancimuzesi.org\/shop\/urun\/egitim-ve-etkinlik\/ogrenme-programlari\/yetiskin-ogrenme-programlari\/konferans-tarih-dersinden-haremde-beethovene-hirsli-ve-burjuva-bir-sehzade\/","og_site_name":"SSM Shop","article_publisher":"https:\/\/www.facebook.com\/SakipSabanciMuzesi\/","article_modified_time":"2022-05-16T16:10:42+00:00","og_image":[{"width":1080,"height":1080,"url":"https:\/\/sakipsabancimuzesi.org\/shop\/wp-content\/uploads\/2022\/02\/konferans-22-subat.jpg","type":"image\/jpeg"}],"twitter_card":"summary_large_image","twitter_misc":{"Tahmini okuma s\u00fcresi":"2 dakika"},"schema":{"@context":"https:\/\/schema.org","@graph":[{"@type":"WebPage","@id":"https:\/\/sakipsabancimuzesi.org\/shop\/urun\/egitim-ve-etkinlik\/ogrenme-programlari\/yetiskin-ogrenme-programlari\/konferans-tarih-dersinden-haremde-beethovene-hirsli-ve-burjuva-bir-sehzade\/","url":"https:\/\/sakipsabancimuzesi.org\/shop\/urun\/egitim-ve-etkinlik\/ogrenme-programlari\/yetiskin-ogrenme-programlari\/konferans-tarih-dersinden-haremde-beethovene-hirsli-ve-burjuva-bir-sehzade\/","name":"Konferans - Tarih Dersi'nden Harem\u2019de Beethoven\u2019e: H\u0131rsl\u0131 ve Burjuva Bir \u015eehzade - SSM Shop","isPartOf":{"@id":"https:\/\/sakipsabancimuzesi.org\/shop\/#website"},"primaryImageOfPage":{"@id":"https:\/\/sakipsabancimuzesi.org\/shop\/urun\/egitim-ve-etkinlik\/ogrenme-programlari\/yetiskin-ogrenme-programlari\/konferans-tarih-dersinden-haremde-beethovene-hirsli-ve-burjuva-bir-sehzade\/#primaryimage"},"image":{"@id":"https:\/\/sakipsabancimuzesi.org\/shop\/urun\/egitim-ve-etkinlik\/ogrenme-programlari\/yetiskin-ogrenme-programlari\/konferans-tarih-dersinden-haremde-beethovene-hirsli-ve-burjuva-bir-sehzade\/#primaryimage"},"thumbnailUrl":"https:\/\/sakipsabancimuzesi.org\/shop\/wp-content\/uploads\/2022\/02\/konferans-22-subat.jpg","datePublished":"2022-02-15T14:37:20+00:00","dateModified":"2022-05-16T16:10:42+00:00","breadcrumb":{"@id":"https:\/\/sakipsabancimuzesi.org\/shop\/urun\/egitim-ve-etkinlik\/ogrenme-programlari\/yetiskin-ogrenme-programlari\/konferans-tarih-dersinden-haremde-beethovene-hirsli-ve-burjuva-bir-sehzade\/#breadcrumb"},"inLanguage":"tr","potentialAction":[{"@type":"ReadAction","target":["https:\/\/sakipsabancimuzesi.org\/shop\/urun\/egitim-ve-etkinlik\/ogrenme-programlari\/yetiskin-ogrenme-programlari\/konferans-tarih-dersinden-haremde-beethovene-hirsli-ve-burjuva-bir-sehzade\/"]}]},{"@type":"ImageObject","inLanguage":"tr","@id":"https:\/\/sakipsabancimuzesi.org\/shop\/urun\/egitim-ve-etkinlik\/ogrenme-programlari\/yetiskin-ogrenme-programlari\/konferans-tarih-dersinden-haremde-beethovene-hirsli-ve-burjuva-bir-sehzade\/#primaryimage","url":"https:\/\/sakipsabancimuzesi.org\/shop\/wp-content\/uploads\/2022\/02\/konferans-22-subat.jpg","contentUrl":"https:\/\/sakipsabancimuzesi.org\/shop\/wp-content\/uploads\/2022\/02\/konferans-22-subat.jpg","width":1080,"height":1080},{"@type":"BreadcrumbList","@id":"https:\/\/sakipsabancimuzesi.org\/shop\/urun\/egitim-ve-etkinlik\/ogrenme-programlari\/yetiskin-ogrenme-programlari\/konferans-tarih-dersinden-haremde-beethovene-hirsli-ve-burjuva-bir-sehzade\/#breadcrumb","itemListElement":[{"@type":"ListItem","position":1,"name":"Ana sayfa","item":"https:\/\/sakipsabancimuzesi.org\/shop\/"},{"@type":"ListItem","position":2,"name":"Shop","item":"https:\/\/sakipsabancimuzesi.org\/shop\/shop\/"},{"@type":"ListItem","position":3,"name":"Konferans &#8211; Tarih Dersi&#8217;nden Harem\u2019de Beethoven\u2019e: H\u0131rsl\u0131 ve Burjuva Bir \u015eehzade"}]},{"@type":"WebSite","@id":"https:\/\/sakipsabancimuzesi.org\/shop\/#website","url":"https:\/\/sakipsabancimuzesi.org\/shop\/","name":"SSM Shop","description":"Sak\u0131p Sabanc\u0131 M\u00fczesi, Ma\u011faza","publisher":{"@id":"https:\/\/sakipsabancimuzesi.org\/shop\/#organization"},"potentialAction":[{"@type":"SearchAction","target":{"@type":"EntryPoint","urlTemplate":"https:\/\/sakipsabancimuzesi.org\/shop\/?s={search_term_string}"},"query-input":{"@type":"PropertyValueSpecification","valueRequired":true,"valueName":"search_term_string"}}],"inLanguage":"tr"},{"@type":"Organization","@id":"https:\/\/sakipsabancimuzesi.org\/shop\/#organization","name":"SSM Shop","url":"https:\/\/sakipsabancimuzesi.org\/shop\/","logo":{"@type":"ImageObject","inLanguage":"tr","@id":"https:\/\/sakipsabancimuzesi.org\/shop\/#\/schema\/logo\/image\/","url":"https:\/\/sakipsabancimuzesi.org\/shop\/wp-content\/uploads\/2019\/11\/logo.png","contentUrl":"https:\/\/sakipsabancimuzesi.org\/shop\/wp-content\/uploads\/2019\/11\/logo.png","width":227,"height":87,"caption":"SSM Shop"},"image":{"@id":"https:\/\/sakipsabancimuzesi.org\/shop\/#\/schema\/logo\/image\/"},"sameAs":["https:\/\/www.facebook.com\/SakipSabanciMuzesi\/"]}]}},"jetpack_sharing_enabled":true,"_links":{"self":[{"href":"https:\/\/sakipsabancimuzesi.org\/shop\/wp-json\/wp\/v2\/product\/247178","targetHints":{"allow":["GET"]}}],"collection":[{"href":"https:\/\/sakipsabancimuzesi.org\/shop\/wp-json\/wp\/v2\/product"}],"about":[{"href":"https:\/\/sakipsabancimuzesi.org\/shop\/wp-json\/wp\/v2\/types\/product"}],"wp:featuredmedia":[{"embeddable":true,"href":"https:\/\/sakipsabancimuzesi.org\/shop\/wp-json\/wp\/v2\/media\/247179"}],"wp:attachment":[{"href":"https:\/\/sakipsabancimuzesi.org\/shop\/wp-json\/wp\/v2\/media?parent=247178"}],"wp:term":[{"taxonomy":"product_brand","embeddable":true,"href":"https:\/\/sakipsabancimuzesi.org\/shop\/wp-json\/wp\/v2\/product_brand?post=247178"},{"taxonomy":"product_cat","embeddable":true,"href":"https:\/\/sakipsabancimuzesi.org\/shop\/wp-json\/wp\/v2\/product_cat?post=247178"},{"taxonomy":"product_tag","embeddable":true,"href":"https:\/\/sakipsabancimuzesi.org\/shop\/wp-json\/wp\/v2\/product_tag?post=247178"},{"taxonomy":"woo-feed-brand","embeddable":true,"href":"https:\/\/sakipsabancimuzesi.org\/shop\/wp-json\/wp\/v2\/woo-feed-brand?post=247178"}],"curies":[{"name":"wp","href":"https:\/\/api.w.org\/{rel}","templated":true}]}}