{"id":247443,"date":"2022-02-22T17:47:56","date_gmt":"2022-02-22T14:47:56","guid":{"rendered":"https:\/\/sakipsabancimuzesi.org\/shop\/?post_type=product&#038;p=247443"},"modified":"2022-05-16T19:10:26","modified_gmt":"2022-05-16T16:10:26","slug":"konferans-abdulmecid-efendinin-edebi-cevresi","status":"publish","type":"product","link":"https:\/\/sakipsabancimuzesi.org\/shop\/urun\/kategorilenmemis\/konferans-abdulmecid-efendinin-edebi-cevresi\/","title":{"rendered":"Konferans &#8211; Abd\u00fclmecid Efendi&#8217;nin Edebi \u00c7evresi"},"content":{"rendered":"<p>Sak\u0131p Sabanc\u0131 M\u00fczesi\u2019nde devam eden \u201c\u015eehzade&#8217;nin S\u0131ra D\u0131\u015f\u0131 D\u00fcnyas\u0131: Abd\u00fclmecid Efendi\u201d sergisi, T\u00fcrkiye sanat tarihinde derin izler b\u0131rakm\u0131\u015f, kendisi de \u00f6nemli bir ressam olan, hat, m\u00fczik ve edebiyat ile de ilgilenen, pek \u00e7ok sanat\u00e7\u0131n\u0131n ve kurumun da hamili\u011fini \u00fcstlenmi\u015f Abd\u00fclmecid Efendi\u2019nin hayat\u0131 ve sanat\u0131na \u0131\u015f\u0131k tutan etkinliklere ev sahipli\u011fi yapmaya devam ediyor. Edebiyat\u00e7\u0131, \u015fair, yazar ve gazeteci Be\u015fir Ayvazo\u011flu sergi kapsam\u0131nda \u201cAbd\u00fclmecid Efendi&#8217;nin Edebi \u00c7evresi\u201d ba\u015fl\u0131kl\u0131 bir konferans ger\u00e7ekle\u015ftirecek.<\/p>\n<p>Osmanl\u0131 hanedan\u0131n\u0131n kendisinden \u00f6ncekilere g\u00f6re \u00e7ok iyi yeti\u015fmi\u015f, zihni d\u00fcnyaya a\u00e7\u0131k mensuplar\u0131ndan biri; hatta belki de en se\u00e7kini olan Abd\u00fclmecid Efendi, d\u00f6neminin edebi hareketlerini de yak\u0131ndan takip ederek destekledi\u011fi i\u00e7in sanat d\u00fcnyas\u0131nda geni\u015f bir \u00e7evreye ve y\u00fcksek itibara sahip olmu\u015ftur. Arap\u00e7a ve Fars\u00e7an\u0131n yan\u0131 s\u0131ra Almanca ve \u0130ngilizce de \u00f6\u011frenen, \u00f6zellikle Frans\u0131zcaya edebiyat\u0131yla ha\u015fir ne\u015fir olacak derecede h\u00e2kim olan Abd\u00fclmecid Efendi\u2019nin edebiyata olan merak\u0131; takma ad\u0131yla \u00e7evirdi\u011fi Frans\u0131zca bir metin, \u015fiirle olan me\u015fguliyeti, k\u00fct\u00fcphanesinde bulunan eserler, kad\u0131n yazar ve \u015fairler hakk\u0131ndaki d\u00fc\u015f\u00fcncelerini i\u00e7eren bir m\u00fclakat, cemiyet hamilikleri, d\u00f6nemin edebiyat\u00e7\u0131lar\u0131yla olan ili\u015fkileri ve bu isimlerin onun \u00fczerine yazd\u0131klar\u0131 \u00fczerinden de\u011ferlendirilecektir.<\/p>\n<p>Konferans\u0131n odakland\u0131\u011f\u0131 edipler aras\u0131nda, Abd\u00fclmecid Efendi\u2019nin edebi \u00e7evresinde ba\u015f k\u00f6\u015feyi i\u015fgal eden ve portresini de yapt\u0131\u011f\u0131 nadir isimlerden olan Abd\u00fclhak H\u00e2mid ve S<em>is<\/em> adl\u0131 \u015fiirine ithafen ayn\u0131 isimle bir tablo yapt\u0131\u011f\u0131, hayran oldu\u011fu bir \u015fair olman\u0131n \u00f6tesinde, Mekteb-i Sult\u00e2n\u00ee\u2019de o\u011flunun hocas\u0131 da olan Tevfik Fikret vard\u0131r. Ayr\u0131ca Yahya Kemal de, Abd\u00fclmecid Efendi ile Mustafa Kemal aras\u0131ndaki arac\u0131l\u0131\u011f\u0131 \u00fczerinden ele al\u0131nacakt\u0131r. Abd\u00fclhak H\u00e2mid\u2019in tragedyas\u0131 <em>Finten<\/em>\u2019in sahnelenmesinin \u015ferefine Abd\u00fclmecid Efendi taraf\u0131ndan d\u00fczenlenen ve veliahd\u0131n edebi \u00e7evresinin geni\u015fli\u011fini belgeleyen kutlama ziyafeti de, davetli listesi, o g\u00fcn \u00e7ekilen foto\u011fraflar ve \u00f6zel imal edilen \u201cFinten\u201d yaz\u0131l\u0131 kravat i\u011fneleriyle detayland\u0131r\u0131larak a\u00e7\u0131klanacakt\u0131r.<\/p>\n<p>\u00d6nemli bilgiler:<\/p>\n<p>\u2013 Konferans, Zoom servisi \u00fczerinden ger\u00e7ekle\u015ftirilir. Konferansa kat\u0131l\u0131m linki, kay\u0131t i\u015flemi sonras\u0131 g\u00f6nderilecek e-postada payla\u015f\u0131laca\u011f\u0131 i\u00e7in e-posta adresinizi belirtmeniz gerekmektedir.<\/p>\n<p>\u2013 \u0130nternet ba\u011flant\u0131s\u0131ndan do\u011fabilecek aksakl\u0131k ve ma\u011fduriyetlerden SSM sorumlu de\u011fildir.<\/p>\n<p>\u2013 Kat\u0131l\u0131mc\u0131lar\u0131n, \u00e7evrimi\u00e7i programlar\u0131 veya bu programlar s\u0131ras\u0131nda kullan\u0131lan her t\u00fcrden g\u00f6rsel, i\u015fitsel, yaz\u0131l\u0131 materyali kaydetme, kopyalama, \u00e7o\u011faltma ve \u00fc\u00e7\u00fcnc\u00fc ki\u015filerle payla\u015fma hakk\u0131 yoktur. Aksi davran\u0131\u015flarda yasal sorumluluk kat\u0131l\u0131mc\u0131ya aittir.<\/p>\n<p>Eser:<br \/>\nAbd\u00fclmecid Efendi (1868-1944)<br \/>\n<em>Necip As\u0131m&#8217;\u0131n Portresi<\/em><br \/>\nTuval \u00fczerine ya\u011fl\u0131boya<br \/>\n136&#215;108 cm<br \/>\nMSGS\u00dc \u0130stanbul Resim ve Heykel M\u00fczesi Koleksiyonu<\/p>\n<p>&nbsp;<\/p>\n<p>\u201c<em>\u015eehzade&#8217;nin S\u0131ra D\u0131\u015f\u0131 D\u00fcnyas\u0131: Abd\u00fclmecid Efendi\u201d <\/em>sergisini Sal\u0131, \u00c7ar\u015famba, Per\u015fembe, Cuma ve Pazar g\u00fcnleri 10.00 \u2013 18.00 aras\u0131, Cumartesi g\u00fcnleri 10.00 \u2013 20.00 aras\u0131 ziyaret edebilirsiniz. Ziyaret bilgileri i\u00e7in <a href=\"https:\/\/sakipsabancimuzesi.org\/ziyaret\">t\u0131klay\u0131n\u0131z.<\/a><\/p>\n","protected":false},"excerpt":{"rendered":"<p>Konu\u015fmac\u0131: Be\u015fir Ayvazo\u011flu<\/p>\n<p>1 Mart Sal\u0131, 16.00<\/p>\n<p>\u00c7evrimi\u00e7i<\/p>\n","protected":false},"featured_media":247571,"template":"","meta":{"_exactmetrics_skip_tracking":false,"_exactmetrics_sitenote_active":false,"_exactmetrics_sitenote_note":"","_exactmetrics_sitenote_category":0},"product_brand":[],"product_cat":[],"product_tag":[441,375,712],"woo-feed-brand":[],"class_list":{"0":"post-247443","1":"product","2":"type-product","3":"status-publish","4":"has-post-thumbnail","6":"product_tag-sergi","7":"product_tag-cevrimici","8":"product_tag-konferans","10":"first","11":"outofstock","12":"virtual","13":"sold-individually","14":"taxable","15":"purchasable","16":"product-type-simple"},"yoast_head":"<!-- This site is optimized with the Yoast SEO plugin v27.1.1 - https:\/\/yoast.com\/product\/yoast-seo-wordpress\/ -->\n<title>Konferans - Abd\u00fclmecid Efendi&#039;nin Edebi \u00c7evresi - SSM Shop<\/title>\n<meta name=\"robots\" content=\"index, follow, max-snippet:-1, max-image-preview:large, max-video-preview:-1\" \/>\n<link rel=\"canonical\" href=\"https:\/\/sakipsabancimuzesi.org\/shop\/urun\/egitim-ve-etkinlik\/ogrenme-programlari\/yetiskin-ogrenme-programlari\/konferans-abdulmecid-efendinin-edebi-cevresi\/\" \/>\n<meta property=\"og:locale\" content=\"tr_TR\" \/>\n<meta property=\"og:type\" content=\"article\" \/>\n<meta property=\"og:title\" content=\"Konferans - Abd\u00fclmecid Efendi&#039;nin Edebi \u00c7evresi - SSM Shop\" \/>\n<meta property=\"og:description\" content=\"Konu\u015fmac\u0131: Be\u015fir Ayvazo\u011flu  1 Mart Sal\u0131, 16.00  \u00c7evrimi\u00e7i\" \/>\n<meta property=\"og:url\" content=\"https:\/\/sakipsabancimuzesi.org\/shop\/urun\/egitim-ve-etkinlik\/ogrenme-programlari\/yetiskin-ogrenme-programlari\/konferans-abdulmecid-efendinin-edebi-cevresi\/\" \/>\n<meta property=\"og:site_name\" content=\"SSM Shop\" \/>\n<meta property=\"article:publisher\" content=\"https:\/\/www.facebook.com\/SakipSabanciMuzesi\/\" \/>\n<meta property=\"article:modified_time\" content=\"2022-05-16T16:10:26+00:00\" \/>\n<meta property=\"og:image\" content=\"https:\/\/sakipsabancimuzesi.org\/shop\/wp-content\/uploads\/2022\/02\/Konferans_1-mart.jpg\" \/>\n\t<meta property=\"og:image:width\" content=\"1080\" \/>\n\t<meta property=\"og:image:height\" content=\"1080\" \/>\n\t<meta property=\"og:image:type\" content=\"image\/jpeg\" \/>\n<meta name=\"twitter:card\" content=\"summary_large_image\" \/>\n<meta name=\"twitter:label1\" content=\"Tahmini okuma s\u00fcresi\" \/>\n\t<meta name=\"twitter:data1\" content=\"2 dakika\" \/>\n<script type=\"application\/ld+json\" class=\"yoast-schema-graph\">{\"@context\":\"https:\/\/schema.org\",\"@graph\":[{\"@type\":\"WebPage\",\"@id\":\"https:\/\/sakipsabancimuzesi.org\/shop\/urun\/egitim-ve-etkinlik\/ogrenme-programlari\/yetiskin-ogrenme-programlari\/konferans-abdulmecid-efendinin-edebi-cevresi\/\",\"url\":\"https:\/\/sakipsabancimuzesi.org\/shop\/urun\/egitim-ve-etkinlik\/ogrenme-programlari\/yetiskin-ogrenme-programlari\/konferans-abdulmecid-efendinin-edebi-cevresi\/\",\"name\":\"Konferans - Abd\u00fclmecid Efendi'nin Edebi \u00c7evresi - SSM Shop\",\"isPartOf\":{\"@id\":\"https:\/\/sakipsabancimuzesi.org\/shop\/#website\"},\"primaryImageOfPage\":{\"@id\":\"https:\/\/sakipsabancimuzesi.org\/shop\/urun\/egitim-ve-etkinlik\/ogrenme-programlari\/yetiskin-ogrenme-programlari\/konferans-abdulmecid-efendinin-edebi-cevresi\/#primaryimage\"},\"image\":{\"@id\":\"https:\/\/sakipsabancimuzesi.org\/shop\/urun\/egitim-ve-etkinlik\/ogrenme-programlari\/yetiskin-ogrenme-programlari\/konferans-abdulmecid-efendinin-edebi-cevresi\/#primaryimage\"},\"thumbnailUrl\":\"https:\/\/sakipsabancimuzesi.org\/shop\/wp-content\/uploads\/2022\/02\/Konferans_1-mart.jpg\",\"datePublished\":\"2022-02-22T14:47:56+00:00\",\"dateModified\":\"2022-05-16T16:10:26+00:00\",\"breadcrumb\":{\"@id\":\"https:\/\/sakipsabancimuzesi.org\/shop\/urun\/egitim-ve-etkinlik\/ogrenme-programlari\/yetiskin-ogrenme-programlari\/konferans-abdulmecid-efendinin-edebi-cevresi\/#breadcrumb\"},\"inLanguage\":\"tr\",\"potentialAction\":[{\"@type\":\"ReadAction\",\"target\":[\"https:\/\/sakipsabancimuzesi.org\/shop\/urun\/egitim-ve-etkinlik\/ogrenme-programlari\/yetiskin-ogrenme-programlari\/konferans-abdulmecid-efendinin-edebi-cevresi\/\"]}]},{\"@type\":\"ImageObject\",\"inLanguage\":\"tr\",\"@id\":\"https:\/\/sakipsabancimuzesi.org\/shop\/urun\/egitim-ve-etkinlik\/ogrenme-programlari\/yetiskin-ogrenme-programlari\/konferans-abdulmecid-efendinin-edebi-cevresi\/#primaryimage\",\"url\":\"https:\/\/sakipsabancimuzesi.org\/shop\/wp-content\/uploads\/2022\/02\/Konferans_1-mart.jpg\",\"contentUrl\":\"https:\/\/sakipsabancimuzesi.org\/shop\/wp-content\/uploads\/2022\/02\/Konferans_1-mart.jpg\",\"width\":1080,\"height\":1080},{\"@type\":\"BreadcrumbList\",\"@id\":\"https:\/\/sakipsabancimuzesi.org\/shop\/urun\/egitim-ve-etkinlik\/ogrenme-programlari\/yetiskin-ogrenme-programlari\/konferans-abdulmecid-efendinin-edebi-cevresi\/#breadcrumb\",\"itemListElement\":[{\"@type\":\"ListItem\",\"position\":1,\"name\":\"Ana sayfa\",\"item\":\"https:\/\/sakipsabancimuzesi.org\/shop\/\"},{\"@type\":\"ListItem\",\"position\":2,\"name\":\"Shop\",\"item\":\"https:\/\/sakipsabancimuzesi.org\/shop\/shop\/\"},{\"@type\":\"ListItem\",\"position\":3,\"name\":\"Konferans &#8211; Abd\u00fclmecid Efendi&#8217;nin Edebi \u00c7evresi\"}]},{\"@type\":\"WebSite\",\"@id\":\"https:\/\/sakipsabancimuzesi.org\/shop\/#website\",\"url\":\"https:\/\/sakipsabancimuzesi.org\/shop\/\",\"name\":\"SSM Shop\",\"description\":\"Sak\u0131p Sabanc\u0131 M\u00fczesi, Ma\u011faza\",\"publisher\":{\"@id\":\"https:\/\/sakipsabancimuzesi.org\/shop\/#organization\"},\"potentialAction\":[{\"@type\":\"SearchAction\",\"target\":{\"@type\":\"EntryPoint\",\"urlTemplate\":\"https:\/\/sakipsabancimuzesi.org\/shop\/?s={search_term_string}\"},\"query-input\":{\"@type\":\"PropertyValueSpecification\",\"valueRequired\":true,\"valueName\":\"search_term_string\"}}],\"inLanguage\":\"tr\"},{\"@type\":\"Organization\",\"@id\":\"https:\/\/sakipsabancimuzesi.org\/shop\/#organization\",\"name\":\"SSM Shop\",\"url\":\"https:\/\/sakipsabancimuzesi.org\/shop\/\",\"logo\":{\"@type\":\"ImageObject\",\"inLanguage\":\"tr\",\"@id\":\"https:\/\/sakipsabancimuzesi.org\/shop\/#\/schema\/logo\/image\/\",\"url\":\"https:\/\/sakipsabancimuzesi.org\/shop\/wp-content\/uploads\/2019\/11\/logo.png\",\"contentUrl\":\"https:\/\/sakipsabancimuzesi.org\/shop\/wp-content\/uploads\/2019\/11\/logo.png\",\"width\":227,\"height\":87,\"caption\":\"SSM Shop\"},\"image\":{\"@id\":\"https:\/\/sakipsabancimuzesi.org\/shop\/#\/schema\/logo\/image\/\"},\"sameAs\":[\"https:\/\/www.facebook.com\/SakipSabanciMuzesi\/\"]}]}<\/script>\n<!-- \/ Yoast SEO plugin. -->","yoast_head_json":{"title":"Konferans - Abd\u00fclmecid Efendi'nin Edebi \u00c7evresi - SSM Shop","robots":{"index":"index","follow":"follow","max-snippet":"max-snippet:-1","max-image-preview":"max-image-preview:large","max-video-preview":"max-video-preview:-1"},"canonical":"https:\/\/sakipsabancimuzesi.org\/shop\/urun\/egitim-ve-etkinlik\/ogrenme-programlari\/yetiskin-ogrenme-programlari\/konferans-abdulmecid-efendinin-edebi-cevresi\/","og_locale":"tr_TR","og_type":"article","og_title":"Konferans - Abd\u00fclmecid Efendi'nin Edebi \u00c7evresi - SSM Shop","og_description":"Konu\u015fmac\u0131: Be\u015fir Ayvazo\u011flu  1 Mart Sal\u0131, 16.00  \u00c7evrimi\u00e7i","og_url":"https:\/\/sakipsabancimuzesi.org\/shop\/urun\/egitim-ve-etkinlik\/ogrenme-programlari\/yetiskin-ogrenme-programlari\/konferans-abdulmecid-efendinin-edebi-cevresi\/","og_site_name":"SSM Shop","article_publisher":"https:\/\/www.facebook.com\/SakipSabanciMuzesi\/","article_modified_time":"2022-05-16T16:10:26+00:00","og_image":[{"width":1080,"height":1080,"url":"https:\/\/sakipsabancimuzesi.org\/shop\/wp-content\/uploads\/2022\/02\/Konferans_1-mart.jpg","type":"image\/jpeg"}],"twitter_card":"summary_large_image","twitter_misc":{"Tahmini okuma s\u00fcresi":"2 dakika"},"schema":{"@context":"https:\/\/schema.org","@graph":[{"@type":"WebPage","@id":"https:\/\/sakipsabancimuzesi.org\/shop\/urun\/egitim-ve-etkinlik\/ogrenme-programlari\/yetiskin-ogrenme-programlari\/konferans-abdulmecid-efendinin-edebi-cevresi\/","url":"https:\/\/sakipsabancimuzesi.org\/shop\/urun\/egitim-ve-etkinlik\/ogrenme-programlari\/yetiskin-ogrenme-programlari\/konferans-abdulmecid-efendinin-edebi-cevresi\/","name":"Konferans - Abd\u00fclmecid Efendi'nin Edebi \u00c7evresi - SSM Shop","isPartOf":{"@id":"https:\/\/sakipsabancimuzesi.org\/shop\/#website"},"primaryImageOfPage":{"@id":"https:\/\/sakipsabancimuzesi.org\/shop\/urun\/egitim-ve-etkinlik\/ogrenme-programlari\/yetiskin-ogrenme-programlari\/konferans-abdulmecid-efendinin-edebi-cevresi\/#primaryimage"},"image":{"@id":"https:\/\/sakipsabancimuzesi.org\/shop\/urun\/egitim-ve-etkinlik\/ogrenme-programlari\/yetiskin-ogrenme-programlari\/konferans-abdulmecid-efendinin-edebi-cevresi\/#primaryimage"},"thumbnailUrl":"https:\/\/sakipsabancimuzesi.org\/shop\/wp-content\/uploads\/2022\/02\/Konferans_1-mart.jpg","datePublished":"2022-02-22T14:47:56+00:00","dateModified":"2022-05-16T16:10:26+00:00","breadcrumb":{"@id":"https:\/\/sakipsabancimuzesi.org\/shop\/urun\/egitim-ve-etkinlik\/ogrenme-programlari\/yetiskin-ogrenme-programlari\/konferans-abdulmecid-efendinin-edebi-cevresi\/#breadcrumb"},"inLanguage":"tr","potentialAction":[{"@type":"ReadAction","target":["https:\/\/sakipsabancimuzesi.org\/shop\/urun\/egitim-ve-etkinlik\/ogrenme-programlari\/yetiskin-ogrenme-programlari\/konferans-abdulmecid-efendinin-edebi-cevresi\/"]}]},{"@type":"ImageObject","inLanguage":"tr","@id":"https:\/\/sakipsabancimuzesi.org\/shop\/urun\/egitim-ve-etkinlik\/ogrenme-programlari\/yetiskin-ogrenme-programlari\/konferans-abdulmecid-efendinin-edebi-cevresi\/#primaryimage","url":"https:\/\/sakipsabancimuzesi.org\/shop\/wp-content\/uploads\/2022\/02\/Konferans_1-mart.jpg","contentUrl":"https:\/\/sakipsabancimuzesi.org\/shop\/wp-content\/uploads\/2022\/02\/Konferans_1-mart.jpg","width":1080,"height":1080},{"@type":"BreadcrumbList","@id":"https:\/\/sakipsabancimuzesi.org\/shop\/urun\/egitim-ve-etkinlik\/ogrenme-programlari\/yetiskin-ogrenme-programlari\/konferans-abdulmecid-efendinin-edebi-cevresi\/#breadcrumb","itemListElement":[{"@type":"ListItem","position":1,"name":"Ana sayfa","item":"https:\/\/sakipsabancimuzesi.org\/shop\/"},{"@type":"ListItem","position":2,"name":"Shop","item":"https:\/\/sakipsabancimuzesi.org\/shop\/shop\/"},{"@type":"ListItem","position":3,"name":"Konferans &#8211; Abd\u00fclmecid Efendi&#8217;nin Edebi \u00c7evresi"}]},{"@type":"WebSite","@id":"https:\/\/sakipsabancimuzesi.org\/shop\/#website","url":"https:\/\/sakipsabancimuzesi.org\/shop\/","name":"SSM Shop","description":"Sak\u0131p Sabanc\u0131 M\u00fczesi, Ma\u011faza","publisher":{"@id":"https:\/\/sakipsabancimuzesi.org\/shop\/#organization"},"potentialAction":[{"@type":"SearchAction","target":{"@type":"EntryPoint","urlTemplate":"https:\/\/sakipsabancimuzesi.org\/shop\/?s={search_term_string}"},"query-input":{"@type":"PropertyValueSpecification","valueRequired":true,"valueName":"search_term_string"}}],"inLanguage":"tr"},{"@type":"Organization","@id":"https:\/\/sakipsabancimuzesi.org\/shop\/#organization","name":"SSM Shop","url":"https:\/\/sakipsabancimuzesi.org\/shop\/","logo":{"@type":"ImageObject","inLanguage":"tr","@id":"https:\/\/sakipsabancimuzesi.org\/shop\/#\/schema\/logo\/image\/","url":"https:\/\/sakipsabancimuzesi.org\/shop\/wp-content\/uploads\/2019\/11\/logo.png","contentUrl":"https:\/\/sakipsabancimuzesi.org\/shop\/wp-content\/uploads\/2019\/11\/logo.png","width":227,"height":87,"caption":"SSM Shop"},"image":{"@id":"https:\/\/sakipsabancimuzesi.org\/shop\/#\/schema\/logo\/image\/"},"sameAs":["https:\/\/www.facebook.com\/SakipSabanciMuzesi\/"]}]}},"jetpack_sharing_enabled":true,"_links":{"self":[{"href":"https:\/\/sakipsabancimuzesi.org\/shop\/wp-json\/wp\/v2\/product\/247443","targetHints":{"allow":["GET"]}}],"collection":[{"href":"https:\/\/sakipsabancimuzesi.org\/shop\/wp-json\/wp\/v2\/product"}],"about":[{"href":"https:\/\/sakipsabancimuzesi.org\/shop\/wp-json\/wp\/v2\/types\/product"}],"wp:featuredmedia":[{"embeddable":true,"href":"https:\/\/sakipsabancimuzesi.org\/shop\/wp-json\/wp\/v2\/media\/247571"}],"wp:attachment":[{"href":"https:\/\/sakipsabancimuzesi.org\/shop\/wp-json\/wp\/v2\/media?parent=247443"}],"wp:term":[{"taxonomy":"product_brand","embeddable":true,"href":"https:\/\/sakipsabancimuzesi.org\/shop\/wp-json\/wp\/v2\/product_brand?post=247443"},{"taxonomy":"product_cat","embeddable":true,"href":"https:\/\/sakipsabancimuzesi.org\/shop\/wp-json\/wp\/v2\/product_cat?post=247443"},{"taxonomy":"product_tag","embeddable":true,"href":"https:\/\/sakipsabancimuzesi.org\/shop\/wp-json\/wp\/v2\/product_tag?post=247443"},{"taxonomy":"woo-feed-brand","embeddable":true,"href":"https:\/\/sakipsabancimuzesi.org\/shop\/wp-json\/wp\/v2\/woo-feed-brand?post=247443"}],"curies":[{"name":"wp","href":"https:\/\/api.w.org\/{rel}","templated":true}]}}