{"id":247483,"date":"2022-02-23T14:46:11","date_gmt":"2022-02-23T11:46:11","guid":{"rendered":"https:\/\/sakipsabancimuzesi.org\/shop\/?post_type=product&#038;p=247483"},"modified":"2025-06-27T10:37:01","modified_gmt":"2025-06-27T07:37:01","slug":"oyuncak-kuzu","status":"publish","type":"product","link":"https:\/\/sakipsabancimuzesi.org\/shop\/urun\/cocuk-ve-oyun\/cocuk-oyunlari\/oyuncak-kuzu\/","title":{"rendered":"Oyuncak Kuzu"},"content":{"rendered":"<p>Nevruz K\u00f6y\u00fc Kad\u0131nlar\u0131 Kooperatifi\u2019ni, bir y\u0131l \u00f6nce Fatma, Canan, Nebahat, Ay\u015fenur, G\u00fcler, \u0130lknur, Hatice ve Fadime beraber kurdu. \u00c7anakkale\u2019nin Yenice il\u00e7esine ba\u011fl\u0131 Nevruz K\u00f6y\u00fc\u2019nde ya\u015fayan kad\u0131nlar\u0131n el eme\u011fini de\u011ferlendirmek, gelece\u011fe el eme\u011fi g\u00f6z nuru bir iz b\u0131rakmak ad\u0131na at\u0131lan bu ad\u0131mla hikayeleri ba\u015flad\u0131. Nevruz K\u00f6y\u00fc Kad\u0131nlar\u0131 bir #iyibakdunyaya hareketidir. @nevruzkoyukadinlari<\/p>\n","protected":false},"excerpt":{"rendered":"<p>Nevruz K\u00f6y\u00fc Kad\u0131nlar\u0131 Kooperatifi\u2019ni, bir y\u0131l \u00f6nce Fatma, Canan, Nebahat, Ay\u015fenur, G\u00fcler, \u0130lknur, Hatice ve Fadime beraber kurdu. \u00c7anakkale\u2019nin Yenice il\u00e7esine ba\u011fl\u0131 Nevruz K\u00f6y\u00fc\u2019nde ya\u015fayan kad\u0131nlar\u0131n el eme\u011fini de\u011ferlendirmek, gelece\u011fe el eme\u011fi g\u00f6z nuru bir iz b\u0131rakmak ad\u0131na at\u0131lan bu ad\u0131mla hikayeleri ba\u015flad\u0131. Nevruz K\u00f6y\u00fc Kad\u0131nlar\u0131 bir #iyibakdunyaya hareketidir. @nevruzkoyukadinlari<\/p>\n","protected":false},"featured_media":269397,"template":"","meta":{"_exactmetrics_skip_tracking":false,"_exactmetrics_sitenote_active":false,"_exactmetrics_sitenote_note":"","_exactmetrics_sitenote_category":0},"product_brand":[],"product_cat":[628,631],"product_tag":[728],"woo-feed-brand":[],"class_list":{"0":"post-247483","1":"product","2":"type-product","3":"status-publish","4":"has-post-thumbnail","6":"product_cat-cocuk-ve-oyun","7":"product_cat-cocuk-oyunlari","8":"product_tag-nevruz-koyu-kadinlari","10":"first","11":"instock","12":"taxable","13":"shipping-taxable","14":"purchasable","15":"product-type-simple"},"yoast_head":"<!-- This site is optimized with the Yoast SEO plugin v27.1.1 - https:\/\/yoast.com\/product\/yoast-seo-wordpress\/ -->\n<title>Oyuncak Kuzu - SSM Shop<\/title>\n<meta name=\"robots\" content=\"index, follow, max-snippet:-1, max-image-preview:large, max-video-preview:-1\" \/>\n<link rel=\"canonical\" href=\"https:\/\/sakipsabancimuzesi.org\/shop\/urun\/cocuk-ve-oyun\/cocuk-oyunlari\/oyuncak-kuzu\/\" \/>\n<meta property=\"og:locale\" content=\"tr_TR\" \/>\n<meta property=\"og:type\" content=\"article\" \/>\n<meta property=\"og:title\" content=\"Oyuncak Kuzu - SSM Shop\" \/>\n<meta property=\"og:description\" content=\"Nevruz K\u00f6y\u00fc Kad\u0131nlar\u0131 Kooperatifi\u2019ni, bir y\u0131l \u00f6nce Fatma, Canan, Nebahat, Ay\u015fenur, G\u00fcler, \u0130lknur, Hatice ve Fadime beraber kurdu. \u00c7anakkale\u2019nin Yenice il\u00e7esine ba\u011fl\u0131 Nevruz K\u00f6y\u00fc\u2019nde ya\u015fayan kad\u0131nlar\u0131n el eme\u011fini de\u011ferlendirmek, gelece\u011fe el eme\u011fi g\u00f6z nuru bir iz b\u0131rakmak ad\u0131na at\u0131lan bu ad\u0131mla hikayeleri ba\u015flad\u0131. Nevruz K\u00f6y\u00fc Kad\u0131nlar\u0131 bir #iyibakdunyaya hareketidir. @nevruzkoyukadinlari\" \/>\n<meta property=\"og:url\" content=\"https:\/\/sakipsabancimuzesi.org\/shop\/urun\/cocuk-ve-oyun\/cocuk-oyunlari\/oyuncak-kuzu\/\" \/>\n<meta property=\"og:site_name\" content=\"SSM Shop\" \/>\n<meta property=\"article:publisher\" content=\"https:\/\/www.facebook.com\/SakipSabanciMuzesi\/\" \/>\n<meta property=\"article:modified_time\" content=\"2025-06-27T07:37:01+00:00\" \/>\n<meta property=\"og:image\" content=\"https:\/\/sakipsabancimuzesi.org\/shop\/wp-content\/uploads\/2022\/12\/Kuzu.jpg\" \/>\n\t<meta property=\"og:image:width\" content=\"1280\" \/>\n\t<meta property=\"og:image:height\" content=\"1600\" \/>\n\t<meta property=\"og:image:type\" content=\"image\/jpeg\" \/>\n<meta name=\"twitter:card\" content=\"summary_large_image\" \/>\n<script type=\"application\/ld+json\" class=\"yoast-schema-graph\">{\"@context\":\"https:\/\/schema.org\",\"@graph\":[{\"@type\":\"WebPage\",\"@id\":\"https:\/\/sakipsabancimuzesi.org\/shop\/urun\/cocuk-ve-oyun\/cocuk-oyunlari\/oyuncak-kuzu\/\",\"url\":\"https:\/\/sakipsabancimuzesi.org\/shop\/urun\/cocuk-ve-oyun\/cocuk-oyunlari\/oyuncak-kuzu\/\",\"name\":\"Oyuncak Kuzu - SSM Shop\",\"isPartOf\":{\"@id\":\"https:\/\/sakipsabancimuzesi.org\/shop\/#website\"},\"primaryImageOfPage\":{\"@id\":\"https:\/\/sakipsabancimuzesi.org\/shop\/urun\/cocuk-ve-oyun\/cocuk-oyunlari\/oyuncak-kuzu\/#primaryimage\"},\"image\":{\"@id\":\"https:\/\/sakipsabancimuzesi.org\/shop\/urun\/cocuk-ve-oyun\/cocuk-oyunlari\/oyuncak-kuzu\/#primaryimage\"},\"thumbnailUrl\":\"https:\/\/sakipsabancimuzesi.org\/shop\/wp-content\/uploads\/2022\/12\/Kuzu.jpg\",\"datePublished\":\"2022-02-23T11:46:11+00:00\",\"dateModified\":\"2025-06-27T07:37:01+00:00\",\"breadcrumb\":{\"@id\":\"https:\/\/sakipsabancimuzesi.org\/shop\/urun\/cocuk-ve-oyun\/cocuk-oyunlari\/oyuncak-kuzu\/#breadcrumb\"},\"inLanguage\":\"tr\",\"potentialAction\":[{\"@type\":\"ReadAction\",\"target\":[\"https:\/\/sakipsabancimuzesi.org\/shop\/urun\/cocuk-ve-oyun\/cocuk-oyunlari\/oyuncak-kuzu\/\"]}]},{\"@type\":\"ImageObject\",\"inLanguage\":\"tr\",\"@id\":\"https:\/\/sakipsabancimuzesi.org\/shop\/urun\/cocuk-ve-oyun\/cocuk-oyunlari\/oyuncak-kuzu\/#primaryimage\",\"url\":\"https:\/\/sakipsabancimuzesi.org\/shop\/wp-content\/uploads\/2022\/12\/Kuzu.jpg\",\"contentUrl\":\"https:\/\/sakipsabancimuzesi.org\/shop\/wp-content\/uploads\/2022\/12\/Kuzu.jpg\",\"width\":1280,\"height\":1600},{\"@type\":\"BreadcrumbList\",\"@id\":\"https:\/\/sakipsabancimuzesi.org\/shop\/urun\/cocuk-ve-oyun\/cocuk-oyunlari\/oyuncak-kuzu\/#breadcrumb\",\"itemListElement\":[{\"@type\":\"ListItem\",\"position\":1,\"name\":\"Ana sayfa\",\"item\":\"https:\/\/sakipsabancimuzesi.org\/shop\/\"},{\"@type\":\"ListItem\",\"position\":2,\"name\":\"Shop\",\"item\":\"https:\/\/sakipsabancimuzesi.org\/shop\/shop\/\"},{\"@type\":\"ListItem\",\"position\":3,\"name\":\"Oyuncak Kuzu\"}]},{\"@type\":\"WebSite\",\"@id\":\"https:\/\/sakipsabancimuzesi.org\/shop\/#website\",\"url\":\"https:\/\/sakipsabancimuzesi.org\/shop\/\",\"name\":\"SSM Shop\",\"description\":\"Sak\u0131p Sabanc\u0131 M\u00fczesi, Ma\u011faza\",\"publisher\":{\"@id\":\"https:\/\/sakipsabancimuzesi.org\/shop\/#organization\"},\"potentialAction\":[{\"@type\":\"SearchAction\",\"target\":{\"@type\":\"EntryPoint\",\"urlTemplate\":\"https:\/\/sakipsabancimuzesi.org\/shop\/?s={search_term_string}\"},\"query-input\":{\"@type\":\"PropertyValueSpecification\",\"valueRequired\":true,\"valueName\":\"search_term_string\"}}],\"inLanguage\":\"tr\"},{\"@type\":\"Organization\",\"@id\":\"https:\/\/sakipsabancimuzesi.org\/shop\/#organization\",\"name\":\"SSM Shop\",\"url\":\"https:\/\/sakipsabancimuzesi.org\/shop\/\",\"logo\":{\"@type\":\"ImageObject\",\"inLanguage\":\"tr\",\"@id\":\"https:\/\/sakipsabancimuzesi.org\/shop\/#\/schema\/logo\/image\/\",\"url\":\"https:\/\/sakipsabancimuzesi.org\/shop\/wp-content\/uploads\/2019\/11\/logo.png\",\"contentUrl\":\"https:\/\/sakipsabancimuzesi.org\/shop\/wp-content\/uploads\/2019\/11\/logo.png\",\"width\":227,\"height\":87,\"caption\":\"SSM Shop\"},\"image\":{\"@id\":\"https:\/\/sakipsabancimuzesi.org\/shop\/#\/schema\/logo\/image\/\"},\"sameAs\":[\"https:\/\/www.facebook.com\/SakipSabanciMuzesi\/\"]}]}<\/script>\n<!-- \/ Yoast SEO plugin. -->","yoast_head_json":{"title":"Oyuncak Kuzu - SSM Shop","robots":{"index":"index","follow":"follow","max-snippet":"max-snippet:-1","max-image-preview":"max-image-preview:large","max-video-preview":"max-video-preview:-1"},"canonical":"https:\/\/sakipsabancimuzesi.org\/shop\/urun\/cocuk-ve-oyun\/cocuk-oyunlari\/oyuncak-kuzu\/","og_locale":"tr_TR","og_type":"article","og_title":"Oyuncak Kuzu - SSM Shop","og_description":"Nevruz K\u00f6y\u00fc Kad\u0131nlar\u0131 Kooperatifi\u2019ni, bir y\u0131l \u00f6nce Fatma, Canan, Nebahat, Ay\u015fenur, G\u00fcler, \u0130lknur, Hatice ve Fadime beraber kurdu. \u00c7anakkale\u2019nin Yenice il\u00e7esine ba\u011fl\u0131 Nevruz K\u00f6y\u00fc\u2019nde ya\u015fayan kad\u0131nlar\u0131n el eme\u011fini de\u011ferlendirmek, gelece\u011fe el eme\u011fi g\u00f6z nuru bir iz b\u0131rakmak ad\u0131na at\u0131lan bu ad\u0131mla hikayeleri ba\u015flad\u0131. Nevruz K\u00f6y\u00fc Kad\u0131nlar\u0131 bir #iyibakdunyaya hareketidir. @nevruzkoyukadinlari","og_url":"https:\/\/sakipsabancimuzesi.org\/shop\/urun\/cocuk-ve-oyun\/cocuk-oyunlari\/oyuncak-kuzu\/","og_site_name":"SSM Shop","article_publisher":"https:\/\/www.facebook.com\/SakipSabanciMuzesi\/","article_modified_time":"2025-06-27T07:37:01+00:00","og_image":[{"width":1280,"height":1600,"url":"https:\/\/sakipsabancimuzesi.org\/shop\/wp-content\/uploads\/2022\/12\/Kuzu.jpg","type":"image\/jpeg"}],"twitter_card":"summary_large_image","schema":{"@context":"https:\/\/schema.org","@graph":[{"@type":"WebPage","@id":"https:\/\/sakipsabancimuzesi.org\/shop\/urun\/cocuk-ve-oyun\/cocuk-oyunlari\/oyuncak-kuzu\/","url":"https:\/\/sakipsabancimuzesi.org\/shop\/urun\/cocuk-ve-oyun\/cocuk-oyunlari\/oyuncak-kuzu\/","name":"Oyuncak Kuzu - SSM Shop","isPartOf":{"@id":"https:\/\/sakipsabancimuzesi.org\/shop\/#website"},"primaryImageOfPage":{"@id":"https:\/\/sakipsabancimuzesi.org\/shop\/urun\/cocuk-ve-oyun\/cocuk-oyunlari\/oyuncak-kuzu\/#primaryimage"},"image":{"@id":"https:\/\/sakipsabancimuzesi.org\/shop\/urun\/cocuk-ve-oyun\/cocuk-oyunlari\/oyuncak-kuzu\/#primaryimage"},"thumbnailUrl":"https:\/\/sakipsabancimuzesi.org\/shop\/wp-content\/uploads\/2022\/12\/Kuzu.jpg","datePublished":"2022-02-23T11:46:11+00:00","dateModified":"2025-06-27T07:37:01+00:00","breadcrumb":{"@id":"https:\/\/sakipsabancimuzesi.org\/shop\/urun\/cocuk-ve-oyun\/cocuk-oyunlari\/oyuncak-kuzu\/#breadcrumb"},"inLanguage":"tr","potentialAction":[{"@type":"ReadAction","target":["https:\/\/sakipsabancimuzesi.org\/shop\/urun\/cocuk-ve-oyun\/cocuk-oyunlari\/oyuncak-kuzu\/"]}]},{"@type":"ImageObject","inLanguage":"tr","@id":"https:\/\/sakipsabancimuzesi.org\/shop\/urun\/cocuk-ve-oyun\/cocuk-oyunlari\/oyuncak-kuzu\/#primaryimage","url":"https:\/\/sakipsabancimuzesi.org\/shop\/wp-content\/uploads\/2022\/12\/Kuzu.jpg","contentUrl":"https:\/\/sakipsabancimuzesi.org\/shop\/wp-content\/uploads\/2022\/12\/Kuzu.jpg","width":1280,"height":1600},{"@type":"BreadcrumbList","@id":"https:\/\/sakipsabancimuzesi.org\/shop\/urun\/cocuk-ve-oyun\/cocuk-oyunlari\/oyuncak-kuzu\/#breadcrumb","itemListElement":[{"@type":"ListItem","position":1,"name":"Ana sayfa","item":"https:\/\/sakipsabancimuzesi.org\/shop\/"},{"@type":"ListItem","position":2,"name":"Shop","item":"https:\/\/sakipsabancimuzesi.org\/shop\/shop\/"},{"@type":"ListItem","position":3,"name":"Oyuncak Kuzu"}]},{"@type":"WebSite","@id":"https:\/\/sakipsabancimuzesi.org\/shop\/#website","url":"https:\/\/sakipsabancimuzesi.org\/shop\/","name":"SSM Shop","description":"Sak\u0131p Sabanc\u0131 M\u00fczesi, Ma\u011faza","publisher":{"@id":"https:\/\/sakipsabancimuzesi.org\/shop\/#organization"},"potentialAction":[{"@type":"SearchAction","target":{"@type":"EntryPoint","urlTemplate":"https:\/\/sakipsabancimuzesi.org\/shop\/?s={search_term_string}"},"query-input":{"@type":"PropertyValueSpecification","valueRequired":true,"valueName":"search_term_string"}}],"inLanguage":"tr"},{"@type":"Organization","@id":"https:\/\/sakipsabancimuzesi.org\/shop\/#organization","name":"SSM Shop","url":"https:\/\/sakipsabancimuzesi.org\/shop\/","logo":{"@type":"ImageObject","inLanguage":"tr","@id":"https:\/\/sakipsabancimuzesi.org\/shop\/#\/schema\/logo\/image\/","url":"https:\/\/sakipsabancimuzesi.org\/shop\/wp-content\/uploads\/2019\/11\/logo.png","contentUrl":"https:\/\/sakipsabancimuzesi.org\/shop\/wp-content\/uploads\/2019\/11\/logo.png","width":227,"height":87,"caption":"SSM Shop"},"image":{"@id":"https:\/\/sakipsabancimuzesi.org\/shop\/#\/schema\/logo\/image\/"},"sameAs":["https:\/\/www.facebook.com\/SakipSabanciMuzesi\/"]}]}},"jetpack_sharing_enabled":true,"_links":{"self":[{"href":"https:\/\/sakipsabancimuzesi.org\/shop\/wp-json\/wp\/v2\/product\/247483","targetHints":{"allow":["GET"]}}],"collection":[{"href":"https:\/\/sakipsabancimuzesi.org\/shop\/wp-json\/wp\/v2\/product"}],"about":[{"href":"https:\/\/sakipsabancimuzesi.org\/shop\/wp-json\/wp\/v2\/types\/product"}],"wp:featuredmedia":[{"embeddable":true,"href":"https:\/\/sakipsabancimuzesi.org\/shop\/wp-json\/wp\/v2\/media\/269397"}],"wp:attachment":[{"href":"https:\/\/sakipsabancimuzesi.org\/shop\/wp-json\/wp\/v2\/media?parent=247483"}],"wp:term":[{"taxonomy":"product_brand","embeddable":true,"href":"https:\/\/sakipsabancimuzesi.org\/shop\/wp-json\/wp\/v2\/product_brand?post=247483"},{"taxonomy":"product_cat","embeddable":true,"href":"https:\/\/sakipsabancimuzesi.org\/shop\/wp-json\/wp\/v2\/product_cat?post=247483"},{"taxonomy":"product_tag","embeddable":true,"href":"https:\/\/sakipsabancimuzesi.org\/shop\/wp-json\/wp\/v2\/product_tag?post=247483"},{"taxonomy":"woo-feed-brand","embeddable":true,"href":"https:\/\/sakipsabancimuzesi.org\/shop\/wp-json\/wp\/v2\/woo-feed-brand?post=247483"}],"curies":[{"name":"wp","href":"https:\/\/api.w.org\/{rel}","templated":true}]}}