{"id":247695,"date":"2022-03-01T17:30:45","date_gmt":"2022-03-01T14:30:45","guid":{"rendered":"https:\/\/sakipsabancimuzesi.org\/shop\/?post_type=product&#038;p=247695"},"modified":"2022-05-16T19:10:11","modified_gmt":"2022-05-16T16:10:11","slug":"konferans-sehzadenin-oryantalist-donemi-ve-avluda-kadinlar","status":"publish","type":"product","link":"https:\/\/sakipsabancimuzesi.org\/shop\/urun\/kategorilenmemis\/konferans-sehzadenin-oryantalist-donemi-ve-avluda-kadinlar\/","title":{"rendered":"Konferans &#8211; \u015eehzade\u2019nin Oryantalist D\u00f6nemi ve Avluda Kad\u0131nlar"},"content":{"rendered":"<p>Sak\u0131p Sabanc\u0131 M\u00fczesi\u2019nde devam eden \u201c\u015eehzade&#8217;nin S\u0131ra D\u0131\u015f\u0131 D\u00fcnyas\u0131: Abd\u00fclmecid Efendi\u201d sergisi, T\u00fcrkiye sanat tarihinde derin izler b\u0131rakm\u0131\u015f, kendisi de \u00f6nemli bir ressam olan, hat, m\u00fczik ve edebiyat ile de ilgilenen, pek \u00e7ok sanat\u00e7\u0131n\u0131n ve kurumun da hamili\u011fini \u00fcstlenmi\u015f Abd\u00fclmecid Efendi\u2019nin hayat\u0131 ve sanat\u0131na \u0131\u015f\u0131k tutan etkinliklere ev sahipli\u011fi yapmaya devam ediyor. 19.y\u00fczy\u0131l sanat\u0131 ve Oryantalizm \u00fczerine \u00e7al\u0131\u015fmalar\u0131 olan Prof. Dr. Zeynep \u0130nankur, sergi kapsam\u0131nda \u201c<em>\u015eehzade\u2019nin Oryantalist D\u00f6nemi ve Avluda Kad\u0131nlar\u201d<\/em> ba\u015fl\u0131kl\u0131 bir konferans ger\u00e7ekle\u015ftirecek.<\/p>\n<p>\u0130stanbul\u2019da ilk \u00f6zel resim akademisinin kuruldu\u011fu ve resim sergilerinin a\u00e7\u0131ld\u0131\u011f\u0131, yurtd\u0131\u015f\u0131na resim e\u011fitimi i\u00e7in \u00f6\u011frenci yolland\u0131\u011f\u0131 ve Osmanl\u0131 sanat\u00e7\u0131lar\u0131n\u0131n Avrupa\u2019da resim sergilerine kat\u0131ld\u0131\u011f\u0131 bir d\u00f6nemde do\u011fan Abd\u00fclmecid Efendi, Osmanl\u0131 hanedan\u0131n\u0131n sanata en yak\u0131n duran mensubu olarak Me\u015frutiyet d\u00f6neminin sanat ortam\u0131nda etkin bir rol oynam\u0131\u015ft\u0131r. 1909 y\u0131l\u0131nda kurulan Osmanl\u0131 Ressamlar Cemiyeti\u2019nin fahri ba\u015fkanl\u0131\u011f\u0131n\u0131 yapm\u0131\u015f, cemiyetin gazetesinin yay\u0131mlanmas\u0131 i\u00e7in parasal destek vermi\u015f; Galatasaray Sergileri\u2019ne eserleriyle kat\u0131lm\u0131\u015f, 1914 Paris Salonu\u2019na kat\u0131lm\u0131\u015f, 1917 y\u0131l\u0131nda \u015ei\u015fli\u2019de kurulan at\u00f6lyede \u00e7al\u0131\u015fan sanat\u00e7\u0131lar\u0131 desteklemi\u015f; 1918 Viyana Sergisi\u2019ne tablolar\u0131yla kat\u0131lm\u0131\u015f ve d\u00f6neminin ressamlar\u0131 hakk\u0131nda ele\u015ftiriler yazm\u0131\u015ft\u0131r.<\/p>\n<p>Konferans; saray ressamlar\u0131ndan ders alm\u0131\u015f, saray koleksiyonundaki tablolar\u0131n kopyalar\u0131n\u0131 yapm\u0131\u015f ve Bat\u0131l\u0131 sanat yay\u0131nlar\u0131n\u0131 yak\u0131ndan izlemi\u015f olan Abd\u00fclmecid\u2019 Efendi\u2019nin Bat\u0131\u2019daki oryantalist modaya uyarak resmetti\u011fi resimlere ve b\u00fct\u00fcn\u00fcne bak\u0131ld\u0131\u011f\u0131nda bir kolaj etkisi b\u0131rakan, de\u011fi\u015fik sanat\u00e7\u0131lar\u0131n yap\u0131tlar\u0131ndan etkiler ta\u015f\u0131yan <em>Avluda Kad\u0131nlar<\/em>\u2019a (1887-1888) odaklanacakt\u0131r. Abd\u00fclmecid Efendi\u2019nin portreleri, nat\u00fcrmortlar\u0131, manzaralar\u0131, g\u00fcndelik hayat sahneleri, hayvan fig\u00fcrl\u00fc ve tarihi konulu resimleri aras\u0131nda ayk\u0131r\u0131 bir yerde duran bu tablo, yine bu y\u0131llarda yapt\u0131\u011f\u0131 di\u011fer harem kad\u0131n\u0131 tablolar\u0131yla birlikte de\u011ferlendirilecektir.<\/p>\n<p>\u00d6nemli bilgiler:<\/p>\n<p>\u2013 Konferans, Zoom servisi \u00fczerinden ger\u00e7ekle\u015ftirilir. Konferansa kat\u0131l\u0131m linki, kay\u0131t i\u015flemi sonras\u0131 g\u00f6nderilecek e-postada payla\u015f\u0131laca\u011f\u0131 i\u00e7in e-posta adresinizi belirtmeniz gerekmektedir.<\/p>\n<p>\u2013 \u0130nternet ba\u011flant\u0131s\u0131ndan do\u011fabilecek aksakl\u0131k ve ma\u011fduriyetlerden SSM sorumlu de\u011fildir.<\/p>\n<p>\u2013 Kat\u0131l\u0131mc\u0131lar\u0131n, \u00e7evrimi\u00e7i programlar\u0131 veya bu programlar s\u0131ras\u0131nda kullan\u0131lan her t\u00fcrden g\u00f6rsel, i\u015fitsel, yaz\u0131l\u0131 materyali kaydetme, kopyalama, \u00e7o\u011faltma ve \u00fc\u00e7\u00fcnc\u00fc ki\u015filerle payla\u015fma hakk\u0131 yoktur. Aksi davran\u0131\u015flarda yasal sorumluluk kat\u0131l\u0131mc\u0131ya aittir.<\/p>\n<p>Abd\u00fclmecid Efendi at\u00f6lyesinde<br \/>\nMilli Saraylar Koleksiyonu<br \/>\nenv. no 100 &#8211; 843<\/p>\n<p>&nbsp;<\/p>\n<p>\u201c<em>\u015eehzade&#8217;nin S\u0131ra D\u0131\u015f\u0131 D\u00fcnyas\u0131: Abd\u00fclmecid Efendi\u201d <\/em>sergisini Sal\u0131, \u00c7ar\u015famba, Per\u015fembe, Cuma ve Pazar g\u00fcnleri 10.00 \u2013 18.00 aras\u0131, Cumartesi g\u00fcnleri 10.00 \u2013 20.00 aras\u0131 ziyaret edebilirsiniz. Ziyaret bilgileri i\u00e7in <a href=\"https:\/\/sakipsabancimuzesi.org\/ziyaret\">t\u0131klay\u0131n\u0131z.<\/a><\/p>\n","protected":false},"excerpt":{"rendered":"<p>Konu\u015fmac\u0131: Zeynep \u0130nankur<\/p>\n<p>8 Mart Sal\u0131, 16.00<\/p>\n<p>\u00c7evrimi\u00e7i<\/p>\n","protected":false},"featured_media":247696,"template":"","meta":{"_exactmetrics_skip_tracking":false,"_exactmetrics_sitenote_active":false,"_exactmetrics_sitenote_note":"","_exactmetrics_sitenote_category":0},"product_brand":[],"product_cat":[],"product_tag":[441,375,712],"woo-feed-brand":[],"class_list":{"0":"post-247695","1":"product","2":"type-product","3":"status-publish","4":"has-post-thumbnail","6":"product_tag-sergi","7":"product_tag-cevrimici","8":"product_tag-konferans","10":"first","11":"outofstock","12":"virtual","13":"sold-individually","14":"taxable","15":"purchasable","16":"product-type-simple"},"yoast_head":"<!-- This site is optimized with the Yoast SEO plugin v27.1.1 - https:\/\/yoast.com\/product\/yoast-seo-wordpress\/ -->\n<title>Konferans - \u015eehzade\u2019nin Oryantalist D\u00f6nemi ve Avluda Kad\u0131nlar - SSM Shop<\/title>\n<meta name=\"robots\" content=\"index, follow, max-snippet:-1, max-image-preview:large, max-video-preview:-1\" \/>\n<link rel=\"canonical\" href=\"https:\/\/sakipsabancimuzesi.org\/shop\/urun\/egitim-ve-etkinlik\/ogrenme-programlari\/yetiskin-ogrenme-programlari\/konferans-sehzadenin-oryantalist-donemi-ve-avluda-kadinlar\/\" \/>\n<meta property=\"og:locale\" content=\"tr_TR\" \/>\n<meta property=\"og:type\" content=\"article\" \/>\n<meta property=\"og:title\" content=\"Konferans - \u015eehzade\u2019nin Oryantalist D\u00f6nemi ve Avluda Kad\u0131nlar - SSM Shop\" \/>\n<meta property=\"og:description\" content=\"Konu\u015fmac\u0131: Zeynep \u0130nankur  8 Mart Sal\u0131, 16.00  \u00c7evrimi\u00e7i\" \/>\n<meta property=\"og:url\" content=\"https:\/\/sakipsabancimuzesi.org\/shop\/urun\/egitim-ve-etkinlik\/ogrenme-programlari\/yetiskin-ogrenme-programlari\/konferans-sehzadenin-oryantalist-donemi-ve-avluda-kadinlar\/\" \/>\n<meta property=\"og:site_name\" content=\"SSM Shop\" \/>\n<meta property=\"article:publisher\" content=\"https:\/\/www.facebook.com\/SakipSabanciMuzesi\/\" \/>\n<meta property=\"article:modified_time\" content=\"2022-05-16T16:10:11+00:00\" \/>\n<meta property=\"og:image\" content=\"https:\/\/sakipsabancimuzesi.org\/shop\/wp-content\/uploads\/2022\/03\/Konferans_8-mart.jpg\" \/>\n\t<meta property=\"og:image:width\" content=\"1080\" \/>\n\t<meta property=\"og:image:height\" content=\"1080\" \/>\n\t<meta property=\"og:image:type\" content=\"image\/jpeg\" \/>\n<meta name=\"twitter:card\" content=\"summary_large_image\" \/>\n<meta name=\"twitter:label1\" content=\"Tahmini okuma s\u00fcresi\" \/>\n\t<meta name=\"twitter:data1\" content=\"2 dakika\" \/>\n<script type=\"application\/ld+json\" class=\"yoast-schema-graph\">{\"@context\":\"https:\/\/schema.org\",\"@graph\":[{\"@type\":\"WebPage\",\"@id\":\"https:\/\/sakipsabancimuzesi.org\/shop\/urun\/egitim-ve-etkinlik\/ogrenme-programlari\/yetiskin-ogrenme-programlari\/konferans-sehzadenin-oryantalist-donemi-ve-avluda-kadinlar\/\",\"url\":\"https:\/\/sakipsabancimuzesi.org\/shop\/urun\/egitim-ve-etkinlik\/ogrenme-programlari\/yetiskin-ogrenme-programlari\/konferans-sehzadenin-oryantalist-donemi-ve-avluda-kadinlar\/\",\"name\":\"Konferans - \u015eehzade\u2019nin Oryantalist D\u00f6nemi ve Avluda Kad\u0131nlar - SSM Shop\",\"isPartOf\":{\"@id\":\"https:\/\/sakipsabancimuzesi.org\/shop\/#website\"},\"primaryImageOfPage\":{\"@id\":\"https:\/\/sakipsabancimuzesi.org\/shop\/urun\/egitim-ve-etkinlik\/ogrenme-programlari\/yetiskin-ogrenme-programlari\/konferans-sehzadenin-oryantalist-donemi-ve-avluda-kadinlar\/#primaryimage\"},\"image\":{\"@id\":\"https:\/\/sakipsabancimuzesi.org\/shop\/urun\/egitim-ve-etkinlik\/ogrenme-programlari\/yetiskin-ogrenme-programlari\/konferans-sehzadenin-oryantalist-donemi-ve-avluda-kadinlar\/#primaryimage\"},\"thumbnailUrl\":\"https:\/\/sakipsabancimuzesi.org\/shop\/wp-content\/uploads\/2022\/03\/Konferans_8-mart.jpg\",\"datePublished\":\"2022-03-01T14:30:45+00:00\",\"dateModified\":\"2022-05-16T16:10:11+00:00\",\"breadcrumb\":{\"@id\":\"https:\/\/sakipsabancimuzesi.org\/shop\/urun\/egitim-ve-etkinlik\/ogrenme-programlari\/yetiskin-ogrenme-programlari\/konferans-sehzadenin-oryantalist-donemi-ve-avluda-kadinlar\/#breadcrumb\"},\"inLanguage\":\"tr\",\"potentialAction\":[{\"@type\":\"ReadAction\",\"target\":[\"https:\/\/sakipsabancimuzesi.org\/shop\/urun\/egitim-ve-etkinlik\/ogrenme-programlari\/yetiskin-ogrenme-programlari\/konferans-sehzadenin-oryantalist-donemi-ve-avluda-kadinlar\/\"]}]},{\"@type\":\"ImageObject\",\"inLanguage\":\"tr\",\"@id\":\"https:\/\/sakipsabancimuzesi.org\/shop\/urun\/egitim-ve-etkinlik\/ogrenme-programlari\/yetiskin-ogrenme-programlari\/konferans-sehzadenin-oryantalist-donemi-ve-avluda-kadinlar\/#primaryimage\",\"url\":\"https:\/\/sakipsabancimuzesi.org\/shop\/wp-content\/uploads\/2022\/03\/Konferans_8-mart.jpg\",\"contentUrl\":\"https:\/\/sakipsabancimuzesi.org\/shop\/wp-content\/uploads\/2022\/03\/Konferans_8-mart.jpg\",\"width\":1080,\"height\":1080},{\"@type\":\"BreadcrumbList\",\"@id\":\"https:\/\/sakipsabancimuzesi.org\/shop\/urun\/egitim-ve-etkinlik\/ogrenme-programlari\/yetiskin-ogrenme-programlari\/konferans-sehzadenin-oryantalist-donemi-ve-avluda-kadinlar\/#breadcrumb\",\"itemListElement\":[{\"@type\":\"ListItem\",\"position\":1,\"name\":\"Ana sayfa\",\"item\":\"https:\/\/sakipsabancimuzesi.org\/shop\/\"},{\"@type\":\"ListItem\",\"position\":2,\"name\":\"Shop\",\"item\":\"https:\/\/sakipsabancimuzesi.org\/shop\/shop\/\"},{\"@type\":\"ListItem\",\"position\":3,\"name\":\"Konferans &#8211; \u015eehzade\u2019nin Oryantalist D\u00f6nemi ve Avluda Kad\u0131nlar\"}]},{\"@type\":\"WebSite\",\"@id\":\"https:\/\/sakipsabancimuzesi.org\/shop\/#website\",\"url\":\"https:\/\/sakipsabancimuzesi.org\/shop\/\",\"name\":\"SSM Shop\",\"description\":\"Sak\u0131p Sabanc\u0131 M\u00fczesi, Ma\u011faza\",\"publisher\":{\"@id\":\"https:\/\/sakipsabancimuzesi.org\/shop\/#organization\"},\"potentialAction\":[{\"@type\":\"SearchAction\",\"target\":{\"@type\":\"EntryPoint\",\"urlTemplate\":\"https:\/\/sakipsabancimuzesi.org\/shop\/?s={search_term_string}\"},\"query-input\":{\"@type\":\"PropertyValueSpecification\",\"valueRequired\":true,\"valueName\":\"search_term_string\"}}],\"inLanguage\":\"tr\"},{\"@type\":\"Organization\",\"@id\":\"https:\/\/sakipsabancimuzesi.org\/shop\/#organization\",\"name\":\"SSM Shop\",\"url\":\"https:\/\/sakipsabancimuzesi.org\/shop\/\",\"logo\":{\"@type\":\"ImageObject\",\"inLanguage\":\"tr\",\"@id\":\"https:\/\/sakipsabancimuzesi.org\/shop\/#\/schema\/logo\/image\/\",\"url\":\"https:\/\/sakipsabancimuzesi.org\/shop\/wp-content\/uploads\/2019\/11\/logo.png\",\"contentUrl\":\"https:\/\/sakipsabancimuzesi.org\/shop\/wp-content\/uploads\/2019\/11\/logo.png\",\"width\":227,\"height\":87,\"caption\":\"SSM Shop\"},\"image\":{\"@id\":\"https:\/\/sakipsabancimuzesi.org\/shop\/#\/schema\/logo\/image\/\"},\"sameAs\":[\"https:\/\/www.facebook.com\/SakipSabanciMuzesi\/\"]}]}<\/script>\n<!-- \/ Yoast SEO plugin. -->","yoast_head_json":{"title":"Konferans - \u015eehzade\u2019nin Oryantalist D\u00f6nemi ve Avluda Kad\u0131nlar - SSM Shop","robots":{"index":"index","follow":"follow","max-snippet":"max-snippet:-1","max-image-preview":"max-image-preview:large","max-video-preview":"max-video-preview:-1"},"canonical":"https:\/\/sakipsabancimuzesi.org\/shop\/urun\/egitim-ve-etkinlik\/ogrenme-programlari\/yetiskin-ogrenme-programlari\/konferans-sehzadenin-oryantalist-donemi-ve-avluda-kadinlar\/","og_locale":"tr_TR","og_type":"article","og_title":"Konferans - \u015eehzade\u2019nin Oryantalist D\u00f6nemi ve Avluda Kad\u0131nlar - SSM Shop","og_description":"Konu\u015fmac\u0131: Zeynep \u0130nankur  8 Mart Sal\u0131, 16.00  \u00c7evrimi\u00e7i","og_url":"https:\/\/sakipsabancimuzesi.org\/shop\/urun\/egitim-ve-etkinlik\/ogrenme-programlari\/yetiskin-ogrenme-programlari\/konferans-sehzadenin-oryantalist-donemi-ve-avluda-kadinlar\/","og_site_name":"SSM Shop","article_publisher":"https:\/\/www.facebook.com\/SakipSabanciMuzesi\/","article_modified_time":"2022-05-16T16:10:11+00:00","og_image":[{"width":1080,"height":1080,"url":"https:\/\/sakipsabancimuzesi.org\/shop\/wp-content\/uploads\/2022\/03\/Konferans_8-mart.jpg","type":"image\/jpeg"}],"twitter_card":"summary_large_image","twitter_misc":{"Tahmini okuma s\u00fcresi":"2 dakika"},"schema":{"@context":"https:\/\/schema.org","@graph":[{"@type":"WebPage","@id":"https:\/\/sakipsabancimuzesi.org\/shop\/urun\/egitim-ve-etkinlik\/ogrenme-programlari\/yetiskin-ogrenme-programlari\/konferans-sehzadenin-oryantalist-donemi-ve-avluda-kadinlar\/","url":"https:\/\/sakipsabancimuzesi.org\/shop\/urun\/egitim-ve-etkinlik\/ogrenme-programlari\/yetiskin-ogrenme-programlari\/konferans-sehzadenin-oryantalist-donemi-ve-avluda-kadinlar\/","name":"Konferans - \u015eehzade\u2019nin Oryantalist D\u00f6nemi ve Avluda Kad\u0131nlar - SSM Shop","isPartOf":{"@id":"https:\/\/sakipsabancimuzesi.org\/shop\/#website"},"primaryImageOfPage":{"@id":"https:\/\/sakipsabancimuzesi.org\/shop\/urun\/egitim-ve-etkinlik\/ogrenme-programlari\/yetiskin-ogrenme-programlari\/konferans-sehzadenin-oryantalist-donemi-ve-avluda-kadinlar\/#primaryimage"},"image":{"@id":"https:\/\/sakipsabancimuzesi.org\/shop\/urun\/egitim-ve-etkinlik\/ogrenme-programlari\/yetiskin-ogrenme-programlari\/konferans-sehzadenin-oryantalist-donemi-ve-avluda-kadinlar\/#primaryimage"},"thumbnailUrl":"https:\/\/sakipsabancimuzesi.org\/shop\/wp-content\/uploads\/2022\/03\/Konferans_8-mart.jpg","datePublished":"2022-03-01T14:30:45+00:00","dateModified":"2022-05-16T16:10:11+00:00","breadcrumb":{"@id":"https:\/\/sakipsabancimuzesi.org\/shop\/urun\/egitim-ve-etkinlik\/ogrenme-programlari\/yetiskin-ogrenme-programlari\/konferans-sehzadenin-oryantalist-donemi-ve-avluda-kadinlar\/#breadcrumb"},"inLanguage":"tr","potentialAction":[{"@type":"ReadAction","target":["https:\/\/sakipsabancimuzesi.org\/shop\/urun\/egitim-ve-etkinlik\/ogrenme-programlari\/yetiskin-ogrenme-programlari\/konferans-sehzadenin-oryantalist-donemi-ve-avluda-kadinlar\/"]}]},{"@type":"ImageObject","inLanguage":"tr","@id":"https:\/\/sakipsabancimuzesi.org\/shop\/urun\/egitim-ve-etkinlik\/ogrenme-programlari\/yetiskin-ogrenme-programlari\/konferans-sehzadenin-oryantalist-donemi-ve-avluda-kadinlar\/#primaryimage","url":"https:\/\/sakipsabancimuzesi.org\/shop\/wp-content\/uploads\/2022\/03\/Konferans_8-mart.jpg","contentUrl":"https:\/\/sakipsabancimuzesi.org\/shop\/wp-content\/uploads\/2022\/03\/Konferans_8-mart.jpg","width":1080,"height":1080},{"@type":"BreadcrumbList","@id":"https:\/\/sakipsabancimuzesi.org\/shop\/urun\/egitim-ve-etkinlik\/ogrenme-programlari\/yetiskin-ogrenme-programlari\/konferans-sehzadenin-oryantalist-donemi-ve-avluda-kadinlar\/#breadcrumb","itemListElement":[{"@type":"ListItem","position":1,"name":"Ana sayfa","item":"https:\/\/sakipsabancimuzesi.org\/shop\/"},{"@type":"ListItem","position":2,"name":"Shop","item":"https:\/\/sakipsabancimuzesi.org\/shop\/shop\/"},{"@type":"ListItem","position":3,"name":"Konferans &#8211; \u015eehzade\u2019nin Oryantalist D\u00f6nemi ve Avluda Kad\u0131nlar"}]},{"@type":"WebSite","@id":"https:\/\/sakipsabancimuzesi.org\/shop\/#website","url":"https:\/\/sakipsabancimuzesi.org\/shop\/","name":"SSM Shop","description":"Sak\u0131p Sabanc\u0131 M\u00fczesi, Ma\u011faza","publisher":{"@id":"https:\/\/sakipsabancimuzesi.org\/shop\/#organization"},"potentialAction":[{"@type":"SearchAction","target":{"@type":"EntryPoint","urlTemplate":"https:\/\/sakipsabancimuzesi.org\/shop\/?s={search_term_string}"},"query-input":{"@type":"PropertyValueSpecification","valueRequired":true,"valueName":"search_term_string"}}],"inLanguage":"tr"},{"@type":"Organization","@id":"https:\/\/sakipsabancimuzesi.org\/shop\/#organization","name":"SSM Shop","url":"https:\/\/sakipsabancimuzesi.org\/shop\/","logo":{"@type":"ImageObject","inLanguage":"tr","@id":"https:\/\/sakipsabancimuzesi.org\/shop\/#\/schema\/logo\/image\/","url":"https:\/\/sakipsabancimuzesi.org\/shop\/wp-content\/uploads\/2019\/11\/logo.png","contentUrl":"https:\/\/sakipsabancimuzesi.org\/shop\/wp-content\/uploads\/2019\/11\/logo.png","width":227,"height":87,"caption":"SSM Shop"},"image":{"@id":"https:\/\/sakipsabancimuzesi.org\/shop\/#\/schema\/logo\/image\/"},"sameAs":["https:\/\/www.facebook.com\/SakipSabanciMuzesi\/"]}]}},"jetpack_sharing_enabled":true,"_links":{"self":[{"href":"https:\/\/sakipsabancimuzesi.org\/shop\/wp-json\/wp\/v2\/product\/247695","targetHints":{"allow":["GET"]}}],"collection":[{"href":"https:\/\/sakipsabancimuzesi.org\/shop\/wp-json\/wp\/v2\/product"}],"about":[{"href":"https:\/\/sakipsabancimuzesi.org\/shop\/wp-json\/wp\/v2\/types\/product"}],"wp:featuredmedia":[{"embeddable":true,"href":"https:\/\/sakipsabancimuzesi.org\/shop\/wp-json\/wp\/v2\/media\/247696"}],"wp:attachment":[{"href":"https:\/\/sakipsabancimuzesi.org\/shop\/wp-json\/wp\/v2\/media?parent=247695"}],"wp:term":[{"taxonomy":"product_brand","embeddable":true,"href":"https:\/\/sakipsabancimuzesi.org\/shop\/wp-json\/wp\/v2\/product_brand?post=247695"},{"taxonomy":"product_cat","embeddable":true,"href":"https:\/\/sakipsabancimuzesi.org\/shop\/wp-json\/wp\/v2\/product_cat?post=247695"},{"taxonomy":"product_tag","embeddable":true,"href":"https:\/\/sakipsabancimuzesi.org\/shop\/wp-json\/wp\/v2\/product_tag?post=247695"},{"taxonomy":"woo-feed-brand","embeddable":true,"href":"https:\/\/sakipsabancimuzesi.org\/shop\/wp-json\/wp\/v2\/woo-feed-brand?post=247695"}],"curies":[{"name":"wp","href":"https:\/\/api.w.org\/{rel}","templated":true}]}}