{"id":248004,"date":"2022-03-09T18:26:57","date_gmt":"2022-03-09T15:26:57","guid":{"rendered":"https:\/\/sakipsabancimuzesi.org\/shop\/?post_type=product&#038;p=248004"},"modified":"2022-07-28T18:31:18","modified_gmt":"2022-07-28T15:31:18","slug":"19-yuzyil-akimlar-cagi","status":"publish","type":"product","link":"https:\/\/sakipsabancimuzesi.org\/shop\/urun\/kategorilenmemis\/19-yuzyil-akimlar-cagi\/","title":{"rendered":"19. Y\u00fczy\u0131l: Ak\u0131mlar \u00c7a\u011f\u0131"},"content":{"rendered":"<p>SSM \u00d6\u011frenme Programlar\u0131\u2019n\u0131n yeti\u015fkinlere y\u00f6nelik \u00e7evrimi\u00e7i etkinlikleri \u0130stanbul \u00dcniversitesi Genel Sanat Tarihi Anabilim Dal\u0131 \u00f6\u011fretim \u00fcyeleri taraf\u0131ndan ger\u00e7ekle\u015ftirilecek 14 haftal\u0131k \u00e7evrimi\u00e7i sanat tarihi program\u0131yla devam ediyor. Seminer program\u0131nda, bilimsel bir disiplin olarak \u201csanat tarihinin tarihi\u201dnden ba\u015flanarak Bat\u0131 sanat\u0131 tarihindeki \u00fcslup de\u011fi\u015fimleri, erken Orta\u00e7a\u011f d\u00f6neminden 20. y\u00fczy\u0131la de\u011fin b\u00fct\u00fcn a\u015famalar\u0131yla kronolojik bir dizge \u00e7er\u00e7evesinde ele al\u0131nacak.<\/p>\n<p>Program\u0131n bu haftas\u0131nda Do\u00e7. Dr. Simge \u00d6zer P\u0131narba\u015f\u0131 \u201c19. Y\u00fczy\u0131l: Ak\u0131mlar \u00c7a\u011f\u0131\u201d ba\u015fl\u0131kl\u0131 semineri ger\u00e7ekle\u015ftirecek. Romantizm ve Realizm ak\u0131mlar\u0131n\u0131n ele al\u0131naca\u011f\u0131 seminerde, Avrupa&#8217;n\u0131n de\u011fi\u015fik \u00fclkelerinden Gericault, Delacroix, Caspar David Friedrich, Francisco Goya gibi Romantik sanat\u00e7\u0131lar\u0131n ve Daumier, Courbet, Millet gibi Realist sanat\u00e7\u0131lar\u0131n yap\u0131tlar\u0131 incelenecek.<\/p>\n<p>&nbsp;<\/p>\n<p>\u00d6nemli bilgiler:<\/p>\n<p>&#8211; Seminer, Zoom servisi \u00fczerinden ger\u00e7ekle\u015ftirilir. Seminere kat\u0131l\u0131m linki, sat\u0131n alma i\u015flemi sonras\u0131 g\u00f6nderilecek e-postada payla\u015f\u0131laca\u011f\u0131 i\u00e7in e-posta adresinizi belirtmeniz gerekmektedir.<\/p>\n<p>&#8211; Kay\u0131t \u00fccreti, tek haftay\u0131 kapsar. 14 haftal\u0131k programdan diledi\u011finiz haftalara tekil olarak kay\u0131t olabilirsiniz.<\/p>\n<p>&#8211; Program sonunda kat\u0131l\u0131m belgesi verilir.<\/p>\n<p>&#8211; \u0130nternet ba\u011flant\u0131s\u0131ndan do\u011fabilecek aksakl\u0131k ve ma\u011fduriyetlerden SSM sorumlu de\u011fildir.<\/p>\n<p>&#8211; Kat\u0131l\u0131mc\u0131lar\u0131n ki\u015fisel sebeplerle seminere kat\u0131lamamas\u0131 durumunda \u00fccret iadesi veya de\u011fi\u015fiklik yap\u0131lmaz.<\/p>\n<p>&#8211; Kay\u0131tl\u0131 oldu\u011funuz bir seminere kat\u0131lamaman\u0131z halinde, semineri 5 g\u00fcn s\u00fcreyle videodan izleme hakk\u0131 tan\u0131mlan\u0131r.<\/p>\n<p>&#8211; Kat\u0131l\u0131mc\u0131lar\u0131n, \u00e7evrimi\u00e7i programlar\u0131 veya bu programlar s\u0131ras\u0131nda kullan\u0131lan her t\u00fcrden g\u00f6rsel, i\u015fitsel, yaz\u0131l\u0131 materyali kaydetme, kopyalama, \u00e7o\u011faltma ve \u00fc\u00e7\u00fcnc\u00fc ki\u015filerle payla\u015fma hakk\u0131 yoktur. Aksi davran\u0131\u015flarda yasal sorumluluk kat\u0131l\u0131mc\u0131ya aittir.<\/p>\n","protected":false},"excerpt":{"rendered":"<p>Konu\u015fmac\u0131: Simge \u00d6zer P\u0131narba\u015f\u0131<\/p>\n<p>28 May\u0131s 2022, Cumartesi<\/p>\n<p>10:00-12:00<\/p>\n<p>\u00c7evrimi\u00e7i<\/p>\n","protected":false},"featured_media":247991,"template":"","meta":{"_exactmetrics_skip_tracking":false,"_exactmetrics_sitenote_active":false,"_exactmetrics_sitenote_note":"","_exactmetrics_sitenote_category":0},"product_brand":[],"product_cat":[],"product_tag":[375,425,705,426,373],"woo-feed-brand":[],"class_list":{"0":"post-248004","1":"product","2":"type-product","3":"status-publish","4":"has-post-thumbnail","6":"product_tag-cevrimici","7":"product_tag-ogrenme","8":"product_tag-sanattarihi","9":"product_tag-seminer","10":"product_tag-yetiskin","12":"first","13":"outofstock","14":"virtual","15":"taxable","16":"purchasable","17":"product-type-simple"},"yoast_head":"<!-- This site is optimized with the Yoast SEO plugin v27.1.1 - https:\/\/yoast.com\/product\/yoast-seo-wordpress\/ -->\n<title>19. Y\u00fczy\u0131l: Ak\u0131mlar \u00c7a\u011f\u0131 - SSM Shop<\/title>\n<meta name=\"robots\" content=\"index, follow, max-snippet:-1, max-image-preview:large, max-video-preview:-1\" \/>\n<link rel=\"canonical\" href=\"https:\/\/sakipsabancimuzesi.org\/shop\/urun\/egitim-ve-etkinlik\/ogrenme-programlari\/yetiskin-ogrenme-programlari\/19-yuzyil-akimlar-cagi\/\" \/>\n<meta property=\"og:locale\" content=\"tr_TR\" \/>\n<meta property=\"og:type\" content=\"article\" \/>\n<meta property=\"og:title\" content=\"19. Y\u00fczy\u0131l: Ak\u0131mlar \u00c7a\u011f\u0131 - SSM Shop\" \/>\n<meta property=\"og:description\" content=\"Konu\u015fmac\u0131: Simge \u00d6zer P\u0131narba\u015f\u0131  28 May\u0131s 2022, Cumartesi  10:00-12:00  \u00c7evrimi\u00e7i\" \/>\n<meta property=\"og:url\" content=\"https:\/\/sakipsabancimuzesi.org\/shop\/urun\/egitim-ve-etkinlik\/ogrenme-programlari\/yetiskin-ogrenme-programlari\/19-yuzyil-akimlar-cagi\/\" \/>\n<meta property=\"og:site_name\" content=\"SSM Shop\" \/>\n<meta property=\"article:publisher\" content=\"https:\/\/www.facebook.com\/SakipSabanciMuzesi\/\" \/>\n<meta property=\"article:modified_time\" content=\"2022-07-28T15:31:18+00:00\" \/>\n<meta property=\"og:image\" content=\"https:\/\/sakipsabancimuzesi.org\/shop\/wp-content\/uploads\/2022\/03\/SSM_YETISKIN-EGITIMLERI_10.jpg\" \/>\n\t<meta property=\"og:image:width\" content=\"1080\" \/>\n\t<meta property=\"og:image:height\" content=\"1080\" \/>\n\t<meta property=\"og:image:type\" content=\"image\/jpeg\" \/>\n<meta name=\"twitter:card\" content=\"summary_large_image\" \/>\n<meta name=\"twitter:label1\" content=\"Tahmini okuma s\u00fcresi\" \/>\n\t<meta name=\"twitter:data1\" content=\"1 dakika\" \/>\n<script type=\"application\/ld+json\" class=\"yoast-schema-graph\">{\"@context\":\"https:\/\/schema.org\",\"@graph\":[{\"@type\":\"WebPage\",\"@id\":\"https:\/\/sakipsabancimuzesi.org\/shop\/urun\/egitim-ve-etkinlik\/ogrenme-programlari\/yetiskin-ogrenme-programlari\/19-yuzyil-akimlar-cagi\/\",\"url\":\"https:\/\/sakipsabancimuzesi.org\/shop\/urun\/egitim-ve-etkinlik\/ogrenme-programlari\/yetiskin-ogrenme-programlari\/19-yuzyil-akimlar-cagi\/\",\"name\":\"19. Y\u00fczy\u0131l: Ak\u0131mlar \u00c7a\u011f\u0131 - SSM Shop\",\"isPartOf\":{\"@id\":\"https:\/\/sakipsabancimuzesi.org\/shop\/#website\"},\"primaryImageOfPage\":{\"@id\":\"https:\/\/sakipsabancimuzesi.org\/shop\/urun\/egitim-ve-etkinlik\/ogrenme-programlari\/yetiskin-ogrenme-programlari\/19-yuzyil-akimlar-cagi\/#primaryimage\"},\"image\":{\"@id\":\"https:\/\/sakipsabancimuzesi.org\/shop\/urun\/egitim-ve-etkinlik\/ogrenme-programlari\/yetiskin-ogrenme-programlari\/19-yuzyil-akimlar-cagi\/#primaryimage\"},\"thumbnailUrl\":\"https:\/\/sakipsabancimuzesi.org\/shop\/wp-content\/uploads\/2022\/03\/SSM_YETISKIN-EGITIMLERI_10.jpg\",\"datePublished\":\"2022-03-09T15:26:57+00:00\",\"dateModified\":\"2022-07-28T15:31:18+00:00\",\"breadcrumb\":{\"@id\":\"https:\/\/sakipsabancimuzesi.org\/shop\/urun\/egitim-ve-etkinlik\/ogrenme-programlari\/yetiskin-ogrenme-programlari\/19-yuzyil-akimlar-cagi\/#breadcrumb\"},\"inLanguage\":\"tr\",\"potentialAction\":[{\"@type\":\"ReadAction\",\"target\":[\"https:\/\/sakipsabancimuzesi.org\/shop\/urun\/egitim-ve-etkinlik\/ogrenme-programlari\/yetiskin-ogrenme-programlari\/19-yuzyil-akimlar-cagi\/\"]}]},{\"@type\":\"ImageObject\",\"inLanguage\":\"tr\",\"@id\":\"https:\/\/sakipsabancimuzesi.org\/shop\/urun\/egitim-ve-etkinlik\/ogrenme-programlari\/yetiskin-ogrenme-programlari\/19-yuzyil-akimlar-cagi\/#primaryimage\",\"url\":\"https:\/\/sakipsabancimuzesi.org\/shop\/wp-content\/uploads\/2022\/03\/SSM_YETISKIN-EGITIMLERI_10.jpg\",\"contentUrl\":\"https:\/\/sakipsabancimuzesi.org\/shop\/wp-content\/uploads\/2022\/03\/SSM_YETISKIN-EGITIMLERI_10.jpg\",\"width\":1080,\"height\":1080},{\"@type\":\"BreadcrumbList\",\"@id\":\"https:\/\/sakipsabancimuzesi.org\/shop\/urun\/egitim-ve-etkinlik\/ogrenme-programlari\/yetiskin-ogrenme-programlari\/19-yuzyil-akimlar-cagi\/#breadcrumb\",\"itemListElement\":[{\"@type\":\"ListItem\",\"position\":1,\"name\":\"Ana sayfa\",\"item\":\"https:\/\/sakipsabancimuzesi.org\/shop\/\"},{\"@type\":\"ListItem\",\"position\":2,\"name\":\"Shop\",\"item\":\"https:\/\/sakipsabancimuzesi.org\/shop\/shop\/\"},{\"@type\":\"ListItem\",\"position\":3,\"name\":\"19. Y\u00fczy\u0131l: Ak\u0131mlar \u00c7a\u011f\u0131\"}]},{\"@type\":\"WebSite\",\"@id\":\"https:\/\/sakipsabancimuzesi.org\/shop\/#website\",\"url\":\"https:\/\/sakipsabancimuzesi.org\/shop\/\",\"name\":\"SSM Shop\",\"description\":\"Sak\u0131p Sabanc\u0131 M\u00fczesi, Ma\u011faza\",\"publisher\":{\"@id\":\"https:\/\/sakipsabancimuzesi.org\/shop\/#organization\"},\"potentialAction\":[{\"@type\":\"SearchAction\",\"target\":{\"@type\":\"EntryPoint\",\"urlTemplate\":\"https:\/\/sakipsabancimuzesi.org\/shop\/?s={search_term_string}\"},\"query-input\":{\"@type\":\"PropertyValueSpecification\",\"valueRequired\":true,\"valueName\":\"search_term_string\"}}],\"inLanguage\":\"tr\"},{\"@type\":\"Organization\",\"@id\":\"https:\/\/sakipsabancimuzesi.org\/shop\/#organization\",\"name\":\"SSM Shop\",\"url\":\"https:\/\/sakipsabancimuzesi.org\/shop\/\",\"logo\":{\"@type\":\"ImageObject\",\"inLanguage\":\"tr\",\"@id\":\"https:\/\/sakipsabancimuzesi.org\/shop\/#\/schema\/logo\/image\/\",\"url\":\"https:\/\/sakipsabancimuzesi.org\/shop\/wp-content\/uploads\/2019\/11\/logo.png\",\"contentUrl\":\"https:\/\/sakipsabancimuzesi.org\/shop\/wp-content\/uploads\/2019\/11\/logo.png\",\"width\":227,\"height\":87,\"caption\":\"SSM Shop\"},\"image\":{\"@id\":\"https:\/\/sakipsabancimuzesi.org\/shop\/#\/schema\/logo\/image\/\"},\"sameAs\":[\"https:\/\/www.facebook.com\/SakipSabanciMuzesi\/\"]}]}<\/script>\n<!-- \/ Yoast SEO plugin. -->","yoast_head_json":{"title":"19. Y\u00fczy\u0131l: Ak\u0131mlar \u00c7a\u011f\u0131 - SSM Shop","robots":{"index":"index","follow":"follow","max-snippet":"max-snippet:-1","max-image-preview":"max-image-preview:large","max-video-preview":"max-video-preview:-1"},"canonical":"https:\/\/sakipsabancimuzesi.org\/shop\/urun\/egitim-ve-etkinlik\/ogrenme-programlari\/yetiskin-ogrenme-programlari\/19-yuzyil-akimlar-cagi\/","og_locale":"tr_TR","og_type":"article","og_title":"19. Y\u00fczy\u0131l: Ak\u0131mlar \u00c7a\u011f\u0131 - SSM Shop","og_description":"Konu\u015fmac\u0131: Simge \u00d6zer P\u0131narba\u015f\u0131  28 May\u0131s 2022, Cumartesi  10:00-12:00  \u00c7evrimi\u00e7i","og_url":"https:\/\/sakipsabancimuzesi.org\/shop\/urun\/egitim-ve-etkinlik\/ogrenme-programlari\/yetiskin-ogrenme-programlari\/19-yuzyil-akimlar-cagi\/","og_site_name":"SSM Shop","article_publisher":"https:\/\/www.facebook.com\/SakipSabanciMuzesi\/","article_modified_time":"2022-07-28T15:31:18+00:00","og_image":[{"width":1080,"height":1080,"url":"https:\/\/sakipsabancimuzesi.org\/shop\/wp-content\/uploads\/2022\/03\/SSM_YETISKIN-EGITIMLERI_10.jpg","type":"image\/jpeg"}],"twitter_card":"summary_large_image","twitter_misc":{"Tahmini okuma s\u00fcresi":"1 dakika"},"schema":{"@context":"https:\/\/schema.org","@graph":[{"@type":"WebPage","@id":"https:\/\/sakipsabancimuzesi.org\/shop\/urun\/egitim-ve-etkinlik\/ogrenme-programlari\/yetiskin-ogrenme-programlari\/19-yuzyil-akimlar-cagi\/","url":"https:\/\/sakipsabancimuzesi.org\/shop\/urun\/egitim-ve-etkinlik\/ogrenme-programlari\/yetiskin-ogrenme-programlari\/19-yuzyil-akimlar-cagi\/","name":"19. Y\u00fczy\u0131l: Ak\u0131mlar \u00c7a\u011f\u0131 - SSM Shop","isPartOf":{"@id":"https:\/\/sakipsabancimuzesi.org\/shop\/#website"},"primaryImageOfPage":{"@id":"https:\/\/sakipsabancimuzesi.org\/shop\/urun\/egitim-ve-etkinlik\/ogrenme-programlari\/yetiskin-ogrenme-programlari\/19-yuzyil-akimlar-cagi\/#primaryimage"},"image":{"@id":"https:\/\/sakipsabancimuzesi.org\/shop\/urun\/egitim-ve-etkinlik\/ogrenme-programlari\/yetiskin-ogrenme-programlari\/19-yuzyil-akimlar-cagi\/#primaryimage"},"thumbnailUrl":"https:\/\/sakipsabancimuzesi.org\/shop\/wp-content\/uploads\/2022\/03\/SSM_YETISKIN-EGITIMLERI_10.jpg","datePublished":"2022-03-09T15:26:57+00:00","dateModified":"2022-07-28T15:31:18+00:00","breadcrumb":{"@id":"https:\/\/sakipsabancimuzesi.org\/shop\/urun\/egitim-ve-etkinlik\/ogrenme-programlari\/yetiskin-ogrenme-programlari\/19-yuzyil-akimlar-cagi\/#breadcrumb"},"inLanguage":"tr","potentialAction":[{"@type":"ReadAction","target":["https:\/\/sakipsabancimuzesi.org\/shop\/urun\/egitim-ve-etkinlik\/ogrenme-programlari\/yetiskin-ogrenme-programlari\/19-yuzyil-akimlar-cagi\/"]}]},{"@type":"ImageObject","inLanguage":"tr","@id":"https:\/\/sakipsabancimuzesi.org\/shop\/urun\/egitim-ve-etkinlik\/ogrenme-programlari\/yetiskin-ogrenme-programlari\/19-yuzyil-akimlar-cagi\/#primaryimage","url":"https:\/\/sakipsabancimuzesi.org\/shop\/wp-content\/uploads\/2022\/03\/SSM_YETISKIN-EGITIMLERI_10.jpg","contentUrl":"https:\/\/sakipsabancimuzesi.org\/shop\/wp-content\/uploads\/2022\/03\/SSM_YETISKIN-EGITIMLERI_10.jpg","width":1080,"height":1080},{"@type":"BreadcrumbList","@id":"https:\/\/sakipsabancimuzesi.org\/shop\/urun\/egitim-ve-etkinlik\/ogrenme-programlari\/yetiskin-ogrenme-programlari\/19-yuzyil-akimlar-cagi\/#breadcrumb","itemListElement":[{"@type":"ListItem","position":1,"name":"Ana sayfa","item":"https:\/\/sakipsabancimuzesi.org\/shop\/"},{"@type":"ListItem","position":2,"name":"Shop","item":"https:\/\/sakipsabancimuzesi.org\/shop\/shop\/"},{"@type":"ListItem","position":3,"name":"19. Y\u00fczy\u0131l: Ak\u0131mlar \u00c7a\u011f\u0131"}]},{"@type":"WebSite","@id":"https:\/\/sakipsabancimuzesi.org\/shop\/#website","url":"https:\/\/sakipsabancimuzesi.org\/shop\/","name":"SSM Shop","description":"Sak\u0131p Sabanc\u0131 M\u00fczesi, Ma\u011faza","publisher":{"@id":"https:\/\/sakipsabancimuzesi.org\/shop\/#organization"},"potentialAction":[{"@type":"SearchAction","target":{"@type":"EntryPoint","urlTemplate":"https:\/\/sakipsabancimuzesi.org\/shop\/?s={search_term_string}"},"query-input":{"@type":"PropertyValueSpecification","valueRequired":true,"valueName":"search_term_string"}}],"inLanguage":"tr"},{"@type":"Organization","@id":"https:\/\/sakipsabancimuzesi.org\/shop\/#organization","name":"SSM Shop","url":"https:\/\/sakipsabancimuzesi.org\/shop\/","logo":{"@type":"ImageObject","inLanguage":"tr","@id":"https:\/\/sakipsabancimuzesi.org\/shop\/#\/schema\/logo\/image\/","url":"https:\/\/sakipsabancimuzesi.org\/shop\/wp-content\/uploads\/2019\/11\/logo.png","contentUrl":"https:\/\/sakipsabancimuzesi.org\/shop\/wp-content\/uploads\/2019\/11\/logo.png","width":227,"height":87,"caption":"SSM Shop"},"image":{"@id":"https:\/\/sakipsabancimuzesi.org\/shop\/#\/schema\/logo\/image\/"},"sameAs":["https:\/\/www.facebook.com\/SakipSabanciMuzesi\/"]}]}},"jetpack_sharing_enabled":true,"_links":{"self":[{"href":"https:\/\/sakipsabancimuzesi.org\/shop\/wp-json\/wp\/v2\/product\/248004","targetHints":{"allow":["GET"]}}],"collection":[{"href":"https:\/\/sakipsabancimuzesi.org\/shop\/wp-json\/wp\/v2\/product"}],"about":[{"href":"https:\/\/sakipsabancimuzesi.org\/shop\/wp-json\/wp\/v2\/types\/product"}],"wp:featuredmedia":[{"embeddable":true,"href":"https:\/\/sakipsabancimuzesi.org\/shop\/wp-json\/wp\/v2\/media\/247991"}],"wp:attachment":[{"href":"https:\/\/sakipsabancimuzesi.org\/shop\/wp-json\/wp\/v2\/media?parent=248004"}],"wp:term":[{"taxonomy":"product_brand","embeddable":true,"href":"https:\/\/sakipsabancimuzesi.org\/shop\/wp-json\/wp\/v2\/product_brand?post=248004"},{"taxonomy":"product_cat","embeddable":true,"href":"https:\/\/sakipsabancimuzesi.org\/shop\/wp-json\/wp\/v2\/product_cat?post=248004"},{"taxonomy":"product_tag","embeddable":true,"href":"https:\/\/sakipsabancimuzesi.org\/shop\/wp-json\/wp\/v2\/product_tag?post=248004"},{"taxonomy":"woo-feed-brand","embeddable":true,"href":"https:\/\/sakipsabancimuzesi.org\/shop\/wp-json\/wp\/v2\/woo-feed-brand?post=248004"}],"curies":[{"name":"wp","href":"https:\/\/api.w.org\/{rel}","templated":true}]}}