{"id":248006,"date":"2022-03-09T18:44:49","date_gmt":"2022-03-09T15:44:49","guid":{"rendered":"https:\/\/sakipsabancimuzesi.org\/shop\/?post_type=product&#038;p=248006"},"modified":"2022-07-28T18:31:05","modified_gmt":"2022-07-28T15:31:05","slug":"bicim-anlam-ve-yapiyi-bozmak-i-kubizm-futurizm","status":"publish","type":"product","link":"https:\/\/sakipsabancimuzesi.org\/shop\/urun\/kategorilenmemis\/bicim-anlam-ve-yapiyi-bozmak-i-kubizm-futurizm\/","title":{"rendered":"Bi\u00e7im, Anlam ve Yap\u0131y\u0131 Bozmak (I): K\u00fcbizm &#8211; F\u00fct\u00fcrizm"},"content":{"rendered":"<p>SSM \u00d6\u011frenme Programlar\u0131\u2019n\u0131n yeti\u015fkinlere y\u00f6nelik \u00e7evrimi\u00e7i etkinlikleri \u0130stanbul \u00dcniversitesi Genel Sanat Tarihi Anabilim Dal\u0131 \u00f6\u011fretim \u00fcyeleri taraf\u0131ndan ger\u00e7ekle\u015ftirilecek 14 haftal\u0131k \u00e7evrimi\u00e7i sanat tarihi program\u0131yla devam ediyor. Seminer program\u0131nda, bilimsel bir disiplin olarak \u201csanat tarihinin tarihi\u201dnden ba\u015flanarak Bat\u0131 sanat\u0131 tarihindeki \u00fcslup de\u011fi\u015fimleri, erken Orta\u00e7a\u011f d\u00f6neminden 20. y\u00fczy\u0131la de\u011fin b\u00fct\u00fcn a\u015famalar\u0131yla kronolojik bir dizge \u00e7er\u00e7evesinde ele al\u0131nacak.<\/p>\n<p>Program\u0131n bu haftas\u0131nda Do\u00e7. Dr. Seda Yavuz \u201cBi\u00e7im, Anlam ve Yap\u0131y\u0131 Bozmak (I): K\u00fcbizm &#8211; F\u00fct\u00fcrizm\u201d ba\u015fl\u0131kl\u0131 semineri ger\u00e7ekle\u015ftirecek. Bi\u00e7imsel anlamda 19. y\u00fczy\u0131lda ba\u015flayan ve \u00f6zellikle C\u00e8zanne\u2019\u0131n geometrik indirgeme \u00f6nerisiyle birlikte doru\u011fa ula\u015fan yeni yakla\u015f\u0131mlar K\u00fcbizm ak\u0131m\u0131nda g\u00f6r\u00fcl\u00fcr. Seminerde, Picasso, Braque ve Gris\u2019den \u00f6rnekler ile K\u00fcbizm ak\u0131m\u0131 ele al\u0131nacak. Heykelde Lipchitz ve Laurens\u2019in bi\u00e7imlendirmeleri ak\u0131m\u0131n, Afrika masklar\u0131ndan ve rit\u00fcel nesnelerinden etkilenmelerini anlamaya yard\u0131mc\u0131 olacak. Barok d\u00f6nemden sonra sanatsal \u00fcretimde \u00e7ok etkin olmayan \u0130talya\u2019n\u0131n h\u0131z, zaman ve hareketi \u00f6nc\u00fclleyerek olu\u015fturdu\u011fu resim ve heykeller F\u00fct\u00fcrizm\u2019i irdelerken \u00f6nc\u00fc rol alacak. Resim, heykel ve m\u00fczik manifestolar\u0131na da bak\u0131larak f\u00fct\u00fcrist sanat\u00e7\u0131lar\u0131n ama\u00e7lad\u0131klar\u0131 ve ula\u015ft\u0131klar\u0131 sonu\u00e7lar\u0131n tart\u0131\u015f\u0131laca\u011f\u0131 seminerde, f\u00fct\u00fcrist m\u00fczik ve sinema \u00f6rnekleri de yukar\u0131da bahsedilen kavramlarla ili\u015fkilendirilerek \u00e7\u00f6z\u00fcmlemelere gidilecek.<\/p>\n<p>&nbsp;<\/p>\n<p>\u00d6nemli bilgiler:<\/p>\n<p>&#8211; Seminer, Zoom servisi \u00fczerinden ger\u00e7ekle\u015ftirilir. Seminere kat\u0131l\u0131m linki, sat\u0131n alma i\u015flemi sonras\u0131 g\u00f6nderilecek e-postada payla\u015f\u0131laca\u011f\u0131 i\u00e7in e-posta adresinizi belirtmeniz gerekmektedir.<\/p>\n<p>&#8211; Kay\u0131t \u00fccreti, tek haftay\u0131 kapsar. 14 haftal\u0131k programdan diledi\u011finiz haftalara tekil olarak kay\u0131t olabilirsiniz.<\/p>\n<p>&#8211; Program sonunda kat\u0131l\u0131m belgesi verilir.<\/p>\n<p>&#8211; \u0130nternet ba\u011flant\u0131s\u0131ndan do\u011fabilecek aksakl\u0131k ve ma\u011fduriyetlerden SSM sorumlu de\u011fildir.<\/p>\n<p>&#8211; Kat\u0131l\u0131mc\u0131lar\u0131n ki\u015fisel sebeplerle seminere kat\u0131lamamas\u0131 durumunda \u00fccret iadesi veya de\u011fi\u015fiklik yap\u0131lmaz.<\/p>\n<p>&#8211; Kay\u0131tl\u0131 oldu\u011funuz bir seminere kat\u0131lamaman\u0131z halinde, semineri 5 g\u00fcn s\u00fcreyle videodan izleme hakk\u0131 tan\u0131mlan\u0131r.<\/p>\n<p>&#8211; Kat\u0131l\u0131mc\u0131lar\u0131n, \u00e7evrimi\u00e7i programlar\u0131 veya bu programlar s\u0131ras\u0131nda kullan\u0131lan her t\u00fcrden g\u00f6rsel, i\u015fitsel, yaz\u0131l\u0131 materyali kaydetme, kopyalama, \u00e7o\u011faltma ve \u00fc\u00e7\u00fcnc\u00fc ki\u015filerle payla\u015fma hakk\u0131 yoktur. Aksi davran\u0131\u015flarda yasal sorumluluk kat\u0131l\u0131mc\u0131ya aittir.<\/p>\n","protected":false},"excerpt":{"rendered":"<p>Konu\u015fmac\u0131: Seda Yavuz<\/p>\n<p>11 Haziran 2022, Cumartesi<\/p>\n<p>10:00-12:00<\/p>\n<p>\u00c7evrimi\u00e7i<\/p>\n","protected":false},"featured_media":247993,"template":"","meta":{"_exactmetrics_skip_tracking":false,"_exactmetrics_sitenote_active":false,"_exactmetrics_sitenote_note":"","_exactmetrics_sitenote_category":0},"product_brand":[],"product_cat":[],"product_tag":[375,425,705,426,373],"woo-feed-brand":[],"class_list":{"0":"post-248006","1":"product","2":"type-product","3":"status-publish","4":"has-post-thumbnail","6":"product_tag-cevrimici","7":"product_tag-ogrenme","8":"product_tag-sanattarihi","9":"product_tag-seminer","10":"product_tag-yetiskin","12":"first","13":"outofstock","14":"virtual","15":"taxable","16":"purchasable","17":"product-type-simple"},"yoast_head":"<!-- This site is optimized with the Yoast SEO plugin v27.1.1 - https:\/\/yoast.com\/product\/yoast-seo-wordpress\/ -->\n<title>Bi\u00e7im, Anlam ve Yap\u0131y\u0131 Bozmak (I): K\u00fcbizm - F\u00fct\u00fcrizm - SSM Shop<\/title>\n<meta name=\"robots\" content=\"index, follow, max-snippet:-1, max-image-preview:large, max-video-preview:-1\" \/>\n<link rel=\"canonical\" href=\"https:\/\/sakipsabancimuzesi.org\/shop\/urun\/egitim-ve-etkinlik\/ogrenme-programlari\/yetiskin-ogrenme-programlari\/bicim-anlam-ve-yapiyi-bozmak-i-kubizm-futurizm\/\" \/>\n<meta property=\"og:locale\" content=\"tr_TR\" \/>\n<meta property=\"og:type\" content=\"article\" \/>\n<meta property=\"og:title\" content=\"Bi\u00e7im, Anlam ve Yap\u0131y\u0131 Bozmak (I): K\u00fcbizm - F\u00fct\u00fcrizm - SSM Shop\" \/>\n<meta property=\"og:description\" content=\"Konu\u015fmac\u0131: Seda Yavuz  11 Haziran 2022, Cumartesi  10:00-12:00  \u00c7evrimi\u00e7i\" \/>\n<meta property=\"og:url\" content=\"https:\/\/sakipsabancimuzesi.org\/shop\/urun\/egitim-ve-etkinlik\/ogrenme-programlari\/yetiskin-ogrenme-programlari\/bicim-anlam-ve-yapiyi-bozmak-i-kubizm-futurizm\/\" \/>\n<meta property=\"og:site_name\" content=\"SSM Shop\" \/>\n<meta property=\"article:publisher\" content=\"https:\/\/www.facebook.com\/SakipSabanciMuzesi\/\" \/>\n<meta property=\"article:modified_time\" content=\"2022-07-28T15:31:05+00:00\" \/>\n<meta property=\"og:image\" content=\"https:\/\/sakipsabancimuzesi.org\/shop\/wp-content\/uploads\/2022\/03\/SSM_YETISKIN-EGITIMLERI_12.jpg\" \/>\n\t<meta property=\"og:image:width\" content=\"1080\" \/>\n\t<meta property=\"og:image:height\" content=\"1080\" \/>\n\t<meta property=\"og:image:type\" content=\"image\/jpeg\" \/>\n<meta name=\"twitter:card\" content=\"summary_large_image\" \/>\n<meta name=\"twitter:label1\" content=\"Tahmini okuma s\u00fcresi\" \/>\n\t<meta name=\"twitter:data1\" content=\"2 dakika\" \/>\n<script type=\"application\/ld+json\" class=\"yoast-schema-graph\">{\"@context\":\"https:\/\/schema.org\",\"@graph\":[{\"@type\":\"WebPage\",\"@id\":\"https:\/\/sakipsabancimuzesi.org\/shop\/urun\/egitim-ve-etkinlik\/ogrenme-programlari\/yetiskin-ogrenme-programlari\/bicim-anlam-ve-yapiyi-bozmak-i-kubizm-futurizm\/\",\"url\":\"https:\/\/sakipsabancimuzesi.org\/shop\/urun\/egitim-ve-etkinlik\/ogrenme-programlari\/yetiskin-ogrenme-programlari\/bicim-anlam-ve-yapiyi-bozmak-i-kubizm-futurizm\/\",\"name\":\"Bi\u00e7im, Anlam ve Yap\u0131y\u0131 Bozmak (I): K\u00fcbizm - F\u00fct\u00fcrizm - SSM Shop\",\"isPartOf\":{\"@id\":\"https:\/\/sakipsabancimuzesi.org\/shop\/#website\"},\"primaryImageOfPage\":{\"@id\":\"https:\/\/sakipsabancimuzesi.org\/shop\/urun\/egitim-ve-etkinlik\/ogrenme-programlari\/yetiskin-ogrenme-programlari\/bicim-anlam-ve-yapiyi-bozmak-i-kubizm-futurizm\/#primaryimage\"},\"image\":{\"@id\":\"https:\/\/sakipsabancimuzesi.org\/shop\/urun\/egitim-ve-etkinlik\/ogrenme-programlari\/yetiskin-ogrenme-programlari\/bicim-anlam-ve-yapiyi-bozmak-i-kubizm-futurizm\/#primaryimage\"},\"thumbnailUrl\":\"https:\/\/sakipsabancimuzesi.org\/shop\/wp-content\/uploads\/2022\/03\/SSM_YETISKIN-EGITIMLERI_12.jpg\",\"datePublished\":\"2022-03-09T15:44:49+00:00\",\"dateModified\":\"2022-07-28T15:31:05+00:00\",\"breadcrumb\":{\"@id\":\"https:\/\/sakipsabancimuzesi.org\/shop\/urun\/egitim-ve-etkinlik\/ogrenme-programlari\/yetiskin-ogrenme-programlari\/bicim-anlam-ve-yapiyi-bozmak-i-kubizm-futurizm\/#breadcrumb\"},\"inLanguage\":\"tr\",\"potentialAction\":[{\"@type\":\"ReadAction\",\"target\":[\"https:\/\/sakipsabancimuzesi.org\/shop\/urun\/egitim-ve-etkinlik\/ogrenme-programlari\/yetiskin-ogrenme-programlari\/bicim-anlam-ve-yapiyi-bozmak-i-kubizm-futurizm\/\"]}]},{\"@type\":\"ImageObject\",\"inLanguage\":\"tr\",\"@id\":\"https:\/\/sakipsabancimuzesi.org\/shop\/urun\/egitim-ve-etkinlik\/ogrenme-programlari\/yetiskin-ogrenme-programlari\/bicim-anlam-ve-yapiyi-bozmak-i-kubizm-futurizm\/#primaryimage\",\"url\":\"https:\/\/sakipsabancimuzesi.org\/shop\/wp-content\/uploads\/2022\/03\/SSM_YETISKIN-EGITIMLERI_12.jpg\",\"contentUrl\":\"https:\/\/sakipsabancimuzesi.org\/shop\/wp-content\/uploads\/2022\/03\/SSM_YETISKIN-EGITIMLERI_12.jpg\",\"width\":1080,\"height\":1080},{\"@type\":\"BreadcrumbList\",\"@id\":\"https:\/\/sakipsabancimuzesi.org\/shop\/urun\/egitim-ve-etkinlik\/ogrenme-programlari\/yetiskin-ogrenme-programlari\/bicim-anlam-ve-yapiyi-bozmak-i-kubizm-futurizm\/#breadcrumb\",\"itemListElement\":[{\"@type\":\"ListItem\",\"position\":1,\"name\":\"Ana sayfa\",\"item\":\"https:\/\/sakipsabancimuzesi.org\/shop\/\"},{\"@type\":\"ListItem\",\"position\":2,\"name\":\"Shop\",\"item\":\"https:\/\/sakipsabancimuzesi.org\/shop\/shop\/\"},{\"@type\":\"ListItem\",\"position\":3,\"name\":\"Bi\u00e7im, Anlam ve Yap\u0131y\u0131 Bozmak (I): K\u00fcbizm &#8211; F\u00fct\u00fcrizm\"}]},{\"@type\":\"WebSite\",\"@id\":\"https:\/\/sakipsabancimuzesi.org\/shop\/#website\",\"url\":\"https:\/\/sakipsabancimuzesi.org\/shop\/\",\"name\":\"SSM Shop\",\"description\":\"Sak\u0131p Sabanc\u0131 M\u00fczesi, Ma\u011faza\",\"publisher\":{\"@id\":\"https:\/\/sakipsabancimuzesi.org\/shop\/#organization\"},\"potentialAction\":[{\"@type\":\"SearchAction\",\"target\":{\"@type\":\"EntryPoint\",\"urlTemplate\":\"https:\/\/sakipsabancimuzesi.org\/shop\/?s={search_term_string}\"},\"query-input\":{\"@type\":\"PropertyValueSpecification\",\"valueRequired\":true,\"valueName\":\"search_term_string\"}}],\"inLanguage\":\"tr\"},{\"@type\":\"Organization\",\"@id\":\"https:\/\/sakipsabancimuzesi.org\/shop\/#organization\",\"name\":\"SSM Shop\",\"url\":\"https:\/\/sakipsabancimuzesi.org\/shop\/\",\"logo\":{\"@type\":\"ImageObject\",\"inLanguage\":\"tr\",\"@id\":\"https:\/\/sakipsabancimuzesi.org\/shop\/#\/schema\/logo\/image\/\",\"url\":\"https:\/\/sakipsabancimuzesi.org\/shop\/wp-content\/uploads\/2019\/11\/logo.png\",\"contentUrl\":\"https:\/\/sakipsabancimuzesi.org\/shop\/wp-content\/uploads\/2019\/11\/logo.png\",\"width\":227,\"height\":87,\"caption\":\"SSM Shop\"},\"image\":{\"@id\":\"https:\/\/sakipsabancimuzesi.org\/shop\/#\/schema\/logo\/image\/\"},\"sameAs\":[\"https:\/\/www.facebook.com\/SakipSabanciMuzesi\/\"]}]}<\/script>\n<!-- \/ Yoast SEO plugin. -->","yoast_head_json":{"title":"Bi\u00e7im, Anlam ve Yap\u0131y\u0131 Bozmak (I): K\u00fcbizm - F\u00fct\u00fcrizm - SSM Shop","robots":{"index":"index","follow":"follow","max-snippet":"max-snippet:-1","max-image-preview":"max-image-preview:large","max-video-preview":"max-video-preview:-1"},"canonical":"https:\/\/sakipsabancimuzesi.org\/shop\/urun\/egitim-ve-etkinlik\/ogrenme-programlari\/yetiskin-ogrenme-programlari\/bicim-anlam-ve-yapiyi-bozmak-i-kubizm-futurizm\/","og_locale":"tr_TR","og_type":"article","og_title":"Bi\u00e7im, Anlam ve Yap\u0131y\u0131 Bozmak (I): K\u00fcbizm - F\u00fct\u00fcrizm - SSM Shop","og_description":"Konu\u015fmac\u0131: Seda Yavuz  11 Haziran 2022, Cumartesi  10:00-12:00  \u00c7evrimi\u00e7i","og_url":"https:\/\/sakipsabancimuzesi.org\/shop\/urun\/egitim-ve-etkinlik\/ogrenme-programlari\/yetiskin-ogrenme-programlari\/bicim-anlam-ve-yapiyi-bozmak-i-kubizm-futurizm\/","og_site_name":"SSM Shop","article_publisher":"https:\/\/www.facebook.com\/SakipSabanciMuzesi\/","article_modified_time":"2022-07-28T15:31:05+00:00","og_image":[{"width":1080,"height":1080,"url":"https:\/\/sakipsabancimuzesi.org\/shop\/wp-content\/uploads\/2022\/03\/SSM_YETISKIN-EGITIMLERI_12.jpg","type":"image\/jpeg"}],"twitter_card":"summary_large_image","twitter_misc":{"Tahmini okuma s\u00fcresi":"2 dakika"},"schema":{"@context":"https:\/\/schema.org","@graph":[{"@type":"WebPage","@id":"https:\/\/sakipsabancimuzesi.org\/shop\/urun\/egitim-ve-etkinlik\/ogrenme-programlari\/yetiskin-ogrenme-programlari\/bicim-anlam-ve-yapiyi-bozmak-i-kubizm-futurizm\/","url":"https:\/\/sakipsabancimuzesi.org\/shop\/urun\/egitim-ve-etkinlik\/ogrenme-programlari\/yetiskin-ogrenme-programlari\/bicim-anlam-ve-yapiyi-bozmak-i-kubizm-futurizm\/","name":"Bi\u00e7im, Anlam ve Yap\u0131y\u0131 Bozmak (I): K\u00fcbizm - F\u00fct\u00fcrizm - SSM Shop","isPartOf":{"@id":"https:\/\/sakipsabancimuzesi.org\/shop\/#website"},"primaryImageOfPage":{"@id":"https:\/\/sakipsabancimuzesi.org\/shop\/urun\/egitim-ve-etkinlik\/ogrenme-programlari\/yetiskin-ogrenme-programlari\/bicim-anlam-ve-yapiyi-bozmak-i-kubizm-futurizm\/#primaryimage"},"image":{"@id":"https:\/\/sakipsabancimuzesi.org\/shop\/urun\/egitim-ve-etkinlik\/ogrenme-programlari\/yetiskin-ogrenme-programlari\/bicim-anlam-ve-yapiyi-bozmak-i-kubizm-futurizm\/#primaryimage"},"thumbnailUrl":"https:\/\/sakipsabancimuzesi.org\/shop\/wp-content\/uploads\/2022\/03\/SSM_YETISKIN-EGITIMLERI_12.jpg","datePublished":"2022-03-09T15:44:49+00:00","dateModified":"2022-07-28T15:31:05+00:00","breadcrumb":{"@id":"https:\/\/sakipsabancimuzesi.org\/shop\/urun\/egitim-ve-etkinlik\/ogrenme-programlari\/yetiskin-ogrenme-programlari\/bicim-anlam-ve-yapiyi-bozmak-i-kubizm-futurizm\/#breadcrumb"},"inLanguage":"tr","potentialAction":[{"@type":"ReadAction","target":["https:\/\/sakipsabancimuzesi.org\/shop\/urun\/egitim-ve-etkinlik\/ogrenme-programlari\/yetiskin-ogrenme-programlari\/bicim-anlam-ve-yapiyi-bozmak-i-kubizm-futurizm\/"]}]},{"@type":"ImageObject","inLanguage":"tr","@id":"https:\/\/sakipsabancimuzesi.org\/shop\/urun\/egitim-ve-etkinlik\/ogrenme-programlari\/yetiskin-ogrenme-programlari\/bicim-anlam-ve-yapiyi-bozmak-i-kubizm-futurizm\/#primaryimage","url":"https:\/\/sakipsabancimuzesi.org\/shop\/wp-content\/uploads\/2022\/03\/SSM_YETISKIN-EGITIMLERI_12.jpg","contentUrl":"https:\/\/sakipsabancimuzesi.org\/shop\/wp-content\/uploads\/2022\/03\/SSM_YETISKIN-EGITIMLERI_12.jpg","width":1080,"height":1080},{"@type":"BreadcrumbList","@id":"https:\/\/sakipsabancimuzesi.org\/shop\/urun\/egitim-ve-etkinlik\/ogrenme-programlari\/yetiskin-ogrenme-programlari\/bicim-anlam-ve-yapiyi-bozmak-i-kubizm-futurizm\/#breadcrumb","itemListElement":[{"@type":"ListItem","position":1,"name":"Ana sayfa","item":"https:\/\/sakipsabancimuzesi.org\/shop\/"},{"@type":"ListItem","position":2,"name":"Shop","item":"https:\/\/sakipsabancimuzesi.org\/shop\/shop\/"},{"@type":"ListItem","position":3,"name":"Bi\u00e7im, Anlam ve Yap\u0131y\u0131 Bozmak (I): K\u00fcbizm &#8211; F\u00fct\u00fcrizm"}]},{"@type":"WebSite","@id":"https:\/\/sakipsabancimuzesi.org\/shop\/#website","url":"https:\/\/sakipsabancimuzesi.org\/shop\/","name":"SSM Shop","description":"Sak\u0131p Sabanc\u0131 M\u00fczesi, Ma\u011faza","publisher":{"@id":"https:\/\/sakipsabancimuzesi.org\/shop\/#organization"},"potentialAction":[{"@type":"SearchAction","target":{"@type":"EntryPoint","urlTemplate":"https:\/\/sakipsabancimuzesi.org\/shop\/?s={search_term_string}"},"query-input":{"@type":"PropertyValueSpecification","valueRequired":true,"valueName":"search_term_string"}}],"inLanguage":"tr"},{"@type":"Organization","@id":"https:\/\/sakipsabancimuzesi.org\/shop\/#organization","name":"SSM Shop","url":"https:\/\/sakipsabancimuzesi.org\/shop\/","logo":{"@type":"ImageObject","inLanguage":"tr","@id":"https:\/\/sakipsabancimuzesi.org\/shop\/#\/schema\/logo\/image\/","url":"https:\/\/sakipsabancimuzesi.org\/shop\/wp-content\/uploads\/2019\/11\/logo.png","contentUrl":"https:\/\/sakipsabancimuzesi.org\/shop\/wp-content\/uploads\/2019\/11\/logo.png","width":227,"height":87,"caption":"SSM Shop"},"image":{"@id":"https:\/\/sakipsabancimuzesi.org\/shop\/#\/schema\/logo\/image\/"},"sameAs":["https:\/\/www.facebook.com\/SakipSabanciMuzesi\/"]}]}},"jetpack_sharing_enabled":true,"_links":{"self":[{"href":"https:\/\/sakipsabancimuzesi.org\/shop\/wp-json\/wp\/v2\/product\/248006","targetHints":{"allow":["GET"]}}],"collection":[{"href":"https:\/\/sakipsabancimuzesi.org\/shop\/wp-json\/wp\/v2\/product"}],"about":[{"href":"https:\/\/sakipsabancimuzesi.org\/shop\/wp-json\/wp\/v2\/types\/product"}],"wp:featuredmedia":[{"embeddable":true,"href":"https:\/\/sakipsabancimuzesi.org\/shop\/wp-json\/wp\/v2\/media\/247993"}],"wp:attachment":[{"href":"https:\/\/sakipsabancimuzesi.org\/shop\/wp-json\/wp\/v2\/media?parent=248006"}],"wp:term":[{"taxonomy":"product_brand","embeddable":true,"href":"https:\/\/sakipsabancimuzesi.org\/shop\/wp-json\/wp\/v2\/product_brand?post=248006"},{"taxonomy":"product_cat","embeddable":true,"href":"https:\/\/sakipsabancimuzesi.org\/shop\/wp-json\/wp\/v2\/product_cat?post=248006"},{"taxonomy":"product_tag","embeddable":true,"href":"https:\/\/sakipsabancimuzesi.org\/shop\/wp-json\/wp\/v2\/product_tag?post=248006"},{"taxonomy":"woo-feed-brand","embeddable":true,"href":"https:\/\/sakipsabancimuzesi.org\/shop\/wp-json\/wp\/v2\/woo-feed-brand?post=248006"}],"curies":[{"name":"wp","href":"https:\/\/api.w.org\/{rel}","templated":true}]}}