{"id":248199,"date":"2022-03-21T17:25:18","date_gmt":"2022-03-21T14:25:18","guid":{"rendered":"https:\/\/sakipsabancimuzesi.org\/shop\/?post_type=product&#038;p=248199"},"modified":"2022-04-04T12:32:01","modified_gmt":"2022-04-04T09:32:01","slug":"pusetli-aileler-muzede-doku-avi-mary-adshead-18-36-ay-2","status":"publish","type":"product","link":"https:\/\/sakipsabancimuzesi.org\/shop\/urun\/kategorilenmemis\/pusetli-aileler-muzede-doku-avi-mary-adshead-18-36-ay-2\/","title":{"rendered":"Pusetli Aileler: M\u00fczede Doku Av\u0131 &#8211; Mary Adshead (18-36 Ay)"},"content":{"rendered":"<p>\u0130ngiliz ressam ve tasar\u0131mc\u0131 Mary Adshead\u2019in eserlerinden hareketle haz\u0131rlanan at\u00f6lyede duyusal oyunlarla \u00e7ocuklarla farkl\u0131 giysileri ke\u015ffedecek ve m\u00fczede doku av\u0131na \u00e7\u0131kaca\u011f\u0131z. Boyama istasyonunda ise \u00e7ocuklar farkl\u0131 giysileri diledikleri gibi renklerine kavu\u015fturacaklar.<\/p>\n<p>Tasarlayan ve uygulayan:<span style=\"font-weight: 400\"> At\u00f6lye Pikolo<\/span><\/p>\n<p>\u00d6nemli Bilgiler:<\/p>\n<ul>\n<li><span style=\"font-weight: 400\">At\u00f6lye malzemelerini SSM sa\u011flar.\u00a0<\/span><\/li>\n<li style=\"font-weight: 400\"><span style=\"font-weight: 400\">At\u00f6lyeye kat\u0131l\u0131m kapasitesi s\u0131n\u0131rl\u0131d\u0131r. At\u00f6lye bileti 1 \u00e7ocuk ve 1 yeti\u015fkini kapsar. 1 yeti\u015fkinin e\u015flik etmesi zorunludur.<\/span><\/li>\n<li style=\"font-weight: 400\">Kat\u0131l\u0131mc\u0131lar\u0131n ki\u015fisel sebeplerle at\u00f6lyeye kat\u0131lamamas\u0131 durumunda \u00fccret iadesi veya de\u011fi\u015fiklik taleplerinin i\u015fleme al\u0131nabilmesi i\u00e7in kat\u0131lamayacaklar\u0131 at\u00f6lye tarihinden en az 2 g\u00fcn \u00f6nce talep olu\u015fturmu\u015f olmalar\u0131 gerekir. Kat\u0131l\u0131m sa\u011flanmam\u0131\u015f at\u00f6lyeler i\u00e7in at\u00f6lye tarihinden sonra olu\u015fturulan taleplerde \u00fccret iadesi veya de\u011fi\u015fiklik yap\u0131lmaz.<\/li>\n<li style=\"font-weight: 400\">At\u00f6lye \u00e7ocuk at\u00f6lyesinde sosyal mesafe kurallar\u0131na uygun \u015fekilde ger\u00e7ekle\u015ftirilecektir. At\u00f6lye kat\u0131l\u0131mc\u0131lar\u0131n\u0131n maske kullanmas\u0131 zorunludur. Rahat k\u0131yafetler giyilmesi \u00f6nerilir.<\/li>\n<li style=\"font-weight: 400\">Pandemi tedbirleri kapsam\u0131nda M\u00fcze ziyaretleriniz ve MSA Restoran ile the Seed giri\u015flerinde foto\u011frafl\u0131 kimli\u011finizle birlikte, HES kodu sorgulamas\u0131 zorunlu olacakt\u0131r. HES kodu ibraz etmeyen misafirlerimizin giri\u015f kabulleri yap\u0131lamayacakt\u0131r.<\/li>\n<\/ul>\n<p>&nbsp;<\/p>\n","protected":false},"excerpt":{"rendered":"<p>29 Mart Sal\u0131<\/p>\n<p>11.00 &#8211; 12.00, Sera At\u00f6lye<\/p>\n","protected":false},"featured_media":248200,"template":"","meta":{"_exactmetrics_skip_tracking":false,"_exactmetrics_sitenote_active":false,"_exactmetrics_sitenote_note":"","_exactmetrics_sitenote_category":0},"product_brand":[],"product_cat":[],"product_tag":[618,255,253,619,373],"woo-feed-brand":[],"class_list":{"0":"post-248199","1":"product","2":"type-product","3":"status-publish","4":"has-post-thumbnail","6":"product_tag-aile","7":"product_tag-atolye","8":"product_tag-cocuk","9":"product_tag-pusetli-aileler","10":"product_tag-yetiskin","12":"first","13":"outofstock","14":"virtual","15":"taxable","16":"purchasable","17":"product-type-simple"},"yoast_head":"<!-- This site is optimized with the Yoast SEO plugin v27.1.1 - https:\/\/yoast.com\/product\/yoast-seo-wordpress\/ -->\n<title>Pusetli Aileler: M\u00fczede Doku Av\u0131 - Mary Adshead (18-36 Ay) - SSM Shop<\/title>\n<meta name=\"robots\" content=\"index, follow, max-snippet:-1, max-image-preview:large, max-video-preview:-1\" \/>\n<link rel=\"canonical\" href=\"https:\/\/sakipsabancimuzesi.org\/shop\/urun\/egitim-ve-etkinlik\/ogrenme-programlari\/cocuk-ogrenme-programlari\/pusetli-aileler-muzede-doku-avi-mary-adshead-18-36-ay-2\/\" \/>\n<meta property=\"og:locale\" content=\"tr_TR\" \/>\n<meta property=\"og:type\" content=\"article\" \/>\n<meta property=\"og:title\" content=\"Pusetli Aileler: M\u00fczede Doku Av\u0131 - Mary Adshead (18-36 Ay) - SSM Shop\" \/>\n<meta property=\"og:description\" content=\"29 Mart Sal\u0131  11.00 - 12.00, Sera At\u00f6lye\" \/>\n<meta property=\"og:url\" content=\"https:\/\/sakipsabancimuzesi.org\/shop\/urun\/egitim-ve-etkinlik\/ogrenme-programlari\/cocuk-ogrenme-programlari\/pusetli-aileler-muzede-doku-avi-mary-adshead-18-36-ay-2\/\" \/>\n<meta property=\"og:site_name\" content=\"SSM Shop\" \/>\n<meta property=\"article:publisher\" content=\"https:\/\/www.facebook.com\/SakipSabanciMuzesi\/\" \/>\n<meta property=\"article:modified_time\" content=\"2022-04-04T09:32:01+00:00\" \/>\n<meta property=\"og:image\" content=\"https:\/\/sakipsabancimuzesi.org\/shop\/wp-content\/uploads\/2022\/03\/29-mart-pusetliler.jpeg\" \/>\n\t<meta property=\"og:image:width\" content=\"1080\" \/>\n\t<meta property=\"og:image:height\" content=\"1080\" \/>\n\t<meta property=\"og:image:type\" content=\"image\/jpeg\" \/>\n<meta name=\"twitter:card\" content=\"summary_large_image\" \/>\n<meta name=\"twitter:label1\" content=\"Tahmini okuma s\u00fcresi\" \/>\n\t<meta name=\"twitter:data1\" content=\"1 dakika\" \/>\n<script type=\"application\/ld+json\" class=\"yoast-schema-graph\">{\"@context\":\"https:\/\/schema.org\",\"@graph\":[{\"@type\":\"WebPage\",\"@id\":\"https:\/\/sakipsabancimuzesi.org\/shop\/urun\/egitim-ve-etkinlik\/ogrenme-programlari\/cocuk-ogrenme-programlari\/pusetli-aileler-muzede-doku-avi-mary-adshead-18-36-ay-2\/\",\"url\":\"https:\/\/sakipsabancimuzesi.org\/shop\/urun\/egitim-ve-etkinlik\/ogrenme-programlari\/cocuk-ogrenme-programlari\/pusetli-aileler-muzede-doku-avi-mary-adshead-18-36-ay-2\/\",\"name\":\"Pusetli Aileler: M\u00fczede Doku Av\u0131 - Mary Adshead (18-36 Ay) - SSM Shop\",\"isPartOf\":{\"@id\":\"https:\/\/sakipsabancimuzesi.org\/shop\/#website\"},\"primaryImageOfPage\":{\"@id\":\"https:\/\/sakipsabancimuzesi.org\/shop\/urun\/egitim-ve-etkinlik\/ogrenme-programlari\/cocuk-ogrenme-programlari\/pusetli-aileler-muzede-doku-avi-mary-adshead-18-36-ay-2\/#primaryimage\"},\"image\":{\"@id\":\"https:\/\/sakipsabancimuzesi.org\/shop\/urun\/egitim-ve-etkinlik\/ogrenme-programlari\/cocuk-ogrenme-programlari\/pusetli-aileler-muzede-doku-avi-mary-adshead-18-36-ay-2\/#primaryimage\"},\"thumbnailUrl\":\"https:\/\/sakipsabancimuzesi.org\/shop\/wp-content\/uploads\/2022\/03\/29-mart-pusetliler.jpeg\",\"datePublished\":\"2022-03-21T14:25:18+00:00\",\"dateModified\":\"2022-04-04T09:32:01+00:00\",\"breadcrumb\":{\"@id\":\"https:\/\/sakipsabancimuzesi.org\/shop\/urun\/egitim-ve-etkinlik\/ogrenme-programlari\/cocuk-ogrenme-programlari\/pusetli-aileler-muzede-doku-avi-mary-adshead-18-36-ay-2\/#breadcrumb\"},\"inLanguage\":\"tr\",\"potentialAction\":[{\"@type\":\"ReadAction\",\"target\":[\"https:\/\/sakipsabancimuzesi.org\/shop\/urun\/egitim-ve-etkinlik\/ogrenme-programlari\/cocuk-ogrenme-programlari\/pusetli-aileler-muzede-doku-avi-mary-adshead-18-36-ay-2\/\"]}]},{\"@type\":\"ImageObject\",\"inLanguage\":\"tr\",\"@id\":\"https:\/\/sakipsabancimuzesi.org\/shop\/urun\/egitim-ve-etkinlik\/ogrenme-programlari\/cocuk-ogrenme-programlari\/pusetli-aileler-muzede-doku-avi-mary-adshead-18-36-ay-2\/#primaryimage\",\"url\":\"https:\/\/sakipsabancimuzesi.org\/shop\/wp-content\/uploads\/2022\/03\/29-mart-pusetliler.jpeg\",\"contentUrl\":\"https:\/\/sakipsabancimuzesi.org\/shop\/wp-content\/uploads\/2022\/03\/29-mart-pusetliler.jpeg\",\"width\":1080,\"height\":1080},{\"@type\":\"BreadcrumbList\",\"@id\":\"https:\/\/sakipsabancimuzesi.org\/shop\/urun\/egitim-ve-etkinlik\/ogrenme-programlari\/cocuk-ogrenme-programlari\/pusetli-aileler-muzede-doku-avi-mary-adshead-18-36-ay-2\/#breadcrumb\",\"itemListElement\":[{\"@type\":\"ListItem\",\"position\":1,\"name\":\"Ana sayfa\",\"item\":\"https:\/\/sakipsabancimuzesi.org\/shop\/\"},{\"@type\":\"ListItem\",\"position\":2,\"name\":\"Shop\",\"item\":\"https:\/\/sakipsabancimuzesi.org\/shop\/shop\/\"},{\"@type\":\"ListItem\",\"position\":3,\"name\":\"Pusetli Aileler: M\u00fczede Doku Av\u0131 &#8211; Mary Adshead (18-36 Ay)\"}]},{\"@type\":\"WebSite\",\"@id\":\"https:\/\/sakipsabancimuzesi.org\/shop\/#website\",\"url\":\"https:\/\/sakipsabancimuzesi.org\/shop\/\",\"name\":\"SSM Shop\",\"description\":\"Sak\u0131p Sabanc\u0131 M\u00fczesi, Ma\u011faza\",\"publisher\":{\"@id\":\"https:\/\/sakipsabancimuzesi.org\/shop\/#organization\"},\"potentialAction\":[{\"@type\":\"SearchAction\",\"target\":{\"@type\":\"EntryPoint\",\"urlTemplate\":\"https:\/\/sakipsabancimuzesi.org\/shop\/?s={search_term_string}\"},\"query-input\":{\"@type\":\"PropertyValueSpecification\",\"valueRequired\":true,\"valueName\":\"search_term_string\"}}],\"inLanguage\":\"tr\"},{\"@type\":\"Organization\",\"@id\":\"https:\/\/sakipsabancimuzesi.org\/shop\/#organization\",\"name\":\"SSM Shop\",\"url\":\"https:\/\/sakipsabancimuzesi.org\/shop\/\",\"logo\":{\"@type\":\"ImageObject\",\"inLanguage\":\"tr\",\"@id\":\"https:\/\/sakipsabancimuzesi.org\/shop\/#\/schema\/logo\/image\/\",\"url\":\"https:\/\/sakipsabancimuzesi.org\/shop\/wp-content\/uploads\/2019\/11\/logo.png\",\"contentUrl\":\"https:\/\/sakipsabancimuzesi.org\/shop\/wp-content\/uploads\/2019\/11\/logo.png\",\"width\":227,\"height\":87,\"caption\":\"SSM Shop\"},\"image\":{\"@id\":\"https:\/\/sakipsabancimuzesi.org\/shop\/#\/schema\/logo\/image\/\"},\"sameAs\":[\"https:\/\/www.facebook.com\/SakipSabanciMuzesi\/\"]}]}<\/script>\n<!-- \/ Yoast SEO plugin. -->","yoast_head_json":{"title":"Pusetli Aileler: M\u00fczede Doku Av\u0131 - Mary Adshead (18-36 Ay) - SSM Shop","robots":{"index":"index","follow":"follow","max-snippet":"max-snippet:-1","max-image-preview":"max-image-preview:large","max-video-preview":"max-video-preview:-1"},"canonical":"https:\/\/sakipsabancimuzesi.org\/shop\/urun\/egitim-ve-etkinlik\/ogrenme-programlari\/cocuk-ogrenme-programlari\/pusetli-aileler-muzede-doku-avi-mary-adshead-18-36-ay-2\/","og_locale":"tr_TR","og_type":"article","og_title":"Pusetli Aileler: M\u00fczede Doku Av\u0131 - Mary Adshead (18-36 Ay) - SSM Shop","og_description":"29 Mart Sal\u0131  11.00 - 12.00, Sera At\u00f6lye","og_url":"https:\/\/sakipsabancimuzesi.org\/shop\/urun\/egitim-ve-etkinlik\/ogrenme-programlari\/cocuk-ogrenme-programlari\/pusetli-aileler-muzede-doku-avi-mary-adshead-18-36-ay-2\/","og_site_name":"SSM Shop","article_publisher":"https:\/\/www.facebook.com\/SakipSabanciMuzesi\/","article_modified_time":"2022-04-04T09:32:01+00:00","og_image":[{"width":1080,"height":1080,"url":"https:\/\/sakipsabancimuzesi.org\/shop\/wp-content\/uploads\/2022\/03\/29-mart-pusetliler.jpeg","type":"image\/jpeg"}],"twitter_card":"summary_large_image","twitter_misc":{"Tahmini okuma s\u00fcresi":"1 dakika"},"schema":{"@context":"https:\/\/schema.org","@graph":[{"@type":"WebPage","@id":"https:\/\/sakipsabancimuzesi.org\/shop\/urun\/egitim-ve-etkinlik\/ogrenme-programlari\/cocuk-ogrenme-programlari\/pusetli-aileler-muzede-doku-avi-mary-adshead-18-36-ay-2\/","url":"https:\/\/sakipsabancimuzesi.org\/shop\/urun\/egitim-ve-etkinlik\/ogrenme-programlari\/cocuk-ogrenme-programlari\/pusetli-aileler-muzede-doku-avi-mary-adshead-18-36-ay-2\/","name":"Pusetli Aileler: M\u00fczede Doku Av\u0131 - Mary Adshead (18-36 Ay) - SSM Shop","isPartOf":{"@id":"https:\/\/sakipsabancimuzesi.org\/shop\/#website"},"primaryImageOfPage":{"@id":"https:\/\/sakipsabancimuzesi.org\/shop\/urun\/egitim-ve-etkinlik\/ogrenme-programlari\/cocuk-ogrenme-programlari\/pusetli-aileler-muzede-doku-avi-mary-adshead-18-36-ay-2\/#primaryimage"},"image":{"@id":"https:\/\/sakipsabancimuzesi.org\/shop\/urun\/egitim-ve-etkinlik\/ogrenme-programlari\/cocuk-ogrenme-programlari\/pusetli-aileler-muzede-doku-avi-mary-adshead-18-36-ay-2\/#primaryimage"},"thumbnailUrl":"https:\/\/sakipsabancimuzesi.org\/shop\/wp-content\/uploads\/2022\/03\/29-mart-pusetliler.jpeg","datePublished":"2022-03-21T14:25:18+00:00","dateModified":"2022-04-04T09:32:01+00:00","breadcrumb":{"@id":"https:\/\/sakipsabancimuzesi.org\/shop\/urun\/egitim-ve-etkinlik\/ogrenme-programlari\/cocuk-ogrenme-programlari\/pusetli-aileler-muzede-doku-avi-mary-adshead-18-36-ay-2\/#breadcrumb"},"inLanguage":"tr","potentialAction":[{"@type":"ReadAction","target":["https:\/\/sakipsabancimuzesi.org\/shop\/urun\/egitim-ve-etkinlik\/ogrenme-programlari\/cocuk-ogrenme-programlari\/pusetli-aileler-muzede-doku-avi-mary-adshead-18-36-ay-2\/"]}]},{"@type":"ImageObject","inLanguage":"tr","@id":"https:\/\/sakipsabancimuzesi.org\/shop\/urun\/egitim-ve-etkinlik\/ogrenme-programlari\/cocuk-ogrenme-programlari\/pusetli-aileler-muzede-doku-avi-mary-adshead-18-36-ay-2\/#primaryimage","url":"https:\/\/sakipsabancimuzesi.org\/shop\/wp-content\/uploads\/2022\/03\/29-mart-pusetliler.jpeg","contentUrl":"https:\/\/sakipsabancimuzesi.org\/shop\/wp-content\/uploads\/2022\/03\/29-mart-pusetliler.jpeg","width":1080,"height":1080},{"@type":"BreadcrumbList","@id":"https:\/\/sakipsabancimuzesi.org\/shop\/urun\/egitim-ve-etkinlik\/ogrenme-programlari\/cocuk-ogrenme-programlari\/pusetli-aileler-muzede-doku-avi-mary-adshead-18-36-ay-2\/#breadcrumb","itemListElement":[{"@type":"ListItem","position":1,"name":"Ana sayfa","item":"https:\/\/sakipsabancimuzesi.org\/shop\/"},{"@type":"ListItem","position":2,"name":"Shop","item":"https:\/\/sakipsabancimuzesi.org\/shop\/shop\/"},{"@type":"ListItem","position":3,"name":"Pusetli Aileler: M\u00fczede Doku Av\u0131 &#8211; Mary Adshead (18-36 Ay)"}]},{"@type":"WebSite","@id":"https:\/\/sakipsabancimuzesi.org\/shop\/#website","url":"https:\/\/sakipsabancimuzesi.org\/shop\/","name":"SSM Shop","description":"Sak\u0131p Sabanc\u0131 M\u00fczesi, Ma\u011faza","publisher":{"@id":"https:\/\/sakipsabancimuzesi.org\/shop\/#organization"},"potentialAction":[{"@type":"SearchAction","target":{"@type":"EntryPoint","urlTemplate":"https:\/\/sakipsabancimuzesi.org\/shop\/?s={search_term_string}"},"query-input":{"@type":"PropertyValueSpecification","valueRequired":true,"valueName":"search_term_string"}}],"inLanguage":"tr"},{"@type":"Organization","@id":"https:\/\/sakipsabancimuzesi.org\/shop\/#organization","name":"SSM Shop","url":"https:\/\/sakipsabancimuzesi.org\/shop\/","logo":{"@type":"ImageObject","inLanguage":"tr","@id":"https:\/\/sakipsabancimuzesi.org\/shop\/#\/schema\/logo\/image\/","url":"https:\/\/sakipsabancimuzesi.org\/shop\/wp-content\/uploads\/2019\/11\/logo.png","contentUrl":"https:\/\/sakipsabancimuzesi.org\/shop\/wp-content\/uploads\/2019\/11\/logo.png","width":227,"height":87,"caption":"SSM Shop"},"image":{"@id":"https:\/\/sakipsabancimuzesi.org\/shop\/#\/schema\/logo\/image\/"},"sameAs":["https:\/\/www.facebook.com\/SakipSabanciMuzesi\/"]}]}},"jetpack_sharing_enabled":true,"_links":{"self":[{"href":"https:\/\/sakipsabancimuzesi.org\/shop\/wp-json\/wp\/v2\/product\/248199","targetHints":{"allow":["GET"]}}],"collection":[{"href":"https:\/\/sakipsabancimuzesi.org\/shop\/wp-json\/wp\/v2\/product"}],"about":[{"href":"https:\/\/sakipsabancimuzesi.org\/shop\/wp-json\/wp\/v2\/types\/product"}],"wp:featuredmedia":[{"embeddable":true,"href":"https:\/\/sakipsabancimuzesi.org\/shop\/wp-json\/wp\/v2\/media\/248200"}],"wp:attachment":[{"href":"https:\/\/sakipsabancimuzesi.org\/shop\/wp-json\/wp\/v2\/media?parent=248199"}],"wp:term":[{"taxonomy":"product_brand","embeddable":true,"href":"https:\/\/sakipsabancimuzesi.org\/shop\/wp-json\/wp\/v2\/product_brand?post=248199"},{"taxonomy":"product_cat","embeddable":true,"href":"https:\/\/sakipsabancimuzesi.org\/shop\/wp-json\/wp\/v2\/product_cat?post=248199"},{"taxonomy":"product_tag","embeddable":true,"href":"https:\/\/sakipsabancimuzesi.org\/shop\/wp-json\/wp\/v2\/product_tag?post=248199"},{"taxonomy":"woo-feed-brand","embeddable":true,"href":"https:\/\/sakipsabancimuzesi.org\/shop\/wp-json\/wp\/v2\/woo-feed-brand?post=248199"}],"curies":[{"name":"wp","href":"https:\/\/api.w.org\/{rel}","templated":true}]}}