{"id":248256,"date":"2022-03-24T10:38:51","date_gmt":"2022-03-24T07:38:51","guid":{"rendered":"https:\/\/sakipsabancimuzesi.org\/shop\/?post_type=product&#038;p=248256"},"modified":"2022-03-26T00:31:25","modified_gmt":"2022-03-25T21:31:25","slug":"cocuk-atolyeleri-2022-yelkenler-fora-3-5-yas","status":"publish","type":"product","link":"https:\/\/sakipsabancimuzesi.org\/shop\/urun\/kategorilenmemis\/cocuk-atolyeleri-2022-yelkenler-fora-3-5-yas\/","title":{"rendered":"\u00c7ocuk At\u00f6lyeleri 2022 &#8211; Yelkenler Fora! (3-5 Ya\u015f)"},"content":{"rendered":"<p>\u201c\u015eehzade&#8217;nin S\u0131ra D\u0131\u015f\u0131 D\u00fcnyas\u0131: Abd\u00fclmecid Efendi\u201d sergi turu ile ba\u015flayacak bu at\u00f6lyede, Abd\u00fclmecid Efendi\u2019nin \u2018\u2019Yelkenli\u201d isimli eserinden ilham alaca\u011f\u0131z. \u00c7ocuklar, kesme, boyama, katlama gibi farkl\u0131 teknikleri ve malzemeleri deneyimleyecekler. At\u00f6lyenin \u00fcretim a\u015famas\u0131nda aileleri asistanl\u0131\u011f\u0131nda kendi gemi maketlerini ve denizlerini tasarlay\u0131p \u00fc\u00e7 boyutlu bir \u00e7al\u0131\u015fmaya d\u00f6n\u00fc\u015ft\u00fcren \u00e7ocuklar Bo\u011faz\u2019a do\u011fru yelkenleri a\u00e7acak.<\/p>\n<p>\u0130li\u015fkili Sergi: <em>\u015eehzade&#8217;nin S\u0131ra D\u0131\u015f\u0131 D\u00fcnyas\u0131: Abd\u00fclmecid Efendi<\/em><\/p>\n<p>Tasarlayan ve uygulayan:<span style=\"font-weight: 400\"> At\u00f6lye Pikolo<\/span><\/p>\n<p>\u00d6nemli Bilgiler:<\/p>\n<ul>\n<li>At\u00f6lye malzemelerini SSM sa\u011flar.<\/li>\n<li>At\u00f6lyeye kat\u0131l\u0131m kapasitesi s\u0131n\u0131rl\u0131d\u0131r. At\u00f6lye bileti 1 \u00e7ocuk ve 1 yeti\u015fkini kapsar. 1 yeti\u015fkinin e\u015flik etmesi zorunludur.<\/li>\n<li>Kat\u0131l\u0131mc\u0131lar\u0131n ki\u015fisel sebeplerle at\u00f6lyeye kat\u0131lamamas\u0131 durumunda \u00fccret iadesi veya de\u011fi\u015fiklik taleplerinin i\u015fleme al\u0131nabilmesi i\u00e7in kat\u0131lamayacaklar\u0131 at\u00f6lye tarihinden en az 2 g\u00fcn \u00f6nce talep olu\u015fturmu\u015f olmalar\u0131 gerekir. Kat\u0131l\u0131m sa\u011flanmam\u0131\u015f at\u00f6lyeler i\u00e7in at\u00f6lye tarihinden sonra olu\u015fturulan taleplerde \u00fccret iadesi veya de\u011fi\u015fiklik yap\u0131lmaz.<\/li>\n<li>At\u00f6lye \u00e7ocuk at\u00f6lyesinde sosyal mesafe kurallar\u0131na uygun \u015fekilde ger\u00e7ekle\u015ftirilecektir. At\u00f6lye kat\u0131l\u0131mc\u0131lar\u0131n\u0131n maske kullanmas\u0131 zorunludur. Rahat k\u0131yafetler giyilmesi \u00f6nerilir.<\/li>\n<li>Pandemi tedbirleri kapsam\u0131nda M\u00fcze ziyaretleriniz ve MSA Restoran ile the Seed giri\u015flerinde foto\u011frafl\u0131 kimli\u011finizle birlikte, HES kodu sorgulamas\u0131 zorunlu olacakt\u0131r. HES kodu ibraz etmeyen misafirlerimizin giri\u015f kabulleri yap\u0131lamayacakt\u0131r.<\/li>\n<\/ul>\n","protected":false},"excerpt":{"rendered":"<p>2 Nisan Cumartesi<\/p>\n<p>13.00 &#8211; 14.00<\/p>\n<p>Bulu\u015fma noktas\u0131: M\u00fcze Konferans Salonu<\/p>\n<p>Biti\u015f Noktas\u0131: Sera At\u00f6lye<\/p>\n","protected":false},"featured_media":248257,"template":"","meta":{"_exactmetrics_skip_tracking":false,"_exactmetrics_sitenote_active":false,"_exactmetrics_sitenote_note":"","_exactmetrics_sitenote_category":0},"product_brand":[],"product_cat":[],"product_tag":[618,255,253,373],"woo-feed-brand":[],"class_list":{"0":"post-248256","1":"product","2":"type-product","3":"status-publish","4":"has-post-thumbnail","6":"product_tag-aile","7":"product_tag-atolye","8":"product_tag-cocuk","9":"product_tag-yetiskin","11":"first","12":"outofstock","13":"virtual","14":"taxable","15":"purchasable","16":"product-type-simple"},"yoast_head":"<!-- This site is optimized with the Yoast SEO plugin v27.1.1 - https:\/\/yoast.com\/product\/yoast-seo-wordpress\/ -->\n<title>\u00c7ocuk At\u00f6lyeleri 2022 - Yelkenler Fora! (3-5 Ya\u015f) - SSM Shop<\/title>\n<meta name=\"robots\" content=\"index, follow, max-snippet:-1, max-image-preview:large, max-video-preview:-1\" \/>\n<link rel=\"canonical\" href=\"https:\/\/sakipsabancimuzesi.org\/shop\/urun\/egitim-ve-etkinlik\/ogrenme-programlari\/cocuk-ogrenme-programlari\/cocuk-atolyeleri-2022-yelkenler-fora-3-5-yas\/\" \/>\n<meta property=\"og:locale\" content=\"tr_TR\" \/>\n<meta property=\"og:type\" content=\"article\" \/>\n<meta property=\"og:title\" content=\"\u00c7ocuk At\u00f6lyeleri 2022 - Yelkenler Fora! (3-5 Ya\u015f) - SSM Shop\" \/>\n<meta property=\"og:description\" content=\"2 Nisan Cumartesi  13.00 - 14.00  Bulu\u015fma noktas\u0131: M\u00fcze Konferans Salonu  Biti\u015f Noktas\u0131: Sera At\u00f6lye\" \/>\n<meta property=\"og:url\" content=\"https:\/\/sakipsabancimuzesi.org\/shop\/urun\/egitim-ve-etkinlik\/ogrenme-programlari\/cocuk-ogrenme-programlari\/cocuk-atolyeleri-2022-yelkenler-fora-3-5-yas\/\" \/>\n<meta property=\"og:site_name\" content=\"SSM Shop\" \/>\n<meta property=\"article:publisher\" content=\"https:\/\/www.facebook.com\/SakipSabanciMuzesi\/\" \/>\n<meta property=\"article:modified_time\" content=\"2022-03-25T21:31:25+00:00\" \/>\n<meta property=\"og:image\" content=\"https:\/\/sakipsabancimuzesi.org\/shop\/wp-content\/uploads\/2022\/03\/POST-1.jpg\" \/>\n\t<meta property=\"og:image:width\" content=\"1080\" \/>\n\t<meta property=\"og:image:height\" content=\"1080\" \/>\n\t<meta property=\"og:image:type\" content=\"image\/jpeg\" \/>\n<meta name=\"twitter:card\" content=\"summary_large_image\" \/>\n<meta name=\"twitter:label1\" content=\"Tahmini okuma s\u00fcresi\" \/>\n\t<meta name=\"twitter:data1\" content=\"1 dakika\" \/>\n<script type=\"application\/ld+json\" class=\"yoast-schema-graph\">{\"@context\":\"https:\/\/schema.org\",\"@graph\":[{\"@type\":\"WebPage\",\"@id\":\"https:\/\/sakipsabancimuzesi.org\/shop\/urun\/egitim-ve-etkinlik\/ogrenme-programlari\/cocuk-ogrenme-programlari\/cocuk-atolyeleri-2022-yelkenler-fora-3-5-yas\/\",\"url\":\"https:\/\/sakipsabancimuzesi.org\/shop\/urun\/egitim-ve-etkinlik\/ogrenme-programlari\/cocuk-ogrenme-programlari\/cocuk-atolyeleri-2022-yelkenler-fora-3-5-yas\/\",\"name\":\"\u00c7ocuk At\u00f6lyeleri 2022 - Yelkenler Fora! (3-5 Ya\u015f) - SSM Shop\",\"isPartOf\":{\"@id\":\"https:\/\/sakipsabancimuzesi.org\/shop\/#website\"},\"primaryImageOfPage\":{\"@id\":\"https:\/\/sakipsabancimuzesi.org\/shop\/urun\/egitim-ve-etkinlik\/ogrenme-programlari\/cocuk-ogrenme-programlari\/cocuk-atolyeleri-2022-yelkenler-fora-3-5-yas\/#primaryimage\"},\"image\":{\"@id\":\"https:\/\/sakipsabancimuzesi.org\/shop\/urun\/egitim-ve-etkinlik\/ogrenme-programlari\/cocuk-ogrenme-programlari\/cocuk-atolyeleri-2022-yelkenler-fora-3-5-yas\/#primaryimage\"},\"thumbnailUrl\":\"https:\/\/sakipsabancimuzesi.org\/shop\/wp-content\/uploads\/2022\/03\/POST-1.jpg\",\"datePublished\":\"2022-03-24T07:38:51+00:00\",\"dateModified\":\"2022-03-25T21:31:25+00:00\",\"breadcrumb\":{\"@id\":\"https:\/\/sakipsabancimuzesi.org\/shop\/urun\/egitim-ve-etkinlik\/ogrenme-programlari\/cocuk-ogrenme-programlari\/cocuk-atolyeleri-2022-yelkenler-fora-3-5-yas\/#breadcrumb\"},\"inLanguage\":\"tr\",\"potentialAction\":[{\"@type\":\"ReadAction\",\"target\":[\"https:\/\/sakipsabancimuzesi.org\/shop\/urun\/egitim-ve-etkinlik\/ogrenme-programlari\/cocuk-ogrenme-programlari\/cocuk-atolyeleri-2022-yelkenler-fora-3-5-yas\/\"]}]},{\"@type\":\"ImageObject\",\"inLanguage\":\"tr\",\"@id\":\"https:\/\/sakipsabancimuzesi.org\/shop\/urun\/egitim-ve-etkinlik\/ogrenme-programlari\/cocuk-ogrenme-programlari\/cocuk-atolyeleri-2022-yelkenler-fora-3-5-yas\/#primaryimage\",\"url\":\"https:\/\/sakipsabancimuzesi.org\/shop\/wp-content\/uploads\/2022\/03\/POST-1.jpg\",\"contentUrl\":\"https:\/\/sakipsabancimuzesi.org\/shop\/wp-content\/uploads\/2022\/03\/POST-1.jpg\",\"width\":1080,\"height\":1080},{\"@type\":\"BreadcrumbList\",\"@id\":\"https:\/\/sakipsabancimuzesi.org\/shop\/urun\/egitim-ve-etkinlik\/ogrenme-programlari\/cocuk-ogrenme-programlari\/cocuk-atolyeleri-2022-yelkenler-fora-3-5-yas\/#breadcrumb\",\"itemListElement\":[{\"@type\":\"ListItem\",\"position\":1,\"name\":\"Ana sayfa\",\"item\":\"https:\/\/sakipsabancimuzesi.org\/shop\/\"},{\"@type\":\"ListItem\",\"position\":2,\"name\":\"Shop\",\"item\":\"https:\/\/sakipsabancimuzesi.org\/shop\/shop\/\"},{\"@type\":\"ListItem\",\"position\":3,\"name\":\"\u00c7ocuk At\u00f6lyeleri 2022 &#8211; Yelkenler Fora! (3-5 Ya\u015f)\"}]},{\"@type\":\"WebSite\",\"@id\":\"https:\/\/sakipsabancimuzesi.org\/shop\/#website\",\"url\":\"https:\/\/sakipsabancimuzesi.org\/shop\/\",\"name\":\"SSM Shop\",\"description\":\"Sak\u0131p Sabanc\u0131 M\u00fczesi, Ma\u011faza\",\"publisher\":{\"@id\":\"https:\/\/sakipsabancimuzesi.org\/shop\/#organization\"},\"potentialAction\":[{\"@type\":\"SearchAction\",\"target\":{\"@type\":\"EntryPoint\",\"urlTemplate\":\"https:\/\/sakipsabancimuzesi.org\/shop\/?s={search_term_string}\"},\"query-input\":{\"@type\":\"PropertyValueSpecification\",\"valueRequired\":true,\"valueName\":\"search_term_string\"}}],\"inLanguage\":\"tr\"},{\"@type\":\"Organization\",\"@id\":\"https:\/\/sakipsabancimuzesi.org\/shop\/#organization\",\"name\":\"SSM Shop\",\"url\":\"https:\/\/sakipsabancimuzesi.org\/shop\/\",\"logo\":{\"@type\":\"ImageObject\",\"inLanguage\":\"tr\",\"@id\":\"https:\/\/sakipsabancimuzesi.org\/shop\/#\/schema\/logo\/image\/\",\"url\":\"https:\/\/sakipsabancimuzesi.org\/shop\/wp-content\/uploads\/2019\/11\/logo.png\",\"contentUrl\":\"https:\/\/sakipsabancimuzesi.org\/shop\/wp-content\/uploads\/2019\/11\/logo.png\",\"width\":227,\"height\":87,\"caption\":\"SSM Shop\"},\"image\":{\"@id\":\"https:\/\/sakipsabancimuzesi.org\/shop\/#\/schema\/logo\/image\/\"},\"sameAs\":[\"https:\/\/www.facebook.com\/SakipSabanciMuzesi\/\"]}]}<\/script>\n<!-- \/ Yoast SEO plugin. -->","yoast_head_json":{"title":"\u00c7ocuk At\u00f6lyeleri 2022 - Yelkenler Fora! (3-5 Ya\u015f) - SSM Shop","robots":{"index":"index","follow":"follow","max-snippet":"max-snippet:-1","max-image-preview":"max-image-preview:large","max-video-preview":"max-video-preview:-1"},"canonical":"https:\/\/sakipsabancimuzesi.org\/shop\/urun\/egitim-ve-etkinlik\/ogrenme-programlari\/cocuk-ogrenme-programlari\/cocuk-atolyeleri-2022-yelkenler-fora-3-5-yas\/","og_locale":"tr_TR","og_type":"article","og_title":"\u00c7ocuk At\u00f6lyeleri 2022 - Yelkenler Fora! (3-5 Ya\u015f) - SSM Shop","og_description":"2 Nisan Cumartesi  13.00 - 14.00  Bulu\u015fma noktas\u0131: M\u00fcze Konferans Salonu  Biti\u015f Noktas\u0131: Sera At\u00f6lye","og_url":"https:\/\/sakipsabancimuzesi.org\/shop\/urun\/egitim-ve-etkinlik\/ogrenme-programlari\/cocuk-ogrenme-programlari\/cocuk-atolyeleri-2022-yelkenler-fora-3-5-yas\/","og_site_name":"SSM Shop","article_publisher":"https:\/\/www.facebook.com\/SakipSabanciMuzesi\/","article_modified_time":"2022-03-25T21:31:25+00:00","og_image":[{"width":1080,"height":1080,"url":"https:\/\/sakipsabancimuzesi.org\/shop\/wp-content\/uploads\/2022\/03\/POST-1.jpg","type":"image\/jpeg"}],"twitter_card":"summary_large_image","twitter_misc":{"Tahmini okuma s\u00fcresi":"1 dakika"},"schema":{"@context":"https:\/\/schema.org","@graph":[{"@type":"WebPage","@id":"https:\/\/sakipsabancimuzesi.org\/shop\/urun\/egitim-ve-etkinlik\/ogrenme-programlari\/cocuk-ogrenme-programlari\/cocuk-atolyeleri-2022-yelkenler-fora-3-5-yas\/","url":"https:\/\/sakipsabancimuzesi.org\/shop\/urun\/egitim-ve-etkinlik\/ogrenme-programlari\/cocuk-ogrenme-programlari\/cocuk-atolyeleri-2022-yelkenler-fora-3-5-yas\/","name":"\u00c7ocuk At\u00f6lyeleri 2022 - Yelkenler Fora! (3-5 Ya\u015f) - SSM Shop","isPartOf":{"@id":"https:\/\/sakipsabancimuzesi.org\/shop\/#website"},"primaryImageOfPage":{"@id":"https:\/\/sakipsabancimuzesi.org\/shop\/urun\/egitim-ve-etkinlik\/ogrenme-programlari\/cocuk-ogrenme-programlari\/cocuk-atolyeleri-2022-yelkenler-fora-3-5-yas\/#primaryimage"},"image":{"@id":"https:\/\/sakipsabancimuzesi.org\/shop\/urun\/egitim-ve-etkinlik\/ogrenme-programlari\/cocuk-ogrenme-programlari\/cocuk-atolyeleri-2022-yelkenler-fora-3-5-yas\/#primaryimage"},"thumbnailUrl":"https:\/\/sakipsabancimuzesi.org\/shop\/wp-content\/uploads\/2022\/03\/POST-1.jpg","datePublished":"2022-03-24T07:38:51+00:00","dateModified":"2022-03-25T21:31:25+00:00","breadcrumb":{"@id":"https:\/\/sakipsabancimuzesi.org\/shop\/urun\/egitim-ve-etkinlik\/ogrenme-programlari\/cocuk-ogrenme-programlari\/cocuk-atolyeleri-2022-yelkenler-fora-3-5-yas\/#breadcrumb"},"inLanguage":"tr","potentialAction":[{"@type":"ReadAction","target":["https:\/\/sakipsabancimuzesi.org\/shop\/urun\/egitim-ve-etkinlik\/ogrenme-programlari\/cocuk-ogrenme-programlari\/cocuk-atolyeleri-2022-yelkenler-fora-3-5-yas\/"]}]},{"@type":"ImageObject","inLanguage":"tr","@id":"https:\/\/sakipsabancimuzesi.org\/shop\/urun\/egitim-ve-etkinlik\/ogrenme-programlari\/cocuk-ogrenme-programlari\/cocuk-atolyeleri-2022-yelkenler-fora-3-5-yas\/#primaryimage","url":"https:\/\/sakipsabancimuzesi.org\/shop\/wp-content\/uploads\/2022\/03\/POST-1.jpg","contentUrl":"https:\/\/sakipsabancimuzesi.org\/shop\/wp-content\/uploads\/2022\/03\/POST-1.jpg","width":1080,"height":1080},{"@type":"BreadcrumbList","@id":"https:\/\/sakipsabancimuzesi.org\/shop\/urun\/egitim-ve-etkinlik\/ogrenme-programlari\/cocuk-ogrenme-programlari\/cocuk-atolyeleri-2022-yelkenler-fora-3-5-yas\/#breadcrumb","itemListElement":[{"@type":"ListItem","position":1,"name":"Ana sayfa","item":"https:\/\/sakipsabancimuzesi.org\/shop\/"},{"@type":"ListItem","position":2,"name":"Shop","item":"https:\/\/sakipsabancimuzesi.org\/shop\/shop\/"},{"@type":"ListItem","position":3,"name":"\u00c7ocuk At\u00f6lyeleri 2022 &#8211; Yelkenler Fora! (3-5 Ya\u015f)"}]},{"@type":"WebSite","@id":"https:\/\/sakipsabancimuzesi.org\/shop\/#website","url":"https:\/\/sakipsabancimuzesi.org\/shop\/","name":"SSM Shop","description":"Sak\u0131p Sabanc\u0131 M\u00fczesi, Ma\u011faza","publisher":{"@id":"https:\/\/sakipsabancimuzesi.org\/shop\/#organization"},"potentialAction":[{"@type":"SearchAction","target":{"@type":"EntryPoint","urlTemplate":"https:\/\/sakipsabancimuzesi.org\/shop\/?s={search_term_string}"},"query-input":{"@type":"PropertyValueSpecification","valueRequired":true,"valueName":"search_term_string"}}],"inLanguage":"tr"},{"@type":"Organization","@id":"https:\/\/sakipsabancimuzesi.org\/shop\/#organization","name":"SSM Shop","url":"https:\/\/sakipsabancimuzesi.org\/shop\/","logo":{"@type":"ImageObject","inLanguage":"tr","@id":"https:\/\/sakipsabancimuzesi.org\/shop\/#\/schema\/logo\/image\/","url":"https:\/\/sakipsabancimuzesi.org\/shop\/wp-content\/uploads\/2019\/11\/logo.png","contentUrl":"https:\/\/sakipsabancimuzesi.org\/shop\/wp-content\/uploads\/2019\/11\/logo.png","width":227,"height":87,"caption":"SSM Shop"},"image":{"@id":"https:\/\/sakipsabancimuzesi.org\/shop\/#\/schema\/logo\/image\/"},"sameAs":["https:\/\/www.facebook.com\/SakipSabanciMuzesi\/"]}]}},"jetpack_sharing_enabled":true,"_links":{"self":[{"href":"https:\/\/sakipsabancimuzesi.org\/shop\/wp-json\/wp\/v2\/product\/248256","targetHints":{"allow":["GET"]}}],"collection":[{"href":"https:\/\/sakipsabancimuzesi.org\/shop\/wp-json\/wp\/v2\/product"}],"about":[{"href":"https:\/\/sakipsabancimuzesi.org\/shop\/wp-json\/wp\/v2\/types\/product"}],"wp:featuredmedia":[{"embeddable":true,"href":"https:\/\/sakipsabancimuzesi.org\/shop\/wp-json\/wp\/v2\/media\/248257"}],"wp:attachment":[{"href":"https:\/\/sakipsabancimuzesi.org\/shop\/wp-json\/wp\/v2\/media?parent=248256"}],"wp:term":[{"taxonomy":"product_brand","embeddable":true,"href":"https:\/\/sakipsabancimuzesi.org\/shop\/wp-json\/wp\/v2\/product_brand?post=248256"},{"taxonomy":"product_cat","embeddable":true,"href":"https:\/\/sakipsabancimuzesi.org\/shop\/wp-json\/wp\/v2\/product_cat?post=248256"},{"taxonomy":"product_tag","embeddable":true,"href":"https:\/\/sakipsabancimuzesi.org\/shop\/wp-json\/wp\/v2\/product_tag?post=248256"},{"taxonomy":"woo-feed-brand","embeddable":true,"href":"https:\/\/sakipsabancimuzesi.org\/shop\/wp-json\/wp\/v2\/woo-feed-brand?post=248256"}],"curies":[{"name":"wp","href":"https:\/\/api.w.org\/{rel}","templated":true}]}}