{"id":248283,"date":"2022-03-24T17:01:24","date_gmt":"2022-03-24T14:01:24","guid":{"rendered":"https:\/\/sakipsabancimuzesi.org\/shop\/?post_type=product&#038;p=248283"},"modified":"2022-05-16T16:46:13","modified_gmt":"2022-05-16T13:46:13","slug":"konferans-saray-ve-edebiyatcilar","status":"publish","type":"product","link":"https:\/\/sakipsabancimuzesi.org\/shop\/urun\/kategorilenmemis\/konferans-saray-ve-edebiyatcilar\/","title":{"rendered":"Konferans &#8211; Saray ve Edebiyat\u00e7\u0131lar"},"content":{"rendered":"<p>.Sak\u0131p Sabanc\u0131 M\u00fczesi\u2019nde devam eden \u201c\u015eehzade&#8217;nin S\u0131ra D\u0131\u015f\u0131 D\u00fcnyas\u0131: Abd\u00fclmecid Efendi\u201d sergisi, T\u00fcrkiye sanat tarihinde derin izler b\u0131rakm\u0131\u015f, kendisi de \u00f6nemli bir ressam olan, hat, m\u00fczik ve edebiyat ile de ilgilenen, pek \u00e7ok sanat\u00e7\u0131n\u0131n ve kurumun da hamili\u011fini \u00fcstlenmi\u015f Abd\u00fclmecid Efendi\u2019nin hayat\u0131 ve sanat\u0131na \u0131\u015f\u0131k tutan etkinliklere ev sahipli\u011fi yapmaya devam ediyor. T\u00fcrk edebiyat\u0131 \u00fczerine kapsaml\u0131 \u00e7al\u0131\u015fmalar\u0131 bulunan Prof. Dr. \u0130nci Engin\u00fcn sergi kapsam\u0131nda \u201cSaray ve Edebiyat\u00e7\u0131lar\u201d ba\u015fl\u0131kl\u0131 bir konferans ger\u00e7ekle\u015ftirecek.<\/p>\n<p>Divan edebiyat\u0131 bir saray edebiyat\u0131d\u0131r ve padi\u015fahlar da etraflar\u0131ndaki \u015fairlerin dediklerini anlayacak, onlara ayn\u0131 tonda cevap verecek ustal\u0131\u011fa sahip olmu\u015flard\u0131r. Saray\u0131n uza\u011f\u0131ndaki ve yak\u0131n\u0131ndaki b\u00fct\u00fcn \u015fairlerin h\u00fck\u00fcmdara ula\u015ft\u0131rmak istedi\u011fi haberler, \u015fik\u00e2yetler olmu\u015ftur. Fuzuli \u015eik\u00e2yetname\u2019yi yazm\u0131\u015f, Ta\u015fl\u0131cal\u0131 Yahya \u201c\u015eehzade Mustafa Mersiyesi\u201dnde Kanuni\u2019yi su\u00e7lam\u0131\u015ft\u0131r. Nef\u2019i s\u00f6z\u00fcn\u00fc sak\u0131nmaman\u0131n bedelini hayat\u0131yla \u00f6demi\u015ftir.<\/p>\n<p>Tanzimat sonras\u0131 yenile\u015fme hareketlerinde \u015fairler saray\u0131n koruyuculu\u011funu kaybetmi\u015f, kendi derneklerini kurmu\u015flard\u0131r. \u201cEnc\u00fcmen-i \u015euara\u201d bunlar\u0131n ilkidir. Gelenek \u00e7ok kuvvetli oldu\u011fu i\u00e7in Nam\u0131k Kemal\u2019den itibaren \u015fairler gelenekle, yabanc\u0131 etkiler aras\u0131nda s\u0131k\u0131\u015fm\u0131\u015flard\u0131r. Tevfik Fikret ba\u015fta olmak \u00fczere Servet-i F\u00fcnuncular Abd\u00fclhamid istibdad\u0131ndan \u00e7ok \u015fik\u00e2yet\u00e7i olmu\u015f, inzivaya \u00e7ekilmi\u015flerdir. D\u00f6nemin en parlak \u015fairleri Tevfik Fikret ve Cenap \u015eahabettin \u015fiire yepyeni bir hava getirirken kullanmalar\u0131 gereken dilin T\u00fcrk\u00e7e oldu\u011funu unutmu\u015flard\u0131r ve \u0130kinci Me\u015frutiyet sonras\u0131 edebiyat sahnesi, farkl\u0131 d\u00fc\u015f\u00fcnceler i\u00e7in geni\u015f bir m\u00fccadele alan\u0131 olmu\u015ftur. Konferans, yeni T\u00fcrk edebiyat\u0131 eserleriyle daima ilgilendi\u011fi anla\u015f\u0131lan Abd\u00fclmecid Efendi\u2019nin, edebiyat\u00e7\u0131larla s\u0131k s\u0131k bir araya gelen ve dostluklar kuran, onlar\u0131 \u00f6d\u00fcllendirmeye \u00e7al\u0131\u015fan, derneklerini destekleyen ve bu derneklerde fahri ba\u015fkanl\u0131klar \u00fcstlenen kimli\u011fine odaklanacakt\u0131r. Edebiyat \u00e7evrelerinde b\u00fcy\u00fck sayg\u0131 uyand\u0131ran \u015fehzadeden en b\u00fcy\u00fck deste\u011fi, Tanzimat\u00e7\u0131lar\u0131n g\u00f6rd\u00fc\u011f\u00fc yenile\u015fme r\u00fcyas\u0131n\u0131 takip edebilen edebiyat\u00e7\u0131 Abd\u00fclhak H\u00e2mid alm\u0131\u015ft\u0131r.<\/p>\n<p>\u00d6nemli bilgiler:<\/p>\n<p>\u2013 Konferans, Zoom servisi \u00fczerinden ger\u00e7ekle\u015ftirilir. Konferansa kat\u0131l\u0131m linki, kay\u0131t i\u015flemi sonras\u0131 g\u00f6nderilecek e-postada payla\u015f\u0131laca\u011f\u0131 i\u00e7in e-posta adresinizi belirtmeniz gerekmektedir.<\/p>\n<p>\u2013 \u0130nternet ba\u011flant\u0131s\u0131ndan do\u011fabilecek aksakl\u0131k ve ma\u011fduriyetlerden SSM sorumlu de\u011fildir.<\/p>\n<p>\u2013 Kat\u0131l\u0131mc\u0131lar\u0131n, \u00e7evrimi\u00e7i programlar\u0131 veya bu programlar s\u0131ras\u0131nda kullan\u0131lan her t\u00fcrden g\u00f6rsel, i\u015fitsel, yaz\u0131l\u0131 materyali kaydetme, kopyalama, \u00e7o\u011faltma ve \u00fc\u00e7\u00fcnc\u00fc ki\u015filerle payla\u015fma hakk\u0131 yoktur. Aksi davran\u0131\u015flarda yasal sorumluluk kat\u0131l\u0131mc\u0131ya aittir.<\/p>\n<p>Abd\u00fclmecid Efendi at\u00f6lyesinde, Abd\u00fclhak\u00a0 H\u00e2mid Tarhan&#8217;\u0131n portresini yaparken<br \/>\nMilli Saraylar Koleksiyonu<br \/>\nEnv.no.100\/4822<\/p>\n<p>&nbsp;<\/p>\n<p>\u201c<em>\u015eehzade&#8217;nin S\u0131ra D\u0131\u015f\u0131 D\u00fcnyas\u0131: Abd\u00fclmecid Efendi\u201d <\/em>sergisini Sal\u0131, \u00c7ar\u015famba, Per\u015fembe, Cuma ve Pazar g\u00fcnleri 10.00 \u2013 18.00 aras\u0131, Cumartesi g\u00fcnleri 10.00 \u2013 20.00 aras\u0131 ziyaret edebilirsiniz. Ziyaret bilgileri i\u00e7in <a href=\"https:\/\/sakipsabancimuzesi.org\/ziyaret\">t\u0131klay\u0131n\u0131z.<\/a><\/p>\n","protected":false},"excerpt":{"rendered":"<p>Konu\u015fmac\u0131: \u0130nci Engin\u00fcn<\/p>\n<p>29 Mart Sal\u0131, 16.00<\/p>\n<p>\u00c7evrimi\u00e7i<\/p>\n","protected":false},"featured_media":248284,"template":"","meta":{"_exactmetrics_skip_tracking":false,"_exactmetrics_sitenote_active":false,"_exactmetrics_sitenote_note":"","_exactmetrics_sitenote_category":0},"product_brand":[],"product_cat":[],"product_tag":[441,375,712],"woo-feed-brand":[],"class_list":{"0":"post-248283","1":"product","2":"type-product","3":"status-publish","4":"has-post-thumbnail","6":"product_tag-sergi","7":"product_tag-cevrimici","8":"product_tag-konferans","10":"first","11":"outofstock","12":"virtual","13":"sold-individually","14":"taxable","15":"purchasable","16":"product-type-simple"},"yoast_head":"<!-- This site is optimized with the Yoast SEO plugin v27.1.1 - https:\/\/yoast.com\/product\/yoast-seo-wordpress\/ -->\n<title>Konferans - Saray ve Edebiyat\u00e7\u0131lar - SSM Shop<\/title>\n<meta name=\"robots\" content=\"index, follow, max-snippet:-1, max-image-preview:large, max-video-preview:-1\" \/>\n<link rel=\"canonical\" href=\"https:\/\/sakipsabancimuzesi.org\/shop\/urun\/egitim-ve-etkinlik\/ogrenme-programlari\/yetiskin-ogrenme-programlari\/konferans-saray-ve-edebiyatcilar\/\" \/>\n<meta property=\"og:locale\" content=\"tr_TR\" \/>\n<meta property=\"og:type\" content=\"article\" \/>\n<meta property=\"og:title\" content=\"Konferans - Saray ve Edebiyat\u00e7\u0131lar - SSM Shop\" \/>\n<meta property=\"og:description\" content=\"Konu\u015fmac\u0131: \u0130nci Engin\u00fcn  29 Mart Sal\u0131, 16.00  \u00c7evrimi\u00e7i\" \/>\n<meta property=\"og:url\" content=\"https:\/\/sakipsabancimuzesi.org\/shop\/urun\/egitim-ve-etkinlik\/ogrenme-programlari\/yetiskin-ogrenme-programlari\/konferans-saray-ve-edebiyatcilar\/\" \/>\n<meta property=\"og:site_name\" content=\"SSM Shop\" \/>\n<meta property=\"article:publisher\" content=\"https:\/\/www.facebook.com\/SakipSabanciMuzesi\/\" \/>\n<meta property=\"article:modified_time\" content=\"2022-05-16T13:46:13+00:00\" \/>\n<meta property=\"og:image\" content=\"https:\/\/sakipsabancimuzesi.org\/shop\/wp-content\/uploads\/2022\/03\/Konferans-29-Mart.jpeg\" \/>\n\t<meta property=\"og:image:width\" content=\"1080\" \/>\n\t<meta property=\"og:image:height\" content=\"1080\" \/>\n\t<meta property=\"og:image:type\" content=\"image\/jpeg\" \/>\n<meta name=\"twitter:card\" content=\"summary_large_image\" \/>\n<meta name=\"twitter:label1\" content=\"Tahmini okuma s\u00fcresi\" \/>\n\t<meta name=\"twitter:data1\" content=\"2 dakika\" \/>\n<script type=\"application\/ld+json\" class=\"yoast-schema-graph\">{\"@context\":\"https:\/\/schema.org\",\"@graph\":[{\"@type\":\"WebPage\",\"@id\":\"https:\/\/sakipsabancimuzesi.org\/shop\/urun\/egitim-ve-etkinlik\/ogrenme-programlari\/yetiskin-ogrenme-programlari\/konferans-saray-ve-edebiyatcilar\/\",\"url\":\"https:\/\/sakipsabancimuzesi.org\/shop\/urun\/egitim-ve-etkinlik\/ogrenme-programlari\/yetiskin-ogrenme-programlari\/konferans-saray-ve-edebiyatcilar\/\",\"name\":\"Konferans - Saray ve Edebiyat\u00e7\u0131lar - SSM Shop\",\"isPartOf\":{\"@id\":\"https:\/\/sakipsabancimuzesi.org\/shop\/#website\"},\"primaryImageOfPage\":{\"@id\":\"https:\/\/sakipsabancimuzesi.org\/shop\/urun\/egitim-ve-etkinlik\/ogrenme-programlari\/yetiskin-ogrenme-programlari\/konferans-saray-ve-edebiyatcilar\/#primaryimage\"},\"image\":{\"@id\":\"https:\/\/sakipsabancimuzesi.org\/shop\/urun\/egitim-ve-etkinlik\/ogrenme-programlari\/yetiskin-ogrenme-programlari\/konferans-saray-ve-edebiyatcilar\/#primaryimage\"},\"thumbnailUrl\":\"https:\/\/sakipsabancimuzesi.org\/shop\/wp-content\/uploads\/2022\/03\/Konferans-29-Mart.jpeg\",\"datePublished\":\"2022-03-24T14:01:24+00:00\",\"dateModified\":\"2022-05-16T13:46:13+00:00\",\"breadcrumb\":{\"@id\":\"https:\/\/sakipsabancimuzesi.org\/shop\/urun\/egitim-ve-etkinlik\/ogrenme-programlari\/yetiskin-ogrenme-programlari\/konferans-saray-ve-edebiyatcilar\/#breadcrumb\"},\"inLanguage\":\"tr\",\"potentialAction\":[{\"@type\":\"ReadAction\",\"target\":[\"https:\/\/sakipsabancimuzesi.org\/shop\/urun\/egitim-ve-etkinlik\/ogrenme-programlari\/yetiskin-ogrenme-programlari\/konferans-saray-ve-edebiyatcilar\/\"]}]},{\"@type\":\"ImageObject\",\"inLanguage\":\"tr\",\"@id\":\"https:\/\/sakipsabancimuzesi.org\/shop\/urun\/egitim-ve-etkinlik\/ogrenme-programlari\/yetiskin-ogrenme-programlari\/konferans-saray-ve-edebiyatcilar\/#primaryimage\",\"url\":\"https:\/\/sakipsabancimuzesi.org\/shop\/wp-content\/uploads\/2022\/03\/Konferans-29-Mart.jpeg\",\"contentUrl\":\"https:\/\/sakipsabancimuzesi.org\/shop\/wp-content\/uploads\/2022\/03\/Konferans-29-Mart.jpeg\",\"width\":1080,\"height\":1080},{\"@type\":\"BreadcrumbList\",\"@id\":\"https:\/\/sakipsabancimuzesi.org\/shop\/urun\/egitim-ve-etkinlik\/ogrenme-programlari\/yetiskin-ogrenme-programlari\/konferans-saray-ve-edebiyatcilar\/#breadcrumb\",\"itemListElement\":[{\"@type\":\"ListItem\",\"position\":1,\"name\":\"Ana sayfa\",\"item\":\"https:\/\/sakipsabancimuzesi.org\/shop\/\"},{\"@type\":\"ListItem\",\"position\":2,\"name\":\"Shop\",\"item\":\"https:\/\/sakipsabancimuzesi.org\/shop\/shop\/\"},{\"@type\":\"ListItem\",\"position\":3,\"name\":\"Konferans &#8211; Saray ve Edebiyat\u00e7\u0131lar\"}]},{\"@type\":\"WebSite\",\"@id\":\"https:\/\/sakipsabancimuzesi.org\/shop\/#website\",\"url\":\"https:\/\/sakipsabancimuzesi.org\/shop\/\",\"name\":\"SSM Shop\",\"description\":\"Sak\u0131p Sabanc\u0131 M\u00fczesi, Ma\u011faza\",\"publisher\":{\"@id\":\"https:\/\/sakipsabancimuzesi.org\/shop\/#organization\"},\"potentialAction\":[{\"@type\":\"SearchAction\",\"target\":{\"@type\":\"EntryPoint\",\"urlTemplate\":\"https:\/\/sakipsabancimuzesi.org\/shop\/?s={search_term_string}\"},\"query-input\":{\"@type\":\"PropertyValueSpecification\",\"valueRequired\":true,\"valueName\":\"search_term_string\"}}],\"inLanguage\":\"tr\"},{\"@type\":\"Organization\",\"@id\":\"https:\/\/sakipsabancimuzesi.org\/shop\/#organization\",\"name\":\"SSM Shop\",\"url\":\"https:\/\/sakipsabancimuzesi.org\/shop\/\",\"logo\":{\"@type\":\"ImageObject\",\"inLanguage\":\"tr\",\"@id\":\"https:\/\/sakipsabancimuzesi.org\/shop\/#\/schema\/logo\/image\/\",\"url\":\"https:\/\/sakipsabancimuzesi.org\/shop\/wp-content\/uploads\/2019\/11\/logo.png\",\"contentUrl\":\"https:\/\/sakipsabancimuzesi.org\/shop\/wp-content\/uploads\/2019\/11\/logo.png\",\"width\":227,\"height\":87,\"caption\":\"SSM Shop\"},\"image\":{\"@id\":\"https:\/\/sakipsabancimuzesi.org\/shop\/#\/schema\/logo\/image\/\"},\"sameAs\":[\"https:\/\/www.facebook.com\/SakipSabanciMuzesi\/\"]}]}<\/script>\n<!-- \/ Yoast SEO plugin. -->","yoast_head_json":{"title":"Konferans - Saray ve Edebiyat\u00e7\u0131lar - SSM Shop","robots":{"index":"index","follow":"follow","max-snippet":"max-snippet:-1","max-image-preview":"max-image-preview:large","max-video-preview":"max-video-preview:-1"},"canonical":"https:\/\/sakipsabancimuzesi.org\/shop\/urun\/egitim-ve-etkinlik\/ogrenme-programlari\/yetiskin-ogrenme-programlari\/konferans-saray-ve-edebiyatcilar\/","og_locale":"tr_TR","og_type":"article","og_title":"Konferans - Saray ve Edebiyat\u00e7\u0131lar - SSM Shop","og_description":"Konu\u015fmac\u0131: \u0130nci Engin\u00fcn  29 Mart Sal\u0131, 16.00  \u00c7evrimi\u00e7i","og_url":"https:\/\/sakipsabancimuzesi.org\/shop\/urun\/egitim-ve-etkinlik\/ogrenme-programlari\/yetiskin-ogrenme-programlari\/konferans-saray-ve-edebiyatcilar\/","og_site_name":"SSM Shop","article_publisher":"https:\/\/www.facebook.com\/SakipSabanciMuzesi\/","article_modified_time":"2022-05-16T13:46:13+00:00","og_image":[{"width":1080,"height":1080,"url":"https:\/\/sakipsabancimuzesi.org\/shop\/wp-content\/uploads\/2022\/03\/Konferans-29-Mart.jpeg","type":"image\/jpeg"}],"twitter_card":"summary_large_image","twitter_misc":{"Tahmini okuma s\u00fcresi":"2 dakika"},"schema":{"@context":"https:\/\/schema.org","@graph":[{"@type":"WebPage","@id":"https:\/\/sakipsabancimuzesi.org\/shop\/urun\/egitim-ve-etkinlik\/ogrenme-programlari\/yetiskin-ogrenme-programlari\/konferans-saray-ve-edebiyatcilar\/","url":"https:\/\/sakipsabancimuzesi.org\/shop\/urun\/egitim-ve-etkinlik\/ogrenme-programlari\/yetiskin-ogrenme-programlari\/konferans-saray-ve-edebiyatcilar\/","name":"Konferans - Saray ve Edebiyat\u00e7\u0131lar - SSM Shop","isPartOf":{"@id":"https:\/\/sakipsabancimuzesi.org\/shop\/#website"},"primaryImageOfPage":{"@id":"https:\/\/sakipsabancimuzesi.org\/shop\/urun\/egitim-ve-etkinlik\/ogrenme-programlari\/yetiskin-ogrenme-programlari\/konferans-saray-ve-edebiyatcilar\/#primaryimage"},"image":{"@id":"https:\/\/sakipsabancimuzesi.org\/shop\/urun\/egitim-ve-etkinlik\/ogrenme-programlari\/yetiskin-ogrenme-programlari\/konferans-saray-ve-edebiyatcilar\/#primaryimage"},"thumbnailUrl":"https:\/\/sakipsabancimuzesi.org\/shop\/wp-content\/uploads\/2022\/03\/Konferans-29-Mart.jpeg","datePublished":"2022-03-24T14:01:24+00:00","dateModified":"2022-05-16T13:46:13+00:00","breadcrumb":{"@id":"https:\/\/sakipsabancimuzesi.org\/shop\/urun\/egitim-ve-etkinlik\/ogrenme-programlari\/yetiskin-ogrenme-programlari\/konferans-saray-ve-edebiyatcilar\/#breadcrumb"},"inLanguage":"tr","potentialAction":[{"@type":"ReadAction","target":["https:\/\/sakipsabancimuzesi.org\/shop\/urun\/egitim-ve-etkinlik\/ogrenme-programlari\/yetiskin-ogrenme-programlari\/konferans-saray-ve-edebiyatcilar\/"]}]},{"@type":"ImageObject","inLanguage":"tr","@id":"https:\/\/sakipsabancimuzesi.org\/shop\/urun\/egitim-ve-etkinlik\/ogrenme-programlari\/yetiskin-ogrenme-programlari\/konferans-saray-ve-edebiyatcilar\/#primaryimage","url":"https:\/\/sakipsabancimuzesi.org\/shop\/wp-content\/uploads\/2022\/03\/Konferans-29-Mart.jpeg","contentUrl":"https:\/\/sakipsabancimuzesi.org\/shop\/wp-content\/uploads\/2022\/03\/Konferans-29-Mart.jpeg","width":1080,"height":1080},{"@type":"BreadcrumbList","@id":"https:\/\/sakipsabancimuzesi.org\/shop\/urun\/egitim-ve-etkinlik\/ogrenme-programlari\/yetiskin-ogrenme-programlari\/konferans-saray-ve-edebiyatcilar\/#breadcrumb","itemListElement":[{"@type":"ListItem","position":1,"name":"Ana sayfa","item":"https:\/\/sakipsabancimuzesi.org\/shop\/"},{"@type":"ListItem","position":2,"name":"Shop","item":"https:\/\/sakipsabancimuzesi.org\/shop\/shop\/"},{"@type":"ListItem","position":3,"name":"Konferans &#8211; Saray ve Edebiyat\u00e7\u0131lar"}]},{"@type":"WebSite","@id":"https:\/\/sakipsabancimuzesi.org\/shop\/#website","url":"https:\/\/sakipsabancimuzesi.org\/shop\/","name":"SSM Shop","description":"Sak\u0131p Sabanc\u0131 M\u00fczesi, Ma\u011faza","publisher":{"@id":"https:\/\/sakipsabancimuzesi.org\/shop\/#organization"},"potentialAction":[{"@type":"SearchAction","target":{"@type":"EntryPoint","urlTemplate":"https:\/\/sakipsabancimuzesi.org\/shop\/?s={search_term_string}"},"query-input":{"@type":"PropertyValueSpecification","valueRequired":true,"valueName":"search_term_string"}}],"inLanguage":"tr"},{"@type":"Organization","@id":"https:\/\/sakipsabancimuzesi.org\/shop\/#organization","name":"SSM Shop","url":"https:\/\/sakipsabancimuzesi.org\/shop\/","logo":{"@type":"ImageObject","inLanguage":"tr","@id":"https:\/\/sakipsabancimuzesi.org\/shop\/#\/schema\/logo\/image\/","url":"https:\/\/sakipsabancimuzesi.org\/shop\/wp-content\/uploads\/2019\/11\/logo.png","contentUrl":"https:\/\/sakipsabancimuzesi.org\/shop\/wp-content\/uploads\/2019\/11\/logo.png","width":227,"height":87,"caption":"SSM Shop"},"image":{"@id":"https:\/\/sakipsabancimuzesi.org\/shop\/#\/schema\/logo\/image\/"},"sameAs":["https:\/\/www.facebook.com\/SakipSabanciMuzesi\/"]}]}},"jetpack_sharing_enabled":true,"_links":{"self":[{"href":"https:\/\/sakipsabancimuzesi.org\/shop\/wp-json\/wp\/v2\/product\/248283","targetHints":{"allow":["GET"]}}],"collection":[{"href":"https:\/\/sakipsabancimuzesi.org\/shop\/wp-json\/wp\/v2\/product"}],"about":[{"href":"https:\/\/sakipsabancimuzesi.org\/shop\/wp-json\/wp\/v2\/types\/product"}],"wp:featuredmedia":[{"embeddable":true,"href":"https:\/\/sakipsabancimuzesi.org\/shop\/wp-json\/wp\/v2\/media\/248284"}],"wp:attachment":[{"href":"https:\/\/sakipsabancimuzesi.org\/shop\/wp-json\/wp\/v2\/media?parent=248283"}],"wp:term":[{"taxonomy":"product_brand","embeddable":true,"href":"https:\/\/sakipsabancimuzesi.org\/shop\/wp-json\/wp\/v2\/product_brand?post=248283"},{"taxonomy":"product_cat","embeddable":true,"href":"https:\/\/sakipsabancimuzesi.org\/shop\/wp-json\/wp\/v2\/product_cat?post=248283"},{"taxonomy":"product_tag","embeddable":true,"href":"https:\/\/sakipsabancimuzesi.org\/shop\/wp-json\/wp\/v2\/product_tag?post=248283"},{"taxonomy":"woo-feed-brand","embeddable":true,"href":"https:\/\/sakipsabancimuzesi.org\/shop\/wp-json\/wp\/v2\/woo-feed-brand?post=248283"}],"curies":[{"name":"wp","href":"https:\/\/api.w.org\/{rel}","templated":true}]}}