{"id":248430,"date":"2022-03-29T14:23:32","date_gmt":"2022-03-29T11:23:32","guid":{"rendered":"https:\/\/sakipsabancimuzesi.org\/shop\/?post_type=product&#038;p=248430"},"modified":"2022-05-16T16:43:28","modified_gmt":"2022-05-16T13:43:28","slug":"konferans-osmanlida-saray-tiyatrolari-ve-tiyatro-kulturunun-gelisimi","status":"publish","type":"product","link":"https:\/\/sakipsabancimuzesi.org\/shop\/urun\/kategorilenmemis\/konferans-osmanlida-saray-tiyatrolari-ve-tiyatro-kulturunun-gelisimi\/","title":{"rendered":"Konferans &#8211; Osmanl\u0131\u2019da Saray Tiyatrolar\u0131 ve Tiyatro K\u00fclt\u00fcr\u00fcn\u00fcn Geli\u015fimi"},"content":{"rendered":"<p>Sak\u0131p Sabanc\u0131 M\u00fczesi\u2019nde devam eden \u201c\u015eehzade&#8217;nin S\u0131ra D\u0131\u015f\u0131 D\u00fcnyas\u0131: Abd\u00fclmecid Efendi\u201d sergisi, T\u00fcrkiye sanat tarihinde derin izler b\u0131rakm\u0131\u015f, kendisi de \u00f6nemli bir ressam olan, hat, m\u00fczik ve edebiyat ile de ilgilenen, pek \u00e7ok sanat\u00e7\u0131n\u0131n ve kurumun da hamili\u011fini \u00fcstlenmi\u015f Abd\u00fclmecid Efendi\u2019nin hayat\u0131 ve sanat\u0131na \u0131\u015f\u0131k tutan etkinliklere ev sahipli\u011fi yapmaya devam ediyor. Edebiyat kuramlar\u0131 ve modern T\u00fcrk tiyatrosu \u00fczerine \u00e7al\u0131\u015fmalar\u0131 olan Dr. Esra Dicle sergi kapsam\u0131nda \u201cOsmanl\u0131\u2019da Saray Tiyatrolar\u0131 ve Tiyatro K\u00fclt\u00fcr\u00fcn\u00fcn Geli\u015fimi\u201d ba\u015fl\u0131kl\u0131 bir konferans ger\u00e7ekle\u015ftirecek.<\/p>\n<p>Osmanl\u0131\u2019da tiyatro k\u00fclt\u00fcr\u00fc; saray\u0131n destek ve denetimi, yabanc\u0131 kumpanyalar\u0131n turneleri, el\u00e7iliklerde ger\u00e7ekle\u015ftirilen etkinlikler ve az\u0131nl\u0131k cemaatlerin faaliyetleriyle olu\u015fmu\u015ftur. Sultan Abd\u00fclmecid, Sultan Abd\u00fclaziz ve Sultan Abd\u00fclhamid, bir yandan modernle\u015fme s\u00fcrecinde halk e\u011fitiminin etkili bir arac\u0131 olarak g\u00f6rd\u00fckleri tiyatronun yayg\u0131nla\u015fmas\u0131 i\u00e7in \u00e7e\u015fitli politikalar olu\u015ftururken di\u011fer yandan saray bah\u00e7elerinde yapt\u0131rd\u0131klar\u0131 tiyatrolar\u0131n birer sanat e\u011fitim kurumu olarak geli\u015fmesini sa\u011flam\u0131\u015flard\u0131r. Dolmabah\u00e7e Saray\u0131 bah\u00e7esinde 1858 y\u0131l\u0131nda Sultan Abd\u00fclmecid\u2019in yapt\u0131rd\u0131\u011f\u0131 Dolmabah\u00e7e Saray Tiyatrosu ile Y\u0131ld\u0131z Saray\u0131 bah\u00e7esinde 1889 y\u0131l\u0131nda Sultan Abd\u00fclhamid\u2019in yapt\u0131rd\u0131\u011f\u0131 Y\u0131ld\u0131z Saray\u0131 Tiyatrosu; tiyatro, opera, bale ve geleneksel g\u00f6steri sanatlar\u0131n\u0131n temsil edildi\u011fi ve \u00fcretildi\u011fi yerler olmu\u015ftur.<\/p>\n<p>Konferans\u0131n odakland\u0131\u011f\u0131 konular aras\u0131nda, saray\u0131n k\u0131sa s\u00fcren \u201c\u0130mparatorluk Tiyatrosu\u201d projesi, Hagop Vartovyan\u2019a verilen on y\u0131ll\u0131k tekel hakk\u0131, d\u00f6nemin entelekt\u00fcellerinin milli bir tiyatro kurma giri\u015fimleri; tiyatro binalar\u0131n\u0131n, gruplar\u0131n\u0131n, telif oyun yaz\u0131m\u0131 ve \u00e7eviri faaliyetlerinin artmas\u0131 ve M\u00fcsl\u00fcmanlara y\u00f6nelik tiyatro yasa\u011f\u0131n\u0131n kalkmas\u0131yla \u015fehir hayat\u0131n\u0131n, kamusal alan\u0131n de\u011fi\u015fimi, \u0130kinci Me\u015frutiyet sonras\u0131 tiyatronun politikle\u015fmesi ve kad\u0131n yazarlar\u0131n tiyatro t\u00fcr\u00fcnde eserler vermeye ba\u015flamalar\u0131 vard\u0131r. Konferans, Osmanl\u0131\u2019n\u0131n modernle\u015fme deneyiminin, politik farkl\u0131la\u015fmalar\u0131n tiyatro \u00e7evrelerinde ve tiyatroya dair tart\u0131\u015fmalarda nas\u0131l yank\u0131 buldu\u011funu g\u00f6stermeye \u00e7al\u0131\u015facakt\u0131r. Sanat\u0131n farkl\u0131 dallar\u0131yla ilgilenen ve eserler veren Abd\u00fclmecid Efendi\u2019nin bir par\u00e7as\u0131 oldu\u011fu bu k\u00fclt\u00fcr ortam\u0131n\u0131, geli\u015fim seyri i\u00e7inde yak\u0131ndan inceleyecek, \u015fehzadenin sanatla olan ili\u015fkisinin tiyatrodaki kaynaklar\u0131n\u0131 ara\u015ft\u0131racakt\u0131r.<\/p>\n<p>\u00d6nemli bilgiler:<\/p>\n<p>\u2013 Konferans, Zoom servisi \u00fczerinden ger\u00e7ekle\u015ftirilir. Konferansa kat\u0131l\u0131m linki, kay\u0131t i\u015flemi sonras\u0131 g\u00f6nderilecek e-postada payla\u015f\u0131laca\u011f\u0131 i\u00e7in e-posta adresinizi belirtmeniz gerekmektedir.<\/p>\n<p>\u2013 \u0130nternet ba\u011flant\u0131s\u0131ndan do\u011fabilecek aksakl\u0131k ve ma\u011fduriyetlerden SSM sorumlu de\u011fildir.<\/p>\n<p>\u2013 Kat\u0131l\u0131mc\u0131lar\u0131n, \u00e7evrimi\u00e7i programlar\u0131 veya bu programlar s\u0131ras\u0131nda kullan\u0131lan her t\u00fcrden g\u00f6rsel, i\u015fitsel, yaz\u0131l\u0131 materyali kaydetme, kopyalama, \u00e7o\u011faltma ve \u00fc\u00e7\u00fcnc\u00fc ki\u015filerle payla\u015fma hakk\u0131 yoktur. Aksi davran\u0131\u015flarda yasal sorumluluk kat\u0131l\u0131mc\u0131ya aittir.<\/p>\n<p>&nbsp;<\/p>\n<p>\u201c<em>\u015eehzade&#8217;nin S\u0131ra D\u0131\u015f\u0131 D\u00fcnyas\u0131: Abd\u00fclmecid Efendi\u201d <\/em>sergisini Sal\u0131, \u00c7ar\u015famba, Per\u015fembe, Cuma ve Pazar g\u00fcnleri 10.00 \u2013 18.00 aras\u0131, Cumartesi g\u00fcnleri 10.00 \u2013 20.00 aras\u0131 ziyaret edebilirsiniz. Ziyaret bilgileri i\u00e7in <a href=\"https:\/\/sakipsabancimuzesi.org\/ziyaret\">t\u0131klay\u0131n\u0131z.<\/a><\/p>\n","protected":false},"excerpt":{"rendered":"<p>Konu\u015fmac\u0131: Esra Dicle<\/p>\n<p>5 Nisan Sal\u0131, 16.00<\/p>\n<p>\u00c7evrimi\u00e7i<\/p>\n","protected":false},"featured_media":248440,"template":"","meta":{"_exactmetrics_skip_tracking":false,"_exactmetrics_sitenote_active":false,"_exactmetrics_sitenote_note":"","_exactmetrics_sitenote_category":0},"product_brand":[],"product_cat":[],"product_tag":[441,375,712],"woo-feed-brand":[],"class_list":{"0":"post-248430","1":"product","2":"type-product","3":"status-publish","4":"has-post-thumbnail","6":"product_tag-sergi","7":"product_tag-cevrimici","8":"product_tag-konferans","10":"first","11":"outofstock","12":"virtual","13":"sold-individually","14":"taxable","15":"purchasable","16":"product-type-simple"},"yoast_head":"<!-- This site is optimized with the Yoast SEO plugin v27.1.1 - https:\/\/yoast.com\/product\/yoast-seo-wordpress\/ -->\n<title>Konferans - Osmanl\u0131\u2019da Saray Tiyatrolar\u0131 ve Tiyatro K\u00fclt\u00fcr\u00fcn\u00fcn Geli\u015fimi - SSM Shop<\/title>\n<meta name=\"robots\" content=\"index, follow, max-snippet:-1, max-image-preview:large, max-video-preview:-1\" \/>\n<link rel=\"canonical\" href=\"https:\/\/sakipsabancimuzesi.org\/shop\/urun\/egitim-ve-etkinlik\/ogrenme-programlari\/yetiskin-ogrenme-programlari\/konferans-osmanlida-saray-tiyatrolari-ve-tiyatro-kulturunun-gelisimi\/\" \/>\n<meta property=\"og:locale\" content=\"tr_TR\" \/>\n<meta property=\"og:type\" content=\"article\" \/>\n<meta property=\"og:title\" content=\"Konferans - Osmanl\u0131\u2019da Saray Tiyatrolar\u0131 ve Tiyatro K\u00fclt\u00fcr\u00fcn\u00fcn Geli\u015fimi - SSM Shop\" \/>\n<meta property=\"og:description\" content=\"Konu\u015fmac\u0131: Esra Dicle  5 Nisan Sal\u0131, 16.00  \u00c7evrimi\u00e7i\" \/>\n<meta property=\"og:url\" content=\"https:\/\/sakipsabancimuzesi.org\/shop\/urun\/egitim-ve-etkinlik\/ogrenme-programlari\/yetiskin-ogrenme-programlari\/konferans-osmanlida-saray-tiyatrolari-ve-tiyatro-kulturunun-gelisimi\/\" \/>\n<meta property=\"og:site_name\" content=\"SSM Shop\" \/>\n<meta property=\"article:publisher\" content=\"https:\/\/www.facebook.com\/SakipSabanciMuzesi\/\" \/>\n<meta property=\"article:modified_time\" content=\"2022-05-16T13:43:28+00:00\" \/>\n<meta property=\"og:image\" content=\"https:\/\/sakipsabancimuzesi.org\/shop\/wp-content\/uploads\/2022\/03\/Naum-2.jpg\" \/>\n\t<meta property=\"og:image:width\" content=\"1080\" \/>\n\t<meta property=\"og:image:height\" content=\"1080\" \/>\n\t<meta property=\"og:image:type\" content=\"image\/jpeg\" \/>\n<meta name=\"twitter:card\" content=\"summary_large_image\" \/>\n<meta name=\"twitter:label1\" content=\"Tahmini okuma s\u00fcresi\" \/>\n\t<meta name=\"twitter:data1\" content=\"2 dakika\" \/>\n<script type=\"application\/ld+json\" class=\"yoast-schema-graph\">{\"@context\":\"https:\/\/schema.org\",\"@graph\":[{\"@type\":\"WebPage\",\"@id\":\"https:\/\/sakipsabancimuzesi.org\/shop\/urun\/egitim-ve-etkinlik\/ogrenme-programlari\/yetiskin-ogrenme-programlari\/konferans-osmanlida-saray-tiyatrolari-ve-tiyatro-kulturunun-gelisimi\/\",\"url\":\"https:\/\/sakipsabancimuzesi.org\/shop\/urun\/egitim-ve-etkinlik\/ogrenme-programlari\/yetiskin-ogrenme-programlari\/konferans-osmanlida-saray-tiyatrolari-ve-tiyatro-kulturunun-gelisimi\/\",\"name\":\"Konferans - Osmanl\u0131\u2019da Saray Tiyatrolar\u0131 ve Tiyatro K\u00fclt\u00fcr\u00fcn\u00fcn Geli\u015fimi - SSM Shop\",\"isPartOf\":{\"@id\":\"https:\/\/sakipsabancimuzesi.org\/shop\/#website\"},\"primaryImageOfPage\":{\"@id\":\"https:\/\/sakipsabancimuzesi.org\/shop\/urun\/egitim-ve-etkinlik\/ogrenme-programlari\/yetiskin-ogrenme-programlari\/konferans-osmanlida-saray-tiyatrolari-ve-tiyatro-kulturunun-gelisimi\/#primaryimage\"},\"image\":{\"@id\":\"https:\/\/sakipsabancimuzesi.org\/shop\/urun\/egitim-ve-etkinlik\/ogrenme-programlari\/yetiskin-ogrenme-programlari\/konferans-osmanlida-saray-tiyatrolari-ve-tiyatro-kulturunun-gelisimi\/#primaryimage\"},\"thumbnailUrl\":\"https:\/\/sakipsabancimuzesi.org\/shop\/wp-content\/uploads\/2022\/03\/Naum-2.jpg\",\"datePublished\":\"2022-03-29T11:23:32+00:00\",\"dateModified\":\"2022-05-16T13:43:28+00:00\",\"breadcrumb\":{\"@id\":\"https:\/\/sakipsabancimuzesi.org\/shop\/urun\/egitim-ve-etkinlik\/ogrenme-programlari\/yetiskin-ogrenme-programlari\/konferans-osmanlida-saray-tiyatrolari-ve-tiyatro-kulturunun-gelisimi\/#breadcrumb\"},\"inLanguage\":\"tr\",\"potentialAction\":[{\"@type\":\"ReadAction\",\"target\":[\"https:\/\/sakipsabancimuzesi.org\/shop\/urun\/egitim-ve-etkinlik\/ogrenme-programlari\/yetiskin-ogrenme-programlari\/konferans-osmanlida-saray-tiyatrolari-ve-tiyatro-kulturunun-gelisimi\/\"]}]},{\"@type\":\"ImageObject\",\"inLanguage\":\"tr\",\"@id\":\"https:\/\/sakipsabancimuzesi.org\/shop\/urun\/egitim-ve-etkinlik\/ogrenme-programlari\/yetiskin-ogrenme-programlari\/konferans-osmanlida-saray-tiyatrolari-ve-tiyatro-kulturunun-gelisimi\/#primaryimage\",\"url\":\"https:\/\/sakipsabancimuzesi.org\/shop\/wp-content\/uploads\/2022\/03\/Naum-2.jpg\",\"contentUrl\":\"https:\/\/sakipsabancimuzesi.org\/shop\/wp-content\/uploads\/2022\/03\/Naum-2.jpg\",\"width\":1080,\"height\":1080},{\"@type\":\"BreadcrumbList\",\"@id\":\"https:\/\/sakipsabancimuzesi.org\/shop\/urun\/egitim-ve-etkinlik\/ogrenme-programlari\/yetiskin-ogrenme-programlari\/konferans-osmanlida-saray-tiyatrolari-ve-tiyatro-kulturunun-gelisimi\/#breadcrumb\",\"itemListElement\":[{\"@type\":\"ListItem\",\"position\":1,\"name\":\"Ana sayfa\",\"item\":\"https:\/\/sakipsabancimuzesi.org\/shop\/\"},{\"@type\":\"ListItem\",\"position\":2,\"name\":\"Shop\",\"item\":\"https:\/\/sakipsabancimuzesi.org\/shop\/shop\/\"},{\"@type\":\"ListItem\",\"position\":3,\"name\":\"Konferans &#8211; Osmanl\u0131\u2019da Saray Tiyatrolar\u0131 ve Tiyatro K\u00fclt\u00fcr\u00fcn\u00fcn Geli\u015fimi\"}]},{\"@type\":\"WebSite\",\"@id\":\"https:\/\/sakipsabancimuzesi.org\/shop\/#website\",\"url\":\"https:\/\/sakipsabancimuzesi.org\/shop\/\",\"name\":\"SSM Shop\",\"description\":\"Sak\u0131p Sabanc\u0131 M\u00fczesi, Ma\u011faza\",\"publisher\":{\"@id\":\"https:\/\/sakipsabancimuzesi.org\/shop\/#organization\"},\"potentialAction\":[{\"@type\":\"SearchAction\",\"target\":{\"@type\":\"EntryPoint\",\"urlTemplate\":\"https:\/\/sakipsabancimuzesi.org\/shop\/?s={search_term_string}\"},\"query-input\":{\"@type\":\"PropertyValueSpecification\",\"valueRequired\":true,\"valueName\":\"search_term_string\"}}],\"inLanguage\":\"tr\"},{\"@type\":\"Organization\",\"@id\":\"https:\/\/sakipsabancimuzesi.org\/shop\/#organization\",\"name\":\"SSM Shop\",\"url\":\"https:\/\/sakipsabancimuzesi.org\/shop\/\",\"logo\":{\"@type\":\"ImageObject\",\"inLanguage\":\"tr\",\"@id\":\"https:\/\/sakipsabancimuzesi.org\/shop\/#\/schema\/logo\/image\/\",\"url\":\"https:\/\/sakipsabancimuzesi.org\/shop\/wp-content\/uploads\/2019\/11\/logo.png\",\"contentUrl\":\"https:\/\/sakipsabancimuzesi.org\/shop\/wp-content\/uploads\/2019\/11\/logo.png\",\"width\":227,\"height\":87,\"caption\":\"SSM Shop\"},\"image\":{\"@id\":\"https:\/\/sakipsabancimuzesi.org\/shop\/#\/schema\/logo\/image\/\"},\"sameAs\":[\"https:\/\/www.facebook.com\/SakipSabanciMuzesi\/\"]}]}<\/script>\n<!-- \/ Yoast SEO plugin. -->","yoast_head_json":{"title":"Konferans - Osmanl\u0131\u2019da Saray Tiyatrolar\u0131 ve Tiyatro K\u00fclt\u00fcr\u00fcn\u00fcn Geli\u015fimi - SSM Shop","robots":{"index":"index","follow":"follow","max-snippet":"max-snippet:-1","max-image-preview":"max-image-preview:large","max-video-preview":"max-video-preview:-1"},"canonical":"https:\/\/sakipsabancimuzesi.org\/shop\/urun\/egitim-ve-etkinlik\/ogrenme-programlari\/yetiskin-ogrenme-programlari\/konferans-osmanlida-saray-tiyatrolari-ve-tiyatro-kulturunun-gelisimi\/","og_locale":"tr_TR","og_type":"article","og_title":"Konferans - Osmanl\u0131\u2019da Saray Tiyatrolar\u0131 ve Tiyatro K\u00fclt\u00fcr\u00fcn\u00fcn Geli\u015fimi - SSM Shop","og_description":"Konu\u015fmac\u0131: Esra Dicle  5 Nisan Sal\u0131, 16.00  \u00c7evrimi\u00e7i","og_url":"https:\/\/sakipsabancimuzesi.org\/shop\/urun\/egitim-ve-etkinlik\/ogrenme-programlari\/yetiskin-ogrenme-programlari\/konferans-osmanlida-saray-tiyatrolari-ve-tiyatro-kulturunun-gelisimi\/","og_site_name":"SSM Shop","article_publisher":"https:\/\/www.facebook.com\/SakipSabanciMuzesi\/","article_modified_time":"2022-05-16T13:43:28+00:00","og_image":[{"width":1080,"height":1080,"url":"https:\/\/sakipsabancimuzesi.org\/shop\/wp-content\/uploads\/2022\/03\/Naum-2.jpg","type":"image\/jpeg"}],"twitter_card":"summary_large_image","twitter_misc":{"Tahmini okuma s\u00fcresi":"2 dakika"},"schema":{"@context":"https:\/\/schema.org","@graph":[{"@type":"WebPage","@id":"https:\/\/sakipsabancimuzesi.org\/shop\/urun\/egitim-ve-etkinlik\/ogrenme-programlari\/yetiskin-ogrenme-programlari\/konferans-osmanlida-saray-tiyatrolari-ve-tiyatro-kulturunun-gelisimi\/","url":"https:\/\/sakipsabancimuzesi.org\/shop\/urun\/egitim-ve-etkinlik\/ogrenme-programlari\/yetiskin-ogrenme-programlari\/konferans-osmanlida-saray-tiyatrolari-ve-tiyatro-kulturunun-gelisimi\/","name":"Konferans - Osmanl\u0131\u2019da Saray Tiyatrolar\u0131 ve Tiyatro K\u00fclt\u00fcr\u00fcn\u00fcn Geli\u015fimi - SSM Shop","isPartOf":{"@id":"https:\/\/sakipsabancimuzesi.org\/shop\/#website"},"primaryImageOfPage":{"@id":"https:\/\/sakipsabancimuzesi.org\/shop\/urun\/egitim-ve-etkinlik\/ogrenme-programlari\/yetiskin-ogrenme-programlari\/konferans-osmanlida-saray-tiyatrolari-ve-tiyatro-kulturunun-gelisimi\/#primaryimage"},"image":{"@id":"https:\/\/sakipsabancimuzesi.org\/shop\/urun\/egitim-ve-etkinlik\/ogrenme-programlari\/yetiskin-ogrenme-programlari\/konferans-osmanlida-saray-tiyatrolari-ve-tiyatro-kulturunun-gelisimi\/#primaryimage"},"thumbnailUrl":"https:\/\/sakipsabancimuzesi.org\/shop\/wp-content\/uploads\/2022\/03\/Naum-2.jpg","datePublished":"2022-03-29T11:23:32+00:00","dateModified":"2022-05-16T13:43:28+00:00","breadcrumb":{"@id":"https:\/\/sakipsabancimuzesi.org\/shop\/urun\/egitim-ve-etkinlik\/ogrenme-programlari\/yetiskin-ogrenme-programlari\/konferans-osmanlida-saray-tiyatrolari-ve-tiyatro-kulturunun-gelisimi\/#breadcrumb"},"inLanguage":"tr","potentialAction":[{"@type":"ReadAction","target":["https:\/\/sakipsabancimuzesi.org\/shop\/urun\/egitim-ve-etkinlik\/ogrenme-programlari\/yetiskin-ogrenme-programlari\/konferans-osmanlida-saray-tiyatrolari-ve-tiyatro-kulturunun-gelisimi\/"]}]},{"@type":"ImageObject","inLanguage":"tr","@id":"https:\/\/sakipsabancimuzesi.org\/shop\/urun\/egitim-ve-etkinlik\/ogrenme-programlari\/yetiskin-ogrenme-programlari\/konferans-osmanlida-saray-tiyatrolari-ve-tiyatro-kulturunun-gelisimi\/#primaryimage","url":"https:\/\/sakipsabancimuzesi.org\/shop\/wp-content\/uploads\/2022\/03\/Naum-2.jpg","contentUrl":"https:\/\/sakipsabancimuzesi.org\/shop\/wp-content\/uploads\/2022\/03\/Naum-2.jpg","width":1080,"height":1080},{"@type":"BreadcrumbList","@id":"https:\/\/sakipsabancimuzesi.org\/shop\/urun\/egitim-ve-etkinlik\/ogrenme-programlari\/yetiskin-ogrenme-programlari\/konferans-osmanlida-saray-tiyatrolari-ve-tiyatro-kulturunun-gelisimi\/#breadcrumb","itemListElement":[{"@type":"ListItem","position":1,"name":"Ana sayfa","item":"https:\/\/sakipsabancimuzesi.org\/shop\/"},{"@type":"ListItem","position":2,"name":"Shop","item":"https:\/\/sakipsabancimuzesi.org\/shop\/shop\/"},{"@type":"ListItem","position":3,"name":"Konferans &#8211; Osmanl\u0131\u2019da Saray Tiyatrolar\u0131 ve Tiyatro K\u00fclt\u00fcr\u00fcn\u00fcn Geli\u015fimi"}]},{"@type":"WebSite","@id":"https:\/\/sakipsabancimuzesi.org\/shop\/#website","url":"https:\/\/sakipsabancimuzesi.org\/shop\/","name":"SSM Shop","description":"Sak\u0131p Sabanc\u0131 M\u00fczesi, Ma\u011faza","publisher":{"@id":"https:\/\/sakipsabancimuzesi.org\/shop\/#organization"},"potentialAction":[{"@type":"SearchAction","target":{"@type":"EntryPoint","urlTemplate":"https:\/\/sakipsabancimuzesi.org\/shop\/?s={search_term_string}"},"query-input":{"@type":"PropertyValueSpecification","valueRequired":true,"valueName":"search_term_string"}}],"inLanguage":"tr"},{"@type":"Organization","@id":"https:\/\/sakipsabancimuzesi.org\/shop\/#organization","name":"SSM Shop","url":"https:\/\/sakipsabancimuzesi.org\/shop\/","logo":{"@type":"ImageObject","inLanguage":"tr","@id":"https:\/\/sakipsabancimuzesi.org\/shop\/#\/schema\/logo\/image\/","url":"https:\/\/sakipsabancimuzesi.org\/shop\/wp-content\/uploads\/2019\/11\/logo.png","contentUrl":"https:\/\/sakipsabancimuzesi.org\/shop\/wp-content\/uploads\/2019\/11\/logo.png","width":227,"height":87,"caption":"SSM Shop"},"image":{"@id":"https:\/\/sakipsabancimuzesi.org\/shop\/#\/schema\/logo\/image\/"},"sameAs":["https:\/\/www.facebook.com\/SakipSabanciMuzesi\/"]}]}},"jetpack_sharing_enabled":true,"_links":{"self":[{"href":"https:\/\/sakipsabancimuzesi.org\/shop\/wp-json\/wp\/v2\/product\/248430","targetHints":{"allow":["GET"]}}],"collection":[{"href":"https:\/\/sakipsabancimuzesi.org\/shop\/wp-json\/wp\/v2\/product"}],"about":[{"href":"https:\/\/sakipsabancimuzesi.org\/shop\/wp-json\/wp\/v2\/types\/product"}],"wp:featuredmedia":[{"embeddable":true,"href":"https:\/\/sakipsabancimuzesi.org\/shop\/wp-json\/wp\/v2\/media\/248440"}],"wp:attachment":[{"href":"https:\/\/sakipsabancimuzesi.org\/shop\/wp-json\/wp\/v2\/media?parent=248430"}],"wp:term":[{"taxonomy":"product_brand","embeddable":true,"href":"https:\/\/sakipsabancimuzesi.org\/shop\/wp-json\/wp\/v2\/product_brand?post=248430"},{"taxonomy":"product_cat","embeddable":true,"href":"https:\/\/sakipsabancimuzesi.org\/shop\/wp-json\/wp\/v2\/product_cat?post=248430"},{"taxonomy":"product_tag","embeddable":true,"href":"https:\/\/sakipsabancimuzesi.org\/shop\/wp-json\/wp\/v2\/product_tag?post=248430"},{"taxonomy":"woo-feed-brand","embeddable":true,"href":"https:\/\/sakipsabancimuzesi.org\/shop\/wp-json\/wp\/v2\/woo-feed-brand?post=248430"}],"curies":[{"name":"wp","href":"https:\/\/api.w.org\/{rel}","templated":true}]}}