{"id":248516,"date":"2022-03-31T22:15:29","date_gmt":"2022-03-31T19:15:29","guid":{"rendered":"https:\/\/sakipsabancimuzesi.org\/shop\/?post_type=product&#038;p=248516"},"modified":"2022-04-09T11:09:49","modified_gmt":"2022-04-09T08:09:49","slug":"ara-tatil-2022-kus-yemlikleri-3-5-yas","status":"publish","type":"product","link":"https:\/\/sakipsabancimuzesi.org\/shop\/urun\/kategorilenmemis\/ara-tatil-2022-kus-yemlikleri-3-5-yas\/","title":{"rendered":"Ara Tatil 2022 &#8211; Ku\u015f Yemlikleri (3-5 Ya\u015f)"},"content":{"rendered":"<p>Ku\u015f ve do\u011fa ili\u015fkisi ile ilgili genel bilgiler anlat\u0131l\u0131p, do\u011fal g\u0131da malzemeleriyle ku\u015f yemlikleri yap\u0131lacak at\u00f6lyede, yarat\u0131c\u0131 fikirlerle farkl\u0131 tasar\u0131mlar haz\u0131rlayaca\u011f\u0131z.<\/p>\n<p>Malzemeler: Elma, portakal, f\u0131st\u0131k ezmesi, yer f\u0131st\u0131\u011f\u0131, tohumlar, ip, tel, kurdele, kurabiye kal\u0131b\u0131, s\u00fcsleme malzemeleri<\/p>\n<p>Tasarlayan ve uygulayan:<span style=\"font-weight: 400\"> B\u00fcy\u00fcbitki<\/span><\/p>\n<p>\u00d6nemli Bilgiler:<\/p>\n<p>&#8211; At\u00f6lye malzemelerini SSM sa\u011flar.<\/p>\n<p>&#8211; At\u00f6lye bileti 1 \u00e7ocuk ve 1 yeti\u015fkini kapsar. 1 yeti\u015fkinin e\u015flik etmesi zorunludur.<\/p>\n<p>&#8211; Sat\u0131n alma i\u015flemi s\u0131ras\u0131nda ek bilgi b\u00f6l\u00fcm\u00fcne kat\u0131l\u0131mc\u0131n\u0131n ad\u0131 ve ya\u015f\u0131 yaz\u0131lmal\u0131d\u0131r.<\/p>\n<p>&#8211; At\u00f6lye, \u00e7ocuk at\u00f6lyesinde sosyal mesafe kurallar\u0131na uygun \u015fekilde ger\u00e7ekle\u015ftirilecektir. At\u00f6lye kat\u0131l\u0131mc\u0131lar\u0131n\u0131n maske kullanmas\u0131 zorunludur. Rahat k\u0131yafetler giyilmesi \u00f6nerilir.<\/p>\n<p>&#8211; Kat\u0131l\u0131mc\u0131lar\u0131n ki\u015fisel sebeplerle at\u00f6lyeye kat\u0131lamamas\u0131 durumunda \u00fccret iadesi veya de\u011fi\u015fiklik taleplerinin i\u015fleme al\u0131nabilmesi i\u00e7in kat\u0131lamayacaklar\u0131 at\u00f6lye tarihinden en az 2 g\u00fcn \u00f6nce talep olu\u015fturmu\u015f olmalar\u0131 gerekir. Kat\u0131l\u0131m sa\u011flanmam\u0131\u015f at\u00f6lyeler i\u00e7in at\u00f6lye tarihinden sonra olu\u015fturulan taleplerde \u00fccret iadesi veya de\u011fi\u015fiklik yap\u0131lmaz.<\/p>\n<p>&nbsp;<\/p>\n<p>&nbsp;<\/p>\n","protected":false},"excerpt":{"rendered":"<p>15 Nisan Cuma<\/p>\n<p>12.30 &#8211; 13.30<\/p>\n<p>Ba\u015flang\u0131\u00e7 ve Biti\u015f Noktas\u0131: Sera At\u00f6lye<\/p>\n","protected":false},"featured_media":248517,"template":"","meta":{"_exactmetrics_skip_tracking":false,"_exactmetrics_sitenote_active":false,"_exactmetrics_sitenote_note":"","_exactmetrics_sitenote_category":0},"product_brand":[],"product_cat":[],"product_tag":[732,618,255,253,373],"woo-feed-brand":[],"class_list":{"0":"post-248516","1":"product","2":"type-product","3":"status-publish","4":"has-post-thumbnail","6":"product_tag-aratatil2022","7":"product_tag-aile","8":"product_tag-atolye","9":"product_tag-cocuk","10":"product_tag-yetiskin","12":"first","13":"outofstock","14":"virtual","15":"taxable","16":"purchasable","17":"product-type-simple"},"yoast_head":"<!-- This site is optimized with the Yoast SEO plugin v27.1.1 - https:\/\/yoast.com\/product\/yoast-seo-wordpress\/ -->\n<title>Ara Tatil 2022 - Ku\u015f Yemlikleri (3-5 Ya\u015f) - SSM Shop<\/title>\n<meta name=\"robots\" content=\"index, follow, max-snippet:-1, max-image-preview:large, max-video-preview:-1\" \/>\n<link rel=\"canonical\" href=\"https:\/\/sakipsabancimuzesi.org\/shop\/urun\/egitim-ve-etkinlik\/ogrenme-programlari\/cocuk-ogrenme-programlari\/ara-tatil-2022-kus-yemlikleri-3-5-yas\/\" \/>\n<meta property=\"og:locale\" content=\"tr_TR\" \/>\n<meta property=\"og:type\" content=\"article\" \/>\n<meta property=\"og:title\" content=\"Ara Tatil 2022 - Ku\u015f Yemlikleri (3-5 Ya\u015f) - SSM Shop\" \/>\n<meta property=\"og:description\" content=\"15 Nisan Cuma  12.30 - 13.30  Ba\u015flang\u0131\u00e7 ve Biti\u015f Noktas\u0131: Sera At\u00f6lye\" \/>\n<meta property=\"og:url\" content=\"https:\/\/sakipsabancimuzesi.org\/shop\/urun\/egitim-ve-etkinlik\/ogrenme-programlari\/cocuk-ogrenme-programlari\/ara-tatil-2022-kus-yemlikleri-3-5-yas\/\" \/>\n<meta property=\"og:site_name\" content=\"SSM Shop\" \/>\n<meta property=\"article:publisher\" content=\"https:\/\/www.facebook.com\/SakipSabanciMuzesi\/\" \/>\n<meta property=\"article:modified_time\" content=\"2022-04-09T08:09:49+00:00\" \/>\n<meta property=\"og:image\" content=\"https:\/\/sakipsabancimuzesi.org\/shop\/wp-content\/uploads\/2022\/03\/ARA-POST-09.jpg\" \/>\n\t<meta property=\"og:image:width\" content=\"1080\" \/>\n\t<meta property=\"og:image:height\" content=\"1080\" \/>\n\t<meta property=\"og:image:type\" content=\"image\/jpeg\" \/>\n<meta name=\"twitter:card\" content=\"summary_large_image\" \/>\n<meta name=\"twitter:label1\" content=\"Tahmini okuma s\u00fcresi\" \/>\n\t<meta name=\"twitter:data1\" content=\"1 dakika\" \/>\n<script type=\"application\/ld+json\" class=\"yoast-schema-graph\">{\"@context\":\"https:\/\/schema.org\",\"@graph\":[{\"@type\":\"WebPage\",\"@id\":\"https:\/\/sakipsabancimuzesi.org\/shop\/urun\/egitim-ve-etkinlik\/ogrenme-programlari\/cocuk-ogrenme-programlari\/ara-tatil-2022-kus-yemlikleri-3-5-yas\/\",\"url\":\"https:\/\/sakipsabancimuzesi.org\/shop\/urun\/egitim-ve-etkinlik\/ogrenme-programlari\/cocuk-ogrenme-programlari\/ara-tatil-2022-kus-yemlikleri-3-5-yas\/\",\"name\":\"Ara Tatil 2022 - Ku\u015f Yemlikleri (3-5 Ya\u015f) - SSM Shop\",\"isPartOf\":{\"@id\":\"https:\/\/sakipsabancimuzesi.org\/shop\/#website\"},\"primaryImageOfPage\":{\"@id\":\"https:\/\/sakipsabancimuzesi.org\/shop\/urun\/egitim-ve-etkinlik\/ogrenme-programlari\/cocuk-ogrenme-programlari\/ara-tatil-2022-kus-yemlikleri-3-5-yas\/#primaryimage\"},\"image\":{\"@id\":\"https:\/\/sakipsabancimuzesi.org\/shop\/urun\/egitim-ve-etkinlik\/ogrenme-programlari\/cocuk-ogrenme-programlari\/ara-tatil-2022-kus-yemlikleri-3-5-yas\/#primaryimage\"},\"thumbnailUrl\":\"https:\/\/sakipsabancimuzesi.org\/shop\/wp-content\/uploads\/2022\/03\/ARA-POST-09.jpg\",\"datePublished\":\"2022-03-31T19:15:29+00:00\",\"dateModified\":\"2022-04-09T08:09:49+00:00\",\"breadcrumb\":{\"@id\":\"https:\/\/sakipsabancimuzesi.org\/shop\/urun\/egitim-ve-etkinlik\/ogrenme-programlari\/cocuk-ogrenme-programlari\/ara-tatil-2022-kus-yemlikleri-3-5-yas\/#breadcrumb\"},\"inLanguage\":\"tr\",\"potentialAction\":[{\"@type\":\"ReadAction\",\"target\":[\"https:\/\/sakipsabancimuzesi.org\/shop\/urun\/egitim-ve-etkinlik\/ogrenme-programlari\/cocuk-ogrenme-programlari\/ara-tatil-2022-kus-yemlikleri-3-5-yas\/\"]}]},{\"@type\":\"ImageObject\",\"inLanguage\":\"tr\",\"@id\":\"https:\/\/sakipsabancimuzesi.org\/shop\/urun\/egitim-ve-etkinlik\/ogrenme-programlari\/cocuk-ogrenme-programlari\/ara-tatil-2022-kus-yemlikleri-3-5-yas\/#primaryimage\",\"url\":\"https:\/\/sakipsabancimuzesi.org\/shop\/wp-content\/uploads\/2022\/03\/ARA-POST-09.jpg\",\"contentUrl\":\"https:\/\/sakipsabancimuzesi.org\/shop\/wp-content\/uploads\/2022\/03\/ARA-POST-09.jpg\",\"width\":1080,\"height\":1080},{\"@type\":\"BreadcrumbList\",\"@id\":\"https:\/\/sakipsabancimuzesi.org\/shop\/urun\/egitim-ve-etkinlik\/ogrenme-programlari\/cocuk-ogrenme-programlari\/ara-tatil-2022-kus-yemlikleri-3-5-yas\/#breadcrumb\",\"itemListElement\":[{\"@type\":\"ListItem\",\"position\":1,\"name\":\"Ana sayfa\",\"item\":\"https:\/\/sakipsabancimuzesi.org\/shop\/\"},{\"@type\":\"ListItem\",\"position\":2,\"name\":\"Shop\",\"item\":\"https:\/\/sakipsabancimuzesi.org\/shop\/shop\/\"},{\"@type\":\"ListItem\",\"position\":3,\"name\":\"Ara Tatil 2022 &#8211; Ku\u015f Yemlikleri (3-5 Ya\u015f)\"}]},{\"@type\":\"WebSite\",\"@id\":\"https:\/\/sakipsabancimuzesi.org\/shop\/#website\",\"url\":\"https:\/\/sakipsabancimuzesi.org\/shop\/\",\"name\":\"SSM Shop\",\"description\":\"Sak\u0131p Sabanc\u0131 M\u00fczesi, Ma\u011faza\",\"publisher\":{\"@id\":\"https:\/\/sakipsabancimuzesi.org\/shop\/#organization\"},\"potentialAction\":[{\"@type\":\"SearchAction\",\"target\":{\"@type\":\"EntryPoint\",\"urlTemplate\":\"https:\/\/sakipsabancimuzesi.org\/shop\/?s={search_term_string}\"},\"query-input\":{\"@type\":\"PropertyValueSpecification\",\"valueRequired\":true,\"valueName\":\"search_term_string\"}}],\"inLanguage\":\"tr\"},{\"@type\":\"Organization\",\"@id\":\"https:\/\/sakipsabancimuzesi.org\/shop\/#organization\",\"name\":\"SSM Shop\",\"url\":\"https:\/\/sakipsabancimuzesi.org\/shop\/\",\"logo\":{\"@type\":\"ImageObject\",\"inLanguage\":\"tr\",\"@id\":\"https:\/\/sakipsabancimuzesi.org\/shop\/#\/schema\/logo\/image\/\",\"url\":\"https:\/\/sakipsabancimuzesi.org\/shop\/wp-content\/uploads\/2019\/11\/logo.png\",\"contentUrl\":\"https:\/\/sakipsabancimuzesi.org\/shop\/wp-content\/uploads\/2019\/11\/logo.png\",\"width\":227,\"height\":87,\"caption\":\"SSM Shop\"},\"image\":{\"@id\":\"https:\/\/sakipsabancimuzesi.org\/shop\/#\/schema\/logo\/image\/\"},\"sameAs\":[\"https:\/\/www.facebook.com\/SakipSabanciMuzesi\/\"]}]}<\/script>\n<!-- \/ Yoast SEO plugin. -->","yoast_head_json":{"title":"Ara Tatil 2022 - Ku\u015f Yemlikleri (3-5 Ya\u015f) - SSM Shop","robots":{"index":"index","follow":"follow","max-snippet":"max-snippet:-1","max-image-preview":"max-image-preview:large","max-video-preview":"max-video-preview:-1"},"canonical":"https:\/\/sakipsabancimuzesi.org\/shop\/urun\/egitim-ve-etkinlik\/ogrenme-programlari\/cocuk-ogrenme-programlari\/ara-tatil-2022-kus-yemlikleri-3-5-yas\/","og_locale":"tr_TR","og_type":"article","og_title":"Ara Tatil 2022 - Ku\u015f Yemlikleri (3-5 Ya\u015f) - SSM Shop","og_description":"15 Nisan Cuma  12.30 - 13.30  Ba\u015flang\u0131\u00e7 ve Biti\u015f Noktas\u0131: Sera At\u00f6lye","og_url":"https:\/\/sakipsabancimuzesi.org\/shop\/urun\/egitim-ve-etkinlik\/ogrenme-programlari\/cocuk-ogrenme-programlari\/ara-tatil-2022-kus-yemlikleri-3-5-yas\/","og_site_name":"SSM Shop","article_publisher":"https:\/\/www.facebook.com\/SakipSabanciMuzesi\/","article_modified_time":"2022-04-09T08:09:49+00:00","og_image":[{"width":1080,"height":1080,"url":"https:\/\/sakipsabancimuzesi.org\/shop\/wp-content\/uploads\/2022\/03\/ARA-POST-09.jpg","type":"image\/jpeg"}],"twitter_card":"summary_large_image","twitter_misc":{"Tahmini okuma s\u00fcresi":"1 dakika"},"schema":{"@context":"https:\/\/schema.org","@graph":[{"@type":"WebPage","@id":"https:\/\/sakipsabancimuzesi.org\/shop\/urun\/egitim-ve-etkinlik\/ogrenme-programlari\/cocuk-ogrenme-programlari\/ara-tatil-2022-kus-yemlikleri-3-5-yas\/","url":"https:\/\/sakipsabancimuzesi.org\/shop\/urun\/egitim-ve-etkinlik\/ogrenme-programlari\/cocuk-ogrenme-programlari\/ara-tatil-2022-kus-yemlikleri-3-5-yas\/","name":"Ara Tatil 2022 - Ku\u015f Yemlikleri (3-5 Ya\u015f) - SSM Shop","isPartOf":{"@id":"https:\/\/sakipsabancimuzesi.org\/shop\/#website"},"primaryImageOfPage":{"@id":"https:\/\/sakipsabancimuzesi.org\/shop\/urun\/egitim-ve-etkinlik\/ogrenme-programlari\/cocuk-ogrenme-programlari\/ara-tatil-2022-kus-yemlikleri-3-5-yas\/#primaryimage"},"image":{"@id":"https:\/\/sakipsabancimuzesi.org\/shop\/urun\/egitim-ve-etkinlik\/ogrenme-programlari\/cocuk-ogrenme-programlari\/ara-tatil-2022-kus-yemlikleri-3-5-yas\/#primaryimage"},"thumbnailUrl":"https:\/\/sakipsabancimuzesi.org\/shop\/wp-content\/uploads\/2022\/03\/ARA-POST-09.jpg","datePublished":"2022-03-31T19:15:29+00:00","dateModified":"2022-04-09T08:09:49+00:00","breadcrumb":{"@id":"https:\/\/sakipsabancimuzesi.org\/shop\/urun\/egitim-ve-etkinlik\/ogrenme-programlari\/cocuk-ogrenme-programlari\/ara-tatil-2022-kus-yemlikleri-3-5-yas\/#breadcrumb"},"inLanguage":"tr","potentialAction":[{"@type":"ReadAction","target":["https:\/\/sakipsabancimuzesi.org\/shop\/urun\/egitim-ve-etkinlik\/ogrenme-programlari\/cocuk-ogrenme-programlari\/ara-tatil-2022-kus-yemlikleri-3-5-yas\/"]}]},{"@type":"ImageObject","inLanguage":"tr","@id":"https:\/\/sakipsabancimuzesi.org\/shop\/urun\/egitim-ve-etkinlik\/ogrenme-programlari\/cocuk-ogrenme-programlari\/ara-tatil-2022-kus-yemlikleri-3-5-yas\/#primaryimage","url":"https:\/\/sakipsabancimuzesi.org\/shop\/wp-content\/uploads\/2022\/03\/ARA-POST-09.jpg","contentUrl":"https:\/\/sakipsabancimuzesi.org\/shop\/wp-content\/uploads\/2022\/03\/ARA-POST-09.jpg","width":1080,"height":1080},{"@type":"BreadcrumbList","@id":"https:\/\/sakipsabancimuzesi.org\/shop\/urun\/egitim-ve-etkinlik\/ogrenme-programlari\/cocuk-ogrenme-programlari\/ara-tatil-2022-kus-yemlikleri-3-5-yas\/#breadcrumb","itemListElement":[{"@type":"ListItem","position":1,"name":"Ana sayfa","item":"https:\/\/sakipsabancimuzesi.org\/shop\/"},{"@type":"ListItem","position":2,"name":"Shop","item":"https:\/\/sakipsabancimuzesi.org\/shop\/shop\/"},{"@type":"ListItem","position":3,"name":"Ara Tatil 2022 &#8211; Ku\u015f Yemlikleri (3-5 Ya\u015f)"}]},{"@type":"WebSite","@id":"https:\/\/sakipsabancimuzesi.org\/shop\/#website","url":"https:\/\/sakipsabancimuzesi.org\/shop\/","name":"SSM Shop","description":"Sak\u0131p Sabanc\u0131 M\u00fczesi, Ma\u011faza","publisher":{"@id":"https:\/\/sakipsabancimuzesi.org\/shop\/#organization"},"potentialAction":[{"@type":"SearchAction","target":{"@type":"EntryPoint","urlTemplate":"https:\/\/sakipsabancimuzesi.org\/shop\/?s={search_term_string}"},"query-input":{"@type":"PropertyValueSpecification","valueRequired":true,"valueName":"search_term_string"}}],"inLanguage":"tr"},{"@type":"Organization","@id":"https:\/\/sakipsabancimuzesi.org\/shop\/#organization","name":"SSM Shop","url":"https:\/\/sakipsabancimuzesi.org\/shop\/","logo":{"@type":"ImageObject","inLanguage":"tr","@id":"https:\/\/sakipsabancimuzesi.org\/shop\/#\/schema\/logo\/image\/","url":"https:\/\/sakipsabancimuzesi.org\/shop\/wp-content\/uploads\/2019\/11\/logo.png","contentUrl":"https:\/\/sakipsabancimuzesi.org\/shop\/wp-content\/uploads\/2019\/11\/logo.png","width":227,"height":87,"caption":"SSM Shop"},"image":{"@id":"https:\/\/sakipsabancimuzesi.org\/shop\/#\/schema\/logo\/image\/"},"sameAs":["https:\/\/www.facebook.com\/SakipSabanciMuzesi\/"]}]}},"jetpack_sharing_enabled":true,"_links":{"self":[{"href":"https:\/\/sakipsabancimuzesi.org\/shop\/wp-json\/wp\/v2\/product\/248516","targetHints":{"allow":["GET"]}}],"collection":[{"href":"https:\/\/sakipsabancimuzesi.org\/shop\/wp-json\/wp\/v2\/product"}],"about":[{"href":"https:\/\/sakipsabancimuzesi.org\/shop\/wp-json\/wp\/v2\/types\/product"}],"wp:featuredmedia":[{"embeddable":true,"href":"https:\/\/sakipsabancimuzesi.org\/shop\/wp-json\/wp\/v2\/media\/248517"}],"wp:attachment":[{"href":"https:\/\/sakipsabancimuzesi.org\/shop\/wp-json\/wp\/v2\/media?parent=248516"}],"wp:term":[{"taxonomy":"product_brand","embeddable":true,"href":"https:\/\/sakipsabancimuzesi.org\/shop\/wp-json\/wp\/v2\/product_brand?post=248516"},{"taxonomy":"product_cat","embeddable":true,"href":"https:\/\/sakipsabancimuzesi.org\/shop\/wp-json\/wp\/v2\/product_cat?post=248516"},{"taxonomy":"product_tag","embeddable":true,"href":"https:\/\/sakipsabancimuzesi.org\/shop\/wp-json\/wp\/v2\/product_tag?post=248516"},{"taxonomy":"woo-feed-brand","embeddable":true,"href":"https:\/\/sakipsabancimuzesi.org\/shop\/wp-json\/wp\/v2\/woo-feed-brand?post=248516"}],"curies":[{"name":"wp","href":"https:\/\/api.w.org\/{rel}","templated":true}]}}