{"id":249022,"date":"2022-04-14T13:54:42","date_gmt":"2022-04-14T10:54:42","guid":{"rendered":"https:\/\/sakipsabancimuzesi.org\/shop\/?post_type=product&#038;p=249022"},"modified":"2026-04-30T14:49:55","modified_gmt":"2026-04-30T11:49:55","slug":"dunyanin-en-guzel-ulkesi","status":"publish","type":"product","link":"https:\/\/sakipsabancimuzesi.org\/shop\/urun\/yayin-ve-multimedya\/cocuk-kitaplari\/dunyanin-en-guzel-ulkesi\/","title":{"rendered":"D\u00fcnyan\u0131n En G\u00fczel \u00dclkesi"},"content":{"rendered":"<p>Orman\u0131n kral\u0131 aslan, do\u011fdu\u011fu g\u00fcnden beri ayn\u0131 ormanda ya\u015f\u0131yordu. Art\u0131k ba\u015fka yerlere gitmenin, d\u00fcnyan\u0131n en g\u00fczel \u00fclkesini g\u00f6rmenin zaman\u0131 gelmi\u015fti. Peki d\u00fcnyan\u0131n en g\u00fczel \u00fclkesi neresiydi?<\/p>\n<p>Hayvanlar\u0131n kendi ya\u015fad\u0131klar\u0131 \u00fclkeleri anlatt\u0131klar\u0131, k\u0131tadan k\u0131taya gezerek farkl\u0131 k\u00fclt\u00fcrleri tan\u0131tt\u0131klar\u0131 bu hik\u00e2yede sayfalar\u0131n aras\u0131nda d\u00fcnyay\u0131 dola\u015fmaya haz\u0131r m\u0131s\u0131n\u0131z?<\/p>\n<p>(Tan\u0131t\u0131m B\u00fclteninden)<\/p>\n","protected":false},"excerpt":{"rendered":"<p>Orman\u0131n kral\u0131 aslan, do\u011fdu\u011fu g\u00fcnden beri ayn\u0131 ormanda ya\u015f\u0131yordu. Art\u0131k ba\u015fka yerlere gitmenin, d\u00fcnyan\u0131n en g\u00fczel \u00fclkesini g\u00f6rmenin zaman\u0131 gelmi\u015fti. Peki d\u00fcnyan\u0131n en g\u00fczel \u00fclkesi neresiydi? Hayvanlar\u0131n kendi ya\u015fad\u0131klar\u0131 \u00fclkeleri anlatt\u0131klar\u0131, k\u0131tadan k\u0131taya gezerek farkl\u0131 k\u00fclt\u00fcrleri tan\u0131tt\u0131klar\u0131 bu hik\u00e2yede sayfalar\u0131n aras\u0131nda d\u00fcnyay\u0131 dola\u015fmaya haz\u0131r m\u0131s\u0131n\u0131z? (Tan\u0131t\u0131m B\u00fclteninden)<\/p>\n","protected":false},"featured_media":249009,"template":"","meta":{"_exactmetrics_skip_tracking":false,"_exactmetrics_sitenote_active":false,"_exactmetrics_sitenote_note":"","_exactmetrics_sitenote_category":0},"product_brand":[],"product_cat":[628,662,665,760],"product_tag":[],"woo-feed-brand":[],"class_list":{"0":"post-249022","1":"product","2":"type-product","3":"status-publish","4":"has-post-thumbnail","6":"product_cat-cocuk-ve-oyun","7":"product_cat-yayin-ve-multimedya","8":"product_cat-cocuk-kitaplari","9":"product_cat-cocuk-kitaplari-cocuk-ve-oyun","11":"first","12":"instock","13":"taxable","14":"shipping-taxable","15":"purchasable","16":"product-type-simple"},"yoast_head":"<!-- This site is optimized with the Yoast SEO plugin v27.1.1 - https:\/\/yoast.com\/product\/yoast-seo-wordpress\/ -->\n<title>D\u00fcnyan\u0131n En G\u00fczel \u00dclkesi - SSM Shop<\/title>\n<meta name=\"robots\" content=\"index, follow, max-snippet:-1, max-image-preview:large, max-video-preview:-1\" \/>\n<link rel=\"canonical\" href=\"https:\/\/sakipsabancimuzesi.org\/shop\/urun\/yayin-ve-multimedya\/cocuk-kitaplari\/dunyanin-en-guzel-ulkesi\/\" \/>\n<meta property=\"og:locale\" content=\"tr_TR\" \/>\n<meta property=\"og:type\" content=\"article\" \/>\n<meta property=\"og:title\" content=\"D\u00fcnyan\u0131n En G\u00fczel \u00dclkesi - SSM Shop\" \/>\n<meta property=\"og:description\" content=\"Orman\u0131n kral\u0131 aslan, do\u011fdu\u011fu g\u00fcnden beri ayn\u0131 ormanda ya\u015f\u0131yordu. Art\u0131k ba\u015fka yerlere gitmenin, d\u00fcnyan\u0131n en g\u00fczel \u00fclkesini g\u00f6rmenin zaman\u0131 gelmi\u015fti. Peki d\u00fcnyan\u0131n en g\u00fczel \u00fclkesi neresiydi? Hayvanlar\u0131n kendi ya\u015fad\u0131klar\u0131 \u00fclkeleri anlatt\u0131klar\u0131, k\u0131tadan k\u0131taya gezerek farkl\u0131 k\u00fclt\u00fcrleri tan\u0131tt\u0131klar\u0131 bu hik\u00e2yede sayfalar\u0131n aras\u0131nda d\u00fcnyay\u0131 dola\u015fmaya haz\u0131r m\u0131s\u0131n\u0131z? (Tan\u0131t\u0131m B\u00fclteninden)\" \/>\n<meta property=\"og:url\" content=\"https:\/\/sakipsabancimuzesi.org\/shop\/urun\/yayin-ve-multimedya\/cocuk-kitaplari\/dunyanin-en-guzel-ulkesi\/\" \/>\n<meta property=\"og:site_name\" content=\"SSM Shop\" \/>\n<meta property=\"article:publisher\" content=\"https:\/\/www.facebook.com\/SakipSabanciMuzesi\/\" \/>\n<meta property=\"article:modified_time\" content=\"2026-04-30T11:49:55+00:00\" \/>\n<meta property=\"og:image\" content=\"https:\/\/sakipsabancimuzesi.org\/shop\/wp-content\/uploads\/2022\/04\/dunyanin-en-guzel-ulkesi.jpg\" \/>\n\t<meta property=\"og:image:width\" content=\"1280\" \/>\n\t<meta property=\"og:image:height\" content=\"1600\" \/>\n\t<meta property=\"og:image:type\" content=\"image\/jpeg\" \/>\n<meta name=\"twitter:card\" content=\"summary_large_image\" \/>\n<script type=\"application\/ld+json\" class=\"yoast-schema-graph\">{\"@context\":\"https:\/\/schema.org\",\"@graph\":[{\"@type\":\"WebPage\",\"@id\":\"https:\/\/sakipsabancimuzesi.org\/shop\/urun\/yayin-ve-multimedya\/cocuk-kitaplari\/dunyanin-en-guzel-ulkesi\/\",\"url\":\"https:\/\/sakipsabancimuzesi.org\/shop\/urun\/yayin-ve-multimedya\/cocuk-kitaplari\/dunyanin-en-guzel-ulkesi\/\",\"name\":\"D\u00fcnyan\u0131n En G\u00fczel \u00dclkesi - SSM Shop\",\"isPartOf\":{\"@id\":\"https:\/\/sakipsabancimuzesi.org\/shop\/#website\"},\"primaryImageOfPage\":{\"@id\":\"https:\/\/sakipsabancimuzesi.org\/shop\/urun\/yayin-ve-multimedya\/cocuk-kitaplari\/dunyanin-en-guzel-ulkesi\/#primaryimage\"},\"image\":{\"@id\":\"https:\/\/sakipsabancimuzesi.org\/shop\/urun\/yayin-ve-multimedya\/cocuk-kitaplari\/dunyanin-en-guzel-ulkesi\/#primaryimage\"},\"thumbnailUrl\":\"https:\/\/sakipsabancimuzesi.org\/shop\/wp-content\/uploads\/2022\/04\/dunyanin-en-guzel-ulkesi.jpg\",\"datePublished\":\"2022-04-14T10:54:42+00:00\",\"dateModified\":\"2026-04-30T11:49:55+00:00\",\"breadcrumb\":{\"@id\":\"https:\/\/sakipsabancimuzesi.org\/shop\/urun\/yayin-ve-multimedya\/cocuk-kitaplari\/dunyanin-en-guzel-ulkesi\/#breadcrumb\"},\"inLanguage\":\"tr\",\"potentialAction\":[{\"@type\":\"ReadAction\",\"target\":[\"https:\/\/sakipsabancimuzesi.org\/shop\/urun\/yayin-ve-multimedya\/cocuk-kitaplari\/dunyanin-en-guzel-ulkesi\/\"]}]},{\"@type\":\"ImageObject\",\"inLanguage\":\"tr\",\"@id\":\"https:\/\/sakipsabancimuzesi.org\/shop\/urun\/yayin-ve-multimedya\/cocuk-kitaplari\/dunyanin-en-guzel-ulkesi\/#primaryimage\",\"url\":\"https:\/\/sakipsabancimuzesi.org\/shop\/wp-content\/uploads\/2022\/04\/dunyanin-en-guzel-ulkesi.jpg\",\"contentUrl\":\"https:\/\/sakipsabancimuzesi.org\/shop\/wp-content\/uploads\/2022\/04\/dunyanin-en-guzel-ulkesi.jpg\",\"width\":1280,\"height\":1600},{\"@type\":\"BreadcrumbList\",\"@id\":\"https:\/\/sakipsabancimuzesi.org\/shop\/urun\/yayin-ve-multimedya\/cocuk-kitaplari\/dunyanin-en-guzel-ulkesi\/#breadcrumb\",\"itemListElement\":[{\"@type\":\"ListItem\",\"position\":1,\"name\":\"Ana sayfa\",\"item\":\"https:\/\/sakipsabancimuzesi.org\/shop\/\"},{\"@type\":\"ListItem\",\"position\":2,\"name\":\"Shop\",\"item\":\"https:\/\/sakipsabancimuzesi.org\/shop\/shop\/\"},{\"@type\":\"ListItem\",\"position\":3,\"name\":\"D\u00fcnyan\u0131n En G\u00fczel \u00dclkesi\"}]},{\"@type\":\"WebSite\",\"@id\":\"https:\/\/sakipsabancimuzesi.org\/shop\/#website\",\"url\":\"https:\/\/sakipsabancimuzesi.org\/shop\/\",\"name\":\"SSM Shop\",\"description\":\"Sak\u0131p Sabanc\u0131 M\u00fczesi, Ma\u011faza\",\"publisher\":{\"@id\":\"https:\/\/sakipsabancimuzesi.org\/shop\/#organization\"},\"potentialAction\":[{\"@type\":\"SearchAction\",\"target\":{\"@type\":\"EntryPoint\",\"urlTemplate\":\"https:\/\/sakipsabancimuzesi.org\/shop\/?s={search_term_string}\"},\"query-input\":{\"@type\":\"PropertyValueSpecification\",\"valueRequired\":true,\"valueName\":\"search_term_string\"}}],\"inLanguage\":\"tr\"},{\"@type\":\"Organization\",\"@id\":\"https:\/\/sakipsabancimuzesi.org\/shop\/#organization\",\"name\":\"SSM Shop\",\"url\":\"https:\/\/sakipsabancimuzesi.org\/shop\/\",\"logo\":{\"@type\":\"ImageObject\",\"inLanguage\":\"tr\",\"@id\":\"https:\/\/sakipsabancimuzesi.org\/shop\/#\/schema\/logo\/image\/\",\"url\":\"https:\/\/sakipsabancimuzesi.org\/shop\/wp-content\/uploads\/2019\/11\/logo.png\",\"contentUrl\":\"https:\/\/sakipsabancimuzesi.org\/shop\/wp-content\/uploads\/2019\/11\/logo.png\",\"width\":227,\"height\":87,\"caption\":\"SSM Shop\"},\"image\":{\"@id\":\"https:\/\/sakipsabancimuzesi.org\/shop\/#\/schema\/logo\/image\/\"},\"sameAs\":[\"https:\/\/www.facebook.com\/SakipSabanciMuzesi\/\"]}]}<\/script>\n<!-- \/ Yoast SEO plugin. -->","yoast_head_json":{"title":"D\u00fcnyan\u0131n En G\u00fczel \u00dclkesi - SSM Shop","robots":{"index":"index","follow":"follow","max-snippet":"max-snippet:-1","max-image-preview":"max-image-preview:large","max-video-preview":"max-video-preview:-1"},"canonical":"https:\/\/sakipsabancimuzesi.org\/shop\/urun\/yayin-ve-multimedya\/cocuk-kitaplari\/dunyanin-en-guzel-ulkesi\/","og_locale":"tr_TR","og_type":"article","og_title":"D\u00fcnyan\u0131n En G\u00fczel \u00dclkesi - SSM Shop","og_description":"Orman\u0131n kral\u0131 aslan, do\u011fdu\u011fu g\u00fcnden beri ayn\u0131 ormanda ya\u015f\u0131yordu. Art\u0131k ba\u015fka yerlere gitmenin, d\u00fcnyan\u0131n en g\u00fczel \u00fclkesini g\u00f6rmenin zaman\u0131 gelmi\u015fti. Peki d\u00fcnyan\u0131n en g\u00fczel \u00fclkesi neresiydi? Hayvanlar\u0131n kendi ya\u015fad\u0131klar\u0131 \u00fclkeleri anlatt\u0131klar\u0131, k\u0131tadan k\u0131taya gezerek farkl\u0131 k\u00fclt\u00fcrleri tan\u0131tt\u0131klar\u0131 bu hik\u00e2yede sayfalar\u0131n aras\u0131nda d\u00fcnyay\u0131 dola\u015fmaya haz\u0131r m\u0131s\u0131n\u0131z? (Tan\u0131t\u0131m B\u00fclteninden)","og_url":"https:\/\/sakipsabancimuzesi.org\/shop\/urun\/yayin-ve-multimedya\/cocuk-kitaplari\/dunyanin-en-guzel-ulkesi\/","og_site_name":"SSM Shop","article_publisher":"https:\/\/www.facebook.com\/SakipSabanciMuzesi\/","article_modified_time":"2026-04-30T11:49:55+00:00","og_image":[{"width":1280,"height":1600,"url":"https:\/\/sakipsabancimuzesi.org\/shop\/wp-content\/uploads\/2022\/04\/dunyanin-en-guzel-ulkesi.jpg","type":"image\/jpeg"}],"twitter_card":"summary_large_image","schema":{"@context":"https:\/\/schema.org","@graph":[{"@type":"WebPage","@id":"https:\/\/sakipsabancimuzesi.org\/shop\/urun\/yayin-ve-multimedya\/cocuk-kitaplari\/dunyanin-en-guzel-ulkesi\/","url":"https:\/\/sakipsabancimuzesi.org\/shop\/urun\/yayin-ve-multimedya\/cocuk-kitaplari\/dunyanin-en-guzel-ulkesi\/","name":"D\u00fcnyan\u0131n En G\u00fczel \u00dclkesi - SSM Shop","isPartOf":{"@id":"https:\/\/sakipsabancimuzesi.org\/shop\/#website"},"primaryImageOfPage":{"@id":"https:\/\/sakipsabancimuzesi.org\/shop\/urun\/yayin-ve-multimedya\/cocuk-kitaplari\/dunyanin-en-guzel-ulkesi\/#primaryimage"},"image":{"@id":"https:\/\/sakipsabancimuzesi.org\/shop\/urun\/yayin-ve-multimedya\/cocuk-kitaplari\/dunyanin-en-guzel-ulkesi\/#primaryimage"},"thumbnailUrl":"https:\/\/sakipsabancimuzesi.org\/shop\/wp-content\/uploads\/2022\/04\/dunyanin-en-guzel-ulkesi.jpg","datePublished":"2022-04-14T10:54:42+00:00","dateModified":"2026-04-30T11:49:55+00:00","breadcrumb":{"@id":"https:\/\/sakipsabancimuzesi.org\/shop\/urun\/yayin-ve-multimedya\/cocuk-kitaplari\/dunyanin-en-guzel-ulkesi\/#breadcrumb"},"inLanguage":"tr","potentialAction":[{"@type":"ReadAction","target":["https:\/\/sakipsabancimuzesi.org\/shop\/urun\/yayin-ve-multimedya\/cocuk-kitaplari\/dunyanin-en-guzel-ulkesi\/"]}]},{"@type":"ImageObject","inLanguage":"tr","@id":"https:\/\/sakipsabancimuzesi.org\/shop\/urun\/yayin-ve-multimedya\/cocuk-kitaplari\/dunyanin-en-guzel-ulkesi\/#primaryimage","url":"https:\/\/sakipsabancimuzesi.org\/shop\/wp-content\/uploads\/2022\/04\/dunyanin-en-guzel-ulkesi.jpg","contentUrl":"https:\/\/sakipsabancimuzesi.org\/shop\/wp-content\/uploads\/2022\/04\/dunyanin-en-guzel-ulkesi.jpg","width":1280,"height":1600},{"@type":"BreadcrumbList","@id":"https:\/\/sakipsabancimuzesi.org\/shop\/urun\/yayin-ve-multimedya\/cocuk-kitaplari\/dunyanin-en-guzel-ulkesi\/#breadcrumb","itemListElement":[{"@type":"ListItem","position":1,"name":"Ana sayfa","item":"https:\/\/sakipsabancimuzesi.org\/shop\/"},{"@type":"ListItem","position":2,"name":"Shop","item":"https:\/\/sakipsabancimuzesi.org\/shop\/shop\/"},{"@type":"ListItem","position":3,"name":"D\u00fcnyan\u0131n En G\u00fczel \u00dclkesi"}]},{"@type":"WebSite","@id":"https:\/\/sakipsabancimuzesi.org\/shop\/#website","url":"https:\/\/sakipsabancimuzesi.org\/shop\/","name":"SSM Shop","description":"Sak\u0131p Sabanc\u0131 M\u00fczesi, Ma\u011faza","publisher":{"@id":"https:\/\/sakipsabancimuzesi.org\/shop\/#organization"},"potentialAction":[{"@type":"SearchAction","target":{"@type":"EntryPoint","urlTemplate":"https:\/\/sakipsabancimuzesi.org\/shop\/?s={search_term_string}"},"query-input":{"@type":"PropertyValueSpecification","valueRequired":true,"valueName":"search_term_string"}}],"inLanguage":"tr"},{"@type":"Organization","@id":"https:\/\/sakipsabancimuzesi.org\/shop\/#organization","name":"SSM Shop","url":"https:\/\/sakipsabancimuzesi.org\/shop\/","logo":{"@type":"ImageObject","inLanguage":"tr","@id":"https:\/\/sakipsabancimuzesi.org\/shop\/#\/schema\/logo\/image\/","url":"https:\/\/sakipsabancimuzesi.org\/shop\/wp-content\/uploads\/2019\/11\/logo.png","contentUrl":"https:\/\/sakipsabancimuzesi.org\/shop\/wp-content\/uploads\/2019\/11\/logo.png","width":227,"height":87,"caption":"SSM Shop"},"image":{"@id":"https:\/\/sakipsabancimuzesi.org\/shop\/#\/schema\/logo\/image\/"},"sameAs":["https:\/\/www.facebook.com\/SakipSabanciMuzesi\/"]}]}},"jetpack_sharing_enabled":true,"_links":{"self":[{"href":"https:\/\/sakipsabancimuzesi.org\/shop\/wp-json\/wp\/v2\/product\/249022","targetHints":{"allow":["GET"]}}],"collection":[{"href":"https:\/\/sakipsabancimuzesi.org\/shop\/wp-json\/wp\/v2\/product"}],"about":[{"href":"https:\/\/sakipsabancimuzesi.org\/shop\/wp-json\/wp\/v2\/types\/product"}],"wp:featuredmedia":[{"embeddable":true,"href":"https:\/\/sakipsabancimuzesi.org\/shop\/wp-json\/wp\/v2\/media\/249009"}],"wp:attachment":[{"href":"https:\/\/sakipsabancimuzesi.org\/shop\/wp-json\/wp\/v2\/media?parent=249022"}],"wp:term":[{"taxonomy":"product_brand","embeddable":true,"href":"https:\/\/sakipsabancimuzesi.org\/shop\/wp-json\/wp\/v2\/product_brand?post=249022"},{"taxonomy":"product_cat","embeddable":true,"href":"https:\/\/sakipsabancimuzesi.org\/shop\/wp-json\/wp\/v2\/product_cat?post=249022"},{"taxonomy":"product_tag","embeddable":true,"href":"https:\/\/sakipsabancimuzesi.org\/shop\/wp-json\/wp\/v2\/product_tag?post=249022"},{"taxonomy":"woo-feed-brand","embeddable":true,"href":"https:\/\/sakipsabancimuzesi.org\/shop\/wp-json\/wp\/v2\/woo-feed-brand?post=249022"}],"curies":[{"name":"wp","href":"https:\/\/api.w.org\/{rel}","templated":true}]}}