{"id":251657,"date":"2022-07-06T09:41:56","date_gmt":"2022-07-06T06:41:56","guid":{"rendered":"https:\/\/sakipsabancimuzesi.org\/shop\/?post_type=product&#038;p=251657"},"modified":"2025-12-12T15:21:32","modified_gmt":"2025-12-12T12:21:32","slug":"four-seasons-at-ssm-koleksiyonu-seramik-fincan","status":"publish","type":"product","link":"https:\/\/sakipsabancimuzesi.org\/shop\/urun\/ev-dekorasyon\/mutfak\/four-seasons-at-ssm-koleksiyonu-seramik-fincan\/","title":{"rendered":"Four Seasons at SSM Koleksiyonu \/ Seramik Fincan"},"content":{"rendered":"<p>Sak\u0131p Sabanc\u0131 M\u00fczesi i\u00e7in \u00f6zel olarak \u00fcretilen Four Seasons at SSM \/ M\u00fczede D\u00f6rt Mevsim Koleksiyonu ; m\u00fcze bah\u00e7esinde, mevsim ge\u00e7i\u015flerini s\u0131ra d\u0131\u015f\u0131 g\u00fczellikle yans\u0131tan bitkilerden ilhamla \u00e7izilen suluboya ill\u00fcstrasyonlar\u0131 kullan\u0131larak tasarland\u0131. \u0130lkbahar i\u00e7in bahar\u0131n m\u00fcjdecisi Manolya \u00e7i\u00e7e\u011fi, yaz i\u00e7in rengi ile g\u00f6z kama\u015ft\u0131ran S\u00fcsen \u00e7i\u00e7e\u011fi, Sonbahar i\u00e7in t\u00fcm do\u011fa uykuya ge\u00e7erken k\u0131rm\u0131z\u0131 meyveleri ile bizi \u015fa\u015f\u0131rtan Kocayemi\u015f ve k\u0131\u015f i\u00e7in de sil\u00fceti ile m\u00fczenin ve bo\u011faz\u0131n simgesi olmu\u015f F\u0131st\u0131k \u00e7am\u0131 resmedildi.<\/p>\n","protected":false},"excerpt":{"rendered":"<p>Sak\u0131p Sabanc\u0131 M\u00fczesi i\u00e7in \u00f6zel olarak \u00fcretilen Four Seasons at SSM \/ M\u00fczede D\u00f6rt Mevsim Koleksiyonu ; m\u00fcze bah\u00e7esinde, mevsim ge\u00e7i\u015flerini s\u0131ra d\u0131\u015f\u0131 g\u00fczellikle yans\u0131tan bitkilerden ilhamla \u00e7izilen suluboya ill\u00fcstrasyonlar\u0131 kullan\u0131larak tasarland\u0131. \u0130lkbahar i\u00e7in bahar\u0131n m\u00fcjdecisi Manolya \u00e7i\u00e7e\u011fi, yaz i\u00e7in rengi ile g\u00f6z kama\u015ft\u0131ran S\u00fcsen \u00e7i\u00e7e\u011fi, Sonbahar i\u00e7in t\u00fcm do\u011fa uykuya ge\u00e7erken k\u0131rm\u0131z\u0131 meyveleri ile [&#8230;]\n","protected":false},"featured_media":251669,"template":"","meta":{"_exactmetrics_skip_tracking":false,"_exactmetrics_sitenote_active":false,"_exactmetrics_sitenote_note":"","_exactmetrics_sitenote_category":0},"product_brand":[],"product_cat":[634,636],"product_tag":[770,746,566,363],"woo-feed-brand":[],"class_list":{"0":"post-251657","1":"product","2":"type-product","3":"status-publish","4":"has-post-thumbnail","6":"product_cat-ev-dekorasyon","7":"product_cat-mutfak","8":"product_tag-annelergunuseckisi","9":"product_tag-four-seasons-at-ssm","10":"product_tag-kupa","11":"product_tag-seramik","13":"first","14":"instock","15":"taxable","16":"shipping-taxable","17":"purchasable","18":"product-type-variable"},"yoast_head":"<!-- This site is optimized with the Yoast SEO plugin v27.1.1 - https:\/\/yoast.com\/product\/yoast-seo-wordpress\/ -->\n<title>Four Seasons at SSM Koleksiyonu \/ Seramik Fincan - SSM Shop<\/title>\n<meta name=\"robots\" content=\"index, follow, max-snippet:-1, max-image-preview:large, max-video-preview:-1\" \/>\n<link rel=\"canonical\" href=\"https:\/\/sakipsabancimuzesi.org\/shop\/urun\/ev-dekorasyon\/mutfak\/four-seasons-at-ssm-koleksiyonu-seramik-fincan\/\" \/>\n<meta property=\"og:locale\" content=\"tr_TR\" \/>\n<meta property=\"og:type\" content=\"article\" \/>\n<meta property=\"og:title\" content=\"Four Seasons at SSM Koleksiyonu \/ Seramik Fincan - SSM Shop\" \/>\n<meta property=\"og:description\" content=\"Sak\u0131p Sabanc\u0131 M\u00fczesi i\u00e7in \u00f6zel olarak \u00fcretilen Four Seasons at SSM \/ M\u00fczede D\u00f6rt Mevsim Koleksiyonu ; m\u00fcze bah\u00e7esinde, mevsim ge\u00e7i\u015flerini s\u0131ra d\u0131\u015f\u0131 g\u00fczellikle yans\u0131tan bitkilerden ilhamla \u00e7izilen suluboya ill\u00fcstrasyonlar\u0131 kullan\u0131larak tasarland\u0131. \u0130lkbahar i\u00e7in bahar\u0131n m\u00fcjdecisi Manolya \u00e7i\u00e7e\u011fi, yaz i\u00e7in rengi ile g\u00f6z kama\u015ft\u0131ran S\u00fcsen \u00e7i\u00e7e\u011fi, Sonbahar i\u00e7in t\u00fcm do\u011fa uykuya ge\u00e7erken k\u0131rm\u0131z\u0131 meyveleri ile [...]\" \/>\n<meta property=\"og:url\" content=\"https:\/\/sakipsabancimuzesi.org\/shop\/urun\/ev-dekorasyon\/mutfak\/four-seasons-at-ssm-koleksiyonu-seramik-fincan\/\" \/>\n<meta property=\"og:site_name\" content=\"SSM Shop\" \/>\n<meta property=\"article:publisher\" content=\"https:\/\/www.facebook.com\/SakipSabanciMuzesi\/\" \/>\n<meta property=\"article:modified_time\" content=\"2025-12-12T12:21:32+00:00\" \/>\n<meta property=\"og:image\" content=\"https:\/\/sakipsabancimuzesi.org\/shop\/wp-content\/uploads\/2022\/07\/Untitled-2.jpg\" \/>\n\t<meta property=\"og:image:width\" content=\"1280\" \/>\n\t<meta property=\"og:image:height\" content=\"1600\" \/>\n\t<meta property=\"og:image:type\" content=\"image\/jpeg\" \/>\n<meta name=\"twitter:card\" content=\"summary_large_image\" \/>\n<meta name=\"twitter:label1\" content=\"Tahmini okuma s\u00fcresi\" \/>\n\t<meta name=\"twitter:data1\" content=\"1 dakika\" \/>\n<script type=\"application\/ld+json\" class=\"yoast-schema-graph\">{\"@context\":\"https:\/\/schema.org\",\"@graph\":[{\"@type\":\"WebPage\",\"@id\":\"https:\/\/sakipsabancimuzesi.org\/shop\/urun\/ev-dekorasyon\/mutfak\/four-seasons-at-ssm-koleksiyonu-seramik-fincan\/\",\"url\":\"https:\/\/sakipsabancimuzesi.org\/shop\/urun\/ev-dekorasyon\/mutfak\/four-seasons-at-ssm-koleksiyonu-seramik-fincan\/\",\"name\":\"Four Seasons at SSM Koleksiyonu \/ Seramik Fincan - SSM Shop\",\"isPartOf\":{\"@id\":\"https:\/\/sakipsabancimuzesi.org\/shop\/#website\"},\"primaryImageOfPage\":{\"@id\":\"https:\/\/sakipsabancimuzesi.org\/shop\/urun\/ev-dekorasyon\/mutfak\/four-seasons-at-ssm-koleksiyonu-seramik-fincan\/#primaryimage\"},\"image\":{\"@id\":\"https:\/\/sakipsabancimuzesi.org\/shop\/urun\/ev-dekorasyon\/mutfak\/four-seasons-at-ssm-koleksiyonu-seramik-fincan\/#primaryimage\"},\"thumbnailUrl\":\"https:\/\/sakipsabancimuzesi.org\/shop\/wp-content\/uploads\/2022\/07\/Untitled-2.jpg\",\"datePublished\":\"2022-07-06T06:41:56+00:00\",\"dateModified\":\"2025-12-12T12:21:32+00:00\",\"breadcrumb\":{\"@id\":\"https:\/\/sakipsabancimuzesi.org\/shop\/urun\/ev-dekorasyon\/mutfak\/four-seasons-at-ssm-koleksiyonu-seramik-fincan\/#breadcrumb\"},\"inLanguage\":\"tr\",\"potentialAction\":[{\"@type\":\"ReadAction\",\"target\":[\"https:\/\/sakipsabancimuzesi.org\/shop\/urun\/ev-dekorasyon\/mutfak\/four-seasons-at-ssm-koleksiyonu-seramik-fincan\/\"]}]},{\"@type\":\"ImageObject\",\"inLanguage\":\"tr\",\"@id\":\"https:\/\/sakipsabancimuzesi.org\/shop\/urun\/ev-dekorasyon\/mutfak\/four-seasons-at-ssm-koleksiyonu-seramik-fincan\/#primaryimage\",\"url\":\"https:\/\/sakipsabancimuzesi.org\/shop\/wp-content\/uploads\/2022\/07\/Untitled-2.jpg\",\"contentUrl\":\"https:\/\/sakipsabancimuzesi.org\/shop\/wp-content\/uploads\/2022\/07\/Untitled-2.jpg\",\"width\":1280,\"height\":1600},{\"@type\":\"BreadcrumbList\",\"@id\":\"https:\/\/sakipsabancimuzesi.org\/shop\/urun\/ev-dekorasyon\/mutfak\/four-seasons-at-ssm-koleksiyonu-seramik-fincan\/#breadcrumb\",\"itemListElement\":[{\"@type\":\"ListItem\",\"position\":1,\"name\":\"Ana sayfa\",\"item\":\"https:\/\/sakipsabancimuzesi.org\/shop\/\"},{\"@type\":\"ListItem\",\"position\":2,\"name\":\"Shop\",\"item\":\"https:\/\/sakipsabancimuzesi.org\/shop\/shop\/\"},{\"@type\":\"ListItem\",\"position\":3,\"name\":\"Four Seasons at SSM Koleksiyonu \/ Seramik Fincan\"}]},{\"@type\":\"WebSite\",\"@id\":\"https:\/\/sakipsabancimuzesi.org\/shop\/#website\",\"url\":\"https:\/\/sakipsabancimuzesi.org\/shop\/\",\"name\":\"SSM Shop\",\"description\":\"Sak\u0131p Sabanc\u0131 M\u00fczesi, Ma\u011faza\",\"publisher\":{\"@id\":\"https:\/\/sakipsabancimuzesi.org\/shop\/#organization\"},\"potentialAction\":[{\"@type\":\"SearchAction\",\"target\":{\"@type\":\"EntryPoint\",\"urlTemplate\":\"https:\/\/sakipsabancimuzesi.org\/shop\/?s={search_term_string}\"},\"query-input\":{\"@type\":\"PropertyValueSpecification\",\"valueRequired\":true,\"valueName\":\"search_term_string\"}}],\"inLanguage\":\"tr\"},{\"@type\":\"Organization\",\"@id\":\"https:\/\/sakipsabancimuzesi.org\/shop\/#organization\",\"name\":\"SSM Shop\",\"url\":\"https:\/\/sakipsabancimuzesi.org\/shop\/\",\"logo\":{\"@type\":\"ImageObject\",\"inLanguage\":\"tr\",\"@id\":\"https:\/\/sakipsabancimuzesi.org\/shop\/#\/schema\/logo\/image\/\",\"url\":\"https:\/\/sakipsabancimuzesi.org\/shop\/wp-content\/uploads\/2019\/11\/logo.png\",\"contentUrl\":\"https:\/\/sakipsabancimuzesi.org\/shop\/wp-content\/uploads\/2019\/11\/logo.png\",\"width\":227,\"height\":87,\"caption\":\"SSM Shop\"},\"image\":{\"@id\":\"https:\/\/sakipsabancimuzesi.org\/shop\/#\/schema\/logo\/image\/\"},\"sameAs\":[\"https:\/\/www.facebook.com\/SakipSabanciMuzesi\/\"]}]}<\/script>\n<!-- \/ Yoast SEO plugin. -->","yoast_head_json":{"title":"Four Seasons at SSM Koleksiyonu \/ Seramik Fincan - SSM Shop","robots":{"index":"index","follow":"follow","max-snippet":"max-snippet:-1","max-image-preview":"max-image-preview:large","max-video-preview":"max-video-preview:-1"},"canonical":"https:\/\/sakipsabancimuzesi.org\/shop\/urun\/ev-dekorasyon\/mutfak\/four-seasons-at-ssm-koleksiyonu-seramik-fincan\/","og_locale":"tr_TR","og_type":"article","og_title":"Four Seasons at SSM Koleksiyonu \/ Seramik Fincan - SSM Shop","og_description":"Sak\u0131p Sabanc\u0131 M\u00fczesi i\u00e7in \u00f6zel olarak \u00fcretilen Four Seasons at SSM \/ M\u00fczede D\u00f6rt Mevsim Koleksiyonu ; m\u00fcze bah\u00e7esinde, mevsim ge\u00e7i\u015flerini s\u0131ra d\u0131\u015f\u0131 g\u00fczellikle yans\u0131tan bitkilerden ilhamla \u00e7izilen suluboya ill\u00fcstrasyonlar\u0131 kullan\u0131larak tasarland\u0131. \u0130lkbahar i\u00e7in bahar\u0131n m\u00fcjdecisi Manolya \u00e7i\u00e7e\u011fi, yaz i\u00e7in rengi ile g\u00f6z kama\u015ft\u0131ran S\u00fcsen \u00e7i\u00e7e\u011fi, Sonbahar i\u00e7in t\u00fcm do\u011fa uykuya ge\u00e7erken k\u0131rm\u0131z\u0131 meyveleri ile [...]","og_url":"https:\/\/sakipsabancimuzesi.org\/shop\/urun\/ev-dekorasyon\/mutfak\/four-seasons-at-ssm-koleksiyonu-seramik-fincan\/","og_site_name":"SSM Shop","article_publisher":"https:\/\/www.facebook.com\/SakipSabanciMuzesi\/","article_modified_time":"2025-12-12T12:21:32+00:00","og_image":[{"width":1280,"height":1600,"url":"https:\/\/sakipsabancimuzesi.org\/shop\/wp-content\/uploads\/2022\/07\/Untitled-2.jpg","type":"image\/jpeg"}],"twitter_card":"summary_large_image","twitter_misc":{"Tahmini okuma s\u00fcresi":"1 dakika"},"schema":{"@context":"https:\/\/schema.org","@graph":[{"@type":"WebPage","@id":"https:\/\/sakipsabancimuzesi.org\/shop\/urun\/ev-dekorasyon\/mutfak\/four-seasons-at-ssm-koleksiyonu-seramik-fincan\/","url":"https:\/\/sakipsabancimuzesi.org\/shop\/urun\/ev-dekorasyon\/mutfak\/four-seasons-at-ssm-koleksiyonu-seramik-fincan\/","name":"Four Seasons at SSM Koleksiyonu \/ Seramik Fincan - SSM Shop","isPartOf":{"@id":"https:\/\/sakipsabancimuzesi.org\/shop\/#website"},"primaryImageOfPage":{"@id":"https:\/\/sakipsabancimuzesi.org\/shop\/urun\/ev-dekorasyon\/mutfak\/four-seasons-at-ssm-koleksiyonu-seramik-fincan\/#primaryimage"},"image":{"@id":"https:\/\/sakipsabancimuzesi.org\/shop\/urun\/ev-dekorasyon\/mutfak\/four-seasons-at-ssm-koleksiyonu-seramik-fincan\/#primaryimage"},"thumbnailUrl":"https:\/\/sakipsabancimuzesi.org\/shop\/wp-content\/uploads\/2022\/07\/Untitled-2.jpg","datePublished":"2022-07-06T06:41:56+00:00","dateModified":"2025-12-12T12:21:32+00:00","breadcrumb":{"@id":"https:\/\/sakipsabancimuzesi.org\/shop\/urun\/ev-dekorasyon\/mutfak\/four-seasons-at-ssm-koleksiyonu-seramik-fincan\/#breadcrumb"},"inLanguage":"tr","potentialAction":[{"@type":"ReadAction","target":["https:\/\/sakipsabancimuzesi.org\/shop\/urun\/ev-dekorasyon\/mutfak\/four-seasons-at-ssm-koleksiyonu-seramik-fincan\/"]}]},{"@type":"ImageObject","inLanguage":"tr","@id":"https:\/\/sakipsabancimuzesi.org\/shop\/urun\/ev-dekorasyon\/mutfak\/four-seasons-at-ssm-koleksiyonu-seramik-fincan\/#primaryimage","url":"https:\/\/sakipsabancimuzesi.org\/shop\/wp-content\/uploads\/2022\/07\/Untitled-2.jpg","contentUrl":"https:\/\/sakipsabancimuzesi.org\/shop\/wp-content\/uploads\/2022\/07\/Untitled-2.jpg","width":1280,"height":1600},{"@type":"BreadcrumbList","@id":"https:\/\/sakipsabancimuzesi.org\/shop\/urun\/ev-dekorasyon\/mutfak\/four-seasons-at-ssm-koleksiyonu-seramik-fincan\/#breadcrumb","itemListElement":[{"@type":"ListItem","position":1,"name":"Ana sayfa","item":"https:\/\/sakipsabancimuzesi.org\/shop\/"},{"@type":"ListItem","position":2,"name":"Shop","item":"https:\/\/sakipsabancimuzesi.org\/shop\/shop\/"},{"@type":"ListItem","position":3,"name":"Four Seasons at SSM Koleksiyonu \/ Seramik Fincan"}]},{"@type":"WebSite","@id":"https:\/\/sakipsabancimuzesi.org\/shop\/#website","url":"https:\/\/sakipsabancimuzesi.org\/shop\/","name":"SSM Shop","description":"Sak\u0131p Sabanc\u0131 M\u00fczesi, Ma\u011faza","publisher":{"@id":"https:\/\/sakipsabancimuzesi.org\/shop\/#organization"},"potentialAction":[{"@type":"SearchAction","target":{"@type":"EntryPoint","urlTemplate":"https:\/\/sakipsabancimuzesi.org\/shop\/?s={search_term_string}"},"query-input":{"@type":"PropertyValueSpecification","valueRequired":true,"valueName":"search_term_string"}}],"inLanguage":"tr"},{"@type":"Organization","@id":"https:\/\/sakipsabancimuzesi.org\/shop\/#organization","name":"SSM Shop","url":"https:\/\/sakipsabancimuzesi.org\/shop\/","logo":{"@type":"ImageObject","inLanguage":"tr","@id":"https:\/\/sakipsabancimuzesi.org\/shop\/#\/schema\/logo\/image\/","url":"https:\/\/sakipsabancimuzesi.org\/shop\/wp-content\/uploads\/2019\/11\/logo.png","contentUrl":"https:\/\/sakipsabancimuzesi.org\/shop\/wp-content\/uploads\/2019\/11\/logo.png","width":227,"height":87,"caption":"SSM Shop"},"image":{"@id":"https:\/\/sakipsabancimuzesi.org\/shop\/#\/schema\/logo\/image\/"},"sameAs":["https:\/\/www.facebook.com\/SakipSabanciMuzesi\/"]}]}},"jetpack_sharing_enabled":true,"_links":{"self":[{"href":"https:\/\/sakipsabancimuzesi.org\/shop\/wp-json\/wp\/v2\/product\/251657","targetHints":{"allow":["GET"]}}],"collection":[{"href":"https:\/\/sakipsabancimuzesi.org\/shop\/wp-json\/wp\/v2\/product"}],"about":[{"href":"https:\/\/sakipsabancimuzesi.org\/shop\/wp-json\/wp\/v2\/types\/product"}],"wp:featuredmedia":[{"embeddable":true,"href":"https:\/\/sakipsabancimuzesi.org\/shop\/wp-json\/wp\/v2\/media\/251669"}],"wp:attachment":[{"href":"https:\/\/sakipsabancimuzesi.org\/shop\/wp-json\/wp\/v2\/media?parent=251657"}],"wp:term":[{"taxonomy":"product_brand","embeddable":true,"href":"https:\/\/sakipsabancimuzesi.org\/shop\/wp-json\/wp\/v2\/product_brand?post=251657"},{"taxonomy":"product_cat","embeddable":true,"href":"https:\/\/sakipsabancimuzesi.org\/shop\/wp-json\/wp\/v2\/product_cat?post=251657"},{"taxonomy":"product_tag","embeddable":true,"href":"https:\/\/sakipsabancimuzesi.org\/shop\/wp-json\/wp\/v2\/product_tag?post=251657"},{"taxonomy":"woo-feed-brand","embeddable":true,"href":"https:\/\/sakipsabancimuzesi.org\/shop\/wp-json\/wp\/v2\/woo-feed-brand?post=251657"}],"curies":[{"name":"wp","href":"https:\/\/api.w.org\/{rel}","templated":true}]}}