{"id":251659,"date":"2022-07-06T10:03:25","date_gmt":"2022-07-06T07:03:25","guid":{"rendered":"https:\/\/sakipsabancimuzesi.org\/shop\/?post_type=product&#038;p=251659"},"modified":"2025-09-25T11:43:03","modified_gmt":"2025-09-25T08:43:03","slug":"four-seasons-at-ssm-koleksiyonu-bardakaltligi","status":"publish","type":"product","link":"https:\/\/sakipsabancimuzesi.org\/shop\/urun\/ev-dekorasyon\/mutfak\/four-seasons-at-ssm-koleksiyonu-bardakaltligi\/","title":{"rendered":"Four Seasons at SSM Koleksiyonu \/ Bardakaltl\u0131\u011f\u0131"},"content":{"rendered":"<p>Sak\u0131p Sabanc\u0131 M\u00fczesi i\u00e7in \u00f6zel olarak \u00fcretilen Four Seasons at SSM \/ M\u00fczede D\u00f6rt Mevsim Koleksiyonu ; m\u00fcze bah\u00e7esinde , mevsim ge\u00e7i\u015flerini s\u0131ra d\u0131\u015f\u0131 g\u00fczellikle yans\u0131tan bitkilerden ilhamla \u00e7izilen suluboya ill\u00fcstrasyonlar\u0131 kullan\u0131larak tasarland\u0131. \u0130lkbahar i\u00e7in bahar\u0131n m\u00fcjdecisi Manolya \u00e7i\u00e7e\u011fi, yaz i\u00e7in rengi ile g\u00f6z kama\u015ft\u0131ran S\u00fcsen \u00e7i\u00e7e\u011fi, Sonbahar i\u00e7in t\u00fcm do\u011fa uykuya ge\u00e7erken k\u0131rm\u0131z\u0131 meyveleri ile bizi \u015fa\u015f\u0131rtan Kocayemi\u015f ve k\u0131\u015f i\u00e7in de sil\u00fceti ile m\u00fczenin ve bo\u011faz\u0131n simgesi olmu\u015f F\u0131st\u0131k \u00e7am\u0131 resmedildi.<\/p>\n","protected":false},"excerpt":{"rendered":"<p>Sak\u0131p Sabanc\u0131 M\u00fczesi i\u00e7in \u00f6zel olarak \u00fcretilen Four Seasons at SSM \/ M\u00fczede D\u00f6rt Mevsim Koleksiyonu ; m\u00fcze bah\u00e7esinde , mevsim ge\u00e7i\u015flerini s\u0131ra d\u0131\u015f\u0131 g\u00fczellikle yans\u0131tan bitkilerden ilhamla \u00e7izilen suluboya ill\u00fcstrasyonlar\u0131 kullan\u0131larak tasarland\u0131. \u0130lkbahar i\u00e7in bahar\u0131n m\u00fcjdecisi Manolya \u00e7i\u00e7e\u011fi, yaz i\u00e7in rengi ile g\u00f6z kama\u015ft\u0131ran S\u00fcsen \u00e7i\u00e7e\u011fi, Sonbahar i\u00e7in t\u00fcm do\u011fa uykuya ge\u00e7erken k\u0131rm\u0131z\u0131 meyveleri [&#8230;]\n","protected":false},"featured_media":251675,"template":"","meta":{"_exactmetrics_skip_tracking":false,"_exactmetrics_sitenote_active":false,"_exactmetrics_sitenote_note":"","_exactmetrics_sitenote_category":0},"product_brand":[],"product_cat":[634,636,637,670],"product_tag":[478,746],"woo-feed-brand":[],"class_list":{"0":"post-251659","1":"product","2":"type-product","3":"status-publish","4":"has-post-thumbnail","6":"product_cat-ev-dekorasyon","7":"product_cat-mutfak","8":"product_cat-dekorasyon","9":"product_cat-obje","10":"product_tag-bardakaltligi","11":"product_tag-four-seasons-at-ssm","13":"first","14":"instock","15":"taxable","16":"shipping-taxable","17":"purchasable","18":"product-type-variable"},"yoast_head":"<!-- This site is optimized with the Yoast SEO plugin v27.1.1 - https:\/\/yoast.com\/product\/yoast-seo-wordpress\/ -->\n<title>Four Seasons at SSM Koleksiyonu \/ Bardakaltl\u0131\u011f\u0131 - SSM Shop<\/title>\n<meta name=\"robots\" content=\"index, follow, max-snippet:-1, max-image-preview:large, max-video-preview:-1\" \/>\n<link rel=\"canonical\" href=\"https:\/\/sakipsabancimuzesi.org\/shop\/urun\/ev-dekorasyon\/mutfak\/four-seasons-at-ssm-koleksiyonu-bardakaltligi\/\" \/>\n<meta property=\"og:locale\" content=\"tr_TR\" \/>\n<meta property=\"og:type\" content=\"article\" \/>\n<meta property=\"og:title\" content=\"Four Seasons at SSM Koleksiyonu \/ Bardakaltl\u0131\u011f\u0131 - SSM Shop\" \/>\n<meta property=\"og:description\" content=\"Sak\u0131p Sabanc\u0131 M\u00fczesi i\u00e7in \u00f6zel olarak \u00fcretilen Four Seasons at SSM \/ M\u00fczede D\u00f6rt Mevsim Koleksiyonu ; m\u00fcze bah\u00e7esinde , mevsim ge\u00e7i\u015flerini s\u0131ra d\u0131\u015f\u0131 g\u00fczellikle yans\u0131tan bitkilerden ilhamla \u00e7izilen suluboya ill\u00fcstrasyonlar\u0131 kullan\u0131larak tasarland\u0131. \u0130lkbahar i\u00e7in bahar\u0131n m\u00fcjdecisi Manolya \u00e7i\u00e7e\u011fi, yaz i\u00e7in rengi ile g\u00f6z kama\u015ft\u0131ran S\u00fcsen \u00e7i\u00e7e\u011fi, Sonbahar i\u00e7in t\u00fcm do\u011fa uykuya ge\u00e7erken k\u0131rm\u0131z\u0131 meyveleri [...]\" \/>\n<meta property=\"og:url\" content=\"https:\/\/sakipsabancimuzesi.org\/shop\/urun\/ev-dekorasyon\/mutfak\/four-seasons-at-ssm-koleksiyonu-bardakaltligi\/\" \/>\n<meta property=\"og:site_name\" content=\"SSM Shop\" \/>\n<meta property=\"article:publisher\" content=\"https:\/\/www.facebook.com\/SakipSabanciMuzesi\/\" \/>\n<meta property=\"article:modified_time\" content=\"2025-09-25T08:43:03+00:00\" \/>\n<meta property=\"og:image\" content=\"https:\/\/sakipsabancimuzesi.org\/shop\/wp-content\/uploads\/2022\/07\/Untitled-1.jpg\" \/>\n\t<meta property=\"og:image:width\" content=\"1280\" \/>\n\t<meta property=\"og:image:height\" content=\"1600\" \/>\n\t<meta property=\"og:image:type\" content=\"image\/jpeg\" \/>\n<meta name=\"twitter:card\" content=\"summary_large_image\" \/>\n<meta name=\"twitter:label1\" content=\"Tahmini okuma s\u00fcresi\" \/>\n\t<meta name=\"twitter:data1\" content=\"1 dakika\" \/>\n<script type=\"application\/ld+json\" class=\"yoast-schema-graph\">{\"@context\":\"https:\/\/schema.org\",\"@graph\":[{\"@type\":\"WebPage\",\"@id\":\"https:\/\/sakipsabancimuzesi.org\/shop\/urun\/ev-dekorasyon\/mutfak\/four-seasons-at-ssm-koleksiyonu-bardakaltligi\/\",\"url\":\"https:\/\/sakipsabancimuzesi.org\/shop\/urun\/ev-dekorasyon\/mutfak\/four-seasons-at-ssm-koleksiyonu-bardakaltligi\/\",\"name\":\"Four Seasons at SSM Koleksiyonu \/ Bardakaltl\u0131\u011f\u0131 - SSM Shop\",\"isPartOf\":{\"@id\":\"https:\/\/sakipsabancimuzesi.org\/shop\/#website\"},\"primaryImageOfPage\":{\"@id\":\"https:\/\/sakipsabancimuzesi.org\/shop\/urun\/ev-dekorasyon\/mutfak\/four-seasons-at-ssm-koleksiyonu-bardakaltligi\/#primaryimage\"},\"image\":{\"@id\":\"https:\/\/sakipsabancimuzesi.org\/shop\/urun\/ev-dekorasyon\/mutfak\/four-seasons-at-ssm-koleksiyonu-bardakaltligi\/#primaryimage\"},\"thumbnailUrl\":\"https:\/\/sakipsabancimuzesi.org\/shop\/wp-content\/uploads\/2022\/07\/Untitled-1.jpg\",\"datePublished\":\"2022-07-06T07:03:25+00:00\",\"dateModified\":\"2025-09-25T08:43:03+00:00\",\"breadcrumb\":{\"@id\":\"https:\/\/sakipsabancimuzesi.org\/shop\/urun\/ev-dekorasyon\/mutfak\/four-seasons-at-ssm-koleksiyonu-bardakaltligi\/#breadcrumb\"},\"inLanguage\":\"tr\",\"potentialAction\":[{\"@type\":\"ReadAction\",\"target\":[\"https:\/\/sakipsabancimuzesi.org\/shop\/urun\/ev-dekorasyon\/mutfak\/four-seasons-at-ssm-koleksiyonu-bardakaltligi\/\"]}]},{\"@type\":\"ImageObject\",\"inLanguage\":\"tr\",\"@id\":\"https:\/\/sakipsabancimuzesi.org\/shop\/urun\/ev-dekorasyon\/mutfak\/four-seasons-at-ssm-koleksiyonu-bardakaltligi\/#primaryimage\",\"url\":\"https:\/\/sakipsabancimuzesi.org\/shop\/wp-content\/uploads\/2022\/07\/Untitled-1.jpg\",\"contentUrl\":\"https:\/\/sakipsabancimuzesi.org\/shop\/wp-content\/uploads\/2022\/07\/Untitled-1.jpg\",\"width\":1280,\"height\":1600},{\"@type\":\"BreadcrumbList\",\"@id\":\"https:\/\/sakipsabancimuzesi.org\/shop\/urun\/ev-dekorasyon\/mutfak\/four-seasons-at-ssm-koleksiyonu-bardakaltligi\/#breadcrumb\",\"itemListElement\":[{\"@type\":\"ListItem\",\"position\":1,\"name\":\"Ana sayfa\",\"item\":\"https:\/\/sakipsabancimuzesi.org\/shop\/\"},{\"@type\":\"ListItem\",\"position\":2,\"name\":\"Shop\",\"item\":\"https:\/\/sakipsabancimuzesi.org\/shop\/shop\/\"},{\"@type\":\"ListItem\",\"position\":3,\"name\":\"Four Seasons at SSM Koleksiyonu \/ Bardakaltl\u0131\u011f\u0131\"}]},{\"@type\":\"WebSite\",\"@id\":\"https:\/\/sakipsabancimuzesi.org\/shop\/#website\",\"url\":\"https:\/\/sakipsabancimuzesi.org\/shop\/\",\"name\":\"SSM Shop\",\"description\":\"Sak\u0131p Sabanc\u0131 M\u00fczesi, Ma\u011faza\",\"publisher\":{\"@id\":\"https:\/\/sakipsabancimuzesi.org\/shop\/#organization\"},\"potentialAction\":[{\"@type\":\"SearchAction\",\"target\":{\"@type\":\"EntryPoint\",\"urlTemplate\":\"https:\/\/sakipsabancimuzesi.org\/shop\/?s={search_term_string}\"},\"query-input\":{\"@type\":\"PropertyValueSpecification\",\"valueRequired\":true,\"valueName\":\"search_term_string\"}}],\"inLanguage\":\"tr\"},{\"@type\":\"Organization\",\"@id\":\"https:\/\/sakipsabancimuzesi.org\/shop\/#organization\",\"name\":\"SSM Shop\",\"url\":\"https:\/\/sakipsabancimuzesi.org\/shop\/\",\"logo\":{\"@type\":\"ImageObject\",\"inLanguage\":\"tr\",\"@id\":\"https:\/\/sakipsabancimuzesi.org\/shop\/#\/schema\/logo\/image\/\",\"url\":\"https:\/\/sakipsabancimuzesi.org\/shop\/wp-content\/uploads\/2019\/11\/logo.png\",\"contentUrl\":\"https:\/\/sakipsabancimuzesi.org\/shop\/wp-content\/uploads\/2019\/11\/logo.png\",\"width\":227,\"height\":87,\"caption\":\"SSM Shop\"},\"image\":{\"@id\":\"https:\/\/sakipsabancimuzesi.org\/shop\/#\/schema\/logo\/image\/\"},\"sameAs\":[\"https:\/\/www.facebook.com\/SakipSabanciMuzesi\/\"]}]}<\/script>\n<!-- \/ Yoast SEO plugin. -->","yoast_head_json":{"title":"Four Seasons at SSM Koleksiyonu \/ Bardakaltl\u0131\u011f\u0131 - SSM Shop","robots":{"index":"index","follow":"follow","max-snippet":"max-snippet:-1","max-image-preview":"max-image-preview:large","max-video-preview":"max-video-preview:-1"},"canonical":"https:\/\/sakipsabancimuzesi.org\/shop\/urun\/ev-dekorasyon\/mutfak\/four-seasons-at-ssm-koleksiyonu-bardakaltligi\/","og_locale":"tr_TR","og_type":"article","og_title":"Four Seasons at SSM Koleksiyonu \/ Bardakaltl\u0131\u011f\u0131 - SSM Shop","og_description":"Sak\u0131p Sabanc\u0131 M\u00fczesi i\u00e7in \u00f6zel olarak \u00fcretilen Four Seasons at SSM \/ M\u00fczede D\u00f6rt Mevsim Koleksiyonu ; m\u00fcze bah\u00e7esinde , mevsim ge\u00e7i\u015flerini s\u0131ra d\u0131\u015f\u0131 g\u00fczellikle yans\u0131tan bitkilerden ilhamla \u00e7izilen suluboya ill\u00fcstrasyonlar\u0131 kullan\u0131larak tasarland\u0131. \u0130lkbahar i\u00e7in bahar\u0131n m\u00fcjdecisi Manolya \u00e7i\u00e7e\u011fi, yaz i\u00e7in rengi ile g\u00f6z kama\u015ft\u0131ran S\u00fcsen \u00e7i\u00e7e\u011fi, Sonbahar i\u00e7in t\u00fcm do\u011fa uykuya ge\u00e7erken k\u0131rm\u0131z\u0131 meyveleri [...]","og_url":"https:\/\/sakipsabancimuzesi.org\/shop\/urun\/ev-dekorasyon\/mutfak\/four-seasons-at-ssm-koleksiyonu-bardakaltligi\/","og_site_name":"SSM Shop","article_publisher":"https:\/\/www.facebook.com\/SakipSabanciMuzesi\/","article_modified_time":"2025-09-25T08:43:03+00:00","og_image":[{"width":1280,"height":1600,"url":"https:\/\/sakipsabancimuzesi.org\/shop\/wp-content\/uploads\/2022\/07\/Untitled-1.jpg","type":"image\/jpeg"}],"twitter_card":"summary_large_image","twitter_misc":{"Tahmini okuma s\u00fcresi":"1 dakika"},"schema":{"@context":"https:\/\/schema.org","@graph":[{"@type":"WebPage","@id":"https:\/\/sakipsabancimuzesi.org\/shop\/urun\/ev-dekorasyon\/mutfak\/four-seasons-at-ssm-koleksiyonu-bardakaltligi\/","url":"https:\/\/sakipsabancimuzesi.org\/shop\/urun\/ev-dekorasyon\/mutfak\/four-seasons-at-ssm-koleksiyonu-bardakaltligi\/","name":"Four Seasons at SSM Koleksiyonu \/ Bardakaltl\u0131\u011f\u0131 - SSM Shop","isPartOf":{"@id":"https:\/\/sakipsabancimuzesi.org\/shop\/#website"},"primaryImageOfPage":{"@id":"https:\/\/sakipsabancimuzesi.org\/shop\/urun\/ev-dekorasyon\/mutfak\/four-seasons-at-ssm-koleksiyonu-bardakaltligi\/#primaryimage"},"image":{"@id":"https:\/\/sakipsabancimuzesi.org\/shop\/urun\/ev-dekorasyon\/mutfak\/four-seasons-at-ssm-koleksiyonu-bardakaltligi\/#primaryimage"},"thumbnailUrl":"https:\/\/sakipsabancimuzesi.org\/shop\/wp-content\/uploads\/2022\/07\/Untitled-1.jpg","datePublished":"2022-07-06T07:03:25+00:00","dateModified":"2025-09-25T08:43:03+00:00","breadcrumb":{"@id":"https:\/\/sakipsabancimuzesi.org\/shop\/urun\/ev-dekorasyon\/mutfak\/four-seasons-at-ssm-koleksiyonu-bardakaltligi\/#breadcrumb"},"inLanguage":"tr","potentialAction":[{"@type":"ReadAction","target":["https:\/\/sakipsabancimuzesi.org\/shop\/urun\/ev-dekorasyon\/mutfak\/four-seasons-at-ssm-koleksiyonu-bardakaltligi\/"]}]},{"@type":"ImageObject","inLanguage":"tr","@id":"https:\/\/sakipsabancimuzesi.org\/shop\/urun\/ev-dekorasyon\/mutfak\/four-seasons-at-ssm-koleksiyonu-bardakaltligi\/#primaryimage","url":"https:\/\/sakipsabancimuzesi.org\/shop\/wp-content\/uploads\/2022\/07\/Untitled-1.jpg","contentUrl":"https:\/\/sakipsabancimuzesi.org\/shop\/wp-content\/uploads\/2022\/07\/Untitled-1.jpg","width":1280,"height":1600},{"@type":"BreadcrumbList","@id":"https:\/\/sakipsabancimuzesi.org\/shop\/urun\/ev-dekorasyon\/mutfak\/four-seasons-at-ssm-koleksiyonu-bardakaltligi\/#breadcrumb","itemListElement":[{"@type":"ListItem","position":1,"name":"Ana sayfa","item":"https:\/\/sakipsabancimuzesi.org\/shop\/"},{"@type":"ListItem","position":2,"name":"Shop","item":"https:\/\/sakipsabancimuzesi.org\/shop\/shop\/"},{"@type":"ListItem","position":3,"name":"Four Seasons at SSM Koleksiyonu \/ Bardakaltl\u0131\u011f\u0131"}]},{"@type":"WebSite","@id":"https:\/\/sakipsabancimuzesi.org\/shop\/#website","url":"https:\/\/sakipsabancimuzesi.org\/shop\/","name":"SSM Shop","description":"Sak\u0131p Sabanc\u0131 M\u00fczesi, Ma\u011faza","publisher":{"@id":"https:\/\/sakipsabancimuzesi.org\/shop\/#organization"},"potentialAction":[{"@type":"SearchAction","target":{"@type":"EntryPoint","urlTemplate":"https:\/\/sakipsabancimuzesi.org\/shop\/?s={search_term_string}"},"query-input":{"@type":"PropertyValueSpecification","valueRequired":true,"valueName":"search_term_string"}}],"inLanguage":"tr"},{"@type":"Organization","@id":"https:\/\/sakipsabancimuzesi.org\/shop\/#organization","name":"SSM Shop","url":"https:\/\/sakipsabancimuzesi.org\/shop\/","logo":{"@type":"ImageObject","inLanguage":"tr","@id":"https:\/\/sakipsabancimuzesi.org\/shop\/#\/schema\/logo\/image\/","url":"https:\/\/sakipsabancimuzesi.org\/shop\/wp-content\/uploads\/2019\/11\/logo.png","contentUrl":"https:\/\/sakipsabancimuzesi.org\/shop\/wp-content\/uploads\/2019\/11\/logo.png","width":227,"height":87,"caption":"SSM Shop"},"image":{"@id":"https:\/\/sakipsabancimuzesi.org\/shop\/#\/schema\/logo\/image\/"},"sameAs":["https:\/\/www.facebook.com\/SakipSabanciMuzesi\/"]}]}},"jetpack_sharing_enabled":true,"_links":{"self":[{"href":"https:\/\/sakipsabancimuzesi.org\/shop\/wp-json\/wp\/v2\/product\/251659","targetHints":{"allow":["GET"]}}],"collection":[{"href":"https:\/\/sakipsabancimuzesi.org\/shop\/wp-json\/wp\/v2\/product"}],"about":[{"href":"https:\/\/sakipsabancimuzesi.org\/shop\/wp-json\/wp\/v2\/types\/product"}],"wp:featuredmedia":[{"embeddable":true,"href":"https:\/\/sakipsabancimuzesi.org\/shop\/wp-json\/wp\/v2\/media\/251675"}],"wp:attachment":[{"href":"https:\/\/sakipsabancimuzesi.org\/shop\/wp-json\/wp\/v2\/media?parent=251659"}],"wp:term":[{"taxonomy":"product_brand","embeddable":true,"href":"https:\/\/sakipsabancimuzesi.org\/shop\/wp-json\/wp\/v2\/product_brand?post=251659"},{"taxonomy":"product_cat","embeddable":true,"href":"https:\/\/sakipsabancimuzesi.org\/shop\/wp-json\/wp\/v2\/product_cat?post=251659"},{"taxonomy":"product_tag","embeddable":true,"href":"https:\/\/sakipsabancimuzesi.org\/shop\/wp-json\/wp\/v2\/product_tag?post=251659"},{"taxonomy":"woo-feed-brand","embeddable":true,"href":"https:\/\/sakipsabancimuzesi.org\/shop\/wp-json\/wp\/v2\/woo-feed-brand?post=251659"}],"curies":[{"name":"wp","href":"https:\/\/api.w.org\/{rel}","templated":true}]}}