{"id":253757,"date":"2022-11-04T17:12:21","date_gmt":"2022-11-04T14:12:21","guid":{"rendered":"https:\/\/sakipsabancimuzesi.org\/shop\/?post_type=product&#038;p=253757"},"modified":"2025-09-18T16:27:53","modified_gmt":"2025-09-18T13:27:53","slug":"sanatin-sirlari","status":"publish","type":"product","link":"https:\/\/sakipsabancimuzesi.org\/shop\/urun\/yayin-ve-multimedya\/kitap\/sanatin-sirlari\/","title":{"rendered":"Sanat\u0131n S\u0131rlar\u0131"},"content":{"rendered":"<p>Hayalperest Yay\u0131nevi Sanat\u0131n S\u0131rlar\u0131 Sanat\u0131n Gizli Mesajlar\u0131, Anlamlar\u0131 Ve Sembolleri<br \/>\nGeri Bildirim Ver<br \/>\nS\u00fcrprizlerle, ke\u015fiflerle,unutulmu\u015f hazineler ve kay\u0131p hik\u00e2yelerle dolu Sanat\u0131n s\u0131rlar\u0131, Okurusanat\u0131n gizemli d\u00fcnyas\u0131nda yolculu\u011fa \u00e7\u0131kar\u0131yor ve eserlerin hi\u00e7 de g\u00f6r\u00fcnd\u00fc\u011f\u00fcgibi olmad\u0131\u011f\u0131n\u0131 g\u00f6steriyor. Londrakulesi\u2019nde gizlenmi\u015f, uzun s\u00fcredir kay\u0131p bir ba\u015fyap\u0131t g\u00fcn y\u00fcz\u00fcne \u00e7\u0131k\u0131yor.Yaln\u0131zca se\u00e7kin az\u0131nl\u0131\u011f\u0131n anlayabilece\u011fi bir \u015fifre, bir tablonun i\u00e7inegizleniyor. Bir portrenin alt\u0131na gizlenmi\u015f hayaletimsi imge g\u00f6ze \u00e7arp\u0131yor.Yazar, tarih\u00e7i ve sanat dedektifi debra n. Mancoff, bu ve benzeri daha pek \u00e7okhik\u00e2yeyi a\u00e7\u0131kl\u0131\u011fa kavu\u015ftururken leonardo da vinci, vermeer ve caravaggio\u2019nunkulland\u0131klar\u0131 \u015fifrelerin gizemini ortadan kald\u0131r\u0131yor. Van gogh, picasso vedali\u2019nin resimlerinin anlam katmanlar\u0131n\u0131 aral\u0131yor. Frida kahlo, kara walker vemarina abramovic\u2019in eserlerine derinden bakmay\u0131 sa\u011fl\u0131yor. Yeniteknolojinin, ar\u015fiv ara\u015ft\u0131rmalar\u0131n\u0131n, bilimsel analizlerin ve eski usul merak\u0131ngetirdi\u011fi bulgulardan yararlanan Sanat\u0131n s\u0131rlar\u0131, adeta birerkurguymu\u015f\u00e7as\u0131na ilgi uyand\u0131ran ancak tamam\u0131yla ger\u00e7ek verilere dayanan birhik\u00e2ye koleksiyonunun par\u00e7alar\u0131 olan \u00fcnl\u00fc ba\u015fyap\u0131tlar\u0131n gizemli anlamlar\u0131n\u0131a\u00e7\u0131\u011fa \u00e7\u0131kar\u0131yor. Debra n. Mancoff Sanat tarihi doktoras\u0131n\u0131northwestern \u00fcniversitesi\u2019nde yapm\u0131\u015f, chicago sanat enstit\u00fcs\u00fc\u2019nde ders vermi\u015ftir.H\u00e2lihaz\u0131rda chicago\u2019daki newberry k\u00fct\u00fcphanesi\u2019nde misafir akademisyendir. Theart quarterly, The royal academy magazineVe The art newspaperI\u00e7in yaz\u0131lar haz\u0131rlayan mancoff, gerek avrupa gerek amerikan sanat\u0131 ve k\u00fclt\u00fcr\u00fckonusunda pek \u00e7ok kitab\u0131n da yazar\u0131d\u0131r.<br \/>\nBu \u00fcr\u00fcnden en fazla 25 adet sipari\u015f verilebilir. 25 adetin \u00fczerindeki sipari\u015fleri Trendyol iptal etme hakk\u0131n\u0131 sakl\u0131 tutar.<br \/>\nKampanya fiyat\u0131ndan sat\u0131lmak \u00fczere 50 adetten fazla stok sunulmu\u015ftur.<br \/>\n\u0130ncelemi\u015f oldu\u011funuz \u00fcr\u00fcn\u00fcn sat\u0131\u015f fiyat\u0131n\u0131 sat\u0131c\u0131 belirlemektedir.<br \/>\nBir \u00fcr\u00fcn, birden fazla sat\u0131c\u0131 taraf\u0131ndan sat\u0131labilir. Birden fazla sat\u0131c\u0131 taraf\u0131ndan sat\u0131\u015fa sunulan \u00fcr\u00fcnlerin sat\u0131c\u0131lar\u0131 \u00fcr\u00fcn i\u00e7in belirledikleri fiyata, sat\u0131c\u0131 puanlar\u0131na, teslimat stat\u00fclerine, \u00fcr\u00fcnlerdeki promosyonlara, kargonun bedava olup olmamas\u0131na ve \u00fcr\u00fcnlerin h\u0131zl\u0131 teslimat ile teslim edilip edilememesine, \u00fcr\u00fcnlerin stok ve kategorileri bilgilerine g\u00f6re s\u0131ralanmaktad\u0131r.<\/p>\n","protected":false},"excerpt":{"rendered":"<p>Hayalperest Yay\u0131nevi Sanat\u0131n S\u0131rlar\u0131 Sanat\u0131n Gizli Mesajlar\u0131, Anlamlar\u0131 Ve Sembolleri Geri Bildirim Ver S\u00fcrprizlerle, ke\u015fiflerle,unutulmu\u015f hazineler ve kay\u0131p hik\u00e2yelerle dolu Sanat\u0131n s\u0131rlar\u0131, Okurusanat\u0131n gizemli d\u00fcnyas\u0131nda yolculu\u011fa \u00e7\u0131kar\u0131yor ve eserlerin hi\u00e7 de g\u00f6r\u00fcnd\u00fc\u011f\u00fcgibi olmad\u0131\u011f\u0131n\u0131 g\u00f6steriyor. Londrakulesi\u2019nde gizlenmi\u015f, uzun s\u00fcredir kay\u0131p bir ba\u015fyap\u0131t g\u00fcn y\u00fcz\u00fcne \u00e7\u0131k\u0131yor.Yaln\u0131zca se\u00e7kin az\u0131nl\u0131\u011f\u0131n anlayabilece\u011fi bir \u015fifre, bir tablonun i\u00e7inegizleniyor. Bir portrenin alt\u0131na [&#8230;]\n","protected":false},"featured_media":253758,"template":"","meta":{"_exactmetrics_skip_tracking":false,"_exactmetrics_sitenote_active":false,"_exactmetrics_sitenote_note":"","_exactmetrics_sitenote_category":0},"product_brand":[],"product_cat":[662,663],"product_tag":[],"woo-feed-brand":[],"class_list":{"0":"post-253757","1":"product","2":"type-product","3":"status-publish","4":"has-post-thumbnail","6":"product_cat-yayin-ve-multimedya","7":"product_cat-kitap","9":"first","10":"instock","11":"taxable","12":"shipping-taxable","13":"purchasable","14":"product-type-simple"},"yoast_head":"<!-- This site is optimized with the Yoast SEO plugin v27.1.1 - https:\/\/yoast.com\/product\/yoast-seo-wordpress\/ -->\n<title>Sanat\u0131n S\u0131rlar\u0131 - SSM Shop<\/title>\n<meta name=\"robots\" content=\"index, follow, max-snippet:-1, max-image-preview:large, max-video-preview:-1\" \/>\n<link rel=\"canonical\" href=\"https:\/\/sakipsabancimuzesi.org\/shop\/urun\/yayin-ve-multimedya\/kitap\/sanatin-sirlari\/\" \/>\n<meta property=\"og:locale\" content=\"tr_TR\" \/>\n<meta property=\"og:type\" content=\"article\" \/>\n<meta property=\"og:title\" content=\"Sanat\u0131n S\u0131rlar\u0131 - SSM Shop\" \/>\n<meta property=\"og:description\" content=\"Hayalperest Yay\u0131nevi Sanat\u0131n S\u0131rlar\u0131 Sanat\u0131n Gizli Mesajlar\u0131, Anlamlar\u0131 Ve Sembolleri Geri Bildirim Ver S\u00fcrprizlerle, ke\u015fiflerle,unutulmu\u015f hazineler ve kay\u0131p hik\u00e2yelerle dolu Sanat\u0131n s\u0131rlar\u0131, Okurusanat\u0131n gizemli d\u00fcnyas\u0131nda yolculu\u011fa \u00e7\u0131kar\u0131yor ve eserlerin hi\u00e7 de g\u00f6r\u00fcnd\u00fc\u011f\u00fcgibi olmad\u0131\u011f\u0131n\u0131 g\u00f6steriyor. Londrakulesi\u2019nde gizlenmi\u015f, uzun s\u00fcredir kay\u0131p bir ba\u015fyap\u0131t g\u00fcn y\u00fcz\u00fcne \u00e7\u0131k\u0131yor.Yaln\u0131zca se\u00e7kin az\u0131nl\u0131\u011f\u0131n anlayabilece\u011fi bir \u015fifre, bir tablonun i\u00e7inegizleniyor. Bir portrenin alt\u0131na [...]\" \/>\n<meta property=\"og:url\" content=\"https:\/\/sakipsabancimuzesi.org\/shop\/urun\/yayin-ve-multimedya\/kitap\/sanatin-sirlari\/\" \/>\n<meta property=\"og:site_name\" content=\"SSM Shop\" \/>\n<meta property=\"article:publisher\" content=\"https:\/\/www.facebook.com\/SakipSabanciMuzesi\/\" \/>\n<meta property=\"article:modified_time\" content=\"2025-09-18T13:27:53+00:00\" \/>\n<meta property=\"og:image\" content=\"https:\/\/sakipsabancimuzesi.org\/shop\/wp-content\/uploads\/2022\/11\/sanarin-sirlari.jpg\" \/>\n\t<meta property=\"og:image:width\" content=\"1280\" \/>\n\t<meta property=\"og:image:height\" content=\"1600\" \/>\n\t<meta property=\"og:image:type\" content=\"image\/jpeg\" \/>\n<meta name=\"twitter:card\" content=\"summary_large_image\" \/>\n<meta name=\"twitter:label1\" content=\"Tahmini okuma s\u00fcresi\" \/>\n\t<meta name=\"twitter:data1\" content=\"2 dakika\" \/>\n<script type=\"application\/ld+json\" class=\"yoast-schema-graph\">{\"@context\":\"https:\/\/schema.org\",\"@graph\":[{\"@type\":\"WebPage\",\"@id\":\"https:\/\/sakipsabancimuzesi.org\/shop\/urun\/yayin-ve-multimedya\/kitap\/sanatin-sirlari\/\",\"url\":\"https:\/\/sakipsabancimuzesi.org\/shop\/urun\/yayin-ve-multimedya\/kitap\/sanatin-sirlari\/\",\"name\":\"Sanat\u0131n S\u0131rlar\u0131 - SSM Shop\",\"isPartOf\":{\"@id\":\"https:\/\/sakipsabancimuzesi.org\/shop\/#website\"},\"primaryImageOfPage\":{\"@id\":\"https:\/\/sakipsabancimuzesi.org\/shop\/urun\/yayin-ve-multimedya\/kitap\/sanatin-sirlari\/#primaryimage\"},\"image\":{\"@id\":\"https:\/\/sakipsabancimuzesi.org\/shop\/urun\/yayin-ve-multimedya\/kitap\/sanatin-sirlari\/#primaryimage\"},\"thumbnailUrl\":\"https:\/\/sakipsabancimuzesi.org\/shop\/wp-content\/uploads\/2022\/11\/sanarin-sirlari.jpg\",\"datePublished\":\"2022-11-04T14:12:21+00:00\",\"dateModified\":\"2025-09-18T13:27:53+00:00\",\"breadcrumb\":{\"@id\":\"https:\/\/sakipsabancimuzesi.org\/shop\/urun\/yayin-ve-multimedya\/kitap\/sanatin-sirlari\/#breadcrumb\"},\"inLanguage\":\"tr\",\"potentialAction\":[{\"@type\":\"ReadAction\",\"target\":[\"https:\/\/sakipsabancimuzesi.org\/shop\/urun\/yayin-ve-multimedya\/kitap\/sanatin-sirlari\/\"]}]},{\"@type\":\"ImageObject\",\"inLanguage\":\"tr\",\"@id\":\"https:\/\/sakipsabancimuzesi.org\/shop\/urun\/yayin-ve-multimedya\/kitap\/sanatin-sirlari\/#primaryimage\",\"url\":\"https:\/\/sakipsabancimuzesi.org\/shop\/wp-content\/uploads\/2022\/11\/sanarin-sirlari.jpg\",\"contentUrl\":\"https:\/\/sakipsabancimuzesi.org\/shop\/wp-content\/uploads\/2022\/11\/sanarin-sirlari.jpg\",\"width\":1280,\"height\":1600},{\"@type\":\"BreadcrumbList\",\"@id\":\"https:\/\/sakipsabancimuzesi.org\/shop\/urun\/yayin-ve-multimedya\/kitap\/sanatin-sirlari\/#breadcrumb\",\"itemListElement\":[{\"@type\":\"ListItem\",\"position\":1,\"name\":\"Ana sayfa\",\"item\":\"https:\/\/sakipsabancimuzesi.org\/shop\/\"},{\"@type\":\"ListItem\",\"position\":2,\"name\":\"Shop\",\"item\":\"https:\/\/sakipsabancimuzesi.org\/shop\/shop\/\"},{\"@type\":\"ListItem\",\"position\":3,\"name\":\"Sanat\u0131n S\u0131rlar\u0131\"}]},{\"@type\":\"WebSite\",\"@id\":\"https:\/\/sakipsabancimuzesi.org\/shop\/#website\",\"url\":\"https:\/\/sakipsabancimuzesi.org\/shop\/\",\"name\":\"SSM Shop\",\"description\":\"Sak\u0131p Sabanc\u0131 M\u00fczesi, Ma\u011faza\",\"publisher\":{\"@id\":\"https:\/\/sakipsabancimuzesi.org\/shop\/#organization\"},\"potentialAction\":[{\"@type\":\"SearchAction\",\"target\":{\"@type\":\"EntryPoint\",\"urlTemplate\":\"https:\/\/sakipsabancimuzesi.org\/shop\/?s={search_term_string}\"},\"query-input\":{\"@type\":\"PropertyValueSpecification\",\"valueRequired\":true,\"valueName\":\"search_term_string\"}}],\"inLanguage\":\"tr\"},{\"@type\":\"Organization\",\"@id\":\"https:\/\/sakipsabancimuzesi.org\/shop\/#organization\",\"name\":\"SSM Shop\",\"url\":\"https:\/\/sakipsabancimuzesi.org\/shop\/\",\"logo\":{\"@type\":\"ImageObject\",\"inLanguage\":\"tr\",\"@id\":\"https:\/\/sakipsabancimuzesi.org\/shop\/#\/schema\/logo\/image\/\",\"url\":\"https:\/\/sakipsabancimuzesi.org\/shop\/wp-content\/uploads\/2019\/11\/logo.png\",\"contentUrl\":\"https:\/\/sakipsabancimuzesi.org\/shop\/wp-content\/uploads\/2019\/11\/logo.png\",\"width\":227,\"height\":87,\"caption\":\"SSM Shop\"},\"image\":{\"@id\":\"https:\/\/sakipsabancimuzesi.org\/shop\/#\/schema\/logo\/image\/\"},\"sameAs\":[\"https:\/\/www.facebook.com\/SakipSabanciMuzesi\/\"]}]}<\/script>\n<!-- \/ Yoast SEO plugin. -->","yoast_head_json":{"title":"Sanat\u0131n S\u0131rlar\u0131 - SSM Shop","robots":{"index":"index","follow":"follow","max-snippet":"max-snippet:-1","max-image-preview":"max-image-preview:large","max-video-preview":"max-video-preview:-1"},"canonical":"https:\/\/sakipsabancimuzesi.org\/shop\/urun\/yayin-ve-multimedya\/kitap\/sanatin-sirlari\/","og_locale":"tr_TR","og_type":"article","og_title":"Sanat\u0131n S\u0131rlar\u0131 - SSM Shop","og_description":"Hayalperest Yay\u0131nevi Sanat\u0131n S\u0131rlar\u0131 Sanat\u0131n Gizli Mesajlar\u0131, Anlamlar\u0131 Ve Sembolleri Geri Bildirim Ver S\u00fcrprizlerle, ke\u015fiflerle,unutulmu\u015f hazineler ve kay\u0131p hik\u00e2yelerle dolu Sanat\u0131n s\u0131rlar\u0131, Okurusanat\u0131n gizemli d\u00fcnyas\u0131nda yolculu\u011fa \u00e7\u0131kar\u0131yor ve eserlerin hi\u00e7 de g\u00f6r\u00fcnd\u00fc\u011f\u00fcgibi olmad\u0131\u011f\u0131n\u0131 g\u00f6steriyor. Londrakulesi\u2019nde gizlenmi\u015f, uzun s\u00fcredir kay\u0131p bir ba\u015fyap\u0131t g\u00fcn y\u00fcz\u00fcne \u00e7\u0131k\u0131yor.Yaln\u0131zca se\u00e7kin az\u0131nl\u0131\u011f\u0131n anlayabilece\u011fi bir \u015fifre, bir tablonun i\u00e7inegizleniyor. Bir portrenin alt\u0131na [...]","og_url":"https:\/\/sakipsabancimuzesi.org\/shop\/urun\/yayin-ve-multimedya\/kitap\/sanatin-sirlari\/","og_site_name":"SSM Shop","article_publisher":"https:\/\/www.facebook.com\/SakipSabanciMuzesi\/","article_modified_time":"2025-09-18T13:27:53+00:00","og_image":[{"width":1280,"height":1600,"url":"https:\/\/sakipsabancimuzesi.org\/shop\/wp-content\/uploads\/2022\/11\/sanarin-sirlari.jpg","type":"image\/jpeg"}],"twitter_card":"summary_large_image","twitter_misc":{"Tahmini okuma s\u00fcresi":"2 dakika"},"schema":{"@context":"https:\/\/schema.org","@graph":[{"@type":"WebPage","@id":"https:\/\/sakipsabancimuzesi.org\/shop\/urun\/yayin-ve-multimedya\/kitap\/sanatin-sirlari\/","url":"https:\/\/sakipsabancimuzesi.org\/shop\/urun\/yayin-ve-multimedya\/kitap\/sanatin-sirlari\/","name":"Sanat\u0131n S\u0131rlar\u0131 - SSM Shop","isPartOf":{"@id":"https:\/\/sakipsabancimuzesi.org\/shop\/#website"},"primaryImageOfPage":{"@id":"https:\/\/sakipsabancimuzesi.org\/shop\/urun\/yayin-ve-multimedya\/kitap\/sanatin-sirlari\/#primaryimage"},"image":{"@id":"https:\/\/sakipsabancimuzesi.org\/shop\/urun\/yayin-ve-multimedya\/kitap\/sanatin-sirlari\/#primaryimage"},"thumbnailUrl":"https:\/\/sakipsabancimuzesi.org\/shop\/wp-content\/uploads\/2022\/11\/sanarin-sirlari.jpg","datePublished":"2022-11-04T14:12:21+00:00","dateModified":"2025-09-18T13:27:53+00:00","breadcrumb":{"@id":"https:\/\/sakipsabancimuzesi.org\/shop\/urun\/yayin-ve-multimedya\/kitap\/sanatin-sirlari\/#breadcrumb"},"inLanguage":"tr","potentialAction":[{"@type":"ReadAction","target":["https:\/\/sakipsabancimuzesi.org\/shop\/urun\/yayin-ve-multimedya\/kitap\/sanatin-sirlari\/"]}]},{"@type":"ImageObject","inLanguage":"tr","@id":"https:\/\/sakipsabancimuzesi.org\/shop\/urun\/yayin-ve-multimedya\/kitap\/sanatin-sirlari\/#primaryimage","url":"https:\/\/sakipsabancimuzesi.org\/shop\/wp-content\/uploads\/2022\/11\/sanarin-sirlari.jpg","contentUrl":"https:\/\/sakipsabancimuzesi.org\/shop\/wp-content\/uploads\/2022\/11\/sanarin-sirlari.jpg","width":1280,"height":1600},{"@type":"BreadcrumbList","@id":"https:\/\/sakipsabancimuzesi.org\/shop\/urun\/yayin-ve-multimedya\/kitap\/sanatin-sirlari\/#breadcrumb","itemListElement":[{"@type":"ListItem","position":1,"name":"Ana sayfa","item":"https:\/\/sakipsabancimuzesi.org\/shop\/"},{"@type":"ListItem","position":2,"name":"Shop","item":"https:\/\/sakipsabancimuzesi.org\/shop\/shop\/"},{"@type":"ListItem","position":3,"name":"Sanat\u0131n S\u0131rlar\u0131"}]},{"@type":"WebSite","@id":"https:\/\/sakipsabancimuzesi.org\/shop\/#website","url":"https:\/\/sakipsabancimuzesi.org\/shop\/","name":"SSM Shop","description":"Sak\u0131p Sabanc\u0131 M\u00fczesi, Ma\u011faza","publisher":{"@id":"https:\/\/sakipsabancimuzesi.org\/shop\/#organization"},"potentialAction":[{"@type":"SearchAction","target":{"@type":"EntryPoint","urlTemplate":"https:\/\/sakipsabancimuzesi.org\/shop\/?s={search_term_string}"},"query-input":{"@type":"PropertyValueSpecification","valueRequired":true,"valueName":"search_term_string"}}],"inLanguage":"tr"},{"@type":"Organization","@id":"https:\/\/sakipsabancimuzesi.org\/shop\/#organization","name":"SSM Shop","url":"https:\/\/sakipsabancimuzesi.org\/shop\/","logo":{"@type":"ImageObject","inLanguage":"tr","@id":"https:\/\/sakipsabancimuzesi.org\/shop\/#\/schema\/logo\/image\/","url":"https:\/\/sakipsabancimuzesi.org\/shop\/wp-content\/uploads\/2019\/11\/logo.png","contentUrl":"https:\/\/sakipsabancimuzesi.org\/shop\/wp-content\/uploads\/2019\/11\/logo.png","width":227,"height":87,"caption":"SSM Shop"},"image":{"@id":"https:\/\/sakipsabancimuzesi.org\/shop\/#\/schema\/logo\/image\/"},"sameAs":["https:\/\/www.facebook.com\/SakipSabanciMuzesi\/"]}]}},"jetpack_sharing_enabled":true,"_links":{"self":[{"href":"https:\/\/sakipsabancimuzesi.org\/shop\/wp-json\/wp\/v2\/product\/253757","targetHints":{"allow":["GET"]}}],"collection":[{"href":"https:\/\/sakipsabancimuzesi.org\/shop\/wp-json\/wp\/v2\/product"}],"about":[{"href":"https:\/\/sakipsabancimuzesi.org\/shop\/wp-json\/wp\/v2\/types\/product"}],"wp:featuredmedia":[{"embeddable":true,"href":"https:\/\/sakipsabancimuzesi.org\/shop\/wp-json\/wp\/v2\/media\/253758"}],"wp:attachment":[{"href":"https:\/\/sakipsabancimuzesi.org\/shop\/wp-json\/wp\/v2\/media?parent=253757"}],"wp:term":[{"taxonomy":"product_brand","embeddable":true,"href":"https:\/\/sakipsabancimuzesi.org\/shop\/wp-json\/wp\/v2\/product_brand?post=253757"},{"taxonomy":"product_cat","embeddable":true,"href":"https:\/\/sakipsabancimuzesi.org\/shop\/wp-json\/wp\/v2\/product_cat?post=253757"},{"taxonomy":"product_tag","embeddable":true,"href":"https:\/\/sakipsabancimuzesi.org\/shop\/wp-json\/wp\/v2\/product_tag?post=253757"},{"taxonomy":"woo-feed-brand","embeddable":true,"href":"https:\/\/sakipsabancimuzesi.org\/shop\/wp-json\/wp\/v2\/woo-feed-brand?post=253757"}],"curies":[{"name":"wp","href":"https:\/\/api.w.org\/{rel}","templated":true}]}}