{"id":253840,"date":"2022-11-07T10:35:07","date_gmt":"2022-11-07T07:35:07","guid":{"rendered":"https:\/\/sakipsabancimuzesi.org\/shop\/?post_type=product&#038;p=253840"},"modified":"2026-02-09T10:33:35","modified_gmt":"2026-02-09T07:33:35","slug":"ten-ve-tas","status":"publish","type":"product","link":"https:\/\/sakipsabancimuzesi.org\/shop\/urun\/yayin-ve-multimedya\/kitap\/ten-ve-tas\/","title":{"rendered":"Ten Ve Ta\u015f"},"content":{"rendered":"<p>&#8220;Modern binalar\u0131n \u00e7o\u011funu lanetlemi\u015f gibi g\u00f6r\u00fcnen yoksunluk, kent ortam\u0131n\u0131 sakatlayan s\u0131k\u0131c\u0131l\u0131k, monotonluk ve elle tutulur k\u0131s\u0131rl\u0131k.&#8221; Richard Sennett modern kent kar\u015f\u0131s\u0131nda kap\u0131ld\u0131\u011f\u0131 \u015fa\u015fk\u0131nl\u0131\u011f\u0131n vesile oldu\u011funu s\u00f6yl\u00fcyor bu kitab\u0131 yazmas\u0131na:<br \/>\n&#8220;Ten ve Ta\u015f, \u015fehrin, insanlar\u0131n bedensel deneyimleri yoluyla anlat\u0131lan bir tarihidir: Antik d\u00f6nem Atinas\u0131&#8217;ndan modern New York&#8217;a erkekler ve kad\u0131nlar \u015fehirlerde nas\u0131l deviniyorlard\u0131, ne g\u00f6r\u00fcp i\u015fitiyorlard\u0131, burunlar\u0131 hangi kokularla doluydu, nerede yemek yiyorlard\u0131, nas\u0131l giyiniyorlard\u0131, ne zaman banyo yap\u0131yorlard\u0131, nas\u0131l sevi\u015fiyorlard\u0131? Bu kitap insanlar\u0131n bedenlerini ge\u00e7mi\u015fi anlaman\u0131n bir yolu olarak ele almas\u0131na ra\u011fmen, kent mek\u00e2n\u0131ndaki fiziksel duyumlar\u0131n tarihsel bir katalo\u011fundan \u00f6te bir \u015feydir. Bat\u0131 uygarl\u0131\u011f\u0131 bedenin haysiyetine ve insan bedenlerinin \u00e7e\u015fitlili\u011fine h\u00fcrmet etmekte hep zorlanm\u0131\u015ft\u0131r: bedenle ilgili bu zorluklar\u0131n mimaride, \u015fehir tasar\u0131m\u0131nda ve planlama prati\u011finde nas\u0131l ifade edilmi\u015f oldu\u011funu anlamaya, anlatmaya \u00e7al\u0131\u015ft\u0131m.&#8221;<\/p>\n<p>Sosyal hayatla \u015fehirlerin mimari yap\u0131s\u0131 aras\u0131ndaki, sosyal tarihle i\u00e7inde ya\u015fanan mek\u00e2n\u0131n \u00f6rg\u00fctlenmesi aras\u0131ndaki ili\u015fkilere ilgi duyan herkesin zevkle okuyaca\u011f\u0131 d\u00fc\u015f\u00fcncesiyle, Tuncay Birkan&#8217;\u0131n \u00e7evirisiyle sunuyoruz bu g\u00fczel kitab\u0131<\/p>\n","protected":false},"excerpt":{"rendered":"<p>&#8220;Modern binalar\u0131n \u00e7o\u011funu lanetlemi\u015f gibi g\u00f6r\u00fcnen yoksunluk, kent ortam\u0131n\u0131 sakatlayan s\u0131k\u0131c\u0131l\u0131k, monotonluk ve elle tutulur k\u0131s\u0131rl\u0131k.&#8221; Richard Sennett modern kent kar\u015f\u0131s\u0131nda kap\u0131ld\u0131\u011f\u0131 \u015fa\u015fk\u0131nl\u0131\u011f\u0131n vesile oldu\u011funu s\u00f6yl\u00fcyor bu kitab\u0131 yazmas\u0131na: &#8220;Ten ve Ta\u015f, \u015fehrin, insanlar\u0131n bedensel deneyimleri yoluyla anlat\u0131lan bir tarihidir: Antik d\u00f6nem Atinas\u0131&#8217;ndan modern New York&#8217;a erkekler ve kad\u0131nlar \u015fehirlerde nas\u0131l deviniyorlard\u0131, ne g\u00f6r\u00fcp i\u015fitiyorlard\u0131, [&#8230;]\n","protected":false},"featured_media":253856,"template":"","meta":{"_exactmetrics_skip_tracking":false,"_exactmetrics_sitenote_active":false,"_exactmetrics_sitenote_note":"","_exactmetrics_sitenote_category":0},"product_brand":[],"product_cat":[662,663],"product_tag":[],"woo-feed-brand":[],"class_list":{"0":"post-253840","1":"product","2":"type-product","3":"status-publish","4":"has-post-thumbnail","6":"product_cat-yayin-ve-multimedya","7":"product_cat-kitap","9":"first","10":"instock","11":"taxable","12":"shipping-taxable","13":"purchasable","14":"product-type-simple"},"yoast_head":"<!-- This site is optimized with the Yoast SEO plugin v27.1.1 - https:\/\/yoast.com\/product\/yoast-seo-wordpress\/ -->\n<title>Ten Ve Ta\u015f - SSM Shop<\/title>\n<meta name=\"robots\" content=\"index, follow, max-snippet:-1, max-image-preview:large, max-video-preview:-1\" \/>\n<link rel=\"canonical\" href=\"https:\/\/sakipsabancimuzesi.org\/shop\/urun\/yayin-ve-multimedya\/kitap\/ten-ve-tas\/\" \/>\n<meta property=\"og:locale\" content=\"tr_TR\" \/>\n<meta property=\"og:type\" content=\"article\" \/>\n<meta property=\"og:title\" content=\"Ten Ve Ta\u015f - SSM Shop\" \/>\n<meta property=\"og:description\" content=\"&#8220;Modern binalar\u0131n \u00e7o\u011funu lanetlemi\u015f gibi g\u00f6r\u00fcnen yoksunluk, kent ortam\u0131n\u0131 sakatlayan s\u0131k\u0131c\u0131l\u0131k, monotonluk ve elle tutulur k\u0131s\u0131rl\u0131k.&#8221; Richard Sennett modern kent kar\u015f\u0131s\u0131nda kap\u0131ld\u0131\u011f\u0131 \u015fa\u015fk\u0131nl\u0131\u011f\u0131n vesile oldu\u011funu s\u00f6yl\u00fcyor bu kitab\u0131 yazmas\u0131na: &#8220;Ten ve Ta\u015f, \u015fehrin, insanlar\u0131n bedensel deneyimleri yoluyla anlat\u0131lan bir tarihidir: Antik d\u00f6nem Atinas\u0131&#8217;ndan modern New York&#8217;a erkekler ve kad\u0131nlar \u015fehirlerde nas\u0131l deviniyorlard\u0131, ne g\u00f6r\u00fcp i\u015fitiyorlard\u0131, [...]\" \/>\n<meta property=\"og:url\" content=\"https:\/\/sakipsabancimuzesi.org\/shop\/urun\/yayin-ve-multimedya\/kitap\/ten-ve-tas\/\" \/>\n<meta property=\"og:site_name\" content=\"SSM Shop\" \/>\n<meta property=\"article:publisher\" content=\"https:\/\/www.facebook.com\/SakipSabanciMuzesi\/\" \/>\n<meta property=\"article:modified_time\" content=\"2026-02-09T07:33:35+00:00\" \/>\n<meta property=\"og:image\" content=\"https:\/\/sakipsabancimuzesi.org\/shop\/wp-content\/uploads\/2022\/11\/Ten-ve-Tas.jpeg\" \/>\n\t<meta property=\"og:image:width\" content=\"1280\" \/>\n\t<meta property=\"og:image:height\" content=\"1600\" \/>\n\t<meta property=\"og:image:type\" content=\"image\/jpeg\" \/>\n<meta name=\"twitter:card\" content=\"summary_large_image\" \/>\n<meta name=\"twitter:label1\" content=\"Tahmini okuma s\u00fcresi\" \/>\n\t<meta name=\"twitter:data1\" content=\"1 dakika\" \/>\n<script type=\"application\/ld+json\" class=\"yoast-schema-graph\">{\"@context\":\"https:\/\/schema.org\",\"@graph\":[{\"@type\":\"WebPage\",\"@id\":\"https:\/\/sakipsabancimuzesi.org\/shop\/urun\/yayin-ve-multimedya\/kitap\/ten-ve-tas\/\",\"url\":\"https:\/\/sakipsabancimuzesi.org\/shop\/urun\/yayin-ve-multimedya\/kitap\/ten-ve-tas\/\",\"name\":\"Ten Ve Ta\u015f - SSM Shop\",\"isPartOf\":{\"@id\":\"https:\/\/sakipsabancimuzesi.org\/shop\/#website\"},\"primaryImageOfPage\":{\"@id\":\"https:\/\/sakipsabancimuzesi.org\/shop\/urun\/yayin-ve-multimedya\/kitap\/ten-ve-tas\/#primaryimage\"},\"image\":{\"@id\":\"https:\/\/sakipsabancimuzesi.org\/shop\/urun\/yayin-ve-multimedya\/kitap\/ten-ve-tas\/#primaryimage\"},\"thumbnailUrl\":\"https:\/\/sakipsabancimuzesi.org\/shop\/wp-content\/uploads\/2022\/11\/Ten-ve-Tas.jpeg\",\"datePublished\":\"2022-11-07T07:35:07+00:00\",\"dateModified\":\"2026-02-09T07:33:35+00:00\",\"breadcrumb\":{\"@id\":\"https:\/\/sakipsabancimuzesi.org\/shop\/urun\/yayin-ve-multimedya\/kitap\/ten-ve-tas\/#breadcrumb\"},\"inLanguage\":\"tr\",\"potentialAction\":[{\"@type\":\"ReadAction\",\"target\":[\"https:\/\/sakipsabancimuzesi.org\/shop\/urun\/yayin-ve-multimedya\/kitap\/ten-ve-tas\/\"]}]},{\"@type\":\"ImageObject\",\"inLanguage\":\"tr\",\"@id\":\"https:\/\/sakipsabancimuzesi.org\/shop\/urun\/yayin-ve-multimedya\/kitap\/ten-ve-tas\/#primaryimage\",\"url\":\"https:\/\/sakipsabancimuzesi.org\/shop\/wp-content\/uploads\/2022\/11\/Ten-ve-Tas.jpeg\",\"contentUrl\":\"https:\/\/sakipsabancimuzesi.org\/shop\/wp-content\/uploads\/2022\/11\/Ten-ve-Tas.jpeg\",\"width\":1280,\"height\":1600},{\"@type\":\"BreadcrumbList\",\"@id\":\"https:\/\/sakipsabancimuzesi.org\/shop\/urun\/yayin-ve-multimedya\/kitap\/ten-ve-tas\/#breadcrumb\",\"itemListElement\":[{\"@type\":\"ListItem\",\"position\":1,\"name\":\"Ana sayfa\",\"item\":\"https:\/\/sakipsabancimuzesi.org\/shop\/\"},{\"@type\":\"ListItem\",\"position\":2,\"name\":\"Shop\",\"item\":\"https:\/\/sakipsabancimuzesi.org\/shop\/shop\/\"},{\"@type\":\"ListItem\",\"position\":3,\"name\":\"Ten Ve Ta\u015f\"}]},{\"@type\":\"WebSite\",\"@id\":\"https:\/\/sakipsabancimuzesi.org\/shop\/#website\",\"url\":\"https:\/\/sakipsabancimuzesi.org\/shop\/\",\"name\":\"SSM Shop\",\"description\":\"Sak\u0131p Sabanc\u0131 M\u00fczesi, Ma\u011faza\",\"publisher\":{\"@id\":\"https:\/\/sakipsabancimuzesi.org\/shop\/#organization\"},\"potentialAction\":[{\"@type\":\"SearchAction\",\"target\":{\"@type\":\"EntryPoint\",\"urlTemplate\":\"https:\/\/sakipsabancimuzesi.org\/shop\/?s={search_term_string}\"},\"query-input\":{\"@type\":\"PropertyValueSpecification\",\"valueRequired\":true,\"valueName\":\"search_term_string\"}}],\"inLanguage\":\"tr\"},{\"@type\":\"Organization\",\"@id\":\"https:\/\/sakipsabancimuzesi.org\/shop\/#organization\",\"name\":\"SSM Shop\",\"url\":\"https:\/\/sakipsabancimuzesi.org\/shop\/\",\"logo\":{\"@type\":\"ImageObject\",\"inLanguage\":\"tr\",\"@id\":\"https:\/\/sakipsabancimuzesi.org\/shop\/#\/schema\/logo\/image\/\",\"url\":\"https:\/\/sakipsabancimuzesi.org\/shop\/wp-content\/uploads\/2019\/11\/logo.png\",\"contentUrl\":\"https:\/\/sakipsabancimuzesi.org\/shop\/wp-content\/uploads\/2019\/11\/logo.png\",\"width\":227,\"height\":87,\"caption\":\"SSM Shop\"},\"image\":{\"@id\":\"https:\/\/sakipsabancimuzesi.org\/shop\/#\/schema\/logo\/image\/\"},\"sameAs\":[\"https:\/\/www.facebook.com\/SakipSabanciMuzesi\/\"]}]}<\/script>\n<!-- \/ Yoast SEO plugin. -->","yoast_head_json":{"title":"Ten Ve Ta\u015f - SSM Shop","robots":{"index":"index","follow":"follow","max-snippet":"max-snippet:-1","max-image-preview":"max-image-preview:large","max-video-preview":"max-video-preview:-1"},"canonical":"https:\/\/sakipsabancimuzesi.org\/shop\/urun\/yayin-ve-multimedya\/kitap\/ten-ve-tas\/","og_locale":"tr_TR","og_type":"article","og_title":"Ten Ve Ta\u015f - SSM Shop","og_description":"&#8220;Modern binalar\u0131n \u00e7o\u011funu lanetlemi\u015f gibi g\u00f6r\u00fcnen yoksunluk, kent ortam\u0131n\u0131 sakatlayan s\u0131k\u0131c\u0131l\u0131k, monotonluk ve elle tutulur k\u0131s\u0131rl\u0131k.&#8221; Richard Sennett modern kent kar\u015f\u0131s\u0131nda kap\u0131ld\u0131\u011f\u0131 \u015fa\u015fk\u0131nl\u0131\u011f\u0131n vesile oldu\u011funu s\u00f6yl\u00fcyor bu kitab\u0131 yazmas\u0131na: &#8220;Ten ve Ta\u015f, \u015fehrin, insanlar\u0131n bedensel deneyimleri yoluyla anlat\u0131lan bir tarihidir: Antik d\u00f6nem Atinas\u0131&#8217;ndan modern New York&#8217;a erkekler ve kad\u0131nlar \u015fehirlerde nas\u0131l deviniyorlard\u0131, ne g\u00f6r\u00fcp i\u015fitiyorlard\u0131, [...]","og_url":"https:\/\/sakipsabancimuzesi.org\/shop\/urun\/yayin-ve-multimedya\/kitap\/ten-ve-tas\/","og_site_name":"SSM Shop","article_publisher":"https:\/\/www.facebook.com\/SakipSabanciMuzesi\/","article_modified_time":"2026-02-09T07:33:35+00:00","og_image":[{"width":1280,"height":1600,"url":"https:\/\/sakipsabancimuzesi.org\/shop\/wp-content\/uploads\/2022\/11\/Ten-ve-Tas.jpeg","type":"image\/jpeg"}],"twitter_card":"summary_large_image","twitter_misc":{"Tahmini okuma s\u00fcresi":"1 dakika"},"schema":{"@context":"https:\/\/schema.org","@graph":[{"@type":"WebPage","@id":"https:\/\/sakipsabancimuzesi.org\/shop\/urun\/yayin-ve-multimedya\/kitap\/ten-ve-tas\/","url":"https:\/\/sakipsabancimuzesi.org\/shop\/urun\/yayin-ve-multimedya\/kitap\/ten-ve-tas\/","name":"Ten Ve Ta\u015f - SSM Shop","isPartOf":{"@id":"https:\/\/sakipsabancimuzesi.org\/shop\/#website"},"primaryImageOfPage":{"@id":"https:\/\/sakipsabancimuzesi.org\/shop\/urun\/yayin-ve-multimedya\/kitap\/ten-ve-tas\/#primaryimage"},"image":{"@id":"https:\/\/sakipsabancimuzesi.org\/shop\/urun\/yayin-ve-multimedya\/kitap\/ten-ve-tas\/#primaryimage"},"thumbnailUrl":"https:\/\/sakipsabancimuzesi.org\/shop\/wp-content\/uploads\/2022\/11\/Ten-ve-Tas.jpeg","datePublished":"2022-11-07T07:35:07+00:00","dateModified":"2026-02-09T07:33:35+00:00","breadcrumb":{"@id":"https:\/\/sakipsabancimuzesi.org\/shop\/urun\/yayin-ve-multimedya\/kitap\/ten-ve-tas\/#breadcrumb"},"inLanguage":"tr","potentialAction":[{"@type":"ReadAction","target":["https:\/\/sakipsabancimuzesi.org\/shop\/urun\/yayin-ve-multimedya\/kitap\/ten-ve-tas\/"]}]},{"@type":"ImageObject","inLanguage":"tr","@id":"https:\/\/sakipsabancimuzesi.org\/shop\/urun\/yayin-ve-multimedya\/kitap\/ten-ve-tas\/#primaryimage","url":"https:\/\/sakipsabancimuzesi.org\/shop\/wp-content\/uploads\/2022\/11\/Ten-ve-Tas.jpeg","contentUrl":"https:\/\/sakipsabancimuzesi.org\/shop\/wp-content\/uploads\/2022\/11\/Ten-ve-Tas.jpeg","width":1280,"height":1600},{"@type":"BreadcrumbList","@id":"https:\/\/sakipsabancimuzesi.org\/shop\/urun\/yayin-ve-multimedya\/kitap\/ten-ve-tas\/#breadcrumb","itemListElement":[{"@type":"ListItem","position":1,"name":"Ana sayfa","item":"https:\/\/sakipsabancimuzesi.org\/shop\/"},{"@type":"ListItem","position":2,"name":"Shop","item":"https:\/\/sakipsabancimuzesi.org\/shop\/shop\/"},{"@type":"ListItem","position":3,"name":"Ten Ve Ta\u015f"}]},{"@type":"WebSite","@id":"https:\/\/sakipsabancimuzesi.org\/shop\/#website","url":"https:\/\/sakipsabancimuzesi.org\/shop\/","name":"SSM Shop","description":"Sak\u0131p Sabanc\u0131 M\u00fczesi, Ma\u011faza","publisher":{"@id":"https:\/\/sakipsabancimuzesi.org\/shop\/#organization"},"potentialAction":[{"@type":"SearchAction","target":{"@type":"EntryPoint","urlTemplate":"https:\/\/sakipsabancimuzesi.org\/shop\/?s={search_term_string}"},"query-input":{"@type":"PropertyValueSpecification","valueRequired":true,"valueName":"search_term_string"}}],"inLanguage":"tr"},{"@type":"Organization","@id":"https:\/\/sakipsabancimuzesi.org\/shop\/#organization","name":"SSM Shop","url":"https:\/\/sakipsabancimuzesi.org\/shop\/","logo":{"@type":"ImageObject","inLanguage":"tr","@id":"https:\/\/sakipsabancimuzesi.org\/shop\/#\/schema\/logo\/image\/","url":"https:\/\/sakipsabancimuzesi.org\/shop\/wp-content\/uploads\/2019\/11\/logo.png","contentUrl":"https:\/\/sakipsabancimuzesi.org\/shop\/wp-content\/uploads\/2019\/11\/logo.png","width":227,"height":87,"caption":"SSM Shop"},"image":{"@id":"https:\/\/sakipsabancimuzesi.org\/shop\/#\/schema\/logo\/image\/"},"sameAs":["https:\/\/www.facebook.com\/SakipSabanciMuzesi\/"]}]}},"jetpack_sharing_enabled":true,"_links":{"self":[{"href":"https:\/\/sakipsabancimuzesi.org\/shop\/wp-json\/wp\/v2\/product\/253840","targetHints":{"allow":["GET"]}}],"collection":[{"href":"https:\/\/sakipsabancimuzesi.org\/shop\/wp-json\/wp\/v2\/product"}],"about":[{"href":"https:\/\/sakipsabancimuzesi.org\/shop\/wp-json\/wp\/v2\/types\/product"}],"wp:featuredmedia":[{"embeddable":true,"href":"https:\/\/sakipsabancimuzesi.org\/shop\/wp-json\/wp\/v2\/media\/253856"}],"wp:attachment":[{"href":"https:\/\/sakipsabancimuzesi.org\/shop\/wp-json\/wp\/v2\/media?parent=253840"}],"wp:term":[{"taxonomy":"product_brand","embeddable":true,"href":"https:\/\/sakipsabancimuzesi.org\/shop\/wp-json\/wp\/v2\/product_brand?post=253840"},{"taxonomy":"product_cat","embeddable":true,"href":"https:\/\/sakipsabancimuzesi.org\/shop\/wp-json\/wp\/v2\/product_cat?post=253840"},{"taxonomy":"product_tag","embeddable":true,"href":"https:\/\/sakipsabancimuzesi.org\/shop\/wp-json\/wp\/v2\/product_tag?post=253840"},{"taxonomy":"woo-feed-brand","embeddable":true,"href":"https:\/\/sakipsabancimuzesi.org\/shop\/wp-json\/wp\/v2\/woo-feed-brand?post=253840"}],"curies":[{"name":"wp","href":"https:\/\/api.w.org\/{rel}","templated":true}]}}