{"id":253842,"date":"2022-11-07T10:40:18","date_gmt":"2022-11-07T07:40:18","guid":{"rendered":"https:\/\/sakipsabancimuzesi.org\/shop\/?post_type=product&#038;p=253842"},"modified":"2024-05-04T00:49:00","modified_gmt":"2024-05-03T21:49:00","slug":"sanatin-kurallari","status":"publish","type":"product","link":"https:\/\/sakipsabancimuzesi.org\/shop\/urun\/yayin-ve-multimedya\/kitap\/sanatin-kurallari\/","title":{"rendered":"SANATIN KURALLARI"},"content":{"rendered":"<p>SANATIN KURALLARI, konusunu Flaubert ve modern yaz\u0131ndan alan, d\u00fcnyan\u0131n \u00f6nde gelen sosyal teorisyenlerinden Pierre Bourdieu taraf\u0131ndan kaleme al\u0131nm\u0131\u015f sanat sosyolojisi alan\u0131nda \u00f6nemli eserlerden biri. On dokuzuncu y\u00fczy\u0131l\u0131n ortalar\u0131ndan g\u00fcn\u00fcm\u00fcze yaz\u0131n ve sanat tarihine bir pencere a\u00e7an yazar, \u00f6zg\u00fcn bir sanat teorisi geli\u015ftirir ve sanat ile toplumsal ili\u015fkinin yap\u0131lar\u0131 aras\u0131ndaki ba\u011flant\u0131y\u0131 g\u00f6rmeyi reddedenlere kar\u015f\u0131 g\u00fc\u00e7l\u00fc arg\u00fcmanlarla kar\u015f\u0131l\u0131k verir. Bourdieu\u2019n\u00fcn ortaya koydu\u011fu gibi, sanat\u0131n yeni \u00f6zerkli\u011fi bu yap\u0131lardan birini olu\u015fturur, toplumsal yap\u0131yla olan ba\u011flant\u0131y\u0131 karma\u015f\u0131kla\u015ft\u0131r\u0131r, ama onu asla saf d\u0131\u015f\u0131 b\u0131rakmaz.<br \/>\nBug\u00fcn bildi\u011fimiz yaz\u0131nsal alan, on dokuzuncu y\u00fczy\u0131lda akademilerden koparak kendisini \u015fekillendirdi. O zamandan itibaren kimse ne yaz\u0131lmas\u0131 gerekti\u011fini s\u00f6yleyemez ya da be\u011feninin kriterlerini ne oldu\u011fu iddias\u0131nda bulunamaz. Yazarlar\u0131n, ele\u015ftirmenlerin ve yay\u0131nc\u0131lar\u0131n birbirleriyle y\u00fczle\u015ftikleri m\u00fccadele i\u00e7inde yaz\u0131n ve yazar ad\u0131na Bourdieu farkl\u0131 bir bak\u0131\u015f a\u00e7\u0131s\u0131 sunuyor.<\/p>\n<p>\u201cSanat\u0131n Kurallar\u0131 b\u00fcy\u00fck ve \u00e7\u0131\u011f\u0131r a\u00e7an bir \u00e7al\u0131\u015fma, \u00f6n\u00fcm\u00fczdeki y\u0131llarda teorik tart\u0131\u015fmalar\u0131n tetikleyicisi olacakt\u0131r.\u201d<\/p>\n<p>Le Nouvel Observateur<\/p>\n<p>\u201cSanat\u0131n Kurallar\u0131 ilgiyi s\u00fcrekli ayakta tutuyor ve bunu b\u00fcy\u00fcleyici bir \u015fekilde yap\u0131yor. Eser a\u00e7\u0131k bir dille kaleme al\u0131nm\u0131\u015f, sanat \u00fczerine yazan di\u011fer Frans\u0131z yazarlar\u0131n\u0131n eserlerine benzemiyor. Bourdieu\u2019n\u00fcn zek\u00e2s\u0131n\u0131n ve bilgisinin hissedildi\u011fi fevri bir yetkinli\u011fi var.\u201d<\/p>\n<p>Arthur C. Danto, Emeritus Profes\u00f6r, Columbia \u00dcniversitesi<\/p>\n","protected":false},"excerpt":{"rendered":"<p>SANATIN KURALLARI, konusunu Flaubert ve modern yaz\u0131ndan alan, d\u00fcnyan\u0131n \u00f6nde gelen sosyal teorisyenlerinden Pierre Bourdieu taraf\u0131ndan kaleme al\u0131nm\u0131\u015f sanat sosyolojisi alan\u0131nda \u00f6nemli eserlerden biri. On dokuzuncu y\u00fczy\u0131l\u0131n ortalar\u0131ndan g\u00fcn\u00fcm\u00fcze yaz\u0131n ve sanat tarihine bir pencere a\u00e7an yazar, \u00f6zg\u00fcn bir sanat teorisi geli\u015ftirir ve sanat ile toplumsal ili\u015fkinin yap\u0131lar\u0131 aras\u0131ndaki ba\u011flant\u0131y\u0131 g\u00f6rmeyi reddedenlere kar\u015f\u0131 g\u00fc\u00e7l\u00fc arg\u00fcmanlarla [&#8230;]\n","protected":false},"featured_media":253854,"template":"","meta":{"_exactmetrics_skip_tracking":false,"_exactmetrics_sitenote_active":false,"_exactmetrics_sitenote_note":"","_exactmetrics_sitenote_category":0},"product_brand":[],"product_cat":[662,663],"product_tag":[],"woo-feed-brand":[],"class_list":{"0":"post-253842","1":"product","2":"type-product","3":"status-publish","4":"has-post-thumbnail","6":"product_cat-yayin-ve-multimedya","7":"product_cat-kitap","9":"first","10":"instock","11":"taxable","12":"shipping-taxable","13":"purchasable","14":"product-type-simple"},"yoast_head":"<!-- This site is optimized with the Yoast SEO plugin v27.1.1 - https:\/\/yoast.com\/product\/yoast-seo-wordpress\/ -->\n<title>SANATIN KURALLARI - SSM Shop<\/title>\n<meta name=\"robots\" content=\"index, follow, max-snippet:-1, max-image-preview:large, max-video-preview:-1\" \/>\n<link rel=\"canonical\" href=\"https:\/\/sakipsabancimuzesi.org\/shop\/urun\/yayin-ve-multimedya\/kitap\/sanatin-kurallari\/\" \/>\n<meta property=\"og:locale\" content=\"tr_TR\" \/>\n<meta property=\"og:type\" content=\"article\" \/>\n<meta property=\"og:title\" content=\"SANATIN KURALLARI - SSM Shop\" \/>\n<meta property=\"og:description\" content=\"SANATIN KURALLARI, konusunu Flaubert ve modern yaz\u0131ndan alan, d\u00fcnyan\u0131n \u00f6nde gelen sosyal teorisyenlerinden Pierre Bourdieu taraf\u0131ndan kaleme al\u0131nm\u0131\u015f sanat sosyolojisi alan\u0131nda \u00f6nemli eserlerden biri. On dokuzuncu y\u00fczy\u0131l\u0131n ortalar\u0131ndan g\u00fcn\u00fcm\u00fcze yaz\u0131n ve sanat tarihine bir pencere a\u00e7an yazar, \u00f6zg\u00fcn bir sanat teorisi geli\u015ftirir ve sanat ile toplumsal ili\u015fkinin yap\u0131lar\u0131 aras\u0131ndaki ba\u011flant\u0131y\u0131 g\u00f6rmeyi reddedenlere kar\u015f\u0131 g\u00fc\u00e7l\u00fc arg\u00fcmanlarla [...]\" \/>\n<meta property=\"og:url\" content=\"https:\/\/sakipsabancimuzesi.org\/shop\/urun\/yayin-ve-multimedya\/kitap\/sanatin-kurallari\/\" \/>\n<meta property=\"og:site_name\" content=\"SSM Shop\" \/>\n<meta property=\"article:publisher\" content=\"https:\/\/www.facebook.com\/SakipSabanciMuzesi\/\" \/>\n<meta property=\"article:modified_time\" content=\"2024-05-03T21:49:00+00:00\" \/>\n<meta property=\"og:image\" content=\"https:\/\/sakipsabancimuzesi.org\/shop\/wp-content\/uploads\/2022\/11\/Sanatin-Kurallari.jpeg\" \/>\n\t<meta property=\"og:image:width\" content=\"1280\" \/>\n\t<meta property=\"og:image:height\" content=\"1600\" \/>\n\t<meta property=\"og:image:type\" content=\"image\/jpeg\" \/>\n<meta name=\"twitter:card\" content=\"summary_large_image\" \/>\n<meta name=\"twitter:label1\" content=\"Tahmini okuma s\u00fcresi\" \/>\n\t<meta name=\"twitter:data1\" content=\"1 dakika\" \/>\n<script type=\"application\/ld+json\" class=\"yoast-schema-graph\">{\"@context\":\"https:\/\/schema.org\",\"@graph\":[{\"@type\":\"WebPage\",\"@id\":\"https:\/\/sakipsabancimuzesi.org\/shop\/urun\/yayin-ve-multimedya\/kitap\/sanatin-kurallari\/\",\"url\":\"https:\/\/sakipsabancimuzesi.org\/shop\/urun\/yayin-ve-multimedya\/kitap\/sanatin-kurallari\/\",\"name\":\"SANATIN KURALLARI - SSM Shop\",\"isPartOf\":{\"@id\":\"https:\/\/sakipsabancimuzesi.org\/shop\/#website\"},\"primaryImageOfPage\":{\"@id\":\"https:\/\/sakipsabancimuzesi.org\/shop\/urun\/yayin-ve-multimedya\/kitap\/sanatin-kurallari\/#primaryimage\"},\"image\":{\"@id\":\"https:\/\/sakipsabancimuzesi.org\/shop\/urun\/yayin-ve-multimedya\/kitap\/sanatin-kurallari\/#primaryimage\"},\"thumbnailUrl\":\"https:\/\/sakipsabancimuzesi.org\/shop\/wp-content\/uploads\/2022\/11\/Sanatin-Kurallari.jpeg\",\"datePublished\":\"2022-11-07T07:40:18+00:00\",\"dateModified\":\"2024-05-03T21:49:00+00:00\",\"breadcrumb\":{\"@id\":\"https:\/\/sakipsabancimuzesi.org\/shop\/urun\/yayin-ve-multimedya\/kitap\/sanatin-kurallari\/#breadcrumb\"},\"inLanguage\":\"tr\",\"potentialAction\":[{\"@type\":\"ReadAction\",\"target\":[\"https:\/\/sakipsabancimuzesi.org\/shop\/urun\/yayin-ve-multimedya\/kitap\/sanatin-kurallari\/\"]}]},{\"@type\":\"ImageObject\",\"inLanguage\":\"tr\",\"@id\":\"https:\/\/sakipsabancimuzesi.org\/shop\/urun\/yayin-ve-multimedya\/kitap\/sanatin-kurallari\/#primaryimage\",\"url\":\"https:\/\/sakipsabancimuzesi.org\/shop\/wp-content\/uploads\/2022\/11\/Sanatin-Kurallari.jpeg\",\"contentUrl\":\"https:\/\/sakipsabancimuzesi.org\/shop\/wp-content\/uploads\/2022\/11\/Sanatin-Kurallari.jpeg\",\"width\":1280,\"height\":1600},{\"@type\":\"BreadcrumbList\",\"@id\":\"https:\/\/sakipsabancimuzesi.org\/shop\/urun\/yayin-ve-multimedya\/kitap\/sanatin-kurallari\/#breadcrumb\",\"itemListElement\":[{\"@type\":\"ListItem\",\"position\":1,\"name\":\"Ana sayfa\",\"item\":\"https:\/\/sakipsabancimuzesi.org\/shop\/\"},{\"@type\":\"ListItem\",\"position\":2,\"name\":\"Shop\",\"item\":\"https:\/\/sakipsabancimuzesi.org\/shop\/shop\/\"},{\"@type\":\"ListItem\",\"position\":3,\"name\":\"SANATIN KURALLARI\"}]},{\"@type\":\"WebSite\",\"@id\":\"https:\/\/sakipsabancimuzesi.org\/shop\/#website\",\"url\":\"https:\/\/sakipsabancimuzesi.org\/shop\/\",\"name\":\"SSM Shop\",\"description\":\"Sak\u0131p Sabanc\u0131 M\u00fczesi, Ma\u011faza\",\"publisher\":{\"@id\":\"https:\/\/sakipsabancimuzesi.org\/shop\/#organization\"},\"potentialAction\":[{\"@type\":\"SearchAction\",\"target\":{\"@type\":\"EntryPoint\",\"urlTemplate\":\"https:\/\/sakipsabancimuzesi.org\/shop\/?s={search_term_string}\"},\"query-input\":{\"@type\":\"PropertyValueSpecification\",\"valueRequired\":true,\"valueName\":\"search_term_string\"}}],\"inLanguage\":\"tr\"},{\"@type\":\"Organization\",\"@id\":\"https:\/\/sakipsabancimuzesi.org\/shop\/#organization\",\"name\":\"SSM Shop\",\"url\":\"https:\/\/sakipsabancimuzesi.org\/shop\/\",\"logo\":{\"@type\":\"ImageObject\",\"inLanguage\":\"tr\",\"@id\":\"https:\/\/sakipsabancimuzesi.org\/shop\/#\/schema\/logo\/image\/\",\"url\":\"https:\/\/sakipsabancimuzesi.org\/shop\/wp-content\/uploads\/2019\/11\/logo.png\",\"contentUrl\":\"https:\/\/sakipsabancimuzesi.org\/shop\/wp-content\/uploads\/2019\/11\/logo.png\",\"width\":227,\"height\":87,\"caption\":\"SSM Shop\"},\"image\":{\"@id\":\"https:\/\/sakipsabancimuzesi.org\/shop\/#\/schema\/logo\/image\/\"},\"sameAs\":[\"https:\/\/www.facebook.com\/SakipSabanciMuzesi\/\"]}]}<\/script>\n<!-- \/ Yoast SEO plugin. -->","yoast_head_json":{"title":"SANATIN KURALLARI - SSM Shop","robots":{"index":"index","follow":"follow","max-snippet":"max-snippet:-1","max-image-preview":"max-image-preview:large","max-video-preview":"max-video-preview:-1"},"canonical":"https:\/\/sakipsabancimuzesi.org\/shop\/urun\/yayin-ve-multimedya\/kitap\/sanatin-kurallari\/","og_locale":"tr_TR","og_type":"article","og_title":"SANATIN KURALLARI - SSM Shop","og_description":"SANATIN KURALLARI, konusunu Flaubert ve modern yaz\u0131ndan alan, d\u00fcnyan\u0131n \u00f6nde gelen sosyal teorisyenlerinden Pierre Bourdieu taraf\u0131ndan kaleme al\u0131nm\u0131\u015f sanat sosyolojisi alan\u0131nda \u00f6nemli eserlerden biri. On dokuzuncu y\u00fczy\u0131l\u0131n ortalar\u0131ndan g\u00fcn\u00fcm\u00fcze yaz\u0131n ve sanat tarihine bir pencere a\u00e7an yazar, \u00f6zg\u00fcn bir sanat teorisi geli\u015ftirir ve sanat ile toplumsal ili\u015fkinin yap\u0131lar\u0131 aras\u0131ndaki ba\u011flant\u0131y\u0131 g\u00f6rmeyi reddedenlere kar\u015f\u0131 g\u00fc\u00e7l\u00fc arg\u00fcmanlarla [...]","og_url":"https:\/\/sakipsabancimuzesi.org\/shop\/urun\/yayin-ve-multimedya\/kitap\/sanatin-kurallari\/","og_site_name":"SSM Shop","article_publisher":"https:\/\/www.facebook.com\/SakipSabanciMuzesi\/","article_modified_time":"2024-05-03T21:49:00+00:00","og_image":[{"width":1280,"height":1600,"url":"https:\/\/sakipsabancimuzesi.org\/shop\/wp-content\/uploads\/2022\/11\/Sanatin-Kurallari.jpeg","type":"image\/jpeg"}],"twitter_card":"summary_large_image","twitter_misc":{"Tahmini okuma s\u00fcresi":"1 dakika"},"schema":{"@context":"https:\/\/schema.org","@graph":[{"@type":"WebPage","@id":"https:\/\/sakipsabancimuzesi.org\/shop\/urun\/yayin-ve-multimedya\/kitap\/sanatin-kurallari\/","url":"https:\/\/sakipsabancimuzesi.org\/shop\/urun\/yayin-ve-multimedya\/kitap\/sanatin-kurallari\/","name":"SANATIN KURALLARI - SSM Shop","isPartOf":{"@id":"https:\/\/sakipsabancimuzesi.org\/shop\/#website"},"primaryImageOfPage":{"@id":"https:\/\/sakipsabancimuzesi.org\/shop\/urun\/yayin-ve-multimedya\/kitap\/sanatin-kurallari\/#primaryimage"},"image":{"@id":"https:\/\/sakipsabancimuzesi.org\/shop\/urun\/yayin-ve-multimedya\/kitap\/sanatin-kurallari\/#primaryimage"},"thumbnailUrl":"https:\/\/sakipsabancimuzesi.org\/shop\/wp-content\/uploads\/2022\/11\/Sanatin-Kurallari.jpeg","datePublished":"2022-11-07T07:40:18+00:00","dateModified":"2024-05-03T21:49:00+00:00","breadcrumb":{"@id":"https:\/\/sakipsabancimuzesi.org\/shop\/urun\/yayin-ve-multimedya\/kitap\/sanatin-kurallari\/#breadcrumb"},"inLanguage":"tr","potentialAction":[{"@type":"ReadAction","target":["https:\/\/sakipsabancimuzesi.org\/shop\/urun\/yayin-ve-multimedya\/kitap\/sanatin-kurallari\/"]}]},{"@type":"ImageObject","inLanguage":"tr","@id":"https:\/\/sakipsabancimuzesi.org\/shop\/urun\/yayin-ve-multimedya\/kitap\/sanatin-kurallari\/#primaryimage","url":"https:\/\/sakipsabancimuzesi.org\/shop\/wp-content\/uploads\/2022\/11\/Sanatin-Kurallari.jpeg","contentUrl":"https:\/\/sakipsabancimuzesi.org\/shop\/wp-content\/uploads\/2022\/11\/Sanatin-Kurallari.jpeg","width":1280,"height":1600},{"@type":"BreadcrumbList","@id":"https:\/\/sakipsabancimuzesi.org\/shop\/urun\/yayin-ve-multimedya\/kitap\/sanatin-kurallari\/#breadcrumb","itemListElement":[{"@type":"ListItem","position":1,"name":"Ana sayfa","item":"https:\/\/sakipsabancimuzesi.org\/shop\/"},{"@type":"ListItem","position":2,"name":"Shop","item":"https:\/\/sakipsabancimuzesi.org\/shop\/shop\/"},{"@type":"ListItem","position":3,"name":"SANATIN KURALLARI"}]},{"@type":"WebSite","@id":"https:\/\/sakipsabancimuzesi.org\/shop\/#website","url":"https:\/\/sakipsabancimuzesi.org\/shop\/","name":"SSM Shop","description":"Sak\u0131p Sabanc\u0131 M\u00fczesi, Ma\u011faza","publisher":{"@id":"https:\/\/sakipsabancimuzesi.org\/shop\/#organization"},"potentialAction":[{"@type":"SearchAction","target":{"@type":"EntryPoint","urlTemplate":"https:\/\/sakipsabancimuzesi.org\/shop\/?s={search_term_string}"},"query-input":{"@type":"PropertyValueSpecification","valueRequired":true,"valueName":"search_term_string"}}],"inLanguage":"tr"},{"@type":"Organization","@id":"https:\/\/sakipsabancimuzesi.org\/shop\/#organization","name":"SSM Shop","url":"https:\/\/sakipsabancimuzesi.org\/shop\/","logo":{"@type":"ImageObject","inLanguage":"tr","@id":"https:\/\/sakipsabancimuzesi.org\/shop\/#\/schema\/logo\/image\/","url":"https:\/\/sakipsabancimuzesi.org\/shop\/wp-content\/uploads\/2019\/11\/logo.png","contentUrl":"https:\/\/sakipsabancimuzesi.org\/shop\/wp-content\/uploads\/2019\/11\/logo.png","width":227,"height":87,"caption":"SSM Shop"},"image":{"@id":"https:\/\/sakipsabancimuzesi.org\/shop\/#\/schema\/logo\/image\/"},"sameAs":["https:\/\/www.facebook.com\/SakipSabanciMuzesi\/"]}]}},"jetpack_sharing_enabled":true,"_links":{"self":[{"href":"https:\/\/sakipsabancimuzesi.org\/shop\/wp-json\/wp\/v2\/product\/253842","targetHints":{"allow":["GET"]}}],"collection":[{"href":"https:\/\/sakipsabancimuzesi.org\/shop\/wp-json\/wp\/v2\/product"}],"about":[{"href":"https:\/\/sakipsabancimuzesi.org\/shop\/wp-json\/wp\/v2\/types\/product"}],"wp:featuredmedia":[{"embeddable":true,"href":"https:\/\/sakipsabancimuzesi.org\/shop\/wp-json\/wp\/v2\/media\/253854"}],"wp:attachment":[{"href":"https:\/\/sakipsabancimuzesi.org\/shop\/wp-json\/wp\/v2\/media?parent=253842"}],"wp:term":[{"taxonomy":"product_brand","embeddable":true,"href":"https:\/\/sakipsabancimuzesi.org\/shop\/wp-json\/wp\/v2\/product_brand?post=253842"},{"taxonomy":"product_cat","embeddable":true,"href":"https:\/\/sakipsabancimuzesi.org\/shop\/wp-json\/wp\/v2\/product_cat?post=253842"},{"taxonomy":"product_tag","embeddable":true,"href":"https:\/\/sakipsabancimuzesi.org\/shop\/wp-json\/wp\/v2\/product_tag?post=253842"},{"taxonomy":"woo-feed-brand","embeddable":true,"href":"https:\/\/sakipsabancimuzesi.org\/shop\/wp-json\/wp\/v2\/woo-feed-brand?post=253842"}],"curies":[{"name":"wp","href":"https:\/\/api.w.org\/{rel}","templated":true}]}}