{"id":253860,"date":"2022-11-07T10:30:45","date_gmt":"2022-11-07T07:30:45","guid":{"rendered":"https:\/\/sakipsabancimuzesi.org\/shop\/?post_type=product&#038;p=253860"},"modified":"2025-09-19T10:07:33","modified_gmt":"2025-09-19T07:07:33","slug":"biz-sanatciyiz-dunyada-iz-birakan-kadinlar","status":"publish","type":"product","link":"https:\/\/sakipsabancimuzesi.org\/shop\/urun\/yayin-ve-multimedya\/cocuk-kitaplari\/biz-sanatciyiz-dunyada-iz-birakan-kadinlar\/","title":{"rendered":"Biz Sanat\u00e7\u0131y\u0131z &#8211; D\u00fcnyada \u0130z B\u0131rakan Kad\u0131nlar"},"content":{"rendered":"<p>Sanat d\u00fcnyas\u0131nda ilham verici bir yolculu\u011fa ve ola\u011fan\u00fcst\u00fc kad\u0131n sanat\u00e7\u0131lar\u0131n hikayelerini ke\u015ffetmeye haz\u0131r m\u0131s\u0131n\u0131z?<\/p>\n<p>Kenojuak Ashevak<br \/>\nBarbara Hepworth<br \/>\nHannah H\u00f6ch<br \/>\nTove Jannson<br \/>\nFrida Kahlo<br \/>\nCorita Kent<br \/>\nEmily Kame Kngwarreye<br \/>\nYayoi Kusama<br \/>\nGabriele M\u00fcnter<br \/>\nGeorgia O\u2019Keeffe<br \/>\nLyubov Popova<br \/>\nFaith Ringgold<br \/>\nAmrita Sher-Gil<br \/>\nAlma Thomas<br \/>\nSuzanne Valadon<\/p>\n<p>27 eserin renkli g\u00f6rseli ile<\/p>\n","protected":false},"excerpt":{"rendered":"<p>Sanat d\u00fcnyas\u0131nda ilham verici bir yolculu\u011fa ve ola\u011fan\u00fcst\u00fc kad\u0131n sanat\u00e7\u0131lar\u0131n hikayelerini ke\u015ffetmeye haz\u0131r m\u0131s\u0131n\u0131z? Kenojuak Ashevak Barbara Hepworth Hannah H\u00f6ch Tove Jannson Frida Kahlo Corita Kent Emily Kame Kngwarreye Yayoi Kusama Gabriele M\u00fcnter Georgia O\u2019Keeffe Lyubov Popova Faith Ringgold Amrita Sher-Gil Alma Thomas Suzanne Valadon 27 eserin renkli g\u00f6rseli ile<\/p>\n","protected":false},"featured_media":253861,"template":"","meta":{"_exactmetrics_skip_tracking":false,"_exactmetrics_sitenote_active":false,"_exactmetrics_sitenote_note":"","_exactmetrics_sitenote_category":0},"product_brand":[],"product_cat":[662,665,760],"product_tag":[],"woo-feed-brand":[],"class_list":{"0":"post-253860","1":"product","2":"type-product","3":"status-publish","4":"has-post-thumbnail","6":"product_cat-yayin-ve-multimedya","7":"product_cat-cocuk-kitaplari","8":"product_cat-cocuk-kitaplari-cocuk-ve-oyun","10":"first","11":"instock","12":"taxable","13":"shipping-taxable","14":"purchasable","15":"product-type-simple"},"yoast_head":"<!-- This site is optimized with the Yoast SEO plugin v27.1.1 - https:\/\/yoast.com\/product\/yoast-seo-wordpress\/ -->\n<title>Biz Sanat\u00e7\u0131y\u0131z - D\u00fcnyada \u0130z B\u0131rakan Kad\u0131nlar - SSM Shop<\/title>\n<meta name=\"robots\" content=\"index, follow, max-snippet:-1, max-image-preview:large, max-video-preview:-1\" \/>\n<link rel=\"canonical\" href=\"https:\/\/sakipsabancimuzesi.org\/shop\/urun\/yayin-ve-multimedya\/cocuk-kitaplari\/biz-sanatciyiz-dunyada-iz-birakan-kadinlar\/\" \/>\n<meta property=\"og:locale\" content=\"tr_TR\" \/>\n<meta property=\"og:type\" content=\"article\" \/>\n<meta property=\"og:title\" content=\"Biz Sanat\u00e7\u0131y\u0131z - D\u00fcnyada \u0130z B\u0131rakan Kad\u0131nlar - SSM Shop\" \/>\n<meta property=\"og:description\" content=\"Sanat d\u00fcnyas\u0131nda ilham verici bir yolculu\u011fa ve ola\u011fan\u00fcst\u00fc kad\u0131n sanat\u00e7\u0131lar\u0131n hikayelerini ke\u015ffetmeye haz\u0131r m\u0131s\u0131n\u0131z? Kenojuak Ashevak Barbara Hepworth Hannah H\u00f6ch Tove Jannson Frida Kahlo Corita Kent Emily Kame Kngwarreye Yayoi Kusama Gabriele M\u00fcnter Georgia O\u2019Keeffe Lyubov Popova Faith Ringgold Amrita Sher-Gil Alma Thomas Suzanne Valadon 27 eserin renkli g\u00f6rseli ile\" \/>\n<meta property=\"og:url\" content=\"https:\/\/sakipsabancimuzesi.org\/shop\/urun\/yayin-ve-multimedya\/cocuk-kitaplari\/biz-sanatciyiz-dunyada-iz-birakan-kadinlar\/\" \/>\n<meta property=\"og:site_name\" content=\"SSM Shop\" \/>\n<meta property=\"article:publisher\" content=\"https:\/\/www.facebook.com\/SakipSabanciMuzesi\/\" \/>\n<meta property=\"article:modified_time\" content=\"2025-09-19T07:07:33+00:00\" \/>\n<meta property=\"og:image\" content=\"https:\/\/sakipsabancimuzesi.org\/shop\/wp-content\/uploads\/2022\/11\/Biz-Sanatciyiz.jpeg\" \/>\n\t<meta property=\"og:image:width\" content=\"1280\" \/>\n\t<meta property=\"og:image:height\" content=\"1600\" \/>\n\t<meta property=\"og:image:type\" content=\"image\/jpeg\" \/>\n<meta name=\"twitter:card\" content=\"summary_large_image\" \/>\n<script type=\"application\/ld+json\" class=\"yoast-schema-graph\">{\"@context\":\"https:\/\/schema.org\",\"@graph\":[{\"@type\":\"WebPage\",\"@id\":\"https:\/\/sakipsabancimuzesi.org\/shop\/urun\/yayin-ve-multimedya\/cocuk-kitaplari\/biz-sanatciyiz-dunyada-iz-birakan-kadinlar\/\",\"url\":\"https:\/\/sakipsabancimuzesi.org\/shop\/urun\/yayin-ve-multimedya\/cocuk-kitaplari\/biz-sanatciyiz-dunyada-iz-birakan-kadinlar\/\",\"name\":\"Biz Sanat\u00e7\u0131y\u0131z - D\u00fcnyada \u0130z B\u0131rakan Kad\u0131nlar - SSM Shop\",\"isPartOf\":{\"@id\":\"https:\/\/sakipsabancimuzesi.org\/shop\/#website\"},\"primaryImageOfPage\":{\"@id\":\"https:\/\/sakipsabancimuzesi.org\/shop\/urun\/yayin-ve-multimedya\/cocuk-kitaplari\/biz-sanatciyiz-dunyada-iz-birakan-kadinlar\/#primaryimage\"},\"image\":{\"@id\":\"https:\/\/sakipsabancimuzesi.org\/shop\/urun\/yayin-ve-multimedya\/cocuk-kitaplari\/biz-sanatciyiz-dunyada-iz-birakan-kadinlar\/#primaryimage\"},\"thumbnailUrl\":\"https:\/\/sakipsabancimuzesi.org\/shop\/wp-content\/uploads\/2022\/11\/Biz-Sanatciyiz.jpeg\",\"datePublished\":\"2022-11-07T07:30:45+00:00\",\"dateModified\":\"2025-09-19T07:07:33+00:00\",\"breadcrumb\":{\"@id\":\"https:\/\/sakipsabancimuzesi.org\/shop\/urun\/yayin-ve-multimedya\/cocuk-kitaplari\/biz-sanatciyiz-dunyada-iz-birakan-kadinlar\/#breadcrumb\"},\"inLanguage\":\"tr\",\"potentialAction\":[{\"@type\":\"ReadAction\",\"target\":[\"https:\/\/sakipsabancimuzesi.org\/shop\/urun\/yayin-ve-multimedya\/cocuk-kitaplari\/biz-sanatciyiz-dunyada-iz-birakan-kadinlar\/\"]}]},{\"@type\":\"ImageObject\",\"inLanguage\":\"tr\",\"@id\":\"https:\/\/sakipsabancimuzesi.org\/shop\/urun\/yayin-ve-multimedya\/cocuk-kitaplari\/biz-sanatciyiz-dunyada-iz-birakan-kadinlar\/#primaryimage\",\"url\":\"https:\/\/sakipsabancimuzesi.org\/shop\/wp-content\/uploads\/2022\/11\/Biz-Sanatciyiz.jpeg\",\"contentUrl\":\"https:\/\/sakipsabancimuzesi.org\/shop\/wp-content\/uploads\/2022\/11\/Biz-Sanatciyiz.jpeg\",\"width\":1280,\"height\":1600},{\"@type\":\"BreadcrumbList\",\"@id\":\"https:\/\/sakipsabancimuzesi.org\/shop\/urun\/yayin-ve-multimedya\/cocuk-kitaplari\/biz-sanatciyiz-dunyada-iz-birakan-kadinlar\/#breadcrumb\",\"itemListElement\":[{\"@type\":\"ListItem\",\"position\":1,\"name\":\"Ana sayfa\",\"item\":\"https:\/\/sakipsabancimuzesi.org\/shop\/\"},{\"@type\":\"ListItem\",\"position\":2,\"name\":\"Shop\",\"item\":\"https:\/\/sakipsabancimuzesi.org\/shop\/shop\/\"},{\"@type\":\"ListItem\",\"position\":3,\"name\":\"Biz Sanat\u00e7\u0131y\u0131z &#8211; D\u00fcnyada \u0130z B\u0131rakan Kad\u0131nlar\"}]},{\"@type\":\"WebSite\",\"@id\":\"https:\/\/sakipsabancimuzesi.org\/shop\/#website\",\"url\":\"https:\/\/sakipsabancimuzesi.org\/shop\/\",\"name\":\"SSM Shop\",\"description\":\"Sak\u0131p Sabanc\u0131 M\u00fczesi, Ma\u011faza\",\"publisher\":{\"@id\":\"https:\/\/sakipsabancimuzesi.org\/shop\/#organization\"},\"potentialAction\":[{\"@type\":\"SearchAction\",\"target\":{\"@type\":\"EntryPoint\",\"urlTemplate\":\"https:\/\/sakipsabancimuzesi.org\/shop\/?s={search_term_string}\"},\"query-input\":{\"@type\":\"PropertyValueSpecification\",\"valueRequired\":true,\"valueName\":\"search_term_string\"}}],\"inLanguage\":\"tr\"},{\"@type\":\"Organization\",\"@id\":\"https:\/\/sakipsabancimuzesi.org\/shop\/#organization\",\"name\":\"SSM Shop\",\"url\":\"https:\/\/sakipsabancimuzesi.org\/shop\/\",\"logo\":{\"@type\":\"ImageObject\",\"inLanguage\":\"tr\",\"@id\":\"https:\/\/sakipsabancimuzesi.org\/shop\/#\/schema\/logo\/image\/\",\"url\":\"https:\/\/sakipsabancimuzesi.org\/shop\/wp-content\/uploads\/2019\/11\/logo.png\",\"contentUrl\":\"https:\/\/sakipsabancimuzesi.org\/shop\/wp-content\/uploads\/2019\/11\/logo.png\",\"width\":227,\"height\":87,\"caption\":\"SSM Shop\"},\"image\":{\"@id\":\"https:\/\/sakipsabancimuzesi.org\/shop\/#\/schema\/logo\/image\/\"},\"sameAs\":[\"https:\/\/www.facebook.com\/SakipSabanciMuzesi\/\"]}]}<\/script>\n<!-- \/ Yoast SEO plugin. -->","yoast_head_json":{"title":"Biz Sanat\u00e7\u0131y\u0131z - D\u00fcnyada \u0130z B\u0131rakan Kad\u0131nlar - SSM Shop","robots":{"index":"index","follow":"follow","max-snippet":"max-snippet:-1","max-image-preview":"max-image-preview:large","max-video-preview":"max-video-preview:-1"},"canonical":"https:\/\/sakipsabancimuzesi.org\/shop\/urun\/yayin-ve-multimedya\/cocuk-kitaplari\/biz-sanatciyiz-dunyada-iz-birakan-kadinlar\/","og_locale":"tr_TR","og_type":"article","og_title":"Biz Sanat\u00e7\u0131y\u0131z - D\u00fcnyada \u0130z B\u0131rakan Kad\u0131nlar - SSM Shop","og_description":"Sanat d\u00fcnyas\u0131nda ilham verici bir yolculu\u011fa ve ola\u011fan\u00fcst\u00fc kad\u0131n sanat\u00e7\u0131lar\u0131n hikayelerini ke\u015ffetmeye haz\u0131r m\u0131s\u0131n\u0131z? Kenojuak Ashevak Barbara Hepworth Hannah H\u00f6ch Tove Jannson Frida Kahlo Corita Kent Emily Kame Kngwarreye Yayoi Kusama Gabriele M\u00fcnter Georgia O\u2019Keeffe Lyubov Popova Faith Ringgold Amrita Sher-Gil Alma Thomas Suzanne Valadon 27 eserin renkli g\u00f6rseli ile","og_url":"https:\/\/sakipsabancimuzesi.org\/shop\/urun\/yayin-ve-multimedya\/cocuk-kitaplari\/biz-sanatciyiz-dunyada-iz-birakan-kadinlar\/","og_site_name":"SSM Shop","article_publisher":"https:\/\/www.facebook.com\/SakipSabanciMuzesi\/","article_modified_time":"2025-09-19T07:07:33+00:00","og_image":[{"width":1280,"height":1600,"url":"https:\/\/sakipsabancimuzesi.org\/shop\/wp-content\/uploads\/2022\/11\/Biz-Sanatciyiz.jpeg","type":"image\/jpeg"}],"twitter_card":"summary_large_image","schema":{"@context":"https:\/\/schema.org","@graph":[{"@type":"WebPage","@id":"https:\/\/sakipsabancimuzesi.org\/shop\/urun\/yayin-ve-multimedya\/cocuk-kitaplari\/biz-sanatciyiz-dunyada-iz-birakan-kadinlar\/","url":"https:\/\/sakipsabancimuzesi.org\/shop\/urun\/yayin-ve-multimedya\/cocuk-kitaplari\/biz-sanatciyiz-dunyada-iz-birakan-kadinlar\/","name":"Biz Sanat\u00e7\u0131y\u0131z - D\u00fcnyada \u0130z B\u0131rakan Kad\u0131nlar - SSM Shop","isPartOf":{"@id":"https:\/\/sakipsabancimuzesi.org\/shop\/#website"},"primaryImageOfPage":{"@id":"https:\/\/sakipsabancimuzesi.org\/shop\/urun\/yayin-ve-multimedya\/cocuk-kitaplari\/biz-sanatciyiz-dunyada-iz-birakan-kadinlar\/#primaryimage"},"image":{"@id":"https:\/\/sakipsabancimuzesi.org\/shop\/urun\/yayin-ve-multimedya\/cocuk-kitaplari\/biz-sanatciyiz-dunyada-iz-birakan-kadinlar\/#primaryimage"},"thumbnailUrl":"https:\/\/sakipsabancimuzesi.org\/shop\/wp-content\/uploads\/2022\/11\/Biz-Sanatciyiz.jpeg","datePublished":"2022-11-07T07:30:45+00:00","dateModified":"2025-09-19T07:07:33+00:00","breadcrumb":{"@id":"https:\/\/sakipsabancimuzesi.org\/shop\/urun\/yayin-ve-multimedya\/cocuk-kitaplari\/biz-sanatciyiz-dunyada-iz-birakan-kadinlar\/#breadcrumb"},"inLanguage":"tr","potentialAction":[{"@type":"ReadAction","target":["https:\/\/sakipsabancimuzesi.org\/shop\/urun\/yayin-ve-multimedya\/cocuk-kitaplari\/biz-sanatciyiz-dunyada-iz-birakan-kadinlar\/"]}]},{"@type":"ImageObject","inLanguage":"tr","@id":"https:\/\/sakipsabancimuzesi.org\/shop\/urun\/yayin-ve-multimedya\/cocuk-kitaplari\/biz-sanatciyiz-dunyada-iz-birakan-kadinlar\/#primaryimage","url":"https:\/\/sakipsabancimuzesi.org\/shop\/wp-content\/uploads\/2022\/11\/Biz-Sanatciyiz.jpeg","contentUrl":"https:\/\/sakipsabancimuzesi.org\/shop\/wp-content\/uploads\/2022\/11\/Biz-Sanatciyiz.jpeg","width":1280,"height":1600},{"@type":"BreadcrumbList","@id":"https:\/\/sakipsabancimuzesi.org\/shop\/urun\/yayin-ve-multimedya\/cocuk-kitaplari\/biz-sanatciyiz-dunyada-iz-birakan-kadinlar\/#breadcrumb","itemListElement":[{"@type":"ListItem","position":1,"name":"Ana sayfa","item":"https:\/\/sakipsabancimuzesi.org\/shop\/"},{"@type":"ListItem","position":2,"name":"Shop","item":"https:\/\/sakipsabancimuzesi.org\/shop\/shop\/"},{"@type":"ListItem","position":3,"name":"Biz Sanat\u00e7\u0131y\u0131z &#8211; D\u00fcnyada \u0130z B\u0131rakan Kad\u0131nlar"}]},{"@type":"WebSite","@id":"https:\/\/sakipsabancimuzesi.org\/shop\/#website","url":"https:\/\/sakipsabancimuzesi.org\/shop\/","name":"SSM Shop","description":"Sak\u0131p Sabanc\u0131 M\u00fczesi, Ma\u011faza","publisher":{"@id":"https:\/\/sakipsabancimuzesi.org\/shop\/#organization"},"potentialAction":[{"@type":"SearchAction","target":{"@type":"EntryPoint","urlTemplate":"https:\/\/sakipsabancimuzesi.org\/shop\/?s={search_term_string}"},"query-input":{"@type":"PropertyValueSpecification","valueRequired":true,"valueName":"search_term_string"}}],"inLanguage":"tr"},{"@type":"Organization","@id":"https:\/\/sakipsabancimuzesi.org\/shop\/#organization","name":"SSM Shop","url":"https:\/\/sakipsabancimuzesi.org\/shop\/","logo":{"@type":"ImageObject","inLanguage":"tr","@id":"https:\/\/sakipsabancimuzesi.org\/shop\/#\/schema\/logo\/image\/","url":"https:\/\/sakipsabancimuzesi.org\/shop\/wp-content\/uploads\/2019\/11\/logo.png","contentUrl":"https:\/\/sakipsabancimuzesi.org\/shop\/wp-content\/uploads\/2019\/11\/logo.png","width":227,"height":87,"caption":"SSM Shop"},"image":{"@id":"https:\/\/sakipsabancimuzesi.org\/shop\/#\/schema\/logo\/image\/"},"sameAs":["https:\/\/www.facebook.com\/SakipSabanciMuzesi\/"]}]}},"jetpack_sharing_enabled":true,"_links":{"self":[{"href":"https:\/\/sakipsabancimuzesi.org\/shop\/wp-json\/wp\/v2\/product\/253860","targetHints":{"allow":["GET"]}}],"collection":[{"href":"https:\/\/sakipsabancimuzesi.org\/shop\/wp-json\/wp\/v2\/product"}],"about":[{"href":"https:\/\/sakipsabancimuzesi.org\/shop\/wp-json\/wp\/v2\/types\/product"}],"wp:featuredmedia":[{"embeddable":true,"href":"https:\/\/sakipsabancimuzesi.org\/shop\/wp-json\/wp\/v2\/media\/253861"}],"wp:attachment":[{"href":"https:\/\/sakipsabancimuzesi.org\/shop\/wp-json\/wp\/v2\/media?parent=253860"}],"wp:term":[{"taxonomy":"product_brand","embeddable":true,"href":"https:\/\/sakipsabancimuzesi.org\/shop\/wp-json\/wp\/v2\/product_brand?post=253860"},{"taxonomy":"product_cat","embeddable":true,"href":"https:\/\/sakipsabancimuzesi.org\/shop\/wp-json\/wp\/v2\/product_cat?post=253860"},{"taxonomy":"product_tag","embeddable":true,"href":"https:\/\/sakipsabancimuzesi.org\/shop\/wp-json\/wp\/v2\/product_tag?post=253860"},{"taxonomy":"woo-feed-brand","embeddable":true,"href":"https:\/\/sakipsabancimuzesi.org\/shop\/wp-json\/wp\/v2\/woo-feed-brand?post=253860"}],"curies":[{"name":"wp","href":"https:\/\/api.w.org\/{rel}","templated":true}]}}