{"id":253880,"date":"2022-11-10T16:22:59","date_gmt":"2022-11-10T13:22:59","guid":{"rendered":"https:\/\/sakipsabancimuzesi.org\/shop\/?post_type=product&#038;p=253880"},"modified":"2026-02-09T10:32:13","modified_gmt":"2026-02-09T07:32:13","slug":"sanatcinin-kendine-yolculugu","status":"publish","type":"product","link":"https:\/\/sakipsabancimuzesi.org\/shop\/urun\/yayin-ve-multimedya\/kitap\/sanatcinin-kendine-yolculugu\/","title":{"rendered":"Sanat\u00e7\u0131n\u0131n Kendine Yolculu\u011fu"},"content":{"rendered":"<p>Psikanaliz tedavisi sa\u011fl\u0131kl\u0131 ve patolojik durumlar\u0131 birbirinden ay\u0131ran s\u0131n\u0131rlar\u0131n asl\u0131nda zannedildi\u011fi gibi keskin olmad\u0131\u011f\u0131 ve birinden di\u011ferine ge\u00e7i\u015fin m\u00fcmk\u00fcn oldu\u011fu fikri \u00fczerine kuruludur. Analizdeki ki\u015finin kendisinin de fark edece\u011fi gibi tedavi olmakla kendini tan\u0131mak, kendi ruhsall\u0131\u011f\u0131n\u0131n derinliklerini kavramak ayr\u0131lmaz \u015fekilde i\u00e7 i\u00e7e ilerler. G\u00fcn\u00fcm\u00fcz\u00fcn en \u015fansl\u0131 bireylerinin sanat\u00e7\u0131lar oldu\u011fu s\u00f6ylenebilir, \u00e7\u00fcnk\u00fc onlar\u0131n kendi karanl\u0131klar\u0131n\u0131 emanet edebilecekleri emniyetli ve \u00e7ok zengin potansiyellere sahip bir yer vard\u0131r: Sanat yarat\u0131s\u0131n\u0131n ger\u00e7ekle\u015ftirildi\u011fi alan.<br \/>\n\u201cZaten bir\u00e7ok sanat\u00e7\u0131 da bunun fark\u0131ndad\u0131r: Eserlerini yarat\u0131rken kendi i\u00e7lerinde de bir d\u00f6n\u00fc\u015f\u00fcm\u00fcn ger\u00e7ekle\u015fti\u011fini biliyorlar ve sanatlar\u0131 arac\u0131l\u0131\u011f\u0131yla kendi karanl\u0131klar\u0131na dal\u0131p, i\u00e7sel bir yolculu\u011fu tamamlay\u0131p kendi derinliklerinden hakikati nas\u0131l bulup \u00e7\u0131kard\u0131klar\u0131n\u0131 anlat\u0131yorlar bize.<br \/>\n\u201cT\u0131pk\u0131 psikanaliz tedavisinde oldu\u011fu gibi sanatsal yarat\u0131c\u0131l\u0131kta da esas olan bireysel s\u00fcre\u00e7lerin tekilli\u011fi ve biricikli\u011fidir. Farkl\u0131 tarihlerde kaleme ald\u0131\u011f\u0131m ve Hermann Melville\u2019den Henry Bauchau\u2019ya, Sevim Burak\u2019tan Selma G\u00fcrb\u00fcz\u2019e, Alvin Lucier\u2019den Mehmed Siyah Kalem\u2019e farkl\u0131 ressam, y\u00f6netmen, besteci ve edebiyat\u00e7\u0131lar\u0131n eserlerine odaklanan bu denemeler, sanatsal yarat\u0131c\u0131l\u0131kla psikanalitik d\u00fc\u015f\u00fcncenin kesi\u015fti\u011fi noktalardan do\u011fan bu t\u00fcr tekil \u00f6rnekler getirmeyi ama\u00e7l\u0131yor.\u201d<\/p>\n<p>Nil\u00fcfer E. G\u00fcng\u00f6rm\u00fc\u015f<\/p>\n<p>(Tan\u0131t\u0131m B\u00fclteninden)<\/p>\n","protected":false},"excerpt":{"rendered":"<p>Psikanaliz tedavisi sa\u011fl\u0131kl\u0131 ve patolojik durumlar\u0131 birbirinden ay\u0131ran s\u0131n\u0131rlar\u0131n asl\u0131nda zannedildi\u011fi gibi keskin olmad\u0131\u011f\u0131 ve birinden di\u011ferine ge\u00e7i\u015fin m\u00fcmk\u00fcn oldu\u011fu fikri \u00fczerine kuruludur. Analizdeki ki\u015finin kendisinin de fark edece\u011fi gibi tedavi olmakla kendini tan\u0131mak, kendi ruhsall\u0131\u011f\u0131n\u0131n derinliklerini kavramak ayr\u0131lmaz \u015fekilde i\u00e7 i\u00e7e ilerler. G\u00fcn\u00fcm\u00fcz\u00fcn en \u015fansl\u0131 bireylerinin sanat\u00e7\u0131lar oldu\u011fu s\u00f6ylenebilir, \u00e7\u00fcnk\u00fc onlar\u0131n kendi karanl\u0131klar\u0131n\u0131 emanet [&#8230;]\n","protected":false},"featured_media":253891,"template":"","meta":{"_exactmetrics_skip_tracking":false,"_exactmetrics_sitenote_active":false,"_exactmetrics_sitenote_note":"","_exactmetrics_sitenote_category":0},"product_brand":[],"product_cat":[662,663],"product_tag":[],"woo-feed-brand":[],"class_list":{"0":"post-253880","1":"product","2":"type-product","3":"status-publish","4":"has-post-thumbnail","6":"product_cat-yayin-ve-multimedya","7":"product_cat-kitap","9":"first","10":"instock","11":"taxable","12":"shipping-taxable","13":"purchasable","14":"product-type-simple"},"yoast_head":"<!-- This site is optimized with the Yoast SEO plugin v27.1.1 - https:\/\/yoast.com\/product\/yoast-seo-wordpress\/ -->\n<title>Sanat\u00e7\u0131n\u0131n Kendine Yolculu\u011fu - SSM Shop<\/title>\n<meta name=\"robots\" content=\"index, follow, max-snippet:-1, max-image-preview:large, max-video-preview:-1\" \/>\n<link rel=\"canonical\" href=\"https:\/\/sakipsabancimuzesi.org\/shop\/urun\/yayin-ve-multimedya\/kitap\/sanatcinin-kendine-yolculugu\/\" \/>\n<meta property=\"og:locale\" content=\"tr_TR\" \/>\n<meta property=\"og:type\" content=\"article\" \/>\n<meta property=\"og:title\" content=\"Sanat\u00e7\u0131n\u0131n Kendine Yolculu\u011fu - SSM Shop\" \/>\n<meta property=\"og:description\" content=\"Psikanaliz tedavisi sa\u011fl\u0131kl\u0131 ve patolojik durumlar\u0131 birbirinden ay\u0131ran s\u0131n\u0131rlar\u0131n asl\u0131nda zannedildi\u011fi gibi keskin olmad\u0131\u011f\u0131 ve birinden di\u011ferine ge\u00e7i\u015fin m\u00fcmk\u00fcn oldu\u011fu fikri \u00fczerine kuruludur. Analizdeki ki\u015finin kendisinin de fark edece\u011fi gibi tedavi olmakla kendini tan\u0131mak, kendi ruhsall\u0131\u011f\u0131n\u0131n derinliklerini kavramak ayr\u0131lmaz \u015fekilde i\u00e7 i\u00e7e ilerler. G\u00fcn\u00fcm\u00fcz\u00fcn en \u015fansl\u0131 bireylerinin sanat\u00e7\u0131lar oldu\u011fu s\u00f6ylenebilir, \u00e7\u00fcnk\u00fc onlar\u0131n kendi karanl\u0131klar\u0131n\u0131 emanet [...]\" \/>\n<meta property=\"og:url\" content=\"https:\/\/sakipsabancimuzesi.org\/shop\/urun\/yayin-ve-multimedya\/kitap\/sanatcinin-kendine-yolculugu\/\" \/>\n<meta property=\"og:site_name\" content=\"SSM Shop\" \/>\n<meta property=\"article:publisher\" content=\"https:\/\/www.facebook.com\/SakipSabanciMuzesi\/\" \/>\n<meta property=\"article:modified_time\" content=\"2026-02-09T07:32:13+00:00\" \/>\n<meta property=\"og:image\" content=\"https:\/\/sakipsabancimuzesi.org\/shop\/wp-content\/uploads\/2022\/11\/Sanatcinin-kendine-yolculugu.jpg\" \/>\n\t<meta property=\"og:image:width\" content=\"1280\" \/>\n\t<meta property=\"og:image:height\" content=\"1600\" \/>\n\t<meta property=\"og:image:type\" content=\"image\/jpeg\" \/>\n<meta name=\"twitter:card\" content=\"summary_large_image\" \/>\n<meta name=\"twitter:label1\" content=\"Tahmini okuma s\u00fcresi\" \/>\n\t<meta name=\"twitter:data1\" content=\"1 dakika\" \/>\n<script type=\"application\/ld+json\" class=\"yoast-schema-graph\">{\"@context\":\"https:\/\/schema.org\",\"@graph\":[{\"@type\":\"WebPage\",\"@id\":\"https:\/\/sakipsabancimuzesi.org\/shop\/urun\/yayin-ve-multimedya\/kitap\/sanatcinin-kendine-yolculugu\/\",\"url\":\"https:\/\/sakipsabancimuzesi.org\/shop\/urun\/yayin-ve-multimedya\/kitap\/sanatcinin-kendine-yolculugu\/\",\"name\":\"Sanat\u00e7\u0131n\u0131n Kendine Yolculu\u011fu - SSM Shop\",\"isPartOf\":{\"@id\":\"https:\/\/sakipsabancimuzesi.org\/shop\/#website\"},\"primaryImageOfPage\":{\"@id\":\"https:\/\/sakipsabancimuzesi.org\/shop\/urun\/yayin-ve-multimedya\/kitap\/sanatcinin-kendine-yolculugu\/#primaryimage\"},\"image\":{\"@id\":\"https:\/\/sakipsabancimuzesi.org\/shop\/urun\/yayin-ve-multimedya\/kitap\/sanatcinin-kendine-yolculugu\/#primaryimage\"},\"thumbnailUrl\":\"https:\/\/sakipsabancimuzesi.org\/shop\/wp-content\/uploads\/2022\/11\/Sanatcinin-kendine-yolculugu.jpg\",\"datePublished\":\"2022-11-10T13:22:59+00:00\",\"dateModified\":\"2026-02-09T07:32:13+00:00\",\"breadcrumb\":{\"@id\":\"https:\/\/sakipsabancimuzesi.org\/shop\/urun\/yayin-ve-multimedya\/kitap\/sanatcinin-kendine-yolculugu\/#breadcrumb\"},\"inLanguage\":\"tr\",\"potentialAction\":[{\"@type\":\"ReadAction\",\"target\":[\"https:\/\/sakipsabancimuzesi.org\/shop\/urun\/yayin-ve-multimedya\/kitap\/sanatcinin-kendine-yolculugu\/\"]}]},{\"@type\":\"ImageObject\",\"inLanguage\":\"tr\",\"@id\":\"https:\/\/sakipsabancimuzesi.org\/shop\/urun\/yayin-ve-multimedya\/kitap\/sanatcinin-kendine-yolculugu\/#primaryimage\",\"url\":\"https:\/\/sakipsabancimuzesi.org\/shop\/wp-content\/uploads\/2022\/11\/Sanatcinin-kendine-yolculugu.jpg\",\"contentUrl\":\"https:\/\/sakipsabancimuzesi.org\/shop\/wp-content\/uploads\/2022\/11\/Sanatcinin-kendine-yolculugu.jpg\",\"width\":1280,\"height\":1600},{\"@type\":\"BreadcrumbList\",\"@id\":\"https:\/\/sakipsabancimuzesi.org\/shop\/urun\/yayin-ve-multimedya\/kitap\/sanatcinin-kendine-yolculugu\/#breadcrumb\",\"itemListElement\":[{\"@type\":\"ListItem\",\"position\":1,\"name\":\"Ana sayfa\",\"item\":\"https:\/\/sakipsabancimuzesi.org\/shop\/\"},{\"@type\":\"ListItem\",\"position\":2,\"name\":\"Shop\",\"item\":\"https:\/\/sakipsabancimuzesi.org\/shop\/shop\/\"},{\"@type\":\"ListItem\",\"position\":3,\"name\":\"Sanat\u00e7\u0131n\u0131n Kendine Yolculu\u011fu\"}]},{\"@type\":\"WebSite\",\"@id\":\"https:\/\/sakipsabancimuzesi.org\/shop\/#website\",\"url\":\"https:\/\/sakipsabancimuzesi.org\/shop\/\",\"name\":\"SSM Shop\",\"description\":\"Sak\u0131p Sabanc\u0131 M\u00fczesi, Ma\u011faza\",\"publisher\":{\"@id\":\"https:\/\/sakipsabancimuzesi.org\/shop\/#organization\"},\"potentialAction\":[{\"@type\":\"SearchAction\",\"target\":{\"@type\":\"EntryPoint\",\"urlTemplate\":\"https:\/\/sakipsabancimuzesi.org\/shop\/?s={search_term_string}\"},\"query-input\":{\"@type\":\"PropertyValueSpecification\",\"valueRequired\":true,\"valueName\":\"search_term_string\"}}],\"inLanguage\":\"tr\"},{\"@type\":\"Organization\",\"@id\":\"https:\/\/sakipsabancimuzesi.org\/shop\/#organization\",\"name\":\"SSM Shop\",\"url\":\"https:\/\/sakipsabancimuzesi.org\/shop\/\",\"logo\":{\"@type\":\"ImageObject\",\"inLanguage\":\"tr\",\"@id\":\"https:\/\/sakipsabancimuzesi.org\/shop\/#\/schema\/logo\/image\/\",\"url\":\"https:\/\/sakipsabancimuzesi.org\/shop\/wp-content\/uploads\/2019\/11\/logo.png\",\"contentUrl\":\"https:\/\/sakipsabancimuzesi.org\/shop\/wp-content\/uploads\/2019\/11\/logo.png\",\"width\":227,\"height\":87,\"caption\":\"SSM Shop\"},\"image\":{\"@id\":\"https:\/\/sakipsabancimuzesi.org\/shop\/#\/schema\/logo\/image\/\"},\"sameAs\":[\"https:\/\/www.facebook.com\/SakipSabanciMuzesi\/\"]}]}<\/script>\n<!-- \/ Yoast SEO plugin. -->","yoast_head_json":{"title":"Sanat\u00e7\u0131n\u0131n Kendine Yolculu\u011fu - SSM Shop","robots":{"index":"index","follow":"follow","max-snippet":"max-snippet:-1","max-image-preview":"max-image-preview:large","max-video-preview":"max-video-preview:-1"},"canonical":"https:\/\/sakipsabancimuzesi.org\/shop\/urun\/yayin-ve-multimedya\/kitap\/sanatcinin-kendine-yolculugu\/","og_locale":"tr_TR","og_type":"article","og_title":"Sanat\u00e7\u0131n\u0131n Kendine Yolculu\u011fu - SSM Shop","og_description":"Psikanaliz tedavisi sa\u011fl\u0131kl\u0131 ve patolojik durumlar\u0131 birbirinden ay\u0131ran s\u0131n\u0131rlar\u0131n asl\u0131nda zannedildi\u011fi gibi keskin olmad\u0131\u011f\u0131 ve birinden di\u011ferine ge\u00e7i\u015fin m\u00fcmk\u00fcn oldu\u011fu fikri \u00fczerine kuruludur. Analizdeki ki\u015finin kendisinin de fark edece\u011fi gibi tedavi olmakla kendini tan\u0131mak, kendi ruhsall\u0131\u011f\u0131n\u0131n derinliklerini kavramak ayr\u0131lmaz \u015fekilde i\u00e7 i\u00e7e ilerler. G\u00fcn\u00fcm\u00fcz\u00fcn en \u015fansl\u0131 bireylerinin sanat\u00e7\u0131lar oldu\u011fu s\u00f6ylenebilir, \u00e7\u00fcnk\u00fc onlar\u0131n kendi karanl\u0131klar\u0131n\u0131 emanet [...]","og_url":"https:\/\/sakipsabancimuzesi.org\/shop\/urun\/yayin-ve-multimedya\/kitap\/sanatcinin-kendine-yolculugu\/","og_site_name":"SSM Shop","article_publisher":"https:\/\/www.facebook.com\/SakipSabanciMuzesi\/","article_modified_time":"2026-02-09T07:32:13+00:00","og_image":[{"width":1280,"height":1600,"url":"https:\/\/sakipsabancimuzesi.org\/shop\/wp-content\/uploads\/2022\/11\/Sanatcinin-kendine-yolculugu.jpg","type":"image\/jpeg"}],"twitter_card":"summary_large_image","twitter_misc":{"Tahmini okuma s\u00fcresi":"1 dakika"},"schema":{"@context":"https:\/\/schema.org","@graph":[{"@type":"WebPage","@id":"https:\/\/sakipsabancimuzesi.org\/shop\/urun\/yayin-ve-multimedya\/kitap\/sanatcinin-kendine-yolculugu\/","url":"https:\/\/sakipsabancimuzesi.org\/shop\/urun\/yayin-ve-multimedya\/kitap\/sanatcinin-kendine-yolculugu\/","name":"Sanat\u00e7\u0131n\u0131n Kendine Yolculu\u011fu - SSM Shop","isPartOf":{"@id":"https:\/\/sakipsabancimuzesi.org\/shop\/#website"},"primaryImageOfPage":{"@id":"https:\/\/sakipsabancimuzesi.org\/shop\/urun\/yayin-ve-multimedya\/kitap\/sanatcinin-kendine-yolculugu\/#primaryimage"},"image":{"@id":"https:\/\/sakipsabancimuzesi.org\/shop\/urun\/yayin-ve-multimedya\/kitap\/sanatcinin-kendine-yolculugu\/#primaryimage"},"thumbnailUrl":"https:\/\/sakipsabancimuzesi.org\/shop\/wp-content\/uploads\/2022\/11\/Sanatcinin-kendine-yolculugu.jpg","datePublished":"2022-11-10T13:22:59+00:00","dateModified":"2026-02-09T07:32:13+00:00","breadcrumb":{"@id":"https:\/\/sakipsabancimuzesi.org\/shop\/urun\/yayin-ve-multimedya\/kitap\/sanatcinin-kendine-yolculugu\/#breadcrumb"},"inLanguage":"tr","potentialAction":[{"@type":"ReadAction","target":["https:\/\/sakipsabancimuzesi.org\/shop\/urun\/yayin-ve-multimedya\/kitap\/sanatcinin-kendine-yolculugu\/"]}]},{"@type":"ImageObject","inLanguage":"tr","@id":"https:\/\/sakipsabancimuzesi.org\/shop\/urun\/yayin-ve-multimedya\/kitap\/sanatcinin-kendine-yolculugu\/#primaryimage","url":"https:\/\/sakipsabancimuzesi.org\/shop\/wp-content\/uploads\/2022\/11\/Sanatcinin-kendine-yolculugu.jpg","contentUrl":"https:\/\/sakipsabancimuzesi.org\/shop\/wp-content\/uploads\/2022\/11\/Sanatcinin-kendine-yolculugu.jpg","width":1280,"height":1600},{"@type":"BreadcrumbList","@id":"https:\/\/sakipsabancimuzesi.org\/shop\/urun\/yayin-ve-multimedya\/kitap\/sanatcinin-kendine-yolculugu\/#breadcrumb","itemListElement":[{"@type":"ListItem","position":1,"name":"Ana sayfa","item":"https:\/\/sakipsabancimuzesi.org\/shop\/"},{"@type":"ListItem","position":2,"name":"Shop","item":"https:\/\/sakipsabancimuzesi.org\/shop\/shop\/"},{"@type":"ListItem","position":3,"name":"Sanat\u00e7\u0131n\u0131n Kendine Yolculu\u011fu"}]},{"@type":"WebSite","@id":"https:\/\/sakipsabancimuzesi.org\/shop\/#website","url":"https:\/\/sakipsabancimuzesi.org\/shop\/","name":"SSM Shop","description":"Sak\u0131p Sabanc\u0131 M\u00fczesi, Ma\u011faza","publisher":{"@id":"https:\/\/sakipsabancimuzesi.org\/shop\/#organization"},"potentialAction":[{"@type":"SearchAction","target":{"@type":"EntryPoint","urlTemplate":"https:\/\/sakipsabancimuzesi.org\/shop\/?s={search_term_string}"},"query-input":{"@type":"PropertyValueSpecification","valueRequired":true,"valueName":"search_term_string"}}],"inLanguage":"tr"},{"@type":"Organization","@id":"https:\/\/sakipsabancimuzesi.org\/shop\/#organization","name":"SSM Shop","url":"https:\/\/sakipsabancimuzesi.org\/shop\/","logo":{"@type":"ImageObject","inLanguage":"tr","@id":"https:\/\/sakipsabancimuzesi.org\/shop\/#\/schema\/logo\/image\/","url":"https:\/\/sakipsabancimuzesi.org\/shop\/wp-content\/uploads\/2019\/11\/logo.png","contentUrl":"https:\/\/sakipsabancimuzesi.org\/shop\/wp-content\/uploads\/2019\/11\/logo.png","width":227,"height":87,"caption":"SSM Shop"},"image":{"@id":"https:\/\/sakipsabancimuzesi.org\/shop\/#\/schema\/logo\/image\/"},"sameAs":["https:\/\/www.facebook.com\/SakipSabanciMuzesi\/"]}]}},"jetpack_sharing_enabled":true,"_links":{"self":[{"href":"https:\/\/sakipsabancimuzesi.org\/shop\/wp-json\/wp\/v2\/product\/253880","targetHints":{"allow":["GET"]}}],"collection":[{"href":"https:\/\/sakipsabancimuzesi.org\/shop\/wp-json\/wp\/v2\/product"}],"about":[{"href":"https:\/\/sakipsabancimuzesi.org\/shop\/wp-json\/wp\/v2\/types\/product"}],"wp:featuredmedia":[{"embeddable":true,"href":"https:\/\/sakipsabancimuzesi.org\/shop\/wp-json\/wp\/v2\/media\/253891"}],"wp:attachment":[{"href":"https:\/\/sakipsabancimuzesi.org\/shop\/wp-json\/wp\/v2\/media?parent=253880"}],"wp:term":[{"taxonomy":"product_brand","embeddable":true,"href":"https:\/\/sakipsabancimuzesi.org\/shop\/wp-json\/wp\/v2\/product_brand?post=253880"},{"taxonomy":"product_cat","embeddable":true,"href":"https:\/\/sakipsabancimuzesi.org\/shop\/wp-json\/wp\/v2\/product_cat?post=253880"},{"taxonomy":"product_tag","embeddable":true,"href":"https:\/\/sakipsabancimuzesi.org\/shop\/wp-json\/wp\/v2\/product_tag?post=253880"},{"taxonomy":"woo-feed-brand","embeddable":true,"href":"https:\/\/sakipsabancimuzesi.org\/shop\/wp-json\/wp\/v2\/woo-feed-brand?post=253880"}],"curies":[{"name":"wp","href":"https:\/\/api.w.org\/{rel}","templated":true}]}}