{"id":253893,"date":"2022-11-10T16:26:49","date_gmt":"2022-11-10T13:26:49","guid":{"rendered":"https:\/\/sakipsabancimuzesi.org\/shop\/?post_type=product&#038;p=253893"},"modified":"2024-05-04T00:48:59","modified_gmt":"2024-05-03T21:48:59","slug":"sanat-ve-sorumluluk","status":"publish","type":"product","link":"https:\/\/sakipsabancimuzesi.org\/shop\/urun\/yayin-ve-multimedya\/kitap\/sanat-ve-sorumluluk\/","title":{"rendered":"Sanat ve Sorumluluk"},"content":{"rendered":"<p>Bahtin\u2019in erken d\u00f6nem denemelerinin bir araya getirilmesinden olu\u015fan Sanat ve Sorumluluk, y\u00fczy\u0131l\u0131n en \u00f6nemli edebiyat kuramc\u0131lar\u0131ndan biri olan yazar\u0131n daha sonraki eserlerine \u0131\u015f\u0131k tutmas\u0131 a\u00e7\u0131s\u0131ndan \u00e7ok \u00f6nemli bir \u00e7al\u0131\u015fmad\u0131r.<\/p>\n<p>Bahtin daha sonra detayl\u0131 bir \u015fekilde yeniden ele alaca\u011f\u0131 yazar-kahraman ili\u015fkisine dair d\u00fc\u015f\u00fcncelerini ilk kez bu denemelerde dile getirmi\u015f ve geli\u015ftirmi\u015ftir. Bahtin\u2019e g\u00f6re, yazar\u0131n yaratt\u0131\u011f\u0131 karakterle kurdu\u011fu ili\u015fki, bir \u00f6znenin kendinden ba\u015fka bir \u00f6zneyle, yani \u201cben\u201din \u201c\u00f6teki\u201d ile kurdu\u011fu ili\u015fkidir. Dolay\u0131s\u0131yla \u201cyazar ve kahraman\u0131\u201d aras\u0131ndaki ili\u015fkiyi ele al\u0131rken, bir yandan estetik alg\u0131n\u0131n dinamiklerini ortaya koyar, bir yandan da \u00e7ok daha genel bir \u00f6zne teorisi geli\u015ftirir Bahtin. Ben nas\u0131l kendi de\u011ferimi benim d\u0131\u015f\u0131mdaki bir \u00f6zne ile ili\u015fkimden ba\u011f\u0131ms\u0131z olarak belirleyemiyorsam, yazar da kendi b\u00fct\u00fcnl\u00fc\u011f\u00fcn\u00fc yaratt\u0131\u011f\u0131 kahramandan ba\u011f\u0131ms\u0131z olarak kuramaz; kendini yaln\u0131zca i\u00e7eriden deneyimler ve hep eksik kal\u0131r. Estetik alg\u0131y\u0131 yaratan ve yazar\u0131n varolu\u015funa bir anlam kazand\u0131ran, yaln\u0131zca \u00f6teki ile \u2013yani kahraman\u0131yla\u2013 kurdu\u011fu ili\u015fki, onunla y\u00fcr\u00fctt\u00fc\u011f\u00fc diyalogdur.<\/p>\n<p>Bahtin\u2019in ge\u00e7 d\u00f6nem eserlerindeki bir\u00e7ok teman\u0131n arkas\u0131nda yatan ve felsefesinin temellerini olu\u015fturan \u201csorumluluk\u201d fikri de, bir kilit kavram olarak bu eserde kar\u015f\u0131m\u0131za \u00e7\u0131kar. \u00d6zneyi, yaln\u0131zca etik de\u011fil, estetik bir varl\u0131k olarak da tan\u0131mlarken Bahtin, varolu\u015fun sorumlulu\u011funu sanatla birle\u015ftirir. Bahtin\u2019e g\u00f6re, eyleyen bir \u00f6zne ayn\u0131 zamanda yaratan bir \u00f6znedir de. Sorumluluk, k\u00fclt\u00fcre dair b\u00fct\u00fcn faaliyetlerin ge\u00e7i\u015fkenli\u011fini ve i\u00e7 i\u00e7eli\u011fini fark etmek, insan\u0131n bu faaliyetlerin merkezinde durdu\u011funu kabul etmek ve \u00f6zne olman\u0131n gereklerini yerine getirerek bu faaliyetlerde aktif olarak rol almakt\u0131r.<\/p>\n<p>\u0130nsana ve onu yaratt\u0131\u011f\u0131 k\u00fclt\u00fcre dair bu kapsaml\u0131 bak\u0131\u015f a\u00e7\u0131s\u0131 d\u00fc\u015f\u00fcn\u00fcld\u00fc\u011f\u00fcnde, Sanat ve Sorumluluk yaln\u0131zca edebiyat kuram\u0131yla u\u011fra\u015fanlar i\u00e7in de\u011fil, \u00f6zne felsefesiyle ilgilenen okurlar i\u00e7in de heyecan verici bir eser olarak kar\u015f\u0131m\u0131za \u00e7\u0131k\u0131yor.<\/p>\n","protected":false},"excerpt":{"rendered":"<p>Bahtin\u2019in erken d\u00f6nem denemelerinin bir araya getirilmesinden olu\u015fan Sanat ve Sorumluluk, y\u00fczy\u0131l\u0131n en \u00f6nemli edebiyat kuramc\u0131lar\u0131ndan biri olan yazar\u0131n daha sonraki eserlerine \u0131\u015f\u0131k tutmas\u0131 a\u00e7\u0131s\u0131ndan \u00e7ok \u00f6nemli bir \u00e7al\u0131\u015fmad\u0131r. Bahtin daha sonra detayl\u0131 bir \u015fekilde yeniden ele alaca\u011f\u0131 yazar-kahraman ili\u015fkisine dair d\u00fc\u015f\u00fcncelerini ilk kez bu denemelerde dile getirmi\u015f ve geli\u015ftirmi\u015ftir. Bahtin\u2019e g\u00f6re, yazar\u0131n yaratt\u0131\u011f\u0131 karakterle [&#8230;]\n","protected":false},"featured_media":253892,"template":"","meta":{"_exactmetrics_skip_tracking":false,"_exactmetrics_sitenote_active":false,"_exactmetrics_sitenote_note":"","_exactmetrics_sitenote_category":0},"product_brand":[],"product_cat":[662,663],"product_tag":[],"woo-feed-brand":[],"class_list":{"0":"post-253893","1":"product","2":"type-product","3":"status-publish","4":"has-post-thumbnail","6":"product_cat-yayin-ve-multimedya","7":"product_cat-kitap","9":"first","10":"instock","11":"taxable","12":"shipping-taxable","13":"purchasable","14":"product-type-simple"},"yoast_head":"<!-- This site is optimized with the Yoast SEO plugin v27.1.1 - https:\/\/yoast.com\/product\/yoast-seo-wordpress\/ -->\n<title>Sanat ve Sorumluluk - SSM Shop<\/title>\n<meta name=\"robots\" content=\"index, follow, max-snippet:-1, max-image-preview:large, max-video-preview:-1\" \/>\n<link rel=\"canonical\" href=\"https:\/\/sakipsabancimuzesi.org\/shop\/urun\/yayin-ve-multimedya\/kitap\/sanat-ve-sorumluluk\/\" \/>\n<meta property=\"og:locale\" content=\"tr_TR\" \/>\n<meta property=\"og:type\" content=\"article\" \/>\n<meta property=\"og:title\" content=\"Sanat ve Sorumluluk - SSM Shop\" \/>\n<meta property=\"og:description\" content=\"Bahtin\u2019in erken d\u00f6nem denemelerinin bir araya getirilmesinden olu\u015fan Sanat ve Sorumluluk, y\u00fczy\u0131l\u0131n en \u00f6nemli edebiyat kuramc\u0131lar\u0131ndan biri olan yazar\u0131n daha sonraki eserlerine \u0131\u015f\u0131k tutmas\u0131 a\u00e7\u0131s\u0131ndan \u00e7ok \u00f6nemli bir \u00e7al\u0131\u015fmad\u0131r. Bahtin daha sonra detayl\u0131 bir \u015fekilde yeniden ele alaca\u011f\u0131 yazar-kahraman ili\u015fkisine dair d\u00fc\u015f\u00fcncelerini ilk kez bu denemelerde dile getirmi\u015f ve geli\u015ftirmi\u015ftir. Bahtin\u2019e g\u00f6re, yazar\u0131n yaratt\u0131\u011f\u0131 karakterle [...]\" \/>\n<meta property=\"og:url\" content=\"https:\/\/sakipsabancimuzesi.org\/shop\/urun\/yayin-ve-multimedya\/kitap\/sanat-ve-sorumluluk\/\" \/>\n<meta property=\"og:site_name\" content=\"SSM Shop\" \/>\n<meta property=\"article:publisher\" content=\"https:\/\/www.facebook.com\/SakipSabanciMuzesi\/\" \/>\n<meta property=\"article:modified_time\" content=\"2024-05-03T21:48:59+00:00\" \/>\n<meta property=\"og:image\" content=\"https:\/\/sakipsabancimuzesi.org\/shop\/wp-content\/uploads\/2022\/11\/sanat-ve-sorumluluk.jpg\" \/>\n\t<meta property=\"og:image:width\" content=\"1280\" \/>\n\t<meta property=\"og:image:height\" content=\"1600\" \/>\n\t<meta property=\"og:image:type\" content=\"image\/jpeg\" \/>\n<meta name=\"twitter:card\" content=\"summary_large_image\" \/>\n<meta name=\"twitter:label1\" content=\"Tahmini okuma s\u00fcresi\" \/>\n\t<meta name=\"twitter:data1\" content=\"2 dakika\" \/>\n<script type=\"application\/ld+json\" class=\"yoast-schema-graph\">{\"@context\":\"https:\/\/schema.org\",\"@graph\":[{\"@type\":\"WebPage\",\"@id\":\"https:\/\/sakipsabancimuzesi.org\/shop\/urun\/yayin-ve-multimedya\/kitap\/sanat-ve-sorumluluk\/\",\"url\":\"https:\/\/sakipsabancimuzesi.org\/shop\/urun\/yayin-ve-multimedya\/kitap\/sanat-ve-sorumluluk\/\",\"name\":\"Sanat ve Sorumluluk - SSM Shop\",\"isPartOf\":{\"@id\":\"https:\/\/sakipsabancimuzesi.org\/shop\/#website\"},\"primaryImageOfPage\":{\"@id\":\"https:\/\/sakipsabancimuzesi.org\/shop\/urun\/yayin-ve-multimedya\/kitap\/sanat-ve-sorumluluk\/#primaryimage\"},\"image\":{\"@id\":\"https:\/\/sakipsabancimuzesi.org\/shop\/urun\/yayin-ve-multimedya\/kitap\/sanat-ve-sorumluluk\/#primaryimage\"},\"thumbnailUrl\":\"https:\/\/sakipsabancimuzesi.org\/shop\/wp-content\/uploads\/2022\/11\/sanat-ve-sorumluluk.jpg\",\"datePublished\":\"2022-11-10T13:26:49+00:00\",\"dateModified\":\"2024-05-03T21:48:59+00:00\",\"breadcrumb\":{\"@id\":\"https:\/\/sakipsabancimuzesi.org\/shop\/urun\/yayin-ve-multimedya\/kitap\/sanat-ve-sorumluluk\/#breadcrumb\"},\"inLanguage\":\"tr\",\"potentialAction\":[{\"@type\":\"ReadAction\",\"target\":[\"https:\/\/sakipsabancimuzesi.org\/shop\/urun\/yayin-ve-multimedya\/kitap\/sanat-ve-sorumluluk\/\"]}]},{\"@type\":\"ImageObject\",\"inLanguage\":\"tr\",\"@id\":\"https:\/\/sakipsabancimuzesi.org\/shop\/urun\/yayin-ve-multimedya\/kitap\/sanat-ve-sorumluluk\/#primaryimage\",\"url\":\"https:\/\/sakipsabancimuzesi.org\/shop\/wp-content\/uploads\/2022\/11\/sanat-ve-sorumluluk.jpg\",\"contentUrl\":\"https:\/\/sakipsabancimuzesi.org\/shop\/wp-content\/uploads\/2022\/11\/sanat-ve-sorumluluk.jpg\",\"width\":1280,\"height\":1600},{\"@type\":\"BreadcrumbList\",\"@id\":\"https:\/\/sakipsabancimuzesi.org\/shop\/urun\/yayin-ve-multimedya\/kitap\/sanat-ve-sorumluluk\/#breadcrumb\",\"itemListElement\":[{\"@type\":\"ListItem\",\"position\":1,\"name\":\"Ana sayfa\",\"item\":\"https:\/\/sakipsabancimuzesi.org\/shop\/\"},{\"@type\":\"ListItem\",\"position\":2,\"name\":\"Shop\",\"item\":\"https:\/\/sakipsabancimuzesi.org\/shop\/shop\/\"},{\"@type\":\"ListItem\",\"position\":3,\"name\":\"Sanat ve Sorumluluk\"}]},{\"@type\":\"WebSite\",\"@id\":\"https:\/\/sakipsabancimuzesi.org\/shop\/#website\",\"url\":\"https:\/\/sakipsabancimuzesi.org\/shop\/\",\"name\":\"SSM Shop\",\"description\":\"Sak\u0131p Sabanc\u0131 M\u00fczesi, Ma\u011faza\",\"publisher\":{\"@id\":\"https:\/\/sakipsabancimuzesi.org\/shop\/#organization\"},\"potentialAction\":[{\"@type\":\"SearchAction\",\"target\":{\"@type\":\"EntryPoint\",\"urlTemplate\":\"https:\/\/sakipsabancimuzesi.org\/shop\/?s={search_term_string}\"},\"query-input\":{\"@type\":\"PropertyValueSpecification\",\"valueRequired\":true,\"valueName\":\"search_term_string\"}}],\"inLanguage\":\"tr\"},{\"@type\":\"Organization\",\"@id\":\"https:\/\/sakipsabancimuzesi.org\/shop\/#organization\",\"name\":\"SSM Shop\",\"url\":\"https:\/\/sakipsabancimuzesi.org\/shop\/\",\"logo\":{\"@type\":\"ImageObject\",\"inLanguage\":\"tr\",\"@id\":\"https:\/\/sakipsabancimuzesi.org\/shop\/#\/schema\/logo\/image\/\",\"url\":\"https:\/\/sakipsabancimuzesi.org\/shop\/wp-content\/uploads\/2019\/11\/logo.png\",\"contentUrl\":\"https:\/\/sakipsabancimuzesi.org\/shop\/wp-content\/uploads\/2019\/11\/logo.png\",\"width\":227,\"height\":87,\"caption\":\"SSM Shop\"},\"image\":{\"@id\":\"https:\/\/sakipsabancimuzesi.org\/shop\/#\/schema\/logo\/image\/\"},\"sameAs\":[\"https:\/\/www.facebook.com\/SakipSabanciMuzesi\/\"]}]}<\/script>\n<!-- \/ Yoast SEO plugin. -->","yoast_head_json":{"title":"Sanat ve Sorumluluk - SSM Shop","robots":{"index":"index","follow":"follow","max-snippet":"max-snippet:-1","max-image-preview":"max-image-preview:large","max-video-preview":"max-video-preview:-1"},"canonical":"https:\/\/sakipsabancimuzesi.org\/shop\/urun\/yayin-ve-multimedya\/kitap\/sanat-ve-sorumluluk\/","og_locale":"tr_TR","og_type":"article","og_title":"Sanat ve Sorumluluk - SSM Shop","og_description":"Bahtin\u2019in erken d\u00f6nem denemelerinin bir araya getirilmesinden olu\u015fan Sanat ve Sorumluluk, y\u00fczy\u0131l\u0131n en \u00f6nemli edebiyat kuramc\u0131lar\u0131ndan biri olan yazar\u0131n daha sonraki eserlerine \u0131\u015f\u0131k tutmas\u0131 a\u00e7\u0131s\u0131ndan \u00e7ok \u00f6nemli bir \u00e7al\u0131\u015fmad\u0131r. Bahtin daha sonra detayl\u0131 bir \u015fekilde yeniden ele alaca\u011f\u0131 yazar-kahraman ili\u015fkisine dair d\u00fc\u015f\u00fcncelerini ilk kez bu denemelerde dile getirmi\u015f ve geli\u015ftirmi\u015ftir. Bahtin\u2019e g\u00f6re, yazar\u0131n yaratt\u0131\u011f\u0131 karakterle [...]","og_url":"https:\/\/sakipsabancimuzesi.org\/shop\/urun\/yayin-ve-multimedya\/kitap\/sanat-ve-sorumluluk\/","og_site_name":"SSM Shop","article_publisher":"https:\/\/www.facebook.com\/SakipSabanciMuzesi\/","article_modified_time":"2024-05-03T21:48:59+00:00","og_image":[{"width":1280,"height":1600,"url":"https:\/\/sakipsabancimuzesi.org\/shop\/wp-content\/uploads\/2022\/11\/sanat-ve-sorumluluk.jpg","type":"image\/jpeg"}],"twitter_card":"summary_large_image","twitter_misc":{"Tahmini okuma s\u00fcresi":"2 dakika"},"schema":{"@context":"https:\/\/schema.org","@graph":[{"@type":"WebPage","@id":"https:\/\/sakipsabancimuzesi.org\/shop\/urun\/yayin-ve-multimedya\/kitap\/sanat-ve-sorumluluk\/","url":"https:\/\/sakipsabancimuzesi.org\/shop\/urun\/yayin-ve-multimedya\/kitap\/sanat-ve-sorumluluk\/","name":"Sanat ve Sorumluluk - SSM Shop","isPartOf":{"@id":"https:\/\/sakipsabancimuzesi.org\/shop\/#website"},"primaryImageOfPage":{"@id":"https:\/\/sakipsabancimuzesi.org\/shop\/urun\/yayin-ve-multimedya\/kitap\/sanat-ve-sorumluluk\/#primaryimage"},"image":{"@id":"https:\/\/sakipsabancimuzesi.org\/shop\/urun\/yayin-ve-multimedya\/kitap\/sanat-ve-sorumluluk\/#primaryimage"},"thumbnailUrl":"https:\/\/sakipsabancimuzesi.org\/shop\/wp-content\/uploads\/2022\/11\/sanat-ve-sorumluluk.jpg","datePublished":"2022-11-10T13:26:49+00:00","dateModified":"2024-05-03T21:48:59+00:00","breadcrumb":{"@id":"https:\/\/sakipsabancimuzesi.org\/shop\/urun\/yayin-ve-multimedya\/kitap\/sanat-ve-sorumluluk\/#breadcrumb"},"inLanguage":"tr","potentialAction":[{"@type":"ReadAction","target":["https:\/\/sakipsabancimuzesi.org\/shop\/urun\/yayin-ve-multimedya\/kitap\/sanat-ve-sorumluluk\/"]}]},{"@type":"ImageObject","inLanguage":"tr","@id":"https:\/\/sakipsabancimuzesi.org\/shop\/urun\/yayin-ve-multimedya\/kitap\/sanat-ve-sorumluluk\/#primaryimage","url":"https:\/\/sakipsabancimuzesi.org\/shop\/wp-content\/uploads\/2022\/11\/sanat-ve-sorumluluk.jpg","contentUrl":"https:\/\/sakipsabancimuzesi.org\/shop\/wp-content\/uploads\/2022\/11\/sanat-ve-sorumluluk.jpg","width":1280,"height":1600},{"@type":"BreadcrumbList","@id":"https:\/\/sakipsabancimuzesi.org\/shop\/urun\/yayin-ve-multimedya\/kitap\/sanat-ve-sorumluluk\/#breadcrumb","itemListElement":[{"@type":"ListItem","position":1,"name":"Ana sayfa","item":"https:\/\/sakipsabancimuzesi.org\/shop\/"},{"@type":"ListItem","position":2,"name":"Shop","item":"https:\/\/sakipsabancimuzesi.org\/shop\/shop\/"},{"@type":"ListItem","position":3,"name":"Sanat ve Sorumluluk"}]},{"@type":"WebSite","@id":"https:\/\/sakipsabancimuzesi.org\/shop\/#website","url":"https:\/\/sakipsabancimuzesi.org\/shop\/","name":"SSM Shop","description":"Sak\u0131p Sabanc\u0131 M\u00fczesi, Ma\u011faza","publisher":{"@id":"https:\/\/sakipsabancimuzesi.org\/shop\/#organization"},"potentialAction":[{"@type":"SearchAction","target":{"@type":"EntryPoint","urlTemplate":"https:\/\/sakipsabancimuzesi.org\/shop\/?s={search_term_string}"},"query-input":{"@type":"PropertyValueSpecification","valueRequired":true,"valueName":"search_term_string"}}],"inLanguage":"tr"},{"@type":"Organization","@id":"https:\/\/sakipsabancimuzesi.org\/shop\/#organization","name":"SSM Shop","url":"https:\/\/sakipsabancimuzesi.org\/shop\/","logo":{"@type":"ImageObject","inLanguage":"tr","@id":"https:\/\/sakipsabancimuzesi.org\/shop\/#\/schema\/logo\/image\/","url":"https:\/\/sakipsabancimuzesi.org\/shop\/wp-content\/uploads\/2019\/11\/logo.png","contentUrl":"https:\/\/sakipsabancimuzesi.org\/shop\/wp-content\/uploads\/2019\/11\/logo.png","width":227,"height":87,"caption":"SSM Shop"},"image":{"@id":"https:\/\/sakipsabancimuzesi.org\/shop\/#\/schema\/logo\/image\/"},"sameAs":["https:\/\/www.facebook.com\/SakipSabanciMuzesi\/"]}]}},"jetpack_sharing_enabled":true,"_links":{"self":[{"href":"https:\/\/sakipsabancimuzesi.org\/shop\/wp-json\/wp\/v2\/product\/253893","targetHints":{"allow":["GET"]}}],"collection":[{"href":"https:\/\/sakipsabancimuzesi.org\/shop\/wp-json\/wp\/v2\/product"}],"about":[{"href":"https:\/\/sakipsabancimuzesi.org\/shop\/wp-json\/wp\/v2\/types\/product"}],"wp:featuredmedia":[{"embeddable":true,"href":"https:\/\/sakipsabancimuzesi.org\/shop\/wp-json\/wp\/v2\/media\/253892"}],"wp:attachment":[{"href":"https:\/\/sakipsabancimuzesi.org\/shop\/wp-json\/wp\/v2\/media?parent=253893"}],"wp:term":[{"taxonomy":"product_brand","embeddable":true,"href":"https:\/\/sakipsabancimuzesi.org\/shop\/wp-json\/wp\/v2\/product_brand?post=253893"},{"taxonomy":"product_cat","embeddable":true,"href":"https:\/\/sakipsabancimuzesi.org\/shop\/wp-json\/wp\/v2\/product_cat?post=253893"},{"taxonomy":"product_tag","embeddable":true,"href":"https:\/\/sakipsabancimuzesi.org\/shop\/wp-json\/wp\/v2\/product_tag?post=253893"},{"taxonomy":"woo-feed-brand","embeddable":true,"href":"https:\/\/sakipsabancimuzesi.org\/shop\/wp-json\/wp\/v2\/woo-feed-brand?post=253893"}],"curies":[{"name":"wp","href":"https:\/\/api.w.org\/{rel}","templated":true}]}}