{"id":253899,"date":"2022-11-11T12:20:07","date_gmt":"2022-11-11T09:20:07","guid":{"rendered":"https:\/\/sakipsabancimuzesi.org\/shop\/?post_type=product&#038;p=253899"},"modified":"2026-02-09T10:31:50","modified_gmt":"2026-02-09T07:31:50","slug":"sanat-ve-nesneler","status":"publish","type":"product","link":"https:\/\/sakipsabancimuzesi.org\/shop\/urun\/yayin-ve-multimedya\/kitap\/sanat-ve-nesneler\/","title":{"rendered":"Sanat ve Nesneler"},"content":{"rendered":"<p>\u201cNesne Y\u00f6nelimli Ontoloji (NYO diye k\u0131salt\u0131l\u0131r), bi\u00e7imcili\u011fin a\u015fik\u00e2r enkaz\u0131ndaki hazineleri kurtarmak i\u00e7in iyi bir konumdad\u0131r, \u00e7\u00fcnk\u00fc kurtarmak zorundad\u0131r. Nesnelerin \u00e7e\u015fitli ili\u015fkilerinden \u00f6zerk varolu\u015funa adanm\u0131\u015f bir felsefe olarak NYO, m\u00fcnferit nesneye dair temel bi\u00e7imci ilkeyi onaylarken, iki \u00f6zg\u00fcr t\u00fcrdeki varl\u0131\u011f\u0131n \u2013insan \u00f6zne ve insan olmayan nesnenin\u2013 birbirine bula\u015fmas\u0131na asla izin vermemek gerekti\u011fine dair daha ileri varsay\u0131m\u0131 a\u00e7\u0131k\u00e7a reddeder. &#8230; Elinizdeki kitab\u0131n &#8230; hem Kant\u00e7\u0131l\u0131k sonras\u0131 felsefeye hem de bi\u00e7imcilik sonras\u0131 sanata bir meydan okuma olmas\u0131 istenmi\u015ftir.\u201d Harman, Sanat ve Nesneler kitab\u0131nda, 1990\u2019larda Martin Heiddeger\u2019in Varl\u0131k ve Zaman eserindeki \u201calet analizi\u201dnin sundu\u011fu perspektif \u00fczerine \u00e7al\u0131\u015fmalar\u0131yla ba\u015flayan \u201cili\u015fkilerinden ve bile\u015fenlerinden \u00f6zerk nesne\u201d kavray\u0131\u015f\u0131n\u0131 bu sefer sanat alan\u0131na, ilk kez bir kitap boyutunda ta\u015f\u0131yor. NYO\u2019da \u201cnesne\u201d kavram\u0131, insan veya insan olmayan, cisimsel veya cisimsiz, hakiki veya hayali her t\u00fcr varl\u0131k i\u00e7in ayn\u0131 \u015fekilde kullan\u0131l\u0131r. Yeter ki bir varl\u0131k ne ili\u015fkilerince ne de bile\u015fenlerince b\u00fct\u00fcn\u00fcyle a\u00e7\u0131klanabilsin. Bu ontolojik ger\u00e7ek\u00e7ilik, eserin, ba\u011flam\u0131n\u0131n b\u00fct\u00fcn ili\u015fkilerince t\u00fcm\u00fcyle a\u00e7\u0131klanabilece\u011fini reddediyor. Bir sanat eserinin ortaya \u00e7\u0131kmas\u0131 i\u00e7in onda, bu ili\u015fkilere indirgenemez, \u00f6zerk bir yan\u0131n olmas\u0131 gerekti\u011fini iddia ediyor. Harman, sanat alan\u0131nda bilhassa sanat eserinin \u00f6zerkli\u011fini ortadan kald\u0131rmaya \u00e7al\u0131\u015fan \u00e7a\u011fda\u015f veya klasik \u201cili\u015fkiselcilik\u201d bi\u00e7imleriyle m\u00fccadelesinde bu nesne kavram\u0131n\u0131 devreye al\u0131rken esteti\u011fin konusu olarak yeni bir nesne tan\u0131ml\u0131yor. Harman\u2019a g\u00f6re \u00e7o\u011fu nesne gibi sanat eseri de bile\u015fik bir nesnedir ve ister insan ister ba\u015fka t\u00fcrde bir zeki varl\u0131k olsun seyirci olmaks\u0131z\u0131n tam anlam\u0131yla bir sanat eseri olamaz. Dolay\u0131s\u0131yla bir nesne olarak sanat eseri, iki bile\u015fenden, yani eserden ve seyirciden m\u00fcte\u015fekkildir. Fakat bu fikir, \u00f6n kap\u0131dan kovulan ili\u015fkiselcili\u011fin arka kap\u0131dan kabul\u00fc anlam\u0131na gelmez. Sanat eseri metaforik bir varolu\u015fa sahiptir, yani duyulur nesne, eri\u015fimden \u00e7ekti\u011fi ger\u00e7ek bir nesnenin \u00f6zelliklerini \u00fcstlenir. Harman\u2019a g\u00f6re seyirci, i\u015fte bu y\u00fczden bu ger\u00e7ek nesnenin i\u015flevini devral\u0131p, onu teatral bir \u015fekilde performe ederek sanat eserinin i\u015flemesini sa\u011flar. Postmodernizmin bir ele\u015ftirisini de i\u00e7eren bu kitapta Harman, bi\u00e7imcili\u011fi yeniden ya\u015fama getirirken, sanat ontolojisi alan\u0131nda yeni bir ger\u00e7ek\u00e7ili\u011fi, seyirci ve eserin kayna\u015fmas\u0131yla olu\u015fan yepyeni bir nesneyi takdim ederek y\u00fcr\u00fcrl\u00fc\u011fe koyuyor ve buna \u201ctuhaf bi\u00e7imcilik\u201d diyor. Sanatta ger\u00e7ek\u00e7ili\u011fin ve \u00f6zerkli\u011fin yeni ufuklar\u0131n\u0131 ke\u015ffetmek isteyenler i\u00e7in&#8230;<\/p>\n","protected":false},"excerpt":{"rendered":"<p>\u201cNesne Y\u00f6nelimli Ontoloji (NYO diye k\u0131salt\u0131l\u0131r), bi\u00e7imcili\u011fin a\u015fik\u00e2r enkaz\u0131ndaki hazineleri kurtarmak i\u00e7in iyi bir konumdad\u0131r, \u00e7\u00fcnk\u00fc kurtarmak zorundad\u0131r. Nesnelerin \u00e7e\u015fitli ili\u015fkilerinden \u00f6zerk varolu\u015funa adanm\u0131\u015f bir felsefe olarak NYO, m\u00fcnferit nesneye dair temel bi\u00e7imci ilkeyi onaylarken, iki \u00f6zg\u00fcr t\u00fcrdeki varl\u0131\u011f\u0131n \u2013insan \u00f6zne ve insan olmayan nesnenin\u2013 birbirine bula\u015fmas\u0131na asla izin vermemek gerekti\u011fine dair daha ileri varsay\u0131m\u0131 [&#8230;]\n","protected":false},"featured_media":253900,"template":"","meta":{"_exactmetrics_skip_tracking":false,"_exactmetrics_sitenote_active":false,"_exactmetrics_sitenote_note":"","_exactmetrics_sitenote_category":0},"product_brand":[],"product_cat":[662,663],"product_tag":[],"woo-feed-brand":[],"class_list":{"0":"post-253899","1":"product","2":"type-product","3":"status-publish","4":"has-post-thumbnail","6":"product_cat-yayin-ve-multimedya","7":"product_cat-kitap","9":"first","10":"instock","11":"taxable","12":"shipping-taxable","13":"purchasable","14":"product-type-simple"},"yoast_head":"<!-- This site is optimized with the Yoast SEO plugin v27.1.1 - https:\/\/yoast.com\/product\/yoast-seo-wordpress\/ -->\n<title>Sanat ve Nesneler - SSM Shop<\/title>\n<meta name=\"robots\" content=\"index, follow, max-snippet:-1, max-image-preview:large, max-video-preview:-1\" \/>\n<link rel=\"canonical\" href=\"https:\/\/sakipsabancimuzesi.org\/shop\/urun\/yayin-ve-multimedya\/kitap\/sanat-ve-nesneler\/\" \/>\n<meta property=\"og:locale\" content=\"tr_TR\" \/>\n<meta property=\"og:type\" content=\"article\" \/>\n<meta property=\"og:title\" content=\"Sanat ve Nesneler - SSM Shop\" \/>\n<meta property=\"og:description\" content=\"\u201cNesne Y\u00f6nelimli Ontoloji (NYO diye k\u0131salt\u0131l\u0131r), bi\u00e7imcili\u011fin a\u015fik\u00e2r enkaz\u0131ndaki hazineleri kurtarmak i\u00e7in iyi bir konumdad\u0131r, \u00e7\u00fcnk\u00fc kurtarmak zorundad\u0131r. Nesnelerin \u00e7e\u015fitli ili\u015fkilerinden \u00f6zerk varolu\u015funa adanm\u0131\u015f bir felsefe olarak NYO, m\u00fcnferit nesneye dair temel bi\u00e7imci ilkeyi onaylarken, iki \u00f6zg\u00fcr t\u00fcrdeki varl\u0131\u011f\u0131n \u2013insan \u00f6zne ve insan olmayan nesnenin\u2013 birbirine bula\u015fmas\u0131na asla izin vermemek gerekti\u011fine dair daha ileri varsay\u0131m\u0131 [...]\" \/>\n<meta property=\"og:url\" content=\"https:\/\/sakipsabancimuzesi.org\/shop\/urun\/yayin-ve-multimedya\/kitap\/sanat-ve-nesneler\/\" \/>\n<meta property=\"og:site_name\" content=\"SSM Shop\" \/>\n<meta property=\"article:publisher\" content=\"https:\/\/www.facebook.com\/SakipSabanciMuzesi\/\" \/>\n<meta property=\"article:modified_time\" content=\"2026-02-09T07:31:50+00:00\" \/>\n<meta property=\"og:image\" content=\"https:\/\/sakipsabancimuzesi.org\/shop\/wp-content\/uploads\/2022\/11\/sanat-ve-nesneler.jpg\" \/>\n\t<meta property=\"og:image:width\" content=\"1280\" \/>\n\t<meta property=\"og:image:height\" content=\"1600\" \/>\n\t<meta property=\"og:image:type\" content=\"image\/jpeg\" \/>\n<meta name=\"twitter:card\" content=\"summary_large_image\" \/>\n<meta name=\"twitter:label1\" content=\"Tahmini okuma s\u00fcresi\" \/>\n\t<meta name=\"twitter:data1\" content=\"2 dakika\" \/>\n<script type=\"application\/ld+json\" class=\"yoast-schema-graph\">{\"@context\":\"https:\/\/schema.org\",\"@graph\":[{\"@type\":\"WebPage\",\"@id\":\"https:\/\/sakipsabancimuzesi.org\/shop\/urun\/yayin-ve-multimedya\/kitap\/sanat-ve-nesneler\/\",\"url\":\"https:\/\/sakipsabancimuzesi.org\/shop\/urun\/yayin-ve-multimedya\/kitap\/sanat-ve-nesneler\/\",\"name\":\"Sanat ve Nesneler - SSM Shop\",\"isPartOf\":{\"@id\":\"https:\/\/sakipsabancimuzesi.org\/shop\/#website\"},\"primaryImageOfPage\":{\"@id\":\"https:\/\/sakipsabancimuzesi.org\/shop\/urun\/yayin-ve-multimedya\/kitap\/sanat-ve-nesneler\/#primaryimage\"},\"image\":{\"@id\":\"https:\/\/sakipsabancimuzesi.org\/shop\/urun\/yayin-ve-multimedya\/kitap\/sanat-ve-nesneler\/#primaryimage\"},\"thumbnailUrl\":\"https:\/\/sakipsabancimuzesi.org\/shop\/wp-content\/uploads\/2022\/11\/sanat-ve-nesneler.jpg\",\"datePublished\":\"2022-11-11T09:20:07+00:00\",\"dateModified\":\"2026-02-09T07:31:50+00:00\",\"breadcrumb\":{\"@id\":\"https:\/\/sakipsabancimuzesi.org\/shop\/urun\/yayin-ve-multimedya\/kitap\/sanat-ve-nesneler\/#breadcrumb\"},\"inLanguage\":\"tr\",\"potentialAction\":[{\"@type\":\"ReadAction\",\"target\":[\"https:\/\/sakipsabancimuzesi.org\/shop\/urun\/yayin-ve-multimedya\/kitap\/sanat-ve-nesneler\/\"]}]},{\"@type\":\"ImageObject\",\"inLanguage\":\"tr\",\"@id\":\"https:\/\/sakipsabancimuzesi.org\/shop\/urun\/yayin-ve-multimedya\/kitap\/sanat-ve-nesneler\/#primaryimage\",\"url\":\"https:\/\/sakipsabancimuzesi.org\/shop\/wp-content\/uploads\/2022\/11\/sanat-ve-nesneler.jpg\",\"contentUrl\":\"https:\/\/sakipsabancimuzesi.org\/shop\/wp-content\/uploads\/2022\/11\/sanat-ve-nesneler.jpg\",\"width\":1280,\"height\":1600},{\"@type\":\"BreadcrumbList\",\"@id\":\"https:\/\/sakipsabancimuzesi.org\/shop\/urun\/yayin-ve-multimedya\/kitap\/sanat-ve-nesneler\/#breadcrumb\",\"itemListElement\":[{\"@type\":\"ListItem\",\"position\":1,\"name\":\"Ana sayfa\",\"item\":\"https:\/\/sakipsabancimuzesi.org\/shop\/\"},{\"@type\":\"ListItem\",\"position\":2,\"name\":\"Shop\",\"item\":\"https:\/\/sakipsabancimuzesi.org\/shop\/shop\/\"},{\"@type\":\"ListItem\",\"position\":3,\"name\":\"Sanat ve Nesneler\"}]},{\"@type\":\"WebSite\",\"@id\":\"https:\/\/sakipsabancimuzesi.org\/shop\/#website\",\"url\":\"https:\/\/sakipsabancimuzesi.org\/shop\/\",\"name\":\"SSM Shop\",\"description\":\"Sak\u0131p Sabanc\u0131 M\u00fczesi, Ma\u011faza\",\"publisher\":{\"@id\":\"https:\/\/sakipsabancimuzesi.org\/shop\/#organization\"},\"potentialAction\":[{\"@type\":\"SearchAction\",\"target\":{\"@type\":\"EntryPoint\",\"urlTemplate\":\"https:\/\/sakipsabancimuzesi.org\/shop\/?s={search_term_string}\"},\"query-input\":{\"@type\":\"PropertyValueSpecification\",\"valueRequired\":true,\"valueName\":\"search_term_string\"}}],\"inLanguage\":\"tr\"},{\"@type\":\"Organization\",\"@id\":\"https:\/\/sakipsabancimuzesi.org\/shop\/#organization\",\"name\":\"SSM Shop\",\"url\":\"https:\/\/sakipsabancimuzesi.org\/shop\/\",\"logo\":{\"@type\":\"ImageObject\",\"inLanguage\":\"tr\",\"@id\":\"https:\/\/sakipsabancimuzesi.org\/shop\/#\/schema\/logo\/image\/\",\"url\":\"https:\/\/sakipsabancimuzesi.org\/shop\/wp-content\/uploads\/2019\/11\/logo.png\",\"contentUrl\":\"https:\/\/sakipsabancimuzesi.org\/shop\/wp-content\/uploads\/2019\/11\/logo.png\",\"width\":227,\"height\":87,\"caption\":\"SSM Shop\"},\"image\":{\"@id\":\"https:\/\/sakipsabancimuzesi.org\/shop\/#\/schema\/logo\/image\/\"},\"sameAs\":[\"https:\/\/www.facebook.com\/SakipSabanciMuzesi\/\"]}]}<\/script>\n<!-- \/ Yoast SEO plugin. -->","yoast_head_json":{"title":"Sanat ve Nesneler - SSM Shop","robots":{"index":"index","follow":"follow","max-snippet":"max-snippet:-1","max-image-preview":"max-image-preview:large","max-video-preview":"max-video-preview:-1"},"canonical":"https:\/\/sakipsabancimuzesi.org\/shop\/urun\/yayin-ve-multimedya\/kitap\/sanat-ve-nesneler\/","og_locale":"tr_TR","og_type":"article","og_title":"Sanat ve Nesneler - SSM Shop","og_description":"\u201cNesne Y\u00f6nelimli Ontoloji (NYO diye k\u0131salt\u0131l\u0131r), bi\u00e7imcili\u011fin a\u015fik\u00e2r enkaz\u0131ndaki hazineleri kurtarmak i\u00e7in iyi bir konumdad\u0131r, \u00e7\u00fcnk\u00fc kurtarmak zorundad\u0131r. Nesnelerin \u00e7e\u015fitli ili\u015fkilerinden \u00f6zerk varolu\u015funa adanm\u0131\u015f bir felsefe olarak NYO, m\u00fcnferit nesneye dair temel bi\u00e7imci ilkeyi onaylarken, iki \u00f6zg\u00fcr t\u00fcrdeki varl\u0131\u011f\u0131n \u2013insan \u00f6zne ve insan olmayan nesnenin\u2013 birbirine bula\u015fmas\u0131na asla izin vermemek gerekti\u011fine dair daha ileri varsay\u0131m\u0131 [...]","og_url":"https:\/\/sakipsabancimuzesi.org\/shop\/urun\/yayin-ve-multimedya\/kitap\/sanat-ve-nesneler\/","og_site_name":"SSM Shop","article_publisher":"https:\/\/www.facebook.com\/SakipSabanciMuzesi\/","article_modified_time":"2026-02-09T07:31:50+00:00","og_image":[{"width":1280,"height":1600,"url":"https:\/\/sakipsabancimuzesi.org\/shop\/wp-content\/uploads\/2022\/11\/sanat-ve-nesneler.jpg","type":"image\/jpeg"}],"twitter_card":"summary_large_image","twitter_misc":{"Tahmini okuma s\u00fcresi":"2 dakika"},"schema":{"@context":"https:\/\/schema.org","@graph":[{"@type":"WebPage","@id":"https:\/\/sakipsabancimuzesi.org\/shop\/urun\/yayin-ve-multimedya\/kitap\/sanat-ve-nesneler\/","url":"https:\/\/sakipsabancimuzesi.org\/shop\/urun\/yayin-ve-multimedya\/kitap\/sanat-ve-nesneler\/","name":"Sanat ve Nesneler - SSM Shop","isPartOf":{"@id":"https:\/\/sakipsabancimuzesi.org\/shop\/#website"},"primaryImageOfPage":{"@id":"https:\/\/sakipsabancimuzesi.org\/shop\/urun\/yayin-ve-multimedya\/kitap\/sanat-ve-nesneler\/#primaryimage"},"image":{"@id":"https:\/\/sakipsabancimuzesi.org\/shop\/urun\/yayin-ve-multimedya\/kitap\/sanat-ve-nesneler\/#primaryimage"},"thumbnailUrl":"https:\/\/sakipsabancimuzesi.org\/shop\/wp-content\/uploads\/2022\/11\/sanat-ve-nesneler.jpg","datePublished":"2022-11-11T09:20:07+00:00","dateModified":"2026-02-09T07:31:50+00:00","breadcrumb":{"@id":"https:\/\/sakipsabancimuzesi.org\/shop\/urun\/yayin-ve-multimedya\/kitap\/sanat-ve-nesneler\/#breadcrumb"},"inLanguage":"tr","potentialAction":[{"@type":"ReadAction","target":["https:\/\/sakipsabancimuzesi.org\/shop\/urun\/yayin-ve-multimedya\/kitap\/sanat-ve-nesneler\/"]}]},{"@type":"ImageObject","inLanguage":"tr","@id":"https:\/\/sakipsabancimuzesi.org\/shop\/urun\/yayin-ve-multimedya\/kitap\/sanat-ve-nesneler\/#primaryimage","url":"https:\/\/sakipsabancimuzesi.org\/shop\/wp-content\/uploads\/2022\/11\/sanat-ve-nesneler.jpg","contentUrl":"https:\/\/sakipsabancimuzesi.org\/shop\/wp-content\/uploads\/2022\/11\/sanat-ve-nesneler.jpg","width":1280,"height":1600},{"@type":"BreadcrumbList","@id":"https:\/\/sakipsabancimuzesi.org\/shop\/urun\/yayin-ve-multimedya\/kitap\/sanat-ve-nesneler\/#breadcrumb","itemListElement":[{"@type":"ListItem","position":1,"name":"Ana sayfa","item":"https:\/\/sakipsabancimuzesi.org\/shop\/"},{"@type":"ListItem","position":2,"name":"Shop","item":"https:\/\/sakipsabancimuzesi.org\/shop\/shop\/"},{"@type":"ListItem","position":3,"name":"Sanat ve Nesneler"}]},{"@type":"WebSite","@id":"https:\/\/sakipsabancimuzesi.org\/shop\/#website","url":"https:\/\/sakipsabancimuzesi.org\/shop\/","name":"SSM Shop","description":"Sak\u0131p Sabanc\u0131 M\u00fczesi, Ma\u011faza","publisher":{"@id":"https:\/\/sakipsabancimuzesi.org\/shop\/#organization"},"potentialAction":[{"@type":"SearchAction","target":{"@type":"EntryPoint","urlTemplate":"https:\/\/sakipsabancimuzesi.org\/shop\/?s={search_term_string}"},"query-input":{"@type":"PropertyValueSpecification","valueRequired":true,"valueName":"search_term_string"}}],"inLanguage":"tr"},{"@type":"Organization","@id":"https:\/\/sakipsabancimuzesi.org\/shop\/#organization","name":"SSM Shop","url":"https:\/\/sakipsabancimuzesi.org\/shop\/","logo":{"@type":"ImageObject","inLanguage":"tr","@id":"https:\/\/sakipsabancimuzesi.org\/shop\/#\/schema\/logo\/image\/","url":"https:\/\/sakipsabancimuzesi.org\/shop\/wp-content\/uploads\/2019\/11\/logo.png","contentUrl":"https:\/\/sakipsabancimuzesi.org\/shop\/wp-content\/uploads\/2019\/11\/logo.png","width":227,"height":87,"caption":"SSM Shop"},"image":{"@id":"https:\/\/sakipsabancimuzesi.org\/shop\/#\/schema\/logo\/image\/"},"sameAs":["https:\/\/www.facebook.com\/SakipSabanciMuzesi\/"]}]}},"jetpack_sharing_enabled":true,"_links":{"self":[{"href":"https:\/\/sakipsabancimuzesi.org\/shop\/wp-json\/wp\/v2\/product\/253899","targetHints":{"allow":["GET"]}}],"collection":[{"href":"https:\/\/sakipsabancimuzesi.org\/shop\/wp-json\/wp\/v2\/product"}],"about":[{"href":"https:\/\/sakipsabancimuzesi.org\/shop\/wp-json\/wp\/v2\/types\/product"}],"wp:featuredmedia":[{"embeddable":true,"href":"https:\/\/sakipsabancimuzesi.org\/shop\/wp-json\/wp\/v2\/media\/253900"}],"wp:attachment":[{"href":"https:\/\/sakipsabancimuzesi.org\/shop\/wp-json\/wp\/v2\/media?parent=253899"}],"wp:term":[{"taxonomy":"product_brand","embeddable":true,"href":"https:\/\/sakipsabancimuzesi.org\/shop\/wp-json\/wp\/v2\/product_brand?post=253899"},{"taxonomy":"product_cat","embeddable":true,"href":"https:\/\/sakipsabancimuzesi.org\/shop\/wp-json\/wp\/v2\/product_cat?post=253899"},{"taxonomy":"product_tag","embeddable":true,"href":"https:\/\/sakipsabancimuzesi.org\/shop\/wp-json\/wp\/v2\/product_tag?post=253899"},{"taxonomy":"woo-feed-brand","embeddable":true,"href":"https:\/\/sakipsabancimuzesi.org\/shop\/wp-json\/wp\/v2\/woo-feed-brand?post=253899"}],"curies":[{"name":"wp","href":"https:\/\/api.w.org\/{rel}","templated":true}]}}