{"id":253904,"date":"2022-11-12T14:42:42","date_gmt":"2022-11-12T11:42:42","guid":{"rendered":"https:\/\/sakipsabancimuzesi.org\/shop\/?post_type=product&#038;p=253904"},"modified":"2026-02-09T10:32:37","modified_gmt":"2026-02-09T07:32:37","slug":"siradan-olanin-baskalasimi","status":"publish","type":"product","link":"https:\/\/sakipsabancimuzesi.org\/shop\/urun\/yayin-ve-multimedya\/kitap\/siradan-olanin-baskalasimi\/","title":{"rendered":"S\u0131radan Olan\u0131n Ba\u015fkala\u015f\u0131m\u0131"},"content":{"rendered":"<p>Amerikal\u0131 sanat kuramc\u0131s\u0131, ele\u015ftirmeni ve filozof Arthur C. Danto&#8217;nun 1983 y\u0131l\u0131nda yay\u0131mlanan kitab\u0131 S\u0131radan Olan\u0131n Ba\u015fkala\u015f\u0131m\u0131, \u00e7a\u011fda\u015f sanat yap\u0131tlar\u0131 ve kuramlar\u0131n\u0131n sorunsalla\u015ft\u0131rd\u0131\u011f\u0131 sanat tan\u0131m\u0131 etraf\u0131ndaki g\u00fc\u00e7l\u00fckleri, \u00f6zg\u00fcn bir kavramsalla\u015ft\u0131rmaya tabi tutarak ele al\u0131yor. Danto, sanat felsefesinin yer yer nesnesini bir kenara b\u0131rak\u0131p kendi i\u00e7ine kapanan tavr\u0131na alternatif olarak kuram\u0131n\u0131, gerek sanat gerek felsefe tarihinden \u00f6rnekler yoluyla a\u00e7\u0131yor. \u00c7a\u011fda\u015f sanat a\u00e7\u0131s\u0131ndan yeni bir kuram\u0131n aciliyetine vurgu yapan kitap, \u00e7a\u011fda\u015f sanat yap\u0131tlar\u0131n\u0131 da i\u00e7ine alacak yeni bir sanat tan\u0131m\u0131n\u0131n d\u00fc\u015f\u00fcn\u00fclebilir olmas\u0131n\u0131 sa\u011flayacak bu yeni kuramda kurucu rol\u00fc sanat ile felsefe aras\u0131nda b\u00f6l\u00fc\u015ft\u00fcr\u00fcrken, sorgulamaya sanat kurumlar\u0131n\u0131n dahil edilmesi gereklili\u011fine de de\u011finiyor.<\/p>\n<p>Sanat felsefesiyle ve &#8220;sanat yap\u0131t\u0131n\u0131n&#8221; tan\u0131mlanmas\u0131yla ilgili en ilgin\u00e7 felsefi kitaplardan biri\u2026 Danto hem sanat felsefesi hem de sanat tarihiyle ilgili g\u0131pta edilecek bir bilgi zenginli\u011fi sergiliyor. Sonu\u00e7ta ortaya \u00e7\u0131kan, gelecek y\u0131llarda bu alandaki tart\u0131\u015fmalar\u0131n merkezine yerle\u015fece\u011fi kesin olan bir \u00e7al\u0131\u015fma.<br \/>\nJournal of Aesthetics and Art Criticism<\/p>\n<p>Danto, sanat\u0131 s\u0131radan olan\u0131n bir metaforu olarak sunuyor. Sanat apa\u00e7\u0131k \u015feyleri s\u0131ra d\u0131\u015f\u0131 hale getirir; s\u0131radan olan\u0131 paradoksla\u015ft\u0131r\u0131r. Ezber bozar. Danto&#8217;nun bu e\u011flenceli kitab\u0131n\u0131 al\u0131n ve okuyun&#8230;<br \/>\nCommonweal<\/p>\n<p>Yazar, &#8220;s\u0131radan nesnelerin nas\u0131l sanat yap\u0131tlar\u0131na d\u00f6n\u00fc\u015ft\u00fc\u011f\u00fc&#8221; sorusuna odaklanarak, sanat yap\u0131t\u0131n\u0131n tan\u0131mlay\u0131c\u0131 \u00f6zelliklerini ortaya koyuyor\u2026 Kitap, sanatta &#8220;\u00fcslup&#8221; konusuyla ilgili harika bir tart\u0131\u015fma sunuyor. Danto, hem Nelson Goodman&#8217;\u0131n baz\u0131 temel g\u00f6r\u00fc\u015flerini anlat\u0131yor hem de onlar\u0131 tart\u0131\u015f\u0131yor\u2026 Bu kitap, yak\u0131n bir zamanda ad\u0131 duyulacak bir eser olacak.<br \/>\nChoice<\/p>\n","protected":false},"excerpt":{"rendered":"<p>Amerikal\u0131 sanat kuramc\u0131s\u0131, ele\u015ftirmeni ve filozof Arthur C. Danto&#8217;nun 1983 y\u0131l\u0131nda yay\u0131mlanan kitab\u0131 S\u0131radan Olan\u0131n Ba\u015fkala\u015f\u0131m\u0131, \u00e7a\u011fda\u015f sanat yap\u0131tlar\u0131 ve kuramlar\u0131n\u0131n sorunsalla\u015ft\u0131rd\u0131\u011f\u0131 sanat tan\u0131m\u0131 etraf\u0131ndaki g\u00fc\u00e7l\u00fckleri, \u00f6zg\u00fcn bir kavramsalla\u015ft\u0131rmaya tabi tutarak ele al\u0131yor. Danto, sanat felsefesinin yer yer nesnesini bir kenara b\u0131rak\u0131p kendi i\u00e7ine kapanan tavr\u0131na alternatif olarak kuram\u0131n\u0131, gerek sanat gerek felsefe tarihinden \u00f6rnekler [&#8230;]\n","protected":false},"featured_media":253910,"template":"","meta":{"_exactmetrics_skip_tracking":false,"_exactmetrics_sitenote_active":false,"_exactmetrics_sitenote_note":"","_exactmetrics_sitenote_category":0},"product_brand":[],"product_cat":[662,663],"product_tag":[],"woo-feed-brand":[],"class_list":{"0":"post-253904","1":"product","2":"type-product","3":"status-publish","4":"has-post-thumbnail","6":"product_cat-yayin-ve-multimedya","7":"product_cat-kitap","9":"first","10":"instock","11":"taxable","12":"shipping-taxable","13":"purchasable","14":"product-type-simple"},"yoast_head":"<!-- This site is optimized with the Yoast SEO plugin v27.1.1 - https:\/\/yoast.com\/product\/yoast-seo-wordpress\/ -->\n<title>S\u0131radan Olan\u0131n Ba\u015fkala\u015f\u0131m\u0131 - SSM Shop<\/title>\n<meta name=\"robots\" content=\"index, follow, max-snippet:-1, max-image-preview:large, max-video-preview:-1\" \/>\n<link rel=\"canonical\" href=\"https:\/\/sakipsabancimuzesi.org\/shop\/urun\/yayin-ve-multimedya\/kitap\/siradan-olanin-baskalasimi\/\" \/>\n<meta property=\"og:locale\" content=\"tr_TR\" \/>\n<meta property=\"og:type\" content=\"article\" \/>\n<meta property=\"og:title\" content=\"S\u0131radan Olan\u0131n Ba\u015fkala\u015f\u0131m\u0131 - SSM Shop\" \/>\n<meta property=\"og:description\" content=\"Amerikal\u0131 sanat kuramc\u0131s\u0131, ele\u015ftirmeni ve filozof Arthur C. Danto&#8217;nun 1983 y\u0131l\u0131nda yay\u0131mlanan kitab\u0131 S\u0131radan Olan\u0131n Ba\u015fkala\u015f\u0131m\u0131, \u00e7a\u011fda\u015f sanat yap\u0131tlar\u0131 ve kuramlar\u0131n\u0131n sorunsalla\u015ft\u0131rd\u0131\u011f\u0131 sanat tan\u0131m\u0131 etraf\u0131ndaki g\u00fc\u00e7l\u00fckleri, \u00f6zg\u00fcn bir kavramsalla\u015ft\u0131rmaya tabi tutarak ele al\u0131yor. Danto, sanat felsefesinin yer yer nesnesini bir kenara b\u0131rak\u0131p kendi i\u00e7ine kapanan tavr\u0131na alternatif olarak kuram\u0131n\u0131, gerek sanat gerek felsefe tarihinden \u00f6rnekler [...]\" \/>\n<meta property=\"og:url\" content=\"https:\/\/sakipsabancimuzesi.org\/shop\/urun\/yayin-ve-multimedya\/kitap\/siradan-olanin-baskalasimi\/\" \/>\n<meta property=\"og:site_name\" content=\"SSM Shop\" \/>\n<meta property=\"article:publisher\" content=\"https:\/\/www.facebook.com\/SakipSabanciMuzesi\/\" \/>\n<meta property=\"article:modified_time\" content=\"2026-02-09T07:32:37+00:00\" \/>\n<meta property=\"og:image\" content=\"https:\/\/sakipsabancimuzesi.org\/shop\/wp-content\/uploads\/2022\/11\/Siradan-Olanin-Baskalasimi.jpg\" \/>\n\t<meta property=\"og:image:width\" content=\"1280\" \/>\n\t<meta property=\"og:image:height\" content=\"1600\" \/>\n\t<meta property=\"og:image:type\" content=\"image\/jpeg\" \/>\n<meta name=\"twitter:card\" content=\"summary_large_image\" \/>\n<meta name=\"twitter:label1\" content=\"Tahmini okuma s\u00fcresi\" \/>\n\t<meta name=\"twitter:data1\" content=\"2 dakika\" \/>\n<script type=\"application\/ld+json\" class=\"yoast-schema-graph\">{\"@context\":\"https:\/\/schema.org\",\"@graph\":[{\"@type\":\"WebPage\",\"@id\":\"https:\/\/sakipsabancimuzesi.org\/shop\/urun\/yayin-ve-multimedya\/kitap\/siradan-olanin-baskalasimi\/\",\"url\":\"https:\/\/sakipsabancimuzesi.org\/shop\/urun\/yayin-ve-multimedya\/kitap\/siradan-olanin-baskalasimi\/\",\"name\":\"S\u0131radan Olan\u0131n Ba\u015fkala\u015f\u0131m\u0131 - SSM Shop\",\"isPartOf\":{\"@id\":\"https:\/\/sakipsabancimuzesi.org\/shop\/#website\"},\"primaryImageOfPage\":{\"@id\":\"https:\/\/sakipsabancimuzesi.org\/shop\/urun\/yayin-ve-multimedya\/kitap\/siradan-olanin-baskalasimi\/#primaryimage\"},\"image\":{\"@id\":\"https:\/\/sakipsabancimuzesi.org\/shop\/urun\/yayin-ve-multimedya\/kitap\/siradan-olanin-baskalasimi\/#primaryimage\"},\"thumbnailUrl\":\"https:\/\/sakipsabancimuzesi.org\/shop\/wp-content\/uploads\/2022\/11\/Siradan-Olanin-Baskalasimi.jpg\",\"datePublished\":\"2022-11-12T11:42:42+00:00\",\"dateModified\":\"2026-02-09T07:32:37+00:00\",\"breadcrumb\":{\"@id\":\"https:\/\/sakipsabancimuzesi.org\/shop\/urun\/yayin-ve-multimedya\/kitap\/siradan-olanin-baskalasimi\/#breadcrumb\"},\"inLanguage\":\"tr\",\"potentialAction\":[{\"@type\":\"ReadAction\",\"target\":[\"https:\/\/sakipsabancimuzesi.org\/shop\/urun\/yayin-ve-multimedya\/kitap\/siradan-olanin-baskalasimi\/\"]}]},{\"@type\":\"ImageObject\",\"inLanguage\":\"tr\",\"@id\":\"https:\/\/sakipsabancimuzesi.org\/shop\/urun\/yayin-ve-multimedya\/kitap\/siradan-olanin-baskalasimi\/#primaryimage\",\"url\":\"https:\/\/sakipsabancimuzesi.org\/shop\/wp-content\/uploads\/2022\/11\/Siradan-Olanin-Baskalasimi.jpg\",\"contentUrl\":\"https:\/\/sakipsabancimuzesi.org\/shop\/wp-content\/uploads\/2022\/11\/Siradan-Olanin-Baskalasimi.jpg\",\"width\":1280,\"height\":1600},{\"@type\":\"BreadcrumbList\",\"@id\":\"https:\/\/sakipsabancimuzesi.org\/shop\/urun\/yayin-ve-multimedya\/kitap\/siradan-olanin-baskalasimi\/#breadcrumb\",\"itemListElement\":[{\"@type\":\"ListItem\",\"position\":1,\"name\":\"Ana sayfa\",\"item\":\"https:\/\/sakipsabancimuzesi.org\/shop\/\"},{\"@type\":\"ListItem\",\"position\":2,\"name\":\"Shop\",\"item\":\"https:\/\/sakipsabancimuzesi.org\/shop\/shop\/\"},{\"@type\":\"ListItem\",\"position\":3,\"name\":\"S\u0131radan Olan\u0131n Ba\u015fkala\u015f\u0131m\u0131\"}]},{\"@type\":\"WebSite\",\"@id\":\"https:\/\/sakipsabancimuzesi.org\/shop\/#website\",\"url\":\"https:\/\/sakipsabancimuzesi.org\/shop\/\",\"name\":\"SSM Shop\",\"description\":\"Sak\u0131p Sabanc\u0131 M\u00fczesi, Ma\u011faza\",\"publisher\":{\"@id\":\"https:\/\/sakipsabancimuzesi.org\/shop\/#organization\"},\"potentialAction\":[{\"@type\":\"SearchAction\",\"target\":{\"@type\":\"EntryPoint\",\"urlTemplate\":\"https:\/\/sakipsabancimuzesi.org\/shop\/?s={search_term_string}\"},\"query-input\":{\"@type\":\"PropertyValueSpecification\",\"valueRequired\":true,\"valueName\":\"search_term_string\"}}],\"inLanguage\":\"tr\"},{\"@type\":\"Organization\",\"@id\":\"https:\/\/sakipsabancimuzesi.org\/shop\/#organization\",\"name\":\"SSM Shop\",\"url\":\"https:\/\/sakipsabancimuzesi.org\/shop\/\",\"logo\":{\"@type\":\"ImageObject\",\"inLanguage\":\"tr\",\"@id\":\"https:\/\/sakipsabancimuzesi.org\/shop\/#\/schema\/logo\/image\/\",\"url\":\"https:\/\/sakipsabancimuzesi.org\/shop\/wp-content\/uploads\/2019\/11\/logo.png\",\"contentUrl\":\"https:\/\/sakipsabancimuzesi.org\/shop\/wp-content\/uploads\/2019\/11\/logo.png\",\"width\":227,\"height\":87,\"caption\":\"SSM Shop\"},\"image\":{\"@id\":\"https:\/\/sakipsabancimuzesi.org\/shop\/#\/schema\/logo\/image\/\"},\"sameAs\":[\"https:\/\/www.facebook.com\/SakipSabanciMuzesi\/\"]}]}<\/script>\n<!-- \/ Yoast SEO plugin. -->","yoast_head_json":{"title":"S\u0131radan Olan\u0131n Ba\u015fkala\u015f\u0131m\u0131 - SSM Shop","robots":{"index":"index","follow":"follow","max-snippet":"max-snippet:-1","max-image-preview":"max-image-preview:large","max-video-preview":"max-video-preview:-1"},"canonical":"https:\/\/sakipsabancimuzesi.org\/shop\/urun\/yayin-ve-multimedya\/kitap\/siradan-olanin-baskalasimi\/","og_locale":"tr_TR","og_type":"article","og_title":"S\u0131radan Olan\u0131n Ba\u015fkala\u015f\u0131m\u0131 - SSM Shop","og_description":"Amerikal\u0131 sanat kuramc\u0131s\u0131, ele\u015ftirmeni ve filozof Arthur C. Danto&#8217;nun 1983 y\u0131l\u0131nda yay\u0131mlanan kitab\u0131 S\u0131radan Olan\u0131n Ba\u015fkala\u015f\u0131m\u0131, \u00e7a\u011fda\u015f sanat yap\u0131tlar\u0131 ve kuramlar\u0131n\u0131n sorunsalla\u015ft\u0131rd\u0131\u011f\u0131 sanat tan\u0131m\u0131 etraf\u0131ndaki g\u00fc\u00e7l\u00fckleri, \u00f6zg\u00fcn bir kavramsalla\u015ft\u0131rmaya tabi tutarak ele al\u0131yor. Danto, sanat felsefesinin yer yer nesnesini bir kenara b\u0131rak\u0131p kendi i\u00e7ine kapanan tavr\u0131na alternatif olarak kuram\u0131n\u0131, gerek sanat gerek felsefe tarihinden \u00f6rnekler [...]","og_url":"https:\/\/sakipsabancimuzesi.org\/shop\/urun\/yayin-ve-multimedya\/kitap\/siradan-olanin-baskalasimi\/","og_site_name":"SSM Shop","article_publisher":"https:\/\/www.facebook.com\/SakipSabanciMuzesi\/","article_modified_time":"2026-02-09T07:32:37+00:00","og_image":[{"width":1280,"height":1600,"url":"https:\/\/sakipsabancimuzesi.org\/shop\/wp-content\/uploads\/2022\/11\/Siradan-Olanin-Baskalasimi.jpg","type":"image\/jpeg"}],"twitter_card":"summary_large_image","twitter_misc":{"Tahmini okuma s\u00fcresi":"2 dakika"},"schema":{"@context":"https:\/\/schema.org","@graph":[{"@type":"WebPage","@id":"https:\/\/sakipsabancimuzesi.org\/shop\/urun\/yayin-ve-multimedya\/kitap\/siradan-olanin-baskalasimi\/","url":"https:\/\/sakipsabancimuzesi.org\/shop\/urun\/yayin-ve-multimedya\/kitap\/siradan-olanin-baskalasimi\/","name":"S\u0131radan Olan\u0131n Ba\u015fkala\u015f\u0131m\u0131 - SSM Shop","isPartOf":{"@id":"https:\/\/sakipsabancimuzesi.org\/shop\/#website"},"primaryImageOfPage":{"@id":"https:\/\/sakipsabancimuzesi.org\/shop\/urun\/yayin-ve-multimedya\/kitap\/siradan-olanin-baskalasimi\/#primaryimage"},"image":{"@id":"https:\/\/sakipsabancimuzesi.org\/shop\/urun\/yayin-ve-multimedya\/kitap\/siradan-olanin-baskalasimi\/#primaryimage"},"thumbnailUrl":"https:\/\/sakipsabancimuzesi.org\/shop\/wp-content\/uploads\/2022\/11\/Siradan-Olanin-Baskalasimi.jpg","datePublished":"2022-11-12T11:42:42+00:00","dateModified":"2026-02-09T07:32:37+00:00","breadcrumb":{"@id":"https:\/\/sakipsabancimuzesi.org\/shop\/urun\/yayin-ve-multimedya\/kitap\/siradan-olanin-baskalasimi\/#breadcrumb"},"inLanguage":"tr","potentialAction":[{"@type":"ReadAction","target":["https:\/\/sakipsabancimuzesi.org\/shop\/urun\/yayin-ve-multimedya\/kitap\/siradan-olanin-baskalasimi\/"]}]},{"@type":"ImageObject","inLanguage":"tr","@id":"https:\/\/sakipsabancimuzesi.org\/shop\/urun\/yayin-ve-multimedya\/kitap\/siradan-olanin-baskalasimi\/#primaryimage","url":"https:\/\/sakipsabancimuzesi.org\/shop\/wp-content\/uploads\/2022\/11\/Siradan-Olanin-Baskalasimi.jpg","contentUrl":"https:\/\/sakipsabancimuzesi.org\/shop\/wp-content\/uploads\/2022\/11\/Siradan-Olanin-Baskalasimi.jpg","width":1280,"height":1600},{"@type":"BreadcrumbList","@id":"https:\/\/sakipsabancimuzesi.org\/shop\/urun\/yayin-ve-multimedya\/kitap\/siradan-olanin-baskalasimi\/#breadcrumb","itemListElement":[{"@type":"ListItem","position":1,"name":"Ana sayfa","item":"https:\/\/sakipsabancimuzesi.org\/shop\/"},{"@type":"ListItem","position":2,"name":"Shop","item":"https:\/\/sakipsabancimuzesi.org\/shop\/shop\/"},{"@type":"ListItem","position":3,"name":"S\u0131radan Olan\u0131n Ba\u015fkala\u015f\u0131m\u0131"}]},{"@type":"WebSite","@id":"https:\/\/sakipsabancimuzesi.org\/shop\/#website","url":"https:\/\/sakipsabancimuzesi.org\/shop\/","name":"SSM Shop","description":"Sak\u0131p Sabanc\u0131 M\u00fczesi, Ma\u011faza","publisher":{"@id":"https:\/\/sakipsabancimuzesi.org\/shop\/#organization"},"potentialAction":[{"@type":"SearchAction","target":{"@type":"EntryPoint","urlTemplate":"https:\/\/sakipsabancimuzesi.org\/shop\/?s={search_term_string}"},"query-input":{"@type":"PropertyValueSpecification","valueRequired":true,"valueName":"search_term_string"}}],"inLanguage":"tr"},{"@type":"Organization","@id":"https:\/\/sakipsabancimuzesi.org\/shop\/#organization","name":"SSM Shop","url":"https:\/\/sakipsabancimuzesi.org\/shop\/","logo":{"@type":"ImageObject","inLanguage":"tr","@id":"https:\/\/sakipsabancimuzesi.org\/shop\/#\/schema\/logo\/image\/","url":"https:\/\/sakipsabancimuzesi.org\/shop\/wp-content\/uploads\/2019\/11\/logo.png","contentUrl":"https:\/\/sakipsabancimuzesi.org\/shop\/wp-content\/uploads\/2019\/11\/logo.png","width":227,"height":87,"caption":"SSM Shop"},"image":{"@id":"https:\/\/sakipsabancimuzesi.org\/shop\/#\/schema\/logo\/image\/"},"sameAs":["https:\/\/www.facebook.com\/SakipSabanciMuzesi\/"]}]}},"jetpack_sharing_enabled":true,"_links":{"self":[{"href":"https:\/\/sakipsabancimuzesi.org\/shop\/wp-json\/wp\/v2\/product\/253904","targetHints":{"allow":["GET"]}}],"collection":[{"href":"https:\/\/sakipsabancimuzesi.org\/shop\/wp-json\/wp\/v2\/product"}],"about":[{"href":"https:\/\/sakipsabancimuzesi.org\/shop\/wp-json\/wp\/v2\/types\/product"}],"wp:featuredmedia":[{"embeddable":true,"href":"https:\/\/sakipsabancimuzesi.org\/shop\/wp-json\/wp\/v2\/media\/253910"}],"wp:attachment":[{"href":"https:\/\/sakipsabancimuzesi.org\/shop\/wp-json\/wp\/v2\/media?parent=253904"}],"wp:term":[{"taxonomy":"product_brand","embeddable":true,"href":"https:\/\/sakipsabancimuzesi.org\/shop\/wp-json\/wp\/v2\/product_brand?post=253904"},{"taxonomy":"product_cat","embeddable":true,"href":"https:\/\/sakipsabancimuzesi.org\/shop\/wp-json\/wp\/v2\/product_cat?post=253904"},{"taxonomy":"product_tag","embeddable":true,"href":"https:\/\/sakipsabancimuzesi.org\/shop\/wp-json\/wp\/v2\/product_tag?post=253904"},{"taxonomy":"woo-feed-brand","embeddable":true,"href":"https:\/\/sakipsabancimuzesi.org\/shop\/wp-json\/wp\/v2\/woo-feed-brand?post=253904"}],"curies":[{"name":"wp","href":"https:\/\/api.w.org\/{rel}","templated":true}]}}