{"id":253907,"date":"2022-11-12T15:00:24","date_gmt":"2022-11-12T12:00:24","guid":{"rendered":"https:\/\/sakipsabancimuzesi.org\/shop\/?post_type=product&#038;p=253907"},"modified":"2026-02-09T10:31:32","modified_gmt":"2026-02-09T07:31:32","slug":"sanat-tarihi-nasil-yazilir","status":"publish","type":"product","link":"https:\/\/sakipsabancimuzesi.org\/shop\/urun\/yayin-ve-multimedya\/kitap\/sanat-tarihi-nasil-yazilir\/","title":{"rendered":"Sanat Tarihi Nas\u0131l Yaz\u0131l\u0131r"},"content":{"rendered":"<p>\u201c&#8230;Sanat tarihi size farkl\u0131 d\u00fc\u015f\u00fcnmeyi \u00f6\u011fretir. \u0130lgin\u00e7 sorular sormay\u0131, yerle\u015fik yan\u0131tlar\u0131 ve geleneksel akl\u0131 reddetmeyi, y\u00fczeylerin ve a\u00e7\u0131k g\u00f6r\u00fcnt\u00fclerin \u00f6tesine bakmay\u0131, n\u00fcanslar\u0131 g\u00f6rmeyi \u00f6\u011fretir. G\u00f6rsel \u00e7\u00f6z\u00fcmleme ve ele\u015ftirel okumada yeteneklerinizi geli\u015ftirmeye yard\u0131mc\u0131 olur; nesnel savlar olu\u015fturman\u0131za ve fikirlerinizi yaz\u0131l\u0131 ve s\u00f6zl\u00fc olarak etkileyici bir \u015fekilde ifade etmenize destek olur&#8230; Sanat tarihi ge\u00e7mi\u015fe e\u015fsiz bir kap\u0131 a\u00e7ar. \u00c7\u00fcnk\u00fc tarih yaln\u0131zca belge, metin ve s\u00f6zc\u00fcklerle anlat\u0131lamaz. \u0130nsan ya\u015fam\u0131 k\u0131sad\u0131r, ancak insan\u0131n yapt\u0131klar\u0131 kal\u0131c\u0131d\u0131r ve bunlar bize ge\u00e7mi\u015f hayatlar\u0131n neye benzedi\u011fi hakk\u0131nda bir fikir verir&#8230; \u0130nsan yarat\u0131c\u0131l\u0131\u011f\u0131n\u0131n b\u00fcy\u00fck bir \u00f6rne\u011fini g\u00f6rmek, mutluluk, \u00f6fke veya \u00fcz\u00fcnt\u00fcye kap\u0131lmak sizi \u015fa\u015f\u0131rt\u0131r. Bir ta\u015f y\u00fczeyindeki keski i\u015faretinde veya bir dokuman\u0131n ilme\u011finde sanat\u00e7\u0131n\u0131n elinin izini s\u00fcrerken, onun ta\u015f\u0131d\u0131\u011f\u0131 insanl\u0131k duygusunu y\u00fcre\u011finizde hissedersiniz&#8230;\u201d<br \/>\nAnne D\u2019Alleva<\/p>\n<p>Anne D\u2019Alleva; \u201csanat nedir\u201d, \u201csanat tarihi nedir\u201d, \u201csanat tarihinin di\u011fer disiplinlerle ili\u015fkisi nedir\u201d, \u201csanat tarih\u00e7ileri ne i\u015f yaparlar\u201d \u201changi y\u00f6ntemleri kullan\u0131rlar\u201d gibi sorulardan yola \u00e7\u0131karak, ba\u015fta sanat tarihi \u00f6\u011frencileri olmak \u00fczere, sanatla ilgilenen herkese m\u00fckemmel bir ba\u015fucu kitab\u0131 sunuyor. Sanat\u0131 yorumlaman\u0131n, bir sav geli\u015ftirmenin, sanat\u00e7\u0131lar\u0131 ve sanat yap\u0131tlar\u0131n\u0131 incelemenin sanat tarihi disiplini \u00e7er\u00e7evesinde nas\u0131l ger\u00e7ekle\u015ftirildi\u011fini anlatan kitap, samimi ve ak\u0131c\u0131 \u00fcslubuyla okuyucunun sanat tarihi dersine heyecanla yakla\u015fmas\u0131n\u0131 sa\u011fl\u0131yor. Kitap ayn\u0131 zamanda, sanat tarihi s\u0131navlar\u0131nda ba\u015far\u0131l\u0131 olmak ve sanat tarihi \u00f6devleri haz\u0131rlamak i\u00e7in son derece kullan\u0131\u015fl\u0131 \u00f6neriler geli\u015ftiriyor, taktikler sunuyor. Bi\u00e7imsel \u00e7\u00f6z\u00fcmleme ve ba\u011flamsal \u00e7\u00f6z\u00fcmleme olmak \u00fczere iki temel sanat tarihi y\u00f6ntemi sunan kitap, bu y\u00f6ntemlerin derslerdeki tart\u0131\u015fmalarda ve sanat tarihi \u00f6devlerinde nas\u0131l kullan\u0131labilece\u011fini anlat\u0131yor. Sanat tarihi \u00f6devi yazman\u0131n zorluklar\u0131n\u0131, bir metnin zay\u0131f ve g\u00fc\u00e7l\u00fc y\u00f6nlerini ger\u00e7ek \u00f6rneklerden yola \u00e7\u0131karak anlatan D\u2019Alleva, yazma s\u00fcrecini ad\u0131m ad\u0131m tan\u0131ml\u0131yor. Sanat tarihini kendi tarihsel ba\u011flam\u0131 i\u00e7inde \u00e7ok \u00e7arp\u0131c\u0131 bir \u015fekilde ele alan kitap, \u00f6zellikle bu disiplinde kariyer yapmay\u0131 d\u00fc\u015f\u00fcnenlere \u00e7ok yararl\u0131 ve kullan\u0131\u015fl\u0131 bir k\u0131lavuz olu\u015fturuyor.<\/p>\n<p>Connecticut \u00dcniversitesi\u2019nin Sanat Tarihi ve Kad\u0131n Ara\u015ft\u0131rmalar\u0131 B\u00f6l\u00fcm\u00fc\u2019nde do\u00e7ent olan Anne D\u2019Alleva, ayn\u0131 zamanda Pasifik Adalar\u0131\u2019n\u0131n Sanat\u0131 ve Sanat Tarihi Kuramlar\u0131 ve Y\u00f6ntemleri kitaplar\u0131n\u0131n yazar\u0131d\u0131r.<\/p>\n","protected":false},"excerpt":{"rendered":"<p>\u201c&#8230;Sanat tarihi size farkl\u0131 d\u00fc\u015f\u00fcnmeyi \u00f6\u011fretir. \u0130lgin\u00e7 sorular sormay\u0131, yerle\u015fik yan\u0131tlar\u0131 ve geleneksel akl\u0131 reddetmeyi, y\u00fczeylerin ve a\u00e7\u0131k g\u00f6r\u00fcnt\u00fclerin \u00f6tesine bakmay\u0131, n\u00fcanslar\u0131 g\u00f6rmeyi \u00f6\u011fretir. G\u00f6rsel \u00e7\u00f6z\u00fcmleme ve ele\u015ftirel okumada yeteneklerinizi geli\u015ftirmeye yard\u0131mc\u0131 olur; nesnel savlar olu\u015fturman\u0131za ve fikirlerinizi yaz\u0131l\u0131 ve s\u00f6zl\u00fc olarak etkileyici bir \u015fekilde ifade etmenize destek olur&#8230; Sanat tarihi ge\u00e7mi\u015fe e\u015fsiz bir kap\u0131 [&#8230;]\n","protected":false},"featured_media":253913,"template":"","meta":{"_exactmetrics_skip_tracking":false,"_exactmetrics_sitenote_active":false,"_exactmetrics_sitenote_note":"","_exactmetrics_sitenote_category":0},"product_brand":[],"product_cat":[662,663],"product_tag":[],"woo-feed-brand":[],"class_list":{"0":"post-253907","1":"product","2":"type-product","3":"status-publish","4":"has-post-thumbnail","6":"product_cat-yayin-ve-multimedya","7":"product_cat-kitap","9":"first","10":"instock","11":"taxable","12":"shipping-taxable","13":"purchasable","14":"product-type-simple"},"yoast_head":"<!-- This site is optimized with the Yoast SEO plugin v27.1.1 - https:\/\/yoast.com\/product\/yoast-seo-wordpress\/ -->\n<title>Sanat Tarihi Nas\u0131l Yaz\u0131l\u0131r - SSM Shop<\/title>\n<meta name=\"robots\" content=\"index, follow, max-snippet:-1, max-image-preview:large, max-video-preview:-1\" \/>\n<link rel=\"canonical\" href=\"https:\/\/sakipsabancimuzesi.org\/shop\/urun\/yayin-ve-multimedya\/kitap\/sanat-tarihi-nasil-yazilir\/\" \/>\n<meta property=\"og:locale\" content=\"tr_TR\" \/>\n<meta property=\"og:type\" content=\"article\" \/>\n<meta property=\"og:title\" content=\"Sanat Tarihi Nas\u0131l Yaz\u0131l\u0131r - SSM Shop\" \/>\n<meta property=\"og:description\" content=\"\u201c&#8230;Sanat tarihi size farkl\u0131 d\u00fc\u015f\u00fcnmeyi \u00f6\u011fretir. \u0130lgin\u00e7 sorular sormay\u0131, yerle\u015fik yan\u0131tlar\u0131 ve geleneksel akl\u0131 reddetmeyi, y\u00fczeylerin ve a\u00e7\u0131k g\u00f6r\u00fcnt\u00fclerin \u00f6tesine bakmay\u0131, n\u00fcanslar\u0131 g\u00f6rmeyi \u00f6\u011fretir. G\u00f6rsel \u00e7\u00f6z\u00fcmleme ve ele\u015ftirel okumada yeteneklerinizi geli\u015ftirmeye yard\u0131mc\u0131 olur; nesnel savlar olu\u015fturman\u0131za ve fikirlerinizi yaz\u0131l\u0131 ve s\u00f6zl\u00fc olarak etkileyici bir \u015fekilde ifade etmenize destek olur&#8230; Sanat tarihi ge\u00e7mi\u015fe e\u015fsiz bir kap\u0131 [...]\" \/>\n<meta property=\"og:url\" content=\"https:\/\/sakipsabancimuzesi.org\/shop\/urun\/yayin-ve-multimedya\/kitap\/sanat-tarihi-nasil-yazilir\/\" \/>\n<meta property=\"og:site_name\" content=\"SSM Shop\" \/>\n<meta property=\"article:publisher\" content=\"https:\/\/www.facebook.com\/SakipSabanciMuzesi\/\" \/>\n<meta property=\"article:modified_time\" content=\"2026-02-09T07:31:32+00:00\" \/>\n<meta property=\"og:image\" content=\"https:\/\/sakipsabancimuzesi.org\/shop\/wp-content\/uploads\/2022\/11\/Sanat-Tarihi-Nasil-Yazilir.jpg\" \/>\n\t<meta property=\"og:image:width\" content=\"1280\" \/>\n\t<meta property=\"og:image:height\" content=\"1600\" \/>\n\t<meta property=\"og:image:type\" content=\"image\/jpeg\" \/>\n<meta name=\"twitter:card\" content=\"summary_large_image\" \/>\n<meta name=\"twitter:label1\" content=\"Tahmini okuma s\u00fcresi\" \/>\n\t<meta name=\"twitter:data1\" content=\"2 dakika\" \/>\n<script type=\"application\/ld+json\" class=\"yoast-schema-graph\">{\"@context\":\"https:\/\/schema.org\",\"@graph\":[{\"@type\":\"WebPage\",\"@id\":\"https:\/\/sakipsabancimuzesi.org\/shop\/urun\/yayin-ve-multimedya\/kitap\/sanat-tarihi-nasil-yazilir\/\",\"url\":\"https:\/\/sakipsabancimuzesi.org\/shop\/urun\/yayin-ve-multimedya\/kitap\/sanat-tarihi-nasil-yazilir\/\",\"name\":\"Sanat Tarihi Nas\u0131l Yaz\u0131l\u0131r - SSM Shop\",\"isPartOf\":{\"@id\":\"https:\/\/sakipsabancimuzesi.org\/shop\/#website\"},\"primaryImageOfPage\":{\"@id\":\"https:\/\/sakipsabancimuzesi.org\/shop\/urun\/yayin-ve-multimedya\/kitap\/sanat-tarihi-nasil-yazilir\/#primaryimage\"},\"image\":{\"@id\":\"https:\/\/sakipsabancimuzesi.org\/shop\/urun\/yayin-ve-multimedya\/kitap\/sanat-tarihi-nasil-yazilir\/#primaryimage\"},\"thumbnailUrl\":\"https:\/\/sakipsabancimuzesi.org\/shop\/wp-content\/uploads\/2022\/11\/Sanat-Tarihi-Nasil-Yazilir.jpg\",\"datePublished\":\"2022-11-12T12:00:24+00:00\",\"dateModified\":\"2026-02-09T07:31:32+00:00\",\"breadcrumb\":{\"@id\":\"https:\/\/sakipsabancimuzesi.org\/shop\/urun\/yayin-ve-multimedya\/kitap\/sanat-tarihi-nasil-yazilir\/#breadcrumb\"},\"inLanguage\":\"tr\",\"potentialAction\":[{\"@type\":\"ReadAction\",\"target\":[\"https:\/\/sakipsabancimuzesi.org\/shop\/urun\/yayin-ve-multimedya\/kitap\/sanat-tarihi-nasil-yazilir\/\"]}]},{\"@type\":\"ImageObject\",\"inLanguage\":\"tr\",\"@id\":\"https:\/\/sakipsabancimuzesi.org\/shop\/urun\/yayin-ve-multimedya\/kitap\/sanat-tarihi-nasil-yazilir\/#primaryimage\",\"url\":\"https:\/\/sakipsabancimuzesi.org\/shop\/wp-content\/uploads\/2022\/11\/Sanat-Tarihi-Nasil-Yazilir.jpg\",\"contentUrl\":\"https:\/\/sakipsabancimuzesi.org\/shop\/wp-content\/uploads\/2022\/11\/Sanat-Tarihi-Nasil-Yazilir.jpg\",\"width\":1280,\"height\":1600},{\"@type\":\"BreadcrumbList\",\"@id\":\"https:\/\/sakipsabancimuzesi.org\/shop\/urun\/yayin-ve-multimedya\/kitap\/sanat-tarihi-nasil-yazilir\/#breadcrumb\",\"itemListElement\":[{\"@type\":\"ListItem\",\"position\":1,\"name\":\"Ana sayfa\",\"item\":\"https:\/\/sakipsabancimuzesi.org\/shop\/\"},{\"@type\":\"ListItem\",\"position\":2,\"name\":\"Shop\",\"item\":\"https:\/\/sakipsabancimuzesi.org\/shop\/shop\/\"},{\"@type\":\"ListItem\",\"position\":3,\"name\":\"Sanat Tarihi Nas\u0131l Yaz\u0131l\u0131r\"}]},{\"@type\":\"WebSite\",\"@id\":\"https:\/\/sakipsabancimuzesi.org\/shop\/#website\",\"url\":\"https:\/\/sakipsabancimuzesi.org\/shop\/\",\"name\":\"SSM Shop\",\"description\":\"Sak\u0131p Sabanc\u0131 M\u00fczesi, Ma\u011faza\",\"publisher\":{\"@id\":\"https:\/\/sakipsabancimuzesi.org\/shop\/#organization\"},\"potentialAction\":[{\"@type\":\"SearchAction\",\"target\":{\"@type\":\"EntryPoint\",\"urlTemplate\":\"https:\/\/sakipsabancimuzesi.org\/shop\/?s={search_term_string}\"},\"query-input\":{\"@type\":\"PropertyValueSpecification\",\"valueRequired\":true,\"valueName\":\"search_term_string\"}}],\"inLanguage\":\"tr\"},{\"@type\":\"Organization\",\"@id\":\"https:\/\/sakipsabancimuzesi.org\/shop\/#organization\",\"name\":\"SSM Shop\",\"url\":\"https:\/\/sakipsabancimuzesi.org\/shop\/\",\"logo\":{\"@type\":\"ImageObject\",\"inLanguage\":\"tr\",\"@id\":\"https:\/\/sakipsabancimuzesi.org\/shop\/#\/schema\/logo\/image\/\",\"url\":\"https:\/\/sakipsabancimuzesi.org\/shop\/wp-content\/uploads\/2019\/11\/logo.png\",\"contentUrl\":\"https:\/\/sakipsabancimuzesi.org\/shop\/wp-content\/uploads\/2019\/11\/logo.png\",\"width\":227,\"height\":87,\"caption\":\"SSM Shop\"},\"image\":{\"@id\":\"https:\/\/sakipsabancimuzesi.org\/shop\/#\/schema\/logo\/image\/\"},\"sameAs\":[\"https:\/\/www.facebook.com\/SakipSabanciMuzesi\/\"]}]}<\/script>\n<!-- \/ Yoast SEO plugin. -->","yoast_head_json":{"title":"Sanat Tarihi Nas\u0131l Yaz\u0131l\u0131r - SSM Shop","robots":{"index":"index","follow":"follow","max-snippet":"max-snippet:-1","max-image-preview":"max-image-preview:large","max-video-preview":"max-video-preview:-1"},"canonical":"https:\/\/sakipsabancimuzesi.org\/shop\/urun\/yayin-ve-multimedya\/kitap\/sanat-tarihi-nasil-yazilir\/","og_locale":"tr_TR","og_type":"article","og_title":"Sanat Tarihi Nas\u0131l Yaz\u0131l\u0131r - SSM Shop","og_description":"\u201c&#8230;Sanat tarihi size farkl\u0131 d\u00fc\u015f\u00fcnmeyi \u00f6\u011fretir. \u0130lgin\u00e7 sorular sormay\u0131, yerle\u015fik yan\u0131tlar\u0131 ve geleneksel akl\u0131 reddetmeyi, y\u00fczeylerin ve a\u00e7\u0131k g\u00f6r\u00fcnt\u00fclerin \u00f6tesine bakmay\u0131, n\u00fcanslar\u0131 g\u00f6rmeyi \u00f6\u011fretir. G\u00f6rsel \u00e7\u00f6z\u00fcmleme ve ele\u015ftirel okumada yeteneklerinizi geli\u015ftirmeye yard\u0131mc\u0131 olur; nesnel savlar olu\u015fturman\u0131za ve fikirlerinizi yaz\u0131l\u0131 ve s\u00f6zl\u00fc olarak etkileyici bir \u015fekilde ifade etmenize destek olur&#8230; Sanat tarihi ge\u00e7mi\u015fe e\u015fsiz bir kap\u0131 [...]","og_url":"https:\/\/sakipsabancimuzesi.org\/shop\/urun\/yayin-ve-multimedya\/kitap\/sanat-tarihi-nasil-yazilir\/","og_site_name":"SSM Shop","article_publisher":"https:\/\/www.facebook.com\/SakipSabanciMuzesi\/","article_modified_time":"2026-02-09T07:31:32+00:00","og_image":[{"width":1280,"height":1600,"url":"https:\/\/sakipsabancimuzesi.org\/shop\/wp-content\/uploads\/2022\/11\/Sanat-Tarihi-Nasil-Yazilir.jpg","type":"image\/jpeg"}],"twitter_card":"summary_large_image","twitter_misc":{"Tahmini okuma s\u00fcresi":"2 dakika"},"schema":{"@context":"https:\/\/schema.org","@graph":[{"@type":"WebPage","@id":"https:\/\/sakipsabancimuzesi.org\/shop\/urun\/yayin-ve-multimedya\/kitap\/sanat-tarihi-nasil-yazilir\/","url":"https:\/\/sakipsabancimuzesi.org\/shop\/urun\/yayin-ve-multimedya\/kitap\/sanat-tarihi-nasil-yazilir\/","name":"Sanat Tarihi Nas\u0131l Yaz\u0131l\u0131r - SSM Shop","isPartOf":{"@id":"https:\/\/sakipsabancimuzesi.org\/shop\/#website"},"primaryImageOfPage":{"@id":"https:\/\/sakipsabancimuzesi.org\/shop\/urun\/yayin-ve-multimedya\/kitap\/sanat-tarihi-nasil-yazilir\/#primaryimage"},"image":{"@id":"https:\/\/sakipsabancimuzesi.org\/shop\/urun\/yayin-ve-multimedya\/kitap\/sanat-tarihi-nasil-yazilir\/#primaryimage"},"thumbnailUrl":"https:\/\/sakipsabancimuzesi.org\/shop\/wp-content\/uploads\/2022\/11\/Sanat-Tarihi-Nasil-Yazilir.jpg","datePublished":"2022-11-12T12:00:24+00:00","dateModified":"2026-02-09T07:31:32+00:00","breadcrumb":{"@id":"https:\/\/sakipsabancimuzesi.org\/shop\/urun\/yayin-ve-multimedya\/kitap\/sanat-tarihi-nasil-yazilir\/#breadcrumb"},"inLanguage":"tr","potentialAction":[{"@type":"ReadAction","target":["https:\/\/sakipsabancimuzesi.org\/shop\/urun\/yayin-ve-multimedya\/kitap\/sanat-tarihi-nasil-yazilir\/"]}]},{"@type":"ImageObject","inLanguage":"tr","@id":"https:\/\/sakipsabancimuzesi.org\/shop\/urun\/yayin-ve-multimedya\/kitap\/sanat-tarihi-nasil-yazilir\/#primaryimage","url":"https:\/\/sakipsabancimuzesi.org\/shop\/wp-content\/uploads\/2022\/11\/Sanat-Tarihi-Nasil-Yazilir.jpg","contentUrl":"https:\/\/sakipsabancimuzesi.org\/shop\/wp-content\/uploads\/2022\/11\/Sanat-Tarihi-Nasil-Yazilir.jpg","width":1280,"height":1600},{"@type":"BreadcrumbList","@id":"https:\/\/sakipsabancimuzesi.org\/shop\/urun\/yayin-ve-multimedya\/kitap\/sanat-tarihi-nasil-yazilir\/#breadcrumb","itemListElement":[{"@type":"ListItem","position":1,"name":"Ana sayfa","item":"https:\/\/sakipsabancimuzesi.org\/shop\/"},{"@type":"ListItem","position":2,"name":"Shop","item":"https:\/\/sakipsabancimuzesi.org\/shop\/shop\/"},{"@type":"ListItem","position":3,"name":"Sanat Tarihi Nas\u0131l Yaz\u0131l\u0131r"}]},{"@type":"WebSite","@id":"https:\/\/sakipsabancimuzesi.org\/shop\/#website","url":"https:\/\/sakipsabancimuzesi.org\/shop\/","name":"SSM Shop","description":"Sak\u0131p Sabanc\u0131 M\u00fczesi, Ma\u011faza","publisher":{"@id":"https:\/\/sakipsabancimuzesi.org\/shop\/#organization"},"potentialAction":[{"@type":"SearchAction","target":{"@type":"EntryPoint","urlTemplate":"https:\/\/sakipsabancimuzesi.org\/shop\/?s={search_term_string}"},"query-input":{"@type":"PropertyValueSpecification","valueRequired":true,"valueName":"search_term_string"}}],"inLanguage":"tr"},{"@type":"Organization","@id":"https:\/\/sakipsabancimuzesi.org\/shop\/#organization","name":"SSM Shop","url":"https:\/\/sakipsabancimuzesi.org\/shop\/","logo":{"@type":"ImageObject","inLanguage":"tr","@id":"https:\/\/sakipsabancimuzesi.org\/shop\/#\/schema\/logo\/image\/","url":"https:\/\/sakipsabancimuzesi.org\/shop\/wp-content\/uploads\/2019\/11\/logo.png","contentUrl":"https:\/\/sakipsabancimuzesi.org\/shop\/wp-content\/uploads\/2019\/11\/logo.png","width":227,"height":87,"caption":"SSM Shop"},"image":{"@id":"https:\/\/sakipsabancimuzesi.org\/shop\/#\/schema\/logo\/image\/"},"sameAs":["https:\/\/www.facebook.com\/SakipSabanciMuzesi\/"]}]}},"jetpack_sharing_enabled":true,"_links":{"self":[{"href":"https:\/\/sakipsabancimuzesi.org\/shop\/wp-json\/wp\/v2\/product\/253907","targetHints":{"allow":["GET"]}}],"collection":[{"href":"https:\/\/sakipsabancimuzesi.org\/shop\/wp-json\/wp\/v2\/product"}],"about":[{"href":"https:\/\/sakipsabancimuzesi.org\/shop\/wp-json\/wp\/v2\/types\/product"}],"wp:featuredmedia":[{"embeddable":true,"href":"https:\/\/sakipsabancimuzesi.org\/shop\/wp-json\/wp\/v2\/media\/253913"}],"wp:attachment":[{"href":"https:\/\/sakipsabancimuzesi.org\/shop\/wp-json\/wp\/v2\/media?parent=253907"}],"wp:term":[{"taxonomy":"product_brand","embeddable":true,"href":"https:\/\/sakipsabancimuzesi.org\/shop\/wp-json\/wp\/v2\/product_brand?post=253907"},{"taxonomy":"product_cat","embeddable":true,"href":"https:\/\/sakipsabancimuzesi.org\/shop\/wp-json\/wp\/v2\/product_cat?post=253907"},{"taxonomy":"product_tag","embeddable":true,"href":"https:\/\/sakipsabancimuzesi.org\/shop\/wp-json\/wp\/v2\/product_tag?post=253907"},{"taxonomy":"woo-feed-brand","embeddable":true,"href":"https:\/\/sakipsabancimuzesi.org\/shop\/wp-json\/wp\/v2\/woo-feed-brand?post=253907"}],"curies":[{"name":"wp","href":"https:\/\/api.w.org\/{rel}","templated":true}]}}