{"id":253908,"date":"2022-11-12T15:04:32","date_gmt":"2022-11-12T12:04:32","guid":{"rendered":"https:\/\/sakipsabancimuzesi.org\/shop\/?post_type=product&#038;p=253908"},"modified":"2025-09-18T16:26:58","modified_gmt":"2025-09-18T13:26:58","slug":"sanata-ve-sanat-kavramlarina-giris","status":"publish","type":"product","link":"https:\/\/sakipsabancimuzesi.org\/shop\/urun\/yayin-ve-multimedya\/kitap\/sanata-ve-sanat-kavramlarina-giris\/","title":{"rendered":"Sanata ve Sanat Kavramlar\u0131na Giri\u015f"},"content":{"rendered":"<p>Sanat eserleri, insanlar i\u00e7in, insanlar taraf\u0131ndan yarat\u0131lmaktad\u0131r. \u0130nsan\u0131n bir \u00fcretimidir ve insanlar i\u00e7in olu\u015fturulmaktad\u0131r. Sanat\u0131n olu\u015fturulmas\u0131 ise, esas olarak sanat\u00e7\u0131n\u0131n, kendisini ifade etme ihtiyac\u0131ndan kaynaklan\u0131r. \u0130zleyiciler de, eserde bulunan b\u00fcy\u00fcn\u00fcn, ondaki \u00f6l\u00fcms\u00fczl\u00fc\u011f\u00fcn, g\u00fczelli\u011fin etkisi ile ona yakla\u015fmaktad\u0131rlar. Bu b\u00fcy\u00fc bilinen de\u011fil duyulan ve hissedilendir. Sanat\u00e7\u0131lar i\u00e7inde ya\u015fad\u0131klar\u0131 toplumun ve ya\u015fad\u0131klar\u0131 \u00e7a\u011f\u0131n ak\u0131mlar\u0131na, durumlar\u0131na yeni soluklar getirme amac\u0131 ile eserlerini olu\u015fturmu\u015flar ve olu\u015fturmaya da devam etmektedirler. Onlar\u0131n ya\u015fam ve g\u00fczellik anlay\u0131\u015flar\u0131n\u0131n bi\u00e7imlendi\u011fi eserler, izleyicilerin de d\u00fcnyalar\u0131nda u\u00e7u\u015fan y\u0131ld\u0131zlar olacakt\u0131r. Bu y\u0131ld\u0131zlar\u0131n \u0131\u015f\u0131lt\u0131lar\u0131 birbirlerinden do\u011fal olarak farkl\u0131 olacakt\u0131r. Ancak her birinin sa\u00e7t\u0131\u011f\u0131 \u0131\u015f\u0131k, insan taraf\u0131ndan olu\u015fturulmu\u015ftur, insan i\u00e7in vard\u0131r ve insanl\u0131k i\u00e7in gereklidir. Bu \u00e7aba s\u00fcrmelidir ve s\u00fcrecektir.<\/p>\n<p>Ma\u011fara d\u00f6neminde ya\u015fayan insanlar\u0131n i\u00e7lerinde hissettikleri d\u00fcrt\u00fc ile duvarlara \u00e7izdikleri ilk \u00e7izgiler sanat eseri say\u0131lmasalar bile \u00e7ok anlaml\u0131 yarat\u0131mlard\u0131r. Bu ilk \u00e7izimler \u00fczerine eklenenler ile hi\u00e7 ku\u015fkusuz modern ya\u015fam\u0131n bir\u00e7ok yarat\u0131s\u0131na kavu\u015fuldu\u011fu d\u00fc\u015f\u00fcn\u00fclebilir. Yarat\u0131m\u0131n bir anlamda ilk noktas\u0131d\u0131r bu t\u00fcr \u00e7abalar.<\/p>\n<p>Duyarl\u0131 ilk insan\u0131n \u00e7abas\u0131 ile ba\u015flayarak geli\u015fen \u00e7al\u0131\u015fmalardan k\u00f6k alan ve insanl\u0131kla s\u00fcrecek olan sanat \u00e7al\u0131\u015fmalar\u0131n\u0131 anlamak i\u00e7in, hangi d\u00fc\u015f\u00fcncelerden kaynaklanarak geli\u015fti\u011finin bilinmesi yararl\u0131d\u0131r.<\/p>\n","protected":false},"excerpt":{"rendered":"<p>Sanat eserleri, insanlar i\u00e7in, insanlar taraf\u0131ndan yarat\u0131lmaktad\u0131r. \u0130nsan\u0131n bir \u00fcretimidir ve insanlar i\u00e7in olu\u015fturulmaktad\u0131r. Sanat\u0131n olu\u015fturulmas\u0131 ise, esas olarak sanat\u00e7\u0131n\u0131n, kendisini ifade etme ihtiyac\u0131ndan kaynaklan\u0131r. \u0130zleyiciler de, eserde bulunan b\u00fcy\u00fcn\u00fcn, ondaki \u00f6l\u00fcms\u00fczl\u00fc\u011f\u00fcn, g\u00fczelli\u011fin etkisi ile ona yakla\u015fmaktad\u0131rlar. Bu b\u00fcy\u00fc bilinen de\u011fil duyulan ve hissedilendir. Sanat\u00e7\u0131lar i\u00e7inde ya\u015fad\u0131klar\u0131 toplumun ve ya\u015fad\u0131klar\u0131 \u00e7a\u011f\u0131n ak\u0131mlar\u0131na, durumlar\u0131na yeni soluklar [&#8230;]\n","protected":false},"featured_media":253915,"template":"","meta":{"_exactmetrics_skip_tracking":false,"_exactmetrics_sitenote_active":false,"_exactmetrics_sitenote_note":"","_exactmetrics_sitenote_category":0},"product_brand":[],"product_cat":[662,663],"product_tag":[],"woo-feed-brand":[],"class_list":{"0":"post-253908","1":"product","2":"type-product","3":"status-publish","4":"has-post-thumbnail","6":"product_cat-yayin-ve-multimedya","7":"product_cat-kitap","9":"first","10":"instock","11":"taxable","12":"shipping-taxable","13":"purchasable","14":"product-type-simple"},"yoast_head":"<!-- This site is optimized with the Yoast SEO plugin v27.1.1 - https:\/\/yoast.com\/product\/yoast-seo-wordpress\/ -->\n<title>Sanata ve Sanat Kavramlar\u0131na Giri\u015f - SSM Shop<\/title>\n<meta name=\"robots\" content=\"index, follow, max-snippet:-1, max-image-preview:large, max-video-preview:-1\" \/>\n<link rel=\"canonical\" href=\"https:\/\/sakipsabancimuzesi.org\/shop\/urun\/yayin-ve-multimedya\/kitap\/sanata-ve-sanat-kavramlarina-giris\/\" \/>\n<meta property=\"og:locale\" content=\"tr_TR\" \/>\n<meta property=\"og:type\" content=\"article\" \/>\n<meta property=\"og:title\" content=\"Sanata ve Sanat Kavramlar\u0131na Giri\u015f - SSM Shop\" \/>\n<meta property=\"og:description\" content=\"Sanat eserleri, insanlar i\u00e7in, insanlar taraf\u0131ndan yarat\u0131lmaktad\u0131r. \u0130nsan\u0131n bir \u00fcretimidir ve insanlar i\u00e7in olu\u015fturulmaktad\u0131r. Sanat\u0131n olu\u015fturulmas\u0131 ise, esas olarak sanat\u00e7\u0131n\u0131n, kendisini ifade etme ihtiyac\u0131ndan kaynaklan\u0131r. \u0130zleyiciler de, eserde bulunan b\u00fcy\u00fcn\u00fcn, ondaki \u00f6l\u00fcms\u00fczl\u00fc\u011f\u00fcn, g\u00fczelli\u011fin etkisi ile ona yakla\u015fmaktad\u0131rlar. Bu b\u00fcy\u00fc bilinen de\u011fil duyulan ve hissedilendir. Sanat\u00e7\u0131lar i\u00e7inde ya\u015fad\u0131klar\u0131 toplumun ve ya\u015fad\u0131klar\u0131 \u00e7a\u011f\u0131n ak\u0131mlar\u0131na, durumlar\u0131na yeni soluklar [...]\" \/>\n<meta property=\"og:url\" content=\"https:\/\/sakipsabancimuzesi.org\/shop\/urun\/yayin-ve-multimedya\/kitap\/sanata-ve-sanat-kavramlarina-giris\/\" \/>\n<meta property=\"og:site_name\" content=\"SSM Shop\" \/>\n<meta property=\"article:publisher\" content=\"https:\/\/www.facebook.com\/SakipSabanciMuzesi\/\" \/>\n<meta property=\"article:modified_time\" content=\"2025-09-18T13:26:58+00:00\" \/>\n<meta property=\"og:image\" content=\"https:\/\/sakipsabancimuzesi.org\/shop\/wp-content\/uploads\/2022\/11\/Sanata-ve-Sanat-Kavramlarina-Giris.jpg\" \/>\n\t<meta property=\"og:image:width\" content=\"1280\" \/>\n\t<meta property=\"og:image:height\" content=\"1600\" \/>\n\t<meta property=\"og:image:type\" content=\"image\/jpeg\" \/>\n<meta name=\"twitter:card\" content=\"summary_large_image\" \/>\n<meta name=\"twitter:label1\" content=\"Tahmini okuma s\u00fcresi\" \/>\n\t<meta name=\"twitter:data1\" content=\"1 dakika\" \/>\n<script type=\"application\/ld+json\" class=\"yoast-schema-graph\">{\"@context\":\"https:\/\/schema.org\",\"@graph\":[{\"@type\":\"WebPage\",\"@id\":\"https:\/\/sakipsabancimuzesi.org\/shop\/urun\/yayin-ve-multimedya\/kitap\/sanata-ve-sanat-kavramlarina-giris\/\",\"url\":\"https:\/\/sakipsabancimuzesi.org\/shop\/urun\/yayin-ve-multimedya\/kitap\/sanata-ve-sanat-kavramlarina-giris\/\",\"name\":\"Sanata ve Sanat Kavramlar\u0131na Giri\u015f - SSM Shop\",\"isPartOf\":{\"@id\":\"https:\/\/sakipsabancimuzesi.org\/shop\/#website\"},\"primaryImageOfPage\":{\"@id\":\"https:\/\/sakipsabancimuzesi.org\/shop\/urun\/yayin-ve-multimedya\/kitap\/sanata-ve-sanat-kavramlarina-giris\/#primaryimage\"},\"image\":{\"@id\":\"https:\/\/sakipsabancimuzesi.org\/shop\/urun\/yayin-ve-multimedya\/kitap\/sanata-ve-sanat-kavramlarina-giris\/#primaryimage\"},\"thumbnailUrl\":\"https:\/\/sakipsabancimuzesi.org\/shop\/wp-content\/uploads\/2022\/11\/Sanata-ve-Sanat-Kavramlarina-Giris.jpg\",\"datePublished\":\"2022-11-12T12:04:32+00:00\",\"dateModified\":\"2025-09-18T13:26:58+00:00\",\"breadcrumb\":{\"@id\":\"https:\/\/sakipsabancimuzesi.org\/shop\/urun\/yayin-ve-multimedya\/kitap\/sanata-ve-sanat-kavramlarina-giris\/#breadcrumb\"},\"inLanguage\":\"tr\",\"potentialAction\":[{\"@type\":\"ReadAction\",\"target\":[\"https:\/\/sakipsabancimuzesi.org\/shop\/urun\/yayin-ve-multimedya\/kitap\/sanata-ve-sanat-kavramlarina-giris\/\"]}]},{\"@type\":\"ImageObject\",\"inLanguage\":\"tr\",\"@id\":\"https:\/\/sakipsabancimuzesi.org\/shop\/urun\/yayin-ve-multimedya\/kitap\/sanata-ve-sanat-kavramlarina-giris\/#primaryimage\",\"url\":\"https:\/\/sakipsabancimuzesi.org\/shop\/wp-content\/uploads\/2022\/11\/Sanata-ve-Sanat-Kavramlarina-Giris.jpg\",\"contentUrl\":\"https:\/\/sakipsabancimuzesi.org\/shop\/wp-content\/uploads\/2022\/11\/Sanata-ve-Sanat-Kavramlarina-Giris.jpg\",\"width\":1280,\"height\":1600},{\"@type\":\"BreadcrumbList\",\"@id\":\"https:\/\/sakipsabancimuzesi.org\/shop\/urun\/yayin-ve-multimedya\/kitap\/sanata-ve-sanat-kavramlarina-giris\/#breadcrumb\",\"itemListElement\":[{\"@type\":\"ListItem\",\"position\":1,\"name\":\"Ana sayfa\",\"item\":\"https:\/\/sakipsabancimuzesi.org\/shop\/\"},{\"@type\":\"ListItem\",\"position\":2,\"name\":\"Shop\",\"item\":\"https:\/\/sakipsabancimuzesi.org\/shop\/shop\/\"},{\"@type\":\"ListItem\",\"position\":3,\"name\":\"Sanata ve Sanat Kavramlar\u0131na Giri\u015f\"}]},{\"@type\":\"WebSite\",\"@id\":\"https:\/\/sakipsabancimuzesi.org\/shop\/#website\",\"url\":\"https:\/\/sakipsabancimuzesi.org\/shop\/\",\"name\":\"SSM Shop\",\"description\":\"Sak\u0131p Sabanc\u0131 M\u00fczesi, Ma\u011faza\",\"publisher\":{\"@id\":\"https:\/\/sakipsabancimuzesi.org\/shop\/#organization\"},\"potentialAction\":[{\"@type\":\"SearchAction\",\"target\":{\"@type\":\"EntryPoint\",\"urlTemplate\":\"https:\/\/sakipsabancimuzesi.org\/shop\/?s={search_term_string}\"},\"query-input\":{\"@type\":\"PropertyValueSpecification\",\"valueRequired\":true,\"valueName\":\"search_term_string\"}}],\"inLanguage\":\"tr\"},{\"@type\":\"Organization\",\"@id\":\"https:\/\/sakipsabancimuzesi.org\/shop\/#organization\",\"name\":\"SSM Shop\",\"url\":\"https:\/\/sakipsabancimuzesi.org\/shop\/\",\"logo\":{\"@type\":\"ImageObject\",\"inLanguage\":\"tr\",\"@id\":\"https:\/\/sakipsabancimuzesi.org\/shop\/#\/schema\/logo\/image\/\",\"url\":\"https:\/\/sakipsabancimuzesi.org\/shop\/wp-content\/uploads\/2019\/11\/logo.png\",\"contentUrl\":\"https:\/\/sakipsabancimuzesi.org\/shop\/wp-content\/uploads\/2019\/11\/logo.png\",\"width\":227,\"height\":87,\"caption\":\"SSM Shop\"},\"image\":{\"@id\":\"https:\/\/sakipsabancimuzesi.org\/shop\/#\/schema\/logo\/image\/\"},\"sameAs\":[\"https:\/\/www.facebook.com\/SakipSabanciMuzesi\/\"]}]}<\/script>\n<!-- \/ Yoast SEO plugin. -->","yoast_head_json":{"title":"Sanata ve Sanat Kavramlar\u0131na Giri\u015f - SSM Shop","robots":{"index":"index","follow":"follow","max-snippet":"max-snippet:-1","max-image-preview":"max-image-preview:large","max-video-preview":"max-video-preview:-1"},"canonical":"https:\/\/sakipsabancimuzesi.org\/shop\/urun\/yayin-ve-multimedya\/kitap\/sanata-ve-sanat-kavramlarina-giris\/","og_locale":"tr_TR","og_type":"article","og_title":"Sanata ve Sanat Kavramlar\u0131na Giri\u015f - SSM Shop","og_description":"Sanat eserleri, insanlar i\u00e7in, insanlar taraf\u0131ndan yarat\u0131lmaktad\u0131r. \u0130nsan\u0131n bir \u00fcretimidir ve insanlar i\u00e7in olu\u015fturulmaktad\u0131r. Sanat\u0131n olu\u015fturulmas\u0131 ise, esas olarak sanat\u00e7\u0131n\u0131n, kendisini ifade etme ihtiyac\u0131ndan kaynaklan\u0131r. \u0130zleyiciler de, eserde bulunan b\u00fcy\u00fcn\u00fcn, ondaki \u00f6l\u00fcms\u00fczl\u00fc\u011f\u00fcn, g\u00fczelli\u011fin etkisi ile ona yakla\u015fmaktad\u0131rlar. Bu b\u00fcy\u00fc bilinen de\u011fil duyulan ve hissedilendir. Sanat\u00e7\u0131lar i\u00e7inde ya\u015fad\u0131klar\u0131 toplumun ve ya\u015fad\u0131klar\u0131 \u00e7a\u011f\u0131n ak\u0131mlar\u0131na, durumlar\u0131na yeni soluklar [...]","og_url":"https:\/\/sakipsabancimuzesi.org\/shop\/urun\/yayin-ve-multimedya\/kitap\/sanata-ve-sanat-kavramlarina-giris\/","og_site_name":"SSM Shop","article_publisher":"https:\/\/www.facebook.com\/SakipSabanciMuzesi\/","article_modified_time":"2025-09-18T13:26:58+00:00","og_image":[{"width":1280,"height":1600,"url":"https:\/\/sakipsabancimuzesi.org\/shop\/wp-content\/uploads\/2022\/11\/Sanata-ve-Sanat-Kavramlarina-Giris.jpg","type":"image\/jpeg"}],"twitter_card":"summary_large_image","twitter_misc":{"Tahmini okuma s\u00fcresi":"1 dakika"},"schema":{"@context":"https:\/\/schema.org","@graph":[{"@type":"WebPage","@id":"https:\/\/sakipsabancimuzesi.org\/shop\/urun\/yayin-ve-multimedya\/kitap\/sanata-ve-sanat-kavramlarina-giris\/","url":"https:\/\/sakipsabancimuzesi.org\/shop\/urun\/yayin-ve-multimedya\/kitap\/sanata-ve-sanat-kavramlarina-giris\/","name":"Sanata ve Sanat Kavramlar\u0131na Giri\u015f - SSM Shop","isPartOf":{"@id":"https:\/\/sakipsabancimuzesi.org\/shop\/#website"},"primaryImageOfPage":{"@id":"https:\/\/sakipsabancimuzesi.org\/shop\/urun\/yayin-ve-multimedya\/kitap\/sanata-ve-sanat-kavramlarina-giris\/#primaryimage"},"image":{"@id":"https:\/\/sakipsabancimuzesi.org\/shop\/urun\/yayin-ve-multimedya\/kitap\/sanata-ve-sanat-kavramlarina-giris\/#primaryimage"},"thumbnailUrl":"https:\/\/sakipsabancimuzesi.org\/shop\/wp-content\/uploads\/2022\/11\/Sanata-ve-Sanat-Kavramlarina-Giris.jpg","datePublished":"2022-11-12T12:04:32+00:00","dateModified":"2025-09-18T13:26:58+00:00","breadcrumb":{"@id":"https:\/\/sakipsabancimuzesi.org\/shop\/urun\/yayin-ve-multimedya\/kitap\/sanata-ve-sanat-kavramlarina-giris\/#breadcrumb"},"inLanguage":"tr","potentialAction":[{"@type":"ReadAction","target":["https:\/\/sakipsabancimuzesi.org\/shop\/urun\/yayin-ve-multimedya\/kitap\/sanata-ve-sanat-kavramlarina-giris\/"]}]},{"@type":"ImageObject","inLanguage":"tr","@id":"https:\/\/sakipsabancimuzesi.org\/shop\/urun\/yayin-ve-multimedya\/kitap\/sanata-ve-sanat-kavramlarina-giris\/#primaryimage","url":"https:\/\/sakipsabancimuzesi.org\/shop\/wp-content\/uploads\/2022\/11\/Sanata-ve-Sanat-Kavramlarina-Giris.jpg","contentUrl":"https:\/\/sakipsabancimuzesi.org\/shop\/wp-content\/uploads\/2022\/11\/Sanata-ve-Sanat-Kavramlarina-Giris.jpg","width":1280,"height":1600},{"@type":"BreadcrumbList","@id":"https:\/\/sakipsabancimuzesi.org\/shop\/urun\/yayin-ve-multimedya\/kitap\/sanata-ve-sanat-kavramlarina-giris\/#breadcrumb","itemListElement":[{"@type":"ListItem","position":1,"name":"Ana sayfa","item":"https:\/\/sakipsabancimuzesi.org\/shop\/"},{"@type":"ListItem","position":2,"name":"Shop","item":"https:\/\/sakipsabancimuzesi.org\/shop\/shop\/"},{"@type":"ListItem","position":3,"name":"Sanata ve Sanat Kavramlar\u0131na Giri\u015f"}]},{"@type":"WebSite","@id":"https:\/\/sakipsabancimuzesi.org\/shop\/#website","url":"https:\/\/sakipsabancimuzesi.org\/shop\/","name":"SSM Shop","description":"Sak\u0131p Sabanc\u0131 M\u00fczesi, Ma\u011faza","publisher":{"@id":"https:\/\/sakipsabancimuzesi.org\/shop\/#organization"},"potentialAction":[{"@type":"SearchAction","target":{"@type":"EntryPoint","urlTemplate":"https:\/\/sakipsabancimuzesi.org\/shop\/?s={search_term_string}"},"query-input":{"@type":"PropertyValueSpecification","valueRequired":true,"valueName":"search_term_string"}}],"inLanguage":"tr"},{"@type":"Organization","@id":"https:\/\/sakipsabancimuzesi.org\/shop\/#organization","name":"SSM Shop","url":"https:\/\/sakipsabancimuzesi.org\/shop\/","logo":{"@type":"ImageObject","inLanguage":"tr","@id":"https:\/\/sakipsabancimuzesi.org\/shop\/#\/schema\/logo\/image\/","url":"https:\/\/sakipsabancimuzesi.org\/shop\/wp-content\/uploads\/2019\/11\/logo.png","contentUrl":"https:\/\/sakipsabancimuzesi.org\/shop\/wp-content\/uploads\/2019\/11\/logo.png","width":227,"height":87,"caption":"SSM Shop"},"image":{"@id":"https:\/\/sakipsabancimuzesi.org\/shop\/#\/schema\/logo\/image\/"},"sameAs":["https:\/\/www.facebook.com\/SakipSabanciMuzesi\/"]}]}},"jetpack_sharing_enabled":true,"_links":{"self":[{"href":"https:\/\/sakipsabancimuzesi.org\/shop\/wp-json\/wp\/v2\/product\/253908","targetHints":{"allow":["GET"]}}],"collection":[{"href":"https:\/\/sakipsabancimuzesi.org\/shop\/wp-json\/wp\/v2\/product"}],"about":[{"href":"https:\/\/sakipsabancimuzesi.org\/shop\/wp-json\/wp\/v2\/types\/product"}],"wp:featuredmedia":[{"embeddable":true,"href":"https:\/\/sakipsabancimuzesi.org\/shop\/wp-json\/wp\/v2\/media\/253915"}],"wp:attachment":[{"href":"https:\/\/sakipsabancimuzesi.org\/shop\/wp-json\/wp\/v2\/media?parent=253908"}],"wp:term":[{"taxonomy":"product_brand","embeddable":true,"href":"https:\/\/sakipsabancimuzesi.org\/shop\/wp-json\/wp\/v2\/product_brand?post=253908"},{"taxonomy":"product_cat","embeddable":true,"href":"https:\/\/sakipsabancimuzesi.org\/shop\/wp-json\/wp\/v2\/product_cat?post=253908"},{"taxonomy":"product_tag","embeddable":true,"href":"https:\/\/sakipsabancimuzesi.org\/shop\/wp-json\/wp\/v2\/product_tag?post=253908"},{"taxonomy":"woo-feed-brand","embeddable":true,"href":"https:\/\/sakipsabancimuzesi.org\/shop\/wp-json\/wp\/v2\/woo-feed-brand?post=253908"}],"curies":[{"name":"wp","href":"https:\/\/api.w.org\/{rel}","templated":true}]}}