{"id":253916,"date":"2022-11-12T15:08:45","date_gmt":"2022-11-12T12:08:45","guid":{"rendered":"https:\/\/sakipsabancimuzesi.org\/shop\/?post_type=product&#038;p=253916"},"modified":"2025-04-11T15:20:57","modified_gmt":"2025-04-11T12:20:57","slug":"sanat-ve-toplum","status":"publish","type":"product","link":"https:\/\/sakipsabancimuzesi.org\/shop\/urun\/yayin-ve-multimedya\/kitap\/sanat-ve-toplum\/","title":{"rendered":"Sanat ve Toplum"},"content":{"rendered":"<p>\u0130ngiliz sanat ele\u015ftirmeni Sir Herbert Read\u2019in ilk kez 1937 y\u0131l\u0131nda, g\u00fcn\u00fcm\u00fczden yakla\u015f\u0131k 80 y\u0131l \u00f6nce yay\u0131mlad\u0131\u011f\u0131 Sanat ve Toplum, bu alandaki ilk bilimsel \u00e7al\u0131\u015fmalar aras\u0131nda yer al\u0131yor. Sanat-toplum ili\u015fkisinin ancak t\u00fcm tarihsel s\u00fcreci kapsayan incelikli bir ara\u015ft\u0131rman\u0131n ard\u0131ndan ortaya konabilece\u011fini savunan Read\u2019in uzun soluklu bir ara\u015ft\u0131rman\u0131n ilk ad\u0131m\u0131 olarak kaleme ald\u0131\u011f\u0131 bu kitap, tarihsel bir referans noktas\u0131 olarak de\u011ferini hala koruyor.<br \/>\nAlan\u0131nda \u00f6nc\u00fc niteli\u011fi ta\u015f\u0131yan Sanat ve Toplum\u2019un temeli, Read\u2019in 1935-36 y\u0131llar\u0131nda Liverpool \u00dcniversitesi\u2019nde verdi\u011fi derslere dayan\u0131yor. Okuru yaln\u0131zca sanat ve toplum ili\u015fkisi \u00fczerine de\u011fil, insan\u0131n tarih \u00f6ncesi din anlay\u0131\u015f\u0131ndan psikanalize ve sanat e\u011fitimine kadar hemen her alandaki faaliyetlerinin sanata yans\u0131malar\u0131 hakk\u0131nda da d\u00fc\u015f\u00fcnmeye davet ediyor.<br \/>\nT\u00fcrkiye\u2019de 37 y\u0131l \u00f6nce yay\u0131mlanan ve y\u0131llar sonra yeni \u00e7evirisiyle yeniden okurla bulu\u015fan bu metin, sanat ile toplum aras\u0131ndaki ili\u015fkiyi g\u00fcn\u00fcm\u00fcz ko\u015fullar\u0131nda de\u011ferlendirmek isteyen okura sa\u011flam bir dayanak sunuyor.<\/p>\n<p>(Tan\u0131t\u0131m B\u00fclteninden)<\/p>\n","protected":false},"excerpt":{"rendered":"<p>\u0130ngiliz sanat ele\u015ftirmeni Sir Herbert Read\u2019in ilk kez 1937 y\u0131l\u0131nda, g\u00fcn\u00fcm\u00fczden yakla\u015f\u0131k 80 y\u0131l \u00f6nce yay\u0131mlad\u0131\u011f\u0131 Sanat ve Toplum, bu alandaki ilk bilimsel \u00e7al\u0131\u015fmalar aras\u0131nda yer al\u0131yor. Sanat-toplum ili\u015fkisinin ancak t\u00fcm tarihsel s\u00fcreci kapsayan incelikli bir ara\u015ft\u0131rman\u0131n ard\u0131ndan ortaya konabilece\u011fini savunan Read\u2019in uzun soluklu bir ara\u015ft\u0131rman\u0131n ilk ad\u0131m\u0131 olarak kaleme ald\u0131\u011f\u0131 bu kitap, tarihsel bir [&#8230;]\n","protected":false},"featured_media":253924,"template":"","meta":{"_exactmetrics_skip_tracking":false,"_exactmetrics_sitenote_active":false,"_exactmetrics_sitenote_note":"","_exactmetrics_sitenote_category":0},"product_brand":[],"product_cat":[662,663],"product_tag":[],"woo-feed-brand":[],"class_list":{"0":"post-253916","1":"product","2":"type-product","3":"status-publish","4":"has-post-thumbnail","6":"product_cat-yayin-ve-multimedya","7":"product_cat-kitap","9":"first","10":"instock","11":"taxable","12":"shipping-taxable","13":"purchasable","14":"product-type-simple"},"yoast_head":"<!-- This site is optimized with the Yoast SEO plugin v27.1.1 - https:\/\/yoast.com\/product\/yoast-seo-wordpress\/ -->\n<title>Sanat ve Toplum - SSM Shop<\/title>\n<meta name=\"robots\" content=\"index, follow, max-snippet:-1, max-image-preview:large, max-video-preview:-1\" \/>\n<link rel=\"canonical\" href=\"https:\/\/sakipsabancimuzesi.org\/shop\/urun\/yayin-ve-multimedya\/kitap\/sanat-ve-toplum\/\" \/>\n<meta property=\"og:locale\" content=\"tr_TR\" \/>\n<meta property=\"og:type\" content=\"article\" \/>\n<meta property=\"og:title\" content=\"Sanat ve Toplum - SSM Shop\" \/>\n<meta property=\"og:description\" content=\"\u0130ngiliz sanat ele\u015ftirmeni Sir Herbert Read\u2019in ilk kez 1937 y\u0131l\u0131nda, g\u00fcn\u00fcm\u00fczden yakla\u015f\u0131k 80 y\u0131l \u00f6nce yay\u0131mlad\u0131\u011f\u0131 Sanat ve Toplum, bu alandaki ilk bilimsel \u00e7al\u0131\u015fmalar aras\u0131nda yer al\u0131yor. Sanat-toplum ili\u015fkisinin ancak t\u00fcm tarihsel s\u00fcreci kapsayan incelikli bir ara\u015ft\u0131rman\u0131n ard\u0131ndan ortaya konabilece\u011fini savunan Read\u2019in uzun soluklu bir ara\u015ft\u0131rman\u0131n ilk ad\u0131m\u0131 olarak kaleme ald\u0131\u011f\u0131 bu kitap, tarihsel bir [...]\" \/>\n<meta property=\"og:url\" content=\"https:\/\/sakipsabancimuzesi.org\/shop\/urun\/yayin-ve-multimedya\/kitap\/sanat-ve-toplum\/\" \/>\n<meta property=\"og:site_name\" content=\"SSM Shop\" \/>\n<meta property=\"article:publisher\" content=\"https:\/\/www.facebook.com\/SakipSabanciMuzesi\/\" \/>\n<meta property=\"article:modified_time\" content=\"2025-04-11T12:20:57+00:00\" \/>\n<meta property=\"og:image\" content=\"https:\/\/sakipsabancimuzesi.org\/shop\/wp-content\/uploads\/2022\/11\/Sanat-ve-Toplum.jpg\" \/>\n\t<meta property=\"og:image:width\" content=\"1280\" \/>\n\t<meta property=\"og:image:height\" content=\"1600\" \/>\n\t<meta property=\"og:image:type\" content=\"image\/jpeg\" \/>\n<meta name=\"twitter:card\" content=\"summary_large_image\" \/>\n<meta name=\"twitter:label1\" content=\"Tahmini okuma s\u00fcresi\" \/>\n\t<meta name=\"twitter:data1\" content=\"1 dakika\" \/>\n<script type=\"application\/ld+json\" class=\"yoast-schema-graph\">{\"@context\":\"https:\/\/schema.org\",\"@graph\":[{\"@type\":\"WebPage\",\"@id\":\"https:\/\/sakipsabancimuzesi.org\/shop\/urun\/yayin-ve-multimedya\/kitap\/sanat-ve-toplum\/\",\"url\":\"https:\/\/sakipsabancimuzesi.org\/shop\/urun\/yayin-ve-multimedya\/kitap\/sanat-ve-toplum\/\",\"name\":\"Sanat ve Toplum - SSM Shop\",\"isPartOf\":{\"@id\":\"https:\/\/sakipsabancimuzesi.org\/shop\/#website\"},\"primaryImageOfPage\":{\"@id\":\"https:\/\/sakipsabancimuzesi.org\/shop\/urun\/yayin-ve-multimedya\/kitap\/sanat-ve-toplum\/#primaryimage\"},\"image\":{\"@id\":\"https:\/\/sakipsabancimuzesi.org\/shop\/urun\/yayin-ve-multimedya\/kitap\/sanat-ve-toplum\/#primaryimage\"},\"thumbnailUrl\":\"https:\/\/sakipsabancimuzesi.org\/shop\/wp-content\/uploads\/2022\/11\/Sanat-ve-Toplum.jpg\",\"datePublished\":\"2022-11-12T12:08:45+00:00\",\"dateModified\":\"2025-04-11T12:20:57+00:00\",\"breadcrumb\":{\"@id\":\"https:\/\/sakipsabancimuzesi.org\/shop\/urun\/yayin-ve-multimedya\/kitap\/sanat-ve-toplum\/#breadcrumb\"},\"inLanguage\":\"tr\",\"potentialAction\":[{\"@type\":\"ReadAction\",\"target\":[\"https:\/\/sakipsabancimuzesi.org\/shop\/urun\/yayin-ve-multimedya\/kitap\/sanat-ve-toplum\/\"]}]},{\"@type\":\"ImageObject\",\"inLanguage\":\"tr\",\"@id\":\"https:\/\/sakipsabancimuzesi.org\/shop\/urun\/yayin-ve-multimedya\/kitap\/sanat-ve-toplum\/#primaryimage\",\"url\":\"https:\/\/sakipsabancimuzesi.org\/shop\/wp-content\/uploads\/2022\/11\/Sanat-ve-Toplum.jpg\",\"contentUrl\":\"https:\/\/sakipsabancimuzesi.org\/shop\/wp-content\/uploads\/2022\/11\/Sanat-ve-Toplum.jpg\",\"width\":1280,\"height\":1600},{\"@type\":\"BreadcrumbList\",\"@id\":\"https:\/\/sakipsabancimuzesi.org\/shop\/urun\/yayin-ve-multimedya\/kitap\/sanat-ve-toplum\/#breadcrumb\",\"itemListElement\":[{\"@type\":\"ListItem\",\"position\":1,\"name\":\"Ana sayfa\",\"item\":\"https:\/\/sakipsabancimuzesi.org\/shop\/\"},{\"@type\":\"ListItem\",\"position\":2,\"name\":\"Shop\",\"item\":\"https:\/\/sakipsabancimuzesi.org\/shop\/shop\/\"},{\"@type\":\"ListItem\",\"position\":3,\"name\":\"Sanat ve Toplum\"}]},{\"@type\":\"WebSite\",\"@id\":\"https:\/\/sakipsabancimuzesi.org\/shop\/#website\",\"url\":\"https:\/\/sakipsabancimuzesi.org\/shop\/\",\"name\":\"SSM Shop\",\"description\":\"Sak\u0131p Sabanc\u0131 M\u00fczesi, Ma\u011faza\",\"publisher\":{\"@id\":\"https:\/\/sakipsabancimuzesi.org\/shop\/#organization\"},\"potentialAction\":[{\"@type\":\"SearchAction\",\"target\":{\"@type\":\"EntryPoint\",\"urlTemplate\":\"https:\/\/sakipsabancimuzesi.org\/shop\/?s={search_term_string}\"},\"query-input\":{\"@type\":\"PropertyValueSpecification\",\"valueRequired\":true,\"valueName\":\"search_term_string\"}}],\"inLanguage\":\"tr\"},{\"@type\":\"Organization\",\"@id\":\"https:\/\/sakipsabancimuzesi.org\/shop\/#organization\",\"name\":\"SSM Shop\",\"url\":\"https:\/\/sakipsabancimuzesi.org\/shop\/\",\"logo\":{\"@type\":\"ImageObject\",\"inLanguage\":\"tr\",\"@id\":\"https:\/\/sakipsabancimuzesi.org\/shop\/#\/schema\/logo\/image\/\",\"url\":\"https:\/\/sakipsabancimuzesi.org\/shop\/wp-content\/uploads\/2019\/11\/logo.png\",\"contentUrl\":\"https:\/\/sakipsabancimuzesi.org\/shop\/wp-content\/uploads\/2019\/11\/logo.png\",\"width\":227,\"height\":87,\"caption\":\"SSM Shop\"},\"image\":{\"@id\":\"https:\/\/sakipsabancimuzesi.org\/shop\/#\/schema\/logo\/image\/\"},\"sameAs\":[\"https:\/\/www.facebook.com\/SakipSabanciMuzesi\/\"]}]}<\/script>\n<!-- \/ Yoast SEO plugin. -->","yoast_head_json":{"title":"Sanat ve Toplum - SSM Shop","robots":{"index":"index","follow":"follow","max-snippet":"max-snippet:-1","max-image-preview":"max-image-preview:large","max-video-preview":"max-video-preview:-1"},"canonical":"https:\/\/sakipsabancimuzesi.org\/shop\/urun\/yayin-ve-multimedya\/kitap\/sanat-ve-toplum\/","og_locale":"tr_TR","og_type":"article","og_title":"Sanat ve Toplum - SSM Shop","og_description":"\u0130ngiliz sanat ele\u015ftirmeni Sir Herbert Read\u2019in ilk kez 1937 y\u0131l\u0131nda, g\u00fcn\u00fcm\u00fczden yakla\u015f\u0131k 80 y\u0131l \u00f6nce yay\u0131mlad\u0131\u011f\u0131 Sanat ve Toplum, bu alandaki ilk bilimsel \u00e7al\u0131\u015fmalar aras\u0131nda yer al\u0131yor. Sanat-toplum ili\u015fkisinin ancak t\u00fcm tarihsel s\u00fcreci kapsayan incelikli bir ara\u015ft\u0131rman\u0131n ard\u0131ndan ortaya konabilece\u011fini savunan Read\u2019in uzun soluklu bir ara\u015ft\u0131rman\u0131n ilk ad\u0131m\u0131 olarak kaleme ald\u0131\u011f\u0131 bu kitap, tarihsel bir [...]","og_url":"https:\/\/sakipsabancimuzesi.org\/shop\/urun\/yayin-ve-multimedya\/kitap\/sanat-ve-toplum\/","og_site_name":"SSM Shop","article_publisher":"https:\/\/www.facebook.com\/SakipSabanciMuzesi\/","article_modified_time":"2025-04-11T12:20:57+00:00","og_image":[{"width":1280,"height":1600,"url":"https:\/\/sakipsabancimuzesi.org\/shop\/wp-content\/uploads\/2022\/11\/Sanat-ve-Toplum.jpg","type":"image\/jpeg"}],"twitter_card":"summary_large_image","twitter_misc":{"Tahmini okuma s\u00fcresi":"1 dakika"},"schema":{"@context":"https:\/\/schema.org","@graph":[{"@type":"WebPage","@id":"https:\/\/sakipsabancimuzesi.org\/shop\/urun\/yayin-ve-multimedya\/kitap\/sanat-ve-toplum\/","url":"https:\/\/sakipsabancimuzesi.org\/shop\/urun\/yayin-ve-multimedya\/kitap\/sanat-ve-toplum\/","name":"Sanat ve Toplum - SSM Shop","isPartOf":{"@id":"https:\/\/sakipsabancimuzesi.org\/shop\/#website"},"primaryImageOfPage":{"@id":"https:\/\/sakipsabancimuzesi.org\/shop\/urun\/yayin-ve-multimedya\/kitap\/sanat-ve-toplum\/#primaryimage"},"image":{"@id":"https:\/\/sakipsabancimuzesi.org\/shop\/urun\/yayin-ve-multimedya\/kitap\/sanat-ve-toplum\/#primaryimage"},"thumbnailUrl":"https:\/\/sakipsabancimuzesi.org\/shop\/wp-content\/uploads\/2022\/11\/Sanat-ve-Toplum.jpg","datePublished":"2022-11-12T12:08:45+00:00","dateModified":"2025-04-11T12:20:57+00:00","breadcrumb":{"@id":"https:\/\/sakipsabancimuzesi.org\/shop\/urun\/yayin-ve-multimedya\/kitap\/sanat-ve-toplum\/#breadcrumb"},"inLanguage":"tr","potentialAction":[{"@type":"ReadAction","target":["https:\/\/sakipsabancimuzesi.org\/shop\/urun\/yayin-ve-multimedya\/kitap\/sanat-ve-toplum\/"]}]},{"@type":"ImageObject","inLanguage":"tr","@id":"https:\/\/sakipsabancimuzesi.org\/shop\/urun\/yayin-ve-multimedya\/kitap\/sanat-ve-toplum\/#primaryimage","url":"https:\/\/sakipsabancimuzesi.org\/shop\/wp-content\/uploads\/2022\/11\/Sanat-ve-Toplum.jpg","contentUrl":"https:\/\/sakipsabancimuzesi.org\/shop\/wp-content\/uploads\/2022\/11\/Sanat-ve-Toplum.jpg","width":1280,"height":1600},{"@type":"BreadcrumbList","@id":"https:\/\/sakipsabancimuzesi.org\/shop\/urun\/yayin-ve-multimedya\/kitap\/sanat-ve-toplum\/#breadcrumb","itemListElement":[{"@type":"ListItem","position":1,"name":"Ana sayfa","item":"https:\/\/sakipsabancimuzesi.org\/shop\/"},{"@type":"ListItem","position":2,"name":"Shop","item":"https:\/\/sakipsabancimuzesi.org\/shop\/shop\/"},{"@type":"ListItem","position":3,"name":"Sanat ve Toplum"}]},{"@type":"WebSite","@id":"https:\/\/sakipsabancimuzesi.org\/shop\/#website","url":"https:\/\/sakipsabancimuzesi.org\/shop\/","name":"SSM Shop","description":"Sak\u0131p Sabanc\u0131 M\u00fczesi, Ma\u011faza","publisher":{"@id":"https:\/\/sakipsabancimuzesi.org\/shop\/#organization"},"potentialAction":[{"@type":"SearchAction","target":{"@type":"EntryPoint","urlTemplate":"https:\/\/sakipsabancimuzesi.org\/shop\/?s={search_term_string}"},"query-input":{"@type":"PropertyValueSpecification","valueRequired":true,"valueName":"search_term_string"}}],"inLanguage":"tr"},{"@type":"Organization","@id":"https:\/\/sakipsabancimuzesi.org\/shop\/#organization","name":"SSM Shop","url":"https:\/\/sakipsabancimuzesi.org\/shop\/","logo":{"@type":"ImageObject","inLanguage":"tr","@id":"https:\/\/sakipsabancimuzesi.org\/shop\/#\/schema\/logo\/image\/","url":"https:\/\/sakipsabancimuzesi.org\/shop\/wp-content\/uploads\/2019\/11\/logo.png","contentUrl":"https:\/\/sakipsabancimuzesi.org\/shop\/wp-content\/uploads\/2019\/11\/logo.png","width":227,"height":87,"caption":"SSM Shop"},"image":{"@id":"https:\/\/sakipsabancimuzesi.org\/shop\/#\/schema\/logo\/image\/"},"sameAs":["https:\/\/www.facebook.com\/SakipSabanciMuzesi\/"]}]}},"jetpack_sharing_enabled":true,"_links":{"self":[{"href":"https:\/\/sakipsabancimuzesi.org\/shop\/wp-json\/wp\/v2\/product\/253916","targetHints":{"allow":["GET"]}}],"collection":[{"href":"https:\/\/sakipsabancimuzesi.org\/shop\/wp-json\/wp\/v2\/product"}],"about":[{"href":"https:\/\/sakipsabancimuzesi.org\/shop\/wp-json\/wp\/v2\/types\/product"}],"wp:featuredmedia":[{"embeddable":true,"href":"https:\/\/sakipsabancimuzesi.org\/shop\/wp-json\/wp\/v2\/media\/253924"}],"wp:attachment":[{"href":"https:\/\/sakipsabancimuzesi.org\/shop\/wp-json\/wp\/v2\/media?parent=253916"}],"wp:term":[{"taxonomy":"product_brand","embeddable":true,"href":"https:\/\/sakipsabancimuzesi.org\/shop\/wp-json\/wp\/v2\/product_brand?post=253916"},{"taxonomy":"product_cat","embeddable":true,"href":"https:\/\/sakipsabancimuzesi.org\/shop\/wp-json\/wp\/v2\/product_cat?post=253916"},{"taxonomy":"product_tag","embeddable":true,"href":"https:\/\/sakipsabancimuzesi.org\/shop\/wp-json\/wp\/v2\/product_tag?post=253916"},{"taxonomy":"woo-feed-brand","embeddable":true,"href":"https:\/\/sakipsabancimuzesi.org\/shop\/wp-json\/wp\/v2\/woo-feed-brand?post=253916"}],"curies":[{"name":"wp","href":"https:\/\/api.w.org\/{rel}","templated":true}]}}