{"id":253929,"date":"2022-11-12T15:22:52","date_gmt":"2022-11-12T12:22:52","guid":{"rendered":"https:\/\/sakipsabancimuzesi.org\/shop\/?post_type=product&#038;p=253929"},"modified":"2025-12-18T16:37:06","modified_gmt":"2025-12-18T13:37:06","slug":"kara-perde","status":"publish","type":"product","link":"https:\/\/sakipsabancimuzesi.org\/shop\/urun\/yayin-ve-multimedya\/kitap\/kara-perde\/","title":{"rendered":"Kara Perde"},"content":{"rendered":"<p>Mutlak kesinliklerle dolu bir ak\u0131l y\u00fcr\u00fctmenin can s\u0131k\u0131c\u0131 saydaml\u0131\u011f\u0131 olmasa, rastlant\u0131n\u0131n bozguncu diline h\u00fckmetmenin yaralay\u0131c\u0131 \u015fiirinden s\u00f6z edebilir miydik? Ya manevi yoksullu\u011fun Farisi bak\u0131\u015f\u0131 olmadan, sineman\u0131n idyllic harman\u0131ndan? Kara \u00e7ar\u015faflar\u0131n kapkara h\u00fczn\u00fc dilsizli\u011fin bast\u0131r\u0131lm\u0131\u015f h\u0131r\u0131lt\u0131s\u0131na kar\u0131\u015ft\u0131\u011f\u0131nda, en iddias\u0131z ya\u015fam\u0131n en tantanas\u0131z g\u00f6r\u00fcnt\u00fcs\u00fc bile patlamaya haz\u0131r bir silah olup \u00e7\u0131kar hemen. \u00c7\u00fcnk\u00fc \u00f6l\u00e7\u00fcl\u00fc m\u00fctevaz\u0131l\u0131\u011f\u0131n bakiyesi tekinsizdir her ko\u015fulda. \u0130ran sinemas\u0131n\u0131n hesapl\u0131 ve \u00f6l\u00e7\u00fcl\u00fc s\u00fck\u00fbnetinde de u\u00e7suz bucaks\u0131z d\u00fc\u015f g\u00fcc\u00fcn\u00fcn g\u00f6z a\u00e7\u0131p kapay\u0131ncaya kadar yak\u0131c\u0131 d\u00fc\u015f\u00fcncelere terc\u00fcme edili\u015finin imk\u00e2ns\u0131z g\u00fczelli\u011fiyle kar\u015f\u0131la\u015f\u0131r\u0131z; ger\u00e7eklikle i\u00e7 i\u00e7e ge\u00e7mi\u015f gizemlerin, t\u00fcrl\u00fc paralaks hallerinin farkl\u0131 anlamsal katmanlar\u0131yla. Bu filmlerde sinematografik dilin her bak\u0131mdan kurmaya \u00f6zen g\u00f6sterdi\u011fi dinginlik, s\u00f6zc\u00fc\u011f\u00fcn ger\u00e7ek anlam\u0131nda sevin\u00e7li bir dileyi\u015ftir. Co\u011frafyan\u0131n, kelimenin tam anlam\u0131yla bir &#8220;kader&#8221; olarak alg\u0131land\u0131\u011f\u0131 bir ya\u015fam\u0131n ihtiva etti\u011fi k\u0131r\u0131lgan \u015fiirsellikle kat\u0131ks\u0131z iyimserlik aras\u0131nda bitimsiz bir gidi\u015fgeli\u015f. Bu \u00f6ylesine zahmetli bir mesaidir ki, apa\u00e7\u0131k ortada duran\u0131n ikinci kez adland\u0131r\u0131lmas\u0131n\u0131 ya da fark\u0131na var\u0131lmas\u0131n\u0131 fuzuli bir \u00e7abaya d\u00f6n\u00fc\u015ft\u00fcr\u00fcr. Anlamay\u0131 groteskle\u015ftirir, belirsizli\u011fi daha da belirginle\u015ftirirken&#8230; Farisi sineman\u0131n belli ba\u015fl\u0131 filmlerine adlar\u0131n\u0131 veren s\u00f6zc\u00fcklerin anlam bagaj\u0131 o denli geni\u015ftir ki, belki de bu y\u00fczden Ghobadi&#8217;nin evreni ba\u015ftan sona bir Gergedan Mevsimi&#8217;dir; Macidi&#8217;ninki me\u015fum bilin\u00e7lerin ve kusurlu bedenlerin karanl\u0131\u011f\u0131 i\u00e7inden dev\u015firilmi\u015f Tanr\u0131&#8217;n\u0131n Rengi; \u015fehvet yo\u011funlu\u011fuyla k\u00f6reltilmi\u015f \u00e7a\u011fc\u0131l a\u015fklar\u0131 adeta ya\u011fmur damlalar\u0131n\u0131n safl\u0131\u011f\u0131yla yeniden ar\u0131tmay\u0131 \u00f6neren Baran; Mahmelbaf&#8217;\u0131nki \u00f6mr\u00fc S\u00fck\u00fbt&#8217;a adanm\u0131\u015f bir ar\u0131n\u0131n her sabah k\u00fc\u00e7\u00fck bir cam kavanozda yeni ba\u015ftan akort etti\u011fi Hayat; Kiarostami&#8217;ninki b\u00fct\u00fcn bir agonist \u00e7abay\u0131 a\u011f\u0131zda sulu bir hazza d\u00f6n\u00fc\u015ft\u00fcren Kiraz\u0131n Tad\u0131; Penahi&#8217;ninki Daire&#8217;vi ve tekd\u00fcze bir ya\u015fam\u0131n metafizik \u015fiddetiyle sendeleyerek farkl\u0131 bir ger\u00e7e\u011fe uyanm\u0131\u015f insanlar\u0131n y\u00fcz\u00fcnde par\u00e7alad\u0131\u011f\u0131 bir Ayna; Mehrjui&#8217;ninki pastoral nitelikli bir direni\u015fi toplumsal ger\u00e7ekli\u011fin masals\u0131 diline terc\u00fcme eden \u0130nek; Farhadi&#8217;ninki ne pahas\u0131na olursa olsun hayatta kalma iradesine e\u015flik eden \u00f6zg\u00fcrl\u00fck aray\u0131\u015f\u0131n\u0131 ahlaksal lin\u00e7 eyleminin doksan derecelik dik a\u00e7\u0131s\u0131yla birle\u015ftiren Elly Hakk\u0131nda ve final sahnesinde ebeveynlerine y\u00f6nelik ya\u015fad\u0131\u011f\u0131 se\u00e7im yapma zorlu\u011fuyla k\u00fclt\u00fcrel tercihleri aras\u0131nda s\u0131k\u0131\u015f\u0131p kalm\u0131\u015f bir toplumun m\u00fctereddit halini somutlayan Bir Ayr\u0131l\u0131k; son olarak da, Kara Ev&#8217;lerin \u00fcrperten ayd\u0131nl\u0131\u011f\u0131n\u0131 tozlu Tahran sokaklar\u0131n\u0131n b\u00fcy\u00fcl\u00fc g\u00f6rselli\u011fiyle harmanlayarak fazladan \u015fiir katan F\u00fcru\u011f, v.s\u2026 Farisi film kahramanlar\u0131n\u0131n her ko\u015fulda &#8220;ya\u015fam\u0131 ba\u015farmas\u0131n\u0131n&#8221; \u015fiir y\u00fckl\u00fc dermans\u0131zl\u0131\u011f\u0131na gelince; \u00e7aresizlik dolu g\u00f6r\u00fcnt\u00fclerinin kupkuru alevi bile \u0131\u015f\u0131ks\u0131z kalplere baruttur \u00e7o\u011fu zaman; en yak\u0131c\u0131 umutsuzluklar\u0131n meydan okuyucu tavr\u0131 kar\u015f\u0131s\u0131ndayken bile, umars\u0131zca \u00e7ekip gitmelerin esrik vapuru gibidirler. Ez c\u00fcmle, nicedir hayat\u0131n yapt\u0131\u011f\u0131 \u015fa\u015fmaz kurgunun insanda uyand\u0131r\u0131labilecek yeg\u00e2ne acayip ger\u00e7eklik kurgusu oldu\u011funu f\u0131s\u0131ld\u0131yor kula\u011f\u0131m\u0131za \u0130ran sinemas\u0131\u2026 Unamuno&#8217;nun deyi\u015fiyle, ya\u015fam\u0131n trajik kurgusu yerine, g\u00fcn ge\u00e7tik\u00e7e daha da a\u011f\u0131rla\u015fan trajik duygusunu\u2026<br \/>\n(Tan\u0131t\u0131m B\u00fclteninden)<\/p>\n","protected":false},"excerpt":{"rendered":"<p>Mutlak kesinliklerle dolu bir ak\u0131l y\u00fcr\u00fctmenin can s\u0131k\u0131c\u0131 saydaml\u0131\u011f\u0131 olmasa, rastlant\u0131n\u0131n bozguncu diline h\u00fckmetmenin yaralay\u0131c\u0131 \u015fiirinden s\u00f6z edebilir miydik? Ya manevi yoksullu\u011fun Farisi bak\u0131\u015f\u0131 olmadan, sineman\u0131n idyllic harman\u0131ndan? Kara \u00e7ar\u015faflar\u0131n kapkara h\u00fczn\u00fc dilsizli\u011fin bast\u0131r\u0131lm\u0131\u015f h\u0131r\u0131lt\u0131s\u0131na kar\u0131\u015ft\u0131\u011f\u0131nda, en iddias\u0131z ya\u015fam\u0131n en tantanas\u0131z g\u00f6r\u00fcnt\u00fcs\u00fc bile patlamaya haz\u0131r bir silah olup \u00e7\u0131kar hemen. \u00c7\u00fcnk\u00fc \u00f6l\u00e7\u00fcl\u00fc m\u00fctevaz\u0131l\u0131\u011f\u0131n bakiyesi tekinsizdir [&#8230;]\n","protected":false},"featured_media":253930,"template":"","meta":{"_exactmetrics_skip_tracking":false,"_exactmetrics_sitenote_active":false,"_exactmetrics_sitenote_note":"","_exactmetrics_sitenote_category":0},"product_brand":[],"product_cat":[662,663],"product_tag":[],"woo-feed-brand":[],"class_list":{"0":"post-253929","1":"product","2":"type-product","3":"status-publish","4":"has-post-thumbnail","6":"product_cat-yayin-ve-multimedya","7":"product_cat-kitap","9":"first","10":"instock","11":"taxable","12":"shipping-taxable","13":"purchasable","14":"product-type-simple"},"yoast_head":"<!-- This site is optimized with the Yoast SEO plugin v27.1.1 - https:\/\/yoast.com\/product\/yoast-seo-wordpress\/ -->\n<title>Kara Perde - SSM Shop<\/title>\n<meta name=\"robots\" content=\"index, follow, max-snippet:-1, max-image-preview:large, max-video-preview:-1\" \/>\n<link rel=\"canonical\" href=\"https:\/\/sakipsabancimuzesi.org\/shop\/urun\/yayin-ve-multimedya\/kitap\/kara-perde\/\" \/>\n<meta property=\"og:locale\" content=\"tr_TR\" \/>\n<meta property=\"og:type\" content=\"article\" \/>\n<meta property=\"og:title\" content=\"Kara Perde - SSM Shop\" \/>\n<meta property=\"og:description\" content=\"Mutlak kesinliklerle dolu bir ak\u0131l y\u00fcr\u00fctmenin can s\u0131k\u0131c\u0131 saydaml\u0131\u011f\u0131 olmasa, rastlant\u0131n\u0131n bozguncu diline h\u00fckmetmenin yaralay\u0131c\u0131 \u015fiirinden s\u00f6z edebilir miydik? Ya manevi yoksullu\u011fun Farisi bak\u0131\u015f\u0131 olmadan, sineman\u0131n idyllic harman\u0131ndan? Kara \u00e7ar\u015faflar\u0131n kapkara h\u00fczn\u00fc dilsizli\u011fin bast\u0131r\u0131lm\u0131\u015f h\u0131r\u0131lt\u0131s\u0131na kar\u0131\u015ft\u0131\u011f\u0131nda, en iddias\u0131z ya\u015fam\u0131n en tantanas\u0131z g\u00f6r\u00fcnt\u00fcs\u00fc bile patlamaya haz\u0131r bir silah olup \u00e7\u0131kar hemen. \u00c7\u00fcnk\u00fc \u00f6l\u00e7\u00fcl\u00fc m\u00fctevaz\u0131l\u0131\u011f\u0131n bakiyesi tekinsizdir [...]\" \/>\n<meta property=\"og:url\" content=\"https:\/\/sakipsabancimuzesi.org\/shop\/urun\/yayin-ve-multimedya\/kitap\/kara-perde\/\" \/>\n<meta property=\"og:site_name\" content=\"SSM Shop\" \/>\n<meta property=\"article:publisher\" content=\"https:\/\/www.facebook.com\/SakipSabanciMuzesi\/\" \/>\n<meta property=\"article:modified_time\" content=\"2025-12-18T13:37:06+00:00\" \/>\n<meta property=\"og:image\" content=\"https:\/\/sakipsabancimuzesi.org\/shop\/wp-content\/uploads\/2022\/11\/Kara-Perde.jpg\" \/>\n\t<meta property=\"og:image:width\" content=\"1280\" \/>\n\t<meta property=\"og:image:height\" content=\"1600\" \/>\n\t<meta property=\"og:image:type\" content=\"image\/jpeg\" \/>\n<meta name=\"twitter:card\" content=\"summary_large_image\" \/>\n<meta name=\"twitter:label1\" content=\"Tahmini okuma s\u00fcresi\" \/>\n\t<meta name=\"twitter:data1\" content=\"3 dakika\" \/>\n<script type=\"application\/ld+json\" class=\"yoast-schema-graph\">{\"@context\":\"https:\/\/schema.org\",\"@graph\":[{\"@type\":\"WebPage\",\"@id\":\"https:\/\/sakipsabancimuzesi.org\/shop\/urun\/yayin-ve-multimedya\/kitap\/kara-perde\/\",\"url\":\"https:\/\/sakipsabancimuzesi.org\/shop\/urun\/yayin-ve-multimedya\/kitap\/kara-perde\/\",\"name\":\"Kara Perde - SSM Shop\",\"isPartOf\":{\"@id\":\"https:\/\/sakipsabancimuzesi.org\/shop\/#website\"},\"primaryImageOfPage\":{\"@id\":\"https:\/\/sakipsabancimuzesi.org\/shop\/urun\/yayin-ve-multimedya\/kitap\/kara-perde\/#primaryimage\"},\"image\":{\"@id\":\"https:\/\/sakipsabancimuzesi.org\/shop\/urun\/yayin-ve-multimedya\/kitap\/kara-perde\/#primaryimage\"},\"thumbnailUrl\":\"https:\/\/sakipsabancimuzesi.org\/shop\/wp-content\/uploads\/2022\/11\/Kara-Perde.jpg\",\"datePublished\":\"2022-11-12T12:22:52+00:00\",\"dateModified\":\"2025-12-18T13:37:06+00:00\",\"breadcrumb\":{\"@id\":\"https:\/\/sakipsabancimuzesi.org\/shop\/urun\/yayin-ve-multimedya\/kitap\/kara-perde\/#breadcrumb\"},\"inLanguage\":\"tr\",\"potentialAction\":[{\"@type\":\"ReadAction\",\"target\":[\"https:\/\/sakipsabancimuzesi.org\/shop\/urun\/yayin-ve-multimedya\/kitap\/kara-perde\/\"]}]},{\"@type\":\"ImageObject\",\"inLanguage\":\"tr\",\"@id\":\"https:\/\/sakipsabancimuzesi.org\/shop\/urun\/yayin-ve-multimedya\/kitap\/kara-perde\/#primaryimage\",\"url\":\"https:\/\/sakipsabancimuzesi.org\/shop\/wp-content\/uploads\/2022\/11\/Kara-Perde.jpg\",\"contentUrl\":\"https:\/\/sakipsabancimuzesi.org\/shop\/wp-content\/uploads\/2022\/11\/Kara-Perde.jpg\",\"width\":1280,\"height\":1600},{\"@type\":\"BreadcrumbList\",\"@id\":\"https:\/\/sakipsabancimuzesi.org\/shop\/urun\/yayin-ve-multimedya\/kitap\/kara-perde\/#breadcrumb\",\"itemListElement\":[{\"@type\":\"ListItem\",\"position\":1,\"name\":\"Ana sayfa\",\"item\":\"https:\/\/sakipsabancimuzesi.org\/shop\/\"},{\"@type\":\"ListItem\",\"position\":2,\"name\":\"Shop\",\"item\":\"https:\/\/sakipsabancimuzesi.org\/shop\/shop\/\"},{\"@type\":\"ListItem\",\"position\":3,\"name\":\"Kara Perde\"}]},{\"@type\":\"WebSite\",\"@id\":\"https:\/\/sakipsabancimuzesi.org\/shop\/#website\",\"url\":\"https:\/\/sakipsabancimuzesi.org\/shop\/\",\"name\":\"SSM Shop\",\"description\":\"Sak\u0131p Sabanc\u0131 M\u00fczesi, Ma\u011faza\",\"publisher\":{\"@id\":\"https:\/\/sakipsabancimuzesi.org\/shop\/#organization\"},\"potentialAction\":[{\"@type\":\"SearchAction\",\"target\":{\"@type\":\"EntryPoint\",\"urlTemplate\":\"https:\/\/sakipsabancimuzesi.org\/shop\/?s={search_term_string}\"},\"query-input\":{\"@type\":\"PropertyValueSpecification\",\"valueRequired\":true,\"valueName\":\"search_term_string\"}}],\"inLanguage\":\"tr\"},{\"@type\":\"Organization\",\"@id\":\"https:\/\/sakipsabancimuzesi.org\/shop\/#organization\",\"name\":\"SSM Shop\",\"url\":\"https:\/\/sakipsabancimuzesi.org\/shop\/\",\"logo\":{\"@type\":\"ImageObject\",\"inLanguage\":\"tr\",\"@id\":\"https:\/\/sakipsabancimuzesi.org\/shop\/#\/schema\/logo\/image\/\",\"url\":\"https:\/\/sakipsabancimuzesi.org\/shop\/wp-content\/uploads\/2019\/11\/logo.png\",\"contentUrl\":\"https:\/\/sakipsabancimuzesi.org\/shop\/wp-content\/uploads\/2019\/11\/logo.png\",\"width\":227,\"height\":87,\"caption\":\"SSM Shop\"},\"image\":{\"@id\":\"https:\/\/sakipsabancimuzesi.org\/shop\/#\/schema\/logo\/image\/\"},\"sameAs\":[\"https:\/\/www.facebook.com\/SakipSabanciMuzesi\/\"]}]}<\/script>\n<!-- \/ Yoast SEO plugin. -->","yoast_head_json":{"title":"Kara Perde - SSM Shop","robots":{"index":"index","follow":"follow","max-snippet":"max-snippet:-1","max-image-preview":"max-image-preview:large","max-video-preview":"max-video-preview:-1"},"canonical":"https:\/\/sakipsabancimuzesi.org\/shop\/urun\/yayin-ve-multimedya\/kitap\/kara-perde\/","og_locale":"tr_TR","og_type":"article","og_title":"Kara Perde - SSM Shop","og_description":"Mutlak kesinliklerle dolu bir ak\u0131l y\u00fcr\u00fctmenin can s\u0131k\u0131c\u0131 saydaml\u0131\u011f\u0131 olmasa, rastlant\u0131n\u0131n bozguncu diline h\u00fckmetmenin yaralay\u0131c\u0131 \u015fiirinden s\u00f6z edebilir miydik? Ya manevi yoksullu\u011fun Farisi bak\u0131\u015f\u0131 olmadan, sineman\u0131n idyllic harman\u0131ndan? Kara \u00e7ar\u015faflar\u0131n kapkara h\u00fczn\u00fc dilsizli\u011fin bast\u0131r\u0131lm\u0131\u015f h\u0131r\u0131lt\u0131s\u0131na kar\u0131\u015ft\u0131\u011f\u0131nda, en iddias\u0131z ya\u015fam\u0131n en tantanas\u0131z g\u00f6r\u00fcnt\u00fcs\u00fc bile patlamaya haz\u0131r bir silah olup \u00e7\u0131kar hemen. \u00c7\u00fcnk\u00fc \u00f6l\u00e7\u00fcl\u00fc m\u00fctevaz\u0131l\u0131\u011f\u0131n bakiyesi tekinsizdir [...]","og_url":"https:\/\/sakipsabancimuzesi.org\/shop\/urun\/yayin-ve-multimedya\/kitap\/kara-perde\/","og_site_name":"SSM Shop","article_publisher":"https:\/\/www.facebook.com\/SakipSabanciMuzesi\/","article_modified_time":"2025-12-18T13:37:06+00:00","og_image":[{"width":1280,"height":1600,"url":"https:\/\/sakipsabancimuzesi.org\/shop\/wp-content\/uploads\/2022\/11\/Kara-Perde.jpg","type":"image\/jpeg"}],"twitter_card":"summary_large_image","twitter_misc":{"Tahmini okuma s\u00fcresi":"3 dakika"},"schema":{"@context":"https:\/\/schema.org","@graph":[{"@type":"WebPage","@id":"https:\/\/sakipsabancimuzesi.org\/shop\/urun\/yayin-ve-multimedya\/kitap\/kara-perde\/","url":"https:\/\/sakipsabancimuzesi.org\/shop\/urun\/yayin-ve-multimedya\/kitap\/kara-perde\/","name":"Kara Perde - SSM Shop","isPartOf":{"@id":"https:\/\/sakipsabancimuzesi.org\/shop\/#website"},"primaryImageOfPage":{"@id":"https:\/\/sakipsabancimuzesi.org\/shop\/urun\/yayin-ve-multimedya\/kitap\/kara-perde\/#primaryimage"},"image":{"@id":"https:\/\/sakipsabancimuzesi.org\/shop\/urun\/yayin-ve-multimedya\/kitap\/kara-perde\/#primaryimage"},"thumbnailUrl":"https:\/\/sakipsabancimuzesi.org\/shop\/wp-content\/uploads\/2022\/11\/Kara-Perde.jpg","datePublished":"2022-11-12T12:22:52+00:00","dateModified":"2025-12-18T13:37:06+00:00","breadcrumb":{"@id":"https:\/\/sakipsabancimuzesi.org\/shop\/urun\/yayin-ve-multimedya\/kitap\/kara-perde\/#breadcrumb"},"inLanguage":"tr","potentialAction":[{"@type":"ReadAction","target":["https:\/\/sakipsabancimuzesi.org\/shop\/urun\/yayin-ve-multimedya\/kitap\/kara-perde\/"]}]},{"@type":"ImageObject","inLanguage":"tr","@id":"https:\/\/sakipsabancimuzesi.org\/shop\/urun\/yayin-ve-multimedya\/kitap\/kara-perde\/#primaryimage","url":"https:\/\/sakipsabancimuzesi.org\/shop\/wp-content\/uploads\/2022\/11\/Kara-Perde.jpg","contentUrl":"https:\/\/sakipsabancimuzesi.org\/shop\/wp-content\/uploads\/2022\/11\/Kara-Perde.jpg","width":1280,"height":1600},{"@type":"BreadcrumbList","@id":"https:\/\/sakipsabancimuzesi.org\/shop\/urun\/yayin-ve-multimedya\/kitap\/kara-perde\/#breadcrumb","itemListElement":[{"@type":"ListItem","position":1,"name":"Ana sayfa","item":"https:\/\/sakipsabancimuzesi.org\/shop\/"},{"@type":"ListItem","position":2,"name":"Shop","item":"https:\/\/sakipsabancimuzesi.org\/shop\/shop\/"},{"@type":"ListItem","position":3,"name":"Kara Perde"}]},{"@type":"WebSite","@id":"https:\/\/sakipsabancimuzesi.org\/shop\/#website","url":"https:\/\/sakipsabancimuzesi.org\/shop\/","name":"SSM Shop","description":"Sak\u0131p Sabanc\u0131 M\u00fczesi, Ma\u011faza","publisher":{"@id":"https:\/\/sakipsabancimuzesi.org\/shop\/#organization"},"potentialAction":[{"@type":"SearchAction","target":{"@type":"EntryPoint","urlTemplate":"https:\/\/sakipsabancimuzesi.org\/shop\/?s={search_term_string}"},"query-input":{"@type":"PropertyValueSpecification","valueRequired":true,"valueName":"search_term_string"}}],"inLanguage":"tr"},{"@type":"Organization","@id":"https:\/\/sakipsabancimuzesi.org\/shop\/#organization","name":"SSM Shop","url":"https:\/\/sakipsabancimuzesi.org\/shop\/","logo":{"@type":"ImageObject","inLanguage":"tr","@id":"https:\/\/sakipsabancimuzesi.org\/shop\/#\/schema\/logo\/image\/","url":"https:\/\/sakipsabancimuzesi.org\/shop\/wp-content\/uploads\/2019\/11\/logo.png","contentUrl":"https:\/\/sakipsabancimuzesi.org\/shop\/wp-content\/uploads\/2019\/11\/logo.png","width":227,"height":87,"caption":"SSM Shop"},"image":{"@id":"https:\/\/sakipsabancimuzesi.org\/shop\/#\/schema\/logo\/image\/"},"sameAs":["https:\/\/www.facebook.com\/SakipSabanciMuzesi\/"]}]}},"jetpack_sharing_enabled":true,"_links":{"self":[{"href":"https:\/\/sakipsabancimuzesi.org\/shop\/wp-json\/wp\/v2\/product\/253929","targetHints":{"allow":["GET"]}}],"collection":[{"href":"https:\/\/sakipsabancimuzesi.org\/shop\/wp-json\/wp\/v2\/product"}],"about":[{"href":"https:\/\/sakipsabancimuzesi.org\/shop\/wp-json\/wp\/v2\/types\/product"}],"wp:featuredmedia":[{"embeddable":true,"href":"https:\/\/sakipsabancimuzesi.org\/shop\/wp-json\/wp\/v2\/media\/253930"}],"wp:attachment":[{"href":"https:\/\/sakipsabancimuzesi.org\/shop\/wp-json\/wp\/v2\/media?parent=253929"}],"wp:term":[{"taxonomy":"product_brand","embeddable":true,"href":"https:\/\/sakipsabancimuzesi.org\/shop\/wp-json\/wp\/v2\/product_brand?post=253929"},{"taxonomy":"product_cat","embeddable":true,"href":"https:\/\/sakipsabancimuzesi.org\/shop\/wp-json\/wp\/v2\/product_cat?post=253929"},{"taxonomy":"product_tag","embeddable":true,"href":"https:\/\/sakipsabancimuzesi.org\/shop\/wp-json\/wp\/v2\/product_tag?post=253929"},{"taxonomy":"woo-feed-brand","embeddable":true,"href":"https:\/\/sakipsabancimuzesi.org\/shop\/wp-json\/wp\/v2\/woo-feed-brand?post=253929"}],"curies":[{"name":"wp","href":"https:\/\/api.w.org\/{rel}","templated":true}]}}