{"id":253938,"date":"2022-11-15T11:12:26","date_gmt":"2022-11-15T08:12:26","guid":{"rendered":"https:\/\/sakipsabancimuzesi.org\/shop\/?post_type=product&#038;p=253938"},"modified":"2026-03-26T12:13:44","modified_gmt":"2026-03-26T09:13:44","slug":"iyi-geceler-minik-panda","status":"publish","type":"product","link":"https:\/\/sakipsabancimuzesi.org\/shop\/urun\/yayin-ve-multimedya\/cocuk-kitaplari\/iyi-geceler-minik-panda\/","title":{"rendered":"\u0130yi Geceler Minik Panda"},"content":{"rendered":"<p>Sevimli bir Minik Panda ile tan\u0131\u015fmaya haz\u0131r m\u0131s\u0131n\u0131z?<br \/>\nMinik Panda ak\u015fam yeme\u011fini yemek istemiyormu\u015f. \u00c7\u00fcnk\u00fc pek tats\u0131z tuzsuzmu\u015f. Ama di\u011fer hayvanlar ona kendi yiyeceklerinden ikram ettiklerinde, her \u00f6\u011f\u00fcn yedi\u011fi bambunun o kadar da k\u00f6t\u00fc olmad\u0131\u011f\u0131n\u0131 d\u00fc\u015f\u00fcnmeye ba\u015flam\u0131\u015f&#8230;<br \/>\n\u0130ngiliz yay\u0131nc\u0131 ve edit\u00f6r Amanda Wood; New York\u2019ta ya\u015fayan tasar\u0131mc\u0131 ve illustrat\u00f6r Vikki Chu ve Avustralyal\u0131 sanat\u00e7\u0131 Bec Winnel\u2019\u0131n ortak \u00e7al\u0131\u015fmas\u0131yla ortaya \u00e7\u0131kan kitaplar, \u00e7ocuk geli\u015fimini destekleyen ve do\u011fal ya\u015fam\u0131n i\u00e7inden gelen konular\u0131yla s\u0131ms\u0131cak bir etkiye sahipler.<br \/>\nMini Hayvan Masallar\u0131 Serisi; yumu\u015fak tonlarda g\u00f6rsel tasar\u0131mlar\u0131 ve basit hik\u00e2yeleri ile mini\u011finizi en huzurlu \u015fekilde uyku zaman\u0131na haz\u0131rlamak i\u00e7in m\u00fckemmel bir se\u00e7im! Miniklerin birbirinden tatl\u0131 r\u00fcyalar g\u00f6rmesine de katk\u0131 sa\u011flayacak \u00e7ok \u00f6zel bir kitap serisi.<\/p>\n","protected":false},"excerpt":{"rendered":"<p>Sevimli bir Minik Panda ile tan\u0131\u015fmaya haz\u0131r m\u0131s\u0131n\u0131z? Minik Panda ak\u015fam yeme\u011fini yemek istemiyormu\u015f. \u00c7\u00fcnk\u00fc pek tats\u0131z tuzsuzmu\u015f. Ama di\u011fer hayvanlar ona kendi yiyeceklerinden ikram ettiklerinde, her \u00f6\u011f\u00fcn yedi\u011fi bambunun o kadar da k\u00f6t\u00fc olmad\u0131\u011f\u0131n\u0131 d\u00fc\u015f\u00fcnmeye ba\u015flam\u0131\u015f&#8230; \u0130ngiliz yay\u0131nc\u0131 ve edit\u00f6r Amanda Wood; New York\u2019ta ya\u015fayan tasar\u0131mc\u0131 ve illustrat\u00f6r Vikki Chu ve Avustralyal\u0131 sanat\u00e7\u0131 Bec [&#8230;]\n","protected":false},"featured_media":253953,"template":"","meta":{"_exactmetrics_skip_tracking":false,"_exactmetrics_sitenote_active":false,"_exactmetrics_sitenote_note":"","_exactmetrics_sitenote_category":0},"product_brand":[],"product_cat":[662,665,760],"product_tag":[],"woo-feed-brand":[],"class_list":{"0":"post-253938","1":"product","2":"type-product","3":"status-publish","4":"has-post-thumbnail","6":"product_cat-yayin-ve-multimedya","7":"product_cat-cocuk-kitaplari","8":"product_cat-cocuk-kitaplari-cocuk-ve-oyun","10":"first","11":"instock","12":"taxable","13":"shipping-taxable","14":"purchasable","15":"product-type-simple"},"yoast_head":"<!-- This site is optimized with the Yoast SEO plugin v27.1.1 - https:\/\/yoast.com\/product\/yoast-seo-wordpress\/ -->\n<title>\u0130yi Geceler Minik Panda - SSM Shop<\/title>\n<meta name=\"robots\" content=\"index, follow, max-snippet:-1, max-image-preview:large, max-video-preview:-1\" \/>\n<link rel=\"canonical\" href=\"https:\/\/sakipsabancimuzesi.org\/shop\/urun\/yayin-ve-multimedya\/cocuk-kitaplari\/iyi-geceler-minik-panda\/\" \/>\n<meta property=\"og:locale\" content=\"tr_TR\" \/>\n<meta property=\"og:type\" content=\"article\" \/>\n<meta property=\"og:title\" content=\"\u0130yi Geceler Minik Panda - SSM Shop\" \/>\n<meta property=\"og:description\" content=\"Sevimli bir Minik Panda ile tan\u0131\u015fmaya haz\u0131r m\u0131s\u0131n\u0131z? Minik Panda ak\u015fam yeme\u011fini yemek istemiyormu\u015f. \u00c7\u00fcnk\u00fc pek tats\u0131z tuzsuzmu\u015f. Ama di\u011fer hayvanlar ona kendi yiyeceklerinden ikram ettiklerinde, her \u00f6\u011f\u00fcn yedi\u011fi bambunun o kadar da k\u00f6t\u00fc olmad\u0131\u011f\u0131n\u0131 d\u00fc\u015f\u00fcnmeye ba\u015flam\u0131\u015f&#8230; \u0130ngiliz yay\u0131nc\u0131 ve edit\u00f6r Amanda Wood; New York\u2019ta ya\u015fayan tasar\u0131mc\u0131 ve illustrat\u00f6r Vikki Chu ve Avustralyal\u0131 sanat\u00e7\u0131 Bec [...]\" \/>\n<meta property=\"og:url\" content=\"https:\/\/sakipsabancimuzesi.org\/shop\/urun\/yayin-ve-multimedya\/cocuk-kitaplari\/iyi-geceler-minik-panda\/\" \/>\n<meta property=\"og:site_name\" content=\"SSM Shop\" \/>\n<meta property=\"article:publisher\" content=\"https:\/\/www.facebook.com\/SakipSabanciMuzesi\/\" \/>\n<meta property=\"article:modified_time\" content=\"2026-03-26T09:13:44+00:00\" \/>\n<meta property=\"og:image\" content=\"https:\/\/sakipsabancimuzesi.org\/shop\/wp-content\/uploads\/2022\/11\/Iyi-Geceler-Minik-Panda.jpg\" \/>\n\t<meta property=\"og:image:width\" content=\"1280\" \/>\n\t<meta property=\"og:image:height\" content=\"1600\" \/>\n\t<meta property=\"og:image:type\" content=\"image\/jpeg\" \/>\n<meta name=\"twitter:card\" content=\"summary_large_image\" \/>\n<meta name=\"twitter:label1\" content=\"Tahmini okuma s\u00fcresi\" \/>\n\t<meta name=\"twitter:data1\" content=\"1 dakika\" \/>\n<script type=\"application\/ld+json\" class=\"yoast-schema-graph\">{\"@context\":\"https:\/\/schema.org\",\"@graph\":[{\"@type\":\"WebPage\",\"@id\":\"https:\/\/sakipsabancimuzesi.org\/shop\/urun\/yayin-ve-multimedya\/cocuk-kitaplari\/iyi-geceler-minik-panda\/\",\"url\":\"https:\/\/sakipsabancimuzesi.org\/shop\/urun\/yayin-ve-multimedya\/cocuk-kitaplari\/iyi-geceler-minik-panda\/\",\"name\":\"\u0130yi Geceler Minik Panda - SSM Shop\",\"isPartOf\":{\"@id\":\"https:\/\/sakipsabancimuzesi.org\/shop\/#website\"},\"primaryImageOfPage\":{\"@id\":\"https:\/\/sakipsabancimuzesi.org\/shop\/urun\/yayin-ve-multimedya\/cocuk-kitaplari\/iyi-geceler-minik-panda\/#primaryimage\"},\"image\":{\"@id\":\"https:\/\/sakipsabancimuzesi.org\/shop\/urun\/yayin-ve-multimedya\/cocuk-kitaplari\/iyi-geceler-minik-panda\/#primaryimage\"},\"thumbnailUrl\":\"https:\/\/sakipsabancimuzesi.org\/shop\/wp-content\/uploads\/2022\/11\/Iyi-Geceler-Minik-Panda.jpg\",\"datePublished\":\"2022-11-15T08:12:26+00:00\",\"dateModified\":\"2026-03-26T09:13:44+00:00\",\"breadcrumb\":{\"@id\":\"https:\/\/sakipsabancimuzesi.org\/shop\/urun\/yayin-ve-multimedya\/cocuk-kitaplari\/iyi-geceler-minik-panda\/#breadcrumb\"},\"inLanguage\":\"tr\",\"potentialAction\":[{\"@type\":\"ReadAction\",\"target\":[\"https:\/\/sakipsabancimuzesi.org\/shop\/urun\/yayin-ve-multimedya\/cocuk-kitaplari\/iyi-geceler-minik-panda\/\"]}]},{\"@type\":\"ImageObject\",\"inLanguage\":\"tr\",\"@id\":\"https:\/\/sakipsabancimuzesi.org\/shop\/urun\/yayin-ve-multimedya\/cocuk-kitaplari\/iyi-geceler-minik-panda\/#primaryimage\",\"url\":\"https:\/\/sakipsabancimuzesi.org\/shop\/wp-content\/uploads\/2022\/11\/Iyi-Geceler-Minik-Panda.jpg\",\"contentUrl\":\"https:\/\/sakipsabancimuzesi.org\/shop\/wp-content\/uploads\/2022\/11\/Iyi-Geceler-Minik-Panda.jpg\",\"width\":1280,\"height\":1600},{\"@type\":\"BreadcrumbList\",\"@id\":\"https:\/\/sakipsabancimuzesi.org\/shop\/urun\/yayin-ve-multimedya\/cocuk-kitaplari\/iyi-geceler-minik-panda\/#breadcrumb\",\"itemListElement\":[{\"@type\":\"ListItem\",\"position\":1,\"name\":\"Ana sayfa\",\"item\":\"https:\/\/sakipsabancimuzesi.org\/shop\/\"},{\"@type\":\"ListItem\",\"position\":2,\"name\":\"Shop\",\"item\":\"https:\/\/sakipsabancimuzesi.org\/shop\/shop\/\"},{\"@type\":\"ListItem\",\"position\":3,\"name\":\"\u0130yi Geceler Minik Panda\"}]},{\"@type\":\"WebSite\",\"@id\":\"https:\/\/sakipsabancimuzesi.org\/shop\/#website\",\"url\":\"https:\/\/sakipsabancimuzesi.org\/shop\/\",\"name\":\"SSM Shop\",\"description\":\"Sak\u0131p Sabanc\u0131 M\u00fczesi, Ma\u011faza\",\"publisher\":{\"@id\":\"https:\/\/sakipsabancimuzesi.org\/shop\/#organization\"},\"potentialAction\":[{\"@type\":\"SearchAction\",\"target\":{\"@type\":\"EntryPoint\",\"urlTemplate\":\"https:\/\/sakipsabancimuzesi.org\/shop\/?s={search_term_string}\"},\"query-input\":{\"@type\":\"PropertyValueSpecification\",\"valueRequired\":true,\"valueName\":\"search_term_string\"}}],\"inLanguage\":\"tr\"},{\"@type\":\"Organization\",\"@id\":\"https:\/\/sakipsabancimuzesi.org\/shop\/#organization\",\"name\":\"SSM Shop\",\"url\":\"https:\/\/sakipsabancimuzesi.org\/shop\/\",\"logo\":{\"@type\":\"ImageObject\",\"inLanguage\":\"tr\",\"@id\":\"https:\/\/sakipsabancimuzesi.org\/shop\/#\/schema\/logo\/image\/\",\"url\":\"https:\/\/sakipsabancimuzesi.org\/shop\/wp-content\/uploads\/2019\/11\/logo.png\",\"contentUrl\":\"https:\/\/sakipsabancimuzesi.org\/shop\/wp-content\/uploads\/2019\/11\/logo.png\",\"width\":227,\"height\":87,\"caption\":\"SSM Shop\"},\"image\":{\"@id\":\"https:\/\/sakipsabancimuzesi.org\/shop\/#\/schema\/logo\/image\/\"},\"sameAs\":[\"https:\/\/www.facebook.com\/SakipSabanciMuzesi\/\"]}]}<\/script>\n<!-- \/ Yoast SEO plugin. -->","yoast_head_json":{"title":"\u0130yi Geceler Minik Panda - SSM Shop","robots":{"index":"index","follow":"follow","max-snippet":"max-snippet:-1","max-image-preview":"max-image-preview:large","max-video-preview":"max-video-preview:-1"},"canonical":"https:\/\/sakipsabancimuzesi.org\/shop\/urun\/yayin-ve-multimedya\/cocuk-kitaplari\/iyi-geceler-minik-panda\/","og_locale":"tr_TR","og_type":"article","og_title":"\u0130yi Geceler Minik Panda - SSM Shop","og_description":"Sevimli bir Minik Panda ile tan\u0131\u015fmaya haz\u0131r m\u0131s\u0131n\u0131z? Minik Panda ak\u015fam yeme\u011fini yemek istemiyormu\u015f. \u00c7\u00fcnk\u00fc pek tats\u0131z tuzsuzmu\u015f. Ama di\u011fer hayvanlar ona kendi yiyeceklerinden ikram ettiklerinde, her \u00f6\u011f\u00fcn yedi\u011fi bambunun o kadar da k\u00f6t\u00fc olmad\u0131\u011f\u0131n\u0131 d\u00fc\u015f\u00fcnmeye ba\u015flam\u0131\u015f&#8230; \u0130ngiliz yay\u0131nc\u0131 ve edit\u00f6r Amanda Wood; New York\u2019ta ya\u015fayan tasar\u0131mc\u0131 ve illustrat\u00f6r Vikki Chu ve Avustralyal\u0131 sanat\u00e7\u0131 Bec [...]","og_url":"https:\/\/sakipsabancimuzesi.org\/shop\/urun\/yayin-ve-multimedya\/cocuk-kitaplari\/iyi-geceler-minik-panda\/","og_site_name":"SSM Shop","article_publisher":"https:\/\/www.facebook.com\/SakipSabanciMuzesi\/","article_modified_time":"2026-03-26T09:13:44+00:00","og_image":[{"width":1280,"height":1600,"url":"https:\/\/sakipsabancimuzesi.org\/shop\/wp-content\/uploads\/2022\/11\/Iyi-Geceler-Minik-Panda.jpg","type":"image\/jpeg"}],"twitter_card":"summary_large_image","twitter_misc":{"Tahmini okuma s\u00fcresi":"1 dakika"},"schema":{"@context":"https:\/\/schema.org","@graph":[{"@type":"WebPage","@id":"https:\/\/sakipsabancimuzesi.org\/shop\/urun\/yayin-ve-multimedya\/cocuk-kitaplari\/iyi-geceler-minik-panda\/","url":"https:\/\/sakipsabancimuzesi.org\/shop\/urun\/yayin-ve-multimedya\/cocuk-kitaplari\/iyi-geceler-minik-panda\/","name":"\u0130yi Geceler Minik Panda - SSM Shop","isPartOf":{"@id":"https:\/\/sakipsabancimuzesi.org\/shop\/#website"},"primaryImageOfPage":{"@id":"https:\/\/sakipsabancimuzesi.org\/shop\/urun\/yayin-ve-multimedya\/cocuk-kitaplari\/iyi-geceler-minik-panda\/#primaryimage"},"image":{"@id":"https:\/\/sakipsabancimuzesi.org\/shop\/urun\/yayin-ve-multimedya\/cocuk-kitaplari\/iyi-geceler-minik-panda\/#primaryimage"},"thumbnailUrl":"https:\/\/sakipsabancimuzesi.org\/shop\/wp-content\/uploads\/2022\/11\/Iyi-Geceler-Minik-Panda.jpg","datePublished":"2022-11-15T08:12:26+00:00","dateModified":"2026-03-26T09:13:44+00:00","breadcrumb":{"@id":"https:\/\/sakipsabancimuzesi.org\/shop\/urun\/yayin-ve-multimedya\/cocuk-kitaplari\/iyi-geceler-minik-panda\/#breadcrumb"},"inLanguage":"tr","potentialAction":[{"@type":"ReadAction","target":["https:\/\/sakipsabancimuzesi.org\/shop\/urun\/yayin-ve-multimedya\/cocuk-kitaplari\/iyi-geceler-minik-panda\/"]}]},{"@type":"ImageObject","inLanguage":"tr","@id":"https:\/\/sakipsabancimuzesi.org\/shop\/urun\/yayin-ve-multimedya\/cocuk-kitaplari\/iyi-geceler-minik-panda\/#primaryimage","url":"https:\/\/sakipsabancimuzesi.org\/shop\/wp-content\/uploads\/2022\/11\/Iyi-Geceler-Minik-Panda.jpg","contentUrl":"https:\/\/sakipsabancimuzesi.org\/shop\/wp-content\/uploads\/2022\/11\/Iyi-Geceler-Minik-Panda.jpg","width":1280,"height":1600},{"@type":"BreadcrumbList","@id":"https:\/\/sakipsabancimuzesi.org\/shop\/urun\/yayin-ve-multimedya\/cocuk-kitaplari\/iyi-geceler-minik-panda\/#breadcrumb","itemListElement":[{"@type":"ListItem","position":1,"name":"Ana sayfa","item":"https:\/\/sakipsabancimuzesi.org\/shop\/"},{"@type":"ListItem","position":2,"name":"Shop","item":"https:\/\/sakipsabancimuzesi.org\/shop\/shop\/"},{"@type":"ListItem","position":3,"name":"\u0130yi Geceler Minik Panda"}]},{"@type":"WebSite","@id":"https:\/\/sakipsabancimuzesi.org\/shop\/#website","url":"https:\/\/sakipsabancimuzesi.org\/shop\/","name":"SSM Shop","description":"Sak\u0131p Sabanc\u0131 M\u00fczesi, Ma\u011faza","publisher":{"@id":"https:\/\/sakipsabancimuzesi.org\/shop\/#organization"},"potentialAction":[{"@type":"SearchAction","target":{"@type":"EntryPoint","urlTemplate":"https:\/\/sakipsabancimuzesi.org\/shop\/?s={search_term_string}"},"query-input":{"@type":"PropertyValueSpecification","valueRequired":true,"valueName":"search_term_string"}}],"inLanguage":"tr"},{"@type":"Organization","@id":"https:\/\/sakipsabancimuzesi.org\/shop\/#organization","name":"SSM Shop","url":"https:\/\/sakipsabancimuzesi.org\/shop\/","logo":{"@type":"ImageObject","inLanguage":"tr","@id":"https:\/\/sakipsabancimuzesi.org\/shop\/#\/schema\/logo\/image\/","url":"https:\/\/sakipsabancimuzesi.org\/shop\/wp-content\/uploads\/2019\/11\/logo.png","contentUrl":"https:\/\/sakipsabancimuzesi.org\/shop\/wp-content\/uploads\/2019\/11\/logo.png","width":227,"height":87,"caption":"SSM Shop"},"image":{"@id":"https:\/\/sakipsabancimuzesi.org\/shop\/#\/schema\/logo\/image\/"},"sameAs":["https:\/\/www.facebook.com\/SakipSabanciMuzesi\/"]}]}},"jetpack_sharing_enabled":true,"_links":{"self":[{"href":"https:\/\/sakipsabancimuzesi.org\/shop\/wp-json\/wp\/v2\/product\/253938","targetHints":{"allow":["GET"]}}],"collection":[{"href":"https:\/\/sakipsabancimuzesi.org\/shop\/wp-json\/wp\/v2\/product"}],"about":[{"href":"https:\/\/sakipsabancimuzesi.org\/shop\/wp-json\/wp\/v2\/types\/product"}],"wp:featuredmedia":[{"embeddable":true,"href":"https:\/\/sakipsabancimuzesi.org\/shop\/wp-json\/wp\/v2\/media\/253953"}],"wp:attachment":[{"href":"https:\/\/sakipsabancimuzesi.org\/shop\/wp-json\/wp\/v2\/media?parent=253938"}],"wp:term":[{"taxonomy":"product_brand","embeddable":true,"href":"https:\/\/sakipsabancimuzesi.org\/shop\/wp-json\/wp\/v2\/product_brand?post=253938"},{"taxonomy":"product_cat","embeddable":true,"href":"https:\/\/sakipsabancimuzesi.org\/shop\/wp-json\/wp\/v2\/product_cat?post=253938"},{"taxonomy":"product_tag","embeddable":true,"href":"https:\/\/sakipsabancimuzesi.org\/shop\/wp-json\/wp\/v2\/product_tag?post=253938"},{"taxonomy":"woo-feed-brand","embeddable":true,"href":"https:\/\/sakipsabancimuzesi.org\/shop\/wp-json\/wp\/v2\/woo-feed-brand?post=253938"}],"curies":[{"name":"wp","href":"https:\/\/api.w.org\/{rel}","templated":true}]}}