{"id":253942,"date":"2022-11-15T11:25:14","date_gmt":"2022-11-15T08:25:14","guid":{"rendered":"https:\/\/sakipsabancimuzesi.org\/shop\/?post_type=product&#038;p=253942"},"modified":"2026-04-30T14:48:47","modified_gmt":"2026-04-30T11:48:47","slug":"merakli-tilki-sahilde-ozel-bir-gun","status":"publish","type":"product","link":"https:\/\/sakipsabancimuzesi.org\/shop\/urun\/yayin-ve-multimedya\/cocuk-kitaplari\/merakli-tilki-sahilde-ozel-bir-gun\/","title":{"rendered":"Merakl\u0131 Tilki Sahilde \u00d6zel Bir G\u00fcn"},"content":{"rendered":"<p>Merakl\u0131 Tilki Kitapl\u0131\u011f\u0131 yeni kitab\u0131nda, do\u011fadaki at\u0131klar\u0131n canl\u0131lar \u00fczerindeki etkisine de\u011finen, dostlar\u0131m\u0131zdan ald\u0131\u011f\u0131m\u0131z g\u00fc\u00e7le her sorunun \u00fcstesinden gelebilece\u011fimizi anlatan bir kumsal hik\u00e2yesi sunuyor.<\/p>\n<p>D\u00fcnyam\u0131z \u00e7evre sorunlar\u0131yla bo\u011fu\u015fuyor, kaynaklar\u0131m\u0131z h\u0131zla t\u00fckeniyor. Ekolojik d\u00f6n\u00fc\u015f\u00fcm ve at\u0131ks\u0131z ya\u015fam konular\u0131 her ge\u00e7en g\u00fcn daha m\u00fchim hale geliyor. \u00c7ocuklar\u0131n \u00e7evre bilinci kazanmalar\u0131 ise \u00e7ok \u00f6nemli. \u00c7\u00fcnk\u00fc gelecek onlara ait.<\/p>\n<p>Esra \u015eanal yaz\u0131p resimledi\u011fi bu yeni kitapta, hem masals\u0131 hem de ger\u00e7ek\u00e7i bir d\u00fcnyan\u0131n kap\u0131s\u0131n\u0131 aralayarak \u00e7ocuklar\u0131, do\u011fadaki at\u0131klar ve canl\u0131lara etkileri konusunda d\u00fc\u015f\u00fcnmeye davet ediyor. Rengarenk desenleri ve ne\u015feli anlat\u0131m\u0131; arkada\u015fl\u0131\u011f\u0131n, yard\u0131mla\u015fman\u0131n, umudun ta\u015f\u0131y\u0131c\u0131s\u0131 oluyor.<\/p>\n<p>Kaz Paytak ve Tav\u015fan Papi\u2019nin uzun s\u00fcredir iple \u00e7ektikleri \u00f6zel g\u00fcn nihayet gelmi\u015fti. \u00c7ok sevdikleri arkada\u015flar\u0131 Poki geliyordu! Sevin\u00e7le sahile do\u011fru yola koyuldular. Ama k\u0131y\u0131ya vard\u0131klar\u0131nda, onlar\u0131 ho\u015f olmayan bir s\u00fcrpriz beklemekteydi\u2026<\/p>\n","protected":false},"excerpt":{"rendered":"<p>Merakl\u0131 Tilki Kitapl\u0131\u011f\u0131 yeni kitab\u0131nda, do\u011fadaki at\u0131klar\u0131n canl\u0131lar \u00fczerindeki etkisine de\u011finen, dostlar\u0131m\u0131zdan ald\u0131\u011f\u0131m\u0131z g\u00fc\u00e7le her sorunun \u00fcstesinden gelebilece\u011fimizi anlatan bir kumsal hik\u00e2yesi sunuyor. D\u00fcnyam\u0131z \u00e7evre sorunlar\u0131yla bo\u011fu\u015fuyor, kaynaklar\u0131m\u0131z h\u0131zla t\u00fckeniyor. Ekolojik d\u00f6n\u00fc\u015f\u00fcm ve at\u0131ks\u0131z ya\u015fam konular\u0131 her ge\u00e7en g\u00fcn daha m\u00fchim hale geliyor. \u00c7ocuklar\u0131n \u00e7evre bilinci kazanmalar\u0131 ise \u00e7ok \u00f6nemli. \u00c7\u00fcnk\u00fc gelecek onlara ait. Esra [&#8230;]\n","protected":false},"featured_media":253957,"template":"","meta":{"_exactmetrics_skip_tracking":false,"_exactmetrics_sitenote_active":false,"_exactmetrics_sitenote_note":"","_exactmetrics_sitenote_category":0},"product_brand":[],"product_cat":[662,665,760],"product_tag":[],"woo-feed-brand":[],"class_list":{"0":"post-253942","1":"product","2":"type-product","3":"status-publish","4":"has-post-thumbnail","6":"product_cat-yayin-ve-multimedya","7":"product_cat-cocuk-kitaplari","8":"product_cat-cocuk-kitaplari-cocuk-ve-oyun","10":"first","11":"instock","12":"taxable","13":"shipping-taxable","14":"purchasable","15":"product-type-simple"},"yoast_head":"<!-- This site is optimized with the Yoast SEO plugin v27.1.1 - https:\/\/yoast.com\/product\/yoast-seo-wordpress\/ -->\n<title>Merakl\u0131 Tilki Sahilde \u00d6zel Bir G\u00fcn - SSM Shop<\/title>\n<meta name=\"robots\" content=\"index, follow, max-snippet:-1, max-image-preview:large, max-video-preview:-1\" \/>\n<link rel=\"canonical\" href=\"https:\/\/sakipsabancimuzesi.org\/shop\/urun\/yayin-ve-multimedya\/cocuk-kitaplari\/merakli-tilki-sahilde-ozel-bir-gun\/\" \/>\n<meta property=\"og:locale\" content=\"tr_TR\" \/>\n<meta property=\"og:type\" content=\"article\" \/>\n<meta property=\"og:title\" content=\"Merakl\u0131 Tilki Sahilde \u00d6zel Bir G\u00fcn - SSM Shop\" \/>\n<meta property=\"og:description\" content=\"Merakl\u0131 Tilki Kitapl\u0131\u011f\u0131 yeni kitab\u0131nda, do\u011fadaki at\u0131klar\u0131n canl\u0131lar \u00fczerindeki etkisine de\u011finen, dostlar\u0131m\u0131zdan ald\u0131\u011f\u0131m\u0131z g\u00fc\u00e7le her sorunun \u00fcstesinden gelebilece\u011fimizi anlatan bir kumsal hik\u00e2yesi sunuyor. D\u00fcnyam\u0131z \u00e7evre sorunlar\u0131yla bo\u011fu\u015fuyor, kaynaklar\u0131m\u0131z h\u0131zla t\u00fckeniyor. Ekolojik d\u00f6n\u00fc\u015f\u00fcm ve at\u0131ks\u0131z ya\u015fam konular\u0131 her ge\u00e7en g\u00fcn daha m\u00fchim hale geliyor. \u00c7ocuklar\u0131n \u00e7evre bilinci kazanmalar\u0131 ise \u00e7ok \u00f6nemli. \u00c7\u00fcnk\u00fc gelecek onlara ait. Esra [...]\" \/>\n<meta property=\"og:url\" content=\"https:\/\/sakipsabancimuzesi.org\/shop\/urun\/yayin-ve-multimedya\/cocuk-kitaplari\/merakli-tilki-sahilde-ozel-bir-gun\/\" \/>\n<meta property=\"og:site_name\" content=\"SSM Shop\" \/>\n<meta property=\"article:publisher\" content=\"https:\/\/www.facebook.com\/SakipSabanciMuzesi\/\" \/>\n<meta property=\"article:modified_time\" content=\"2026-04-30T11:48:47+00:00\" \/>\n<meta property=\"og:image\" content=\"https:\/\/sakipsabancimuzesi.org\/shop\/wp-content\/uploads\/2022\/11\/Merakli-Tilki-Sahilde-Ozel-Bir-Gun.jpg\" \/>\n\t<meta property=\"og:image:width\" content=\"1280\" \/>\n\t<meta property=\"og:image:height\" content=\"1600\" \/>\n\t<meta property=\"og:image:type\" content=\"image\/jpeg\" \/>\n<meta name=\"twitter:card\" content=\"summary_large_image\" \/>\n<meta name=\"twitter:label1\" content=\"Tahmini okuma s\u00fcresi\" \/>\n\t<meta name=\"twitter:data1\" content=\"1 dakika\" \/>\n<script type=\"application\/ld+json\" class=\"yoast-schema-graph\">{\"@context\":\"https:\/\/schema.org\",\"@graph\":[{\"@type\":\"WebPage\",\"@id\":\"https:\/\/sakipsabancimuzesi.org\/shop\/urun\/yayin-ve-multimedya\/cocuk-kitaplari\/merakli-tilki-sahilde-ozel-bir-gun\/\",\"url\":\"https:\/\/sakipsabancimuzesi.org\/shop\/urun\/yayin-ve-multimedya\/cocuk-kitaplari\/merakli-tilki-sahilde-ozel-bir-gun\/\",\"name\":\"Merakl\u0131 Tilki Sahilde \u00d6zel Bir G\u00fcn - SSM Shop\",\"isPartOf\":{\"@id\":\"https:\/\/sakipsabancimuzesi.org\/shop\/#website\"},\"primaryImageOfPage\":{\"@id\":\"https:\/\/sakipsabancimuzesi.org\/shop\/urun\/yayin-ve-multimedya\/cocuk-kitaplari\/merakli-tilki-sahilde-ozel-bir-gun\/#primaryimage\"},\"image\":{\"@id\":\"https:\/\/sakipsabancimuzesi.org\/shop\/urun\/yayin-ve-multimedya\/cocuk-kitaplari\/merakli-tilki-sahilde-ozel-bir-gun\/#primaryimage\"},\"thumbnailUrl\":\"https:\/\/sakipsabancimuzesi.org\/shop\/wp-content\/uploads\/2022\/11\/Merakli-Tilki-Sahilde-Ozel-Bir-Gun.jpg\",\"datePublished\":\"2022-11-15T08:25:14+00:00\",\"dateModified\":\"2026-04-30T11:48:47+00:00\",\"breadcrumb\":{\"@id\":\"https:\/\/sakipsabancimuzesi.org\/shop\/urun\/yayin-ve-multimedya\/cocuk-kitaplari\/merakli-tilki-sahilde-ozel-bir-gun\/#breadcrumb\"},\"inLanguage\":\"tr\",\"potentialAction\":[{\"@type\":\"ReadAction\",\"target\":[\"https:\/\/sakipsabancimuzesi.org\/shop\/urun\/yayin-ve-multimedya\/cocuk-kitaplari\/merakli-tilki-sahilde-ozel-bir-gun\/\"]}]},{\"@type\":\"ImageObject\",\"inLanguage\":\"tr\",\"@id\":\"https:\/\/sakipsabancimuzesi.org\/shop\/urun\/yayin-ve-multimedya\/cocuk-kitaplari\/merakli-tilki-sahilde-ozel-bir-gun\/#primaryimage\",\"url\":\"https:\/\/sakipsabancimuzesi.org\/shop\/wp-content\/uploads\/2022\/11\/Merakli-Tilki-Sahilde-Ozel-Bir-Gun.jpg\",\"contentUrl\":\"https:\/\/sakipsabancimuzesi.org\/shop\/wp-content\/uploads\/2022\/11\/Merakli-Tilki-Sahilde-Ozel-Bir-Gun.jpg\",\"width\":1280,\"height\":1600},{\"@type\":\"BreadcrumbList\",\"@id\":\"https:\/\/sakipsabancimuzesi.org\/shop\/urun\/yayin-ve-multimedya\/cocuk-kitaplari\/merakli-tilki-sahilde-ozel-bir-gun\/#breadcrumb\",\"itemListElement\":[{\"@type\":\"ListItem\",\"position\":1,\"name\":\"Ana sayfa\",\"item\":\"https:\/\/sakipsabancimuzesi.org\/shop\/\"},{\"@type\":\"ListItem\",\"position\":2,\"name\":\"Shop\",\"item\":\"https:\/\/sakipsabancimuzesi.org\/shop\/shop\/\"},{\"@type\":\"ListItem\",\"position\":3,\"name\":\"Merakl\u0131 Tilki Sahilde \u00d6zel Bir G\u00fcn\"}]},{\"@type\":\"WebSite\",\"@id\":\"https:\/\/sakipsabancimuzesi.org\/shop\/#website\",\"url\":\"https:\/\/sakipsabancimuzesi.org\/shop\/\",\"name\":\"SSM Shop\",\"description\":\"Sak\u0131p Sabanc\u0131 M\u00fczesi, Ma\u011faza\",\"publisher\":{\"@id\":\"https:\/\/sakipsabancimuzesi.org\/shop\/#organization\"},\"potentialAction\":[{\"@type\":\"SearchAction\",\"target\":{\"@type\":\"EntryPoint\",\"urlTemplate\":\"https:\/\/sakipsabancimuzesi.org\/shop\/?s={search_term_string}\"},\"query-input\":{\"@type\":\"PropertyValueSpecification\",\"valueRequired\":true,\"valueName\":\"search_term_string\"}}],\"inLanguage\":\"tr\"},{\"@type\":\"Organization\",\"@id\":\"https:\/\/sakipsabancimuzesi.org\/shop\/#organization\",\"name\":\"SSM Shop\",\"url\":\"https:\/\/sakipsabancimuzesi.org\/shop\/\",\"logo\":{\"@type\":\"ImageObject\",\"inLanguage\":\"tr\",\"@id\":\"https:\/\/sakipsabancimuzesi.org\/shop\/#\/schema\/logo\/image\/\",\"url\":\"https:\/\/sakipsabancimuzesi.org\/shop\/wp-content\/uploads\/2019\/11\/logo.png\",\"contentUrl\":\"https:\/\/sakipsabancimuzesi.org\/shop\/wp-content\/uploads\/2019\/11\/logo.png\",\"width\":227,\"height\":87,\"caption\":\"SSM Shop\"},\"image\":{\"@id\":\"https:\/\/sakipsabancimuzesi.org\/shop\/#\/schema\/logo\/image\/\"},\"sameAs\":[\"https:\/\/www.facebook.com\/SakipSabanciMuzesi\/\"]}]}<\/script>\n<!-- \/ Yoast SEO plugin. -->","yoast_head_json":{"title":"Merakl\u0131 Tilki Sahilde \u00d6zel Bir G\u00fcn - SSM Shop","robots":{"index":"index","follow":"follow","max-snippet":"max-snippet:-1","max-image-preview":"max-image-preview:large","max-video-preview":"max-video-preview:-1"},"canonical":"https:\/\/sakipsabancimuzesi.org\/shop\/urun\/yayin-ve-multimedya\/cocuk-kitaplari\/merakli-tilki-sahilde-ozel-bir-gun\/","og_locale":"tr_TR","og_type":"article","og_title":"Merakl\u0131 Tilki Sahilde \u00d6zel Bir G\u00fcn - SSM Shop","og_description":"Merakl\u0131 Tilki Kitapl\u0131\u011f\u0131 yeni kitab\u0131nda, do\u011fadaki at\u0131klar\u0131n canl\u0131lar \u00fczerindeki etkisine de\u011finen, dostlar\u0131m\u0131zdan ald\u0131\u011f\u0131m\u0131z g\u00fc\u00e7le her sorunun \u00fcstesinden gelebilece\u011fimizi anlatan bir kumsal hik\u00e2yesi sunuyor. D\u00fcnyam\u0131z \u00e7evre sorunlar\u0131yla bo\u011fu\u015fuyor, kaynaklar\u0131m\u0131z h\u0131zla t\u00fckeniyor. Ekolojik d\u00f6n\u00fc\u015f\u00fcm ve at\u0131ks\u0131z ya\u015fam konular\u0131 her ge\u00e7en g\u00fcn daha m\u00fchim hale geliyor. \u00c7ocuklar\u0131n \u00e7evre bilinci kazanmalar\u0131 ise \u00e7ok \u00f6nemli. \u00c7\u00fcnk\u00fc gelecek onlara ait. Esra [...]","og_url":"https:\/\/sakipsabancimuzesi.org\/shop\/urun\/yayin-ve-multimedya\/cocuk-kitaplari\/merakli-tilki-sahilde-ozel-bir-gun\/","og_site_name":"SSM Shop","article_publisher":"https:\/\/www.facebook.com\/SakipSabanciMuzesi\/","article_modified_time":"2026-04-30T11:48:47+00:00","og_image":[{"width":1280,"height":1600,"url":"https:\/\/sakipsabancimuzesi.org\/shop\/wp-content\/uploads\/2022\/11\/Merakli-Tilki-Sahilde-Ozel-Bir-Gun.jpg","type":"image\/jpeg"}],"twitter_card":"summary_large_image","twitter_misc":{"Tahmini okuma s\u00fcresi":"1 dakika"},"schema":{"@context":"https:\/\/schema.org","@graph":[{"@type":"WebPage","@id":"https:\/\/sakipsabancimuzesi.org\/shop\/urun\/yayin-ve-multimedya\/cocuk-kitaplari\/merakli-tilki-sahilde-ozel-bir-gun\/","url":"https:\/\/sakipsabancimuzesi.org\/shop\/urun\/yayin-ve-multimedya\/cocuk-kitaplari\/merakli-tilki-sahilde-ozel-bir-gun\/","name":"Merakl\u0131 Tilki Sahilde \u00d6zel Bir G\u00fcn - SSM Shop","isPartOf":{"@id":"https:\/\/sakipsabancimuzesi.org\/shop\/#website"},"primaryImageOfPage":{"@id":"https:\/\/sakipsabancimuzesi.org\/shop\/urun\/yayin-ve-multimedya\/cocuk-kitaplari\/merakli-tilki-sahilde-ozel-bir-gun\/#primaryimage"},"image":{"@id":"https:\/\/sakipsabancimuzesi.org\/shop\/urun\/yayin-ve-multimedya\/cocuk-kitaplari\/merakli-tilki-sahilde-ozel-bir-gun\/#primaryimage"},"thumbnailUrl":"https:\/\/sakipsabancimuzesi.org\/shop\/wp-content\/uploads\/2022\/11\/Merakli-Tilki-Sahilde-Ozel-Bir-Gun.jpg","datePublished":"2022-11-15T08:25:14+00:00","dateModified":"2026-04-30T11:48:47+00:00","breadcrumb":{"@id":"https:\/\/sakipsabancimuzesi.org\/shop\/urun\/yayin-ve-multimedya\/cocuk-kitaplari\/merakli-tilki-sahilde-ozel-bir-gun\/#breadcrumb"},"inLanguage":"tr","potentialAction":[{"@type":"ReadAction","target":["https:\/\/sakipsabancimuzesi.org\/shop\/urun\/yayin-ve-multimedya\/cocuk-kitaplari\/merakli-tilki-sahilde-ozel-bir-gun\/"]}]},{"@type":"ImageObject","inLanguage":"tr","@id":"https:\/\/sakipsabancimuzesi.org\/shop\/urun\/yayin-ve-multimedya\/cocuk-kitaplari\/merakli-tilki-sahilde-ozel-bir-gun\/#primaryimage","url":"https:\/\/sakipsabancimuzesi.org\/shop\/wp-content\/uploads\/2022\/11\/Merakli-Tilki-Sahilde-Ozel-Bir-Gun.jpg","contentUrl":"https:\/\/sakipsabancimuzesi.org\/shop\/wp-content\/uploads\/2022\/11\/Merakli-Tilki-Sahilde-Ozel-Bir-Gun.jpg","width":1280,"height":1600},{"@type":"BreadcrumbList","@id":"https:\/\/sakipsabancimuzesi.org\/shop\/urun\/yayin-ve-multimedya\/cocuk-kitaplari\/merakli-tilki-sahilde-ozel-bir-gun\/#breadcrumb","itemListElement":[{"@type":"ListItem","position":1,"name":"Ana sayfa","item":"https:\/\/sakipsabancimuzesi.org\/shop\/"},{"@type":"ListItem","position":2,"name":"Shop","item":"https:\/\/sakipsabancimuzesi.org\/shop\/shop\/"},{"@type":"ListItem","position":3,"name":"Merakl\u0131 Tilki Sahilde \u00d6zel Bir G\u00fcn"}]},{"@type":"WebSite","@id":"https:\/\/sakipsabancimuzesi.org\/shop\/#website","url":"https:\/\/sakipsabancimuzesi.org\/shop\/","name":"SSM Shop","description":"Sak\u0131p Sabanc\u0131 M\u00fczesi, Ma\u011faza","publisher":{"@id":"https:\/\/sakipsabancimuzesi.org\/shop\/#organization"},"potentialAction":[{"@type":"SearchAction","target":{"@type":"EntryPoint","urlTemplate":"https:\/\/sakipsabancimuzesi.org\/shop\/?s={search_term_string}"},"query-input":{"@type":"PropertyValueSpecification","valueRequired":true,"valueName":"search_term_string"}}],"inLanguage":"tr"},{"@type":"Organization","@id":"https:\/\/sakipsabancimuzesi.org\/shop\/#organization","name":"SSM Shop","url":"https:\/\/sakipsabancimuzesi.org\/shop\/","logo":{"@type":"ImageObject","inLanguage":"tr","@id":"https:\/\/sakipsabancimuzesi.org\/shop\/#\/schema\/logo\/image\/","url":"https:\/\/sakipsabancimuzesi.org\/shop\/wp-content\/uploads\/2019\/11\/logo.png","contentUrl":"https:\/\/sakipsabancimuzesi.org\/shop\/wp-content\/uploads\/2019\/11\/logo.png","width":227,"height":87,"caption":"SSM Shop"},"image":{"@id":"https:\/\/sakipsabancimuzesi.org\/shop\/#\/schema\/logo\/image\/"},"sameAs":["https:\/\/www.facebook.com\/SakipSabanciMuzesi\/"]}]}},"jetpack_sharing_enabled":true,"_links":{"self":[{"href":"https:\/\/sakipsabancimuzesi.org\/shop\/wp-json\/wp\/v2\/product\/253942","targetHints":{"allow":["GET"]}}],"collection":[{"href":"https:\/\/sakipsabancimuzesi.org\/shop\/wp-json\/wp\/v2\/product"}],"about":[{"href":"https:\/\/sakipsabancimuzesi.org\/shop\/wp-json\/wp\/v2\/types\/product"}],"wp:featuredmedia":[{"embeddable":true,"href":"https:\/\/sakipsabancimuzesi.org\/shop\/wp-json\/wp\/v2\/media\/253957"}],"wp:attachment":[{"href":"https:\/\/sakipsabancimuzesi.org\/shop\/wp-json\/wp\/v2\/media?parent=253942"}],"wp:term":[{"taxonomy":"product_brand","embeddable":true,"href":"https:\/\/sakipsabancimuzesi.org\/shop\/wp-json\/wp\/v2\/product_brand?post=253942"},{"taxonomy":"product_cat","embeddable":true,"href":"https:\/\/sakipsabancimuzesi.org\/shop\/wp-json\/wp\/v2\/product_cat?post=253942"},{"taxonomy":"product_tag","embeddable":true,"href":"https:\/\/sakipsabancimuzesi.org\/shop\/wp-json\/wp\/v2\/product_tag?post=253942"},{"taxonomy":"woo-feed-brand","embeddable":true,"href":"https:\/\/sakipsabancimuzesi.org\/shop\/wp-json\/wp\/v2\/woo-feed-brand?post=253942"}],"curies":[{"name":"wp","href":"https:\/\/api.w.org\/{rel}","templated":true}]}}