{"id":253945,"date":"2022-11-15T11:37:51","date_gmt":"2022-11-15T08:37:51","guid":{"rendered":"https:\/\/sakipsabancimuzesi.org\/shop\/?post_type=product&#038;p=253945"},"modified":"2026-04-30T14:48:20","modified_gmt":"2026-04-30T11:48:20","slug":"gulumse","status":"publish","type":"product","link":"https:\/\/sakipsabancimuzesi.org\/shop\/urun\/yayin-ve-multimedya\/cocuk-kitaplari\/gulumse\/","title":{"rendered":"G\u00fcl\u00fcmse"},"content":{"rendered":"<p>Kalpten kalbe giden en k\u0131sa yol!<\/p>\n<p>Bir g\u00fcl\u00fcmsemenin g\u00fcc\u00fcn\u00fc d\u00fc\u015f\u00fcnd\u00fcn\u00fcz m\u00fc hi\u00e7?<\/p>\n<p>Bu kitapta Raoul Follereau, duru ve samimi diliyle i\u00e7ten bir g\u00fcl\u00fcmsemenin benzersiz de\u011ferinin alt\u0131n\u0131 \u00e7iziyor. Follereau\u2019nun b\u00fcy\u00fcleyici c\u00fcmlelerine, d\u00fcnya \u00e7ap\u0131nda pek \u00e7ok \u00f6d\u00fcl\u00fcn sahibi, \u00e7izer Hoda Hadadi can veriyor. Kitap, g\u00fcl\u00fcmsemeyi seven ve g\u00fcl\u00fcmsemeleriyle etraflar\u0131ndaki d\u00fcnyay\u0131 de\u011fi\u015ftiren iki \u00e7ocu\u011fun hayatlar\u0131ndaki bir g\u00fcn\u00fcn hik\u00e2yesini muhte\u015fem dizelerle anlat\u0131yor.<\/p>\n<p>K\u00fc\u00e7\u00fcklere uygun basitlikte ama b\u00fcy\u00fcklere de uygun derinlikte, herkesin sevece\u011fi ola\u011fan\u00fcst\u00fc g\u00fczellikteki bu kitap, sizin de y\u00fcz\u00fcn\u00fcze kocaman bir g\u00fcl\u00fcmseme yerle\u015ftirip i\u00e7inizi mutlulukla dolduracak&#8230;<\/p>\n","protected":false},"excerpt":{"rendered":"<p>Kalpten kalbe giden en k\u0131sa yol! Bir g\u00fcl\u00fcmsemenin g\u00fcc\u00fcn\u00fc d\u00fc\u015f\u00fcnd\u00fcn\u00fcz m\u00fc hi\u00e7? Bu kitapta Raoul Follereau, duru ve samimi diliyle i\u00e7ten bir g\u00fcl\u00fcmsemenin benzersiz de\u011ferinin alt\u0131n\u0131 \u00e7iziyor. Follereau\u2019nun b\u00fcy\u00fcleyici c\u00fcmlelerine, d\u00fcnya \u00e7ap\u0131nda pek \u00e7ok \u00f6d\u00fcl\u00fcn sahibi, \u00e7izer Hoda Hadadi can veriyor. Kitap, g\u00fcl\u00fcmsemeyi seven ve g\u00fcl\u00fcmsemeleriyle etraflar\u0131ndaki d\u00fcnyay\u0131 de\u011fi\u015ftiren iki \u00e7ocu\u011fun hayatlar\u0131ndaki bir g\u00fcn\u00fcn hik\u00e2yesini [&#8230;]\n","protected":false},"featured_media":253961,"template":"","meta":{"_exactmetrics_skip_tracking":false,"_exactmetrics_sitenote_active":false,"_exactmetrics_sitenote_note":"","_exactmetrics_sitenote_category":0},"product_brand":[],"product_cat":[662,665,760],"product_tag":[],"woo-feed-brand":[],"class_list":{"0":"post-253945","1":"product","2":"type-product","3":"status-publish","4":"has-post-thumbnail","6":"product_cat-yayin-ve-multimedya","7":"product_cat-cocuk-kitaplari","8":"product_cat-cocuk-kitaplari-cocuk-ve-oyun","10":"first","11":"instock","12":"taxable","13":"shipping-taxable","14":"purchasable","15":"product-type-simple"},"yoast_head":"<!-- This site is optimized with the Yoast SEO plugin v27.1.1 - https:\/\/yoast.com\/product\/yoast-seo-wordpress\/ -->\n<title>G\u00fcl\u00fcmse - SSM Shop<\/title>\n<meta name=\"robots\" content=\"index, follow, max-snippet:-1, max-image-preview:large, max-video-preview:-1\" \/>\n<link rel=\"canonical\" href=\"https:\/\/sakipsabancimuzesi.org\/shop\/urun\/yayin-ve-multimedya\/cocuk-kitaplari\/gulumse\/\" \/>\n<meta property=\"og:locale\" content=\"tr_TR\" \/>\n<meta property=\"og:type\" content=\"article\" \/>\n<meta property=\"og:title\" content=\"G\u00fcl\u00fcmse - SSM Shop\" \/>\n<meta property=\"og:description\" content=\"Kalpten kalbe giden en k\u0131sa yol! Bir g\u00fcl\u00fcmsemenin g\u00fcc\u00fcn\u00fc d\u00fc\u015f\u00fcnd\u00fcn\u00fcz m\u00fc hi\u00e7? Bu kitapta Raoul Follereau, duru ve samimi diliyle i\u00e7ten bir g\u00fcl\u00fcmsemenin benzersiz de\u011ferinin alt\u0131n\u0131 \u00e7iziyor. Follereau\u2019nun b\u00fcy\u00fcleyici c\u00fcmlelerine, d\u00fcnya \u00e7ap\u0131nda pek \u00e7ok \u00f6d\u00fcl\u00fcn sahibi, \u00e7izer Hoda Hadadi can veriyor. Kitap, g\u00fcl\u00fcmsemeyi seven ve g\u00fcl\u00fcmsemeleriyle etraflar\u0131ndaki d\u00fcnyay\u0131 de\u011fi\u015ftiren iki \u00e7ocu\u011fun hayatlar\u0131ndaki bir g\u00fcn\u00fcn hik\u00e2yesini [...]\" \/>\n<meta property=\"og:url\" content=\"https:\/\/sakipsabancimuzesi.org\/shop\/urun\/yayin-ve-multimedya\/cocuk-kitaplari\/gulumse\/\" \/>\n<meta property=\"og:site_name\" content=\"SSM Shop\" \/>\n<meta property=\"article:publisher\" content=\"https:\/\/www.facebook.com\/SakipSabanciMuzesi\/\" \/>\n<meta property=\"article:modified_time\" content=\"2026-04-30T11:48:20+00:00\" \/>\n<meta property=\"og:image\" content=\"https:\/\/sakipsabancimuzesi.org\/shop\/wp-content\/uploads\/2022\/11\/Gulumse.jpg\" \/>\n\t<meta property=\"og:image:width\" content=\"1280\" \/>\n\t<meta property=\"og:image:height\" content=\"1600\" \/>\n\t<meta property=\"og:image:type\" content=\"image\/jpeg\" \/>\n<meta name=\"twitter:card\" content=\"summary_large_image\" \/>\n<meta name=\"twitter:label1\" content=\"Tahmini okuma s\u00fcresi\" \/>\n\t<meta name=\"twitter:data1\" content=\"1 dakika\" \/>\n<script type=\"application\/ld+json\" class=\"yoast-schema-graph\">{\"@context\":\"https:\/\/schema.org\",\"@graph\":[{\"@type\":\"WebPage\",\"@id\":\"https:\/\/sakipsabancimuzesi.org\/shop\/urun\/yayin-ve-multimedya\/cocuk-kitaplari\/gulumse\/\",\"url\":\"https:\/\/sakipsabancimuzesi.org\/shop\/urun\/yayin-ve-multimedya\/cocuk-kitaplari\/gulumse\/\",\"name\":\"G\u00fcl\u00fcmse - SSM Shop\",\"isPartOf\":{\"@id\":\"https:\/\/sakipsabancimuzesi.org\/shop\/#website\"},\"primaryImageOfPage\":{\"@id\":\"https:\/\/sakipsabancimuzesi.org\/shop\/urun\/yayin-ve-multimedya\/cocuk-kitaplari\/gulumse\/#primaryimage\"},\"image\":{\"@id\":\"https:\/\/sakipsabancimuzesi.org\/shop\/urun\/yayin-ve-multimedya\/cocuk-kitaplari\/gulumse\/#primaryimage\"},\"thumbnailUrl\":\"https:\/\/sakipsabancimuzesi.org\/shop\/wp-content\/uploads\/2022\/11\/Gulumse.jpg\",\"datePublished\":\"2022-11-15T08:37:51+00:00\",\"dateModified\":\"2026-04-30T11:48:20+00:00\",\"breadcrumb\":{\"@id\":\"https:\/\/sakipsabancimuzesi.org\/shop\/urun\/yayin-ve-multimedya\/cocuk-kitaplari\/gulumse\/#breadcrumb\"},\"inLanguage\":\"tr\",\"potentialAction\":[{\"@type\":\"ReadAction\",\"target\":[\"https:\/\/sakipsabancimuzesi.org\/shop\/urun\/yayin-ve-multimedya\/cocuk-kitaplari\/gulumse\/\"]}]},{\"@type\":\"ImageObject\",\"inLanguage\":\"tr\",\"@id\":\"https:\/\/sakipsabancimuzesi.org\/shop\/urun\/yayin-ve-multimedya\/cocuk-kitaplari\/gulumse\/#primaryimage\",\"url\":\"https:\/\/sakipsabancimuzesi.org\/shop\/wp-content\/uploads\/2022\/11\/Gulumse.jpg\",\"contentUrl\":\"https:\/\/sakipsabancimuzesi.org\/shop\/wp-content\/uploads\/2022\/11\/Gulumse.jpg\",\"width\":1280,\"height\":1600},{\"@type\":\"BreadcrumbList\",\"@id\":\"https:\/\/sakipsabancimuzesi.org\/shop\/urun\/yayin-ve-multimedya\/cocuk-kitaplari\/gulumse\/#breadcrumb\",\"itemListElement\":[{\"@type\":\"ListItem\",\"position\":1,\"name\":\"Ana sayfa\",\"item\":\"https:\/\/sakipsabancimuzesi.org\/shop\/\"},{\"@type\":\"ListItem\",\"position\":2,\"name\":\"Shop\",\"item\":\"https:\/\/sakipsabancimuzesi.org\/shop\/shop\/\"},{\"@type\":\"ListItem\",\"position\":3,\"name\":\"G\u00fcl\u00fcmse\"}]},{\"@type\":\"WebSite\",\"@id\":\"https:\/\/sakipsabancimuzesi.org\/shop\/#website\",\"url\":\"https:\/\/sakipsabancimuzesi.org\/shop\/\",\"name\":\"SSM Shop\",\"description\":\"Sak\u0131p Sabanc\u0131 M\u00fczesi, Ma\u011faza\",\"publisher\":{\"@id\":\"https:\/\/sakipsabancimuzesi.org\/shop\/#organization\"},\"potentialAction\":[{\"@type\":\"SearchAction\",\"target\":{\"@type\":\"EntryPoint\",\"urlTemplate\":\"https:\/\/sakipsabancimuzesi.org\/shop\/?s={search_term_string}\"},\"query-input\":{\"@type\":\"PropertyValueSpecification\",\"valueRequired\":true,\"valueName\":\"search_term_string\"}}],\"inLanguage\":\"tr\"},{\"@type\":\"Organization\",\"@id\":\"https:\/\/sakipsabancimuzesi.org\/shop\/#organization\",\"name\":\"SSM Shop\",\"url\":\"https:\/\/sakipsabancimuzesi.org\/shop\/\",\"logo\":{\"@type\":\"ImageObject\",\"inLanguage\":\"tr\",\"@id\":\"https:\/\/sakipsabancimuzesi.org\/shop\/#\/schema\/logo\/image\/\",\"url\":\"https:\/\/sakipsabancimuzesi.org\/shop\/wp-content\/uploads\/2019\/11\/logo.png\",\"contentUrl\":\"https:\/\/sakipsabancimuzesi.org\/shop\/wp-content\/uploads\/2019\/11\/logo.png\",\"width\":227,\"height\":87,\"caption\":\"SSM Shop\"},\"image\":{\"@id\":\"https:\/\/sakipsabancimuzesi.org\/shop\/#\/schema\/logo\/image\/\"},\"sameAs\":[\"https:\/\/www.facebook.com\/SakipSabanciMuzesi\/\"]}]}<\/script>\n<!-- \/ Yoast SEO plugin. -->","yoast_head_json":{"title":"G\u00fcl\u00fcmse - SSM Shop","robots":{"index":"index","follow":"follow","max-snippet":"max-snippet:-1","max-image-preview":"max-image-preview:large","max-video-preview":"max-video-preview:-1"},"canonical":"https:\/\/sakipsabancimuzesi.org\/shop\/urun\/yayin-ve-multimedya\/cocuk-kitaplari\/gulumse\/","og_locale":"tr_TR","og_type":"article","og_title":"G\u00fcl\u00fcmse - SSM Shop","og_description":"Kalpten kalbe giden en k\u0131sa yol! Bir g\u00fcl\u00fcmsemenin g\u00fcc\u00fcn\u00fc d\u00fc\u015f\u00fcnd\u00fcn\u00fcz m\u00fc hi\u00e7? Bu kitapta Raoul Follereau, duru ve samimi diliyle i\u00e7ten bir g\u00fcl\u00fcmsemenin benzersiz de\u011ferinin alt\u0131n\u0131 \u00e7iziyor. Follereau\u2019nun b\u00fcy\u00fcleyici c\u00fcmlelerine, d\u00fcnya \u00e7ap\u0131nda pek \u00e7ok \u00f6d\u00fcl\u00fcn sahibi, \u00e7izer Hoda Hadadi can veriyor. Kitap, g\u00fcl\u00fcmsemeyi seven ve g\u00fcl\u00fcmsemeleriyle etraflar\u0131ndaki d\u00fcnyay\u0131 de\u011fi\u015ftiren iki \u00e7ocu\u011fun hayatlar\u0131ndaki bir g\u00fcn\u00fcn hik\u00e2yesini [...]","og_url":"https:\/\/sakipsabancimuzesi.org\/shop\/urun\/yayin-ve-multimedya\/cocuk-kitaplari\/gulumse\/","og_site_name":"SSM Shop","article_publisher":"https:\/\/www.facebook.com\/SakipSabanciMuzesi\/","article_modified_time":"2026-04-30T11:48:20+00:00","og_image":[{"width":1280,"height":1600,"url":"https:\/\/sakipsabancimuzesi.org\/shop\/wp-content\/uploads\/2022\/11\/Gulumse.jpg","type":"image\/jpeg"}],"twitter_card":"summary_large_image","twitter_misc":{"Tahmini okuma s\u00fcresi":"1 dakika"},"schema":{"@context":"https:\/\/schema.org","@graph":[{"@type":"WebPage","@id":"https:\/\/sakipsabancimuzesi.org\/shop\/urun\/yayin-ve-multimedya\/cocuk-kitaplari\/gulumse\/","url":"https:\/\/sakipsabancimuzesi.org\/shop\/urun\/yayin-ve-multimedya\/cocuk-kitaplari\/gulumse\/","name":"G\u00fcl\u00fcmse - SSM Shop","isPartOf":{"@id":"https:\/\/sakipsabancimuzesi.org\/shop\/#website"},"primaryImageOfPage":{"@id":"https:\/\/sakipsabancimuzesi.org\/shop\/urun\/yayin-ve-multimedya\/cocuk-kitaplari\/gulumse\/#primaryimage"},"image":{"@id":"https:\/\/sakipsabancimuzesi.org\/shop\/urun\/yayin-ve-multimedya\/cocuk-kitaplari\/gulumse\/#primaryimage"},"thumbnailUrl":"https:\/\/sakipsabancimuzesi.org\/shop\/wp-content\/uploads\/2022\/11\/Gulumse.jpg","datePublished":"2022-11-15T08:37:51+00:00","dateModified":"2026-04-30T11:48:20+00:00","breadcrumb":{"@id":"https:\/\/sakipsabancimuzesi.org\/shop\/urun\/yayin-ve-multimedya\/cocuk-kitaplari\/gulumse\/#breadcrumb"},"inLanguage":"tr","potentialAction":[{"@type":"ReadAction","target":["https:\/\/sakipsabancimuzesi.org\/shop\/urun\/yayin-ve-multimedya\/cocuk-kitaplari\/gulumse\/"]}]},{"@type":"ImageObject","inLanguage":"tr","@id":"https:\/\/sakipsabancimuzesi.org\/shop\/urun\/yayin-ve-multimedya\/cocuk-kitaplari\/gulumse\/#primaryimage","url":"https:\/\/sakipsabancimuzesi.org\/shop\/wp-content\/uploads\/2022\/11\/Gulumse.jpg","contentUrl":"https:\/\/sakipsabancimuzesi.org\/shop\/wp-content\/uploads\/2022\/11\/Gulumse.jpg","width":1280,"height":1600},{"@type":"BreadcrumbList","@id":"https:\/\/sakipsabancimuzesi.org\/shop\/urun\/yayin-ve-multimedya\/cocuk-kitaplari\/gulumse\/#breadcrumb","itemListElement":[{"@type":"ListItem","position":1,"name":"Ana sayfa","item":"https:\/\/sakipsabancimuzesi.org\/shop\/"},{"@type":"ListItem","position":2,"name":"Shop","item":"https:\/\/sakipsabancimuzesi.org\/shop\/shop\/"},{"@type":"ListItem","position":3,"name":"G\u00fcl\u00fcmse"}]},{"@type":"WebSite","@id":"https:\/\/sakipsabancimuzesi.org\/shop\/#website","url":"https:\/\/sakipsabancimuzesi.org\/shop\/","name":"SSM Shop","description":"Sak\u0131p Sabanc\u0131 M\u00fczesi, Ma\u011faza","publisher":{"@id":"https:\/\/sakipsabancimuzesi.org\/shop\/#organization"},"potentialAction":[{"@type":"SearchAction","target":{"@type":"EntryPoint","urlTemplate":"https:\/\/sakipsabancimuzesi.org\/shop\/?s={search_term_string}"},"query-input":{"@type":"PropertyValueSpecification","valueRequired":true,"valueName":"search_term_string"}}],"inLanguage":"tr"},{"@type":"Organization","@id":"https:\/\/sakipsabancimuzesi.org\/shop\/#organization","name":"SSM Shop","url":"https:\/\/sakipsabancimuzesi.org\/shop\/","logo":{"@type":"ImageObject","inLanguage":"tr","@id":"https:\/\/sakipsabancimuzesi.org\/shop\/#\/schema\/logo\/image\/","url":"https:\/\/sakipsabancimuzesi.org\/shop\/wp-content\/uploads\/2019\/11\/logo.png","contentUrl":"https:\/\/sakipsabancimuzesi.org\/shop\/wp-content\/uploads\/2019\/11\/logo.png","width":227,"height":87,"caption":"SSM Shop"},"image":{"@id":"https:\/\/sakipsabancimuzesi.org\/shop\/#\/schema\/logo\/image\/"},"sameAs":["https:\/\/www.facebook.com\/SakipSabanciMuzesi\/"]}]}},"jetpack_sharing_enabled":true,"_links":{"self":[{"href":"https:\/\/sakipsabancimuzesi.org\/shop\/wp-json\/wp\/v2\/product\/253945","targetHints":{"allow":["GET"]}}],"collection":[{"href":"https:\/\/sakipsabancimuzesi.org\/shop\/wp-json\/wp\/v2\/product"}],"about":[{"href":"https:\/\/sakipsabancimuzesi.org\/shop\/wp-json\/wp\/v2\/types\/product"}],"wp:featuredmedia":[{"embeddable":true,"href":"https:\/\/sakipsabancimuzesi.org\/shop\/wp-json\/wp\/v2\/media\/253961"}],"wp:attachment":[{"href":"https:\/\/sakipsabancimuzesi.org\/shop\/wp-json\/wp\/v2\/media?parent=253945"}],"wp:term":[{"taxonomy":"product_brand","embeddable":true,"href":"https:\/\/sakipsabancimuzesi.org\/shop\/wp-json\/wp\/v2\/product_brand?post=253945"},{"taxonomy":"product_cat","embeddable":true,"href":"https:\/\/sakipsabancimuzesi.org\/shop\/wp-json\/wp\/v2\/product_cat?post=253945"},{"taxonomy":"product_tag","embeddable":true,"href":"https:\/\/sakipsabancimuzesi.org\/shop\/wp-json\/wp\/v2\/product_tag?post=253945"},{"taxonomy":"woo-feed-brand","embeddable":true,"href":"https:\/\/sakipsabancimuzesi.org\/shop\/wp-json\/wp\/v2\/woo-feed-brand?post=253945"}],"curies":[{"name":"wp","href":"https:\/\/api.w.org\/{rel}","templated":true}]}}