{"id":253948,"date":"2022-11-15T11:49:31","date_gmt":"2022-11-15T08:49:31","guid":{"rendered":"https:\/\/sakipsabancimuzesi.org\/shop\/?post_type=product&#038;p=253948"},"modified":"2025-12-18T11:20:33","modified_gmt":"2025-12-18T08:20:33","slug":"arthur-ve-ama-ya","status":"publish","type":"product","link":"https:\/\/sakipsabancimuzesi.org\/shop\/urun\/yayin-ve-multimedya\/cocuk-kitaplari\/arthur-ve-ama-ya\/","title":{"rendered":"Arthur ve Ama Ya?"},"content":{"rendered":"<p>Arthur, s\u0131rr\u0131 olan bir k\u00f6pek. D\u00fcnyadaki her \u015feyden \u00e7ok keman\u0131n\u0131 \u00e7almay\u0131 sever ama bunu herkesin i\u00e7inde yapmaktan \u00e7ekinir. Ya k\u00f6t\u00fc \u00e7alarsa? Ya ona g\u00fclerlerse? Ama ya onunla alay ederlerse? Ama ya?..<\/p>\n<p>Oysa Arthur\u2019un kafas\u0131ndaki m\u00fczik ve kalbindeki keman \u00e7alma iste\u011fi hi\u00e7 durmaz. Her g\u00fcn i\u015fe gidip gelirken bir grup m\u00fczisyeni m\u00fczik yaparken izler ve onlar\u0131n aras\u0131nda keman\u0131n\u0131 \u00e7almay\u0131 \u00e7ok ister. G\u00fcnlerden bir g\u00fcn, do\u011fa\u00e7lama yap\u0131lan bir m\u00fczik performans\u0131na davet al\u0131r. Arthur bu performansa kat\u0131lmaya karar verir. Ama oraya farkl\u0131 bir bi\u00e7imde gidecektir. Bir posta kutusu kost\u00fcm\u00fc i\u00e7inde!<\/p>\n<p>\u00c7ok satan Avustralya\u2019l\u0131 yazar ve ill\u00fcstrat\u00f6r Heath Mckenzie; hayallerini ger\u00e7ekle\u015ftirirken kendine olan g\u00fcvenini kazanan k\u00f6pek Arthur\u2019un \u00f6zel hik\u00e2yesini, muhte\u015fem \u00e7izgiler ve renklerle anlat\u0131yor.<\/p>\n<p>Derinlerde gizledi\u011fimiz korkular\u0131m\u0131z ve m\u00fczi\u011fin birle\u015ftirici g\u00fcc\u00fcyle ilgili keyifli bir hik\u00e2ye.<\/p>\n<p>TEMALAR:<\/p>\n<p>R\u0130SK ALMAK: Arthur, di\u011fer m\u00fczisyenleri \u015fehirde m\u00fczik yaparken izler. Onlarla birlikte m\u00fczik yapmay\u0131 \u00e7ok ister. Ama konfor alan\u0131ndan \u00e7\u0131kmak onda endi\u015fe yarat\u0131r.Ya bir hata yaparsa? Arthur do\u011fa\u00e7lama m\u00fczik performans\u0131 daveti ald\u0131\u011f\u0131nda risk al\u0131p olumlu d\u00fc\u015f\u00fcnmeye karar verir. Olabilecek en k\u00f6t\u00fcye odaklanmak yerine, cesaretli bir ad\u0131m atarak yeni arkada\u015flar ve g\u00fczel m\u00fczikle dolu yeni bir d\u00fcnya ke\u015ffeder.<\/p>\n<p>YARATICILIK: Arthur g\u0131c\u0131rdayan ve tak\u0131rdayan bir apartmanda oturuyor ve bir ofis i\u015finde \u00e7al\u0131\u015f\u0131yor ama m\u00fczik onun yarat\u0131c\u0131 aktivitesi. Gri bir tren platformunda beklerken, bir \u00e7ellocunun melodisi Arthur\u2019un g\u00fcn\u00fcn\u00fc rengarenk yap\u0131yor.Bu hik\u00e2yedeki hi\u00e7 bir m\u00fczisyen ka\u011f\u0131t \u00fczerindeki notalardan \u00e7alm\u0131yor. Kendilerini enstr\u00fcmanlar\u0131na vererek, birlikte \u00e7al\u0131\u015fman\u0131n keyfiyle yepyeni melodiler yarat\u0131yorlar.<\/p>\n<p>\u00d6ZG\u00dcVEN: Arthur do\u011fa\u00e7lama konser performans\u0131na davet edildi\u011finde keman\u0131n\u0131 ba\u015fkalar\u0131n\u0131n \u00f6n\u00fcnde \u00e7almaktan o kadar korkuyor ki bir posta kutusu k\u0131l\u0131\u011f\u0131na giriyor. Keman\u0131n\u0131 \u00e7almaya kendini verdi\u011finde ve kost\u00fcm \u00fczerinden d\u00fc\u015ft\u00fc\u011f\u00fcnde, kendinden ku\u015fku duymas\u0131 kendine inanmas\u0131na d\u00f6n\u00fc\u015f\u00fcyor. Ayn\u0131 zamanda yeni arkada\u015flar\u0131n\u0131n onunla \u00e7almaktan ho\u015fland\u0131\u011f\u0131n\u0131 anl\u0131yor. Arthur\u2019un yeni ke\u015ffetti\u011fi \u201ckendine inanc\u0131\u201d hayat\u0131n\u0131 de\u011fi\u015ftiriyor: Art\u0131k korkmuyor ve yaratt\u0131\u011f\u0131 m\u00fczi\u011fini ba\u015fkalar\u0131yla payla\u015fabiliyor.<\/p>\n<p>\u015eEH\u0130R YA\u015eAMI: Bu hik\u00e2ye bir \u015fehirde ge\u00e7iyor. \u015eehrin k\u00fclt\u00fcrel ve yarat\u0131c\u0131 bir merkez oldu\u011fu her sayfada belli oluyor.<\/p>\n","protected":false},"excerpt":{"rendered":"<p>Arthur, s\u0131rr\u0131 olan bir k\u00f6pek. D\u00fcnyadaki her \u015feyden \u00e7ok keman\u0131n\u0131 \u00e7almay\u0131 sever ama bunu herkesin i\u00e7inde yapmaktan \u00e7ekinir. Ya k\u00f6t\u00fc \u00e7alarsa? Ya ona g\u00fclerlerse? Ama ya onunla alay ederlerse? Ama ya?.. Oysa Arthur\u2019un kafas\u0131ndaki m\u00fczik ve kalbindeki keman \u00e7alma iste\u011fi hi\u00e7 durmaz. Her g\u00fcn i\u015fe gidip gelirken bir grup m\u00fczisyeni m\u00fczik yaparken izler ve onlar\u0131n [&#8230;]\n","protected":false},"featured_media":253964,"template":"","meta":{"_exactmetrics_skip_tracking":false,"_exactmetrics_sitenote_active":false,"_exactmetrics_sitenote_note":"","_exactmetrics_sitenote_category":0},"product_brand":[],"product_cat":[662,665,760],"product_tag":[],"woo-feed-brand":[],"class_list":{"0":"post-253948","1":"product","2":"type-product","3":"status-publish","4":"has-post-thumbnail","6":"product_cat-yayin-ve-multimedya","7":"product_cat-cocuk-kitaplari","8":"product_cat-cocuk-kitaplari-cocuk-ve-oyun","10":"first","11":"instock","12":"taxable","13":"shipping-taxable","14":"purchasable","15":"product-type-simple"},"yoast_head":"<!-- This site is optimized with the Yoast SEO plugin v27.1.1 - https:\/\/yoast.com\/product\/yoast-seo-wordpress\/ -->\n<title>Arthur ve Ama Ya? - SSM Shop<\/title>\n<meta name=\"robots\" content=\"index, follow, max-snippet:-1, max-image-preview:large, max-video-preview:-1\" \/>\n<link rel=\"canonical\" href=\"https:\/\/sakipsabancimuzesi.org\/shop\/urun\/yayin-ve-multimedya\/cocuk-kitaplari\/arthur-ve-ama-ya\/\" \/>\n<meta property=\"og:locale\" content=\"tr_TR\" \/>\n<meta property=\"og:type\" content=\"article\" \/>\n<meta property=\"og:title\" content=\"Arthur ve Ama Ya? - SSM Shop\" \/>\n<meta property=\"og:description\" content=\"Arthur, s\u0131rr\u0131 olan bir k\u00f6pek. D\u00fcnyadaki her \u015feyden \u00e7ok keman\u0131n\u0131 \u00e7almay\u0131 sever ama bunu herkesin i\u00e7inde yapmaktan \u00e7ekinir. Ya k\u00f6t\u00fc \u00e7alarsa? Ya ona g\u00fclerlerse? Ama ya onunla alay ederlerse? Ama ya?.. Oysa Arthur\u2019un kafas\u0131ndaki m\u00fczik ve kalbindeki keman \u00e7alma iste\u011fi hi\u00e7 durmaz. Her g\u00fcn i\u015fe gidip gelirken bir grup m\u00fczisyeni m\u00fczik yaparken izler ve onlar\u0131n [...]\" \/>\n<meta property=\"og:url\" content=\"https:\/\/sakipsabancimuzesi.org\/shop\/urun\/yayin-ve-multimedya\/cocuk-kitaplari\/arthur-ve-ama-ya\/\" \/>\n<meta property=\"og:site_name\" content=\"SSM Shop\" \/>\n<meta property=\"article:publisher\" content=\"https:\/\/www.facebook.com\/SakipSabanciMuzesi\/\" \/>\n<meta property=\"article:modified_time\" content=\"2025-12-18T08:20:33+00:00\" \/>\n<meta property=\"og:image\" content=\"https:\/\/sakipsabancimuzesi.org\/shop\/wp-content\/uploads\/2022\/11\/Arthur-ve-Ama-Ya.jpg\" \/>\n\t<meta property=\"og:image:width\" content=\"1280\" \/>\n\t<meta property=\"og:image:height\" content=\"1600\" \/>\n\t<meta property=\"og:image:type\" content=\"image\/jpeg\" \/>\n<meta name=\"twitter:card\" content=\"summary_large_image\" \/>\n<meta name=\"twitter:label1\" content=\"Tahmini okuma s\u00fcresi\" \/>\n\t<meta name=\"twitter:data1\" content=\"2 dakika\" \/>\n<script type=\"application\/ld+json\" class=\"yoast-schema-graph\">{\"@context\":\"https:\/\/schema.org\",\"@graph\":[{\"@type\":\"WebPage\",\"@id\":\"https:\/\/sakipsabancimuzesi.org\/shop\/urun\/yayin-ve-multimedya\/cocuk-kitaplari\/arthur-ve-ama-ya\/\",\"url\":\"https:\/\/sakipsabancimuzesi.org\/shop\/urun\/yayin-ve-multimedya\/cocuk-kitaplari\/arthur-ve-ama-ya\/\",\"name\":\"Arthur ve Ama Ya? - SSM Shop\",\"isPartOf\":{\"@id\":\"https:\/\/sakipsabancimuzesi.org\/shop\/#website\"},\"primaryImageOfPage\":{\"@id\":\"https:\/\/sakipsabancimuzesi.org\/shop\/urun\/yayin-ve-multimedya\/cocuk-kitaplari\/arthur-ve-ama-ya\/#primaryimage\"},\"image\":{\"@id\":\"https:\/\/sakipsabancimuzesi.org\/shop\/urun\/yayin-ve-multimedya\/cocuk-kitaplari\/arthur-ve-ama-ya\/#primaryimage\"},\"thumbnailUrl\":\"https:\/\/sakipsabancimuzesi.org\/shop\/wp-content\/uploads\/2022\/11\/Arthur-ve-Ama-Ya.jpg\",\"datePublished\":\"2022-11-15T08:49:31+00:00\",\"dateModified\":\"2025-12-18T08:20:33+00:00\",\"breadcrumb\":{\"@id\":\"https:\/\/sakipsabancimuzesi.org\/shop\/urun\/yayin-ve-multimedya\/cocuk-kitaplari\/arthur-ve-ama-ya\/#breadcrumb\"},\"inLanguage\":\"tr\",\"potentialAction\":[{\"@type\":\"ReadAction\",\"target\":[\"https:\/\/sakipsabancimuzesi.org\/shop\/urun\/yayin-ve-multimedya\/cocuk-kitaplari\/arthur-ve-ama-ya\/\"]}]},{\"@type\":\"ImageObject\",\"inLanguage\":\"tr\",\"@id\":\"https:\/\/sakipsabancimuzesi.org\/shop\/urun\/yayin-ve-multimedya\/cocuk-kitaplari\/arthur-ve-ama-ya\/#primaryimage\",\"url\":\"https:\/\/sakipsabancimuzesi.org\/shop\/wp-content\/uploads\/2022\/11\/Arthur-ve-Ama-Ya.jpg\",\"contentUrl\":\"https:\/\/sakipsabancimuzesi.org\/shop\/wp-content\/uploads\/2022\/11\/Arthur-ve-Ama-Ya.jpg\",\"width\":1280,\"height\":1600},{\"@type\":\"BreadcrumbList\",\"@id\":\"https:\/\/sakipsabancimuzesi.org\/shop\/urun\/yayin-ve-multimedya\/cocuk-kitaplari\/arthur-ve-ama-ya\/#breadcrumb\",\"itemListElement\":[{\"@type\":\"ListItem\",\"position\":1,\"name\":\"Ana sayfa\",\"item\":\"https:\/\/sakipsabancimuzesi.org\/shop\/\"},{\"@type\":\"ListItem\",\"position\":2,\"name\":\"Shop\",\"item\":\"https:\/\/sakipsabancimuzesi.org\/shop\/shop\/\"},{\"@type\":\"ListItem\",\"position\":3,\"name\":\"Arthur ve Ama Ya?\"}]},{\"@type\":\"WebSite\",\"@id\":\"https:\/\/sakipsabancimuzesi.org\/shop\/#website\",\"url\":\"https:\/\/sakipsabancimuzesi.org\/shop\/\",\"name\":\"SSM Shop\",\"description\":\"Sak\u0131p Sabanc\u0131 M\u00fczesi, Ma\u011faza\",\"publisher\":{\"@id\":\"https:\/\/sakipsabancimuzesi.org\/shop\/#organization\"},\"potentialAction\":[{\"@type\":\"SearchAction\",\"target\":{\"@type\":\"EntryPoint\",\"urlTemplate\":\"https:\/\/sakipsabancimuzesi.org\/shop\/?s={search_term_string}\"},\"query-input\":{\"@type\":\"PropertyValueSpecification\",\"valueRequired\":true,\"valueName\":\"search_term_string\"}}],\"inLanguage\":\"tr\"},{\"@type\":\"Organization\",\"@id\":\"https:\/\/sakipsabancimuzesi.org\/shop\/#organization\",\"name\":\"SSM Shop\",\"url\":\"https:\/\/sakipsabancimuzesi.org\/shop\/\",\"logo\":{\"@type\":\"ImageObject\",\"inLanguage\":\"tr\",\"@id\":\"https:\/\/sakipsabancimuzesi.org\/shop\/#\/schema\/logo\/image\/\",\"url\":\"https:\/\/sakipsabancimuzesi.org\/shop\/wp-content\/uploads\/2019\/11\/logo.png\",\"contentUrl\":\"https:\/\/sakipsabancimuzesi.org\/shop\/wp-content\/uploads\/2019\/11\/logo.png\",\"width\":227,\"height\":87,\"caption\":\"SSM Shop\"},\"image\":{\"@id\":\"https:\/\/sakipsabancimuzesi.org\/shop\/#\/schema\/logo\/image\/\"},\"sameAs\":[\"https:\/\/www.facebook.com\/SakipSabanciMuzesi\/\"]}]}<\/script>\n<!-- \/ Yoast SEO plugin. -->","yoast_head_json":{"title":"Arthur ve Ama Ya? - SSM Shop","robots":{"index":"index","follow":"follow","max-snippet":"max-snippet:-1","max-image-preview":"max-image-preview:large","max-video-preview":"max-video-preview:-1"},"canonical":"https:\/\/sakipsabancimuzesi.org\/shop\/urun\/yayin-ve-multimedya\/cocuk-kitaplari\/arthur-ve-ama-ya\/","og_locale":"tr_TR","og_type":"article","og_title":"Arthur ve Ama Ya? - SSM Shop","og_description":"Arthur, s\u0131rr\u0131 olan bir k\u00f6pek. D\u00fcnyadaki her \u015feyden \u00e7ok keman\u0131n\u0131 \u00e7almay\u0131 sever ama bunu herkesin i\u00e7inde yapmaktan \u00e7ekinir. Ya k\u00f6t\u00fc \u00e7alarsa? Ya ona g\u00fclerlerse? Ama ya onunla alay ederlerse? Ama ya?.. Oysa Arthur\u2019un kafas\u0131ndaki m\u00fczik ve kalbindeki keman \u00e7alma iste\u011fi hi\u00e7 durmaz. Her g\u00fcn i\u015fe gidip gelirken bir grup m\u00fczisyeni m\u00fczik yaparken izler ve onlar\u0131n [...]","og_url":"https:\/\/sakipsabancimuzesi.org\/shop\/urun\/yayin-ve-multimedya\/cocuk-kitaplari\/arthur-ve-ama-ya\/","og_site_name":"SSM Shop","article_publisher":"https:\/\/www.facebook.com\/SakipSabanciMuzesi\/","article_modified_time":"2025-12-18T08:20:33+00:00","og_image":[{"width":1280,"height":1600,"url":"https:\/\/sakipsabancimuzesi.org\/shop\/wp-content\/uploads\/2022\/11\/Arthur-ve-Ama-Ya.jpg","type":"image\/jpeg"}],"twitter_card":"summary_large_image","twitter_misc":{"Tahmini okuma s\u00fcresi":"2 dakika"},"schema":{"@context":"https:\/\/schema.org","@graph":[{"@type":"WebPage","@id":"https:\/\/sakipsabancimuzesi.org\/shop\/urun\/yayin-ve-multimedya\/cocuk-kitaplari\/arthur-ve-ama-ya\/","url":"https:\/\/sakipsabancimuzesi.org\/shop\/urun\/yayin-ve-multimedya\/cocuk-kitaplari\/arthur-ve-ama-ya\/","name":"Arthur ve Ama Ya? - SSM Shop","isPartOf":{"@id":"https:\/\/sakipsabancimuzesi.org\/shop\/#website"},"primaryImageOfPage":{"@id":"https:\/\/sakipsabancimuzesi.org\/shop\/urun\/yayin-ve-multimedya\/cocuk-kitaplari\/arthur-ve-ama-ya\/#primaryimage"},"image":{"@id":"https:\/\/sakipsabancimuzesi.org\/shop\/urun\/yayin-ve-multimedya\/cocuk-kitaplari\/arthur-ve-ama-ya\/#primaryimage"},"thumbnailUrl":"https:\/\/sakipsabancimuzesi.org\/shop\/wp-content\/uploads\/2022\/11\/Arthur-ve-Ama-Ya.jpg","datePublished":"2022-11-15T08:49:31+00:00","dateModified":"2025-12-18T08:20:33+00:00","breadcrumb":{"@id":"https:\/\/sakipsabancimuzesi.org\/shop\/urun\/yayin-ve-multimedya\/cocuk-kitaplari\/arthur-ve-ama-ya\/#breadcrumb"},"inLanguage":"tr","potentialAction":[{"@type":"ReadAction","target":["https:\/\/sakipsabancimuzesi.org\/shop\/urun\/yayin-ve-multimedya\/cocuk-kitaplari\/arthur-ve-ama-ya\/"]}]},{"@type":"ImageObject","inLanguage":"tr","@id":"https:\/\/sakipsabancimuzesi.org\/shop\/urun\/yayin-ve-multimedya\/cocuk-kitaplari\/arthur-ve-ama-ya\/#primaryimage","url":"https:\/\/sakipsabancimuzesi.org\/shop\/wp-content\/uploads\/2022\/11\/Arthur-ve-Ama-Ya.jpg","contentUrl":"https:\/\/sakipsabancimuzesi.org\/shop\/wp-content\/uploads\/2022\/11\/Arthur-ve-Ama-Ya.jpg","width":1280,"height":1600},{"@type":"BreadcrumbList","@id":"https:\/\/sakipsabancimuzesi.org\/shop\/urun\/yayin-ve-multimedya\/cocuk-kitaplari\/arthur-ve-ama-ya\/#breadcrumb","itemListElement":[{"@type":"ListItem","position":1,"name":"Ana sayfa","item":"https:\/\/sakipsabancimuzesi.org\/shop\/"},{"@type":"ListItem","position":2,"name":"Shop","item":"https:\/\/sakipsabancimuzesi.org\/shop\/shop\/"},{"@type":"ListItem","position":3,"name":"Arthur ve Ama Ya?"}]},{"@type":"WebSite","@id":"https:\/\/sakipsabancimuzesi.org\/shop\/#website","url":"https:\/\/sakipsabancimuzesi.org\/shop\/","name":"SSM Shop","description":"Sak\u0131p Sabanc\u0131 M\u00fczesi, Ma\u011faza","publisher":{"@id":"https:\/\/sakipsabancimuzesi.org\/shop\/#organization"},"potentialAction":[{"@type":"SearchAction","target":{"@type":"EntryPoint","urlTemplate":"https:\/\/sakipsabancimuzesi.org\/shop\/?s={search_term_string}"},"query-input":{"@type":"PropertyValueSpecification","valueRequired":true,"valueName":"search_term_string"}}],"inLanguage":"tr"},{"@type":"Organization","@id":"https:\/\/sakipsabancimuzesi.org\/shop\/#organization","name":"SSM Shop","url":"https:\/\/sakipsabancimuzesi.org\/shop\/","logo":{"@type":"ImageObject","inLanguage":"tr","@id":"https:\/\/sakipsabancimuzesi.org\/shop\/#\/schema\/logo\/image\/","url":"https:\/\/sakipsabancimuzesi.org\/shop\/wp-content\/uploads\/2019\/11\/logo.png","contentUrl":"https:\/\/sakipsabancimuzesi.org\/shop\/wp-content\/uploads\/2019\/11\/logo.png","width":227,"height":87,"caption":"SSM Shop"},"image":{"@id":"https:\/\/sakipsabancimuzesi.org\/shop\/#\/schema\/logo\/image\/"},"sameAs":["https:\/\/www.facebook.com\/SakipSabanciMuzesi\/"]}]}},"jetpack_sharing_enabled":true,"_links":{"self":[{"href":"https:\/\/sakipsabancimuzesi.org\/shop\/wp-json\/wp\/v2\/product\/253948","targetHints":{"allow":["GET"]}}],"collection":[{"href":"https:\/\/sakipsabancimuzesi.org\/shop\/wp-json\/wp\/v2\/product"}],"about":[{"href":"https:\/\/sakipsabancimuzesi.org\/shop\/wp-json\/wp\/v2\/types\/product"}],"wp:featuredmedia":[{"embeddable":true,"href":"https:\/\/sakipsabancimuzesi.org\/shop\/wp-json\/wp\/v2\/media\/253964"}],"wp:attachment":[{"href":"https:\/\/sakipsabancimuzesi.org\/shop\/wp-json\/wp\/v2\/media?parent=253948"}],"wp:term":[{"taxonomy":"product_brand","embeddable":true,"href":"https:\/\/sakipsabancimuzesi.org\/shop\/wp-json\/wp\/v2\/product_brand?post=253948"},{"taxonomy":"product_cat","embeddable":true,"href":"https:\/\/sakipsabancimuzesi.org\/shop\/wp-json\/wp\/v2\/product_cat?post=253948"},{"taxonomy":"product_tag","embeddable":true,"href":"https:\/\/sakipsabancimuzesi.org\/shop\/wp-json\/wp\/v2\/product_tag?post=253948"},{"taxonomy":"woo-feed-brand","embeddable":true,"href":"https:\/\/sakipsabancimuzesi.org\/shop\/wp-json\/wp\/v2\/woo-feed-brand?post=253948"}],"curies":[{"name":"wp","href":"https:\/\/api.w.org\/{rel}","templated":true}]}}