{"id":254639,"date":"2023-01-12T11:30:54","date_gmt":"2023-01-12T08:30:54","guid":{"rendered":"https:\/\/sakipsabancimuzesi.org\/shop\/?post_type=product&#038;p=254639"},"modified":"2026-04-30T14:47:31","modified_gmt":"2026-04-30T11:47:31","slug":"5-cocuk-5-istanbul","status":"publish","type":"product","link":"https:\/\/sakipsabancimuzesi.org\/shop\/urun\/cocuk-ve-oyun\/cocuk-kitaplari-cocuk-ve-oyun\/5-cocuk-5-istanbul\/","title":{"rendered":"5 \u00c7ocuk 5 \u0130stanbul"},"content":{"rendered":"<p>G\u00fcn\u00fcm\u00fcz \u0130stanbul\u2019unun kalabal\u0131k semtlerinden birinde ya\u015fayan Mert, hastalanan anneannesini ziyarete gider. Anneannesinin ya\u015fad\u0131\u011f\u0131 eski evin tavanaras\u0131nda buldu\u011fu fes, Osmanl\u0131 kenti \u0130stanbul\u2019unda Hamdi\u2019ye aittir\u2026 Osmanl\u0131 Sultan\u0131\u2019n\u0131n d\u00fczenledi\u011fi \u015fenlikleri izlemek i\u00e7in sab\u0131rs\u0131zlanan Hamdi, ablas\u0131 i\u00e7in gittikleri Kapal\u0131\u00e7ar\u015f\u0131\u2019da mor ta\u015flarla s\u00fcsl\u00fc bir ayna g\u00f6r\u00fcr. Mor ayna Bizans d\u00f6neminde ya\u015fayan Helen\u2019indir\u2026 Ailesiyle birlikte Hipodrom\u2019da d\u00fczenlenen yar\u0131\u015flar\u0131 izlemeye giden Helen, bir d\u00fckk\u00e2nda sat\u0131lan eski bir parayla ilgilenir. \u00dcst\u00fcnde bal\u0131k resimleri bulunan para, Bizantion d\u00f6neminde bal\u0131k\u00e7\u0131l\u0131k yapan dedesine yard\u0131m eden Milya\u2019n\u0131nd\u0131r\u2026 Milya ve dedesinin kay\u0131\u011f\u0131 yakalad\u0131\u011f\u0131 bal\u0131klarla dolar. Tanr\u0131lara te\u015fekk\u00fcr etmek i\u00e7in tap\u0131nakta d\u00fczenlenen t\u00f6renden d\u00f6nerken Milya yolda eski bir \u00e7\u00f6mlek par\u00e7as\u0131 bulur. Bu par\u00e7a, tarih\u00f6ncesinde \u0130stanbul yak\u0131nlar\u0131nda bir ma\u011farada ya\u015fayan kemik tokal\u0131 k\u0131z\u0131n annesinin yapt\u0131\u011f\u0131 \u00e7\u00f6mle\u011fin par\u00e7as\u0131d\u0131r\u2026<\/p>\n","protected":false},"excerpt":{"rendered":"<p>G\u00fcn\u00fcm\u00fcz \u0130stanbul\u2019unun kalabal\u0131k semtlerinden birinde ya\u015fayan Mert, hastalanan anneannesini ziyarete gider. Anneannesinin ya\u015fad\u0131\u011f\u0131 eski evin tavanaras\u0131nda buldu\u011fu fes, Osmanl\u0131 kenti \u0130stanbul\u2019unda Hamdi\u2019ye aittir\u2026 Osmanl\u0131 Sultan\u0131\u2019n\u0131n d\u00fczenledi\u011fi \u015fenlikleri izlemek i\u00e7in sab\u0131rs\u0131zlanan Hamdi, ablas\u0131 i\u00e7in gittikleri Kapal\u0131\u00e7ar\u015f\u0131\u2019da mor ta\u015flarla s\u00fcsl\u00fc bir ayna g\u00f6r\u00fcr. Mor ayna Bizans d\u00f6neminde ya\u015fayan Helen\u2019indir\u2026 Ailesiyle birlikte Hipodrom\u2019da d\u00fczenlenen yar\u0131\u015flar\u0131 izlemeye giden Helen, [&#8230;]\n","protected":false},"featured_media":254642,"template":"","meta":{"_exactmetrics_skip_tracking":false,"_exactmetrics_sitenote_active":false,"_exactmetrics_sitenote_note":"","_exactmetrics_sitenote_category":0},"product_brand":[],"product_cat":[628,760],"product_tag":[],"woo-feed-brand":[],"class_list":{"0":"post-254639","1":"product","2":"type-product","3":"status-publish","4":"has-post-thumbnail","6":"product_cat-cocuk-ve-oyun","7":"product_cat-cocuk-kitaplari-cocuk-ve-oyun","9":"first","10":"instock","11":"taxable","12":"shipping-taxable","13":"purchasable","14":"product-type-simple"},"yoast_head":"<!-- This site is optimized with the Yoast SEO plugin v27.1.1 - https:\/\/yoast.com\/product\/yoast-seo-wordpress\/ -->\n<title>5 \u00c7ocuk 5 \u0130stanbul - SSM Shop<\/title>\n<meta name=\"robots\" content=\"index, follow, max-snippet:-1, max-image-preview:large, max-video-preview:-1\" \/>\n<link rel=\"canonical\" href=\"https:\/\/sakipsabancimuzesi.org\/shop\/urun\/cocuk-ve-oyun\/cocuk-kitaplari-cocuk-ve-oyun\/5-cocuk-5-istanbul\/\" \/>\n<meta property=\"og:locale\" content=\"tr_TR\" \/>\n<meta property=\"og:type\" content=\"article\" \/>\n<meta property=\"og:title\" content=\"5 \u00c7ocuk 5 \u0130stanbul - SSM Shop\" \/>\n<meta property=\"og:description\" content=\"G\u00fcn\u00fcm\u00fcz \u0130stanbul\u2019unun kalabal\u0131k semtlerinden birinde ya\u015fayan Mert, hastalanan anneannesini ziyarete gider. Anneannesinin ya\u015fad\u0131\u011f\u0131 eski evin tavanaras\u0131nda buldu\u011fu fes, Osmanl\u0131 kenti \u0130stanbul\u2019unda Hamdi\u2019ye aittir\u2026 Osmanl\u0131 Sultan\u0131\u2019n\u0131n d\u00fczenledi\u011fi \u015fenlikleri izlemek i\u00e7in sab\u0131rs\u0131zlanan Hamdi, ablas\u0131 i\u00e7in gittikleri Kapal\u0131\u00e7ar\u015f\u0131\u2019da mor ta\u015flarla s\u00fcsl\u00fc bir ayna g\u00f6r\u00fcr. Mor ayna Bizans d\u00f6neminde ya\u015fayan Helen\u2019indir\u2026 Ailesiyle birlikte Hipodrom\u2019da d\u00fczenlenen yar\u0131\u015flar\u0131 izlemeye giden Helen, [...]\" \/>\n<meta property=\"og:url\" content=\"https:\/\/sakipsabancimuzesi.org\/shop\/urun\/cocuk-ve-oyun\/cocuk-kitaplari-cocuk-ve-oyun\/5-cocuk-5-istanbul\/\" \/>\n<meta property=\"og:site_name\" content=\"SSM Shop\" \/>\n<meta property=\"article:publisher\" content=\"https:\/\/www.facebook.com\/SakipSabanciMuzesi\/\" \/>\n<meta property=\"article:modified_time\" content=\"2026-04-30T11:47:31+00:00\" \/>\n<meta property=\"og:image\" content=\"https:\/\/sakipsabancimuzesi.org\/shop\/wp-content\/uploads\/2023\/01\/5-cocuk-5-istanbul.jpg\" \/>\n\t<meta property=\"og:image:width\" content=\"1280\" \/>\n\t<meta property=\"og:image:height\" content=\"1600\" \/>\n\t<meta property=\"og:image:type\" content=\"image\/jpeg\" \/>\n<meta name=\"twitter:card\" content=\"summary_large_image\" \/>\n<meta name=\"twitter:label1\" content=\"Tahmini okuma s\u00fcresi\" \/>\n\t<meta name=\"twitter:data1\" content=\"1 dakika\" \/>\n<script type=\"application\/ld+json\" class=\"yoast-schema-graph\">{\"@context\":\"https:\/\/schema.org\",\"@graph\":[{\"@type\":\"WebPage\",\"@id\":\"https:\/\/sakipsabancimuzesi.org\/shop\/urun\/cocuk-ve-oyun\/cocuk-kitaplari-cocuk-ve-oyun\/5-cocuk-5-istanbul\/\",\"url\":\"https:\/\/sakipsabancimuzesi.org\/shop\/urun\/cocuk-ve-oyun\/cocuk-kitaplari-cocuk-ve-oyun\/5-cocuk-5-istanbul\/\",\"name\":\"5 \u00c7ocuk 5 \u0130stanbul - SSM Shop\",\"isPartOf\":{\"@id\":\"https:\/\/sakipsabancimuzesi.org\/shop\/#website\"},\"primaryImageOfPage\":{\"@id\":\"https:\/\/sakipsabancimuzesi.org\/shop\/urun\/cocuk-ve-oyun\/cocuk-kitaplari-cocuk-ve-oyun\/5-cocuk-5-istanbul\/#primaryimage\"},\"image\":{\"@id\":\"https:\/\/sakipsabancimuzesi.org\/shop\/urun\/cocuk-ve-oyun\/cocuk-kitaplari-cocuk-ve-oyun\/5-cocuk-5-istanbul\/#primaryimage\"},\"thumbnailUrl\":\"https:\/\/sakipsabancimuzesi.org\/shop\/wp-content\/uploads\/2023\/01\/5-cocuk-5-istanbul.jpg\",\"datePublished\":\"2023-01-12T08:30:54+00:00\",\"dateModified\":\"2026-04-30T11:47:31+00:00\",\"breadcrumb\":{\"@id\":\"https:\/\/sakipsabancimuzesi.org\/shop\/urun\/cocuk-ve-oyun\/cocuk-kitaplari-cocuk-ve-oyun\/5-cocuk-5-istanbul\/#breadcrumb\"},\"inLanguage\":\"tr\",\"potentialAction\":[{\"@type\":\"ReadAction\",\"target\":[\"https:\/\/sakipsabancimuzesi.org\/shop\/urun\/cocuk-ve-oyun\/cocuk-kitaplari-cocuk-ve-oyun\/5-cocuk-5-istanbul\/\"]}]},{\"@type\":\"ImageObject\",\"inLanguage\":\"tr\",\"@id\":\"https:\/\/sakipsabancimuzesi.org\/shop\/urun\/cocuk-ve-oyun\/cocuk-kitaplari-cocuk-ve-oyun\/5-cocuk-5-istanbul\/#primaryimage\",\"url\":\"https:\/\/sakipsabancimuzesi.org\/shop\/wp-content\/uploads\/2023\/01\/5-cocuk-5-istanbul.jpg\",\"contentUrl\":\"https:\/\/sakipsabancimuzesi.org\/shop\/wp-content\/uploads\/2023\/01\/5-cocuk-5-istanbul.jpg\",\"width\":1280,\"height\":1600},{\"@type\":\"BreadcrumbList\",\"@id\":\"https:\/\/sakipsabancimuzesi.org\/shop\/urun\/cocuk-ve-oyun\/cocuk-kitaplari-cocuk-ve-oyun\/5-cocuk-5-istanbul\/#breadcrumb\",\"itemListElement\":[{\"@type\":\"ListItem\",\"position\":1,\"name\":\"Ana sayfa\",\"item\":\"https:\/\/sakipsabancimuzesi.org\/shop\/\"},{\"@type\":\"ListItem\",\"position\":2,\"name\":\"Shop\",\"item\":\"https:\/\/sakipsabancimuzesi.org\/shop\/shop\/\"},{\"@type\":\"ListItem\",\"position\":3,\"name\":\"5 \u00c7ocuk 5 \u0130stanbul\"}]},{\"@type\":\"WebSite\",\"@id\":\"https:\/\/sakipsabancimuzesi.org\/shop\/#website\",\"url\":\"https:\/\/sakipsabancimuzesi.org\/shop\/\",\"name\":\"SSM Shop\",\"description\":\"Sak\u0131p Sabanc\u0131 M\u00fczesi, Ma\u011faza\",\"publisher\":{\"@id\":\"https:\/\/sakipsabancimuzesi.org\/shop\/#organization\"},\"potentialAction\":[{\"@type\":\"SearchAction\",\"target\":{\"@type\":\"EntryPoint\",\"urlTemplate\":\"https:\/\/sakipsabancimuzesi.org\/shop\/?s={search_term_string}\"},\"query-input\":{\"@type\":\"PropertyValueSpecification\",\"valueRequired\":true,\"valueName\":\"search_term_string\"}}],\"inLanguage\":\"tr\"},{\"@type\":\"Organization\",\"@id\":\"https:\/\/sakipsabancimuzesi.org\/shop\/#organization\",\"name\":\"SSM Shop\",\"url\":\"https:\/\/sakipsabancimuzesi.org\/shop\/\",\"logo\":{\"@type\":\"ImageObject\",\"inLanguage\":\"tr\",\"@id\":\"https:\/\/sakipsabancimuzesi.org\/shop\/#\/schema\/logo\/image\/\",\"url\":\"https:\/\/sakipsabancimuzesi.org\/shop\/wp-content\/uploads\/2019\/11\/logo.png\",\"contentUrl\":\"https:\/\/sakipsabancimuzesi.org\/shop\/wp-content\/uploads\/2019\/11\/logo.png\",\"width\":227,\"height\":87,\"caption\":\"SSM Shop\"},\"image\":{\"@id\":\"https:\/\/sakipsabancimuzesi.org\/shop\/#\/schema\/logo\/image\/\"},\"sameAs\":[\"https:\/\/www.facebook.com\/SakipSabanciMuzesi\/\"]}]}<\/script>\n<!-- \/ Yoast SEO plugin. -->","yoast_head_json":{"title":"5 \u00c7ocuk 5 \u0130stanbul - SSM Shop","robots":{"index":"index","follow":"follow","max-snippet":"max-snippet:-1","max-image-preview":"max-image-preview:large","max-video-preview":"max-video-preview:-1"},"canonical":"https:\/\/sakipsabancimuzesi.org\/shop\/urun\/cocuk-ve-oyun\/cocuk-kitaplari-cocuk-ve-oyun\/5-cocuk-5-istanbul\/","og_locale":"tr_TR","og_type":"article","og_title":"5 \u00c7ocuk 5 \u0130stanbul - SSM Shop","og_description":"G\u00fcn\u00fcm\u00fcz \u0130stanbul\u2019unun kalabal\u0131k semtlerinden birinde ya\u015fayan Mert, hastalanan anneannesini ziyarete gider. Anneannesinin ya\u015fad\u0131\u011f\u0131 eski evin tavanaras\u0131nda buldu\u011fu fes, Osmanl\u0131 kenti \u0130stanbul\u2019unda Hamdi\u2019ye aittir\u2026 Osmanl\u0131 Sultan\u0131\u2019n\u0131n d\u00fczenledi\u011fi \u015fenlikleri izlemek i\u00e7in sab\u0131rs\u0131zlanan Hamdi, ablas\u0131 i\u00e7in gittikleri Kapal\u0131\u00e7ar\u015f\u0131\u2019da mor ta\u015flarla s\u00fcsl\u00fc bir ayna g\u00f6r\u00fcr. Mor ayna Bizans d\u00f6neminde ya\u015fayan Helen\u2019indir\u2026 Ailesiyle birlikte Hipodrom\u2019da d\u00fczenlenen yar\u0131\u015flar\u0131 izlemeye giden Helen, [...]","og_url":"https:\/\/sakipsabancimuzesi.org\/shop\/urun\/cocuk-ve-oyun\/cocuk-kitaplari-cocuk-ve-oyun\/5-cocuk-5-istanbul\/","og_site_name":"SSM Shop","article_publisher":"https:\/\/www.facebook.com\/SakipSabanciMuzesi\/","article_modified_time":"2026-04-30T11:47:31+00:00","og_image":[{"width":1280,"height":1600,"url":"https:\/\/sakipsabancimuzesi.org\/shop\/wp-content\/uploads\/2023\/01\/5-cocuk-5-istanbul.jpg","type":"image\/jpeg"}],"twitter_card":"summary_large_image","twitter_misc":{"Tahmini okuma s\u00fcresi":"1 dakika"},"schema":{"@context":"https:\/\/schema.org","@graph":[{"@type":"WebPage","@id":"https:\/\/sakipsabancimuzesi.org\/shop\/urun\/cocuk-ve-oyun\/cocuk-kitaplari-cocuk-ve-oyun\/5-cocuk-5-istanbul\/","url":"https:\/\/sakipsabancimuzesi.org\/shop\/urun\/cocuk-ve-oyun\/cocuk-kitaplari-cocuk-ve-oyun\/5-cocuk-5-istanbul\/","name":"5 \u00c7ocuk 5 \u0130stanbul - SSM Shop","isPartOf":{"@id":"https:\/\/sakipsabancimuzesi.org\/shop\/#website"},"primaryImageOfPage":{"@id":"https:\/\/sakipsabancimuzesi.org\/shop\/urun\/cocuk-ve-oyun\/cocuk-kitaplari-cocuk-ve-oyun\/5-cocuk-5-istanbul\/#primaryimage"},"image":{"@id":"https:\/\/sakipsabancimuzesi.org\/shop\/urun\/cocuk-ve-oyun\/cocuk-kitaplari-cocuk-ve-oyun\/5-cocuk-5-istanbul\/#primaryimage"},"thumbnailUrl":"https:\/\/sakipsabancimuzesi.org\/shop\/wp-content\/uploads\/2023\/01\/5-cocuk-5-istanbul.jpg","datePublished":"2023-01-12T08:30:54+00:00","dateModified":"2026-04-30T11:47:31+00:00","breadcrumb":{"@id":"https:\/\/sakipsabancimuzesi.org\/shop\/urun\/cocuk-ve-oyun\/cocuk-kitaplari-cocuk-ve-oyun\/5-cocuk-5-istanbul\/#breadcrumb"},"inLanguage":"tr","potentialAction":[{"@type":"ReadAction","target":["https:\/\/sakipsabancimuzesi.org\/shop\/urun\/cocuk-ve-oyun\/cocuk-kitaplari-cocuk-ve-oyun\/5-cocuk-5-istanbul\/"]}]},{"@type":"ImageObject","inLanguage":"tr","@id":"https:\/\/sakipsabancimuzesi.org\/shop\/urun\/cocuk-ve-oyun\/cocuk-kitaplari-cocuk-ve-oyun\/5-cocuk-5-istanbul\/#primaryimage","url":"https:\/\/sakipsabancimuzesi.org\/shop\/wp-content\/uploads\/2023\/01\/5-cocuk-5-istanbul.jpg","contentUrl":"https:\/\/sakipsabancimuzesi.org\/shop\/wp-content\/uploads\/2023\/01\/5-cocuk-5-istanbul.jpg","width":1280,"height":1600},{"@type":"BreadcrumbList","@id":"https:\/\/sakipsabancimuzesi.org\/shop\/urun\/cocuk-ve-oyun\/cocuk-kitaplari-cocuk-ve-oyun\/5-cocuk-5-istanbul\/#breadcrumb","itemListElement":[{"@type":"ListItem","position":1,"name":"Ana sayfa","item":"https:\/\/sakipsabancimuzesi.org\/shop\/"},{"@type":"ListItem","position":2,"name":"Shop","item":"https:\/\/sakipsabancimuzesi.org\/shop\/shop\/"},{"@type":"ListItem","position":3,"name":"5 \u00c7ocuk 5 \u0130stanbul"}]},{"@type":"WebSite","@id":"https:\/\/sakipsabancimuzesi.org\/shop\/#website","url":"https:\/\/sakipsabancimuzesi.org\/shop\/","name":"SSM Shop","description":"Sak\u0131p Sabanc\u0131 M\u00fczesi, Ma\u011faza","publisher":{"@id":"https:\/\/sakipsabancimuzesi.org\/shop\/#organization"},"potentialAction":[{"@type":"SearchAction","target":{"@type":"EntryPoint","urlTemplate":"https:\/\/sakipsabancimuzesi.org\/shop\/?s={search_term_string}"},"query-input":{"@type":"PropertyValueSpecification","valueRequired":true,"valueName":"search_term_string"}}],"inLanguage":"tr"},{"@type":"Organization","@id":"https:\/\/sakipsabancimuzesi.org\/shop\/#organization","name":"SSM Shop","url":"https:\/\/sakipsabancimuzesi.org\/shop\/","logo":{"@type":"ImageObject","inLanguage":"tr","@id":"https:\/\/sakipsabancimuzesi.org\/shop\/#\/schema\/logo\/image\/","url":"https:\/\/sakipsabancimuzesi.org\/shop\/wp-content\/uploads\/2019\/11\/logo.png","contentUrl":"https:\/\/sakipsabancimuzesi.org\/shop\/wp-content\/uploads\/2019\/11\/logo.png","width":227,"height":87,"caption":"SSM Shop"},"image":{"@id":"https:\/\/sakipsabancimuzesi.org\/shop\/#\/schema\/logo\/image\/"},"sameAs":["https:\/\/www.facebook.com\/SakipSabanciMuzesi\/"]}]}},"jetpack_sharing_enabled":true,"_links":{"self":[{"href":"https:\/\/sakipsabancimuzesi.org\/shop\/wp-json\/wp\/v2\/product\/254639","targetHints":{"allow":["GET"]}}],"collection":[{"href":"https:\/\/sakipsabancimuzesi.org\/shop\/wp-json\/wp\/v2\/product"}],"about":[{"href":"https:\/\/sakipsabancimuzesi.org\/shop\/wp-json\/wp\/v2\/types\/product"}],"wp:featuredmedia":[{"embeddable":true,"href":"https:\/\/sakipsabancimuzesi.org\/shop\/wp-json\/wp\/v2\/media\/254642"}],"wp:attachment":[{"href":"https:\/\/sakipsabancimuzesi.org\/shop\/wp-json\/wp\/v2\/media?parent=254639"}],"wp:term":[{"taxonomy":"product_brand","embeddable":true,"href":"https:\/\/sakipsabancimuzesi.org\/shop\/wp-json\/wp\/v2\/product_brand?post=254639"},{"taxonomy":"product_cat","embeddable":true,"href":"https:\/\/sakipsabancimuzesi.org\/shop\/wp-json\/wp\/v2\/product_cat?post=254639"},{"taxonomy":"product_tag","embeddable":true,"href":"https:\/\/sakipsabancimuzesi.org\/shop\/wp-json\/wp\/v2\/product_tag?post=254639"},{"taxonomy":"woo-feed-brand","embeddable":true,"href":"https:\/\/sakipsabancimuzesi.org\/shop\/wp-json\/wp\/v2\/woo-feed-brand?post=254639"}],"curies":[{"name":"wp","href":"https:\/\/api.w.org\/{rel}","templated":true}]}}