{"id":254645,"date":"2023-01-12T11:43:06","date_gmt":"2023-01-12T08:43:06","guid":{"rendered":"https:\/\/sakipsabancimuzesi.org\/shop\/?post_type=product&#038;p=254645"},"modified":"2026-01-21T13:44:02","modified_gmt":"2026-01-21T10:44:02","slug":"imparator-penguen-eldiven-kirmizi","status":"publish","type":"product","link":"https:\/\/sakipsabancimuzesi.org\/shop\/urun\/moda\/aksesuar\/imparator-penguen-eldiven-kirmizi\/","title":{"rendered":"\u0130mparator Penguen Eldiven &#8211; K\u0131rm\u0131z\u0131"},"content":{"rendered":"<p>Yumu\u015fac\u0131k, %100 organik pamuktan \u00fcretilmi\u015f, parmak u\u00e7lar\u0131 dokunmatik, nak\u0131\u015fl\u0131, unisex eldiven.<br \/>\n%100 GOTS sertifikal\u0131 organik pamuktan \u00fcretilen bu eldiven, elini so\u011fuklardan korur, parmak u\u00e7lar\u0131ndaki dokunmatik \u00f6zelli\u011fiyle eldivenini \u00e7\u0131kartman\u0131 gerektirmez.<\/p>\n<p>Unisex, standart beden.<\/p>\n","protected":false},"excerpt":{"rendered":"<p>Yumu\u015fac\u0131k, %100 organik pamuktan \u00fcretilmi\u015f, parmak u\u00e7lar\u0131 dokunmatik, nak\u0131\u015fl\u0131, unisex eldiven. %100 GOTS sertifikal\u0131 organik pamuktan \u00fcretilen bu eldiven, elini so\u011fuklardan korur, parmak u\u00e7lar\u0131ndaki dokunmatik \u00f6zelli\u011fiyle eldivenini \u00e7\u0131kartman\u0131 gerektirmez. Unisex, standart beden.<\/p>\n","protected":false},"featured_media":254653,"template":"","meta":{"_exactmetrics_skip_tracking":false,"_exactmetrics_sitenote_active":false,"_exactmetrics_sitenote_note":"","_exactmetrics_sitenote_category":0},"product_brand":[],"product_cat":[649,650],"product_tag":[786],"woo-feed-brand":[],"class_list":{"0":"post-254645","1":"product","2":"type-product","3":"status-publish","4":"has-post-thumbnail","6":"product_cat-moda","7":"product_cat-aksesuar","8":"product_tag-dogadostu","10":"first","11":"instock","12":"taxable","13":"shipping-taxable","14":"purchasable","15":"product-type-simple"},"yoast_head":"<!-- This site is optimized with the Yoast SEO plugin v27.1.1 - https:\/\/yoast.com\/product\/yoast-seo-wordpress\/ -->\n<title>\u0130mparator Penguen Eldiven - K\u0131rm\u0131z\u0131 - SSM Shop<\/title>\n<meta name=\"robots\" content=\"index, follow, max-snippet:-1, max-image-preview:large, max-video-preview:-1\" \/>\n<link rel=\"canonical\" href=\"https:\/\/sakipsabancimuzesi.org\/shop\/urun\/moda\/aksesuar\/imparator-penguen-eldiven-kirmizi\/\" \/>\n<meta property=\"og:locale\" content=\"tr_TR\" \/>\n<meta property=\"og:type\" content=\"article\" \/>\n<meta property=\"og:title\" content=\"\u0130mparator Penguen Eldiven - K\u0131rm\u0131z\u0131 - SSM Shop\" \/>\n<meta property=\"og:description\" content=\"Yumu\u015fac\u0131k, %100 organik pamuktan \u00fcretilmi\u015f, parmak u\u00e7lar\u0131 dokunmatik, nak\u0131\u015fl\u0131, unisex eldiven. %100 GOTS sertifikal\u0131 organik pamuktan \u00fcretilen bu eldiven, elini so\u011fuklardan korur, parmak u\u00e7lar\u0131ndaki dokunmatik \u00f6zelli\u011fiyle eldivenini \u00e7\u0131kartman\u0131 gerektirmez. Unisex, standart beden.\" \/>\n<meta property=\"og:url\" content=\"https:\/\/sakipsabancimuzesi.org\/shop\/urun\/moda\/aksesuar\/imparator-penguen-eldiven-kirmizi\/\" \/>\n<meta property=\"og:site_name\" content=\"SSM Shop\" \/>\n<meta property=\"article:publisher\" content=\"https:\/\/www.facebook.com\/SakipSabanciMuzesi\/\" \/>\n<meta property=\"article:modified_time\" content=\"2026-01-21T10:44:02+00:00\" \/>\n<meta property=\"og:image\" content=\"https:\/\/sakipsabancimuzesi.org\/shop\/wp-content\/uploads\/2023\/01\/Imparator-Penguen-Eldiven-Kirmizi2.jpg\" \/>\n\t<meta property=\"og:image:width\" content=\"1280\" \/>\n\t<meta property=\"og:image:height\" content=\"1600\" \/>\n\t<meta property=\"og:image:type\" content=\"image\/jpeg\" \/>\n<meta name=\"twitter:card\" content=\"summary_large_image\" \/>\n<script type=\"application\/ld+json\" class=\"yoast-schema-graph\">{\"@context\":\"https:\/\/schema.org\",\"@graph\":[{\"@type\":\"WebPage\",\"@id\":\"https:\/\/sakipsabancimuzesi.org\/shop\/urun\/moda\/aksesuar\/imparator-penguen-eldiven-kirmizi\/\",\"url\":\"https:\/\/sakipsabancimuzesi.org\/shop\/urun\/moda\/aksesuar\/imparator-penguen-eldiven-kirmizi\/\",\"name\":\"\u0130mparator Penguen Eldiven - K\u0131rm\u0131z\u0131 - SSM Shop\",\"isPartOf\":{\"@id\":\"https:\/\/sakipsabancimuzesi.org\/shop\/#website\"},\"primaryImageOfPage\":{\"@id\":\"https:\/\/sakipsabancimuzesi.org\/shop\/urun\/moda\/aksesuar\/imparator-penguen-eldiven-kirmizi\/#primaryimage\"},\"image\":{\"@id\":\"https:\/\/sakipsabancimuzesi.org\/shop\/urun\/moda\/aksesuar\/imparator-penguen-eldiven-kirmizi\/#primaryimage\"},\"thumbnailUrl\":\"https:\/\/sakipsabancimuzesi.org\/shop\/wp-content\/uploads\/2023\/01\/Imparator-Penguen-Eldiven-Kirmizi2.jpg\",\"datePublished\":\"2023-01-12T08:43:06+00:00\",\"dateModified\":\"2026-01-21T10:44:02+00:00\",\"breadcrumb\":{\"@id\":\"https:\/\/sakipsabancimuzesi.org\/shop\/urun\/moda\/aksesuar\/imparator-penguen-eldiven-kirmizi\/#breadcrumb\"},\"inLanguage\":\"tr\",\"potentialAction\":[{\"@type\":\"ReadAction\",\"target\":[\"https:\/\/sakipsabancimuzesi.org\/shop\/urun\/moda\/aksesuar\/imparator-penguen-eldiven-kirmizi\/\"]}]},{\"@type\":\"ImageObject\",\"inLanguage\":\"tr\",\"@id\":\"https:\/\/sakipsabancimuzesi.org\/shop\/urun\/moda\/aksesuar\/imparator-penguen-eldiven-kirmizi\/#primaryimage\",\"url\":\"https:\/\/sakipsabancimuzesi.org\/shop\/wp-content\/uploads\/2023\/01\/Imparator-Penguen-Eldiven-Kirmizi2.jpg\",\"contentUrl\":\"https:\/\/sakipsabancimuzesi.org\/shop\/wp-content\/uploads\/2023\/01\/Imparator-Penguen-Eldiven-Kirmizi2.jpg\",\"width\":1280,\"height\":1600},{\"@type\":\"BreadcrumbList\",\"@id\":\"https:\/\/sakipsabancimuzesi.org\/shop\/urun\/moda\/aksesuar\/imparator-penguen-eldiven-kirmizi\/#breadcrumb\",\"itemListElement\":[{\"@type\":\"ListItem\",\"position\":1,\"name\":\"Ana sayfa\",\"item\":\"https:\/\/sakipsabancimuzesi.org\/shop\/\"},{\"@type\":\"ListItem\",\"position\":2,\"name\":\"Shop\",\"item\":\"https:\/\/sakipsabancimuzesi.org\/shop\/shop\/\"},{\"@type\":\"ListItem\",\"position\":3,\"name\":\"\u0130mparator Penguen Eldiven &#8211; K\u0131rm\u0131z\u0131\"}]},{\"@type\":\"WebSite\",\"@id\":\"https:\/\/sakipsabancimuzesi.org\/shop\/#website\",\"url\":\"https:\/\/sakipsabancimuzesi.org\/shop\/\",\"name\":\"SSM Shop\",\"description\":\"Sak\u0131p Sabanc\u0131 M\u00fczesi, Ma\u011faza\",\"publisher\":{\"@id\":\"https:\/\/sakipsabancimuzesi.org\/shop\/#organization\"},\"potentialAction\":[{\"@type\":\"SearchAction\",\"target\":{\"@type\":\"EntryPoint\",\"urlTemplate\":\"https:\/\/sakipsabancimuzesi.org\/shop\/?s={search_term_string}\"},\"query-input\":{\"@type\":\"PropertyValueSpecification\",\"valueRequired\":true,\"valueName\":\"search_term_string\"}}],\"inLanguage\":\"tr\"},{\"@type\":\"Organization\",\"@id\":\"https:\/\/sakipsabancimuzesi.org\/shop\/#organization\",\"name\":\"SSM Shop\",\"url\":\"https:\/\/sakipsabancimuzesi.org\/shop\/\",\"logo\":{\"@type\":\"ImageObject\",\"inLanguage\":\"tr\",\"@id\":\"https:\/\/sakipsabancimuzesi.org\/shop\/#\/schema\/logo\/image\/\",\"url\":\"https:\/\/sakipsabancimuzesi.org\/shop\/wp-content\/uploads\/2019\/11\/logo.png\",\"contentUrl\":\"https:\/\/sakipsabancimuzesi.org\/shop\/wp-content\/uploads\/2019\/11\/logo.png\",\"width\":227,\"height\":87,\"caption\":\"SSM Shop\"},\"image\":{\"@id\":\"https:\/\/sakipsabancimuzesi.org\/shop\/#\/schema\/logo\/image\/\"},\"sameAs\":[\"https:\/\/www.facebook.com\/SakipSabanciMuzesi\/\"]}]}<\/script>\n<!-- \/ Yoast SEO plugin. -->","yoast_head_json":{"title":"\u0130mparator Penguen Eldiven - K\u0131rm\u0131z\u0131 - SSM Shop","robots":{"index":"index","follow":"follow","max-snippet":"max-snippet:-1","max-image-preview":"max-image-preview:large","max-video-preview":"max-video-preview:-1"},"canonical":"https:\/\/sakipsabancimuzesi.org\/shop\/urun\/moda\/aksesuar\/imparator-penguen-eldiven-kirmizi\/","og_locale":"tr_TR","og_type":"article","og_title":"\u0130mparator Penguen Eldiven - K\u0131rm\u0131z\u0131 - SSM Shop","og_description":"Yumu\u015fac\u0131k, %100 organik pamuktan \u00fcretilmi\u015f, parmak u\u00e7lar\u0131 dokunmatik, nak\u0131\u015fl\u0131, unisex eldiven. %100 GOTS sertifikal\u0131 organik pamuktan \u00fcretilen bu eldiven, elini so\u011fuklardan korur, parmak u\u00e7lar\u0131ndaki dokunmatik \u00f6zelli\u011fiyle eldivenini \u00e7\u0131kartman\u0131 gerektirmez. Unisex, standart beden.","og_url":"https:\/\/sakipsabancimuzesi.org\/shop\/urun\/moda\/aksesuar\/imparator-penguen-eldiven-kirmizi\/","og_site_name":"SSM Shop","article_publisher":"https:\/\/www.facebook.com\/SakipSabanciMuzesi\/","article_modified_time":"2026-01-21T10:44:02+00:00","og_image":[{"width":1280,"height":1600,"url":"https:\/\/sakipsabancimuzesi.org\/shop\/wp-content\/uploads\/2023\/01\/Imparator-Penguen-Eldiven-Kirmizi2.jpg","type":"image\/jpeg"}],"twitter_card":"summary_large_image","schema":{"@context":"https:\/\/schema.org","@graph":[{"@type":"WebPage","@id":"https:\/\/sakipsabancimuzesi.org\/shop\/urun\/moda\/aksesuar\/imparator-penguen-eldiven-kirmizi\/","url":"https:\/\/sakipsabancimuzesi.org\/shop\/urun\/moda\/aksesuar\/imparator-penguen-eldiven-kirmizi\/","name":"\u0130mparator Penguen Eldiven - K\u0131rm\u0131z\u0131 - SSM Shop","isPartOf":{"@id":"https:\/\/sakipsabancimuzesi.org\/shop\/#website"},"primaryImageOfPage":{"@id":"https:\/\/sakipsabancimuzesi.org\/shop\/urun\/moda\/aksesuar\/imparator-penguen-eldiven-kirmizi\/#primaryimage"},"image":{"@id":"https:\/\/sakipsabancimuzesi.org\/shop\/urun\/moda\/aksesuar\/imparator-penguen-eldiven-kirmizi\/#primaryimage"},"thumbnailUrl":"https:\/\/sakipsabancimuzesi.org\/shop\/wp-content\/uploads\/2023\/01\/Imparator-Penguen-Eldiven-Kirmizi2.jpg","datePublished":"2023-01-12T08:43:06+00:00","dateModified":"2026-01-21T10:44:02+00:00","breadcrumb":{"@id":"https:\/\/sakipsabancimuzesi.org\/shop\/urun\/moda\/aksesuar\/imparator-penguen-eldiven-kirmizi\/#breadcrumb"},"inLanguage":"tr","potentialAction":[{"@type":"ReadAction","target":["https:\/\/sakipsabancimuzesi.org\/shop\/urun\/moda\/aksesuar\/imparator-penguen-eldiven-kirmizi\/"]}]},{"@type":"ImageObject","inLanguage":"tr","@id":"https:\/\/sakipsabancimuzesi.org\/shop\/urun\/moda\/aksesuar\/imparator-penguen-eldiven-kirmizi\/#primaryimage","url":"https:\/\/sakipsabancimuzesi.org\/shop\/wp-content\/uploads\/2023\/01\/Imparator-Penguen-Eldiven-Kirmizi2.jpg","contentUrl":"https:\/\/sakipsabancimuzesi.org\/shop\/wp-content\/uploads\/2023\/01\/Imparator-Penguen-Eldiven-Kirmizi2.jpg","width":1280,"height":1600},{"@type":"BreadcrumbList","@id":"https:\/\/sakipsabancimuzesi.org\/shop\/urun\/moda\/aksesuar\/imparator-penguen-eldiven-kirmizi\/#breadcrumb","itemListElement":[{"@type":"ListItem","position":1,"name":"Ana sayfa","item":"https:\/\/sakipsabancimuzesi.org\/shop\/"},{"@type":"ListItem","position":2,"name":"Shop","item":"https:\/\/sakipsabancimuzesi.org\/shop\/shop\/"},{"@type":"ListItem","position":3,"name":"\u0130mparator Penguen Eldiven &#8211; K\u0131rm\u0131z\u0131"}]},{"@type":"WebSite","@id":"https:\/\/sakipsabancimuzesi.org\/shop\/#website","url":"https:\/\/sakipsabancimuzesi.org\/shop\/","name":"SSM Shop","description":"Sak\u0131p Sabanc\u0131 M\u00fczesi, Ma\u011faza","publisher":{"@id":"https:\/\/sakipsabancimuzesi.org\/shop\/#organization"},"potentialAction":[{"@type":"SearchAction","target":{"@type":"EntryPoint","urlTemplate":"https:\/\/sakipsabancimuzesi.org\/shop\/?s={search_term_string}"},"query-input":{"@type":"PropertyValueSpecification","valueRequired":true,"valueName":"search_term_string"}}],"inLanguage":"tr"},{"@type":"Organization","@id":"https:\/\/sakipsabancimuzesi.org\/shop\/#organization","name":"SSM Shop","url":"https:\/\/sakipsabancimuzesi.org\/shop\/","logo":{"@type":"ImageObject","inLanguage":"tr","@id":"https:\/\/sakipsabancimuzesi.org\/shop\/#\/schema\/logo\/image\/","url":"https:\/\/sakipsabancimuzesi.org\/shop\/wp-content\/uploads\/2019\/11\/logo.png","contentUrl":"https:\/\/sakipsabancimuzesi.org\/shop\/wp-content\/uploads\/2019\/11\/logo.png","width":227,"height":87,"caption":"SSM Shop"},"image":{"@id":"https:\/\/sakipsabancimuzesi.org\/shop\/#\/schema\/logo\/image\/"},"sameAs":["https:\/\/www.facebook.com\/SakipSabanciMuzesi\/"]}]}},"jetpack_sharing_enabled":true,"_links":{"self":[{"href":"https:\/\/sakipsabancimuzesi.org\/shop\/wp-json\/wp\/v2\/product\/254645","targetHints":{"allow":["GET"]}}],"collection":[{"href":"https:\/\/sakipsabancimuzesi.org\/shop\/wp-json\/wp\/v2\/product"}],"about":[{"href":"https:\/\/sakipsabancimuzesi.org\/shop\/wp-json\/wp\/v2\/types\/product"}],"wp:featuredmedia":[{"embeddable":true,"href":"https:\/\/sakipsabancimuzesi.org\/shop\/wp-json\/wp\/v2\/media\/254653"}],"wp:attachment":[{"href":"https:\/\/sakipsabancimuzesi.org\/shop\/wp-json\/wp\/v2\/media?parent=254645"}],"wp:term":[{"taxonomy":"product_brand","embeddable":true,"href":"https:\/\/sakipsabancimuzesi.org\/shop\/wp-json\/wp\/v2\/product_brand?post=254645"},{"taxonomy":"product_cat","embeddable":true,"href":"https:\/\/sakipsabancimuzesi.org\/shop\/wp-json\/wp\/v2\/product_cat?post=254645"},{"taxonomy":"product_tag","embeddable":true,"href":"https:\/\/sakipsabancimuzesi.org\/shop\/wp-json\/wp\/v2\/product_tag?post=254645"},{"taxonomy":"woo-feed-brand","embeddable":true,"href":"https:\/\/sakipsabancimuzesi.org\/shop\/wp-json\/wp\/v2\/woo-feed-brand?post=254645"}],"curies":[{"name":"wp","href":"https:\/\/api.w.org\/{rel}","templated":true}]}}