{"id":254809,"date":"2023-02-01T16:09:06","date_gmt":"2023-02-01T13:09:06","guid":{"rendered":"https:\/\/sakipsabancimuzesi.org\/shop\/?post_type=product&#038;p=254809"},"modified":"2026-04-30T14:46:55","modified_gmt":"2026-04-30T11:46:55","slug":"kucuk-prens","status":"publish","type":"product","link":"https:\/\/sakipsabancimuzesi.org\/shop\/urun\/yayin-ve-multimedya\/cocuk-kitaplari\/kucuk-prens\/","title":{"rendered":"K\u00fc\u00e7\u00fck Prens"},"content":{"rendered":"<p>Redhouse Kidz taraf\u0131ndan yay\u0131mlanan K\u00fc\u00e7\u00fck Prens Louise Greig&#8217;in \u015fiirsel \u00fcslubu ve Sarah Massini&#8217;nin b\u00fcy\u00fcleyici resimleriyle benzersiz bir uyarlama. D\u00fcnyan\u0131n en \u00e7ok okunan kitaplar\u0131ndan biri olan K\u00fc\u00e7\u00fck Prens&#8217;in bu k\u0131sa uyarlamas\u0131 k\u00fc\u00e7\u00fck \u00e7ocuklar\u0131n da kalbini \u00e7alacak.<\/p>\n<p>U\u00e7a\u011f\u0131 bozulunca \u00e7\u00f6lde g\u00f6lgesiyle ba\u015f ba\u015fa kalan bir pilot sabah uyand\u0131\u011f\u0131nda ola\u011fan\u00fcst\u00fc bir \u00e7ocukla kar\u015f\u0131la\u015f\u0131r. &#8220;Bana bir koyun \u00e7izer misin l\u00fctfen?&#8221; der k\u00fc\u00e7\u00fck o\u011flan. Pilot k\u00e2\u011f\u0131t kalem \u00e7\u0131kar\u0131r ve g\u00fczeller g\u00fczeli bir g\u00fcl bir tilki ve hayata dair pek \u00e7ok s\u0131rr\u0131 i\u00e7eren sihirli bir \u00f6yk\u00fc ba\u015flar&#8230;<\/p>\n<p>\u00d6d\u00fcll\u00fc \u015fair yazar Louise Greig Antoine de Saint-Exup\u00e9ry&#8217;nin klasik roman\u0131n\u0131n \u00f6z\u00fcn\u00fc koruyarak K\u00fc\u00e7\u00fck Prens&#8217;in g\u00fcl\u00fcyle ili\u015fkisine odaklan\u0131yor. Kendi gezegeninde g\u00fczel g\u00fcl\u00fcne bakan K\u00fc\u00e7\u00fck Prens&#8217;in \u015fa\u015f\u0131rt\u0131c\u0131 yeni gezegenlere ve sevginin do\u011fas\u0131n\u0131 ke\u015ffetti\u011fi D\u00fcnya&#8217;ya yapt\u0131\u011f\u0131 ilgin\u00e7 ve harika yolculuk hem \u00f6yk\u00fcs\u00fc hem de resimleriyle yepyeni bir ifade buluyor.<\/p>\n<p>Nesiller boyu okurlar\u0131n kalbini fetheden K\u00fc\u00e7\u00fck Prens&#8217;in k\u0131sa bir uyarlamas\u0131 olan bu resimli kitap daha k\u00fc\u00e7\u00fck \u00e7ocuklar\u0131n da edebiyat\u0131n temel eserlerinden biri say\u0131lan bu klasi\u011fe eri\u015fmesine olanak tan\u0131yacak.<\/p>\n","protected":false},"excerpt":{"rendered":"<p>Redhouse Kidz taraf\u0131ndan yay\u0131mlanan K\u00fc\u00e7\u00fck Prens Louise Greig&#8217;in \u015fiirsel \u00fcslubu ve Sarah Massini&#8217;nin b\u00fcy\u00fcleyici resimleriyle benzersiz bir uyarlama. D\u00fcnyan\u0131n en \u00e7ok okunan kitaplar\u0131ndan biri olan K\u00fc\u00e7\u00fck Prens&#8217;in bu k\u0131sa uyarlamas\u0131 k\u00fc\u00e7\u00fck \u00e7ocuklar\u0131n da kalbini \u00e7alacak. U\u00e7a\u011f\u0131 bozulunca \u00e7\u00f6lde g\u00f6lgesiyle ba\u015f ba\u015fa kalan bir pilot sabah uyand\u0131\u011f\u0131nda ola\u011fan\u00fcst\u00fc bir \u00e7ocukla kar\u015f\u0131la\u015f\u0131r. &#8220;Bana bir koyun \u00e7izer misin [&#8230;]\n","protected":false},"featured_media":254814,"template":"","meta":{"_exactmetrics_skip_tracking":false,"_exactmetrics_sitenote_active":false,"_exactmetrics_sitenote_note":"","_exactmetrics_sitenote_category":0},"product_brand":[],"product_cat":[662,665,760],"product_tag":[],"woo-feed-brand":[],"class_list":{"0":"post-254809","1":"product","2":"type-product","3":"status-publish","4":"has-post-thumbnail","6":"product_cat-yayin-ve-multimedya","7":"product_cat-cocuk-kitaplari","8":"product_cat-cocuk-kitaplari-cocuk-ve-oyun","10":"first","11":"instock","12":"taxable","13":"shipping-taxable","14":"purchasable","15":"product-type-simple"},"yoast_head":"<!-- This site is optimized with the Yoast SEO plugin v27.1.1 - https:\/\/yoast.com\/product\/yoast-seo-wordpress\/ -->\n<title>K\u00fc\u00e7\u00fck Prens - SSM Shop<\/title>\n<meta name=\"robots\" content=\"index, follow, max-snippet:-1, max-image-preview:large, max-video-preview:-1\" \/>\n<link rel=\"canonical\" href=\"https:\/\/sakipsabancimuzesi.org\/shop\/urun\/yayin-ve-multimedya\/cocuk-kitaplari\/kucuk-prens\/\" \/>\n<meta property=\"og:locale\" content=\"tr_TR\" \/>\n<meta property=\"og:type\" content=\"article\" \/>\n<meta property=\"og:title\" content=\"K\u00fc\u00e7\u00fck Prens - SSM Shop\" \/>\n<meta property=\"og:description\" content=\"Redhouse Kidz taraf\u0131ndan yay\u0131mlanan K\u00fc\u00e7\u00fck Prens Louise Greig&#8217;in \u015fiirsel \u00fcslubu ve Sarah Massini&#8217;nin b\u00fcy\u00fcleyici resimleriyle benzersiz bir uyarlama. D\u00fcnyan\u0131n en \u00e7ok okunan kitaplar\u0131ndan biri olan K\u00fc\u00e7\u00fck Prens&#8217;in bu k\u0131sa uyarlamas\u0131 k\u00fc\u00e7\u00fck \u00e7ocuklar\u0131n da kalbini \u00e7alacak. U\u00e7a\u011f\u0131 bozulunca \u00e7\u00f6lde g\u00f6lgesiyle ba\u015f ba\u015fa kalan bir pilot sabah uyand\u0131\u011f\u0131nda ola\u011fan\u00fcst\u00fc bir \u00e7ocukla kar\u015f\u0131la\u015f\u0131r. &#8220;Bana bir koyun \u00e7izer misin [...]\" \/>\n<meta property=\"og:url\" content=\"https:\/\/sakipsabancimuzesi.org\/shop\/urun\/yayin-ve-multimedya\/cocuk-kitaplari\/kucuk-prens\/\" \/>\n<meta property=\"og:site_name\" content=\"SSM Shop\" \/>\n<meta property=\"article:publisher\" content=\"https:\/\/www.facebook.com\/SakipSabanciMuzesi\/\" \/>\n<meta property=\"article:modified_time\" content=\"2026-04-30T11:46:55+00:00\" \/>\n<meta property=\"og:image\" content=\"https:\/\/sakipsabancimuzesi.org\/shop\/wp-content\/uploads\/2023\/02\/Kucuk-Prens.jpg\" \/>\n\t<meta property=\"og:image:width\" content=\"1280\" \/>\n\t<meta property=\"og:image:height\" content=\"1600\" \/>\n\t<meta property=\"og:image:type\" content=\"image\/jpeg\" \/>\n<meta name=\"twitter:card\" content=\"summary_large_image\" \/>\n<meta name=\"twitter:label1\" content=\"Tahmini okuma s\u00fcresi\" \/>\n\t<meta name=\"twitter:data1\" content=\"1 dakika\" \/>\n<script type=\"application\/ld+json\" class=\"yoast-schema-graph\">{\"@context\":\"https:\/\/schema.org\",\"@graph\":[{\"@type\":\"WebPage\",\"@id\":\"https:\/\/sakipsabancimuzesi.org\/shop\/urun\/yayin-ve-multimedya\/cocuk-kitaplari\/kucuk-prens\/\",\"url\":\"https:\/\/sakipsabancimuzesi.org\/shop\/urun\/yayin-ve-multimedya\/cocuk-kitaplari\/kucuk-prens\/\",\"name\":\"K\u00fc\u00e7\u00fck Prens - SSM Shop\",\"isPartOf\":{\"@id\":\"https:\/\/sakipsabancimuzesi.org\/shop\/#website\"},\"primaryImageOfPage\":{\"@id\":\"https:\/\/sakipsabancimuzesi.org\/shop\/urun\/yayin-ve-multimedya\/cocuk-kitaplari\/kucuk-prens\/#primaryimage\"},\"image\":{\"@id\":\"https:\/\/sakipsabancimuzesi.org\/shop\/urun\/yayin-ve-multimedya\/cocuk-kitaplari\/kucuk-prens\/#primaryimage\"},\"thumbnailUrl\":\"https:\/\/sakipsabancimuzesi.org\/shop\/wp-content\/uploads\/2023\/02\/Kucuk-Prens.jpg\",\"datePublished\":\"2023-02-01T13:09:06+00:00\",\"dateModified\":\"2026-04-30T11:46:55+00:00\",\"breadcrumb\":{\"@id\":\"https:\/\/sakipsabancimuzesi.org\/shop\/urun\/yayin-ve-multimedya\/cocuk-kitaplari\/kucuk-prens\/#breadcrumb\"},\"inLanguage\":\"tr\",\"potentialAction\":[{\"@type\":\"ReadAction\",\"target\":[\"https:\/\/sakipsabancimuzesi.org\/shop\/urun\/yayin-ve-multimedya\/cocuk-kitaplari\/kucuk-prens\/\"]}]},{\"@type\":\"ImageObject\",\"inLanguage\":\"tr\",\"@id\":\"https:\/\/sakipsabancimuzesi.org\/shop\/urun\/yayin-ve-multimedya\/cocuk-kitaplari\/kucuk-prens\/#primaryimage\",\"url\":\"https:\/\/sakipsabancimuzesi.org\/shop\/wp-content\/uploads\/2023\/02\/Kucuk-Prens.jpg\",\"contentUrl\":\"https:\/\/sakipsabancimuzesi.org\/shop\/wp-content\/uploads\/2023\/02\/Kucuk-Prens.jpg\",\"width\":1280,\"height\":1600},{\"@type\":\"BreadcrumbList\",\"@id\":\"https:\/\/sakipsabancimuzesi.org\/shop\/urun\/yayin-ve-multimedya\/cocuk-kitaplari\/kucuk-prens\/#breadcrumb\",\"itemListElement\":[{\"@type\":\"ListItem\",\"position\":1,\"name\":\"Ana sayfa\",\"item\":\"https:\/\/sakipsabancimuzesi.org\/shop\/\"},{\"@type\":\"ListItem\",\"position\":2,\"name\":\"Shop\",\"item\":\"https:\/\/sakipsabancimuzesi.org\/shop\/shop\/\"},{\"@type\":\"ListItem\",\"position\":3,\"name\":\"K\u00fc\u00e7\u00fck Prens\"}]},{\"@type\":\"WebSite\",\"@id\":\"https:\/\/sakipsabancimuzesi.org\/shop\/#website\",\"url\":\"https:\/\/sakipsabancimuzesi.org\/shop\/\",\"name\":\"SSM Shop\",\"description\":\"Sak\u0131p Sabanc\u0131 M\u00fczesi, Ma\u011faza\",\"publisher\":{\"@id\":\"https:\/\/sakipsabancimuzesi.org\/shop\/#organization\"},\"potentialAction\":[{\"@type\":\"SearchAction\",\"target\":{\"@type\":\"EntryPoint\",\"urlTemplate\":\"https:\/\/sakipsabancimuzesi.org\/shop\/?s={search_term_string}\"},\"query-input\":{\"@type\":\"PropertyValueSpecification\",\"valueRequired\":true,\"valueName\":\"search_term_string\"}}],\"inLanguage\":\"tr\"},{\"@type\":\"Organization\",\"@id\":\"https:\/\/sakipsabancimuzesi.org\/shop\/#organization\",\"name\":\"SSM Shop\",\"url\":\"https:\/\/sakipsabancimuzesi.org\/shop\/\",\"logo\":{\"@type\":\"ImageObject\",\"inLanguage\":\"tr\",\"@id\":\"https:\/\/sakipsabancimuzesi.org\/shop\/#\/schema\/logo\/image\/\",\"url\":\"https:\/\/sakipsabancimuzesi.org\/shop\/wp-content\/uploads\/2019\/11\/logo.png\",\"contentUrl\":\"https:\/\/sakipsabancimuzesi.org\/shop\/wp-content\/uploads\/2019\/11\/logo.png\",\"width\":227,\"height\":87,\"caption\":\"SSM Shop\"},\"image\":{\"@id\":\"https:\/\/sakipsabancimuzesi.org\/shop\/#\/schema\/logo\/image\/\"},\"sameAs\":[\"https:\/\/www.facebook.com\/SakipSabanciMuzesi\/\"]}]}<\/script>\n<!-- \/ Yoast SEO plugin. -->","yoast_head_json":{"title":"K\u00fc\u00e7\u00fck Prens - SSM Shop","robots":{"index":"index","follow":"follow","max-snippet":"max-snippet:-1","max-image-preview":"max-image-preview:large","max-video-preview":"max-video-preview:-1"},"canonical":"https:\/\/sakipsabancimuzesi.org\/shop\/urun\/yayin-ve-multimedya\/cocuk-kitaplari\/kucuk-prens\/","og_locale":"tr_TR","og_type":"article","og_title":"K\u00fc\u00e7\u00fck Prens - SSM Shop","og_description":"Redhouse Kidz taraf\u0131ndan yay\u0131mlanan K\u00fc\u00e7\u00fck Prens Louise Greig&#8217;in \u015fiirsel \u00fcslubu ve Sarah Massini&#8217;nin b\u00fcy\u00fcleyici resimleriyle benzersiz bir uyarlama. D\u00fcnyan\u0131n en \u00e7ok okunan kitaplar\u0131ndan biri olan K\u00fc\u00e7\u00fck Prens&#8217;in bu k\u0131sa uyarlamas\u0131 k\u00fc\u00e7\u00fck \u00e7ocuklar\u0131n da kalbini \u00e7alacak. U\u00e7a\u011f\u0131 bozulunca \u00e7\u00f6lde g\u00f6lgesiyle ba\u015f ba\u015fa kalan bir pilot sabah uyand\u0131\u011f\u0131nda ola\u011fan\u00fcst\u00fc bir \u00e7ocukla kar\u015f\u0131la\u015f\u0131r. &#8220;Bana bir koyun \u00e7izer misin [...]","og_url":"https:\/\/sakipsabancimuzesi.org\/shop\/urun\/yayin-ve-multimedya\/cocuk-kitaplari\/kucuk-prens\/","og_site_name":"SSM Shop","article_publisher":"https:\/\/www.facebook.com\/SakipSabanciMuzesi\/","article_modified_time":"2026-04-30T11:46:55+00:00","og_image":[{"width":1280,"height":1600,"url":"https:\/\/sakipsabancimuzesi.org\/shop\/wp-content\/uploads\/2023\/02\/Kucuk-Prens.jpg","type":"image\/jpeg"}],"twitter_card":"summary_large_image","twitter_misc":{"Tahmini okuma s\u00fcresi":"1 dakika"},"schema":{"@context":"https:\/\/schema.org","@graph":[{"@type":"WebPage","@id":"https:\/\/sakipsabancimuzesi.org\/shop\/urun\/yayin-ve-multimedya\/cocuk-kitaplari\/kucuk-prens\/","url":"https:\/\/sakipsabancimuzesi.org\/shop\/urun\/yayin-ve-multimedya\/cocuk-kitaplari\/kucuk-prens\/","name":"K\u00fc\u00e7\u00fck Prens - SSM Shop","isPartOf":{"@id":"https:\/\/sakipsabancimuzesi.org\/shop\/#website"},"primaryImageOfPage":{"@id":"https:\/\/sakipsabancimuzesi.org\/shop\/urun\/yayin-ve-multimedya\/cocuk-kitaplari\/kucuk-prens\/#primaryimage"},"image":{"@id":"https:\/\/sakipsabancimuzesi.org\/shop\/urun\/yayin-ve-multimedya\/cocuk-kitaplari\/kucuk-prens\/#primaryimage"},"thumbnailUrl":"https:\/\/sakipsabancimuzesi.org\/shop\/wp-content\/uploads\/2023\/02\/Kucuk-Prens.jpg","datePublished":"2023-02-01T13:09:06+00:00","dateModified":"2026-04-30T11:46:55+00:00","breadcrumb":{"@id":"https:\/\/sakipsabancimuzesi.org\/shop\/urun\/yayin-ve-multimedya\/cocuk-kitaplari\/kucuk-prens\/#breadcrumb"},"inLanguage":"tr","potentialAction":[{"@type":"ReadAction","target":["https:\/\/sakipsabancimuzesi.org\/shop\/urun\/yayin-ve-multimedya\/cocuk-kitaplari\/kucuk-prens\/"]}]},{"@type":"ImageObject","inLanguage":"tr","@id":"https:\/\/sakipsabancimuzesi.org\/shop\/urun\/yayin-ve-multimedya\/cocuk-kitaplari\/kucuk-prens\/#primaryimage","url":"https:\/\/sakipsabancimuzesi.org\/shop\/wp-content\/uploads\/2023\/02\/Kucuk-Prens.jpg","contentUrl":"https:\/\/sakipsabancimuzesi.org\/shop\/wp-content\/uploads\/2023\/02\/Kucuk-Prens.jpg","width":1280,"height":1600},{"@type":"BreadcrumbList","@id":"https:\/\/sakipsabancimuzesi.org\/shop\/urun\/yayin-ve-multimedya\/cocuk-kitaplari\/kucuk-prens\/#breadcrumb","itemListElement":[{"@type":"ListItem","position":1,"name":"Ana sayfa","item":"https:\/\/sakipsabancimuzesi.org\/shop\/"},{"@type":"ListItem","position":2,"name":"Shop","item":"https:\/\/sakipsabancimuzesi.org\/shop\/shop\/"},{"@type":"ListItem","position":3,"name":"K\u00fc\u00e7\u00fck Prens"}]},{"@type":"WebSite","@id":"https:\/\/sakipsabancimuzesi.org\/shop\/#website","url":"https:\/\/sakipsabancimuzesi.org\/shop\/","name":"SSM Shop","description":"Sak\u0131p Sabanc\u0131 M\u00fczesi, Ma\u011faza","publisher":{"@id":"https:\/\/sakipsabancimuzesi.org\/shop\/#organization"},"potentialAction":[{"@type":"SearchAction","target":{"@type":"EntryPoint","urlTemplate":"https:\/\/sakipsabancimuzesi.org\/shop\/?s={search_term_string}"},"query-input":{"@type":"PropertyValueSpecification","valueRequired":true,"valueName":"search_term_string"}}],"inLanguage":"tr"},{"@type":"Organization","@id":"https:\/\/sakipsabancimuzesi.org\/shop\/#organization","name":"SSM Shop","url":"https:\/\/sakipsabancimuzesi.org\/shop\/","logo":{"@type":"ImageObject","inLanguage":"tr","@id":"https:\/\/sakipsabancimuzesi.org\/shop\/#\/schema\/logo\/image\/","url":"https:\/\/sakipsabancimuzesi.org\/shop\/wp-content\/uploads\/2019\/11\/logo.png","contentUrl":"https:\/\/sakipsabancimuzesi.org\/shop\/wp-content\/uploads\/2019\/11\/logo.png","width":227,"height":87,"caption":"SSM Shop"},"image":{"@id":"https:\/\/sakipsabancimuzesi.org\/shop\/#\/schema\/logo\/image\/"},"sameAs":["https:\/\/www.facebook.com\/SakipSabanciMuzesi\/"]}]}},"jetpack_sharing_enabled":true,"_links":{"self":[{"href":"https:\/\/sakipsabancimuzesi.org\/shop\/wp-json\/wp\/v2\/product\/254809","targetHints":{"allow":["GET"]}}],"collection":[{"href":"https:\/\/sakipsabancimuzesi.org\/shop\/wp-json\/wp\/v2\/product"}],"about":[{"href":"https:\/\/sakipsabancimuzesi.org\/shop\/wp-json\/wp\/v2\/types\/product"}],"wp:featuredmedia":[{"embeddable":true,"href":"https:\/\/sakipsabancimuzesi.org\/shop\/wp-json\/wp\/v2\/media\/254814"}],"wp:attachment":[{"href":"https:\/\/sakipsabancimuzesi.org\/shop\/wp-json\/wp\/v2\/media?parent=254809"}],"wp:term":[{"taxonomy":"product_brand","embeddable":true,"href":"https:\/\/sakipsabancimuzesi.org\/shop\/wp-json\/wp\/v2\/product_brand?post=254809"},{"taxonomy":"product_cat","embeddable":true,"href":"https:\/\/sakipsabancimuzesi.org\/shop\/wp-json\/wp\/v2\/product_cat?post=254809"},{"taxonomy":"product_tag","embeddable":true,"href":"https:\/\/sakipsabancimuzesi.org\/shop\/wp-json\/wp\/v2\/product_tag?post=254809"},{"taxonomy":"woo-feed-brand","embeddable":true,"href":"https:\/\/sakipsabancimuzesi.org\/shop\/wp-json\/wp\/v2\/woo-feed-brand?post=254809"}],"curies":[{"name":"wp","href":"https:\/\/api.w.org\/{rel}","templated":true}]}}