{"id":254815,"date":"2023-02-01T16:11:03","date_gmt":"2023-02-01T13:11:03","guid":{"rendered":"https:\/\/sakipsabancimuzesi.org\/shop\/?post_type=product&#038;p=254815"},"modified":"2026-02-09T10:18:30","modified_gmt":"2026-02-09T07:18:30","slug":"dunyada-100-kisi-olsaydi","status":"publish","type":"product","link":"https:\/\/sakipsabancimuzesi.org\/shop\/urun\/yayin-ve-multimedya\/cocuk-kitaplari\/dunyada-100-kisi-olsaydi\/","title":{"rendered":"D\u00fcnyada 100 Ki\u015fi Olsayd\u0131"},"content":{"rendered":"<p>\u00c7ocuk yazar\u0131 Jackie McCann\u2019in kaleme ald\u0131\u011f\u0131, Aaron Cushley\u2019in resimledi\u011fi \u201cD\u00fcnyada 100 Ki\u015fi Olsayd\u0131\u201d, Redhouse Kidz taraf\u0131ndan yay\u0131mland\u0131.<\/p>\n<p>\u015eiirsel Ta\u015f\u2019\u0131n \u00e7evirisiyle yay\u0131mlanan ve d\u00fc\u015f\u00fcnd\u00fcr\u00fcc\u00fc y\u00f6n\u00fcyle \u00f6ne \u00e7\u0131kan kitap, el ele verirsek sorunlar\u0131 \u00e7\u00f6zebilece\u011fimizi, istedi\u011fimiz gibi bir gelecek yaratabilece\u011fimizi vurguluyor.<\/p>\n","protected":false},"excerpt":{"rendered":"<p>\u00c7ocuk yazar\u0131 Jackie McCann\u2019in kaleme ald\u0131\u011f\u0131, Aaron Cushley\u2019in resimledi\u011fi \u201cD\u00fcnyada 100 Ki\u015fi Olsayd\u0131\u201d, Redhouse Kidz taraf\u0131ndan yay\u0131mland\u0131. \u015eiirsel Ta\u015f\u2019\u0131n \u00e7evirisiyle yay\u0131mlanan ve d\u00fc\u015f\u00fcnd\u00fcr\u00fcc\u00fc y\u00f6n\u00fcyle \u00f6ne \u00e7\u0131kan kitap, el ele verirsek sorunlar\u0131 \u00e7\u00f6zebilece\u011fimizi, istedi\u011fimiz gibi bir gelecek yaratabilece\u011fimizi vurguluyor.<\/p>\n","protected":false},"featured_media":254817,"template":"","meta":{"_exactmetrics_skip_tracking":false,"_exactmetrics_sitenote_active":false,"_exactmetrics_sitenote_note":"","_exactmetrics_sitenote_category":0},"product_brand":[],"product_cat":[662,665,760],"product_tag":[],"woo-feed-brand":[],"class_list":{"0":"post-254815","1":"product","2":"type-product","3":"status-publish","4":"has-post-thumbnail","6":"product_cat-yayin-ve-multimedya","7":"product_cat-cocuk-kitaplari","8":"product_cat-cocuk-kitaplari-cocuk-ve-oyun","10":"first","11":"instock","12":"taxable","13":"shipping-taxable","14":"purchasable","15":"product-type-simple"},"yoast_head":"<!-- This site is optimized with the Yoast SEO plugin v27.1.1 - https:\/\/yoast.com\/product\/yoast-seo-wordpress\/ -->\n<title>D\u00fcnyada 100 Ki\u015fi Olsayd\u0131 - SSM Shop<\/title>\n<meta name=\"robots\" content=\"index, follow, max-snippet:-1, max-image-preview:large, max-video-preview:-1\" \/>\n<link rel=\"canonical\" href=\"https:\/\/sakipsabancimuzesi.org\/shop\/urun\/yayin-ve-multimedya\/cocuk-kitaplari\/dunyada-100-kisi-olsaydi\/\" \/>\n<meta property=\"og:locale\" content=\"tr_TR\" \/>\n<meta property=\"og:type\" content=\"article\" \/>\n<meta property=\"og:title\" content=\"D\u00fcnyada 100 Ki\u015fi Olsayd\u0131 - SSM Shop\" \/>\n<meta property=\"og:description\" content=\"\u00c7ocuk yazar\u0131 Jackie McCann\u2019in kaleme ald\u0131\u011f\u0131, Aaron Cushley\u2019in resimledi\u011fi \u201cD\u00fcnyada 100 Ki\u015fi Olsayd\u0131\u201d, Redhouse Kidz taraf\u0131ndan yay\u0131mland\u0131. \u015eiirsel Ta\u015f\u2019\u0131n \u00e7evirisiyle yay\u0131mlanan ve d\u00fc\u015f\u00fcnd\u00fcr\u00fcc\u00fc y\u00f6n\u00fcyle \u00f6ne \u00e7\u0131kan kitap, el ele verirsek sorunlar\u0131 \u00e7\u00f6zebilece\u011fimizi, istedi\u011fimiz gibi bir gelecek yaratabilece\u011fimizi vurguluyor.\" \/>\n<meta property=\"og:url\" content=\"https:\/\/sakipsabancimuzesi.org\/shop\/urun\/yayin-ve-multimedya\/cocuk-kitaplari\/dunyada-100-kisi-olsaydi\/\" \/>\n<meta property=\"og:site_name\" content=\"SSM Shop\" \/>\n<meta property=\"article:publisher\" content=\"https:\/\/www.facebook.com\/SakipSabanciMuzesi\/\" \/>\n<meta property=\"article:modified_time\" content=\"2026-02-09T07:18:30+00:00\" \/>\n<meta property=\"og:image\" content=\"https:\/\/sakipsabancimuzesi.org\/shop\/wp-content\/uploads\/2023\/02\/Dunyada-100-Kisi-Olsaydi.jpg\" \/>\n\t<meta property=\"og:image:width\" content=\"1280\" \/>\n\t<meta property=\"og:image:height\" content=\"1600\" \/>\n\t<meta property=\"og:image:type\" content=\"image\/jpeg\" \/>\n<meta name=\"twitter:card\" content=\"summary_large_image\" \/>\n<script type=\"application\/ld+json\" class=\"yoast-schema-graph\">{\"@context\":\"https:\/\/schema.org\",\"@graph\":[{\"@type\":\"WebPage\",\"@id\":\"https:\/\/sakipsabancimuzesi.org\/shop\/urun\/yayin-ve-multimedya\/cocuk-kitaplari\/dunyada-100-kisi-olsaydi\/\",\"url\":\"https:\/\/sakipsabancimuzesi.org\/shop\/urun\/yayin-ve-multimedya\/cocuk-kitaplari\/dunyada-100-kisi-olsaydi\/\",\"name\":\"D\u00fcnyada 100 Ki\u015fi Olsayd\u0131 - SSM Shop\",\"isPartOf\":{\"@id\":\"https:\/\/sakipsabancimuzesi.org\/shop\/#website\"},\"primaryImageOfPage\":{\"@id\":\"https:\/\/sakipsabancimuzesi.org\/shop\/urun\/yayin-ve-multimedya\/cocuk-kitaplari\/dunyada-100-kisi-olsaydi\/#primaryimage\"},\"image\":{\"@id\":\"https:\/\/sakipsabancimuzesi.org\/shop\/urun\/yayin-ve-multimedya\/cocuk-kitaplari\/dunyada-100-kisi-olsaydi\/#primaryimage\"},\"thumbnailUrl\":\"https:\/\/sakipsabancimuzesi.org\/shop\/wp-content\/uploads\/2023\/02\/Dunyada-100-Kisi-Olsaydi.jpg\",\"datePublished\":\"2023-02-01T13:11:03+00:00\",\"dateModified\":\"2026-02-09T07:18:30+00:00\",\"breadcrumb\":{\"@id\":\"https:\/\/sakipsabancimuzesi.org\/shop\/urun\/yayin-ve-multimedya\/cocuk-kitaplari\/dunyada-100-kisi-olsaydi\/#breadcrumb\"},\"inLanguage\":\"tr\",\"potentialAction\":[{\"@type\":\"ReadAction\",\"target\":[\"https:\/\/sakipsabancimuzesi.org\/shop\/urun\/yayin-ve-multimedya\/cocuk-kitaplari\/dunyada-100-kisi-olsaydi\/\"]}]},{\"@type\":\"ImageObject\",\"inLanguage\":\"tr\",\"@id\":\"https:\/\/sakipsabancimuzesi.org\/shop\/urun\/yayin-ve-multimedya\/cocuk-kitaplari\/dunyada-100-kisi-olsaydi\/#primaryimage\",\"url\":\"https:\/\/sakipsabancimuzesi.org\/shop\/wp-content\/uploads\/2023\/02\/Dunyada-100-Kisi-Olsaydi.jpg\",\"contentUrl\":\"https:\/\/sakipsabancimuzesi.org\/shop\/wp-content\/uploads\/2023\/02\/Dunyada-100-Kisi-Olsaydi.jpg\",\"width\":1280,\"height\":1600},{\"@type\":\"BreadcrumbList\",\"@id\":\"https:\/\/sakipsabancimuzesi.org\/shop\/urun\/yayin-ve-multimedya\/cocuk-kitaplari\/dunyada-100-kisi-olsaydi\/#breadcrumb\",\"itemListElement\":[{\"@type\":\"ListItem\",\"position\":1,\"name\":\"Ana sayfa\",\"item\":\"https:\/\/sakipsabancimuzesi.org\/shop\/\"},{\"@type\":\"ListItem\",\"position\":2,\"name\":\"Shop\",\"item\":\"https:\/\/sakipsabancimuzesi.org\/shop\/shop\/\"},{\"@type\":\"ListItem\",\"position\":3,\"name\":\"D\u00fcnyada 100 Ki\u015fi Olsayd\u0131\"}]},{\"@type\":\"WebSite\",\"@id\":\"https:\/\/sakipsabancimuzesi.org\/shop\/#website\",\"url\":\"https:\/\/sakipsabancimuzesi.org\/shop\/\",\"name\":\"SSM Shop\",\"description\":\"Sak\u0131p Sabanc\u0131 M\u00fczesi, Ma\u011faza\",\"publisher\":{\"@id\":\"https:\/\/sakipsabancimuzesi.org\/shop\/#organization\"},\"potentialAction\":[{\"@type\":\"SearchAction\",\"target\":{\"@type\":\"EntryPoint\",\"urlTemplate\":\"https:\/\/sakipsabancimuzesi.org\/shop\/?s={search_term_string}\"},\"query-input\":{\"@type\":\"PropertyValueSpecification\",\"valueRequired\":true,\"valueName\":\"search_term_string\"}}],\"inLanguage\":\"tr\"},{\"@type\":\"Organization\",\"@id\":\"https:\/\/sakipsabancimuzesi.org\/shop\/#organization\",\"name\":\"SSM Shop\",\"url\":\"https:\/\/sakipsabancimuzesi.org\/shop\/\",\"logo\":{\"@type\":\"ImageObject\",\"inLanguage\":\"tr\",\"@id\":\"https:\/\/sakipsabancimuzesi.org\/shop\/#\/schema\/logo\/image\/\",\"url\":\"https:\/\/sakipsabancimuzesi.org\/shop\/wp-content\/uploads\/2019\/11\/logo.png\",\"contentUrl\":\"https:\/\/sakipsabancimuzesi.org\/shop\/wp-content\/uploads\/2019\/11\/logo.png\",\"width\":227,\"height\":87,\"caption\":\"SSM Shop\"},\"image\":{\"@id\":\"https:\/\/sakipsabancimuzesi.org\/shop\/#\/schema\/logo\/image\/\"},\"sameAs\":[\"https:\/\/www.facebook.com\/SakipSabanciMuzesi\/\"]}]}<\/script>\n<!-- \/ Yoast SEO plugin. -->","yoast_head_json":{"title":"D\u00fcnyada 100 Ki\u015fi Olsayd\u0131 - SSM Shop","robots":{"index":"index","follow":"follow","max-snippet":"max-snippet:-1","max-image-preview":"max-image-preview:large","max-video-preview":"max-video-preview:-1"},"canonical":"https:\/\/sakipsabancimuzesi.org\/shop\/urun\/yayin-ve-multimedya\/cocuk-kitaplari\/dunyada-100-kisi-olsaydi\/","og_locale":"tr_TR","og_type":"article","og_title":"D\u00fcnyada 100 Ki\u015fi Olsayd\u0131 - SSM Shop","og_description":"\u00c7ocuk yazar\u0131 Jackie McCann\u2019in kaleme ald\u0131\u011f\u0131, Aaron Cushley\u2019in resimledi\u011fi \u201cD\u00fcnyada 100 Ki\u015fi Olsayd\u0131\u201d, Redhouse Kidz taraf\u0131ndan yay\u0131mland\u0131. \u015eiirsel Ta\u015f\u2019\u0131n \u00e7evirisiyle yay\u0131mlanan ve d\u00fc\u015f\u00fcnd\u00fcr\u00fcc\u00fc y\u00f6n\u00fcyle \u00f6ne \u00e7\u0131kan kitap, el ele verirsek sorunlar\u0131 \u00e7\u00f6zebilece\u011fimizi, istedi\u011fimiz gibi bir gelecek yaratabilece\u011fimizi vurguluyor.","og_url":"https:\/\/sakipsabancimuzesi.org\/shop\/urun\/yayin-ve-multimedya\/cocuk-kitaplari\/dunyada-100-kisi-olsaydi\/","og_site_name":"SSM Shop","article_publisher":"https:\/\/www.facebook.com\/SakipSabanciMuzesi\/","article_modified_time":"2026-02-09T07:18:30+00:00","og_image":[{"width":1280,"height":1600,"url":"https:\/\/sakipsabancimuzesi.org\/shop\/wp-content\/uploads\/2023\/02\/Dunyada-100-Kisi-Olsaydi.jpg","type":"image\/jpeg"}],"twitter_card":"summary_large_image","schema":{"@context":"https:\/\/schema.org","@graph":[{"@type":"WebPage","@id":"https:\/\/sakipsabancimuzesi.org\/shop\/urun\/yayin-ve-multimedya\/cocuk-kitaplari\/dunyada-100-kisi-olsaydi\/","url":"https:\/\/sakipsabancimuzesi.org\/shop\/urun\/yayin-ve-multimedya\/cocuk-kitaplari\/dunyada-100-kisi-olsaydi\/","name":"D\u00fcnyada 100 Ki\u015fi Olsayd\u0131 - SSM Shop","isPartOf":{"@id":"https:\/\/sakipsabancimuzesi.org\/shop\/#website"},"primaryImageOfPage":{"@id":"https:\/\/sakipsabancimuzesi.org\/shop\/urun\/yayin-ve-multimedya\/cocuk-kitaplari\/dunyada-100-kisi-olsaydi\/#primaryimage"},"image":{"@id":"https:\/\/sakipsabancimuzesi.org\/shop\/urun\/yayin-ve-multimedya\/cocuk-kitaplari\/dunyada-100-kisi-olsaydi\/#primaryimage"},"thumbnailUrl":"https:\/\/sakipsabancimuzesi.org\/shop\/wp-content\/uploads\/2023\/02\/Dunyada-100-Kisi-Olsaydi.jpg","datePublished":"2023-02-01T13:11:03+00:00","dateModified":"2026-02-09T07:18:30+00:00","breadcrumb":{"@id":"https:\/\/sakipsabancimuzesi.org\/shop\/urun\/yayin-ve-multimedya\/cocuk-kitaplari\/dunyada-100-kisi-olsaydi\/#breadcrumb"},"inLanguage":"tr","potentialAction":[{"@type":"ReadAction","target":["https:\/\/sakipsabancimuzesi.org\/shop\/urun\/yayin-ve-multimedya\/cocuk-kitaplari\/dunyada-100-kisi-olsaydi\/"]}]},{"@type":"ImageObject","inLanguage":"tr","@id":"https:\/\/sakipsabancimuzesi.org\/shop\/urun\/yayin-ve-multimedya\/cocuk-kitaplari\/dunyada-100-kisi-olsaydi\/#primaryimage","url":"https:\/\/sakipsabancimuzesi.org\/shop\/wp-content\/uploads\/2023\/02\/Dunyada-100-Kisi-Olsaydi.jpg","contentUrl":"https:\/\/sakipsabancimuzesi.org\/shop\/wp-content\/uploads\/2023\/02\/Dunyada-100-Kisi-Olsaydi.jpg","width":1280,"height":1600},{"@type":"BreadcrumbList","@id":"https:\/\/sakipsabancimuzesi.org\/shop\/urun\/yayin-ve-multimedya\/cocuk-kitaplari\/dunyada-100-kisi-olsaydi\/#breadcrumb","itemListElement":[{"@type":"ListItem","position":1,"name":"Ana sayfa","item":"https:\/\/sakipsabancimuzesi.org\/shop\/"},{"@type":"ListItem","position":2,"name":"Shop","item":"https:\/\/sakipsabancimuzesi.org\/shop\/shop\/"},{"@type":"ListItem","position":3,"name":"D\u00fcnyada 100 Ki\u015fi Olsayd\u0131"}]},{"@type":"WebSite","@id":"https:\/\/sakipsabancimuzesi.org\/shop\/#website","url":"https:\/\/sakipsabancimuzesi.org\/shop\/","name":"SSM Shop","description":"Sak\u0131p Sabanc\u0131 M\u00fczesi, Ma\u011faza","publisher":{"@id":"https:\/\/sakipsabancimuzesi.org\/shop\/#organization"},"potentialAction":[{"@type":"SearchAction","target":{"@type":"EntryPoint","urlTemplate":"https:\/\/sakipsabancimuzesi.org\/shop\/?s={search_term_string}"},"query-input":{"@type":"PropertyValueSpecification","valueRequired":true,"valueName":"search_term_string"}}],"inLanguage":"tr"},{"@type":"Organization","@id":"https:\/\/sakipsabancimuzesi.org\/shop\/#organization","name":"SSM Shop","url":"https:\/\/sakipsabancimuzesi.org\/shop\/","logo":{"@type":"ImageObject","inLanguage":"tr","@id":"https:\/\/sakipsabancimuzesi.org\/shop\/#\/schema\/logo\/image\/","url":"https:\/\/sakipsabancimuzesi.org\/shop\/wp-content\/uploads\/2019\/11\/logo.png","contentUrl":"https:\/\/sakipsabancimuzesi.org\/shop\/wp-content\/uploads\/2019\/11\/logo.png","width":227,"height":87,"caption":"SSM Shop"},"image":{"@id":"https:\/\/sakipsabancimuzesi.org\/shop\/#\/schema\/logo\/image\/"},"sameAs":["https:\/\/www.facebook.com\/SakipSabanciMuzesi\/"]}]}},"jetpack_sharing_enabled":true,"_links":{"self":[{"href":"https:\/\/sakipsabancimuzesi.org\/shop\/wp-json\/wp\/v2\/product\/254815","targetHints":{"allow":["GET"]}}],"collection":[{"href":"https:\/\/sakipsabancimuzesi.org\/shop\/wp-json\/wp\/v2\/product"}],"about":[{"href":"https:\/\/sakipsabancimuzesi.org\/shop\/wp-json\/wp\/v2\/types\/product"}],"wp:featuredmedia":[{"embeddable":true,"href":"https:\/\/sakipsabancimuzesi.org\/shop\/wp-json\/wp\/v2\/media\/254817"}],"wp:attachment":[{"href":"https:\/\/sakipsabancimuzesi.org\/shop\/wp-json\/wp\/v2\/media?parent=254815"}],"wp:term":[{"taxonomy":"product_brand","embeddable":true,"href":"https:\/\/sakipsabancimuzesi.org\/shop\/wp-json\/wp\/v2\/product_brand?post=254815"},{"taxonomy":"product_cat","embeddable":true,"href":"https:\/\/sakipsabancimuzesi.org\/shop\/wp-json\/wp\/v2\/product_cat?post=254815"},{"taxonomy":"product_tag","embeddable":true,"href":"https:\/\/sakipsabancimuzesi.org\/shop\/wp-json\/wp\/v2\/product_tag?post=254815"},{"taxonomy":"woo-feed-brand","embeddable":true,"href":"https:\/\/sakipsabancimuzesi.org\/shop\/wp-json\/wp\/v2\/woo-feed-brand?post=254815"}],"curies":[{"name":"wp","href":"https:\/\/api.w.org\/{rel}","templated":true}]}}