{"id":255035,"date":"2023-02-15T15:31:29","date_gmt":"2023-02-15T12:31:29","guid":{"rendered":"https:\/\/sakipsabancimuzesi.org\/shop\/?post_type=product&#038;p=255035"},"modified":"2026-01-20T14:44:48","modified_gmt":"2026-01-20T11:44:48","slug":"color-z-dogal-balmumu-sert-kalem-pastel-12li-boya-seti","status":"publish","type":"product","link":"https:\/\/sakipsabancimuzesi.org\/shop\/urun\/kirtasiye-2\/kalem\/color-z-dogal-balmumu-sert-kalem-pastel-12li-boya-seti\/","title":{"rendered":"Color Z Do\u011fal Balmumu Sert  Kalem Pastel 12&#8217;li Boya Seti"},"content":{"rendered":"<p>12 canl\u0131 renkten olu\u015fan sert balmumu kalem pastel boya setimiz sizlerle. Tamamen do\u011fal mumlardan \u00fcretilmi\u015ftir. Sert bir yap\u0131ya sahiptir. Ka\u011f\u0131t \u00fczerinde ince bir tabaka halinde kalabilmesi ve di\u011fer ana renklerle kar\u0131\u015f\u0131p ara tonlar\u0131 olu\u015fturabilmesi i\u00e7in y\u00fcksek kalite ince sentetik pigmentler kullan\u0131lm\u0131\u015ft\u0131r. Setimizdeki temel renkler ka\u011f\u0131t \u00fczerinde birbirine kolayca kar\u0131\u015f\u0131r ve ara tonlar elde edilebilir. Sert balmumu boyalar\u0131m\u0131z ele bula\u015fmaz. Uyguland\u0131\u011f\u0131 alandan da ele ve\/veya etrafa bula\u015fmaz. \u00dcr\u00fcn\u00fcm\u00fcz en 71 testlerini ba\u015far\u0131yla ge\u00e7mi\u015ftir. G\u00fcvenle kullanabilirsiniz.<\/p>\n","protected":false},"excerpt":{"rendered":"<p>Color Z Do\u011fal Balmumu Sert Kalem Pastel 12&#8217;li Boya Seti<\/p>\n","protected":false},"featured_media":269671,"template":"","meta":{"_exactmetrics_skip_tracking":false,"_exactmetrics_sitenote_active":false,"_exactmetrics_sitenote_note":"","_exactmetrics_sitenote_category":0},"product_brand":[],"product_cat":[621,626,628,629,631,645],"product_tag":[383,765,253,786,767,345,766],"woo-feed-brand":[],"class_list":{"0":"post-255035","1":"product","2":"type-product","3":"status-publish","4":"has-post-thumbnail","6":"product_cat-baskili-urunler","7":"product_cat-kirtasiye","8":"product_cat-cocuk-ve-oyun","9":"product_cat-aktivite","10":"product_cat-cocuk-oyunlari","11":"product_cat-kalem","12":"product_tag-oyun","13":"product_tag-boyama","14":"product_tag-cocuk","15":"product_tag-dogadostu","16":"product_tag-dogal","17":"product_tag-kalem","18":"product_tag-pastel","20":"first","21":"instock","22":"taxable","23":"shipping-taxable","24":"purchasable","25":"product-type-simple"},"yoast_head":"<!-- This site is optimized with the Yoast SEO plugin v27.1.1 - https:\/\/yoast.com\/product\/yoast-seo-wordpress\/ -->\n<title>Color Z Do\u011fal Balmumu Sert Kalem Pastel 12&#039;li Boya Seti - SSM Shop<\/title>\n<meta name=\"robots\" content=\"index, follow, max-snippet:-1, max-image-preview:large, max-video-preview:-1\" \/>\n<link rel=\"canonical\" href=\"https:\/\/sakipsabancimuzesi.org\/shop\/urun\/kirtasiye-2\/kalem\/color-z-dogal-balmumu-sert-kalem-pastel-12li-boya-seti\/\" \/>\n<meta property=\"og:locale\" content=\"tr_TR\" \/>\n<meta property=\"og:type\" content=\"article\" \/>\n<meta property=\"og:title\" content=\"Color Z Do\u011fal Balmumu Sert Kalem Pastel 12&#039;li Boya Seti - SSM Shop\" \/>\n<meta property=\"og:description\" content=\"Color Z Do\u011fal Balmumu Sert Kalem Pastel 12&#039;li Boya Seti\" \/>\n<meta property=\"og:url\" content=\"https:\/\/sakipsabancimuzesi.org\/shop\/urun\/kirtasiye-2\/kalem\/color-z-dogal-balmumu-sert-kalem-pastel-12li-boya-seti\/\" \/>\n<meta property=\"og:site_name\" content=\"SSM Shop\" \/>\n<meta property=\"article:publisher\" content=\"https:\/\/www.facebook.com\/SakipSabanciMuzesi\/\" \/>\n<meta property=\"article:modified_time\" content=\"2026-01-20T11:44:48+00:00\" \/>\n<meta property=\"og:image\" content=\"https:\/\/sakipsabancimuzesi.org\/shop\/wp-content\/uploads\/2023\/02\/Kalem-pastel-12.jpg\" \/>\n\t<meta property=\"og:image:width\" content=\"1280\" \/>\n\t<meta property=\"og:image:height\" content=\"1600\" \/>\n\t<meta property=\"og:image:type\" content=\"image\/jpeg\" \/>\n<meta name=\"twitter:card\" content=\"summary_large_image\" \/>\n<meta name=\"twitter:label1\" content=\"Tahmini okuma s\u00fcresi\" \/>\n\t<meta name=\"twitter:data1\" content=\"1 dakika\" \/>\n<script type=\"application\/ld+json\" class=\"yoast-schema-graph\">{\"@context\":\"https:\/\/schema.org\",\"@graph\":[{\"@type\":\"WebPage\",\"@id\":\"https:\/\/sakipsabancimuzesi.org\/shop\/urun\/kirtasiye-2\/kalem\/color-z-dogal-balmumu-sert-kalem-pastel-12li-boya-seti\/\",\"url\":\"https:\/\/sakipsabancimuzesi.org\/shop\/urun\/kirtasiye-2\/kalem\/color-z-dogal-balmumu-sert-kalem-pastel-12li-boya-seti\/\",\"name\":\"Color Z Do\u011fal Balmumu Sert Kalem Pastel 12'li Boya Seti - SSM Shop\",\"isPartOf\":{\"@id\":\"https:\/\/sakipsabancimuzesi.org\/shop\/#website\"},\"primaryImageOfPage\":{\"@id\":\"https:\/\/sakipsabancimuzesi.org\/shop\/urun\/kirtasiye-2\/kalem\/color-z-dogal-balmumu-sert-kalem-pastel-12li-boya-seti\/#primaryimage\"},\"image\":{\"@id\":\"https:\/\/sakipsabancimuzesi.org\/shop\/urun\/kirtasiye-2\/kalem\/color-z-dogal-balmumu-sert-kalem-pastel-12li-boya-seti\/#primaryimage\"},\"thumbnailUrl\":\"https:\/\/sakipsabancimuzesi.org\/shop\/wp-content\/uploads\/2023\/02\/Kalem-pastel-12.jpg\",\"datePublished\":\"2023-02-15T12:31:29+00:00\",\"dateModified\":\"2026-01-20T11:44:48+00:00\",\"breadcrumb\":{\"@id\":\"https:\/\/sakipsabancimuzesi.org\/shop\/urun\/kirtasiye-2\/kalem\/color-z-dogal-balmumu-sert-kalem-pastel-12li-boya-seti\/#breadcrumb\"},\"inLanguage\":\"tr\",\"potentialAction\":[{\"@type\":\"ReadAction\",\"target\":[\"https:\/\/sakipsabancimuzesi.org\/shop\/urun\/kirtasiye-2\/kalem\/color-z-dogal-balmumu-sert-kalem-pastel-12li-boya-seti\/\"]}]},{\"@type\":\"ImageObject\",\"inLanguage\":\"tr\",\"@id\":\"https:\/\/sakipsabancimuzesi.org\/shop\/urun\/kirtasiye-2\/kalem\/color-z-dogal-balmumu-sert-kalem-pastel-12li-boya-seti\/#primaryimage\",\"url\":\"https:\/\/sakipsabancimuzesi.org\/shop\/wp-content\/uploads\/2023\/02\/Kalem-pastel-12.jpg\",\"contentUrl\":\"https:\/\/sakipsabancimuzesi.org\/shop\/wp-content\/uploads\/2023\/02\/Kalem-pastel-12.jpg\",\"width\":1280,\"height\":1600},{\"@type\":\"BreadcrumbList\",\"@id\":\"https:\/\/sakipsabancimuzesi.org\/shop\/urun\/kirtasiye-2\/kalem\/color-z-dogal-balmumu-sert-kalem-pastel-12li-boya-seti\/#breadcrumb\",\"itemListElement\":[{\"@type\":\"ListItem\",\"position\":1,\"name\":\"Ana sayfa\",\"item\":\"https:\/\/sakipsabancimuzesi.org\/shop\/\"},{\"@type\":\"ListItem\",\"position\":2,\"name\":\"Shop\",\"item\":\"https:\/\/sakipsabancimuzesi.org\/shop\/shop\/\"},{\"@type\":\"ListItem\",\"position\":3,\"name\":\"Color Z Do\u011fal Balmumu Sert Kalem Pastel 12&#8217;li Boya Seti\"}]},{\"@type\":\"WebSite\",\"@id\":\"https:\/\/sakipsabancimuzesi.org\/shop\/#website\",\"url\":\"https:\/\/sakipsabancimuzesi.org\/shop\/\",\"name\":\"SSM Shop\",\"description\":\"Sak\u0131p Sabanc\u0131 M\u00fczesi, Ma\u011faza\",\"publisher\":{\"@id\":\"https:\/\/sakipsabancimuzesi.org\/shop\/#organization\"},\"potentialAction\":[{\"@type\":\"SearchAction\",\"target\":{\"@type\":\"EntryPoint\",\"urlTemplate\":\"https:\/\/sakipsabancimuzesi.org\/shop\/?s={search_term_string}\"},\"query-input\":{\"@type\":\"PropertyValueSpecification\",\"valueRequired\":true,\"valueName\":\"search_term_string\"}}],\"inLanguage\":\"tr\"},{\"@type\":\"Organization\",\"@id\":\"https:\/\/sakipsabancimuzesi.org\/shop\/#organization\",\"name\":\"SSM Shop\",\"url\":\"https:\/\/sakipsabancimuzesi.org\/shop\/\",\"logo\":{\"@type\":\"ImageObject\",\"inLanguage\":\"tr\",\"@id\":\"https:\/\/sakipsabancimuzesi.org\/shop\/#\/schema\/logo\/image\/\",\"url\":\"https:\/\/sakipsabancimuzesi.org\/shop\/wp-content\/uploads\/2019\/11\/logo.png\",\"contentUrl\":\"https:\/\/sakipsabancimuzesi.org\/shop\/wp-content\/uploads\/2019\/11\/logo.png\",\"width\":227,\"height\":87,\"caption\":\"SSM Shop\"},\"image\":{\"@id\":\"https:\/\/sakipsabancimuzesi.org\/shop\/#\/schema\/logo\/image\/\"},\"sameAs\":[\"https:\/\/www.facebook.com\/SakipSabanciMuzesi\/\"]}]}<\/script>\n<!-- \/ Yoast SEO plugin. -->","yoast_head_json":{"title":"Color Z Do\u011fal Balmumu Sert Kalem Pastel 12'li Boya Seti - SSM Shop","robots":{"index":"index","follow":"follow","max-snippet":"max-snippet:-1","max-image-preview":"max-image-preview:large","max-video-preview":"max-video-preview:-1"},"canonical":"https:\/\/sakipsabancimuzesi.org\/shop\/urun\/kirtasiye-2\/kalem\/color-z-dogal-balmumu-sert-kalem-pastel-12li-boya-seti\/","og_locale":"tr_TR","og_type":"article","og_title":"Color Z Do\u011fal Balmumu Sert Kalem Pastel 12'li Boya Seti - SSM Shop","og_description":"Color Z Do\u011fal Balmumu Sert Kalem Pastel 12'li Boya Seti","og_url":"https:\/\/sakipsabancimuzesi.org\/shop\/urun\/kirtasiye-2\/kalem\/color-z-dogal-balmumu-sert-kalem-pastel-12li-boya-seti\/","og_site_name":"SSM Shop","article_publisher":"https:\/\/www.facebook.com\/SakipSabanciMuzesi\/","article_modified_time":"2026-01-20T11:44:48+00:00","og_image":[{"width":1280,"height":1600,"url":"https:\/\/sakipsabancimuzesi.org\/shop\/wp-content\/uploads\/2023\/02\/Kalem-pastel-12.jpg","type":"image\/jpeg"}],"twitter_card":"summary_large_image","twitter_misc":{"Tahmini okuma s\u00fcresi":"1 dakika"},"schema":{"@context":"https:\/\/schema.org","@graph":[{"@type":"WebPage","@id":"https:\/\/sakipsabancimuzesi.org\/shop\/urun\/kirtasiye-2\/kalem\/color-z-dogal-balmumu-sert-kalem-pastel-12li-boya-seti\/","url":"https:\/\/sakipsabancimuzesi.org\/shop\/urun\/kirtasiye-2\/kalem\/color-z-dogal-balmumu-sert-kalem-pastel-12li-boya-seti\/","name":"Color Z Do\u011fal Balmumu Sert Kalem Pastel 12'li Boya Seti - SSM Shop","isPartOf":{"@id":"https:\/\/sakipsabancimuzesi.org\/shop\/#website"},"primaryImageOfPage":{"@id":"https:\/\/sakipsabancimuzesi.org\/shop\/urun\/kirtasiye-2\/kalem\/color-z-dogal-balmumu-sert-kalem-pastel-12li-boya-seti\/#primaryimage"},"image":{"@id":"https:\/\/sakipsabancimuzesi.org\/shop\/urun\/kirtasiye-2\/kalem\/color-z-dogal-balmumu-sert-kalem-pastel-12li-boya-seti\/#primaryimage"},"thumbnailUrl":"https:\/\/sakipsabancimuzesi.org\/shop\/wp-content\/uploads\/2023\/02\/Kalem-pastel-12.jpg","datePublished":"2023-02-15T12:31:29+00:00","dateModified":"2026-01-20T11:44:48+00:00","breadcrumb":{"@id":"https:\/\/sakipsabancimuzesi.org\/shop\/urun\/kirtasiye-2\/kalem\/color-z-dogal-balmumu-sert-kalem-pastel-12li-boya-seti\/#breadcrumb"},"inLanguage":"tr","potentialAction":[{"@type":"ReadAction","target":["https:\/\/sakipsabancimuzesi.org\/shop\/urun\/kirtasiye-2\/kalem\/color-z-dogal-balmumu-sert-kalem-pastel-12li-boya-seti\/"]}]},{"@type":"ImageObject","inLanguage":"tr","@id":"https:\/\/sakipsabancimuzesi.org\/shop\/urun\/kirtasiye-2\/kalem\/color-z-dogal-balmumu-sert-kalem-pastel-12li-boya-seti\/#primaryimage","url":"https:\/\/sakipsabancimuzesi.org\/shop\/wp-content\/uploads\/2023\/02\/Kalem-pastel-12.jpg","contentUrl":"https:\/\/sakipsabancimuzesi.org\/shop\/wp-content\/uploads\/2023\/02\/Kalem-pastel-12.jpg","width":1280,"height":1600},{"@type":"BreadcrumbList","@id":"https:\/\/sakipsabancimuzesi.org\/shop\/urun\/kirtasiye-2\/kalem\/color-z-dogal-balmumu-sert-kalem-pastel-12li-boya-seti\/#breadcrumb","itemListElement":[{"@type":"ListItem","position":1,"name":"Ana sayfa","item":"https:\/\/sakipsabancimuzesi.org\/shop\/"},{"@type":"ListItem","position":2,"name":"Shop","item":"https:\/\/sakipsabancimuzesi.org\/shop\/shop\/"},{"@type":"ListItem","position":3,"name":"Color Z Do\u011fal Balmumu Sert Kalem Pastel 12&#8217;li Boya Seti"}]},{"@type":"WebSite","@id":"https:\/\/sakipsabancimuzesi.org\/shop\/#website","url":"https:\/\/sakipsabancimuzesi.org\/shop\/","name":"SSM Shop","description":"Sak\u0131p Sabanc\u0131 M\u00fczesi, Ma\u011faza","publisher":{"@id":"https:\/\/sakipsabancimuzesi.org\/shop\/#organization"},"potentialAction":[{"@type":"SearchAction","target":{"@type":"EntryPoint","urlTemplate":"https:\/\/sakipsabancimuzesi.org\/shop\/?s={search_term_string}"},"query-input":{"@type":"PropertyValueSpecification","valueRequired":true,"valueName":"search_term_string"}}],"inLanguage":"tr"},{"@type":"Organization","@id":"https:\/\/sakipsabancimuzesi.org\/shop\/#organization","name":"SSM Shop","url":"https:\/\/sakipsabancimuzesi.org\/shop\/","logo":{"@type":"ImageObject","inLanguage":"tr","@id":"https:\/\/sakipsabancimuzesi.org\/shop\/#\/schema\/logo\/image\/","url":"https:\/\/sakipsabancimuzesi.org\/shop\/wp-content\/uploads\/2019\/11\/logo.png","contentUrl":"https:\/\/sakipsabancimuzesi.org\/shop\/wp-content\/uploads\/2019\/11\/logo.png","width":227,"height":87,"caption":"SSM Shop"},"image":{"@id":"https:\/\/sakipsabancimuzesi.org\/shop\/#\/schema\/logo\/image\/"},"sameAs":["https:\/\/www.facebook.com\/SakipSabanciMuzesi\/"]}]}},"jetpack_sharing_enabled":true,"_links":{"self":[{"href":"https:\/\/sakipsabancimuzesi.org\/shop\/wp-json\/wp\/v2\/product\/255035","targetHints":{"allow":["GET"]}}],"collection":[{"href":"https:\/\/sakipsabancimuzesi.org\/shop\/wp-json\/wp\/v2\/product"}],"about":[{"href":"https:\/\/sakipsabancimuzesi.org\/shop\/wp-json\/wp\/v2\/types\/product"}],"wp:featuredmedia":[{"embeddable":true,"href":"https:\/\/sakipsabancimuzesi.org\/shop\/wp-json\/wp\/v2\/media\/269671"}],"wp:attachment":[{"href":"https:\/\/sakipsabancimuzesi.org\/shop\/wp-json\/wp\/v2\/media?parent=255035"}],"wp:term":[{"taxonomy":"product_brand","embeddable":true,"href":"https:\/\/sakipsabancimuzesi.org\/shop\/wp-json\/wp\/v2\/product_brand?post=255035"},{"taxonomy":"product_cat","embeddable":true,"href":"https:\/\/sakipsabancimuzesi.org\/shop\/wp-json\/wp\/v2\/product_cat?post=255035"},{"taxonomy":"product_tag","embeddable":true,"href":"https:\/\/sakipsabancimuzesi.org\/shop\/wp-json\/wp\/v2\/product_tag?post=255035"},{"taxonomy":"woo-feed-brand","embeddable":true,"href":"https:\/\/sakipsabancimuzesi.org\/shop\/wp-json\/wp\/v2\/woo-feed-brand?post=255035"}],"curies":[{"name":"wp","href":"https:\/\/api.w.org\/{rel}","templated":true}]}}