{"id":255103,"date":"2023-02-21T15:06:11","date_gmt":"2023-02-21T12:06:11","guid":{"rendered":"https:\/\/sakipsabancimuzesi.org\/shop\/?post_type=product&#038;p=255103"},"modified":"2025-11-13T16:10:24","modified_gmt":"2025-11-13T13:10:24","slug":"sanatcinin-gordukleri-vincent-van-gogh","status":"publish","type":"product","link":"https:\/\/sakipsabancimuzesi.org\/shop\/urun\/yayin-ve-multimedya\/cocuk-kitaplari\/sanatcinin-gordukleri-vincent-van-gogh\/","title":{"rendered":"Sanat\u00e7\u0131n\u0131n G\u00f6rd\u00fckleri Vincent van Gogh"},"content":{"rendered":"<p>D\u00fcnyay\u0131 Vincent van Gogh&#8217;un g\u00f6zlerinden g\u00f6r\u00fcn!<br \/>\nEn sevdi\u011finiz sanat\u00e7\u0131lar\u0131n \u00e7izimlerini, heykellerini ya da resimlerini yaparken nelerden etkilendiklerini hi\u00e7 merak ettiniz mi?<br \/>\nMetropolitan Sanat M\u00fczesi i\u015f birli\u011fiyle haz\u0131rlanan bu kitapta Hollandal\u0131 \u00fcnl\u00fc ressam Vincent van Gogh ile tan\u0131\u015facaks\u0131n\u0131z. Van Gogh nas\u0131l bir hayat ya\u015fad\u0131? O etkileyici otoportreleri yapmaya onu y\u00f6nelten neydi? Bu sorulara cevap ararken ayn\u0131 zamanda birlikte Van Gogh\u2019un b\u00fcy\u00fcleyici ay\u00e7i\u00e7eklerine bakacak, manzaralar\u0131n\u0131 seyredece\u011fiz. Sonra s\u0131ra sizde. Siz nelerin resmini \u00e7izmek istersiniz?<\/p>\n","protected":false},"excerpt":{"rendered":"<p>D\u00fcnyay\u0131 Vincent van Gogh&#8217;un g\u00f6zlerinden g\u00f6r\u00fcn! En sevdi\u011finiz sanat\u00e7\u0131lar\u0131n \u00e7izimlerini, heykellerini ya da resimlerini yaparken nelerden etkilendiklerini hi\u00e7 merak ettiniz mi? Metropolitan Sanat M\u00fczesi i\u015f birli\u011fiyle haz\u0131rlanan bu kitapta Hollandal\u0131 \u00fcnl\u00fc ressam Vincent van Gogh ile tan\u0131\u015facaks\u0131n\u0131z. Van Gogh nas\u0131l bir hayat ya\u015fad\u0131? O etkileyici otoportreleri yapmaya onu y\u00f6nelten neydi? Bu sorulara cevap ararken ayn\u0131 [&#8230;]\n","protected":false},"featured_media":255106,"template":"","meta":{"_exactmetrics_skip_tracking":false,"_exactmetrics_sitenote_active":false,"_exactmetrics_sitenote_note":"","_exactmetrics_sitenote_category":0},"product_brand":[],"product_cat":[628,662,665,760],"product_tag":[],"woo-feed-brand":[],"class_list":{"0":"post-255103","1":"product","2":"type-product","3":"status-publish","4":"has-post-thumbnail","6":"product_cat-cocuk-ve-oyun","7":"product_cat-yayin-ve-multimedya","8":"product_cat-cocuk-kitaplari","9":"product_cat-cocuk-kitaplari-cocuk-ve-oyun","11":"first","12":"instock","13":"taxable","14":"shipping-taxable","15":"purchasable","16":"product-type-simple"},"yoast_head":"<!-- This site is optimized with the Yoast SEO plugin v27.1.1 - https:\/\/yoast.com\/product\/yoast-seo-wordpress\/ -->\n<title>Sanat\u00e7\u0131n\u0131n G\u00f6rd\u00fckleri Vincent van Gogh - SSM Shop<\/title>\n<meta name=\"robots\" content=\"index, follow, max-snippet:-1, max-image-preview:large, max-video-preview:-1\" \/>\n<link rel=\"canonical\" href=\"https:\/\/sakipsabancimuzesi.org\/shop\/urun\/yayin-ve-multimedya\/cocuk-kitaplari\/sanatcinin-gordukleri-vincent-van-gogh\/\" \/>\n<meta property=\"og:locale\" content=\"tr_TR\" \/>\n<meta property=\"og:type\" content=\"article\" \/>\n<meta property=\"og:title\" content=\"Sanat\u00e7\u0131n\u0131n G\u00f6rd\u00fckleri Vincent van Gogh - SSM Shop\" \/>\n<meta property=\"og:description\" content=\"D\u00fcnyay\u0131 Vincent van Gogh&#8217;un g\u00f6zlerinden g\u00f6r\u00fcn! En sevdi\u011finiz sanat\u00e7\u0131lar\u0131n \u00e7izimlerini, heykellerini ya da resimlerini yaparken nelerden etkilendiklerini hi\u00e7 merak ettiniz mi? Metropolitan Sanat M\u00fczesi i\u015f birli\u011fiyle haz\u0131rlanan bu kitapta Hollandal\u0131 \u00fcnl\u00fc ressam Vincent van Gogh ile tan\u0131\u015facaks\u0131n\u0131z. Van Gogh nas\u0131l bir hayat ya\u015fad\u0131? O etkileyici otoportreleri yapmaya onu y\u00f6nelten neydi? Bu sorulara cevap ararken ayn\u0131 [...]\" \/>\n<meta property=\"og:url\" content=\"https:\/\/sakipsabancimuzesi.org\/shop\/urun\/yayin-ve-multimedya\/cocuk-kitaplari\/sanatcinin-gordukleri-vincent-van-gogh\/\" \/>\n<meta property=\"og:site_name\" content=\"SSM Shop\" \/>\n<meta property=\"article:publisher\" content=\"https:\/\/www.facebook.com\/SakipSabanciMuzesi\/\" \/>\n<meta property=\"article:modified_time\" content=\"2025-11-13T13:10:24+00:00\" \/>\n<meta property=\"og:image\" content=\"https:\/\/sakipsabancimuzesi.org\/shop\/wp-content\/uploads\/2023\/02\/Dunyayi-Vincent-van-Goghun-gozlerinden-gorun.jpg\" \/>\n\t<meta property=\"og:image:width\" content=\"1280\" \/>\n\t<meta property=\"og:image:height\" content=\"1600\" \/>\n\t<meta property=\"og:image:type\" content=\"image\/jpeg\" \/>\n<meta name=\"twitter:card\" content=\"summary_large_image\" \/>\n<script type=\"application\/ld+json\" class=\"yoast-schema-graph\">{\"@context\":\"https:\/\/schema.org\",\"@graph\":[{\"@type\":\"WebPage\",\"@id\":\"https:\/\/sakipsabancimuzesi.org\/shop\/urun\/yayin-ve-multimedya\/cocuk-kitaplari\/sanatcinin-gordukleri-vincent-van-gogh\/\",\"url\":\"https:\/\/sakipsabancimuzesi.org\/shop\/urun\/yayin-ve-multimedya\/cocuk-kitaplari\/sanatcinin-gordukleri-vincent-van-gogh\/\",\"name\":\"Sanat\u00e7\u0131n\u0131n G\u00f6rd\u00fckleri Vincent van Gogh - SSM Shop\",\"isPartOf\":{\"@id\":\"https:\/\/sakipsabancimuzesi.org\/shop\/#website\"},\"primaryImageOfPage\":{\"@id\":\"https:\/\/sakipsabancimuzesi.org\/shop\/urun\/yayin-ve-multimedya\/cocuk-kitaplari\/sanatcinin-gordukleri-vincent-van-gogh\/#primaryimage\"},\"image\":{\"@id\":\"https:\/\/sakipsabancimuzesi.org\/shop\/urun\/yayin-ve-multimedya\/cocuk-kitaplari\/sanatcinin-gordukleri-vincent-van-gogh\/#primaryimage\"},\"thumbnailUrl\":\"https:\/\/sakipsabancimuzesi.org\/shop\/wp-content\/uploads\/2023\/02\/Dunyayi-Vincent-van-Goghun-gozlerinden-gorun.jpg\",\"datePublished\":\"2023-02-21T12:06:11+00:00\",\"dateModified\":\"2025-11-13T13:10:24+00:00\",\"breadcrumb\":{\"@id\":\"https:\/\/sakipsabancimuzesi.org\/shop\/urun\/yayin-ve-multimedya\/cocuk-kitaplari\/sanatcinin-gordukleri-vincent-van-gogh\/#breadcrumb\"},\"inLanguage\":\"tr\",\"potentialAction\":[{\"@type\":\"ReadAction\",\"target\":[\"https:\/\/sakipsabancimuzesi.org\/shop\/urun\/yayin-ve-multimedya\/cocuk-kitaplari\/sanatcinin-gordukleri-vincent-van-gogh\/\"]}]},{\"@type\":\"ImageObject\",\"inLanguage\":\"tr\",\"@id\":\"https:\/\/sakipsabancimuzesi.org\/shop\/urun\/yayin-ve-multimedya\/cocuk-kitaplari\/sanatcinin-gordukleri-vincent-van-gogh\/#primaryimage\",\"url\":\"https:\/\/sakipsabancimuzesi.org\/shop\/wp-content\/uploads\/2023\/02\/Dunyayi-Vincent-van-Goghun-gozlerinden-gorun.jpg\",\"contentUrl\":\"https:\/\/sakipsabancimuzesi.org\/shop\/wp-content\/uploads\/2023\/02\/Dunyayi-Vincent-van-Goghun-gozlerinden-gorun.jpg\",\"width\":1280,\"height\":1600},{\"@type\":\"BreadcrumbList\",\"@id\":\"https:\/\/sakipsabancimuzesi.org\/shop\/urun\/yayin-ve-multimedya\/cocuk-kitaplari\/sanatcinin-gordukleri-vincent-van-gogh\/#breadcrumb\",\"itemListElement\":[{\"@type\":\"ListItem\",\"position\":1,\"name\":\"Ana sayfa\",\"item\":\"https:\/\/sakipsabancimuzesi.org\/shop\/\"},{\"@type\":\"ListItem\",\"position\":2,\"name\":\"Shop\",\"item\":\"https:\/\/sakipsabancimuzesi.org\/shop\/shop\/\"},{\"@type\":\"ListItem\",\"position\":3,\"name\":\"Sanat\u00e7\u0131n\u0131n G\u00f6rd\u00fckleri Vincent van Gogh\"}]},{\"@type\":\"WebSite\",\"@id\":\"https:\/\/sakipsabancimuzesi.org\/shop\/#website\",\"url\":\"https:\/\/sakipsabancimuzesi.org\/shop\/\",\"name\":\"SSM Shop\",\"description\":\"Sak\u0131p Sabanc\u0131 M\u00fczesi, Ma\u011faza\",\"publisher\":{\"@id\":\"https:\/\/sakipsabancimuzesi.org\/shop\/#organization\"},\"potentialAction\":[{\"@type\":\"SearchAction\",\"target\":{\"@type\":\"EntryPoint\",\"urlTemplate\":\"https:\/\/sakipsabancimuzesi.org\/shop\/?s={search_term_string}\"},\"query-input\":{\"@type\":\"PropertyValueSpecification\",\"valueRequired\":true,\"valueName\":\"search_term_string\"}}],\"inLanguage\":\"tr\"},{\"@type\":\"Organization\",\"@id\":\"https:\/\/sakipsabancimuzesi.org\/shop\/#organization\",\"name\":\"SSM Shop\",\"url\":\"https:\/\/sakipsabancimuzesi.org\/shop\/\",\"logo\":{\"@type\":\"ImageObject\",\"inLanguage\":\"tr\",\"@id\":\"https:\/\/sakipsabancimuzesi.org\/shop\/#\/schema\/logo\/image\/\",\"url\":\"https:\/\/sakipsabancimuzesi.org\/shop\/wp-content\/uploads\/2019\/11\/logo.png\",\"contentUrl\":\"https:\/\/sakipsabancimuzesi.org\/shop\/wp-content\/uploads\/2019\/11\/logo.png\",\"width\":227,\"height\":87,\"caption\":\"SSM Shop\"},\"image\":{\"@id\":\"https:\/\/sakipsabancimuzesi.org\/shop\/#\/schema\/logo\/image\/\"},\"sameAs\":[\"https:\/\/www.facebook.com\/SakipSabanciMuzesi\/\"]}]}<\/script>\n<!-- \/ Yoast SEO plugin. -->","yoast_head_json":{"title":"Sanat\u00e7\u0131n\u0131n G\u00f6rd\u00fckleri Vincent van Gogh - SSM Shop","robots":{"index":"index","follow":"follow","max-snippet":"max-snippet:-1","max-image-preview":"max-image-preview:large","max-video-preview":"max-video-preview:-1"},"canonical":"https:\/\/sakipsabancimuzesi.org\/shop\/urun\/yayin-ve-multimedya\/cocuk-kitaplari\/sanatcinin-gordukleri-vincent-van-gogh\/","og_locale":"tr_TR","og_type":"article","og_title":"Sanat\u00e7\u0131n\u0131n G\u00f6rd\u00fckleri Vincent van Gogh - SSM Shop","og_description":"D\u00fcnyay\u0131 Vincent van Gogh&#8217;un g\u00f6zlerinden g\u00f6r\u00fcn! En sevdi\u011finiz sanat\u00e7\u0131lar\u0131n \u00e7izimlerini, heykellerini ya da resimlerini yaparken nelerden etkilendiklerini hi\u00e7 merak ettiniz mi? Metropolitan Sanat M\u00fczesi i\u015f birli\u011fiyle haz\u0131rlanan bu kitapta Hollandal\u0131 \u00fcnl\u00fc ressam Vincent van Gogh ile tan\u0131\u015facaks\u0131n\u0131z. Van Gogh nas\u0131l bir hayat ya\u015fad\u0131? O etkileyici otoportreleri yapmaya onu y\u00f6nelten neydi? Bu sorulara cevap ararken ayn\u0131 [...]","og_url":"https:\/\/sakipsabancimuzesi.org\/shop\/urun\/yayin-ve-multimedya\/cocuk-kitaplari\/sanatcinin-gordukleri-vincent-van-gogh\/","og_site_name":"SSM Shop","article_publisher":"https:\/\/www.facebook.com\/SakipSabanciMuzesi\/","article_modified_time":"2025-11-13T13:10:24+00:00","og_image":[{"width":1280,"height":1600,"url":"https:\/\/sakipsabancimuzesi.org\/shop\/wp-content\/uploads\/2023\/02\/Dunyayi-Vincent-van-Goghun-gozlerinden-gorun.jpg","type":"image\/jpeg"}],"twitter_card":"summary_large_image","schema":{"@context":"https:\/\/schema.org","@graph":[{"@type":"WebPage","@id":"https:\/\/sakipsabancimuzesi.org\/shop\/urun\/yayin-ve-multimedya\/cocuk-kitaplari\/sanatcinin-gordukleri-vincent-van-gogh\/","url":"https:\/\/sakipsabancimuzesi.org\/shop\/urun\/yayin-ve-multimedya\/cocuk-kitaplari\/sanatcinin-gordukleri-vincent-van-gogh\/","name":"Sanat\u00e7\u0131n\u0131n G\u00f6rd\u00fckleri Vincent van Gogh - SSM Shop","isPartOf":{"@id":"https:\/\/sakipsabancimuzesi.org\/shop\/#website"},"primaryImageOfPage":{"@id":"https:\/\/sakipsabancimuzesi.org\/shop\/urun\/yayin-ve-multimedya\/cocuk-kitaplari\/sanatcinin-gordukleri-vincent-van-gogh\/#primaryimage"},"image":{"@id":"https:\/\/sakipsabancimuzesi.org\/shop\/urun\/yayin-ve-multimedya\/cocuk-kitaplari\/sanatcinin-gordukleri-vincent-van-gogh\/#primaryimage"},"thumbnailUrl":"https:\/\/sakipsabancimuzesi.org\/shop\/wp-content\/uploads\/2023\/02\/Dunyayi-Vincent-van-Goghun-gozlerinden-gorun.jpg","datePublished":"2023-02-21T12:06:11+00:00","dateModified":"2025-11-13T13:10:24+00:00","breadcrumb":{"@id":"https:\/\/sakipsabancimuzesi.org\/shop\/urun\/yayin-ve-multimedya\/cocuk-kitaplari\/sanatcinin-gordukleri-vincent-van-gogh\/#breadcrumb"},"inLanguage":"tr","potentialAction":[{"@type":"ReadAction","target":["https:\/\/sakipsabancimuzesi.org\/shop\/urun\/yayin-ve-multimedya\/cocuk-kitaplari\/sanatcinin-gordukleri-vincent-van-gogh\/"]}]},{"@type":"ImageObject","inLanguage":"tr","@id":"https:\/\/sakipsabancimuzesi.org\/shop\/urun\/yayin-ve-multimedya\/cocuk-kitaplari\/sanatcinin-gordukleri-vincent-van-gogh\/#primaryimage","url":"https:\/\/sakipsabancimuzesi.org\/shop\/wp-content\/uploads\/2023\/02\/Dunyayi-Vincent-van-Goghun-gozlerinden-gorun.jpg","contentUrl":"https:\/\/sakipsabancimuzesi.org\/shop\/wp-content\/uploads\/2023\/02\/Dunyayi-Vincent-van-Goghun-gozlerinden-gorun.jpg","width":1280,"height":1600},{"@type":"BreadcrumbList","@id":"https:\/\/sakipsabancimuzesi.org\/shop\/urun\/yayin-ve-multimedya\/cocuk-kitaplari\/sanatcinin-gordukleri-vincent-van-gogh\/#breadcrumb","itemListElement":[{"@type":"ListItem","position":1,"name":"Ana sayfa","item":"https:\/\/sakipsabancimuzesi.org\/shop\/"},{"@type":"ListItem","position":2,"name":"Shop","item":"https:\/\/sakipsabancimuzesi.org\/shop\/shop\/"},{"@type":"ListItem","position":3,"name":"Sanat\u00e7\u0131n\u0131n G\u00f6rd\u00fckleri Vincent van Gogh"}]},{"@type":"WebSite","@id":"https:\/\/sakipsabancimuzesi.org\/shop\/#website","url":"https:\/\/sakipsabancimuzesi.org\/shop\/","name":"SSM Shop","description":"Sak\u0131p Sabanc\u0131 M\u00fczesi, Ma\u011faza","publisher":{"@id":"https:\/\/sakipsabancimuzesi.org\/shop\/#organization"},"potentialAction":[{"@type":"SearchAction","target":{"@type":"EntryPoint","urlTemplate":"https:\/\/sakipsabancimuzesi.org\/shop\/?s={search_term_string}"},"query-input":{"@type":"PropertyValueSpecification","valueRequired":true,"valueName":"search_term_string"}}],"inLanguage":"tr"},{"@type":"Organization","@id":"https:\/\/sakipsabancimuzesi.org\/shop\/#organization","name":"SSM Shop","url":"https:\/\/sakipsabancimuzesi.org\/shop\/","logo":{"@type":"ImageObject","inLanguage":"tr","@id":"https:\/\/sakipsabancimuzesi.org\/shop\/#\/schema\/logo\/image\/","url":"https:\/\/sakipsabancimuzesi.org\/shop\/wp-content\/uploads\/2019\/11\/logo.png","contentUrl":"https:\/\/sakipsabancimuzesi.org\/shop\/wp-content\/uploads\/2019\/11\/logo.png","width":227,"height":87,"caption":"SSM Shop"},"image":{"@id":"https:\/\/sakipsabancimuzesi.org\/shop\/#\/schema\/logo\/image\/"},"sameAs":["https:\/\/www.facebook.com\/SakipSabanciMuzesi\/"]}]}},"jetpack_sharing_enabled":true,"_links":{"self":[{"href":"https:\/\/sakipsabancimuzesi.org\/shop\/wp-json\/wp\/v2\/product\/255103","targetHints":{"allow":["GET"]}}],"collection":[{"href":"https:\/\/sakipsabancimuzesi.org\/shop\/wp-json\/wp\/v2\/product"}],"about":[{"href":"https:\/\/sakipsabancimuzesi.org\/shop\/wp-json\/wp\/v2\/types\/product"}],"wp:featuredmedia":[{"embeddable":true,"href":"https:\/\/sakipsabancimuzesi.org\/shop\/wp-json\/wp\/v2\/media\/255106"}],"wp:attachment":[{"href":"https:\/\/sakipsabancimuzesi.org\/shop\/wp-json\/wp\/v2\/media?parent=255103"}],"wp:term":[{"taxonomy":"product_brand","embeddable":true,"href":"https:\/\/sakipsabancimuzesi.org\/shop\/wp-json\/wp\/v2\/product_brand?post=255103"},{"taxonomy":"product_cat","embeddable":true,"href":"https:\/\/sakipsabancimuzesi.org\/shop\/wp-json\/wp\/v2\/product_cat?post=255103"},{"taxonomy":"product_tag","embeddable":true,"href":"https:\/\/sakipsabancimuzesi.org\/shop\/wp-json\/wp\/v2\/product_tag?post=255103"},{"taxonomy":"woo-feed-brand","embeddable":true,"href":"https:\/\/sakipsabancimuzesi.org\/shop\/wp-json\/wp\/v2\/woo-feed-brand?post=255103"}],"curies":[{"name":"wp","href":"https:\/\/api.w.org\/{rel}","templated":true}]}}