{"id":255104,"date":"2023-02-21T15:16:10","date_gmt":"2023-02-21T12:16:10","guid":{"rendered":"https:\/\/sakipsabancimuzesi.org\/shop\/?post_type=product&#038;p=255104"},"modified":"2026-03-26T12:08:40","modified_gmt":"2026-03-26T09:08:40","slug":"magrittein-elmasi","status":"publish","type":"product","link":"https:\/\/sakipsabancimuzesi.org\/shop\/urun\/yayin-ve-multimedya\/cocuk-kitaplari\/magrittein-elmasi\/","title":{"rendered":"Magritte&#8217;in Elmas\u0131"},"content":{"rendered":"<p>Ren\u00e9 d\u00fc\u015flerinin pe\u015finden giden bir adam. Elmalar\u0131n, \u015fapkalar\u0131n ve \u015fapkelmalar\u0131n resimlerini yap\u0131yor. Tablolar\u0131nda yapraklar dudaklara; ekmekler burunlara d\u00f6n\u00fc\u015f\u00fcyor. D\u00fcnyan\u0131n en yarat\u0131c\u0131 sanat\u00e7\u0131lar\u0131ndan Ren\u00e9 Magritte\u2019in ya\u015fam\u0131 ve tablolar\u0131ndan yola \u00e7\u0131karak haz\u0131rlanan Magritte\u2019in Elmas\u0131, her ya\u015ftan okurun d\u00fcnyaya farkl\u0131 bir g\u00f6zle bakmas\u0131n\u0131 sa\u011flayacak. New York Modern Sanatlar M\u00fczesi\u2019nin (MOMA) ba\u015fyap\u0131tlar\u0131ndan biri olan bu kitab\u0131, Mars\u0131k Yay\u0131nc\u0131l\u0131k olarak \u00e7ocuklar\u0131m\u0131zla bulu\u015fturmaktan k\u0131van\u00e7 duyuyoruz.<\/p>\n","protected":false},"excerpt":{"rendered":"<p>Ren\u00e9 d\u00fc\u015flerinin pe\u015finden giden bir adam. Elmalar\u0131n, \u015fapkalar\u0131n ve \u015fapkelmalar\u0131n resimlerini yap\u0131yor. Tablolar\u0131nda yapraklar dudaklara; ekmekler burunlara d\u00f6n\u00fc\u015f\u00fcyor. D\u00fcnyan\u0131n en yarat\u0131c\u0131 sanat\u00e7\u0131lar\u0131ndan Ren\u00e9 Magritte\u2019in ya\u015fam\u0131 ve tablolar\u0131ndan yola \u00e7\u0131karak haz\u0131rlanan Magritte\u2019in Elmas\u0131, her ya\u015ftan okurun d\u00fcnyaya farkl\u0131 bir g\u00f6zle bakmas\u0131n\u0131 sa\u011flayacak. New York Modern Sanatlar M\u00fczesi\u2019nin (MOMA) ba\u015fyap\u0131tlar\u0131ndan biri olan bu kitab\u0131, Mars\u0131k Yay\u0131nc\u0131l\u0131k olarak [&#8230;]\n","protected":false},"featured_media":255107,"template":"","meta":{"_exactmetrics_skip_tracking":false,"_exactmetrics_sitenote_active":false,"_exactmetrics_sitenote_note":"","_exactmetrics_sitenote_category":0},"product_brand":[],"product_cat":[628,662,665,760],"product_tag":[],"woo-feed-brand":[],"class_list":{"0":"post-255104","1":"product","2":"type-product","3":"status-publish","4":"has-post-thumbnail","6":"product_cat-cocuk-ve-oyun","7":"product_cat-yayin-ve-multimedya","8":"product_cat-cocuk-kitaplari","9":"product_cat-cocuk-kitaplari-cocuk-ve-oyun","11":"first","12":"instock","13":"taxable","14":"shipping-taxable","15":"purchasable","16":"product-type-simple"},"yoast_head":"<!-- This site is optimized with the Yoast SEO plugin v27.1.1 - https:\/\/yoast.com\/product\/yoast-seo-wordpress\/ -->\n<title>Magritte&#039;in Elmas\u0131 - SSM Shop<\/title>\n<meta name=\"robots\" content=\"index, follow, max-snippet:-1, max-image-preview:large, max-video-preview:-1\" \/>\n<link rel=\"canonical\" href=\"https:\/\/sakipsabancimuzesi.org\/shop\/urun\/yayin-ve-multimedya\/cocuk-kitaplari\/magrittein-elmasi\/\" \/>\n<meta property=\"og:locale\" content=\"tr_TR\" \/>\n<meta property=\"og:type\" content=\"article\" \/>\n<meta property=\"og:title\" content=\"Magritte&#039;in Elmas\u0131 - SSM Shop\" \/>\n<meta property=\"og:description\" content=\"Ren\u00e9 d\u00fc\u015flerinin pe\u015finden giden bir adam. Elmalar\u0131n, \u015fapkalar\u0131n ve \u015fapkelmalar\u0131n resimlerini yap\u0131yor. Tablolar\u0131nda yapraklar dudaklara; ekmekler burunlara d\u00f6n\u00fc\u015f\u00fcyor. D\u00fcnyan\u0131n en yarat\u0131c\u0131 sanat\u00e7\u0131lar\u0131ndan Ren\u00e9 Magritte\u2019in ya\u015fam\u0131 ve tablolar\u0131ndan yola \u00e7\u0131karak haz\u0131rlanan Magritte\u2019in Elmas\u0131, her ya\u015ftan okurun d\u00fcnyaya farkl\u0131 bir g\u00f6zle bakmas\u0131n\u0131 sa\u011flayacak. New York Modern Sanatlar M\u00fczesi\u2019nin (MOMA) ba\u015fyap\u0131tlar\u0131ndan biri olan bu kitab\u0131, Mars\u0131k Yay\u0131nc\u0131l\u0131k olarak [...]\" \/>\n<meta property=\"og:url\" content=\"https:\/\/sakipsabancimuzesi.org\/shop\/urun\/yayin-ve-multimedya\/cocuk-kitaplari\/magrittein-elmasi\/\" \/>\n<meta property=\"og:site_name\" content=\"SSM Shop\" \/>\n<meta property=\"article:publisher\" content=\"https:\/\/www.facebook.com\/SakipSabanciMuzesi\/\" \/>\n<meta property=\"article:modified_time\" content=\"2026-03-26T09:08:40+00:00\" \/>\n<meta property=\"og:image\" content=\"https:\/\/sakipsabancimuzesi.org\/shop\/wp-content\/uploads\/2023\/02\/Magrittein-Elmasi.jpg\" \/>\n\t<meta property=\"og:image:width\" content=\"1280\" \/>\n\t<meta property=\"og:image:height\" content=\"1600\" \/>\n\t<meta property=\"og:image:type\" content=\"image\/jpeg\" \/>\n<meta name=\"twitter:card\" content=\"summary_large_image\" \/>\n<script type=\"application\/ld+json\" class=\"yoast-schema-graph\">{\"@context\":\"https:\/\/schema.org\",\"@graph\":[{\"@type\":\"WebPage\",\"@id\":\"https:\/\/sakipsabancimuzesi.org\/shop\/urun\/yayin-ve-multimedya\/cocuk-kitaplari\/magrittein-elmasi\/\",\"url\":\"https:\/\/sakipsabancimuzesi.org\/shop\/urun\/yayin-ve-multimedya\/cocuk-kitaplari\/magrittein-elmasi\/\",\"name\":\"Magritte'in Elmas\u0131 - SSM Shop\",\"isPartOf\":{\"@id\":\"https:\/\/sakipsabancimuzesi.org\/shop\/#website\"},\"primaryImageOfPage\":{\"@id\":\"https:\/\/sakipsabancimuzesi.org\/shop\/urun\/yayin-ve-multimedya\/cocuk-kitaplari\/magrittein-elmasi\/#primaryimage\"},\"image\":{\"@id\":\"https:\/\/sakipsabancimuzesi.org\/shop\/urun\/yayin-ve-multimedya\/cocuk-kitaplari\/magrittein-elmasi\/#primaryimage\"},\"thumbnailUrl\":\"https:\/\/sakipsabancimuzesi.org\/shop\/wp-content\/uploads\/2023\/02\/Magrittein-Elmasi.jpg\",\"datePublished\":\"2023-02-21T12:16:10+00:00\",\"dateModified\":\"2026-03-26T09:08:40+00:00\",\"breadcrumb\":{\"@id\":\"https:\/\/sakipsabancimuzesi.org\/shop\/urun\/yayin-ve-multimedya\/cocuk-kitaplari\/magrittein-elmasi\/#breadcrumb\"},\"inLanguage\":\"tr\",\"potentialAction\":[{\"@type\":\"ReadAction\",\"target\":[\"https:\/\/sakipsabancimuzesi.org\/shop\/urun\/yayin-ve-multimedya\/cocuk-kitaplari\/magrittein-elmasi\/\"]}]},{\"@type\":\"ImageObject\",\"inLanguage\":\"tr\",\"@id\":\"https:\/\/sakipsabancimuzesi.org\/shop\/urun\/yayin-ve-multimedya\/cocuk-kitaplari\/magrittein-elmasi\/#primaryimage\",\"url\":\"https:\/\/sakipsabancimuzesi.org\/shop\/wp-content\/uploads\/2023\/02\/Magrittein-Elmasi.jpg\",\"contentUrl\":\"https:\/\/sakipsabancimuzesi.org\/shop\/wp-content\/uploads\/2023\/02\/Magrittein-Elmasi.jpg\",\"width\":1280,\"height\":1600},{\"@type\":\"BreadcrumbList\",\"@id\":\"https:\/\/sakipsabancimuzesi.org\/shop\/urun\/yayin-ve-multimedya\/cocuk-kitaplari\/magrittein-elmasi\/#breadcrumb\",\"itemListElement\":[{\"@type\":\"ListItem\",\"position\":1,\"name\":\"Ana sayfa\",\"item\":\"https:\/\/sakipsabancimuzesi.org\/shop\/\"},{\"@type\":\"ListItem\",\"position\":2,\"name\":\"Shop\",\"item\":\"https:\/\/sakipsabancimuzesi.org\/shop\/shop\/\"},{\"@type\":\"ListItem\",\"position\":3,\"name\":\"Magritte&#8217;in Elmas\u0131\"}]},{\"@type\":\"WebSite\",\"@id\":\"https:\/\/sakipsabancimuzesi.org\/shop\/#website\",\"url\":\"https:\/\/sakipsabancimuzesi.org\/shop\/\",\"name\":\"SSM Shop\",\"description\":\"Sak\u0131p Sabanc\u0131 M\u00fczesi, Ma\u011faza\",\"publisher\":{\"@id\":\"https:\/\/sakipsabancimuzesi.org\/shop\/#organization\"},\"potentialAction\":[{\"@type\":\"SearchAction\",\"target\":{\"@type\":\"EntryPoint\",\"urlTemplate\":\"https:\/\/sakipsabancimuzesi.org\/shop\/?s={search_term_string}\"},\"query-input\":{\"@type\":\"PropertyValueSpecification\",\"valueRequired\":true,\"valueName\":\"search_term_string\"}}],\"inLanguage\":\"tr\"},{\"@type\":\"Organization\",\"@id\":\"https:\/\/sakipsabancimuzesi.org\/shop\/#organization\",\"name\":\"SSM Shop\",\"url\":\"https:\/\/sakipsabancimuzesi.org\/shop\/\",\"logo\":{\"@type\":\"ImageObject\",\"inLanguage\":\"tr\",\"@id\":\"https:\/\/sakipsabancimuzesi.org\/shop\/#\/schema\/logo\/image\/\",\"url\":\"https:\/\/sakipsabancimuzesi.org\/shop\/wp-content\/uploads\/2019\/11\/logo.png\",\"contentUrl\":\"https:\/\/sakipsabancimuzesi.org\/shop\/wp-content\/uploads\/2019\/11\/logo.png\",\"width\":227,\"height\":87,\"caption\":\"SSM Shop\"},\"image\":{\"@id\":\"https:\/\/sakipsabancimuzesi.org\/shop\/#\/schema\/logo\/image\/\"},\"sameAs\":[\"https:\/\/www.facebook.com\/SakipSabanciMuzesi\/\"]}]}<\/script>\n<!-- \/ Yoast SEO plugin. -->","yoast_head_json":{"title":"Magritte'in Elmas\u0131 - SSM Shop","robots":{"index":"index","follow":"follow","max-snippet":"max-snippet:-1","max-image-preview":"max-image-preview:large","max-video-preview":"max-video-preview:-1"},"canonical":"https:\/\/sakipsabancimuzesi.org\/shop\/urun\/yayin-ve-multimedya\/cocuk-kitaplari\/magrittein-elmasi\/","og_locale":"tr_TR","og_type":"article","og_title":"Magritte'in Elmas\u0131 - SSM Shop","og_description":"Ren\u00e9 d\u00fc\u015flerinin pe\u015finden giden bir adam. Elmalar\u0131n, \u015fapkalar\u0131n ve \u015fapkelmalar\u0131n resimlerini yap\u0131yor. Tablolar\u0131nda yapraklar dudaklara; ekmekler burunlara d\u00f6n\u00fc\u015f\u00fcyor. D\u00fcnyan\u0131n en yarat\u0131c\u0131 sanat\u00e7\u0131lar\u0131ndan Ren\u00e9 Magritte\u2019in ya\u015fam\u0131 ve tablolar\u0131ndan yola \u00e7\u0131karak haz\u0131rlanan Magritte\u2019in Elmas\u0131, her ya\u015ftan okurun d\u00fcnyaya farkl\u0131 bir g\u00f6zle bakmas\u0131n\u0131 sa\u011flayacak. New York Modern Sanatlar M\u00fczesi\u2019nin (MOMA) ba\u015fyap\u0131tlar\u0131ndan biri olan bu kitab\u0131, Mars\u0131k Yay\u0131nc\u0131l\u0131k olarak [...]","og_url":"https:\/\/sakipsabancimuzesi.org\/shop\/urun\/yayin-ve-multimedya\/cocuk-kitaplari\/magrittein-elmasi\/","og_site_name":"SSM Shop","article_publisher":"https:\/\/www.facebook.com\/SakipSabanciMuzesi\/","article_modified_time":"2026-03-26T09:08:40+00:00","og_image":[{"width":1280,"height":1600,"url":"https:\/\/sakipsabancimuzesi.org\/shop\/wp-content\/uploads\/2023\/02\/Magrittein-Elmasi.jpg","type":"image\/jpeg"}],"twitter_card":"summary_large_image","schema":{"@context":"https:\/\/schema.org","@graph":[{"@type":"WebPage","@id":"https:\/\/sakipsabancimuzesi.org\/shop\/urun\/yayin-ve-multimedya\/cocuk-kitaplari\/magrittein-elmasi\/","url":"https:\/\/sakipsabancimuzesi.org\/shop\/urun\/yayin-ve-multimedya\/cocuk-kitaplari\/magrittein-elmasi\/","name":"Magritte'in Elmas\u0131 - SSM Shop","isPartOf":{"@id":"https:\/\/sakipsabancimuzesi.org\/shop\/#website"},"primaryImageOfPage":{"@id":"https:\/\/sakipsabancimuzesi.org\/shop\/urun\/yayin-ve-multimedya\/cocuk-kitaplari\/magrittein-elmasi\/#primaryimage"},"image":{"@id":"https:\/\/sakipsabancimuzesi.org\/shop\/urun\/yayin-ve-multimedya\/cocuk-kitaplari\/magrittein-elmasi\/#primaryimage"},"thumbnailUrl":"https:\/\/sakipsabancimuzesi.org\/shop\/wp-content\/uploads\/2023\/02\/Magrittein-Elmasi.jpg","datePublished":"2023-02-21T12:16:10+00:00","dateModified":"2026-03-26T09:08:40+00:00","breadcrumb":{"@id":"https:\/\/sakipsabancimuzesi.org\/shop\/urun\/yayin-ve-multimedya\/cocuk-kitaplari\/magrittein-elmasi\/#breadcrumb"},"inLanguage":"tr","potentialAction":[{"@type":"ReadAction","target":["https:\/\/sakipsabancimuzesi.org\/shop\/urun\/yayin-ve-multimedya\/cocuk-kitaplari\/magrittein-elmasi\/"]}]},{"@type":"ImageObject","inLanguage":"tr","@id":"https:\/\/sakipsabancimuzesi.org\/shop\/urun\/yayin-ve-multimedya\/cocuk-kitaplari\/magrittein-elmasi\/#primaryimage","url":"https:\/\/sakipsabancimuzesi.org\/shop\/wp-content\/uploads\/2023\/02\/Magrittein-Elmasi.jpg","contentUrl":"https:\/\/sakipsabancimuzesi.org\/shop\/wp-content\/uploads\/2023\/02\/Magrittein-Elmasi.jpg","width":1280,"height":1600},{"@type":"BreadcrumbList","@id":"https:\/\/sakipsabancimuzesi.org\/shop\/urun\/yayin-ve-multimedya\/cocuk-kitaplari\/magrittein-elmasi\/#breadcrumb","itemListElement":[{"@type":"ListItem","position":1,"name":"Ana sayfa","item":"https:\/\/sakipsabancimuzesi.org\/shop\/"},{"@type":"ListItem","position":2,"name":"Shop","item":"https:\/\/sakipsabancimuzesi.org\/shop\/shop\/"},{"@type":"ListItem","position":3,"name":"Magritte&#8217;in Elmas\u0131"}]},{"@type":"WebSite","@id":"https:\/\/sakipsabancimuzesi.org\/shop\/#website","url":"https:\/\/sakipsabancimuzesi.org\/shop\/","name":"SSM Shop","description":"Sak\u0131p Sabanc\u0131 M\u00fczesi, Ma\u011faza","publisher":{"@id":"https:\/\/sakipsabancimuzesi.org\/shop\/#organization"},"potentialAction":[{"@type":"SearchAction","target":{"@type":"EntryPoint","urlTemplate":"https:\/\/sakipsabancimuzesi.org\/shop\/?s={search_term_string}"},"query-input":{"@type":"PropertyValueSpecification","valueRequired":true,"valueName":"search_term_string"}}],"inLanguage":"tr"},{"@type":"Organization","@id":"https:\/\/sakipsabancimuzesi.org\/shop\/#organization","name":"SSM Shop","url":"https:\/\/sakipsabancimuzesi.org\/shop\/","logo":{"@type":"ImageObject","inLanguage":"tr","@id":"https:\/\/sakipsabancimuzesi.org\/shop\/#\/schema\/logo\/image\/","url":"https:\/\/sakipsabancimuzesi.org\/shop\/wp-content\/uploads\/2019\/11\/logo.png","contentUrl":"https:\/\/sakipsabancimuzesi.org\/shop\/wp-content\/uploads\/2019\/11\/logo.png","width":227,"height":87,"caption":"SSM Shop"},"image":{"@id":"https:\/\/sakipsabancimuzesi.org\/shop\/#\/schema\/logo\/image\/"},"sameAs":["https:\/\/www.facebook.com\/SakipSabanciMuzesi\/"]}]}},"jetpack_sharing_enabled":true,"_links":{"self":[{"href":"https:\/\/sakipsabancimuzesi.org\/shop\/wp-json\/wp\/v2\/product\/255104","targetHints":{"allow":["GET"]}}],"collection":[{"href":"https:\/\/sakipsabancimuzesi.org\/shop\/wp-json\/wp\/v2\/product"}],"about":[{"href":"https:\/\/sakipsabancimuzesi.org\/shop\/wp-json\/wp\/v2\/types\/product"}],"wp:featuredmedia":[{"embeddable":true,"href":"https:\/\/sakipsabancimuzesi.org\/shop\/wp-json\/wp\/v2\/media\/255107"}],"wp:attachment":[{"href":"https:\/\/sakipsabancimuzesi.org\/shop\/wp-json\/wp\/v2\/media?parent=255104"}],"wp:term":[{"taxonomy":"product_brand","embeddable":true,"href":"https:\/\/sakipsabancimuzesi.org\/shop\/wp-json\/wp\/v2\/product_brand?post=255104"},{"taxonomy":"product_cat","embeddable":true,"href":"https:\/\/sakipsabancimuzesi.org\/shop\/wp-json\/wp\/v2\/product_cat?post=255104"},{"taxonomy":"product_tag","embeddable":true,"href":"https:\/\/sakipsabancimuzesi.org\/shop\/wp-json\/wp\/v2\/product_tag?post=255104"},{"taxonomy":"woo-feed-brand","embeddable":true,"href":"https:\/\/sakipsabancimuzesi.org\/shop\/wp-json\/wp\/v2\/woo-feed-brand?post=255104"}],"curies":[{"name":"wp","href":"https:\/\/api.w.org\/{rel}","templated":true}]}}