{"id":255108,"date":"2023-02-21T15:57:14","date_gmt":"2023-02-21T12:57:14","guid":{"rendered":"https:\/\/sakipsabancimuzesi.org\/shop\/?post_type=product&#038;p=255108"},"modified":"2026-03-26T12:08:53","modified_gmt":"2026-03-26T09:08:53","slug":"matissein-bahcesi","status":"publish","type":"product","link":"https:\/\/sakipsabancimuzesi.org\/shop\/urun\/yayin-ve-multimedya\/cocuk-kitaplari\/matissein-bahcesi\/","title":{"rendered":"Matisse&#8217;in Bah\u00e7esi"},"content":{"rendered":"<p>Ressam Henri Matisse bir g\u00fcn beyaz ka\u011f\u0131ttan k\u00fc\u00e7\u00fck bir ku\u015f kesip onu evinin duvar\u0131na ast\u0131. Hen\u00fcz fark\u0131nda de\u011fildi, ama yapt\u0131\u011f\u0131 bu \u015fey ileride yepyeni bir sanat ak\u0131m\u0131 yaratacak ve at\u00f6lyesinin duvarlar\u0131 g\u00f6z al\u0131c\u0131 \u00e7i\u00e7eklerin a\u00e7t\u0131\u011f\u0131 bir bah\u00e7eye d\u00f6n\u00fc\u015fecekti.<\/p>\n<p>Matisse&#8217;in kendi \u00e7al\u0131\u015fmalar\u0131n\u0131n r\u00f6prod\u00fcksiyonlar\u0131n\u0131 ve Cristina Amodeo&#8217;nun renkli ill\u00fcstrasyonlar\u0131n\u0131 sayfalara ta\u015f\u0131yan Matisse&#8217;in Bah\u00e7esi adl\u0131 bu kitap; makas ve boyal\u0131 ka\u011f\u0131tlar kullanarak yeni bir ak\u0131m yaratan merakl\u0131 bir sanat\u00e7\u0131n\u0131n \u00f6yk\u00fcs\u00fcn\u00fc anlat\u0131yor.<\/p>\n","protected":false},"excerpt":{"rendered":"<p>Ressam Henri Matisse bir g\u00fcn beyaz ka\u011f\u0131ttan k\u00fc\u00e7\u00fck bir ku\u015f kesip onu evinin duvar\u0131na ast\u0131. Hen\u00fcz fark\u0131nda de\u011fildi, ama yapt\u0131\u011f\u0131 bu \u015fey ileride yepyeni bir sanat ak\u0131m\u0131 yaratacak ve at\u00f6lyesinin duvarlar\u0131 g\u00f6z al\u0131c\u0131 \u00e7i\u00e7eklerin a\u00e7t\u0131\u011f\u0131 bir bah\u00e7eye d\u00f6n\u00fc\u015fecekti. Matisse&#8217;in kendi \u00e7al\u0131\u015fmalar\u0131n\u0131n r\u00f6prod\u00fcksiyonlar\u0131n\u0131 ve Cristina Amodeo&#8217;nun renkli ill\u00fcstrasyonlar\u0131n\u0131 sayfalara ta\u015f\u0131yan Matisse&#8217;in Bah\u00e7esi adl\u0131 bu kitap; makas [&#8230;]\n","protected":false},"featured_media":255111,"template":"","meta":{"_exactmetrics_skip_tracking":false,"_exactmetrics_sitenote_active":false,"_exactmetrics_sitenote_note":"","_exactmetrics_sitenote_category":0},"product_brand":[],"product_cat":[628,662,665,760],"product_tag":[768],"woo-feed-brand":[],"class_list":{"0":"post-255108","1":"product","2":"type-product","3":"status-publish","4":"has-post-thumbnail","6":"product_cat-cocuk-ve-oyun","7":"product_cat-yayin-ve-multimedya","8":"product_cat-cocuk-kitaplari","9":"product_cat-cocuk-kitaplari-cocuk-ve-oyun","10":"product_tag-bayramseckisi","12":"first","13":"instock","14":"taxable","15":"shipping-taxable","16":"purchasable","17":"product-type-simple"},"yoast_head":"<!-- This site is optimized with the Yoast SEO plugin v27.1.1 - https:\/\/yoast.com\/product\/yoast-seo-wordpress\/ -->\n<title>Matisse&#039;in Bah\u00e7esi - SSM Shop<\/title>\n<meta name=\"robots\" content=\"index, follow, max-snippet:-1, max-image-preview:large, max-video-preview:-1\" \/>\n<link rel=\"canonical\" href=\"https:\/\/sakipsabancimuzesi.org\/shop\/urun\/yayin-ve-multimedya\/cocuk-kitaplari\/matissein-bahcesi\/\" \/>\n<meta property=\"og:locale\" content=\"tr_TR\" \/>\n<meta property=\"og:type\" content=\"article\" \/>\n<meta property=\"og:title\" content=\"Matisse&#039;in Bah\u00e7esi - SSM Shop\" \/>\n<meta property=\"og:description\" content=\"Ressam Henri Matisse bir g\u00fcn beyaz ka\u011f\u0131ttan k\u00fc\u00e7\u00fck bir ku\u015f kesip onu evinin duvar\u0131na ast\u0131. Hen\u00fcz fark\u0131nda de\u011fildi, ama yapt\u0131\u011f\u0131 bu \u015fey ileride yepyeni bir sanat ak\u0131m\u0131 yaratacak ve at\u00f6lyesinin duvarlar\u0131 g\u00f6z al\u0131c\u0131 \u00e7i\u00e7eklerin a\u00e7t\u0131\u011f\u0131 bir bah\u00e7eye d\u00f6n\u00fc\u015fecekti. Matisse&#8217;in kendi \u00e7al\u0131\u015fmalar\u0131n\u0131n r\u00f6prod\u00fcksiyonlar\u0131n\u0131 ve Cristina Amodeo&#8217;nun renkli ill\u00fcstrasyonlar\u0131n\u0131 sayfalara ta\u015f\u0131yan Matisse&#8217;in Bah\u00e7esi adl\u0131 bu kitap; makas [...]\" \/>\n<meta property=\"og:url\" content=\"https:\/\/sakipsabancimuzesi.org\/shop\/urun\/yayin-ve-multimedya\/cocuk-kitaplari\/matissein-bahcesi\/\" \/>\n<meta property=\"og:site_name\" content=\"SSM Shop\" \/>\n<meta property=\"article:publisher\" content=\"https:\/\/www.facebook.com\/SakipSabanciMuzesi\/\" \/>\n<meta property=\"article:modified_time\" content=\"2026-03-26T09:08:53+00:00\" \/>\n<meta property=\"og:image\" content=\"https:\/\/sakipsabancimuzesi.org\/shop\/wp-content\/uploads\/2023\/02\/Matissein-Bahcesi.jpg\" \/>\n\t<meta property=\"og:image:width\" content=\"1280\" \/>\n\t<meta property=\"og:image:height\" content=\"1600\" \/>\n\t<meta property=\"og:image:type\" content=\"image\/jpeg\" \/>\n<meta name=\"twitter:card\" content=\"summary_large_image\" \/>\n<meta name=\"twitter:label1\" content=\"Tahmini okuma s\u00fcresi\" \/>\n\t<meta name=\"twitter:data1\" content=\"1 dakika\" \/>\n<script type=\"application\/ld+json\" class=\"yoast-schema-graph\">{\"@context\":\"https:\/\/schema.org\",\"@graph\":[{\"@type\":\"WebPage\",\"@id\":\"https:\/\/sakipsabancimuzesi.org\/shop\/urun\/yayin-ve-multimedya\/cocuk-kitaplari\/matissein-bahcesi\/\",\"url\":\"https:\/\/sakipsabancimuzesi.org\/shop\/urun\/yayin-ve-multimedya\/cocuk-kitaplari\/matissein-bahcesi\/\",\"name\":\"Matisse'in Bah\u00e7esi - SSM Shop\",\"isPartOf\":{\"@id\":\"https:\/\/sakipsabancimuzesi.org\/shop\/#website\"},\"primaryImageOfPage\":{\"@id\":\"https:\/\/sakipsabancimuzesi.org\/shop\/urun\/yayin-ve-multimedya\/cocuk-kitaplari\/matissein-bahcesi\/#primaryimage\"},\"image\":{\"@id\":\"https:\/\/sakipsabancimuzesi.org\/shop\/urun\/yayin-ve-multimedya\/cocuk-kitaplari\/matissein-bahcesi\/#primaryimage\"},\"thumbnailUrl\":\"https:\/\/sakipsabancimuzesi.org\/shop\/wp-content\/uploads\/2023\/02\/Matissein-Bahcesi.jpg\",\"datePublished\":\"2023-02-21T12:57:14+00:00\",\"dateModified\":\"2026-03-26T09:08:53+00:00\",\"breadcrumb\":{\"@id\":\"https:\/\/sakipsabancimuzesi.org\/shop\/urun\/yayin-ve-multimedya\/cocuk-kitaplari\/matissein-bahcesi\/#breadcrumb\"},\"inLanguage\":\"tr\",\"potentialAction\":[{\"@type\":\"ReadAction\",\"target\":[\"https:\/\/sakipsabancimuzesi.org\/shop\/urun\/yayin-ve-multimedya\/cocuk-kitaplari\/matissein-bahcesi\/\"]}]},{\"@type\":\"ImageObject\",\"inLanguage\":\"tr\",\"@id\":\"https:\/\/sakipsabancimuzesi.org\/shop\/urun\/yayin-ve-multimedya\/cocuk-kitaplari\/matissein-bahcesi\/#primaryimage\",\"url\":\"https:\/\/sakipsabancimuzesi.org\/shop\/wp-content\/uploads\/2023\/02\/Matissein-Bahcesi.jpg\",\"contentUrl\":\"https:\/\/sakipsabancimuzesi.org\/shop\/wp-content\/uploads\/2023\/02\/Matissein-Bahcesi.jpg\",\"width\":1280,\"height\":1600},{\"@type\":\"BreadcrumbList\",\"@id\":\"https:\/\/sakipsabancimuzesi.org\/shop\/urun\/yayin-ve-multimedya\/cocuk-kitaplari\/matissein-bahcesi\/#breadcrumb\",\"itemListElement\":[{\"@type\":\"ListItem\",\"position\":1,\"name\":\"Ana sayfa\",\"item\":\"https:\/\/sakipsabancimuzesi.org\/shop\/\"},{\"@type\":\"ListItem\",\"position\":2,\"name\":\"Shop\",\"item\":\"https:\/\/sakipsabancimuzesi.org\/shop\/shop\/\"},{\"@type\":\"ListItem\",\"position\":3,\"name\":\"Matisse&#8217;in Bah\u00e7esi\"}]},{\"@type\":\"WebSite\",\"@id\":\"https:\/\/sakipsabancimuzesi.org\/shop\/#website\",\"url\":\"https:\/\/sakipsabancimuzesi.org\/shop\/\",\"name\":\"SSM Shop\",\"description\":\"Sak\u0131p Sabanc\u0131 M\u00fczesi, Ma\u011faza\",\"publisher\":{\"@id\":\"https:\/\/sakipsabancimuzesi.org\/shop\/#organization\"},\"potentialAction\":[{\"@type\":\"SearchAction\",\"target\":{\"@type\":\"EntryPoint\",\"urlTemplate\":\"https:\/\/sakipsabancimuzesi.org\/shop\/?s={search_term_string}\"},\"query-input\":{\"@type\":\"PropertyValueSpecification\",\"valueRequired\":true,\"valueName\":\"search_term_string\"}}],\"inLanguage\":\"tr\"},{\"@type\":\"Organization\",\"@id\":\"https:\/\/sakipsabancimuzesi.org\/shop\/#organization\",\"name\":\"SSM Shop\",\"url\":\"https:\/\/sakipsabancimuzesi.org\/shop\/\",\"logo\":{\"@type\":\"ImageObject\",\"inLanguage\":\"tr\",\"@id\":\"https:\/\/sakipsabancimuzesi.org\/shop\/#\/schema\/logo\/image\/\",\"url\":\"https:\/\/sakipsabancimuzesi.org\/shop\/wp-content\/uploads\/2019\/11\/logo.png\",\"contentUrl\":\"https:\/\/sakipsabancimuzesi.org\/shop\/wp-content\/uploads\/2019\/11\/logo.png\",\"width\":227,\"height\":87,\"caption\":\"SSM Shop\"},\"image\":{\"@id\":\"https:\/\/sakipsabancimuzesi.org\/shop\/#\/schema\/logo\/image\/\"},\"sameAs\":[\"https:\/\/www.facebook.com\/SakipSabanciMuzesi\/\"]}]}<\/script>\n<!-- \/ Yoast SEO plugin. -->","yoast_head_json":{"title":"Matisse'in Bah\u00e7esi - SSM Shop","robots":{"index":"index","follow":"follow","max-snippet":"max-snippet:-1","max-image-preview":"max-image-preview:large","max-video-preview":"max-video-preview:-1"},"canonical":"https:\/\/sakipsabancimuzesi.org\/shop\/urun\/yayin-ve-multimedya\/cocuk-kitaplari\/matissein-bahcesi\/","og_locale":"tr_TR","og_type":"article","og_title":"Matisse'in Bah\u00e7esi - SSM Shop","og_description":"Ressam Henri Matisse bir g\u00fcn beyaz ka\u011f\u0131ttan k\u00fc\u00e7\u00fck bir ku\u015f kesip onu evinin duvar\u0131na ast\u0131. Hen\u00fcz fark\u0131nda de\u011fildi, ama yapt\u0131\u011f\u0131 bu \u015fey ileride yepyeni bir sanat ak\u0131m\u0131 yaratacak ve at\u00f6lyesinin duvarlar\u0131 g\u00f6z al\u0131c\u0131 \u00e7i\u00e7eklerin a\u00e7t\u0131\u011f\u0131 bir bah\u00e7eye d\u00f6n\u00fc\u015fecekti. Matisse&#8217;in kendi \u00e7al\u0131\u015fmalar\u0131n\u0131n r\u00f6prod\u00fcksiyonlar\u0131n\u0131 ve Cristina Amodeo&#8217;nun renkli ill\u00fcstrasyonlar\u0131n\u0131 sayfalara ta\u015f\u0131yan Matisse&#8217;in Bah\u00e7esi adl\u0131 bu kitap; makas [...]","og_url":"https:\/\/sakipsabancimuzesi.org\/shop\/urun\/yayin-ve-multimedya\/cocuk-kitaplari\/matissein-bahcesi\/","og_site_name":"SSM Shop","article_publisher":"https:\/\/www.facebook.com\/SakipSabanciMuzesi\/","article_modified_time":"2026-03-26T09:08:53+00:00","og_image":[{"width":1280,"height":1600,"url":"https:\/\/sakipsabancimuzesi.org\/shop\/wp-content\/uploads\/2023\/02\/Matissein-Bahcesi.jpg","type":"image\/jpeg"}],"twitter_card":"summary_large_image","twitter_misc":{"Tahmini okuma s\u00fcresi":"1 dakika"},"schema":{"@context":"https:\/\/schema.org","@graph":[{"@type":"WebPage","@id":"https:\/\/sakipsabancimuzesi.org\/shop\/urun\/yayin-ve-multimedya\/cocuk-kitaplari\/matissein-bahcesi\/","url":"https:\/\/sakipsabancimuzesi.org\/shop\/urun\/yayin-ve-multimedya\/cocuk-kitaplari\/matissein-bahcesi\/","name":"Matisse'in Bah\u00e7esi - SSM Shop","isPartOf":{"@id":"https:\/\/sakipsabancimuzesi.org\/shop\/#website"},"primaryImageOfPage":{"@id":"https:\/\/sakipsabancimuzesi.org\/shop\/urun\/yayin-ve-multimedya\/cocuk-kitaplari\/matissein-bahcesi\/#primaryimage"},"image":{"@id":"https:\/\/sakipsabancimuzesi.org\/shop\/urun\/yayin-ve-multimedya\/cocuk-kitaplari\/matissein-bahcesi\/#primaryimage"},"thumbnailUrl":"https:\/\/sakipsabancimuzesi.org\/shop\/wp-content\/uploads\/2023\/02\/Matissein-Bahcesi.jpg","datePublished":"2023-02-21T12:57:14+00:00","dateModified":"2026-03-26T09:08:53+00:00","breadcrumb":{"@id":"https:\/\/sakipsabancimuzesi.org\/shop\/urun\/yayin-ve-multimedya\/cocuk-kitaplari\/matissein-bahcesi\/#breadcrumb"},"inLanguage":"tr","potentialAction":[{"@type":"ReadAction","target":["https:\/\/sakipsabancimuzesi.org\/shop\/urun\/yayin-ve-multimedya\/cocuk-kitaplari\/matissein-bahcesi\/"]}]},{"@type":"ImageObject","inLanguage":"tr","@id":"https:\/\/sakipsabancimuzesi.org\/shop\/urun\/yayin-ve-multimedya\/cocuk-kitaplari\/matissein-bahcesi\/#primaryimage","url":"https:\/\/sakipsabancimuzesi.org\/shop\/wp-content\/uploads\/2023\/02\/Matissein-Bahcesi.jpg","contentUrl":"https:\/\/sakipsabancimuzesi.org\/shop\/wp-content\/uploads\/2023\/02\/Matissein-Bahcesi.jpg","width":1280,"height":1600},{"@type":"BreadcrumbList","@id":"https:\/\/sakipsabancimuzesi.org\/shop\/urun\/yayin-ve-multimedya\/cocuk-kitaplari\/matissein-bahcesi\/#breadcrumb","itemListElement":[{"@type":"ListItem","position":1,"name":"Ana sayfa","item":"https:\/\/sakipsabancimuzesi.org\/shop\/"},{"@type":"ListItem","position":2,"name":"Shop","item":"https:\/\/sakipsabancimuzesi.org\/shop\/shop\/"},{"@type":"ListItem","position":3,"name":"Matisse&#8217;in Bah\u00e7esi"}]},{"@type":"WebSite","@id":"https:\/\/sakipsabancimuzesi.org\/shop\/#website","url":"https:\/\/sakipsabancimuzesi.org\/shop\/","name":"SSM Shop","description":"Sak\u0131p Sabanc\u0131 M\u00fczesi, Ma\u011faza","publisher":{"@id":"https:\/\/sakipsabancimuzesi.org\/shop\/#organization"},"potentialAction":[{"@type":"SearchAction","target":{"@type":"EntryPoint","urlTemplate":"https:\/\/sakipsabancimuzesi.org\/shop\/?s={search_term_string}"},"query-input":{"@type":"PropertyValueSpecification","valueRequired":true,"valueName":"search_term_string"}}],"inLanguage":"tr"},{"@type":"Organization","@id":"https:\/\/sakipsabancimuzesi.org\/shop\/#organization","name":"SSM Shop","url":"https:\/\/sakipsabancimuzesi.org\/shop\/","logo":{"@type":"ImageObject","inLanguage":"tr","@id":"https:\/\/sakipsabancimuzesi.org\/shop\/#\/schema\/logo\/image\/","url":"https:\/\/sakipsabancimuzesi.org\/shop\/wp-content\/uploads\/2019\/11\/logo.png","contentUrl":"https:\/\/sakipsabancimuzesi.org\/shop\/wp-content\/uploads\/2019\/11\/logo.png","width":227,"height":87,"caption":"SSM Shop"},"image":{"@id":"https:\/\/sakipsabancimuzesi.org\/shop\/#\/schema\/logo\/image\/"},"sameAs":["https:\/\/www.facebook.com\/SakipSabanciMuzesi\/"]}]}},"jetpack_sharing_enabled":true,"_links":{"self":[{"href":"https:\/\/sakipsabancimuzesi.org\/shop\/wp-json\/wp\/v2\/product\/255108","targetHints":{"allow":["GET"]}}],"collection":[{"href":"https:\/\/sakipsabancimuzesi.org\/shop\/wp-json\/wp\/v2\/product"}],"about":[{"href":"https:\/\/sakipsabancimuzesi.org\/shop\/wp-json\/wp\/v2\/types\/product"}],"wp:featuredmedia":[{"embeddable":true,"href":"https:\/\/sakipsabancimuzesi.org\/shop\/wp-json\/wp\/v2\/media\/255111"}],"wp:attachment":[{"href":"https:\/\/sakipsabancimuzesi.org\/shop\/wp-json\/wp\/v2\/media?parent=255108"}],"wp:term":[{"taxonomy":"product_brand","embeddable":true,"href":"https:\/\/sakipsabancimuzesi.org\/shop\/wp-json\/wp\/v2\/product_brand?post=255108"},{"taxonomy":"product_cat","embeddable":true,"href":"https:\/\/sakipsabancimuzesi.org\/shop\/wp-json\/wp\/v2\/product_cat?post=255108"},{"taxonomy":"product_tag","embeddable":true,"href":"https:\/\/sakipsabancimuzesi.org\/shop\/wp-json\/wp\/v2\/product_tag?post=255108"},{"taxonomy":"woo-feed-brand","embeddable":true,"href":"https:\/\/sakipsabancimuzesi.org\/shop\/wp-json\/wp\/v2\/woo-feed-brand?post=255108"}],"curies":[{"name":"wp","href":"https:\/\/api.w.org\/{rel}","templated":true}]}}